{"id":2525,"date":"2023-06-21T13:51:49","date_gmt":"2023-06-21T05:51:49","guid":{"rendered":"https:\/\/www.qualitester.com\/?post_type=product&#038;p=2525"},"modified":"2024-12-05T13:11:38","modified_gmt":"2024-12-05T05:11:38","slug":"per-01-glass-bottle-verticality-testing-machine","status":"publish","type":"product","link":"https:\/\/www.qualitester.com\/pt\/produto\/per-01-glass-bottle-verticality-testing-machine\/","title":{"rendered":"PER-01 Testador de perpendicularidade de garrafas"},"content":{"rendered":"<h2>Introdu\u00e7\u00e3o do produto do testador de perpendicularidade de garrafas<\/h2>\n<p>Na Cell Instruments, somos especializados em fornecer instrumentos de teste de materiais de alta qualidade para uma gama diversificada de ind\u00fastrias. Nosso <strong><em><span style=\"text-decoration: underline;\">Testador de perpendicularidade de garrafas<\/span><\/em><\/strong> \u00e9 um dispositivo de \u00faltima gera\u00e7\u00e3o projetado para garantir a perpendicularidade precisa das garrafas, o que \u00e9 crucial para manter a integridade e a qualidade dos produtos engarrafados. Este instrumento \u00e9 essencial para ind\u00fastrias como embalagens, alimentos e bebidas, produtos farmac\u00eauticos e ag\u00eancias de inspe\u00e7\u00e3o de qualidade. Com seus recursos avan\u00e7ados e conformidade com os padr\u00f5es ISO 9008, o Bottle Perpendicularity Tester \u00e9 uma ferramenta valiosa para qualquer processo de controle de qualidade.<\/p>\n<p><img fetchpriority=\"high\" decoding=\"async\" class=\"wp-image-4283 aligncenter\" src=\"https:\/\/www.qualitester.com\/wp-content\/uploads\/2023\/06\/PER-01-Bottle-Perpendicularity-Tester-2.png\" alt=\"Testador de perpendicularidade de garrafas\" width=\"500\" height=\"540\" srcset=\"https:\/\/www.qualitester.com\/wp-content\/uploads\/2023\/06\/PER-01-Bottle-Perpendicularity-Tester-2.png 2426w, https:\/\/www.qualitester.com\/wp-content\/uploads\/2023\/06\/PER-01-Bottle-Perpendicularity-Tester-2-278x300.png 278w, https:\/\/www.qualitester.com\/wp-content\/uploads\/2023\/06\/PER-01-Bottle-Perpendicularity-Tester-2-949x1024.png 949w, https:\/\/www.qualitester.com\/wp-content\/uploads\/2023\/06\/PER-01-Bottle-Perpendicularity-Tester-2-768x829.png 768w, https:\/\/www.qualitester.com\/wp-content\/uploads\/2023\/06\/PER-01-Bottle-Perpendicularity-Tester-2-1423x1536.png 1423w, https:\/\/www.qualitester.com\/wp-content\/uploads\/2023\/06\/PER-01-Bottle-Perpendicularity-Tester-2-1898x2048.png 1898w, https:\/\/www.qualitester.com\/wp-content\/uploads\/2023\/06\/PER-01-Bottle-Perpendicularity-Tester-2-600x647.png 600w\" sizes=\"(max-width: 500px) 100vw, 500px\" \/><\/p>\n<h2><strong>Principais caracter\u00edsticas<\/strong><\/h2>\n<h3>1. Ajuste conveniente da sonda<\/h3>\n<p>O Bottle Perpendicularity Tester \u00e9 equipado com uma sonda altamente ajust\u00e1vel, permitindo alinhamento f\u00e1cil e preciso com a garrafa. Esse recurso garante que as medi\u00e7\u00f5es sejam consistentes e precisas, reduzindo a probabilidade de erros.<\/p>\n<h3>2. Precis\u00e3o de leitura excepcional<\/h3>\n<p>A precis\u00e3o \u00e9 primordial no controle de qualidade, e nosso testador oferece precis\u00e3o excepcional. Ele fornece medi\u00e7\u00f5es altamente precisas da perpendicularidade da garrafa, garantindo que cada garrafa atenda \u00e0s especifica\u00e7\u00f5es e padr\u00f5es exigidos.<\/p>\n<h3>3. Rota\u00e7\u00e3o de amostra consistente<\/h3>\n<p>Para garantir testes uniformes, o Bottle Perpendicularity Tester apresenta rota\u00e7\u00e3o consistente da amostra. Isso garante que a garrafa seja medida em v\u00e1rios pontos, fornecendo uma avalia\u00e7\u00e3o abrangente de sua perpendicularidade.<\/p>\n<h3>4. Ades\u00e3o \u00e0s especifica\u00e7\u00f5es da amostra<\/h3>\n<p>O testador adere estritamente \u00e0s especifica\u00e7\u00f5es da amostra, garantindo que todas as medi\u00e7\u00f5es estejam em conformidade com os padr\u00f5es da ind\u00fastria. Isso \u00e9 particularmente importante para a conformidade com a ISO 9008, que especifica requisitos para materiais de embalagem e recipientes.<\/p>\n<h3>5. Exporta\u00e7\u00e3o de dados opcional para PC Excel<\/h3>\n<p>Para gerenciamento de dados aprimorado, o Bottle Perpendicularity Tester oferece um recurso opcional de exporta\u00e7\u00e3o de dados. Isso permite que os usu\u00e1rios exportem os resultados dos testes diretamente para o PC Excel, facilitando a an\u00e1lise e o relat\u00f3rio de dados.<\/p>\n<h2>M\u00e9todos de teste<\/h2>\n<h3>Princ\u00edpio de opera\u00e7\u00e3o<\/h3>\n<p>O Bottle Perpendicularity Tester opera medindo o desvio do eixo vertical de uma garrafa de sua posi\u00e7\u00e3o perpendicular verdadeira. Isso \u00e9 obtido usando uma sonda precisa que entra em contato com a garrafa em pontos espec\u00edficos e um mecanismo girat\u00f3rio que garante uma medi\u00e7\u00e3o abrangente.<\/p>\n<div class=\"ast-oembed-container\" style=\"height: 100%;\"><iframe title=\"Testador de perpendicularidade de garrafas de vidro e latas PET PER-01\" width=\"500\" height=\"281\" src=\"https:\/\/www.youtube.com\/embed\/MEJYiFl7Pzo?feature=oembed\" frameborder=\"0\" allow=\"accelerometer; autoplay; clipboard-write; encrypted-media; gyroscope; picture-in-picture; web-share\" referrerpolicy=\"strict-origin-when-cross-origin\" allowfullscreen><\/iframe><\/div>\n<h3>Configura\u00e7\u00e3o e calibra\u00e7\u00e3o<\/h3>\n<p>A configura\u00e7\u00e3o do Bottle Perpendicularity Tester \u00e9 simples. Comece posicionando o testador em uma superf\u00edcie est\u00e1vel e conectando-o a uma fonte de energia. Calibre o dispositivo ajustando a sonda para um padr\u00e3o conhecido, garantindo que as medi\u00e7\u00f5es sejam precisas.<\/p>\n<h3>Procedimento de teste<\/h3>\n<ol>\n<li><strong>Prepara\u00e7\u00e3o da amostra:<\/strong> Certifique-se de que a garrafa esteja limpa e livre de qualquer obstru\u00e7\u00e3o.<\/li>\n<li><strong>Posicionando a garrafa:<\/strong> Coloque a garrafa na \u00e1rea designada no testador, certificando-se de que ela esteja segura.<\/li>\n<li><strong>Realiza\u00e7\u00e3o do teste:<\/strong> Ative o testador para come\u00e7ar o processo de medi\u00e7\u00e3o. A sonda entrar\u00e1 em contato com a garrafa, e o mecanismo girat\u00f3rio garantir\u00e1 m\u00faltiplos pontos de medi\u00e7\u00e3o.<\/li>\n<li><strong>Interpretando os resultados:<\/strong> O testador exibir\u00e1 os resultados, indicando quaisquer desvios da perpendicularidade.<\/li>\n<\/ol>\n<h2>Conformidade com a ISO 9008<\/h2>\n<p>ISO 9008 \u00e9 uma norma internacional que especifica requisitos para sistemas de gest\u00e3o de qualidade, com foco especial nas ind\u00fastrias de embalagens e cont\u00eaineres. Ela descreve os crit\u00e9rios para garantir que materiais de embalagem e cont\u00eaineres atendam a padr\u00f5es espec\u00edficos de qualidade e seguran\u00e7a.<\/p>\n<h2>Aplica\u00e7\u00f5es<\/h2>\n<h3>1. Ind\u00fastria de embalagens<\/h3>\n<p>Na ind\u00fastria de embalagens, garantir a perpendicularidade das garrafas \u00e9 vital para embalagem e transporte eficientes. O Bottle Perpendicularity Tester ajuda a manter a uniformidade, reduzindo o risco de danos durante o manuseio e o transporte.<\/p>\n<h3>2. Ind\u00fastria de alimentos e bebidas<\/h3>\n<p>Para a ind\u00fastria de alimentos e bebidas, a perpendicularidade das garrafas \u00e9 crucial para manter a integridade e a apar\u00eancia do produto. Nosso testador garante que as garrafas estejam corretamente alinhadas, evitando vazamentos e derramamentos que podem comprometer a qualidade do produto.<\/p>\n<h3>3. Ind\u00fastria Farmac\u00eautica<\/h3>\n<p>Na ind\u00fastria farmac\u00eautica, a precis\u00e3o da perpendicularidade dos frascos \u00e9 essencial para manter a integridade dos produtos medicinais. Nosso testador garante que os frascos atendam aos rigorosos padr\u00f5es de qualidade, salvaguardando a efic\u00e1cia do conte\u00fado.<\/p>\n<h3>4. Ag\u00eancias de Inspe\u00e7\u00e3o de Qualidade<\/h3>\n<p>As ag\u00eancias de inspe\u00e7\u00e3o de qualidade contam com medi\u00e7\u00f5es precisas para certificar a conformidade dos produtos com os padr\u00f5es da ind\u00fastria. O Bottle Perpendicularity Tester fornece a precis\u00e3o e a confiabilidade necess\u00e1rias para avalia\u00e7\u00f5es de qualidade completas.<\/p>\n<h2>Personaliza\u00e7\u00e3o<\/h2>\n<p>Na Cell Instruments, entendemos que diferentes ind\u00fastrias t\u00eam requisitos de teste exclusivos. Nosso Bottle Perpendicularity Tester pode ser personalizado para atender a necessidades espec\u00edficas, garantindo que ele forne\u00e7a as medi\u00e7\u00f5es exatas necess\u00e1rias para seus produtos.<\/p>\n<h2><strong>Benef\u00edcios<\/strong><\/h2>\n<h3>Garantia de qualidade<\/h3>\n<p>Ao garantir a perpendicularidade precisa das garrafas, nosso testador melhora a qualidade do produto e a seguran\u00e7a do consumidor. Isso \u00e9 crucial para manter a reputa\u00e7\u00e3o da marca e a satisfa\u00e7\u00e3o do cliente.<\/p>\n<h3>Efici\u00eancia de custos<\/h3>\n<p>Medi\u00e7\u00f5es precisas de perpendicularidade reduzem o desperd\u00edcio e melhoram a efici\u00eancia da produ\u00e7\u00e3o. Ao identificar e corrigir desvios antecipadamente, nosso testador ajuda a minimizar os custos de material e o tempo de inatividade da produ\u00e7\u00e3o.<\/p>\n<h3>Conformidade<\/h3>\n<p>Atender aos padr\u00f5es e regulamenta\u00e7\u00f5es da ind\u00fastria \u00e9 essencial para o sucesso empresarial. Nosso Bottle Perpendicularity Tester garante que seus produtos estejam em conformidade com a ISO 9008 e outros padr\u00f5es relevantes, reduzindo o risco de problemas de n\u00e3o conformidade.<\/p>\n<p><em><span style=\"text-decoration: underline;\"><strong><a href=\"https:\/\/www.qualitester.com\/pt\/produto\/why-measuring-bottle-perpendicularity-is-important%ef%bc%9f\/\" target=\"_blank\" rel=\"noopener\">Por que medir a perpendicularidade da garrafa \u00e9 importante?<\/a><\/strong><\/span><\/em><\/p>\n<h2>Perguntas frequentes<\/h2>\n<ol>\n<li><strong>O que \u00e9 perpendicularidade da garrafa?<\/strong>\n<ul>\n<li>Perpendicularidade da garrafa se refere ao alinhamento do eixo vertical de uma garrafa com sua posi\u00e7\u00e3o perpendicular verdadeira. \u00c9 essencial para garantir que as garrafas estejam est\u00e1veis e seguras.<\/li>\n<\/ul>\n<\/li>\n<li><strong>Como funciona o testador de perpendicularidade de garrafas?<\/strong>\n<ul>\n<li>O testador mede o desvio do eixo vertical de uma garrafa de sua posi\u00e7\u00e3o perpendicular verdadeira usando uma sonda precisa e um mecanismo rotativo para uma avalia\u00e7\u00e3o abrangente.<\/li>\n<\/ul>\n<\/li>\n<li><strong>Por que a perpendicularidade da garrafa \u00e9 importante?<\/strong>\n<ul>\n<li>Garantir a perpendicularidade das garrafas \u00e9 crucial para manter a qualidade do produto, evitar vazamentos e derramamentos e garantir embalagem e transporte eficientes.<\/li>\n<\/ul>\n<\/li>\n<li><strong>O testador pode ser personalizado para necessidades espec\u00edficas?<\/strong>\n<ul>\n<li>Sim, o testador de perpendicularidade de garrafas pode ser personalizado para atender a requisitos de teste espec\u00edficos, garantindo que ele forne\u00e7a as medi\u00e7\u00f5es exatas necess\u00e1rias para seus produtos.<\/li>\n<\/ul>\n<\/li>\n<li><strong>Quais ind\u00fastrias se beneficiam do uso do testador de perpendicularidade de garrafas?<\/strong>\n<ul>\n<li>Ind\u00fastrias como embalagens, alimentos e bebidas, farmac\u00eauticas e ag\u00eancias de inspe\u00e7\u00e3o de qualidade se beneficiam do uso do testador para garantir a qualidade do produto e a conformidade com os padr\u00f5es da ind\u00fastria.<\/li>\n<\/ul>\n<\/li>\n<\/ol>\n<h2>Artigo relacionado<\/h2>\n<p><a href=\"https:\/\/www.qualitester.com\/pt\/produto\/why-measuring-bottle-perpendicularity-is-important%ef%bc%9f\/\" target=\"_blank\" rel=\"noopener\">Perpendicularidade da garrafa<\/a><\/p>\n<p><a href=\"https:\/\/www.qualitester.com\/pt\/beverage-bottle-perpendicularity-tester\/\" target=\"_blank\" rel=\"noopener\">Testador de perpendicularidade de garrafas<\/a><\/p>\n<p><a href=\"https:\/\/www.qualitester.com\/pt\/plastic-bottle-perpendicularity-test-iso-9008\/\" target=\"_blank\" rel=\"noopener\">Teste de perpendicularidade da garrafa<\/a><\/p>\n<p><a href=\"https:\/\/www.qualitester.com\/pt\/important-glass-bottle-perpendicularity-test\/\" target=\"_blank\" rel=\"noopener\">Teste de perpendicularidade de garrafa de vidro<\/a><\/p>","protected":false},"excerpt":{"rendered":"<p><strong><em><span style=\"text-decoration: underline;\">Testador de perpendicularidade de garrafas<\/span><\/em><\/strong> \u00e9 um dispositivo de \u00faltima gera\u00e7\u00e3o projetado para garantir a perpendicularidade precisa das garrafas, o que \u00e9 crucial para manter a integridade e a qualidade dos produtos engarrafados. Com seus recursos avan\u00e7ados e conformidade com os padr\u00f5es ISO 9008, o Bottle Perpendicularity Tester \u00e9 uma ferramenta valiosa para qualquer processo de controle de qualidade.<\/p>","protected":false},"featured_media":6233,"comment_status":"closed","ping_status":"closed","template":"","meta":{"site-sidebar-layout":"default","site-content-layout":"default","ast-global-header-display":"","ast-main-header-display":"","ast-hfb-above-header-display":"","ast-hfb-below-header-display":"","ast-hfb-mobile-header-display":"","site-post-title":"disabled","ast-breadcrumbs-content":"","ast-featured-img":"disabled","footer-sml-layout":"","theme-transparent-header-meta":"default","adv-header-id-meta":"","stick-header-meta":"","header-above-stick-meta":"","header-main-stick-meta":"","header-below-stick-meta":""},"product_cat":[845,1136,17,149,16,95],"product_tag":[],"class_list":{"0":"post-2525","1":"product","2":"type-product","3":"status-publish","4":"has-post-thumbnail","6":"product_cat-customization","7":"product_cat-iso-9008","8":"product_cat-package-container-testers","9":"product_cat-pharma-and-medical-testers","10":"product_cat-plastic-packaging-testers","11":"product_cat-products","12":"desktop-align-left","13":"tablet-align-left","14":"mobile-align-left","16":"first","17":"instock","18":"shipping-taxable","19":"product-type-simple"},"_links":{"self":[{"href":"https:\/\/www.qualitester.com\/pt\/wp-json\/wp\/v2\/product\/2525","targetHints":{"allow":["GET"]}}],"collection":[{"href":"https:\/\/www.qualitester.com\/pt\/wp-json\/wp\/v2\/product"}],"about":[{"href":"https:\/\/www.qualitester.com\/pt\/wp-json\/wp\/v2\/types\/product"}],"replies":[{"embeddable":true,"href":"https:\/\/www.qualitester.com\/pt\/wp-json\/wp\/v2\/comments?post=2525"}],"version-history":[{"count":0,"href":"https:\/\/www.qualitester.com\/pt\/wp-json\/wp\/v2\/product\/2525\/revisions"}],"wp:featuredmedia":[{"embeddable":true,"href":"https:\/\/www.qualitester.com\/pt\/wp-json\/wp\/v2\/media\/6233"}],"wp:attachment":[{"href":"https:\/\/www.qualitester.com\/pt\/wp-json\/wp\/v2\/media?parent=2525"}],"wp:term":[{"taxonomy":"product_cat","embeddable":true,"href":"https:\/\/www.qualitester.com\/pt\/wp-json\/wp\/v2\/product_cat?post=2525"},{"taxonomy":"product_tag","embeddable":true,"href":"https:\/\/www.qualitester.com\/pt\/wp-json\/wp\/v2\/product_tag?post=2525"}],"curies":[{"name":"wp","href":"https:\/\/api.w.org\/{rel}","templated":true}]}}