{"id":2475,"date":"2023-06-16T09:54:40","date_gmt":"2023-06-16T01:54:40","guid":{"rendered":"https:\/\/www.qualitester.com\/?post_type=product&#038;p=2475"},"modified":"2024-11-26T15:00:54","modified_gmt":"2024-11-26T07:00:54","slug":"ftt-01-the-paper-thickness-testing-machine","status":"publish","type":"product","link":"https:\/\/www.qualitester.com\/pt\/produto\/ftt-01-the-paper-thickness-testing-machine\/","title":{"rendered":"Testador de espessura FTT-01"},"content":{"rendered":"<p>O <strong>Testador de espessura de toque<\/strong> \u00e9 um instrumento de medi\u00e7\u00e3o avan\u00e7ado projetado para fornecer leituras de espessura precisas e confi\u00e1veis para uma variedade de materiais, incluindo filmes pl\u00e1sticos, t\u00eaxteis, papel, papel\u00e3o, folhas e outros materiais flex\u00edveis. A espessura desempenha um papel cr\u00edtico na determina\u00e7\u00e3o do desempenho, qualidade e conformidade desses materiais em ind\u00fastrias como embalagens, produtos farmac\u00eauticos, dispositivos m\u00e9dicos, t\u00eaxteis e muito mais. Manter a espessura consistente do material garante a qualidade do produto, previne defeitos e atende aos requisitos regulat\u00f3rios, tornando-se uma ferramenta essencial para o controle de qualidade em processos de fabrica\u00e7\u00e3o.<\/p>\n<p>Quer voc\u00ea esteja trabalhando com filmes pl\u00e1sticos em embalagens, t\u00eaxteis na ind\u00fastria da moda ou produtos de papel no setor de impress\u00e3o, a <strong>Testador de espessura de toque<\/strong> ajuda as empresas a manter a uniformidade, reduzir o desperd\u00edcio e garantir que os materiais atendam aos rigorosos padr\u00f5es da ind\u00fastria.<\/p>\n<h2>Normas para testes de espessura<\/h2>\n<p>O <strong>Testador de espessura de toque<\/strong> \u00e9 constru\u00eddo para atender a uma variedade de padr\u00f5es internacionais, garantindo medi\u00e7\u00f5es precisas e padronizadas em diferentes tipos de materiais e ind\u00fastrias.<\/p>\n<h3><strong><a href=\"https:\/\/www.astm.org\/d0374-99.html\" target=\"_blank\" rel=\"noopener nofollow\">ASTM D374-99<\/a>: M\u00e9todos de teste padr\u00e3o para espessura de isolamento el\u00e9trico s\u00f3lido<\/strong><\/h3>\n<p>Este padr\u00e3o \u00e9 usado para medir a espessura de materiais de isolamento el\u00e9trico. Medi\u00e7\u00f5es precisas de espessura s\u00e3o cr\u00edticas para a ind\u00fastria el\u00e9trica para garantir o isolamento adequado, o que protege os componentes el\u00e9tricos e previne danos. <strong>Testador de espessura de toque<\/strong> atende aos requisitos ASTM D374, garantindo medi\u00e7\u00f5es confi\u00e1veis e consistentes para produtos de isolamento el\u00e9trico.<\/p>\n<h3><strong><a href=\"https:\/\/www.astm.org\/d1777-96r19.html\" target=\"_blank\" rel=\"noopener nofollow\">Norma ASTM D1777<\/a>: M\u00e9todo de teste padr\u00e3o para espessura de materiais t\u00eaxteis<\/strong><\/h3>\n<p>A norma ASTM D1777 se aplica a t\u00eaxteis e materiais de tecido. A medi\u00e7\u00e3o precisa da espessura \u00e9 essencial para a ind\u00fastria t\u00eaxtil avaliar o desempenho, a qualidade e a durabilidade do tecido. <strong>Testador de espessura de toque<\/strong> fornece leituras precisas que ajudam os fabricantes a atender aos padr\u00f5es da ind\u00fastria para espessura, garantindo a qualidade e a funcionalidade do produto.<\/p>\n<h3><strong><a href=\"https:\/\/www.iso.org\/standard\/51266.html\" target=\"_blank\" rel=\"noopener nofollow\">ISO 3034:2011<\/a>: Painel de Fibra Ondulada \u2013 Determina\u00e7\u00e3o da Espessura de uma Folha \u00danica<\/strong><\/h3>\n<p>Este padr\u00e3o \u00e9 usado para medir a espessura de papel\u00e3o ondulado, um material amplamente utilizado em embalagens. Ao atender aos padr\u00f5es ISO 3034:2011, o <strong>Testador de espessura de toque<\/strong> ajuda os fabricantes de embalagens a garantir que seus materiais de papel\u00e3o atendam \u00e0s especifica\u00e7\u00f5es de espessura exigidas, proporcionando durabilidade e prote\u00e7\u00e3o para produtos embalados.<\/p>\n<h3><strong><a href=\"https:\/\/www.iso.org\/standard\/53060.html\" target=\"_blank\" rel=\"noopener nofollow\">ISO 534-2011<\/a>: Papel e Cart\u00e3o \u2013 Determina\u00e7\u00e3o de Espessura, Densidade e Volume Espec\u00edfico<\/strong><\/h3>\n<p>A ISO 534-2011 \u00e9 usada para medir a espessura de materiais de papel e papel\u00e3o. Esta norma \u00e9 essencial para a ind\u00fastria de papel manter a consist\u00eancia do produto, controlar o uso do material e atender \u00e0s expectativas do cliente. <strong>Testador de espessura de toque<\/strong> oferece suporte \u00e0 norma ISO 534-2011, garantindo medi\u00e7\u00f5es precisas de espessura para materiais de papel e papel\u00e3o, essenciais tanto para o controle de qualidade quanto para a efici\u00eancia da fabrica\u00e7\u00e3o.<\/p>\n<h3><strong><a href=\"https:\/\/www.iso.org\/standard\/20759.html\" target=\"_blank\" rel=\"noopener nofollow\">Norma ISO 4593<\/a>: Pl\u00e1sticos; Filmes e Chapas; Determina\u00e7\u00e3o de Espessura por Varredura Mec\u00e2nica<\/strong><\/h3>\n<p>A ISO 4593 define o padr\u00e3o para medir a espessura de filmes e chapas pl\u00e1sticas. Medi\u00e7\u00f5es precisas de espessura s\u00e3o cruciais para fabricantes de pl\u00e1stico, particularmente em aplica\u00e7\u00f5es de embalagem, para garantir o desempenho do produto e a conformidade com os padr\u00f5es regulat\u00f3rios. <strong>Testador de espessura de toque<\/strong> atende aos requisitos ISO 4593, garantindo leituras de espessura confi\u00e1veis para filmes pl\u00e1sticos usados em diversos setores.<\/p>\n<h2>M\u00e9todos de teste e aplica\u00e7\u00e3o<\/h2>\n<div class=\"ast-oembed-container\" style=\"height: 100%;\"><iframe title=\"Testador de espessura com calcador e alimentador de amostra\" width=\"500\" height=\"281\" src=\"https:\/\/www.youtube.com\/embed\/ay_9m_wynLU?feature=oembed\" frameborder=\"0\" allow=\"accelerometer; autoplay; clipboard-write; encrypted-media; gyroscope; picture-in-picture; web-share\" referrerpolicy=\"strict-origin-when-cross-origin\" allowfullscreen><\/iframe><\/div>\n<p>O <strong>Testador de espessura de toque<\/strong> utiliza uma t\u00e9cnica de escaneamento mec\u00e2nico para medir a espessura de uma ampla gama de materiais. Veja como o processo funciona:<\/p>\n<ol>\n<li><strong>Coloca\u00e7\u00e3o de amostra:<\/strong> A amostra do material \u00e9 colocada na base do instrumento, garantindo que ela esteja posicionada corretamente para uma medi\u00e7\u00e3o precisa.<\/li>\n<li><strong>Mecanismo do calcador:<\/strong> Um calcador pesado \u00e9 gentilmente abaixado sobre o material. O testador mede o deslocamento ou a lacuna entre o calcador e a base, fornecendo uma medi\u00e7\u00e3o precisa da espessura do esp\u00e9cime.<\/li>\n<li><strong>Tipos de materiais:<\/strong> O testador \u00e9 vers\u00e1til e pode medir a espessura de materiais como filmes pl\u00e1sticos, t\u00eaxteis, papel, folhas, tecidos e membranas. Quer voc\u00ea esteja testando materiais de embalagem, embalagens de dispositivos m\u00e9dicos ou t\u00eaxteis, o <strong>Testador de espessura de toque<\/strong> garante resultados precisos.<\/li>\n<\/ol>\n<p>Este m\u00e9todo \u00e9 particularmente valioso para processos de controle de qualidade em ind\u00fastrias onde a consist\u00eancia do material \u00e9 vital, como embalagens, alimentos e bebidas, produtos farmac\u00eauticos e t\u00eaxteis. Ao fornecer medi\u00e7\u00f5es precisas e repet\u00edveis, o <strong>Testador de espessura de toque<\/strong> ajuda as empresas a identificar varia\u00e7\u00f5es de espessura que podem levar a defeitos, n\u00e3o conformidade regulat\u00f3ria ou maiores custos de produ\u00e7\u00e3o.<\/p>\n<h2>Caracter\u00edsticas t\u00e9cnicas e funcionalidade<\/h2>\n<p>O <strong>Testador de espessura de toque<\/strong> foi projetado para facilidade de uso e precis\u00e3o, com v\u00e1rios recursos avan\u00e7ados que garantem opera\u00e7\u00e3o eficiente e resultados precisos:<\/p>\n<ul>\n<li><strong>Opera\u00e7\u00e3o controlada por PLC<\/strong>: O dispositivo \u00e9 controlado por um controlador l\u00f3gico program\u00e1vel (CLP), que \u00e9 integrado a uma interface de tela sens\u00edvel ao toque HMI intuitiva para f\u00e1cil opera\u00e7\u00e3o.<\/li>\n<li><strong>Eleva\u00e7\u00e3o autom\u00e1tica do calcador<\/strong>: Esse recurso garante que o calcador levante automaticamente ap\u00f3s cada medi\u00e7\u00e3o, reduzindo a necessidade de interven\u00e7\u00e3o manual e mantendo a consist\u00eancia nos testes.<\/li>\n<li><strong>Exibi\u00e7\u00e3o de dados em tempo real<\/strong>: O testador exibe medi\u00e7\u00f5es em tempo real, incluindo valores m\u00e1ximos, m\u00ednimos, m\u00e9dios e desvios padr\u00e3o, permitindo que os usu\u00e1rios avaliem a consist\u00eancia e o desempenho do material instantaneamente.<\/li>\n<li><strong>Armazenamento de dados e microimpress\u00e3o<\/strong>: O testador pode armazenar resultados de testes e imprimir relat\u00f3rios, facilitando a rastreabilidade e a documenta\u00e7\u00e3o de controle de qualidade para auditorias ou registros.<\/li>\n<li><strong>Porta RS232 (Opcional)<\/strong>: O dispositivo vem com uma porta RS232 que permite f\u00e1cil integra\u00e7\u00e3o com software de an\u00e1lise de dados, melhorando a capacidade de gerenciar e analisar resultados de testes.<\/li>\n<li><strong>Op\u00e7\u00f5es de alimenta\u00e7\u00e3o de amostra manual e autom\u00e1tica (opcional)<\/strong>: Para maior efici\u00eancia em ambientes de testes de alto volume, est\u00e3o dispon\u00edveis op\u00e7\u00f5es de alimenta\u00e7\u00e3o de amostra manual e autom\u00e1tica.<\/li>\n<\/ul>\n<h2>Principais Par\u00e2metros e Especifica\u00e7\u00f5es<\/h2>\n<table>\n<tbody>\n<tr>\n<td width=\"251\">Faixa de teste<\/td>\n<td width=\"247\">0~2mm (Personaliza\u00e7\u00e3o dispon\u00edvel)<\/td>\n<\/tr>\n<tr>\n<td width=\"251\">Resolu\u00e7\u00e3o<\/td>\n<td width=\"247\">0,1 \u03bcm<\/td>\n<\/tr>\n<tr>\n<td width=\"251\">Medida Padr\u00e3o Cabe\u00e7a<\/td>\n<td width=\"247\">Tipo hemisf\u00e9rico<\/td>\n<\/tr>\n<tr>\n<td width=\"251\">Cabe\u00e7a de medida opcional (p\u00e9 plano)<\/td>\n<td width=\"247\">50 mm\u00b2, 17,5\u00b11 KPa (para filme)<br \/>\n200 mm\u00b2, 50\u00b11 KPa (para papel)<\/td>\n<\/tr>\n<tr>\n<td width=\"251\">Poder<\/td>\n<td width=\"247\">CA 110~220V<\/td>\n<\/tr>\n<\/tbody>\n<\/table>\n<h3>Por que escolher o testador de espessura por toque?<\/h3>\n<p>O <strong>Testador de espessura de toque<\/strong> oferece in\u00fameros benef\u00edcios para empresas em setores como embalagens, t\u00eaxteis, dispositivos m\u00e9dicos e muito mais. Aqui est\u00e3o apenas alguns motivos para escolher este instrumento:<\/p>\n<ul>\n<li><strong>Versatilidade:<\/strong> Ele pode medir a espessura de v\u00e1rios materiais, incluindo filmes pl\u00e1sticos, tecidos, papel e papel\u00e3o ondulado.<\/li>\n<li><strong>Conformidade com as Normas:<\/strong> Ele atende aos principais padr\u00f5es da ind\u00fastria, como ASTM D374, ASTM D1777, ISO 3034:2011, ISO 534-2011 e ISO 4593, garantindo que suas medi\u00e7\u00f5es sejam precisas e em conformidade com as regulamenta\u00e7\u00f5es.<\/li>\n<li><strong>Efici\u00eancia e precis\u00e3o:<\/strong> Com seus recursos avan\u00e7ados, como eleva\u00e7\u00e3o autom\u00e1tica do calcador, exibi\u00e7\u00e3o de dados em tempo real e medi\u00e7\u00f5es de alta resolu\u00e7\u00e3o, o <strong>Testador de espessura de toque<\/strong> garante resultados confi\u00e1veis e repet\u00edveis.<\/li>\n<li><strong>Gerenciamento de dados:<\/strong> A op\u00e7\u00e3o de armazenar e imprimir resultados de testes facilita a manuten\u00e7\u00e3o de registros para controle de qualidade, auditorias e rastreabilidade.<\/li>\n<\/ul>\n<h3>FAQs (Perguntas Frequentes)<\/h3>\n<ol>\n<li><strong>Quais materiais o Touch Thickness Tester pode medir?<\/strong>\n<ul>\n<li>O testador pode medir a espessura de materiais como filmes pl\u00e1sticos, tecidos, papel, papel\u00e3o ondulado, folhas e membranas.<\/li>\n<\/ul>\n<\/li>\n<li><strong>Qual \u00e9 a faixa de medi\u00e7\u00e3o do testador de espessura de toque?<\/strong>\n<ul>\n<li>O intervalo de teste padr\u00e3o \u00e9 de 0 a 2 mm, com personaliza\u00e7\u00e3o dispon\u00edvel para tipos de materiais ou aplica\u00e7\u00f5es espec\u00edficas.<\/li>\n<\/ul>\n<\/li>\n<li><strong>Como o Touch Thickness Tester garante a precis\u00e3o?<\/strong>\n<ul>\n<li>O testador usa uma t\u00e9cnica de varredura mec\u00e2nica com resolu\u00e7\u00e3o de 0,1 \u03bcm para garantir medi\u00e7\u00f5es de espessura precisas e exatas para v\u00e1rios materiais.<\/li>\n<\/ul>\n<\/li>\n<li><strong>O Touch Thickness Tester pode ser integrado a outros sistemas de software?<\/strong>\n<ul>\n<li>Sim, o testador inclui uma porta RS232 para integra\u00e7\u00e3o opcional com software para gerenciamento e an\u00e1lise de dados aprimorados.<\/li>\n<\/ul>\n<\/li>\n<li><strong>Com quais padr\u00f5es o Touch Thickness Tester est\u00e1 em conformidade?<\/strong>\n<ul>\n<li>O testador \u00e9 compat\u00edvel com ASTM D374, ASTM D1777, ISO 3034:2011, ISO 534-2011 e ISO 4593, garantindo a conformidade com os padr\u00f5es da ind\u00fastria para v\u00e1rios materiais.<\/li>\n<\/ul>\n<\/li>\n<\/ol>","protected":false},"excerpt":{"rendered":"<p>O <strong>Testador de espessura de toque<\/strong> \u00e9 um instrumento de medi\u00e7\u00e3o avan\u00e7ado projetado para fornecer leituras de espessura precisas e confi\u00e1veis para uma variedade de materiais, incluindo filmes pl\u00e1sticos, t\u00eaxteis, papel, papel\u00e3o, folhas e outros materiais flex\u00edveis. A espessura desempenha um papel cr\u00edtico na determina\u00e7\u00e3o do desempenho, qualidade e conformidade desses materiais em ind\u00fastrias como embalagens, produtos farmac\u00eauticos, dispositivos m\u00e9dicos, t\u00eaxteis e muito mais.<\/p>","protected":false},"featured_media":5612,"comment_status":"closed","ping_status":"closed","template":"","meta":{"site-sidebar-layout":"default","site-content-layout":"default","ast-global-header-display":"","ast-main-header-display":"","ast-hfb-above-header-display":"","ast-hfb-below-header-display":"","ast-hfb-mobile-header-display":"","site-post-title":"","ast-breadcrumbs-content":"","ast-featured-img":"","footer-sml-layout":"","theme-transparent-header-meta":"default","adv-header-id-meta":"","stick-header-meta":"","header-above-stick-meta":"","header-main-stick-meta":"","header-below-stick-meta":""},"product_cat":[845,938,44,149,16,120,131,160,162,164,95],"product_tag":[],"class_list":{"0":"post-2475","1":"product","2":"type-product","3":"status-publish","4":"has-post-thumbnail","6":"product_cat-customization","7":"product_cat-textile-tester","8":"product_cat-paper-and-board-testers","9":"product_cat-pharma-and-medical-testers","10":"product_cat-plastic-packaging-testers","11":"product_cat-astm-d1777","12":"product_cat-astm-d374","13":"product_cat-iso-3034","14":"product_cat-iso-4593","15":"product_cat-iso-534","16":"product_cat-products","17":"desktop-align-left","18":"tablet-align-left","19":"mobile-align-left","21":"first","22":"instock","23":"shipping-taxable","24":"product-type-simple"},"_links":{"self":[{"href":"https:\/\/www.qualitester.com\/pt\/wp-json\/wp\/v2\/product\/2475","targetHints":{"allow":["GET"]}}],"collection":[{"href":"https:\/\/www.qualitester.com\/pt\/wp-json\/wp\/v2\/product"}],"about":[{"href":"https:\/\/www.qualitester.com\/pt\/wp-json\/wp\/v2\/types\/product"}],"replies":[{"embeddable":true,"href":"https:\/\/www.qualitester.com\/pt\/wp-json\/wp\/v2\/comments?post=2475"}],"version-history":[{"count":0,"href":"https:\/\/www.qualitester.com\/pt\/wp-json\/wp\/v2\/product\/2475\/revisions"}],"wp:featuredmedia":[{"embeddable":true,"href":"https:\/\/www.qualitester.com\/pt\/wp-json\/wp\/v2\/media\/5612"}],"wp:attachment":[{"href":"https:\/\/www.qualitester.com\/pt\/wp-json\/wp\/v2\/media?parent=2475"}],"wp:term":[{"taxonomy":"product_cat","embeddable":true,"href":"https:\/\/www.qualitester.com\/pt\/wp-json\/wp\/v2\/product_cat?post=2475"},{"taxonomy":"product_tag","embeddable":true,"href":"https:\/\/www.qualitester.com\/pt\/wp-json\/wp\/v2\/product_tag?post=2475"}],"curies":[{"name":"wp","href":"https:\/\/api.w.org\/{rel}","templated":true}]}}