{"id":2454,"date":"2023-06-14T08:35:29","date_gmt":"2023-06-14T00:35:29","guid":{"rendered":"https:\/\/www.qualitester.com\/?post_type=product&#038;p=2454"},"modified":"2024-11-28T10:12:04","modified_gmt":"2024-11-28T02:12:04","slug":"fbt-01-impact-testing-machine-falling-ball-impact-cardboard","status":"publish","type":"product","link":"https:\/\/www.qualitester.com\/pt\/produto\/fbt-01-impact-testing-machine-falling-ball-impact-cardboard\/","title":{"rendered":"FBT-01 Testador de impacto de bola em queda"},"content":{"rendered":"<h2>Introdu\u00e7\u00e3o ao teste de impacto de bola em queda<\/h2>\n<p>O <strong>ensaio de impacto de bolas em queda<\/strong> \u00e9 um m\u00e9todo cr\u00edtico para avaliar a capacidade de um material para suportar impactos s\u00fabitos ou cargas de choque. Este teste simula condi\u00e7\u00f5es do mundo real em que os materiais est\u00e3o sujeitos a for\u00e7as externas, ajudando os fabricantes a garantir a durabilidade e a qualidade dos produtos. A resist\u00eancia ao impacto \u00e9 essencial para evitar rupturas, fissuras ou deforma\u00e7\u00f5es em materiais utilizados em v\u00e1rias ind\u00fastrias, incluindo embalagens, dispositivos m\u00e9dicos e eletr\u00f3nica.<\/p>\n<h2>Vis\u00e3o geral do testador de impacto de bola em queda FBT-01<\/h2>\n<p>O <strong>FBT-01 Testador de impacto de bola em queda<\/strong> \u00e9 um instrumento altamente preciso e vers\u00e1til concebido para medir a resist\u00eancia ao impacto de materiais finos, tais como pel\u00edculas, folhas, comp\u00f3sitos, folhas e papel. Utiliza uma queda controlada de uma esfera de a\u00e7o de uma altura especificada para simular for\u00e7as de impacto, fornecendo informa\u00e7\u00f5es cr\u00edticas sobre o desempenho do material sob tens\u00e3o.<\/p>\n<h3>Principais vantagens:<\/h3>\n<ul>\n<li>Resultados precisos e repet\u00edveis para controlo de qualidade<\/li>\n<li>Opera\u00e7\u00e3o de f\u00e1cil utiliza\u00e7\u00e3o atrav\u00e9s de um ecr\u00e3 t\u00e1til HMI<\/li>\n<\/ul>\n<h2>M\u00e9todos de ensaio para o ensaio de impacto de bola em queda<\/h2>\n<p>Neste ensaio, uma esfera de a\u00e7o com uma massa e um di\u00e2metro conhecidos \u00e9 libertada de uma altura predeterminada, atingindo o provete de ensaio. O dano ou deforma\u00e7\u00e3o resultante \u00e9 observado e analisado para avaliar a resist\u00eancia do material ao impacto.<\/p>\n<h3>Principais factores que afectam os resultados dos testes:<\/h3>\n<ul>\n<li><strong>Altura de queda:<\/strong> A altura ajust\u00e1vel permite a simula\u00e7\u00e3o de diferentes cen\u00e1rios de impacto, oferecendo uma an\u00e1lise mais abrangente do desempenho do material.<\/li>\n<li><strong>Tamanho e massa da esfera:<\/strong> O tamanho e o peso da esfera de a\u00e7o podem ser selecionados com base em requisitos de ensaio espec\u00edficos, garantindo a relev\u00e2ncia para as aplica\u00e7\u00f5es do mundo real.<\/li>\n<\/ul>\n<h2>Carater\u00edsticas do testador de impacto Drop Ball<\/h2>\n<p>O <strong>testador de impacto de esferas<\/strong> est\u00e1 equipado com funcionalidades avan\u00e7adas para aumentar a precis\u00e3o e a facilidade de utiliza\u00e7\u00e3o:<\/p>\n<ul>\n<li><strong>Controlo de precis\u00e3o:<\/strong> Sistema baseado em PLC com um ecr\u00e3 t\u00e1til HMI de alta resolu\u00e7\u00e3o para uma opera\u00e7\u00e3o intuitiva.<\/li>\n<li><strong>Altura de impacto ajust\u00e1vel:<\/strong> Varia de 300 mm a 600 mm, com op\u00e7\u00f5es de extens\u00e3o com base em requisitos personalizados.<\/li>\n<li><strong>Suspens\u00e3o electromagn\u00e9tica:<\/strong> Garante a liberta\u00e7\u00e3o autom\u00e1tica e consistente da esfera de a\u00e7o para condi\u00e7\u00f5es de teste fi\u00e1veis.<\/li>\n<li><strong>Fixa\u00e7\u00e3o pneum\u00e1tica:<\/strong> Mant\u00e9m os esp\u00e9cimes no lugar de forma segura, reduzindo a variabilidade dos resultados.<\/li>\n<li><strong>Ecr\u00e3 Multi-Unidade:<\/strong> Os resultados podem ser visualizados em v\u00e1rias unidades, oferecendo flexibilidade na interpreta\u00e7\u00e3o dos dados.<\/li>\n<li><strong>Software profissional opcional:<\/strong> Para an\u00e1lises de dados e relat\u00f3rios avan\u00e7ados.<\/li>\n<\/ul>\n<h3>Especifica\u00e7\u00f5es t\u00e9cnicas:<\/h3>\n<table>\n<tbody>\n<tr>\n<td style=\"text-align: center;\" width=\"147\">Altura do impacto<\/td>\n<td style=\"text-align: center;\" width=\"277\">300mm-600mm (pode ser estendido)<\/td>\n<\/tr>\n<tr>\n<td style=\"text-align: center;\" width=\"147\">Di\u00e2metros das esferas (mm)<\/td>\n<td style=\"text-align: center;\" width=\"277\">23, 25, 28,6, 38,1, 50,8 (um equipado)<\/td>\n<\/tr>\n<tr>\n<td style=\"text-align: center;\" width=\"147\">Precis\u00e3o<\/td>\n<td style=\"text-align: center;\" width=\"277\">0,1 g (0,1 J)<\/td>\n<\/tr>\n<tr>\n<td style=\"text-align: center;\" width=\"147\">Grampo de amostra<\/td>\n<td style=\"text-align: center;\" width=\"277\">Grampo pneum\u00e1tico<\/td>\n<\/tr>\n<tr>\n<td style=\"text-align: center;\" width=\"147\">Fornecimento de g\u00e1s<\/td>\n<td style=\"text-align: center;\" width=\"277\">0,6 MPa \u03a68 mm Tubo de PU<\/td>\n<\/tr>\n<tr>\n<td style=\"text-align: center;\" width=\"147\">Tamanho da amostra<\/td>\n<td style=\"text-align: center;\" width=\"277\">&gt; 150 mm x 150 mm<\/td>\n<\/tr>\n<tr>\n<td style=\"text-align: center;\" width=\"147\">Fonte de energia<\/td>\n<td style=\"text-align: center;\" width=\"277\">CA 110~220V 50Hz<\/td>\n<\/tr>\n<\/tbody>\n<\/table>\n<h2>Aplica\u00e7\u00f5es e relev\u00e2ncia para o sector<\/h2>\n<p>O FBT-01 \u00e9 uma ferramenta essencial para v\u00e1rias ind\u00fastrias para garantir a seguran\u00e7a e o desempenho do produto:<\/p>\n<ul>\n<li><strong>Embalagem:<\/strong> Avalia\u00e7\u00e3o da durabilidade das pel\u00edculas, folhas e l\u00e2minas utilizadas nas embalagens.<\/li>\n<li><strong>Dispositivos m\u00e9dicos:<\/strong> Garantir a resist\u00eancia ao impacto dos materiais utilizados em embalagens e componentes m\u00e9dicos.<\/li>\n<li><strong>Eletr\u00f3nica e autom\u00f3vel:<\/strong> Ensaio da robustez dos componentes contra impactos durante a utiliza\u00e7\u00e3o ou o transporte.<\/li>\n<li><strong>Controlo de qualidade e inspe\u00e7\u00e3o:<\/strong> Fornecimento de m\u00e9todos normalizados para testes e conformidade.<\/li>\n<\/ul>\n<h2>Conformidade com as Normas<\/h2>\n<p>O FBT-01 ajuda a cumprir v\u00e1rias normas da ind\u00fastria para testes de impacto, assegurando que os produtos cumprem os rigorosos requisitos de qualidade. Esta conformidade \u00e9 crucial para os fabricantes que procuram certifica\u00e7\u00f5es e aprova\u00e7\u00f5es em mercados competitivos.<\/p>\n<h2>Porqu\u00ea escolher o testador de impacto de bolas em queda FBT-01?<\/h2>\n<p>O FBT-01 destaca-se pela sua precis\u00e3o, versatilidade e design de f\u00e1cil utiliza\u00e7\u00e3o. A sua capacidade para testar uma vasta gama de materiais e oferecer uma an\u00e1lise avan\u00e7ada de dados torna-o uma ferramenta indispens\u00e1vel para o controlo de qualidade em ind\u00fastrias onde a durabilidade dos materiais \u00e9 cr\u00edtica.<\/p>\n<h3>Pontos de venda exclusivos:<\/h3>\n<ul>\n<li>Medi\u00e7\u00f5es de impacto de alta precis\u00e3o<\/li>\n<li>Par\u00e2metros de teste personaliz\u00e1veis para atender a necessidades espec\u00edficas<\/li>\n<li>Op\u00e7\u00f5es avan\u00e7adas de software para relat\u00f3rios pormenorizados<\/li>\n<li>Constru\u00e7\u00e3o duradoura e desempenho fi\u00e1vel<\/li>\n<\/ul>\n<h2>Perguntas frequentes<\/h2>\n<ol>\n<li><strong>Que tipos de materiais podem ser utilizados no teste FBT-01?<\/strong><br \/>\nO aparelho de teste pode avaliar materiais finos, tais como pel\u00edculas, folhas, comp\u00f3sitos, folhas e papel com espessuras inferiores a 2 mm.<\/li>\n<li><strong>Como \u00e9 que a altura de queda \u00e9 ajustada?<\/strong><br \/>\nA altura da queda \u00e9 ajust\u00e1vel atrav\u00e9s do ecr\u00e3 t\u00e1til HMI, permitindo a personaliza\u00e7\u00e3o com base nos requisitos de teste.<\/li>\n<li><strong>Porque \u00e9 que o tamanho da bola \u00e9 importante no teste?<\/strong><br \/>\nDiferentes tamanhos e pesos de esferas simulam v\u00e1rias for\u00e7as de impacto, proporcionando uma compreens\u00e3o mais abrangente do desempenho do material.<\/li>\n<li><strong>Posso utilizar o FBT-01 para an\u00e1lise avan\u00e7ada de dados?<\/strong><br \/>\nSim, o FBT-01 pode ser equipado com software profissional para an\u00e1lises e relat\u00f3rios aprofundados.<\/li>\n<li><strong>Como \u00e9 que o sistema de fixa\u00e7\u00e3o pneum\u00e1tico aumenta a precis\u00e3o?<\/strong><br \/>\nA pin\u00e7a pneum\u00e1tica segura firmemente o esp\u00e9cime, minimizando o movimento durante o impacto e assegurando resultados consistentes e exactos.<\/li>\n<\/ol>\n<h2>Produto relacionado<\/h2>\n<p>FDT-01 <a href=\"https:\/\/www.qualitester.com\/pt\/produto\/fdt-01-polypropylene-film-drop-dart-tester\/\" target=\"_blank\" rel=\"noopener\">Testador de impacto de dardo em queda<\/a><\/p>","protected":false},"excerpt":{"rendered":"<p>O <strong>ensaio de impacto de bolas em queda<\/strong> \u00e9 um m\u00e9todo cr\u00edtico para avaliar a capacidade de um material para suportar impactos s\u00fabitos ou cargas de choque. Este teste simula condi\u00e7\u00f5es do mundo real em que os materiais est\u00e3o sujeitos a for\u00e7as externas, ajudando os fabricantes a garantir a durabilidade e a qualidade dos produtos. A resist\u00eancia ao impacto \u00e9 essencial para evitar rupturas, fissuras ou deforma\u00e7\u00f5es em materiais utilizados em v\u00e1rias ind\u00fastrias, incluindo embalagens, dispositivos m\u00e9dicos e eletr\u00f3nica.<\/p>","protected":false},"featured_media":5940,"comment_status":"closed","ping_status":"closed","template":"","meta":{"site-sidebar-layout":"default","site-content-layout":"default","ast-global-header-display":"","ast-main-header-display":"","ast-hfb-above-header-display":"","ast-hfb-below-header-display":"","ast-hfb-mobile-header-display":"","site-post-title":"disabled","ast-breadcrumbs-content":"","ast-featured-img":"","footer-sml-layout":"","theme-transparent-header-meta":"default","adv-header-id-meta":"","stick-header-meta":"","header-above-stick-meta":"","header-main-stick-meta":"","header-below-stick-meta":""},"product_cat":[44,149,16,111,169,95],"product_tag":[],"class_list":{"0":"post-2454","1":"product","2":"type-product","3":"status-publish","4":"has-post-thumbnail","6":"product_cat-paper-and-board-testers","7":"product_cat-pharma-and-medical-testers","8":"product_cat-plastic-packaging-testers","9":"product_cat-astm-d1709","10":"product_cat-iso-7765-1","11":"product_cat-products","12":"desktop-align-left","13":"tablet-align-left","14":"mobile-align-left","16":"first","17":"instock","18":"shipping-taxable","19":"product-type-simple"},"_links":{"self":[{"href":"https:\/\/www.qualitester.com\/pt\/wp-json\/wp\/v2\/product\/2454","targetHints":{"allow":["GET"]}}],"collection":[{"href":"https:\/\/www.qualitester.com\/pt\/wp-json\/wp\/v2\/product"}],"about":[{"href":"https:\/\/www.qualitester.com\/pt\/wp-json\/wp\/v2\/types\/product"}],"replies":[{"embeddable":true,"href":"https:\/\/www.qualitester.com\/pt\/wp-json\/wp\/v2\/comments?post=2454"}],"version-history":[{"count":0,"href":"https:\/\/www.qualitester.com\/pt\/wp-json\/wp\/v2\/product\/2454\/revisions"}],"wp:featuredmedia":[{"embeddable":true,"href":"https:\/\/www.qualitester.com\/pt\/wp-json\/wp\/v2\/media\/5940"}],"wp:attachment":[{"href":"https:\/\/www.qualitester.com\/pt\/wp-json\/wp\/v2\/media?parent=2454"}],"wp:term":[{"taxonomy":"product_cat","embeddable":true,"href":"https:\/\/www.qualitester.com\/pt\/wp-json\/wp\/v2\/product_cat?post=2454"},{"taxonomy":"product_tag","embeddable":true,"href":"https:\/\/www.qualitester.com\/pt\/wp-json\/wp\/v2\/product_tag?post=2454"}],"curies":[{"name":"wp","href":"https:\/\/api.w.org\/{rel}","templated":true}]}}