{"id":2401,"date":"2023-06-12T10:45:15","date_gmt":"2023-06-12T02:45:15","guid":{"rendered":"https:\/\/www.qualitester.com\/?post_type=product&#038;p=2401"},"modified":"2024-12-02T16:37:19","modified_gmt":"2024-12-02T08:37:19","slug":"lt-03-seal-strength-testing-machine","status":"publish","type":"product","link":"https:\/\/www.qualitester.com\/pt\/produto\/lt-03-seal-strength-testing-machine\/","title":{"rendered":"Testador de vazamento LT-03"},"content":{"rendered":"<h2><strong>Introdu\u00e7\u00e3o<\/strong><\/h2>\n<p>Na ind\u00fastria da embalagem, a manuten\u00e7\u00e3o da integridade dos selos \u00e9 crucial para garantir a seguran\u00e7a e a qualidade dos produtos. O equipamento de teste de resist\u00eancia do selo foi concebido para avaliar a capacidade do selo para suportar as condi\u00e7\u00f5es ambientais, evitando fugas e contamina\u00e7\u00e3o. Este teste \u00e9 essencial para ind\u00fastrias como as de embalagens de alimentos, produtos farmac\u00eauticos, dispositivos m\u00e9dicos, cosm\u00e9ticos e muitas outras, onde o desempenho da embalagem afecta diretamente a qualidade do produto e a seguran\u00e7a do consumidor.<\/p>\n<p>Instrumentos de C\u00e9lula <strong>Equipamento de teste de resist\u00eancia de veda\u00e7\u00e3o<\/strong> fornece um m\u00e9todo preciso e fi\u00e1vel para avaliar a integridade do selo, garantindo que os produtos embalados permanecem seguros, protegidos e em conformidade com as normas da ind\u00fastria.<\/p>\n<h2><strong>O que \u00e9 o equipamento de teste de resist\u00eancia de veda\u00e7\u00e3o?<\/strong><\/h2>\n<p>O equipamento de teste de resist\u00eancia dos selos \u00e9 utilizado para avaliar a resist\u00eancia e a fiabilidade dos selos nos materiais de embalagem. O equipamento avalia se os selos de v\u00e1rios tipos de embalagem (pl\u00e1stico, papel, alum\u00ednio, etc.) s\u00e3o suficientemente fortes para evitar fugas que possam comprometer o produto. Este teste \u00e9 normalmente utilizado para materiais de embalagem em produtos alimentares, farmac\u00eauticos, dispositivos m\u00e9dicos e bens de consumo.<\/p>\n<p>Ao utilizar tecnologia de ensaio avan\u00e7ada, o verificador da resist\u00eancia do selo ajuda a identificar selos fracos ou defeituosos antes de chegarem aos consumidores, garantindo uma elevada qualidade do produto e o cumprimento das normas de seguran\u00e7a.<\/p>\n<h2><strong>Vis\u00e3o geral da norma ASTM D3078: Normas de teste de integridade da veda\u00e7\u00e3o<\/strong><\/h2>\n<h3><strong>O que \u00e9 a ASTM D3078?<\/strong><\/h3>\n<p><a href=\"https:\/\/www.qualitester.com\/pt\/categoria-produto\/astm\/astm-d3078\/\" target=\"_blank\" rel=\"noopener\"><strong>ASTM D3078<\/strong><\/a> \u00e9 um m\u00e9todo de ensaio normalizado desenvolvido pela ASTM International para detetar fugas em embalagens seladas. Este m\u00e9todo aplica um v\u00e1cuo \u00e0 embalagem e monitoriza a presen\u00e7a de bolhas que indicam fugas, assegurando a integridade do selo. O teste \u00e9 especialmente importante para as ind\u00fastrias alimentar e farmac\u00eautica, onde a embalagem deve manter a sua integridade para evitar contamina\u00e7\u00e3o ou deteriora\u00e7\u00e3o.<\/p>\n<h3><strong>M\u00e9todo de ensaio de acordo com a norma ASTM D3078<\/strong><\/h3>\n<p>O <a href=\"https:\/\/www.astm.org\/d3078-02r21e01.html\" target=\"_blank\" rel=\"noopener nofollow\">ASTM D3078<\/a> A norma descreve um processo no qual a embalagem \u00e9 colocada dentro de uma c\u00e2mara cheia de \u00e1gua. A c\u00e2mara \u00e9 selada e o ar \u00e9 evacuado at\u00e9 ser atingido o n\u00edvel de v\u00e1cuo predefinido. Se existir uma fuga, a diferen\u00e7a na press\u00e3o do ar for\u00e7a o ar preso a escapar, formando bolhas vis\u00edveis no local da fuga. Este m\u00e9todo proporciona um meio eficaz e fi\u00e1vel de detetar at\u00e9 as mais pequenas fugas.<\/p>\n<h2><strong>Principais m\u00e9todos e par\u00e2metros de ensaio<\/strong><\/h2>\n<h3><strong>Processo de teste<\/strong><\/h3>\n<p>O processo de ensaio da resist\u00eancia da veda\u00e7\u00e3o segue uma sequ\u00eancia simples delineada pela norma ASTM D3078:<\/p>\n<ol>\n<li><strong>Prepara\u00e7\u00e3o da amostra:<\/strong> O pacote de amostras \u00e9 colocado dentro de uma c\u00e2mara transparente cheia de \u00e1gua.<\/li>\n<li><strong>Aplica\u00e7\u00e3o de v\u00e1cuo:<\/strong> A unidade de controlo extrai o ar at\u00e9 ser atingido um n\u00edvel de v\u00e1cuo predefinido.<\/li>\n<li><strong>Dete\u00e7\u00e3o de fugas:<\/strong> Se um selo estiver comprometido, formar-se-\u00e3o bolhas no ponto de fuga, indicando a falha da embalagem.<\/li>\n<\/ol>\n<h3><strong>Principais par\u00e2metros de ensaio<\/strong><\/h3>\n<table>\n<tbody>\n<tr>\n<td style=\"text-align: center;\" width=\"122\">Faixa de teste<\/td>\n<td style=\"text-align: center;\" width=\"229\">0~-90 KPa<\/td>\n<\/tr>\n<tr>\n<td style=\"text-align: center;\" width=\"122\">C\u00e2mara<\/td>\n<td style=\"text-align: center;\" width=\"229\">Forma de cilindro em acr\u00edlico<\/td>\n<\/tr>\n<tr>\n<td style=\"text-align: center;\" width=\"122\">Espa\u00e7o de teste<\/td>\n<td style=\"text-align: center;\" width=\"229\">\u03a6270*H210mm (interno utiliz\u00e1vel)<\/td>\n<\/tr>\n<tr>\n<td style=\"text-align: center;\" width=\"122\">Ar comprimido<\/td>\n<td style=\"text-align: center;\" width=\"229\">0,7 MPa (Preparado pelo usu\u00e1rio)<\/td>\n<\/tr>\n<tr>\n<td style=\"text-align: center;\" width=\"122\">Poder<\/td>\n<td style=\"text-align: center;\" width=\"229\">110~220V 50\/60Hz<\/td>\n<\/tr>\n<\/tbody>\n<\/table>\n<p>Estes par\u00e2metros permitem ao utilizador testar uma variedade de materiais e tamanhos de embalagens, garantindo flexibilidade em diferentes ambientes de produ\u00e7\u00e3o e de teste.<\/p>\n<h2><strong>Carater\u00edsticas t\u00e9cnicas do equipamento de teste de resist\u00eancia de veda\u00e7\u00e3o<\/strong><\/h2>\n<h3><strong>Opera\u00e7\u00e3o controlada por PLC<\/strong><\/h3>\n<p>O equipamento \u00e9 controlado por um PLC (Programmable Logic Controller), garantindo resultados de teste est\u00e1veis, repet\u00edveis e de alta qualidade. A interface do utilizador foi concebida com um ecr\u00e3 t\u00e1til HMI (Interface Homem-M\u00e1quina), proporcionando um controlo intuitivo e facilidade de opera\u00e7\u00e3o.<\/p>\n<h3><strong>Sistema de v\u00e1cuo eficiente<\/strong><\/h3>\n<p>A unidade de teste utiliza um <strong>Tubo de Venturi<\/strong> para gerar um v\u00e1cuo de at\u00e9 -90 KPa, tornando-o um sistema energeticamente eficiente. Este n\u00edvel de v\u00e1cuo \u00e9 suficiente para identificar fugas, mesmo as muito pequenas, garantindo testes de alta qualidade sem necessidade de equipamento adicional.<\/p>\n<h3><strong>Dete\u00e7\u00e3o visual de fugas<\/strong><\/h3>\n<p>O teste utiliza um m\u00e9todo de observa\u00e7\u00e3o visual para a dete\u00e7\u00e3o de fugas. Quando existe uma fuga, o ar que sai da embalagem forma bolhas vis\u00edveis na c\u00e2mara cheia de \u00e1gua, permitindo uma r\u00e1pida identifica\u00e7\u00e3o. O equipamento fornece resultados cumulativos, facilitando a avalia\u00e7\u00e3o de v\u00e1rios testes e a sua efic\u00e1cia ao longo do tempo.<\/p>\n<h3><strong>Fun\u00e7\u00e3o de poupan\u00e7a de par\u00e2metros<\/strong><\/h3>\n<p>Para otimizar a efici\u00eancia dos testes, o <strong>Testador de resist\u00eancia de veda\u00e7\u00e3o<\/strong> inclui uma fun\u00e7\u00e3o de poupan\u00e7a de par\u00e2metros para um m\u00e1ximo de 5 configura\u00e7\u00f5es de teste diferentes. Isto permite aos utilizadores guardar par\u00e2metros espec\u00edficos, tais como n\u00edveis de v\u00e1cuo e tempos de teste, tornando mais f\u00e1cil alternar entre diferentes tipos de amostras e condi\u00e7\u00f5es de teste.<\/p>\n<h3><strong>C\u00e2mara personaliz\u00e1vel e carater\u00edsticas opcionais<\/strong><\/h3>\n<p>A c\u00e2mara de teste \u00e9 feita de acr\u00edlico transparente de alta qualidade, permitindo uma observa\u00e7\u00e3o clara do processo de teste. Est\u00e3o dispon\u00edveis tamanhos e formas de c\u00e2mara personalizados para testar uma variedade de formatos de embalagens. A unidade tamb\u00e9m oferece carater\u00edsticas opcionais, tais como:<\/p>\n<ul>\n<li><strong>Micro Impressora<\/strong> para identifica\u00e7\u00e3o da amostra e documenta\u00e7\u00e3o dos resultados do ensaio.<\/li>\n<li><strong>Adapta\u00e7\u00e3o lingu\u00edstica<\/strong> para mercados internacionais, assegurando que o testador \u00e9 acess\u00edvel a utilizadores de diferentes regi\u00f5es.<\/li>\n<li><strong>Integra\u00e7\u00e3o da bomba de v\u00e1cuo<\/strong> para permitir n\u00edveis de v\u00e1cuo mais elevados para cen\u00e1rios de ensaio mais exigentes.<\/li>\n<\/ul>\n<h2><strong>Benef\u00edcios do equipamento de teste de resist\u00eancia de veda\u00e7\u00e3o<\/strong><\/h2>\n<h3><strong>Garantia de qualidade<\/strong><\/h3>\n<p>O teste de resist\u00eancia do selo \u00e9 fundamental para garantir que a embalagem pode suportar tens\u00f5es ambientais, protegendo o conte\u00fado de danos, contamina\u00e7\u00e3o ou deteriora\u00e7\u00e3o. Este ensaio \u00e9 vital para as ind\u00fastrias alimentar, m\u00e9dica e farmac\u00eautica, onde a seguran\u00e7a e a integridade do produto s\u00e3o fundamentais.<\/p>\n<h3><strong>Personaliza\u00e7\u00e3o<\/strong><\/h3>\n<p>O equipamento pode acomodar diferentes tipos de embalagens, desde pequenas bolsas a grandes contentores, oferecendo flexibilidade para uma vasta gama de ind\u00fastrias. A capacidade de guardar par\u00e2metros de teste para v\u00e1rios materiais torna o equipamento adapt\u00e1vel a v\u00e1rios cen\u00e1rios de teste.<\/p>\n<h3><strong>Rent\u00e1vel e eficiente<\/strong><\/h3>\n<p>Com a sua interface f\u00e1cil de utilizar, funcionalidades automatizadas e defini\u00e7\u00f5es personaliz\u00e1veis, o <strong>Equipamento de teste de resist\u00eancia de veda\u00e7\u00e3o<\/strong> permite \u00e0s empresas efetuar testes de forma eficiente sem comprometer a precis\u00e3o. A sua capacidade de guardar configura\u00e7\u00f5es de teste e gerar resultados cumulativos optimiza o fluxo de trabalho, reduzindo o tempo e os custos dos testes.<\/p>\n<h2><strong>Normas relevantes: ASTM D3078 e mais al\u00e9m<\/strong><\/h2>\n<h3><strong>ASTM D3078<\/strong><\/h3>\n<p>Este m\u00e9todo padr\u00e3o \u00e9 amplamente utilizado em ind\u00fastrias onde a integridade dos selos das embalagens \u00e9 cr\u00edtica. Garante que a embalagem cumpre as normas de desempenho necess\u00e1rias para evitar fugas e proteger o conte\u00fado da contamina\u00e7\u00e3o externa.<\/p>\n<h3><strong>Norma ASTM D4991<\/strong><\/h3>\n<p>A ASTM D4991 \u00e9 outra norma relacionada que se centra no ensaio de fugas de embalagens seladas utilizando um m\u00e9todo diferente (penetra\u00e7\u00e3o de corante ou deteriora\u00e7\u00e3o da press\u00e3o). Esta norma tamb\u00e9m \u00e9 utilizada em conjunto com a ASTM D3078 para testes completos de fugas em embalagens.<\/p>\n<h2><strong>Porqu\u00ea escolher o equipamento de teste de resist\u00eancia de veda\u00e7\u00e3o da Cell Instruments?<\/strong><\/h2>\n<p>A Cell Instruments \u00e9 um nome de confian\u00e7a na ind\u00fastria de ensaios de materiais. Com anos de experi\u00eancia em testes de materiais de embalagem e solu\u00e7\u00f5es de teste personalizadas, oferecemos equipamento de alta precis\u00e3o concebido para satisfazer as necessidades exigentes de v\u00e1rias ind\u00fastrias. Os nossos <strong>Equipamento de teste de resist\u00eancia de veda\u00e7\u00e3o<\/strong> foi concebido para fornecer resultados fi\u00e1veis, precisos e eficientes, ajudando as empresas a garantir a integridade das suas embalagens.<\/p>\n<p>Com a flexibilidade de testar diferentes materiais de embalagem e a capacidade de guardar v\u00e1rias configura\u00e7\u00f5es de teste, o nosso equipamento foi concebido para simplificar o seu processo de teste e melhorar o seu controlo de qualidade.<\/p>\n<p>Garantir a integridade do selo da embalagem \u00e9 vital para manter a seguran\u00e7a, a qualidade e a conformidade do produto com as normas da ind\u00fastria. A Cell Instruments <strong>Equipamento de teste de resist\u00eancia de veda\u00e7\u00e3o<\/strong> oferece uma solu\u00e7\u00e3o eficiente, fi\u00e1vel e personaliz\u00e1vel para empresas que requerem uma dete\u00e7\u00e3o de fugas de alta precis\u00e3o. Quer esteja a testar embalagens de alimentos, selos de dispositivos m\u00e9dicos ou recipientes farmac\u00eauticos, o nosso equipamento fornece a precis\u00e3o e a consist\u00eancia de que necessita para garantir que os seus produtos chegam ao mercado com a m\u00e1xima qualidade.<\/p>\n<h2>Se\u00e7\u00e3o de perguntas frequentes<\/h2>\n<ol>\n<li><strong>Qual \u00e9 a norma ASTM D3078 para o teste de integridade do vedante?<\/strong>\n<ul>\n<li>O ASTM D3078 \u00e9 um m\u00e9todo de teste padr\u00e3o para detetar fugas em embalagens seladas utilizando a aplica\u00e7\u00e3o de v\u00e1cuo. Garante que a embalagem mant\u00e9m a sua integridade, identificando quaisquer selos fracos que possam conduzir a contamina\u00e7\u00e3o ou deteriora\u00e7\u00e3o.<\/li>\n<\/ul>\n<\/li>\n<li><strong>Como funciona o equipamento de ensaio da resist\u00eancia dos selos?<\/strong>\n<ul>\n<li>O equipamento coloca a amostra numa c\u00e2mara cheia de \u00e1gua, aplica um v\u00e1cuo e detecta fugas observando a forma\u00e7\u00e3o de bolhas na c\u00e2mara se a veda\u00e7\u00e3o estiver comprometida.<\/li>\n<\/ul>\n<\/li>\n<li><strong>Que ind\u00fastrias utilizam o teste de resist\u00eancia da veda\u00e7\u00e3o?<\/strong>\n<ul>\n<li>Os testes de resist\u00eancia do selo s\u00e3o cr\u00edticos em ind\u00fastrias como a das embalagens de alimentos, produtos farmac\u00eauticos, dispositivos m\u00e9dicos, cosm\u00e9ticos e bens de consumo, onde a integridade do selo \u00e9 essencial para a seguran\u00e7a do produto.<\/li>\n<\/ul>\n<\/li>\n<li><strong>Posso testar diferentes materiais de embalagem com este equipamento?<\/strong>\n<ul>\n<li>Sim, o equipamento \u00e9 vers\u00e1til e pode testar uma variedade de materiais de embalagem, incluindo pl\u00e1sticos, papel e alum\u00ednio, com tamanhos de c\u00e2mara e n\u00edveis de v\u00e1cuo personaliz\u00e1veis.<\/li>\n<\/ul>\n<\/li>\n<li><strong>Quais s\u00e3o os principais benef\u00edcios da utiliza\u00e7\u00e3o do equipamento de teste de resist\u00eancia de veda\u00e7\u00e3o da Cell Instruments?<\/strong>\n<ul>\n<li>As principais vantagens incluem elevada precis\u00e3o, carater\u00edsticas personaliz\u00e1veis, opera\u00e7\u00e3o f\u00e1cil com uma interface HMI intuitiva e a capacidade de guardar par\u00e2metros de teste para diferentes tipos de embalagens.<\/li>\n<\/ul>\n<\/li>\n<\/ol>","protected":false},"excerpt":{"rendered":"<p>Na ind\u00fastria da embalagem, a manuten\u00e7\u00e3o da integridade dos selos \u00e9 crucial para garantir a seguran\u00e7a e a qualidade dos produtos. O equipamento de teste de resist\u00eancia do selo foi concebido para avaliar a capacidade do selo para suportar as condi\u00e7\u00f5es ambientais, evitando fugas e contamina\u00e7\u00e3o. Este teste \u00e9 essencial para ind\u00fastrias como as de embalagens de alimentos, produtos farmac\u00eauticos, dispositivos m\u00e9dicos, cosm\u00e9ticos e muitas outras, onde o desempenho da embalagem afecta diretamente a qualidade do produto e a seguran\u00e7a do consumidor.<\/p>","protected":false},"featured_media":5988,"comment_status":"closed","ping_status":"closed","template":"","meta":{"site-sidebar-layout":"default","site-content-layout":"default","ast-global-header-display":"","ast-main-header-display":"","ast-hfb-above-header-display":"","ast-hfb-below-header-display":"","ast-hfb-mobile-header-display":"","site-post-title":"disabled","ast-breadcrumbs-content":"","ast-featured-img":"disabled","footer-sml-layout":"","theme-transparent-header-meta":"default","adv-header-id-meta":"","stick-header-meta":"","header-above-stick-meta":"","header-main-stick-meta":"","header-below-stick-meta":""},"product_cat":[845,675,17,149,16,105,135,95],"product_tag":[],"class_list":{"0":"post-2401","1":"product","2":"type-product","3":"status-publish","4":"has-post-thumbnail","6":"product_cat-customization","7":"product_cat-leak-tester","8":"product_cat-package-container-testers","9":"product_cat-pharma-and-medical-testers","10":"product_cat-plastic-packaging-testers","11":"product_cat-astm-d3078","12":"product_cat-astm-d4991","13":"product_cat-products","14":"desktop-align-left","15":"tablet-align-left","16":"mobile-align-left","18":"first","19":"instock","20":"shipping-taxable","21":"product-type-simple"},"_links":{"self":[{"href":"https:\/\/www.qualitester.com\/pt\/wp-json\/wp\/v2\/product\/2401","targetHints":{"allow":["GET"]}}],"collection":[{"href":"https:\/\/www.qualitester.com\/pt\/wp-json\/wp\/v2\/product"}],"about":[{"href":"https:\/\/www.qualitester.com\/pt\/wp-json\/wp\/v2\/types\/product"}],"replies":[{"embeddable":true,"href":"https:\/\/www.qualitester.com\/pt\/wp-json\/wp\/v2\/comments?post=2401"}],"version-history":[{"count":0,"href":"https:\/\/www.qualitester.com\/pt\/wp-json\/wp\/v2\/product\/2401\/revisions"}],"wp:featuredmedia":[{"embeddable":true,"href":"https:\/\/www.qualitester.com\/pt\/wp-json\/wp\/v2\/media\/5988"}],"wp:attachment":[{"href":"https:\/\/www.qualitester.com\/pt\/wp-json\/wp\/v2\/media?parent=2401"}],"wp:term":[{"taxonomy":"product_cat","embeddable":true,"href":"https:\/\/www.qualitester.com\/pt\/wp-json\/wp\/v2\/product_cat?post=2401"},{"taxonomy":"product_tag","embeddable":true,"href":"https:\/\/www.qualitester.com\/pt\/wp-json\/wp\/v2\/product_tag?post=2401"}],"curies":[{"name":"wp","href":"https:\/\/api.w.org\/{rel}","templated":true}]}}