{"id":2371,"date":"2023-06-02T13:53:04","date_gmt":"2023-06-02T05:53:04","guid":{"rendered":"https:\/\/www.qualitester.com\/?post_type=product&#038;p=2371"},"modified":"2024-11-27T16:45:32","modified_gmt":"2024-11-27T08:45:32","slug":"hst-01-flexible-packaging-material-heat-sealing-data-testing-machine","status":"publish","type":"product","link":"https:\/\/www.qualitester.com\/pt\/produto\/hst-01-flexible-packaging-material-heat-sealing-data-testing-machine\/","title":{"rendered":"Testador de selagem t\u00e9rmica HST-02"},"content":{"rendered":"<h2><strong>Introdu\u00e7\u00e3o ao testador de selagem a quente para embalagens<\/strong><\/h2>\n<p>O <strong>Testador de selagem a quente para embalagens<\/strong> \u00e9 uma ferramenta essencial para testar a selagem a quente de v\u00e1rios materiais de embalagem, como filmes flex\u00edveis, laminados, pol\u00edmeros e compostos. Este instrumento de n\u00edvel laboratorial \u00e9 projetado para simular o processo de selagem real, permitindo que os fabricantes garantam a resist\u00eancia, confiabilidade e funcionalidade de suas selagens de embalagem. A selagem a quente eficaz \u00e9 vital para garantir a integridade de embalagens de alimentos, m\u00e9dicos, farmac\u00eauticos e produtos de consumo, onde a falha da embalagem pode levar ao comprometimento da seguran\u00e7a do produto, prazo de validade e usabilidade.<\/p>\n<p>O testador de selagem a quente recria os principais par\u00e2metros envolvidos na selagem a quente, ou seja, tempo, temperatura e press\u00e3o, para simular condi\u00e7\u00f5es de embalagem do mundo real. Isso ajuda os fabricantes a validar se seus materiais s\u00e3o capazes de atingir a resist\u00eancia de selagem necess\u00e1ria para fornecer uma veda\u00e7\u00e3o herm\u00e9tica, \u00e0 prova de viola\u00e7\u00e3o e dur\u00e1vel.<\/p>\n<h2><strong><a href=\"https:\/\/www.astm.org\/f2029-16r21.html\" target=\"_blank\" rel=\"noopener nofollow\">Norma ASTM F2029<\/a>: Padr\u00e3o para testes de selagem a quente<\/strong><\/h2>\n<p><strong><a href=\"https:\/\/www.qualitester.com\/pt\/categoria-produto\/astm\/astm-f2029\/\" target=\"_blank\" rel=\"noopener\">Norma ASTM F2029<\/a>-16(2021)<\/strong> \u2013 <strong>Pr\u00e1ticas Padr\u00e3o para Fabrica\u00e7\u00e3o de Selos T\u00e9rmicos de Laborat\u00f3rio para Determina\u00e7\u00e3o da Selagem T\u00e9rmica de Materiais de Barreira Flex\u00edveis, Medida pela Resist\u00eancia do Selo<\/strong> \u2013 \u00e9 o principal padr\u00e3o da ind\u00fastria para testar a selagem a quente em materiais de embalagem flex\u00edveis. Este padr\u00e3o descreve os procedimentos e condi\u00e7\u00f5es sob os quais as selagens a quente de laborat\u00f3rio devem ser feitas para avaliar a resist\u00eancia e a durabilidade das selagens. Ao aderir a este padr\u00e3o, os fabricantes podem garantir que seus produtos atendam \u00e0s especifica\u00e7\u00f5es de embalagem necess\u00e1rias.<\/p>\n<p><strong>Aspectos principais da norma ASTM F2029<\/strong>:<\/p>\n<ul>\n<li><strong>Medi\u00e7\u00e3o da resist\u00eancia do selo<\/strong>: A ASTM F2029 foca em determinar a resist\u00eancia de selos t\u00e9rmicos, o que \u00e9 essencial para a prote\u00e7\u00e3o e a vida \u00fatil do produto. Ela ajuda a avaliar se a embalagem suportar\u00e1 o estresse durante o transporte, armazenamento e manuseio.<\/li>\n<li><strong>Metodologia de teste<\/strong>: A norma especifica o uso controlado de tempo, temperatura e press\u00e3o durante o processo de selagem para simular com precis\u00e3o as condi\u00e7\u00f5es de embalagem.<\/li>\n<li><strong>Escopo<\/strong>:Esta norma se aplica a uma variedade de ind\u00fastrias, incluindo alimentos, produtos farmac\u00eauticos, dispositivos m\u00e9dicos e muito mais, onde a embalagem \u00e9 essencial para a seguran\u00e7a do produto.<\/li>\n<\/ul>\n<h2><strong>Caracter\u00edsticas t\u00e9cnicas do testador de selagem t\u00e9rmica HST-02<\/strong><\/h2>\n<p>O <strong>Testador de selagem t\u00e9rmica HST-02<\/strong> \u00e9 projetado com precis\u00e3o para oferecer capacidades de selagem de alto desempenho. Este instrumento compacto e confi\u00e1vel \u00e9 projetado para simular o processo de selagem a quente com precis\u00e3o, tornando-o uma ferramenta valiosa para equipes de garantia de qualidade.<\/p>\n<ol>\n<li><strong>Mordentes de veda\u00e7\u00e3o de alum\u00ednio<\/strong>:<br \/>\nAs mand\u00edbulas de veda\u00e7\u00e3o superior e inferior s\u00e3o feitas de alum\u00ednio para minimizar a perda de calor e garantir uniformidade de temperatura durante a veda\u00e7\u00e3o. Isso ajuda a manter um processo de veda\u00e7\u00e3o consistente e eficaz.<\/li>\n<li><strong>Controlador de temperatura PID<\/strong>:<br \/>\nEquipado com um controlador de temperatura Proporcional Integral Derivativo (PID), o HST-02 garante uma regula\u00e7\u00e3o de temperatura precisa e est\u00e1vel, resultando em controle preciso sobre o processo de selagem.<\/li>\n<li><strong>Temporizador sincronizado e movimento da mand\u00edbula<\/strong>:<br \/>\nO testador apresenta uma sincroniza\u00e7\u00e3o precisa entre o timer e o movimento da mand\u00edbula. Isso garante que a press\u00e3o de veda\u00e7\u00e3o e o tempo sejam aplicados corretamente \u00e0 amostra, resultando em condi\u00e7\u00f5es de teste precisas e repet\u00edveis.<\/li>\n<li><strong>Controle de press\u00e3o<\/strong>:<br \/>\nUma barra de veda\u00e7\u00e3o guiada de tr\u00eas vias mant\u00e9m uma press\u00e3o de veda\u00e7\u00e3o consistente, permitindo uma aplica\u00e7\u00e3o uniforme em uma ampla gama de materiais. Isso garante que a integridade da veda\u00e7\u00e3o seja testada em condi\u00e7\u00f5es realistas.<\/li>\n<li><strong>Caracter\u00edsticas de seguran\u00e7a<\/strong>:<br \/>\nO HST-02 prioriza a seguran\u00e7a do usu\u00e1rio com uma tampa frontal antiqueimaduras para evitar queimaduras, bem como op\u00e7\u00f5es de acionamento manual e por pedal para uma opera\u00e7\u00e3o f\u00e1cil e segura.<\/li>\n<\/ol>\n<h2><strong>Processo e Metodologia de Teste<\/strong><\/h2>\n<p>O processo de selagem a quente usando o <strong>Testador de selagem t\u00e9rmica HST-02<\/strong> segue uma sequ\u00eancia simples de etapas, replicando cuidadosamente as condi\u00e7\u00f5es necess\u00e1rias para selagens de embalagem eficazes:<\/p>\n<ol>\n<li><strong>Coloca\u00e7\u00e3o de amostra<\/strong>:<br \/>\nColoque a amostra de teste (geralmente um filme ou material composto) entre duas mand\u00edbulas de veda\u00e7\u00e3o paralelas.<\/li>\n<li><strong>Configura\u00e7\u00f5es de temperatura e press\u00e3o<\/strong>:<br \/>\nDefina a temperatura, o tempo e a press\u00e3o de veda\u00e7\u00e3o desejados com base nas especifica\u00e7\u00f5es do material e nas condi\u00e7\u00f5es descritas pela norma ASTM F2029.<\/li>\n<li><strong>Processo de selagem<\/strong>:<br \/>\nQuando o sistema atinge o equil\u00edbrio, a mand\u00edbula de veda\u00e7\u00e3o superior, controlada por um cilindro de g\u00e1s, \u00e9 empurrada para baixo para aplicar press\u00e3o ao material pelo per\u00edodo de tempo predefinido.<\/li>\n<li><strong>Fim do teste<\/strong>:<br \/>\nAp\u00f3s o t\u00e9rmino do tempo de selagem predefinido, a mand\u00edbula de selagem superior retorna \u00e0 sua posi\u00e7\u00e3o original e a resist\u00eancia da selagem \u00e9 avaliada usando v\u00e1rios m\u00e9todos de teste.<\/li>\n<\/ol>\n<h2><strong>Avalia\u00e7\u00e3o da resist\u00eancia do selo t\u00e9rmico<\/strong><\/h2>\n<p>Uma vez que o processo de selagem a quente \u00e9 conclu\u00eddo, a resist\u00eancia da veda\u00e7\u00e3o \u00e9 avaliada para garantir que a veda\u00e7\u00e3o esteja intacta e dur\u00e1vel. Os m\u00e9todos de avalia\u00e7\u00e3o podem incluir:<\/p>\n<ul>\n<li><strong>Testes de continuidade de veda\u00e7\u00e3o<\/strong>:<br \/>\nEsses testes, como teste de vazamento de ar, penetra\u00e7\u00e3o de tinta e inspe\u00e7\u00e3o visual, garantem que a veda\u00e7\u00e3o seja cont\u00ednua e n\u00e3o tenha pontos fracos.<\/li>\n<li><strong>Testes microbianos e de barreira<\/strong>:<br \/>\nTestes adicionais podem incluir a avalia\u00e7\u00e3o da resist\u00eancia do material \u00e0 penetra\u00e7\u00e3o de microrganismos, garantindo que a veda\u00e7\u00e3o ofere\u00e7a prote\u00e7\u00e3o adequada ao produto interno.<\/li>\n<\/ul>\n<p>O <strong>Testador de selagem t\u00e9rmica HST-02<\/strong> oferece dados detalhados que ajudam os fabricantes a avaliar se seus materiais de embalagem atendem aos padr\u00f5es da ind\u00fastria para integridade e desempenho de embalagem.<\/p>\n<h2><strong>Par\u00e2metros principais do testador de selagem t\u00e9rmica HST-02<\/strong><\/h2>\n<table>\n<tbody>\n<tr>\n<td style=\"text-align: center;\" width=\"123\">Temperatura de veda\u00e7\u00e3o.<\/td>\n<td style=\"text-align: center;\" width=\"126\">Ambiente~300\u2103<\/td>\n<\/tr>\n<tr>\n<td style=\"text-align: center;\" width=\"123\">Desvio<\/td>\n<td style=\"text-align: center;\" width=\"126\">\u00b10,2\u2103<\/td>\n<\/tr>\n<tr>\n<td style=\"text-align: center;\" width=\"123\">Tempo de selagem<\/td>\n<td style=\"text-align: center;\" width=\"126\">0,1S~9999S<\/td>\n<\/tr>\n<tr>\n<td style=\"text-align: center;\" width=\"123\">Press\u00e3o de veda\u00e7\u00e3o<\/td>\n<td style=\"text-align: center;\" width=\"126\">0,15~0,7 MPa<\/td>\n<\/tr>\n<tr>\n<td style=\"text-align: center;\" width=\"123\">Mand\u00edbulas de foca<\/td>\n<td style=\"text-align: center;\" width=\"126\">330*10 mm C*L<\/td>\n<\/tr>\n<tr>\n<td style=\"text-align: center;\" width=\"123\">Press\u00e3o do g\u00e1s<\/td>\n<td style=\"text-align: center;\" width=\"126\">0,7 MPa<\/td>\n<\/tr>\n<tr>\n<td style=\"text-align: center;\" width=\"123\">Tamanho da porta<\/td>\n<td style=\"text-align: center;\" width=\"126\">Mangueira de PU \u04246 mm<\/td>\n<\/tr>\n<tr>\n<td style=\"text-align: center;\" width=\"123\">Poder<\/td>\n<td style=\"text-align: center;\" width=\"126\">CA 220 V 50 Hz<\/td>\n<\/tr>\n<\/tbody>\n<\/table>\n<p>Esses par\u00e2metros permitem que uma ampla gama de materiais sejam testados sob condi\u00e7\u00f5es controladas, garantindo resultados consistentes em diversas aplica\u00e7\u00f5es de embalagem.<\/p>\n<h4><strong>Vantagens de usar o testador de selagem t\u00e9rmica HST-02<\/strong><\/h4>\n<ul>\n<li><strong>Precis\u00e3o e repetibilidade<\/strong>:O HST-02 foi projetado para fornecer resultados de teste precisos e reproduz\u00edveis, controlando com precis\u00e3o os par\u00e2metros cr\u00edticos de veda\u00e7\u00e3o.<\/li>\n<li><strong>Versatilidade<\/strong>: O testador \u00e9 adequado para uso com uma variedade de materiais e tipos de embalagens, desde filmes pl\u00e1sticos b\u00e1sicos at\u00e9 materiais compostos complexos.<\/li>\n<li><strong>Conformidade com os padr\u00f5es da ind\u00fastria<\/strong>: Totalmente compat\u00edvel com ASTM F2029, garantindo que os resultados dos testes atendam aos padr\u00f5es de resist\u00eancia de veda\u00e7\u00e3o reconhecidos pela ind\u00fastria.<\/li>\n<li><strong>Controle de qualidade com boa rela\u00e7\u00e3o custo-benef\u00edcio<\/strong>: Ajuda os fabricantes a identificar pontos fracos nos lacres de embalagem antes da produ\u00e7\u00e3o em massa, evitando falhas dispendiosas na embalagem e perdas de produtos.<\/li>\n<\/ul>\n<p>O <strong>Testador de selagem a quente HST-02 para embalagens<\/strong> \u00e9 uma ferramenta vital para garantir a qualidade e a confiabilidade de materiais de embalagem selados a quente. Ao replicar condi\u00e7\u00f5es de selagem do mundo real, o HST-02 permite que os fabricantes testem completamente a selagem a quente dos materiais, garantindo que seus produtos atendam aos padr\u00f5es necess\u00e1rios de resist\u00eancia e integridade. N\u00e3o importa se voc\u00ea est\u00e1 na ind\u00fastria aliment\u00edcia, farmac\u00eautica ou de dispositivos m\u00e9dicos, o HST-02 ajuda voc\u00ea a atingir o mais alto n\u00edvel de qualidade e desempenho de embalagem.<\/p>\n<p>Este instrumento \u00e9 um investimento essencial para empresas que buscam manter o controle de qualidade, minimizar falhas de embalagem e melhorar a seguran\u00e7a e a durabilidade geral de seus produtos.<\/p>","protected":false},"excerpt":{"rendered":"<p>O <strong>Testador de selagem a quente para embalagens<\/strong> \u00e9 uma ferramenta essencial para testar a selagem a quente de v\u00e1rios materiais de embalagem, como filmes flex\u00edveis, laminados, pol\u00edmeros e compostos. Este instrumento de n\u00edvel laboratorial \u00e9 projetado para simular o processo de selagem real, permitindo que os fabricantes garantam a resist\u00eancia, confiabilidade e funcionalidade de suas selagens de embalagem. A selagem a quente eficaz \u00e9 vital para garantir a integridade de embalagens de alimentos, m\u00e9dicos, farmac\u00eauticos e produtos de consumo, onde a falha da embalagem pode levar ao comprometimento da seguran\u00e7a do produto, prazo de validade e usabilidade.<\/p>","protected":false},"featured_media":5905,"comment_status":"closed","ping_status":"closed","template":"","meta":{"site-sidebar-layout":"default","site-content-layout":"default","ast-global-header-display":"","ast-main-header-display":"","ast-hfb-above-header-display":"","ast-hfb-below-header-display":"","ast-hfb-mobile-header-display":"","site-post-title":"disabled","ast-breadcrumbs-content":"","ast-featured-img":"","footer-sml-layout":"","theme-transparent-header-meta":"default","adv-header-id-meta":"","stick-header-meta":"","header-above-stick-meta":"","header-main-stick-meta":"","header-below-stick-meta":""},"product_cat":[845,677,149,16,142,95],"product_tag":[],"class_list":{"0":"post-2371","1":"product","2":"type-product","3":"status-publish","4":"has-post-thumbnail","6":"product_cat-customization","7":"product_cat-heat-seal-tester","8":"product_cat-pharma-and-medical-testers","9":"product_cat-plastic-packaging-testers","10":"product_cat-astm-f2029","11":"product_cat-products","12":"desktop-align-left","13":"tablet-align-left","14":"mobile-align-left","16":"first","17":"instock","18":"featured","19":"shipping-taxable","20":"product-type-simple"},"_links":{"self":[{"href":"https:\/\/www.qualitester.com\/pt\/wp-json\/wp\/v2\/product\/2371","targetHints":{"allow":["GET"]}}],"collection":[{"href":"https:\/\/www.qualitester.com\/pt\/wp-json\/wp\/v2\/product"}],"about":[{"href":"https:\/\/www.qualitester.com\/pt\/wp-json\/wp\/v2\/types\/product"}],"replies":[{"embeddable":true,"href":"https:\/\/www.qualitester.com\/pt\/wp-json\/wp\/v2\/comments?post=2371"}],"version-history":[{"count":0,"href":"https:\/\/www.qualitester.com\/pt\/wp-json\/wp\/v2\/product\/2371\/revisions"}],"wp:featuredmedia":[{"embeddable":true,"href":"https:\/\/www.qualitester.com\/pt\/wp-json\/wp\/v2\/media\/5905"}],"wp:attachment":[{"href":"https:\/\/www.qualitester.com\/pt\/wp-json\/wp\/v2\/media?parent=2371"}],"wp:term":[{"taxonomy":"product_cat","embeddable":true,"href":"https:\/\/www.qualitester.com\/pt\/wp-json\/wp\/v2\/product_cat?post=2371"},{"taxonomy":"product_tag","embeddable":true,"href":"https:\/\/www.qualitester.com\/pt\/wp-json\/wp\/v2\/product_tag?post=2371"}],"curies":[{"name":"wp","href":"https:\/\/api.w.org\/{rel}","templated":true}]}}