{"id":1799,"date":"2023-04-27T07:55:53","date_gmt":"2023-04-26T23:55:53","guid":{"rendered":"https:\/\/www.qualitester.com\/?post_type=product&#038;p=1799"},"modified":"2024-12-04T14:39:32","modified_gmt":"2024-12-04T06:39:32","slug":"stretch-film-peel-cling-tester-spc-01","status":"publish","type":"product","link":"https:\/\/www.qualitester.com\/pt\/produto\/stretch-film-peel-cling-tester-spc-01\/","title":{"rendered":"Testador de pel\u00edcula el\u00e1stica SPC-01"},"content":{"rendered":"<h2>Introdu\u00e7\u00e3o ao Peel Cling Tester<\/h2>\n<p>O testador de ader\u00eancia de peeling ASTM D5458 mede a ader\u00eancia entre duas camadas de filme e ajuda a determinar a propriedade da capacidade do material de envolt\u00f3rio stretch de aderir a ele. No reino dos materiais de embalagem, garantir a seguran\u00e7a e a estabilidade do produto \u00e9 primordial em diversos setores. Entre esses materiais, o filme stretch, tamb\u00e9m conhecido como filme pl\u00e1stico, desempenha um papel crucial no empacotamento e prote\u00e7\u00e3o seguros de mercadorias durante o transporte e o armazenamento. Avaliar a qualidade de ader\u00eancia de peeling do filme stretch \u00e9 essencial para avaliar sua for\u00e7a de ades\u00e3o e desempenho geral.<\/p>\n<p><img fetchpriority=\"high\" decoding=\"async\" class=\"wp-image-4157 size-woocommerce_single aligncenter\" src=\"https:\/\/www.qualitester.com\/wp-content\/uploads\/2023\/04\/stretch-film-peel-cling-testser-600x600.jpg\" alt=\"testador de ader\u00eancia para pel\u00edcula pl\u00e1stica aderente da astm d5458\" width=\"600\" height=\"600\" srcset=\"https:\/\/www.qualitester.com\/wp-content\/uploads\/2023\/04\/stretch-film-peel-cling-testser-600x600.jpg 600w, https:\/\/www.qualitester.com\/wp-content\/uploads\/2023\/04\/stretch-film-peel-cling-testser-300x300.jpg 300w, https:\/\/www.qualitester.com\/wp-content\/uploads\/2023\/04\/stretch-film-peel-cling-testser-150x150.jpg 150w, https:\/\/www.qualitester.com\/wp-content\/uploads\/2023\/04\/stretch-film-peel-cling-testser-100x100.jpg 100w, https:\/\/www.qualitester.com\/wp-content\/uploads\/2023\/04\/stretch-film-peel-cling-testser.jpg 750w\" sizes=\"(max-width: 600px) 100vw, 600px\" \/><\/p>\n<h2>Por que o teste Peel Cling \u00e9 importante?<\/h2>\n<p>O teste de ader\u00eancia \u00e9 crucial para filmes stretch porque avalia a capacidade do filme de aderir a si mesmo e manter a integridade dos produtos embalados.<\/p>\n<h3>Estabilidade de carga<\/h3>\n<p>A fun\u00e7\u00e3o prim\u00e1ria do filme stretch \u00e9 estabilizar cargas durante o transporte e armazenamento. Se o filme n\u00e3o se agarrar corretamente a si mesmo, pode levar ao deslocamento da carga, o que pode causar danos \u00e0s mercadorias ou at\u00e9 mesmo acidentes durante o tr\u00e2nsito.<\/p>\n<h3>Prote\u00e7\u00e3o do produto<\/h3>\n<p>A ader\u00eancia adequada garante que os produtos embalados fiquem firmemente presos, protegendo-os de poeira, umidade e outros fatores externos que podem danific\u00e1-los ou contamin\u00e1-los.<\/p>\n<h3>Manuseio eficiente<\/h3>\n<p>Um filme stretch com boas propriedades de ader\u00eancia facilita o manuseio e o transporte de cargas paletizadas, reduzindo o risco de deslizamento ou separa\u00e7\u00e3o durante o manuseio.<\/p>\n<h3>Economia de custos<\/h3>\n<p>Propriedades de ader\u00eancia efetivas significam que menos filme \u00e9 necess\u00e1rio para embrulhar uma carga com seguran\u00e7a. Isso n\u00e3o apenas reduz os custos de material, mas tamb\u00e9m minimiza o impacto ambiental associado ao excesso de embalagem.<\/p>\n<h3>Satisfa\u00e7\u00e3o do cliente<\/h3>\n<p>Garantir que os produtos cheguem ao seu destino intactos e sem danos \u00e9 essencial para a satisfa\u00e7\u00e3o do cliente. O teste de ader\u00eancia adequado ajuda os fabricantes a manter a qualidade de seus produtos em toda a cadeia de suprimentos.<\/p>\n<p><img decoding=\"async\" class=\"wp-image-4156 size-woocommerce_single aligncenter\" src=\"https:\/\/www.qualitester.com\/wp-content\/uploads\/2023\/04\/astm-d5458-peel-cling-testing-machine-for-sale-600x600.jpg\" alt=\"testador de ader\u00eancia para pel\u00edcula pl\u00e1stica aderente da astm d5458\" width=\"600\" height=\"600\" srcset=\"https:\/\/www.qualitester.com\/wp-content\/uploads\/2023\/04\/astm-d5458-peel-cling-testing-machine-for-sale-600x600.jpg 600w, https:\/\/www.qualitester.com\/wp-content\/uploads\/2023\/04\/astm-d5458-peel-cling-testing-machine-for-sale-300x300.jpg 300w, https:\/\/www.qualitester.com\/wp-content\/uploads\/2023\/04\/astm-d5458-peel-cling-testing-machine-for-sale-150x150.jpg 150w, https:\/\/www.qualitester.com\/wp-content\/uploads\/2023\/04\/astm-d5458-peel-cling-testing-machine-for-sale-100x100.jpg 100w, https:\/\/www.qualitester.com\/wp-content\/uploads\/2023\/04\/astm-d5458-peel-cling-testing-machine-for-sale.jpg 750w\" sizes=\"(max-width: 600px) 100vw, 600px\" \/><\/p>\n<h2>Aplica\u00e7\u00e3o do teste de ader\u00eancia de casca em testes de materiais<\/h2>\n<p>O Peel Cling Tester serve como uma ferramenta vital na avalia\u00e7\u00e3o da for\u00e7a de ades\u00e3o entre duas camadas de filme stretch. Ao fornecer medi\u00e7\u00f5es precisas, este testador contribui significativamente para melhorar a qualidade e a seguran\u00e7a do produto em diversos setores, incluindo embalagens, alimentos, m\u00e9dicos e muito mais.<\/p>\n<h2>Conformidade com as Normas<\/h2>\n<ul>\n<li>O <a title=\"Testador de ader\u00eancia por descascamento ASTM D5458\" href=\"https:\/\/www.astm.org\/d5458-95r20.html\" target=\"_blank\" rel=\"noopener nofollow\"><span style=\"color: #3366ff;\"><strong>ASTM D5458<\/strong><\/span><\/a> O M\u00e9todo de Teste Padr\u00e3o para Stretch Wrap Peel Cling oferece uma abordagem padronizada para quantificar a for\u00e7a de ades\u00e3o entre camadas de filme. Este m\u00e9todo auxilia na determina\u00e7\u00e3o da camada de ades\u00e3o superior, seja externa ou interna.<\/li>\n<\/ul>\n<h2>Caracter\u00edsticas t\u00e9cnicas do Peel Cling Tester<\/h2>\n<ol>\n<li>Interface amig\u00e1vel: uma tela sens\u00edvel ao toque TFT de 7 polegadas garante f\u00e1cil opera\u00e7\u00e3o e intera\u00e7\u00e3o.<\/li>\n<li>Desempenho confi\u00e1vel: a unidade de controle PLC interna garante um desempenho consistente e confi\u00e1vel.<\/li>\n<li>Precis\u00e3o e exatid\u00e3o: utiliza um mecanismo de parafuso de esferas de precis\u00e3o para medi\u00e7\u00f5es precisas de velocidade e deslocamento.<\/li>\n<li>Velocidade de teste ajust\u00e1vel: permite flexibilidade nos par\u00e2metros de teste para atender a requisitos de teste espec\u00edficos.<\/li>\n<li>Interfer\u00eancia minimizada: diferentes conex\u00f5es de c\u00e9lulas de carga eliminam a interfer\u00eancia normalmente causada por atrito e gravidade, garantindo resultados precisos.<\/li>\n<li>Funcionalidade aprimorada: equipado com um dispositivo limitador e fun\u00e7\u00e3o de retorno autom\u00e1tico para maior conveni\u00eancia.<\/li>\n<li>Exibi\u00e7\u00e3o de dados em tempo real: fornece exibi\u00e7\u00e3o em tempo real das curvas de teste e registra valores de pico para an\u00e1lise.<\/li>\n<li>Uso vers\u00e1til: suporta taxas de alongamento de 50%, 100% e 200%, atendendo a uma ampla gama de necessidades de teste.<\/li>\n<li>Documenta\u00e7\u00e3o: Inclui uma microimpressora incorporada para documenta\u00e7\u00e3o conveniente dos resultados dos testes.<\/li>\n<li>Recursos opcionais: Oferece a op\u00e7\u00e3o de adicionar uma fun\u00e7\u00e3o de coeficiente de atrito para recursos de teste abrangentes.<\/li>\n<\/ol>\n<p>A qualidade de ader\u00eancia do filme stretch \u00e9 essencial para garantir a integridade e estabilidade dos produtos embalados durante o transporte e armazenamento. O Peel Cling Tester se destaca como uma solu\u00e7\u00e3o confi\u00e1vel para avaliar com precis\u00e3o a for\u00e7a de ades\u00e3o do filme stretch, contribuindo assim para melhorar a qualidade e a seguran\u00e7a do produto em diversos setores.<\/p>\n<h2>Como testar a for\u00e7a de ader\u00eancia do filme stretch?<\/h2>\n<div class=\"ast-oembed-container\" style=\"height: 100%;\"><iframe title=\"Instrumento de teste de pel\u00edcula el\u00e1stica de descascamento e ader\u00eancia | ASTM D5458\" width=\"500\" height=\"281\" src=\"https:\/\/www.youtube.com\/embed\/gRpUEGeIRNw?feature=oembed\" frameborder=\"0\" allow=\"accelerometer; autoplay; clipboard-write; encrypted-media; gyroscope; picture-in-picture; web-share\" referrerpolicy=\"strict-origin-when-cross-origin\" allowfullscreen><\/iframe><\/div>\n<h2>Perguntas frequentes<\/h2>\n<ol>\n<li>Quais ind\u00fastrias se beneficiam mais com <strong>teste de ader\u00eancia \u00e0 casca<\/strong>?<br \/>\nO teste de ader\u00eancia \u00e0 casca \u00e9 inestim\u00e1vel em setores como embalagens, alimentos, m\u00e9dicos e farmac\u00eauticos, onde a prote\u00e7\u00e3o de mercadorias durante o transporte \u00e9 essencial.<\/li>\n<li>Pode o <strong>Testador de ader\u00eancia de casca<\/strong> acomodar requisitos de testes personalizados?<br \/>\nSim, o Peel Cling Tester oferece par\u00e2metros ajust\u00e1veis, tornando-o adequado para diversas necessidades de teste, incluindo automa\u00e7\u00e3o personalizada.<\/li>\n<li>O teste de ader\u00eancia \u00e0 casca est\u00e1 em conformidade com os padr\u00f5es internacionais?<br \/>\nSem d\u00favida, os testes de ader\u00eancia por descascamento, conduzidos pelo Peel Cling Tester, seguem padr\u00f5es internacionais como o ASTM D5458, garantindo resultados precisos e confi\u00e1veis.<\/li>\n<li>Como o teste de ader\u00eancia \u00e0 casca contribui para o controle de qualidade?<br \/>\nO teste de ader\u00eancia por pel\u00edcula serve como uma medida essencial de controle de qualidade, garantindo a ader\u00eancia e o desempenho do filme stretch na prote\u00e7\u00e3o eficaz de produtos embalados.<\/li>\n<li>De que forma o Peel Cling Tester ajuda na economia de custos para as empresas?<br \/>\nAo avaliar com precis\u00e3o a for\u00e7a de ades\u00e3o, o Peel Cling Tester ajuda as empresas a otimizar seus processos de embalagem, minimizando o desperd\u00edcio de material e garantindo a utiliza\u00e7\u00e3o eficiente de recursos.<\/li>\n<\/ol>\n<h2>Instrumentos de teste relacionados<\/h2>\n<p><img decoding=\"async\" class=\"alignnone wp-image-4121 size-woocommerce_single\" src=\"https:\/\/www.qualitester.com\/wp-content\/uploads\/2023\/04\/TST-01-Tensile-Tester-puncture-test-1-1-600x600.jpg\" alt=\"Testador de perfura\u00e7\u00e3o de filme el\u00e1stico ASTM D5748\" width=\"600\" height=\"600\" srcset=\"https:\/\/www.qualitester.com\/wp-content\/uploads\/2023\/04\/TST-01-Tensile-Tester-puncture-test-1-1-600x600.jpg 600w, https:\/\/www.qualitester.com\/wp-content\/uploads\/2023\/04\/TST-01-Tensile-Tester-puncture-test-1-1-300x300.jpg 300w, https:\/\/www.qualitester.com\/wp-content\/uploads\/2023\/04\/TST-01-Tensile-Tester-puncture-test-1-1-150x150.jpg 150w, https:\/\/www.qualitester.com\/wp-content\/uploads\/2023\/04\/TST-01-Tensile-Tester-puncture-test-1-1-100x100.jpg 100w, https:\/\/www.qualitester.com\/wp-content\/uploads\/2023\/04\/TST-01-Tensile-Tester-puncture-test-1-1.jpg 750w\" sizes=\"(max-width: 600px) 100vw, 600px\" \/><\/p>\n<p>TST-01 <a title=\"Testador de perfura\u00e7\u00e3o ASTM D5748\" href=\"https:\/\/www.qualitester.com\/pt\/produto\/tensile-tester-tst-01\/\" target=\"_blank\" rel=\"noopener\"><span style=\"color: #3366ff;\">Testador de tra\u00e7\u00e3o<\/span><\/a> para protrus\u00e3o <strong>Resist\u00eancia \u00e0 perfura\u00e7\u00e3o do filme Stretch Wrap<\/strong><\/p>","protected":false},"excerpt":{"rendered":"<p>O filme stretch, tamb\u00e9m conhecido como filme pl\u00e1stico, desempenha um papel crucial no empacotamento e prote\u00e7\u00e3o seguros de mercadorias durante o transporte e armazenamento. Avaliar a qualidade de peel cling do filme stretch \u00e9 essencial para avaliar sua for\u00e7a de ades\u00e3o e desempenho geral.<\/p>","protected":false},"featured_media":6101,"comment_status":"closed","ping_status":"closed","template":"","meta":{"site-sidebar-layout":"default","site-content-layout":"default","ast-global-header-display":"","ast-main-header-display":"","ast-hfb-above-header-display":"","ast-hfb-below-header-display":"","ast-hfb-mobile-header-display":"","site-post-title":"disabled","ast-breadcrumbs-content":"","ast-featured-img":"disabled","footer-sml-layout":"","theme-transparent-header-meta":"default","adv-header-id-meta":"","stick-header-meta":"","header-above-stick-meta":"","header-main-stick-meta":"","header-below-stick-meta":""},"product_cat":[845,681,16,390,95],"product_tag":[],"class_list":{"0":"post-1799","1":"product","2":"type-product","3":"status-publish","4":"has-post-thumbnail","6":"product_cat-customization","7":"product_cat-peel-tester","8":"product_cat-plastic-packaging-testers","9":"product_cat-astm-d5458","10":"product_cat-products","11":"desktop-align-left","12":"tablet-align-left","13":"mobile-align-left","15":"first","16":"instock","17":"shipping-taxable","18":"product-type-simple"},"_links":{"self":[{"href":"https:\/\/www.qualitester.com\/pt\/wp-json\/wp\/v2\/product\/1799","targetHints":{"allow":["GET"]}}],"collection":[{"href":"https:\/\/www.qualitester.com\/pt\/wp-json\/wp\/v2\/product"}],"about":[{"href":"https:\/\/www.qualitester.com\/pt\/wp-json\/wp\/v2\/types\/product"}],"replies":[{"embeddable":true,"href":"https:\/\/www.qualitester.com\/pt\/wp-json\/wp\/v2\/comments?post=1799"}],"version-history":[{"count":0,"href":"https:\/\/www.qualitester.com\/pt\/wp-json\/wp\/v2\/product\/1799\/revisions"}],"wp:featuredmedia":[{"embeddable":true,"href":"https:\/\/www.qualitester.com\/pt\/wp-json\/wp\/v2\/media\/6101"}],"wp:attachment":[{"href":"https:\/\/www.qualitester.com\/pt\/wp-json\/wp\/v2\/media?parent=1799"}],"wp:term":[{"taxonomy":"product_cat","embeddable":true,"href":"https:\/\/www.qualitester.com\/pt\/wp-json\/wp\/v2\/product_cat?post=1799"},{"taxonomy":"product_tag","embeddable":true,"href":"https:\/\/www.qualitester.com\/pt\/wp-json\/wp\/v2\/product_tag?post=1799"}],"curies":[{"name":"wp","href":"https:\/\/api.w.org\/{rel}","templated":true}]}}