{"id":1752,"date":"2023-04-26T14:42:13","date_gmt":"2023-04-26T06:42:13","guid":{"rendered":"https:\/\/www.qualitester.com\/?post_type=product&#038;p=1752"},"modified":"2024-12-04T11:12:27","modified_gmt":"2024-12-04T03:12:27","slug":"motorized-cap-torque-tester-mct-01","status":"publish","type":"product","link":"https:\/\/www.qualitester.com\/pt\/produto\/motorized-cap-torque-tester-mct-01\/","title":{"rendered":"MCT-01 Testador de torque de tampa motorizada"},"content":{"rendered":"<h2>Introdu\u00e7\u00e3o<\/h2>\n<p>O <strong>Testador de torque autom\u00e1tico de tampa (MCT-01)<\/strong> \u00e9 um instrumento altamente preciso e eficiente projetado para medir as for\u00e7as de abertura e travamento de tampas em v\u00e1rios tipos de recipientes. Este teste \u00e9 cr\u00edtico em aplica\u00e7\u00f5es de embalagem em ind\u00fastrias como farmac\u00eautica, alimentos e bebidas, dispositivos m\u00e9dicos e produtos de consumo. Medi\u00e7\u00f5es de torque adequadas garantem que as tampas sejam seladas com seguran\u00e7a para transporte, mas f\u00e1ceis para os consumidores abrirem, oferecendo seguran\u00e7a e conveni\u00eancia. Com sua tecnologia avan\u00e7ada, o MCT-01 fornece medi\u00e7\u00f5es de torque confi\u00e1veis e precisas que s\u00e3o essenciais para o controle de qualidade e conformidade com os padr\u00f5es da ind\u00fastria.<\/p>\n<h2>\u00c1reas de aplica\u00e7\u00e3o<\/h2>\n<p>O <strong>Testador de torque de tampa autom\u00e1tica<\/strong> \u00e9 amplamente utilizado em v\u00e1rios setores, incluindo:<\/p>\n<ul>\n<li><strong>Ind\u00fastria de embalagens<\/strong>: Garante que recipientes como garrafas PET, sacos com bico, frascos de medicamentos e embalagens de tubos flex\u00edveis atendam aos requisitos necess\u00e1rios de for\u00e7a de abertura e veda\u00e7\u00e3o.<\/li>\n<li><strong>Dispositivos Farmac\u00eauticos e M\u00e9dicos<\/strong>: Garante que os recipientes de medicamentos sejam selados de forma eficaz, reduzindo o risco de contamina\u00e7\u00e3o ou adultera\u00e7\u00e3o.<\/li>\n<li><strong>Alimentos e Bebidas<\/strong>: Verifica o torque das tampas das garrafas para garantir a facilidade de abertura, mantendo a integridade do produto.<\/li>\n<li><strong>Bens de consumo<\/strong>: Ajuda a testar a funcionalidade da tampa para diversas embalagens de consumo, garantindo o equil\u00edbrio certo entre a resist\u00eancia do selo e a conveni\u00eancia do usu\u00e1rio.<\/li>\n<li><strong>Solu\u00e7\u00f5es de teste personalizadas<\/strong>: A Cell Instruments tamb\u00e9m \u00e9 especializada em fornecer requisitos de testes personalizados para atender \u00e0s necessidades exclusivas de diferentes setores.<\/li>\n<\/ul>\n<h2>Processo de teste<\/h2>\n<p>O processo de teste com o <strong>Testador de torque de tampa autom\u00e1tica<\/strong> (MCT-01) \u00e9 totalmente automatizado para facilitar o uso:<\/p>\n<ul>\n<li><strong>Carregamento de amostra<\/strong>: O frasco e a tampa s\u00e3o colocados no testador, com a bra\u00e7adeira pneum\u00e1tica do frasco e a bra\u00e7adeira pneum\u00e1tica da tampa engatando automaticamente para prender a amostra.<\/li>\n<li><strong>Inicia\u00e7\u00e3o do teste<\/strong>: Ao pressionar o <strong>TESTE<\/strong> bot\u00e3o, a pin\u00e7a inferior inicia a rota\u00e7\u00e3o, abrindo ou fechando a garrafa, dependendo dos requisitos do teste.<\/li>\n<li><strong>Medi\u00e7\u00e3o de Torque<\/strong>: Durante a rota\u00e7\u00e3o, a for\u00e7a de torque \u00e9 precisamente medida e registrada em tempo real. O sistema ret\u00e9m automaticamente os valores de pico de torque para for\u00e7as de abertura e travamento.<\/li>\n<li><strong>An\u00e1lise de dados<\/strong>: Os dados de torque medidos s\u00e3o exibidos em v\u00e1rias unidades, incluindo Kgf.cm, N.cm, daN.cm, Inch.lbs e Nm, permitindo uma an\u00e1lise abrangente e controle de qualidade.<\/li>\n<\/ul>\n<h2>Caracter\u00edsticas t\u00e9cnicas<\/h2>\n<ul>\n<li><strong>Unidade controlada por PLC<\/strong>:Para estabilidade de n\u00edvel industrial, o testador opera com uma unidade controlada por CLP e uma interface de tela sens\u00edvel ao toque HMI intuitiva.<\/li>\n<li><strong>Fixa\u00e7\u00e3o pneum\u00e1tica dupla<\/strong>: As pin\u00e7as pneum\u00e1ticas superiores e inferiores garantem testes seguros sem danificar a garrafa ou a tampa.<\/li>\n<li><strong>Medi\u00e7\u00e3o autom\u00e1tica de rota\u00e7\u00e3o e torque<\/strong>: Simula condi\u00e7\u00f5es de produ\u00e7\u00e3o do mundo real com rota\u00e7\u00e3o autom\u00e1tica, tornando o sistema ideal para garantia de qualidade.<\/li>\n<li><strong>Medi\u00e7\u00e3o multi-unidade<\/strong>: Exibe torque em Kgf.cm, N.cm, daN.cm, Inch.lbs e Nm para an\u00e1lise flex\u00edvel.<\/li>\n<li><strong>Prote\u00e7\u00e3o contra sobrecarga e zeragem autom\u00e1tica<\/strong>: O sistema inclui prote\u00e7\u00e3o contra sobrecarga para garantir medi\u00e7\u00f5es confi\u00e1veis e consistentes e uma fun\u00e7\u00e3o de zeragem autom\u00e1tica para leituras precisas.<\/li>\n<li><strong>Porta RS232 e Software<\/strong>: Opcionalmente dispon\u00edvel com uma porta RS232 e software de computador profissional para relat\u00f3rios detalhados e gerenciamento de dados.<\/li>\n<li><strong>Micro Impressora<\/strong>: Fornece impress\u00f5es instant\u00e2neas para refer\u00eancia r\u00e1pida durante a produ\u00e7\u00e3o e os testes.<\/li>\n<\/ul>\n<h2>Principais Padr\u00f5es<\/h2>\n<p>O <strong>Testador de torque autom\u00e1tico de tampa (MCT-01)<\/strong> est\u00e1 em conformidade com os padr\u00f5es da ind\u00fastria, garantindo que atenda aos rigorosos requisitos de garantia de qualidade:<\/p>\n<ul>\n<li><strong><a href=\"https:\/\/www.astm.org\/d2063_d2063m-10r18.html\" target=\"_blank\" rel=\"noopener nofollow\">ASTM D2063<\/a>: M\u00e9todo de teste padr\u00e3o para o torque (for\u00e7a) de sistemas de fechamento para recipientes embalados assepticamente<\/strong><br \/>\n<a href=\"https:\/\/www.qualitester.com\/pt\/categoria-produto\/astm\/astm-d2063\/\" target=\"_blank\" rel=\"noopener\">ASTM D2063<\/a> descreve o m\u00e9todo para determinar o torque necess\u00e1rio para abrir e fechar sistemas de fechamento ass\u00e9ptico, o que \u00e9 particularmente cr\u00edtico em embalagens farmac\u00eauticas e aliment\u00edcias. Este padr\u00e3o garante que o torque seja suficiente para fornecer uma veda\u00e7\u00e3o herm\u00e9tica, ao mesmo tempo em que permite f\u00e1cil abertura pelo consumidor.<\/li>\n<li><strong><a href=\"https:\/\/www.astm.org\/d3198-97r02.html\" target=\"_blank\" rel=\"noopener nofollow\">ASTM D3198<\/a>: M\u00e9todo de teste padr\u00e3o para medir o torque (for\u00e7a) de sistemas de fechamento para garrafas e recipientes<\/strong><br \/>\n<a href=\"https:\/\/www.qualitester.com\/pt\/categoria-produto\/astm\/astm-d3198\/\" target=\"_blank\" rel=\"noopener\">ASTM D3198<\/a> fornece diretrizes para testar a for\u00e7a de torque de tampas e sistemas de fechamento em recipientes como garrafas e potes. Ele se concentra em garantir que as tampas sejam devidamente seladas durante a fabrica\u00e7\u00e3o e possam ser abertas com seguran\u00e7a pelos consumidores.<\/li>\n<li><strong><a href=\"https:\/\/www.astm.org\/d3474-90r18.html\" target=\"_blank\" rel=\"noopener nofollow\">ASTM D3474<\/a>: M\u00e9todo de teste padr\u00e3o para determinar o torque (for\u00e7a) de fechos em recipientes<\/strong><br \/>\n<a href=\"https:\/\/www.qualitester.com\/pt\/categoria-produto\/astm\/astm-d3474\/\">ASTM D3474<\/a> define um m\u00e9todo para testar o torque de fechamento em v\u00e1rios recipientes, garantindo que as tampas sejam aplicadas com o torque correto durante a produ\u00e7\u00e3o. Este padr\u00e3o ajuda a manter o desempenho consistente do produto e a seguran\u00e7a da embalagem.<\/li>\n<li><strong>Outras Normas Relevantes<\/strong>:<br \/>\nO MCT-01 tamb\u00e9m adere a padr\u00f5es adicionais, como <strong>GB\/T17876<\/strong>, <strong>BB\/T0025<\/strong>, e <strong>BB\/T0034<\/strong>, que fornecem diretrizes para testes de embalagem e fechamento em diferentes mercados e regi\u00f5es.<\/li>\n<\/ul>\n<h2>Benef\u00edcios de usar o <strong>Testador de torque de tampa autom\u00e1tica<\/strong><\/h2>\n<ul>\n<li><strong>Precis\u00e3o e confiabilidade<\/strong>: O MCT-01 fornece medi\u00e7\u00f5es de torque altamente precisas e repet\u00edveis, essenciais para garantir a veda\u00e7\u00e3o adequada dos recipientes e facilidade de uso pelo consumidor.<\/li>\n<li><strong>Facilidade de uso<\/strong>: Com uma interface de tela sens\u00edvel ao toque intuitiva e fun\u00e7\u00f5es de teste totalmente automatizadas, o sistema \u00e9 f\u00e1cil de operar, tornando-o ideal para operadores novos e experientes.<\/li>\n<li><strong>Controle de qualidade aprimorado<\/strong>: Ajuda os fabricantes a atender aos rigorosos padr\u00f5es da ind\u00fastria avaliando com precis\u00e3o as for\u00e7as de torque da tampa, melhorando a qualidade do produto e garantindo a seguran\u00e7a do consumidor.<\/li>\n<li><strong>Conformidade com os padr\u00f5es da ind\u00fastria<\/strong>: O testador atende \u00e0s normas ASTM D2063, ASTM D3198 e ASTM D3474, proporcionando tranquilidade de que os produtos est\u00e3o em conformidade com as regulamenta\u00e7\u00f5es globais de garantia de qualidade.<\/li>\n<\/ul>","protected":false},"excerpt":{"rendered":"<p>O <strong>Testador de torque autom\u00e1tico de tampa (MCT-01)<\/strong> \u00e9 um instrumento altamente preciso e eficiente projetado para medir as for\u00e7as de abertura e travamento de tampas em v\u00e1rios tipos de recipientes. Este teste \u00e9 cr\u00edtico em aplica\u00e7\u00f5es de embalagem em ind\u00fastrias como farmac\u00eautica, alimentos e bebidas, dispositivos m\u00e9dicos e produtos de consumo. Medi\u00e7\u00f5es de torque adequadas garantem que as tampas sejam seladas com seguran\u00e7a para transporte, mas f\u00e1ceis para os consumidores abrirem, oferecendo seguran\u00e7a e conveni\u00eancia. Com sua tecnologia avan\u00e7ada, o MCT-01 fornece medi\u00e7\u00f5es de torque confi\u00e1veis e precisas que s\u00e3o essenciais para o controle de qualidade e conformidade com os padr\u00f5es da ind\u00fastria.<\/p>","protected":false},"featured_media":6020,"comment_status":"closed","ping_status":"closed","template":"","meta":{"site-sidebar-layout":"default","site-content-layout":"default","ast-global-header-display":"","ast-main-header-display":"","ast-hfb-above-header-display":"","ast-hfb-below-header-display":"","ast-hfb-mobile-header-display":"","site-post-title":"disabled","ast-breadcrumbs-content":"","ast-featured-img":"disabled","footer-sml-layout":"","theme-transparent-header-meta":"default","adv-header-id-meta":"","stick-header-meta":"","header-above-stick-meta":"","header-main-stick-meta":"","header-below-stick-meta":""},"product_cat":[845,687,17,124,125,128,95],"product_tag":[],"class_list":{"0":"post-1752","1":"product","2":"type-product","3":"status-publish","4":"has-post-thumbnail","6":"product_cat-customization","7":"product_cat-torque-tester","8":"product_cat-package-container-testers","9":"product_cat-astm-d2063","10":"product_cat-astm-d3198","11":"product_cat-astm-d3474","12":"product_cat-products","13":"desktop-align-left","14":"tablet-align-left","15":"mobile-align-left","17":"first","18":"instock","19":"shipping-taxable","20":"product-type-simple"},"_links":{"self":[{"href":"https:\/\/www.qualitester.com\/pt\/wp-json\/wp\/v2\/product\/1752","targetHints":{"allow":["GET"]}}],"collection":[{"href":"https:\/\/www.qualitester.com\/pt\/wp-json\/wp\/v2\/product"}],"about":[{"href":"https:\/\/www.qualitester.com\/pt\/wp-json\/wp\/v2\/types\/product"}],"replies":[{"embeddable":true,"href":"https:\/\/www.qualitester.com\/pt\/wp-json\/wp\/v2\/comments?post=1752"}],"version-history":[{"count":0,"href":"https:\/\/www.qualitester.com\/pt\/wp-json\/wp\/v2\/product\/1752\/revisions"}],"wp:featuredmedia":[{"embeddable":true,"href":"https:\/\/www.qualitester.com\/pt\/wp-json\/wp\/v2\/media\/6020"}],"wp:attachment":[{"href":"https:\/\/www.qualitester.com\/pt\/wp-json\/wp\/v2\/media?parent=1752"}],"wp:term":[{"taxonomy":"product_cat","embeddable":true,"href":"https:\/\/www.qualitester.com\/pt\/wp-json\/wp\/v2\/product_cat?post=1752"},{"taxonomy":"product_tag","embeddable":true,"href":"https:\/\/www.qualitester.com\/pt\/wp-json\/wp\/v2\/product_tag?post=1752"}],"curies":[{"name":"wp","href":"https:\/\/api.w.org\/{rel}","templated":true}]}}