{"id":1694,"date":"2023-04-25T16:20:00","date_gmt":"2023-04-25T08:20:00","guid":{"rendered":"https:\/\/www.qualitester.com\/?post_type=product&#038;p=1694"},"modified":"2024-12-02T15:38:46","modified_gmt":"2024-12-02T07:38:46","slug":"hot-tack-tester-htt-02","status":"publish","type":"product","link":"https:\/\/www.qualitester.com\/pt\/produto\/hot-tack-tester-htt-02\/","title":{"rendered":"Testador de hot tack HTT-02"},"content":{"rendered":"<p>O HTT-02 Hot Tack Tester \u00e9 um instrumento especializado concebido para medir a for\u00e7a de ader\u00eancia a quente de materiais selados a quente. Avalia a capacidade dos selos t\u00e9rmicos para resistir a for\u00e7as que tentam separ\u00e1-los enquanto ainda est\u00e3o num estado quente. Esta propriedade \u00e9 particularmente importante em aplica\u00e7\u00f5es de embalagem em que os sacos ou bolsas selados a quente t\u00eam de manter a sua integridade sob tens\u00e3o imediatamente ap\u00f3s a selagem. O aparelho de teste est\u00e1 em conformidade com <a href=\"https:\/\/www.qualitester.com\/pt\/categoria-produto\/astm\/astm-f1921\/\" target=\"_blank\" rel=\"noopener\"><strong>Norma ASTM F1921<\/strong><\/a>garantindo resultados consistentes e fi\u00e1veis.<\/p>\n<h2><strong>Aplica\u00e7\u00f5es do verificador de ader\u00eancia a quente HTT-02<\/strong><\/h2>\n<p>O teste de ader\u00eancia a quente \u00e9 fundamental nas ind\u00fastrias que utilizam selos t\u00e9rmicos para embalagens, tais como:<\/p>\n<ul>\n<li><strong>Embalagem de alimentos:<\/strong> Para aplica\u00e7\u00f5es como sacos de snacks, bolsas de alimentos congelados e sacos de caf\u00e9, em que os selos t\u00eam de suportar for\u00e7as elevadas durante a embalagem.<\/li>\n<li><strong>Embalagem farmac\u00eautica:<\/strong> Garante a integridade das bolsas termosseladas utilizadas para dispositivos m\u00e9dicos, blisters e embalagens esterilizadas.<\/li>\n<li><strong>Embalagens de produtos industriais e de consumo:<\/strong> Ensaio de materiais de embalagem, tais como adesivos, produtos qu\u00edmicos e sacos pesados.<\/li>\n<li><strong>T\u00eaxteis e eletr\u00f3nica:<\/strong> Valida a fiabilidade da embalagem de componentes e produtos sens\u00edveis.<\/li>\n<\/ul>\n<p>O <strong>Testador de hot tack HTT-02<\/strong> \u00e9 perfeito para garantir o desempenho das embalagens termo-seladas em <strong>vertical de forma\u00e7\u00e3o-enchimento-selagem (VFFS)<\/strong> processos em que os vedantes t\u00eam de resistir a tens\u00f5es mec\u00e2nicas antes de arrefecerem completamente.<\/p>\n<h2><strong>Import\u00e2ncia da propriedade Hot Tack na embalagem<\/strong><\/h2>\n<p>A ader\u00eancia a quente \u00e9 um fator crucial para garantir que os selos t\u00e9rmicos permanecem intactos imediatamente ap\u00f3s a selagem, mesmo na presen\u00e7a de for\u00e7as externas. Nos sistemas verticais de embalagem form-fill-seal, muitas vezes n\u00e3o h\u00e1 tempo de arrefecimento entre o processo de selagem e a inser\u00e7\u00e3o dos produtos. O <strong>for\u00e7a de ader\u00eancia quente<\/strong> de uma embalagem determina se esta consegue suportar o peso e a press\u00e3o do conte\u00fado sem se rasgar ou abrir prematuramente. Isto \u00e9 particularmente importante quando se embalam produtos pesados ou cheios de l\u00edquidos, uma vez que a embalagem deve resistir \u00e0 deforma\u00e7\u00e3o durante o processamento e o transporte.<\/p>\n<h2><strong>Vis\u00e3o geral da ASTM F1921<\/strong><\/h2>\n<p><a href=\"https:\/\/www.astm.org\/f1921_f1921m-12r18.html\" target=\"_blank\" rel=\"noopener nofollow\"><strong>Norma ASTM F1921<\/strong><\/a> \u00e9 o m\u00e9todo de ensaio normalizado para medir a resist\u00eancia \u00e0 ader\u00eancia a quente de materiais termopl\u00e1sticos. Este ensaio avalia a capacidade de os selos t\u00e9rmicos resistirem \u00e0 separa\u00e7\u00e3o quando sujeitos a for\u00e7as mec\u00e2nicas imediatamente ap\u00f3s a selagem. A norma define dois m\u00e9todos de ensaio:<\/p>\n<ul>\n<li><strong>M\u00e9todo A:<\/strong> Envolve a medi\u00e7\u00e3o da for\u00e7a de ader\u00eancia a quente imediatamente ap\u00f3s a forma\u00e7\u00e3o do selo t\u00e9rmico.<\/li>\n<li><strong>M\u00e9todo B:<\/strong> Mede a for\u00e7a de veda\u00e7\u00e3o depois de se deixar arrefecer a amostra em condi\u00e7\u00f5es controladas.<\/li>\n<\/ul>\n<p>Ambos os m\u00e9todos fornecem dados cr\u00edticos para avaliar a fiabilidade e o desempenho dos selos t\u00e9rmicos numa vasta gama de materiais de embalagem.<\/p>\n<h2><strong>M\u00e9todo de ensaio de ader\u00eancia a quente<\/strong><\/h2>\n<p>O processo de ensaio de ader\u00eancia a quente envolve a selagem de uma tira de amostra entre duas garras aquecidas, a aplica\u00e7\u00e3o de press\u00e3o e a sujei\u00e7\u00e3o da amostra a um ambiente controlado. O processo inclui:<\/p>\n<ol>\n<li><strong>Prepara\u00e7\u00e3o da amostra:<\/strong> A amostra \u00e9 preparada e condicionada de acordo com as especifica\u00e7\u00f5es ASTM F1921.<\/li>\n<li><strong>Execu\u00e7\u00e3o do teste:<\/strong> A amostra \u00e9 selada entre duas mand\u00edbulas aquecidas a uma temperatura e press\u00e3o definidas. O tempo de perman\u00eancia (tempo de contacto) \u00e9 ajust\u00e1vel, variando entre 0,1 e 9999 segundos para os ensaios de selagem a quente e de ader\u00eancia a quente.<\/li>\n<li><strong>Medi\u00e7\u00e3o:<\/strong> A for\u00e7a de ader\u00eancia a quente, que \u00e9 a for\u00e7a da veda\u00e7\u00e3o enquanto ainda est\u00e1 quente, \u00e9 medida durante o teste. O teste pode ser repetido com temperaturas, press\u00f5es e tempos de espera vari\u00e1veis para determinar as condi\u00e7\u00f5es de veda\u00e7\u00e3o ideais.<\/li>\n<\/ol>\n<h2><strong>Par\u00e2metros-chave de ensaio:<\/strong><\/h2>\n<table>\n<tbody>\n<tr>\n<td style=\"text-align: center;\" width=\"123\">Temperatura de veda\u00e7\u00e3o.<\/td>\n<td style=\"text-align: center;\" width=\"251\">Ambiente~250\u2103<\/td>\n<\/tr>\n<tr>\n<td style=\"text-align: center;\" width=\"123\">Precis\u00e3o de temperatura<\/td>\n<td style=\"text-align: center;\" width=\"251\">\u00b10,2\u2103<\/td>\n<\/tr>\n<tr>\n<td style=\"text-align: center;\" width=\"123\">Tempo de perman\u00eancia<\/td>\n<td style=\"text-align: center;\" width=\"251\">0,1~9999s (selagem t\u00e9rmica)<\/td>\n<\/tr>\n<tr>\n<td style=\"text-align: center;\" width=\"123\">Tempo de perman\u00eancia<\/td>\n<td style=\"text-align: center;\" width=\"251\">0,1~9999s (ader\u00eancia quente)<\/td>\n<\/tr>\n<tr>\n<td style=\"text-align: center;\" width=\"123\">Press\u00e3o de veda\u00e7\u00e3o<\/td>\n<td style=\"text-align: center;\" width=\"251\">0,15 MPa ~ 0,7 MPa<\/td>\n<\/tr>\n<tr>\n<td style=\"text-align: center;\" width=\"123\">Mand\u00edbulas de veda\u00e7\u00e3o<\/td>\n<td style=\"text-align: center;\" width=\"251\">50mmx10mm revestido de teflon<\/td>\n<\/tr>\n<tr>\n<td style=\"text-align: center;\" width=\"123\">Aquecimento de mand\u00edbulas<\/td>\n<td style=\"text-align: center;\" width=\"251\">Aquecimento Duplo<\/td>\n<\/tr>\n<tr>\n<td style=\"text-align: center;\" width=\"123\">C\u00e9lula de carga<\/td>\n<td style=\"text-align: center;\" width=\"251\">200N (Opcional: 30N50N100N, etc)<\/td>\n<\/tr>\n<tr>\n<td style=\"text-align: center;\" width=\"123\">Precis\u00e3o<\/td>\n<td style=\"text-align: center;\" width=\"251\">0,5 graus Celsius<\/td>\n<\/tr>\n<tr>\n<td style=\"text-align: center;\" width=\"123\">Resolu\u00e7\u00e3o<\/td>\n<td style=\"text-align: center;\" width=\"251\">0,01N<\/td>\n<\/tr>\n<tr>\n<td style=\"text-align: center;\" width=\"123\">Poder<\/td>\n<td style=\"text-align: center;\" width=\"251\">220 V, 50 Hz<\/td>\n<\/tr>\n<\/tbody>\n<\/table>\n<h2><strong>Carater\u00edsticas t\u00e9cnicas do aparelho de teste de ader\u00eancia HTT-02<\/strong><\/h2>\n<ul>\n<li><strong>Controlado por PLC:<\/strong> Proporciona estabilidade e precis\u00e3o a n\u00edvel industrial nos ensaios.<\/li>\n<li><strong>HMI de f\u00e1cil utiliza\u00e7\u00e3o:<\/strong> A interface de ecr\u00e3 t\u00e1til de 7 polegadas permite uma opera\u00e7\u00e3o e ajustes f\u00e1ceis.<\/li>\n<li><strong>Conformidade com a norma ASTM F1921:<\/strong> Suporta ambos <strong>M\u00e9todo A<\/strong> e <strong>M\u00e9todo B<\/strong> ensaios de ader\u00eancia a quente, garantindo que os seus ensaios est\u00e3o em conformidade com as normas da ind\u00fastria.<\/li>\n<li><strong>Controlo avan\u00e7ado da temperatura:<\/strong> O controlo P.I.D. (Proporcional-Integral-Derivativo) assegura uma gest\u00e3o precisa da temperatura para resultados fi\u00e1veis e repet\u00edveis.<\/li>\n<li><strong>Constru\u00e7\u00e3o duradoura:<\/strong> Os mordentes de veda\u00e7\u00e3o encapsulados em alum\u00ednio foram concebidos para uma durabilidade e desempenho a longo prazo.<\/li>\n<li><strong>Caracter\u00edsticas de seguran\u00e7a:<\/strong> A coloca\u00e7\u00e3o em zero autom\u00e1tica, a prote\u00e7\u00e3o contra sobrecarga e a prote\u00e7\u00e3o contra excesso de percurso garantem um funcionamento seguro.<\/li>\n<li><strong>Gerenciamento de dados:<\/strong> A porta RS232 e o software opcional permitem a recolha e an\u00e1lise avan\u00e7adas de dados.<\/li>\n<\/ul>\n<h2><strong>Vantagens da utiliza\u00e7\u00e3o do verificador de ader\u00eancia HTT-02<\/strong><\/h2>\n<ul>\n<li><strong>Desempenho optimizado da embalagem:<\/strong> Assegura que os selos t\u00e9rmicos podem suportar o stress mec\u00e2nico imediatamente ap\u00f3s a selagem, reduzindo as falhas do produto.<\/li>\n<li><strong>Em conformidade com a norma ASTM F1921:<\/strong> Fornece resultados fi\u00e1veis que est\u00e3o totalmente em conformidade com a norma ASTM F1921, garantindo testes consistentes em diferentes aplica\u00e7\u00f5es.<\/li>\n<li><strong>Versatilidade:<\/strong> Ideal para uma vasta gama de materiais e tipos de embalagens, desde produtos alimentares e farmac\u00eauticos a produtos industriais e de consumo.<\/li>\n<li><strong>Melhoria do controlo de qualidade:<\/strong> Ajuda os fabricantes a identificar selos fracos e a otimizar os processos de embalagem, melhorando a prote\u00e7\u00e3o do produto e reduzindo o desperd\u00edcio.<\/li>\n<\/ul>\n<h2><strong>Servi\u00e7os de personaliza\u00e7\u00e3o e automatiza\u00e7\u00e3o<\/strong><\/h2>\n<p>Na Cell Instruments, entendemos que cada ambiente de teste \u00e9 \u00fanico. Oferecemos solu\u00e7\u00f5es personalizadas para necessidades de teste espec\u00edficas e as nossas capacidades de automatiza\u00e7\u00e3o ajudam a melhorar a efici\u00eancia dos testes em linhas de produ\u00e7\u00e3o de grande volume. Quer necessite de configura\u00e7\u00f5es \u00fanicas de c\u00e9lulas de carga ou de integra\u00e7\u00e3o de automa\u00e7\u00e3o avan\u00e7ada, estamos empenhados em fornecer solu\u00e7\u00f5es personalizadas que satisfa\u00e7am as suas especifica\u00e7\u00f5es exactas.<\/p>\n<p>O HTT-02 Hot Tack Tester \u00e9 uma ferramenta essencial para garantir que as embalagens seladas a quente t\u00eam um desempenho fi\u00e1vel em condi\u00e7\u00f5es reais. Quer se trate de embalagens alimentares, farmac\u00eauticas ou industriais, este aparelho de teste oferece um controlo preciso sobre o processo de teste, o que o torna um recurso inestim\u00e1vel para a garantia de qualidade e integridade do produto.<\/p>\n<h3><strong>Se\u00e7\u00e3o de perguntas frequentes<\/strong><\/h3>\n<ol>\n<li><strong>Para que \u00e9 utilizado um aparelho de teste de ader\u00eancia a quente?<\/strong><br \/>\nUm testador de ader\u00eancia a quente mede a resist\u00eancia dos selos t\u00e9rmicos imediatamente ap\u00f3s a selagem, assegurando que podem suportar as tens\u00f5es de manuseamento nos processos de embalagem.<\/li>\n<li><strong>Porque \u00e9 que a ader\u00eancia a quente \u00e9 importante na embalagem?<\/strong><br \/>\nA ader\u00eancia a quente garante que os selos t\u00e9rmicos permane\u00e7am intactos durante a embalagem, particularmente em processos verticais de enchimento e selagem onde est\u00e3o envolvidos conte\u00fados pesados.<\/li>\n<li><strong>O que \u00e9 a ASTM F1921 e porque \u00e9 que \u00e9 importante?<\/strong><br \/>\nA ASTM F1921 \u00e9 uma norma que descreve os m\u00e9todos de medi\u00e7\u00e3o da resist\u00eancia \u00e0 ader\u00eancia a quente dos materiais termopl\u00e1sticos, essencial para manter a integridade da veda\u00e7\u00e3o.<\/li>\n<li><strong>Que materiais podem ser testados com o HTT-02 Hot Tack Tester?<\/strong><br \/>\n\u00c9 adequado para testar v\u00e1rias pel\u00edculas termopl\u00e1sticas, laminados e materiais de embalagem termo-sel\u00e1veis.<\/li>\n<li><strong>O HTT-02 Hot Tack Tester pode ser personalizado?<\/strong><br \/>\nSim, oferece c\u00e9lulas de carga personaliz\u00e1veis, velocidades de teste e funcionalidades de automatiza\u00e7\u00e3o para satisfazer requisitos de teste espec\u00edficos.<\/li>\n<\/ol>","protected":false},"excerpt":{"rendered":"<p>O HTT-02 Hot Tack Tester \u00e9 um instrumento especializado concebido para medir a for\u00e7a de ader\u00eancia a quente de materiais selados a quente. Avalia a capacidade dos selos t\u00e9rmicos para resistir a for\u00e7as que tentam separ\u00e1-los enquanto ainda est\u00e3o num estado quente. Esta propriedade \u00e9 particularmente importante em aplica\u00e7\u00f5es de embalagem em que os sacos ou bolsas selados a quente t\u00eam de manter a sua integridade sob tens\u00e3o imediatamente ap\u00f3s a selagem. O aparelho de teste est\u00e1 em conformidade com <strong>Norma ASTM F1921<\/strong>garantindo resultados consistentes e fi\u00e1veis.<\/p>","protected":false},"featured_media":5971,"comment_status":"closed","ping_status":"closed","template":"","meta":{"site-sidebar-layout":"default","site-content-layout":"default","ast-global-header-display":"","ast-main-header-display":"","ast-hfb-above-header-display":"","ast-hfb-below-header-display":"","ast-hfb-mobile-header-display":"","site-post-title":"disabled","ast-breadcrumbs-content":"","ast-featured-img":"disabled","footer-sml-layout":"","theme-transparent-header-meta":"default","adv-header-id-meta":"","stick-header-meta":"","header-above-stick-meta":"","header-main-stick-meta":"","header-below-stick-meta":""},"product_cat":[845,678,16,141,95],"product_tag":[],"class_list":{"0":"post-1694","1":"product","2":"type-product","3":"status-publish","4":"has-post-thumbnail","6":"product_cat-customization","7":"product_cat-hot-tack-tester","8":"product_cat-plastic-packaging-testers","9":"product_cat-astm-f1921","10":"product_cat-products","11":"desktop-align-left","12":"tablet-align-left","13":"mobile-align-left","15":"first","16":"instock","17":"shipping-taxable","18":"product-type-simple"},"_links":{"self":[{"href":"https:\/\/www.qualitester.com\/pt\/wp-json\/wp\/v2\/product\/1694","targetHints":{"allow":["GET"]}}],"collection":[{"href":"https:\/\/www.qualitester.com\/pt\/wp-json\/wp\/v2\/product"}],"about":[{"href":"https:\/\/www.qualitester.com\/pt\/wp-json\/wp\/v2\/types\/product"}],"replies":[{"embeddable":true,"href":"https:\/\/www.qualitester.com\/pt\/wp-json\/wp\/v2\/comments?post=1694"}],"version-history":[{"count":0,"href":"https:\/\/www.qualitester.com\/pt\/wp-json\/wp\/v2\/product\/1694\/revisions"}],"wp:featuredmedia":[{"embeddable":true,"href":"https:\/\/www.qualitester.com\/pt\/wp-json\/wp\/v2\/media\/5971"}],"wp:attachment":[{"href":"https:\/\/www.qualitester.com\/pt\/wp-json\/wp\/v2\/media?parent=1694"}],"wp:term":[{"taxonomy":"product_cat","embeddable":true,"href":"https:\/\/www.qualitester.com\/pt\/wp-json\/wp\/v2\/product_cat?post=1694"},{"taxonomy":"product_tag","embeddable":true,"href":"https:\/\/www.qualitester.com\/pt\/wp-json\/wp\/v2\/product_tag?post=1694"}],"curies":[{"name":"wp","href":"https:\/\/api.w.org\/{rel}","templated":true}]}}