{"id":1560,"date":"2023-04-23T16:38:43","date_gmt":"2023-04-23T08:38:43","guid":{"rendered":"https:\/\/www.qualitester.com\/?post_type=product&#038;p=1560"},"modified":"2024-11-27T13:15:16","modified_gmt":"2024-11-27T05:15:16","slug":"heat-seal-tester-hst-01","status":"publish","type":"product","link":"https:\/\/www.qualitester.com\/pt\/produto\/heat-seal-tester-hst-01\/","title":{"rendered":"Testador de selagem t\u00e9rmica HST-01"},"content":{"rendered":"<h2><strong>Introdu\u00e7\u00e3o ao testador de selagem t\u00e9rmica HST-01<\/strong><\/h2>\n<p>O <strong>Testador de selagem t\u00e9rmica HST-01<\/strong> \u00e9 um instrumento de n\u00edvel laboratorial projetado para avaliar a selagem a quente de materiais de barreira flex\u00edveis, incluindo filmes, laminados, pol\u00edmeros e comp\u00f3sitos. Este dispositivo vers\u00e1til replica com precis\u00e3o o processo de selagem a quente controlando tr\u00eas par\u00e2metros cr\u00edticos: <strong>tempo, temperatura e press\u00e3o<\/strong>. Sua principal fun\u00e7\u00e3o \u00e9 garantir que os selos em embalagens flex\u00edveis atendam aos padr\u00f5es de desempenho de resist\u00eancia e integridade, contribuindo para a seguran\u00e7a do produto, prazo de validade e facilidade de uso.<\/p>\n<h2><strong>Aplica\u00e7\u00f5es do testador de selagem t\u00e9rmica HST-01<\/strong><\/h2>\n<p>O testador de veda\u00e7\u00e3o t\u00e9rmica HST-01 \u00e9 essencial em v\u00e1rios setores, incluindo:<\/p>\n<ul>\n<li><strong>Embalagem<\/strong>: Avalia\u00e7\u00e3o de selos t\u00e9rmicos para embalagens de alimentos, produtos farmac\u00eauticos e m\u00e9dicos.<\/li>\n<li><strong>Dispositivos m\u00e9dicos<\/strong>: Garantir a integridade da barreira est\u00e9ril em bolsas m\u00e9dicas e embalagens blister.<\/li>\n<li><strong>Bens de consumo<\/strong>: Teste de selos em produtos qu\u00edmicos de uso di\u00e1rio e itens de higiene pessoal.<\/li>\n<li><strong>Eletr\u00f4nica<\/strong>: Avalia\u00e7\u00e3o de embalagens protetoras para componentes eletr\u00f4nicos.<\/li>\n<li><strong>Adesivos e Comp\u00f3sitos<\/strong>: Medindo o desempenho de selagem a quente de materiais especiais.<\/li>\n<\/ul>\n<p>A selagem a quente eficaz garante que os produtos permane\u00e7am seguros, livres de contaminantes e f\u00e1ceis de acessar, melhorando a qualidade geral e a satisfa\u00e7\u00e3o do consumidor.<\/p>\n<h2><strong>ASTM F2029 e sua import\u00e2ncia em testes de selagem a quente<\/strong><\/h2>\n<h3><strong>Vis\u00e3o geral de <a href=\"https:\/\/www.astm.org\/f2029-16r21.html\" target=\"_blank\" rel=\"noopener nofollow\">Norma ASTM F2029<\/a><\/strong><\/h3>\n<p>O <strong><a href=\"https:\/\/www.qualitester.com\/pt\/categoria-produto\/astm\/astm-f2029\/\" target=\"_blank\" rel=\"noopener\">Norma ASTM F2029<\/a>-16 (2021)<\/strong> padr\u00e3o, intitulado <em>Pr\u00e1ticas Padr\u00e3o para Fabrica\u00e7\u00e3o de Selos T\u00e9rmicos de Laborat\u00f3rio para Determina\u00e7\u00e3o da Selagem T\u00e9rmica de Materiais de Barreira Flex\u00edveis, Medida pela Resist\u00eancia do Selo<\/em>, descreve os m\u00e9todos usados para produzir e avaliar selos t\u00e9rmicos em materiais de embalagem flex\u00edveis. Este padr\u00e3o garante que os selos t\u00e9rmicos sejam consistentes e confi\u00e1veis em v\u00e1rias aplica\u00e7\u00f5es.<\/p>\n<div class=\"ast-oembed-container\" style=\"height: 100%;\"><iframe title=\"mand\u00edbulas de aquecimento independentes de uso em laborat\u00f3rio testador de selagem t\u00e9rmica de filme pl\u00e1stico Tipo de grada\u00e7\u00e3o de temperatura\" width=\"500\" height=\"281\" src=\"https:\/\/www.youtube.com\/embed\/CDvc9iG0cxc?feature=oembed\" frameborder=\"0\" allow=\"accelerometer; autoplay; clipboard-write; encrypted-media; gyroscope; picture-in-picture; web-share\" referrerpolicy=\"strict-origin-when-cross-origin\" allowfullscreen><\/iframe><\/div>\n<h3><strong>M\u00e9todos de teste<\/strong><\/h3>\n<p>A ASTM F2029 especifica condi\u00e7\u00f5es controladas para a fabrica\u00e7\u00e3o de selos t\u00e9rmicos, com foco em:<\/p>\n<ul>\n<li><strong>Temperatura<\/strong>:Manter n\u00edveis precisos de calor durante o processo de selagem.<\/li>\n<li><strong>Tempo<\/strong>: Garantir que o selo seja formado ao longo de um per\u00edodo consistente.<\/li>\n<li><strong>Press\u00e3o<\/strong>:Aplica\u00e7\u00e3o de for\u00e7a uniforme para obter uma liga\u00e7\u00e3o confi\u00e1vel.<\/li>\n<\/ul>\n<p>A resist\u00eancia do selo \u00e9 ent\u00e3o avaliada usando m\u00e9todos como:<\/p>\n<ul>\n<li>Teste de vazamento de ar.<\/li>\n<li>Penetra\u00e7\u00e3o de tinta.<\/li>\n<li>Inspe\u00e7\u00e3o visual para continuidade e defeitos.<\/li>\n<\/ul>\n<h3><strong>Import\u00e2ncia da conformidade<\/strong><\/h3>\n<p>A conformidade com a norma ASTM F2029 garante que os resultados dos testes sejam reproduz\u00edveis e atendam aos padr\u00f5es da ind\u00fastria, promovendo confian\u00e7a no desempenho e na qualidade do produto.<\/p>\n<h2><strong>Caracter\u00edsticas t\u00e9cnicas do testador de selagem t\u00e9rmica HST-01<\/strong><\/h2>\n<p>O HST-01 foi projetado com recursos avan\u00e7ados que garantem testes de veda\u00e7\u00e3o t\u00e9rmica precisos e repet\u00edveis:<\/p>\n<ul>\n<li><strong>Controle de precis\u00e3o<\/strong>:\n<ul>\n<li><strong>Faixa de temperatura<\/strong>: Ambiente at\u00e9 300\u00b0C, com desvio de \u00b10,2\u00b0C.<\/li>\n<li><strong>Tempo de selagem<\/strong>: Ajust\u00e1vel de 0,1s a 9999s.<\/li>\n<li><strong>Faixa de press\u00e3o<\/strong>: 0,15 a 0,7 MPa, garantindo aplica\u00e7\u00e3o uniforme de for\u00e7a.<\/li>\n<\/ul>\n<\/li>\n<li><strong>Design de alto desempenho<\/strong>:\n<ul>\n<li>Mand\u00edbulas duplas aquecidas em alum\u00ednio minimizam a perda de calor e mant\u00eam temperaturas consistentes.<\/li>\n<li>Uma barra de veda\u00e7\u00e3o guiada em tr\u00eas dire\u00e7\u00f5es garante uma distribui\u00e7\u00e3o uniforme da press\u00e3o.<\/li>\n<li>UM <strong>Controlador de temperatura PID<\/strong> garante aquecimento r\u00e1pido e preciso.<\/li>\n<\/ul>\n<\/li>\n<li><strong>Opera\u00e7\u00e3o amig\u00e1vel ao usu\u00e1rio<\/strong>:\n<ul>\n<li><strong>Controle PLC<\/strong> com uma interface de tela sens\u00edvel ao toque HMI intuitiva para opera\u00e7\u00e3o perfeita.<\/li>\n<li>Ativa\u00e7\u00e3o manual ou por pedal para flexibilidade durante os testes.<\/li>\n<li>Recursos de seguran\u00e7a, incluindo uma tampa frontal antiqueimaduras, priorizam a prote\u00e7\u00e3o do usu\u00e1rio.<\/li>\n<\/ul>\n<\/li>\n<li><strong>Op\u00e7\u00f5es de personaliza\u00e7\u00e3o<\/strong>:\n<ul>\n<li>Mordentes de veda\u00e7\u00e3o personaliz\u00e1veis para acomodar v\u00e1rios formatos, tamanhos e padr\u00f5es.<\/li>\n<li>Opcional <strong>Porta COM RS 232<\/strong> e software para an\u00e1lise de dados e relat\u00f3rios.<\/li>\n<\/ul>\n<\/li>\n<\/ul>\n<h2><strong>Processo de teste do testador de selagem t\u00e9rmica HST-01<\/strong><\/h2>\n<p>O processo de teste de selagem a quente segue estas etapas:<\/p>\n<ol>\n<li><strong>Prepara\u00e7\u00e3o da amostra<\/strong>: Coloque o material de teste entre duas mand\u00edbulas de veda\u00e7\u00e3o aquecidas e paralelas.<\/li>\n<li><strong>Configura\u00e7\u00f5es de par\u00e2metros<\/strong>: Defina a temperatura, a press\u00e3o e o tempo de selagem desejados.<\/li>\n<li><strong>Selagem<\/strong>: A mand\u00edbula superior, acionada por um cilindro de g\u00e1s, aplica press\u00e3o \u00e0 amostra durante o per\u00edodo definido.<\/li>\n<li><strong>Conclus\u00e3o<\/strong>:Ap\u00f3s o tempo pr\u00e9-determinado, a mand\u00edbula retorna \u00e0 posi\u00e7\u00e3o original, completando o processo.<\/li>\n<li><strong>Avalia\u00e7\u00e3o<\/strong>:A amostra selada \u00e9 avaliada quanto \u00e0 resist\u00eancia e continuidade usando m\u00e9todos como testes de vazamento de ar e penetra\u00e7\u00e3o de tinta.<\/li>\n<\/ol>\n<h2><strong>Avalia\u00e7\u00e3o e an\u00e1lise de selagem t\u00e9rmica<\/strong><\/h2>\n<p>A qualidade do selo \u00e9 avaliada por meio de:<\/p>\n<ul>\n<li><strong>For\u00e7a do selo<\/strong>: Medindo a for\u00e7a necess\u00e1ria para romper o selo.<\/li>\n<li><strong>Continuidade e Integridade<\/strong>: Identificar defeitos como vazamentos ou pontos fracos.<\/li>\n<li><strong>T\u00e9cnicas Avan\u00e7adas<\/strong>: Penetra\u00e7\u00e3o microbiana e inspe\u00e7\u00e3o visual para aplica\u00e7\u00f5es de alta precis\u00e3o.<\/li>\n<\/ul>\n<p>Essas avalia\u00e7\u00f5es garantem que a embalagem atenda aos requisitos de desempenho funcional e \u00e0s expectativas do consumidor.<\/p>\n<h2><strong>Principais Par\u00e2metros e Especifica\u00e7\u00f5es<\/strong><\/h2>\n<table>\n<tbody>\n<tr>\n<td style=\"text-align: center;\" width=\"123\">Temperatura de veda\u00e7\u00e3o.<\/td>\n<td style=\"text-align: center;\" width=\"126\">Ambiente~300\u2103<\/td>\n<\/tr>\n<tr>\n<td style=\"text-align: center;\" width=\"123\">Desvio<\/td>\n<td style=\"text-align: center;\" width=\"126\">\u00b10,2\u2103<\/td>\n<\/tr>\n<tr>\n<td style=\"text-align: center;\" width=\"123\">Tempo de selagem<\/td>\n<td style=\"text-align: center;\" width=\"126\">0,1S~9999S<\/td>\n<\/tr>\n<tr>\n<td style=\"text-align: center;\" width=\"123\">Press\u00e3o de veda\u00e7\u00e3o<\/td>\n<td style=\"text-align: center;\" width=\"126\">0,15~0,7 MPa<\/td>\n<\/tr>\n<tr>\n<td style=\"text-align: center;\" width=\"123\">Mand\u00edbulas de foca<\/td>\n<td style=\"text-align: center;\" width=\"126\">330*10 mm C*L<\/td>\n<\/tr>\n<tr>\n<td style=\"text-align: center;\" width=\"123\">Press\u00e3o do g\u00e1s<\/td>\n<td style=\"text-align: center;\" width=\"126\">0,7 MPa<\/td>\n<\/tr>\n<tr>\n<td style=\"text-align: center;\" width=\"123\">Tamanho da porta<\/td>\n<td style=\"text-align: center;\" width=\"126\">Mangueira de PU \u04246 mm<\/td>\n<\/tr>\n<tr>\n<td style=\"text-align: center;\" width=\"123\">Poder<\/td>\n<td style=\"text-align: center;\" width=\"126\">CA 220 V 50 Hz<\/td>\n<\/tr>\n<\/tbody>\n<\/table>\n<hr \/>\n<h2><strong>Por que escolher o testador de veda\u00e7\u00e3o t\u00e9rmica HST-01?<\/strong><\/h2>\n<p>O HST-01 oferece precis\u00e3o, estabilidade e seguran\u00e7a inigual\u00e1veis, tornando-o uma escolha ideal para laborat\u00f3rios e configura\u00e7\u00f5es de controle de qualidade. Sua conformidade com <strong>Norma ASTM F2029<\/strong> garante resultados confi\u00e1veis e padr\u00e3o da ind\u00fastria, ajudando os fabricantes a manter a qualidade e o desempenho do produto.<\/p>\n<h2><strong>Perguntas frequentes<\/strong><\/h2>\n<ol>\n<li><strong>Qual \u00e9 a finalidade de um testador de veda\u00e7\u00e3o t\u00e9rmica?<\/strong>\n<ul>\n<li>Um testador de selagem a quente avalia a resist\u00eancia e a integridade da veda\u00e7\u00e3o de materiais de embalagem flex\u00edveis, garantindo a seguran\u00e7a e o desempenho do produto.<\/li>\n<\/ul>\n<\/li>\n<li><strong>Por que a norma ASTM F2029 \u00e9 importante?<\/strong>\n<ul>\n<li>A norma ASTM F2029 fornece pr\u00e1ticas padronizadas para fabrica\u00e7\u00e3o e teste de selagens t\u00e9rmicas, garantindo resultados consistentes e repet\u00edveis em todos os setores.<\/li>\n<\/ul>\n<\/li>\n<li><strong>Quais materiais podem ser testados com o HST-01?<\/strong>\n<ul>\n<li>O HST-01 pode testar filmes, laminados, pol\u00edmeros, comp\u00f3sitos e outros materiais de barreira flex\u00edveis.<\/li>\n<\/ul>\n<\/li>\n<li><strong>Como o HST-01 garante uma veda\u00e7\u00e3o precisa?<\/strong>\n<ul>\n<li>Ele usa controle preciso de temperatura, tempo e press\u00e3o, combinado com sensores avan\u00e7ados e um controlador PID para desempenho ideal.<\/li>\n<\/ul>\n<\/li>\n<li><strong>O HST-01 pode ser personalizado?<\/strong>\n<ul>\n<li>Sim, o HST-01 oferece mand\u00edbulas de veda\u00e7\u00e3o personaliz\u00e1veis e software opcional para funcionalidade aprimorada.<\/li>\n<\/ul>\n<\/li>\n<\/ol>","protected":false},"excerpt":{"rendered":"<p>O <strong>Testador de selagem t\u00e9rmica HST-01<\/strong> \u00e9 um instrumento de n\u00edvel laboratorial projetado para avaliar a selagem a quente de materiais de barreira flex\u00edveis, incluindo filmes, laminados, pol\u00edmeros e comp\u00f3sitos. Este dispositivo vers\u00e1til replica com precis\u00e3o o processo de selagem a quente controlando tr\u00eas par\u00e2metros cr\u00edticos: <strong>tempo, temperatura e press\u00e3o<\/strong>. Sua principal fun\u00e7\u00e3o \u00e9 garantir que os selos em embalagens flex\u00edveis atendam aos padr\u00f5es de desempenho de resist\u00eancia e integridade, contribuindo para a seguran\u00e7a do produto, prazo de validade e facilidade de uso.<\/p>","protected":false},"featured_media":5896,"comment_status":"closed","ping_status":"closed","template":"","meta":{"site-sidebar-layout":"default","site-content-layout":"default","ast-global-header-display":"","ast-main-header-display":"","ast-hfb-above-header-display":"","ast-hfb-below-header-display":"","ast-hfb-mobile-header-display":"","site-post-title":"","ast-breadcrumbs-content":"","ast-featured-img":"","footer-sml-layout":"","theme-transparent-header-meta":"default","adv-header-id-meta":"","stick-header-meta":"","header-above-stick-meta":"","header-main-stick-meta":"","header-below-stick-meta":""},"product_cat":[845,677,672,16,142,95],"product_tag":[64,65,31],"class_list":{"0":"post-1560","1":"product","2":"type-product","3":"status-publish","4":"has-post-thumbnail","6":"product_cat-customization","7":"product_cat-heat-seal-tester","8":"product_cat-applied-materials","9":"product_cat-plastic-packaging-testers","10":"product_cat-astm-f2029","11":"product_cat-products","12":"product_tag-astm-f2029","13":"product_tag-heat-seal","14":"product_tag-heat-sealing","15":"desktop-align-left","16":"tablet-align-left","17":"mobile-align-left","19":"first","20":"instock","21":"shipping-taxable","22":"product-type-simple"},"_links":{"self":[{"href":"https:\/\/www.qualitester.com\/pt\/wp-json\/wp\/v2\/product\/1560","targetHints":{"allow":["GET"]}}],"collection":[{"href":"https:\/\/www.qualitester.com\/pt\/wp-json\/wp\/v2\/product"}],"about":[{"href":"https:\/\/www.qualitester.com\/pt\/wp-json\/wp\/v2\/types\/product"}],"replies":[{"embeddable":true,"href":"https:\/\/www.qualitester.com\/pt\/wp-json\/wp\/v2\/comments?post=1560"}],"version-history":[{"count":0,"href":"https:\/\/www.qualitester.com\/pt\/wp-json\/wp\/v2\/product\/1560\/revisions"}],"wp:featuredmedia":[{"embeddable":true,"href":"https:\/\/www.qualitester.com\/pt\/wp-json\/wp\/v2\/media\/5896"}],"wp:attachment":[{"href":"https:\/\/www.qualitester.com\/pt\/wp-json\/wp\/v2\/media?parent=1560"}],"wp:term":[{"taxonomy":"product_cat","embeddable":true,"href":"https:\/\/www.qualitester.com\/pt\/wp-json\/wp\/v2\/product_cat?post=1560"},{"taxonomy":"product_tag","embeddable":true,"href":"https:\/\/www.qualitester.com\/pt\/wp-json\/wp\/v2\/product_tag?post=1560"}],"curies":[{"name":"wp","href":"https:\/\/api.w.org\/{rel}","templated":true}]}}