{"id":1484,"date":"2023-04-20T14:00:05","date_gmt":"2023-04-20T06:00:05","guid":{"rendered":"https:\/\/www.qualitester.com\/?post_type=product&#038;p=1484"},"modified":"2024-12-03T13:53:39","modified_gmt":"2024-12-03T05:53:39","slug":"inclined-coefficient-of-friction-tester-cof-03","status":"publish","type":"product","link":"https:\/\/www.qualitester.com\/pt\/produto\/inclined-coefficient-of-friction-tester-cof-03\/","title":{"rendered":"COF-03 Testador de coeficiente de atrito inclinado"},"content":{"rendered":"<h2><strong>Introdu\u00e7\u00e3o ao testador de coeficiente de atrito inclinado<\/strong><\/h2>\n<p>O <strong>Testador de coeficiente de atrito inclinado<\/strong> \u00e9 um instrumento avan\u00e7ado projetado para medir o coeficiente de atrito est\u00e1tico (COF) de uma ampla gama de materiais. Usando um plano inclinado vari\u00e1vel e um bloco deslizante, este testador determina o \u00e2ngulo em que uma superf\u00edcie de teste come\u00e7a a deslizar contra outra conforme a inclina\u00e7\u00e3o \u00e9 gradualmente aumentada. O dispositivo \u00e9 ideal para testar v\u00e1rios materiais, incluindo filmes pl\u00e1sticos, borracha, papel, placas, tecidos, revestimentos, pastilhas de freio, t\u00eaxteis e muito mais.<\/p>\n<p>Este testador vers\u00e1til \u00e9 essencial para ind\u00fastrias como embalagens, automotiva, t\u00eaxtil, farmac\u00eautica e embalagens de alimentos, onde a medi\u00e7\u00e3o precisa do atrito \u00e9 essencial para garantir qualidade, seguran\u00e7a e desempenho ideal. Se voc\u00ea precisa medir o atrito de filmes, folhas ou componentes industriais, este dispositivo fornece resultados confi\u00e1veis, ajudando os usu\u00e1rios a melhorar o manuseio de materiais, o design da embalagem e a funcionalidade do produto.<\/p>\n<h2><strong>Princ\u00edpio de opera\u00e7\u00e3o<\/strong><\/h2>\n<p>O <strong>Inclinado <a href=\"https:\/\/www.qualitester.com\/pt\/produto\/coefficient-of-friction-tester-cof-01\/\" target=\"_blank\" rel=\"noopener\">Testador de coeficiente de atrito<\/a><\/strong> mede o COF est\u00e1tico determinando o \u00e2ngulo no qual um material come\u00e7a a deslizar em outra superf\u00edcie inclinada. \u00c0 medida que a inclina\u00e7\u00e3o \u00e9 gradualmente aumentada a uma taxa constante, a superf\u00edcie do material em teste come\u00e7a a deslizar. O \u00e2ngulo no qual isso acontece \u00e9 medido, e o COF est\u00e1tico \u00e9 numericamente equivalente \u00e0 tangente desse \u00e2ngulo.<\/p>\n<p>Este m\u00e9todo fornece valores de atrito precisos que s\u00e3o essenciais para entender o comportamento dos materiais em aplica\u00e7\u00f5es do mundo real, como durante o manuseio de materiais, embalagem e montagem. <strong>Testador de \u00e2ngulo de deslizamento<\/strong> O recurso deste instrumento garante que leituras precisas de COF sejam obtidas para uma ampla variedade de materiais.<\/p>\n<h2><strong>Vis\u00e3o geral dos padr\u00f5es de teste relevantes<\/strong><\/h2>\n<ul>\n<li><a href=\"https:\/\/www.astm.org\/d0202-17.html\" target=\"_blank\" rel=\"noopener nofollow\"><strong>ASTM D202<\/strong><\/a>: Este padr\u00e3o fornece diretrizes para medir o COF est\u00e1tico de materiais, particularmente para filmes e materiais de embalagem. Ele garante que o testador atenda \u00e0 precis\u00e3o necess\u00e1ria para uma variedade de materiais, ajudando os fabricantes a avaliar a facilidade com que os materiais deslizam uns contra os outros, um fator-chave no design de embalagens e na sele\u00e7\u00e3o de materiais.<\/li>\n<li><a href=\"https:\/\/www.astm.org\/d4918-97r07.html\" target=\"_blank\" rel=\"noopener nofollow\"><strong>ASTM D4918<\/strong><\/a>: Projetado especificamente para testes de papel e papel\u00e3o, o ASTM D4918 descreve os procedimentos para determinar o COF est\u00e1tico entre materiais de papel. Este padr\u00e3o \u00e9 importante para ind\u00fastrias como embalagens e produ\u00e7\u00e3o de papel, garantindo que os materiais tenham as caracter\u00edsticas de atrito adequadas para aplica\u00e7\u00f5es de manuseio e embalagem suaves.<\/li>\n<li><strong>TAPPI T815<\/strong>: Este padr\u00e3o, que \u00e9 amplamente reconhecido na ind\u00fastria de papel e celulose, especifica o m\u00e9todo para determinar o COF de papel, papel\u00e3o e materiais relacionados. Ele ajuda os fabricantes a garantir que os produtos \u00e0 base de papel tenham propriedades de atrito consistentes, que s\u00e3o essenciais para a opera\u00e7\u00e3o bem-sucedida de m\u00e1quinas de embalagem e a qualidade do produto final.<\/li>\n<\/ul>\n<p>Estas normas garantem que o <strong>Testador de coeficiente de atrito inclinado<\/strong> atende aos crit\u00e9rios necess\u00e1rios para resultados precisos e confi\u00e1veis, em conformidade com as regulamenta\u00e7\u00f5es do setor e as melhores pr\u00e1ticas globais.<\/p>\n<h2><strong>Principais caracter\u00edsticas do testador de coeficiente de atrito inclinado<\/strong><\/h2>\n<ul>\n<li><strong>Controle PLC e opera\u00e7\u00e3o de tela sens\u00edvel ao toque HMI<\/strong>: O testador apresenta uma interface homem-m\u00e1quina (HMI) intuitiva e um controlador l\u00f3gico program\u00e1vel (PLC), facilitando o controle e o monitoramento dos testes. A tela sens\u00edvel ao toque permite navega\u00e7\u00e3o e opera\u00e7\u00e3o simples, aumentando a efici\u00eancia e a experi\u00eancia do usu\u00e1rio.<\/li>\n<li><strong>Exibi\u00e7\u00e3o em tempo real dos resultados dos testes<\/strong>: Este dispositivo exibe dados em tempo real na tela, incluindo o m\u00e1ximo, o m\u00ednimo, a m\u00e9dia e o desvio padr\u00e3o (DP) dos resultados dos testes. Isso garante que voc\u00ea possa rastrear a consist\u00eancia e a precis\u00e3o dos seus testes conforme eles s\u00e3o realizados.<\/li>\n<li><strong>Conformidade com as Normas Internacionais<\/strong>: O <strong>Testador de coeficiente de atrito inclinado<\/strong> foi desenvolvido para atender a diversos padr\u00f5es internacionais, incluindo ASTM D202, ASTM D4918 e TAPPI T815, garantindo a precis\u00e3o e a confiabilidade dos resultados dos seus testes.<\/li>\n<li><strong>Medi\u00e7\u00e3o de \u00e2ngulo e COF est\u00e1tico<\/strong>: Al\u00e9m de medir o \u00e2ngulo de inclina\u00e7\u00e3o no qual ocorre o deslizamento, este testador tamb\u00e9m calcula o coeficiente de atrito est\u00e1tico, fornecendo uma vis\u00e3o abrangente do desempenho do material.<\/li>\n<li><strong>Microimpress\u00e3o para f\u00e1cil documenta\u00e7\u00e3o de resultados de testes<\/strong>: O testador pode gerar resultados de teste em formato impresso, permitindo que os usu\u00e1rios documentem e compartilhem descobertas facilmente. Esse recurso \u00e9 particularmente \u00fatil para controle de qualidade, relat\u00f3rios e verifica\u00e7\u00e3o de conformidade.<\/li>\n<li><strong>RS232 opcional e software profissional<\/strong>: Para usu\u00e1rios que exigem an\u00e1lise avan\u00e7ada de dados, o testador oferece conectividade RS232 e software profissional opcional, permitindo integra\u00e7\u00e3o perfeita com outros sistemas e fornecendo recursos mais robustos de gerenciamento de dados e relat\u00f3rios.<\/li>\n<\/ul>\n<h2><strong>Especifica\u00e7\u00f5es t\u00e9cnicas<\/strong><\/h2>\n<table>\n<tbody>\n<tr>\n<td style=\"text-align: center;\" width=\"104\">Faixa de \u00e2ngulo<\/td>\n<td style=\"text-align: center;\" width=\"328\">0\u00b0 ~ 60\u00b0<\/td>\n<\/tr>\n<tr>\n<td style=\"text-align: center;\" width=\"104\">Precis\u00e3o<\/td>\n<td style=\"text-align: center;\" width=\"328\">0,01\u00b0<\/td>\n<\/tr>\n<tr>\n<td style=\"text-align: center;\" width=\"104\">AVC<\/td>\n<td style=\"text-align: center;\" width=\"328\">0,1\u00b0\/s \uff5e 10,0\u00b0\/s<\/td>\n<\/tr>\n<tr>\n<td style=\"text-align: center;\" width=\"104\">Tren\u00f3<\/td>\n<td style=\"text-align: center;\" width=\"328\">200g, 235g ou 1300g (escolha um ou outros)<\/td>\n<\/tr>\n<\/tbody>\n<\/table>\n<h2><strong>Aplica\u00e7\u00f5es do testador de coeficiente de atrito inclinado<\/strong><\/h2>\n<p>O <strong>Testador de coeficiente de atrito inclinado<\/strong> \u00e9 usado em uma ampla gama de ind\u00fastrias para testar materiais quanto \u00e0s propriedades de atrito. Aqui est\u00e3o algumas aplica\u00e7\u00f5es principais:<\/p>\n<ul>\n<li><strong>Embalagem<\/strong>: Avalie as propriedades de atrito de filmes, papel, papel\u00e3o e outros materiais de embalagem para garantir uma opera\u00e7\u00e3o suave nas linhas de embalagem.<\/li>\n<li><strong>Automotivo<\/strong>: Avalie pastilhas de freio e outros componentes quanto ao desempenho, durabilidade e seguran\u00e7a.<\/li>\n<li><strong>T\u00eaxteis<\/strong>: Teste tecidos, materiais tran\u00e7ados e revestimentos quanto \u00e0s suas propriedades de atrito, importantes para o manuseio e processamento de tecidos.<\/li>\n<li><strong>Dispositivos m\u00e9dicos<\/strong>: Garantir que os materiais de embalagem m\u00e9dica atendam aos requisitos COF necess\u00e1rios para evitar problemas durante a embalagem e distribui\u00e7\u00e3o.<\/li>\n<li><strong>Produtos farmac\u00eauticos<\/strong>: Me\u00e7a as caracter\u00edsticas de atrito dos materiais de embalagem farmac\u00eautica para garantir manuseio e armazenamento adequados.<\/li>\n<\/ul>","protected":false},"excerpt":{"rendered":"<p>O <strong>Testador de coeficiente de atrito inclinado<\/strong> \u00e9 um instrumento avan\u00e7ado projetado para medir o coeficiente de atrito est\u00e1tico (COF) de uma ampla gama de materiais. Usando um plano inclinado vari\u00e1vel e um bloco deslizante, este testador determina o \u00e2ngulo em que uma superf\u00edcie de teste come\u00e7a a deslizar contra outra conforme a inclina\u00e7\u00e3o \u00e9 gradualmente aumentada. O dispositivo \u00e9 ideal para testar v\u00e1rios materiais, incluindo filmes pl\u00e1sticos, borracha, papel, placas, tecidos, revestimentos, pastilhas de freio, t\u00eaxteis e muito mais.<\/p>","protected":false},"featured_media":5990,"comment_status":"closed","ping_status":"closed","template":"","meta":{"site-sidebar-layout":"default","site-content-layout":"default","ast-global-header-display":"","ast-main-header-display":"","ast-hfb-above-header-display":"","ast-hfb-below-header-display":"","ast-hfb-mobile-header-display":"","site-post-title":"","ast-breadcrumbs-content":"","ast-featured-img":"","footer-sml-layout":"","theme-transparent-header-meta":"default","adv-header-id-meta":"","stick-header-meta":"","header-above-stick-meta":"","header-main-stick-meta":"","header-below-stick-meta":""},"product_cat":[845,1130,938,683,44,16,123,133,95],"product_tag":[],"class_list":{"0":"post-1484","1":"product","2":"type-product","3":"status-publish","4":"has-post-thumbnail","6":"product_cat-customization","7":"product_cat-tappi-t815","8":"product_cat-textile-tester","9":"product_cat-coefficient-of-friction-tester","10":"product_cat-paper-and-board-testers","11":"product_cat-plastic-packaging-testers","12":"product_cat-astm-d202","13":"product_cat-astm-d4918","14":"product_cat-products","15":"desktop-align-left","16":"tablet-align-left","17":"mobile-align-left","19":"first","20":"instock","21":"shipping-taxable","22":"product-type-simple"},"_links":{"self":[{"href":"https:\/\/www.qualitester.com\/pt\/wp-json\/wp\/v2\/product\/1484","targetHints":{"allow":["GET"]}}],"collection":[{"href":"https:\/\/www.qualitester.com\/pt\/wp-json\/wp\/v2\/product"}],"about":[{"href":"https:\/\/www.qualitester.com\/pt\/wp-json\/wp\/v2\/types\/product"}],"replies":[{"embeddable":true,"href":"https:\/\/www.qualitester.com\/pt\/wp-json\/wp\/v2\/comments?post=1484"}],"version-history":[{"count":0,"href":"https:\/\/www.qualitester.com\/pt\/wp-json\/wp\/v2\/product\/1484\/revisions"}],"wp:featuredmedia":[{"embeddable":true,"href":"https:\/\/www.qualitester.com\/pt\/wp-json\/wp\/v2\/media\/5990"}],"wp:attachment":[{"href":"https:\/\/www.qualitester.com\/pt\/wp-json\/wp\/v2\/media?parent=1484"}],"wp:term":[{"taxonomy":"product_cat","embeddable":true,"href":"https:\/\/www.qualitester.com\/pt\/wp-json\/wp\/v2\/product_cat?post=1484"},{"taxonomy":"product_tag","embeddable":true,"href":"https:\/\/www.qualitester.com\/pt\/wp-json\/wp\/v2\/product_tag?post=1484"}],"curies":[{"name":"wp","href":"https:\/\/api.w.org\/{rel}","templated":true}]}}