{"id":7816,"date":"2026-01-04T09:05:28","date_gmt":"2026-01-04T01:05:28","guid":{"rendered":"https:\/\/www.qualitester.com\/?page_id=7816"},"modified":"2026-01-04T09:05:28","modified_gmt":"2026-01-04T01:05:28","slug":"top-load-strength-test-method","status":"publish","type":"page","link":"https:\/\/www.qualitester.com\/pt\/applications\/top-load-strength-test-method\/","title":{"rendered":"M\u00e9todo de ensaio de resist\u00eancia de carga superior"},"content":{"rendered":"<h1 style=\"text-align: center\" data-start=\"370\" data-end=\"882\">M\u00e9todo de ensaio de resist\u00eancia de carga superior<br \/>\nNorma ISO 8113<\/h1>\n<hr \/>\n<h2 data-start=\"945\" data-end=\"1195\">Introdu\u00e7\u00e3o<\/h2>\n<p><img fetchpriority=\"high\" decoding=\"async\" class=\"size-medium wp-image-7813 alignright\" src=\"https:\/\/www.qualitester.com\/wp-content\/uploads\/2026\/01\/ISO-8113-Top-Load-Test-300x300.webp\" alt=\"Ensaio de carga superior ISO 8113\" width=\"300\" height=\"300\" srcset=\"https:\/\/www.qualitester.com\/wp-content\/uploads\/2026\/01\/ISO-8113-Top-Load-Test-300x300.webp 300w, https:\/\/www.qualitester.com\/wp-content\/uploads\/2026\/01\/ISO-8113-Top-Load-Test-150x150.webp 150w, https:\/\/www.qualitester.com\/wp-content\/uploads\/2026\/01\/ISO-8113-Top-Load-Test-12x12.webp 12w, https:\/\/www.qualitester.com\/wp-content\/uploads\/2026\/01\/ISO-8113-Top-Load-Test-100x100.webp 100w, https:\/\/www.qualitester.com\/wp-content\/uploads\/2026\/01\/ISO-8113-Top-Load-Test.webp 600w\" sizes=\"(max-width: 300px) 100vw, 300px\" \/><\/p>\n<p>O <strong data-start=\"483\" data-end=\"516\">M\u00e9todo de ensaio de resist\u00eancia de carga superior<\/strong> \u00e9 essencial para avaliar a durabilidade e a integridade estrutural dos recipientes de vidro sob press\u00e3o vertical externa.<\/p>\n<p>Este m\u00e9todo <span style=\"font-size: 16px\">\u00e9 amplamente utilizado em todas as ind\u00fastrias que dependem de embalagens de vidro, tais como as ind\u00fastrias de bebidas, farmac\u00eautica e alimentar. \u00c9 fundamental garantir que os contentores conseguem suportar as press\u00f5es de empilhamento e transporte, e o teste de resist\u00eancia de carga superior \u00e9 uma parte importante desta avalia\u00e7\u00e3o.<\/span><\/p>\n<h2>Compreender a ISO 8113: Norma para a resist\u00eancia dos recipientes de vidro \u00e0 carga vertical<\/h2>\n<p data-start=\"1024\" data-end=\"1413\">A ISO 8113 descreve os <strong data-start=\"1051\" data-end=\"1067\">m\u00e9todos de ensaio<\/strong> para determinar o <strong data-start=\"1088\" data-end=\"1141\">resist\u00eancia dos recipientes de vidro a for\u00e7as externas<\/strong> aplicado ao longo do eixo vertical. O m\u00e9todo ajuda os fabricantes a avaliar a capacidade das suas embalagens de vidro para suportar o stress f\u00edsico durante o manuseamento, empilhamento e expedi\u00e7\u00e3o. Isso \u00e9 crucial para evitar quebras durante o transporte, o que poderia resultar em perda ou dano do produto.<\/p>\n<p data-start=\"1415\" data-end=\"1660\">A norma ISO 8113 centra-se especificamente no ensaio de recipientes de vidro que n\u00e3o tenham sido sujeitos a outros ensaios mec\u00e2nicos ou t\u00e9rmicos. A norma estabelece par\u00e2metros para a prepara\u00e7\u00e3o de amostras, aparelhos de ensaio e procedimentos para resultados exactos e repet\u00edveis.<\/p>\n<hr \/>\n<h2 data-start=\"1415\" data-end=\"1660\">O teste de for\u00e7a de carga m\u00e1xima: O que precisa de saber<\/h2>\n<h3>Aparelho de ensaio<\/h3>\n<p data-start=\"1742\" data-end=\"2135\">O aparelho para efetuar a <strong data-start=\"1775\" data-end=\"1801\">Teste de resist\u00eancia de carga superior<\/strong> consiste em duas placas de press\u00e3o horizontais e planas em a\u00e7o. Estas placas exercem uma for\u00e7a de compress\u00e3o sobre o recipiente de vidro, aplicando press\u00e3o at\u00e9 o recipiente se deformar ou partir. O aparelho est\u00e1 equipado com um <strong data-start=\"2016\" data-end=\"2036\">capa protetora<\/strong> para evitar que o contentor se parta ou estilhace e para conter o contentor em seguran\u00e7a durante o ensaio.<\/p>\n<p data-start=\"2137\" data-end=\"2421\">Al\u00e9m disso, o aparelho inclui <strong data-start=\"2173\" data-end=\"2181\">almofadas<\/strong> (tais como folhas de borracha ou papel dobrado) colocadas entre o vidro e as placas de metal. Estas almofadas asseguram uma distribui\u00e7\u00e3o uniforme da for\u00e7a e evitam o contacto direto entre o vidro e o metal, o que poderia levar a resultados imprecisos ou a uma falha prematura.<\/p>\n<h3 data-start=\"2137\" data-end=\"2421\">Procedimento de ensaio para o ensaio de resist\u00eancia de carga superior<\/h3>\n<ul>\n<li data-start=\"2476\" data-end=\"2759\">\n<h4><strong data-start=\"2476\" data-end=\"2508\">Prepara\u00e7\u00e3o das amostras de ensaio:<\/strong><\/h4>\n<p>Os recipientes de vidro a ensaiar devem estar isentos de quaisquer part\u00edculas ou detritos de vidro. A temperatura da amostra n\u00e3o deve diferir da temperatura ambiente em mais de 5\u00b0C para evitar qualquer stress relacionado com a temperatura que possa afetar o resultado do ensaio.<\/li>\n<li data-start=\"2764\" data-end=\"2995\">\n<h4><strong data-start=\"2764\" data-end=\"2779\">Configura\u00e7\u00e3o de teste:<\/strong><\/h4>\n<p>Colocar o recipiente no centro da placa de press\u00e3o inferior, alinhando-o com a linha central do aparelho. O recipiente deve ser coberto com a tampa e as almofadas de prote\u00e7\u00e3o para evitar danos durante o ensaio.<\/li>\n<li data-start=\"3000\" data-end=\"3127\">\n<h4><strong data-start=\"3000\" data-end=\"3022\">Aplicar a carga:<\/strong><\/h4>\n<p>O ensaio \u00e9 efectuado aumentando gradualmente a carga vertical. Existem dois tipos de procedimentos:<\/p>\n<ul data-start=\"3131\" data-end=\"3449\">\n<li data-start=\"3131\" data-end=\"3299\">\n<p data-start=\"3133\" data-end=\"3299\"><strong data-start=\"3133\" data-end=\"3146\">Passar no teste<\/strong>: A for\u00e7a \u00e9 aumentada at\u00e9 ser atingido um valor especificado. Depois disso, as placas s\u00e3o retiradas. Isto \u00e9 feito para um n\u00famero pr\u00e9-determinado de contentores.<\/p>\n<\/li>\n<li data-start=\"3303\" data-end=\"3449\">\n<p data-start=\"3305\" data-end=\"3449\"><strong data-start=\"3305\" data-end=\"3331\">Teste progressivo total<\/strong>: A for\u00e7a \u00e9 aplicada progressivamente at\u00e9 \u00e0 rutura do recipiente. Este ensaio \u00e9 aplicado a todos os recipientes da amostra.<\/p>\n<\/li>\n<\/ul>\n<\/li>\n<li data-start=\"3454\" data-end=\"3767\">\n<h4><strong data-start=\"3454\" data-end=\"3480\">Registo dos resultados:<\/strong><\/h4>\n<p>Para o <strong data-start=\"3492\" data-end=\"3505\">passar no teste<\/strong>, A for\u00e7a alcan\u00e7ada e o n\u00famero de contentores que falharam s\u00e3o registados. No <strong data-start=\"3588\" data-end=\"3614\">ensaio progressivo total<\/strong>, A for\u00e7a necess\u00e1ria para partir cada recipiente \u00e9 registada e \u00e9 efectuada uma an\u00e1lise estat\u00edstica para determinar a m\u00e9dia e o desvio padr\u00e3o dos resultados.<\/li>\n<\/ul>\n<hr \/>\n<h2>Teste de carga vertical para garrafas de vidro: Porque \u00e9 que \u00e9 importante<\/h2>\n<p data-start=\"3832\" data-end=\"4252\">O <strong data-start=\"3836\" data-end=\"3858\">ensaio de carga vertical<\/strong> \u00e9 um elemento fundamental para garantir que <strong data-start=\"3895\" data-end=\"3912\">garrafas de vidro<\/strong> Os contentores de transporte e armazenamento podem suportar o stress que ir\u00e3o encontrar em condi\u00e7\u00f5es reais. Em ind\u00fastrias como a das bebidas e a farmac\u00eautica, os produtos s\u00e3o frequentemente empilhados durante o transporte e o armazenamento, exercendo uma press\u00e3o significativa sobre os contentores. Se um contentor n\u00e3o for capaz de suportar esta press\u00e3o, pode rachar, deformar-se ou partir-se, causando a perda do produto.<\/p>\n<p data-start=\"4254\" data-end=\"4527\">As garrafas de vidro s\u00e3o testadas para <strong data-start=\"4283\" data-end=\"4314\">resist\u00eancia \u00e0 carga vertical<\/strong> aplicando gradualmente press\u00e3o ao longo do eixo vertical at\u00e9 que o contentor se deforme ou se rompa. Este ensaio simula as condi\u00e7\u00f5es de empilhamento e garante que a embalagem cumpre as normas de durabilidade necess\u00e1rias.<\/p>\n<h2 data-start=\"4529\" data-end=\"4595\"><strong data-start=\"4529\" data-end=\"4595\">Teste de Compress\u00e3o Vertical: Avalia\u00e7\u00e3o da integridade do recipiente de vidro<\/strong><\/h2>\n<p data-start=\"4597\" data-end=\"5041\">UM <strong data-start=\"4599\" data-end=\"4628\">ensaio de compress\u00e3o vertical<\/strong> \u00e9 um m\u00e9todo utilizado para avaliar o <strong data-start=\"4662\" data-end=\"4698\">resist\u00eancia \u00e0s for\u00e7as de compress\u00e3o<\/strong> aplicada ao recipiente de vidro. Durante o ensaio, o recipiente \u00e9 sujeito a uma press\u00e3o crescente ao longo do seu eixo vertical. O objetivo \u00e9 avaliar a for\u00e7a de compress\u00e3o vertical que o recipiente pode suportar antes de falhar. Este teste ajuda os fabricantes a determinar a integridade estrutural da embalagem e a identificar potenciais pontos fracos.<\/p>\n<h2 data-start=\"5043\" data-end=\"5113\"><strong data-start=\"5043\" data-end=\"5113\">M\u00e9todo de ensaio de resist\u00eancia \u00e0 carga vertical para aplica\u00e7\u00f5es de embalagem<\/strong><\/h2>\n<p data-start=\"5115\" data-end=\"5574\">O <strong data-start=\"5119\" data-end=\"5150\">resist\u00eancia \u00e0 carga vertical<\/strong> \u00e9 aplic\u00e1vel a v\u00e1rias aplica\u00e7\u00f5es de embalagem. Ao avaliar a capacidade dos recipientes de vidro para resistir a for\u00e7as verticais, os fabricantes podem garantir que as suas embalagens n\u00e3o falhar\u00e3o durante o transporte e o armazenamento. Este ensaio \u00e9 particularmente importante para as ind\u00fastrias que dependem de embalagens de vidro, tais como bebidas, alimentos e produtos farmac\u00eauticos, onde a integridade do produto \u00e9 essencial tanto para a seguran\u00e7a como para a qualidade.<\/p>\n<hr \/>\n<h2 data-start=\"5115\" data-end=\"5574\">Principais vantagens da realiza\u00e7\u00e3o de ensaios de resist\u00eancia de carga superior<\/h2>\n<ul>\n<li><strong data-start=\"5639\" data-end=\"5665\">Garante a seguran\u00e7a do produto<\/strong>: Ao identificar os pontos fracos dos recipientes de vidro, os fabricantes podem melhorar a durabilidade da embalagem e evitar a quebra durante o transporte, garantindo a seguran\u00e7a do produto.<\/li>\n<li data-start=\"5830\" data-end=\"5999\"><strong data-start=\"5830\" data-end=\"5846\">Economia de custos<\/strong>: Ao identificar problemas com a resist\u00eancia dos contentores numa fase inicial do processo de fabrico, os fabricantes podem evitar perdas e recolhas de produtos dispendiosas.<\/li>\n<li data-start=\"6002\" data-end=\"6241\"><strong data-start=\"6002\" data-end=\"6027\">Conformidade regulat\u00f3ria<\/strong>: Muitas ind\u00fastrias t\u00eam regulamentos rigorosos para a durabilidade das embalagens. A realiza\u00e7\u00e3o de testes de carga superior garante que os recipientes de vidro cumprem estes requisitos regulamentares, evitando penaliza\u00e7\u00f5es e mantendo a credibilidade do mercado.<\/li>\n<li data-start=\"6244\" data-end=\"6446\"><strong data-start=\"6244\" data-end=\"6271\">Aumento da confian\u00e7a dos consumidores<\/strong>: Uma embalagem fi\u00e1vel e de alta qualidade contribui para a satisfa\u00e7\u00e3o do cliente e para a fidelidade \u00e0 marca, especialmente em ind\u00fastrias como a alimentar e a das bebidas, onde a seguran\u00e7a dos produtos \u00e9 fundamental.<\/li>\n<\/ul>\n<hr \/>\n<h2>A import\u00e2ncia do m\u00e9todo de teste de resist\u00eancia de carga superior<\/h2>\n<p data-start=\"6522\" data-end=\"6900\">O <strong data-start=\"6526\" data-end=\"6559\">M\u00e9todo de ensaio de resist\u00eancia de carga superior<\/strong> \u00e9 essencial para determinar a capacidade de <strong data-start=\"6604\" data-end=\"6624\">recipientes de vidro<\/strong> para suportar as for\u00e7as que ir\u00e3o encontrar durante o manuseamento, transporte e armazenamento. Ao aderir a normas como <strong data-start=\"6740\" data-end=\"6752\">Norma ISO 8113<\/strong>, Com a ajuda de um sistema de gest\u00e3o de embalagens, os fabricantes podem garantir que as suas embalagens t\u00eam um bom desempenho sob cargas verticais, o que tem um impacto direto na seguran\u00e7a dos produtos e na seguran\u00e7a dos consumidores<\/p>\n<p style=\"font-size: 16px;font-style: normal;font-weight: 400\"><a href=\"https:\/\/www.qualitester.com\/pt\/produto\/sale-container-top-load-testing-machine-astm-d2659\/\" target=\"_blank\" rel=\"noopener\"><img decoding=\"async\" class=\"size-medium wp-image-7819 alignright\" src=\"https:\/\/www.qualitester.com\/wp-content\/uploads\/2026\/01\/Top-Load-Strength-Test-Method-ISO-8113-300x300.webp\" alt=\"M\u00e9todo de ensaio de resist\u00eancia \u00e0 carga superior - ISO 8113\" width=\"300\" height=\"300\" srcset=\"https:\/\/www.qualitester.com\/wp-content\/uploads\/2026\/01\/Top-Load-Strength-Test-Method-ISO-8113-300x300.webp 300w, https:\/\/www.qualitester.com\/wp-content\/uploads\/2026\/01\/Top-Load-Strength-Test-Method-ISO-8113-150x150.webp 150w, https:\/\/www.qualitester.com\/wp-content\/uploads\/2026\/01\/Top-Load-Strength-Test-Method-ISO-8113-12x12.webp 12w, https:\/\/www.qualitester.com\/wp-content\/uploads\/2026\/01\/Top-Load-Strength-Test-Method-ISO-8113-100x100.webp 100w, https:\/\/www.qualitester.com\/wp-content\/uploads\/2026\/01\/Top-Load-Strength-Test-Method-ISO-8113.webp 600w\" sizes=\"(max-width: 300px) 100vw, 300px\" \/><\/a><\/p>\n<p data-start=\"6522\" data-end=\"6900\">tisfa\u00e7\u00e3o.<\/p>\n<p data-start=\"6902\" data-end=\"7121\">Para testes precisos e eficientes, considere a utiliza\u00e7\u00e3o de <strong data-start=\"6953\" data-end=\"6990\"><a href=\"https:\/\/www.qualitester.com\/pt\/\" target=\"_blank\" rel=\"noopener\">Instrumentos de C\u00e9lula<\/a>\u2018 Testador de carga superior<\/strong>, O sistema de gest\u00e3o da qualidade, concebido para cumprir as normas ISO e fornecer resultados fi\u00e1veis e repet\u00edveis, \u00e9 um sistema de gest\u00e3o da qualidade.<\/p>\n<p><span style=\"font-size: 16px\">para todas as suas necessidades de testes de carga vertical.<\/span><\/p>\n<hr \/>\n<h2 data-start=\"6902\" data-end=\"7121\">Perguntas frequentes<\/h2>\n<p data-start=\"7146\" data-end=\"7343\"><strong data-start=\"7146\" data-end=\"7207\">Q1: O que \u00e9 que o m\u00e9todo de ensaio de resist\u00eancia de carga superior avalia?<\/strong><br data-start=\"7207\" data-end=\"7210\" \/>A1: Avalia a capacidade dos recipientes de vidro para resistir a for\u00e7as de compress\u00e3o verticais externas durante o transporte e a armazenagem.<\/p>\n<p data-start=\"7345\" data-end=\"7567\"><strong data-start=\"7345\" data-end=\"7407\">Q2: Porque \u00e9 que a ISO 8113 \u00e9 importante para o ensaio de recipientes de vidro?<\/strong><br data-start=\"7407\" data-end=\"7410\" \/>A2: A norma ISO 8113 fornece um m\u00e9todo normalizado para testar a resist\u00eancia \u00e0 carga vertical dos recipientes de vidro, garantindo que cumprem os requisitos de seguran\u00e7a e qualidade.<\/p>\n<p data-start=\"7569\" data-end=\"7777\"><strong data-start=\"7569\" data-end=\"7621\">Q3: Como \u00e9 efectuado o teste de resist\u00eancia \u00e0 carga m\u00e1xima?<\/strong><br data-start=\"7621\" data-end=\"7624\" \/>A3: O ensaio consiste em aplicar uma carga vertical crescente a um recipiente de vidro at\u00e9 este se deformar ou partir, ajudando a determinar a sua resist\u00eancia \u00e0 compress\u00e3o.<\/p>\n<p data-start=\"7779\" data-end=\"8010\"><strong data-start=\"7779\" data-end=\"7863\">Q4: Qual \u00e9 a diferen\u00e7a entre o teste de aprova\u00e7\u00e3o e o teste progressivo total?<\/strong><br data-start=\"7863\" data-end=\"7866\" \/>A4: O ensaio de aprova\u00e7\u00e3o envolve a aplica\u00e7\u00e3o de uma carga espec\u00edfica, enquanto o ensaio progressivo total aumenta gradualmente a for\u00e7a at\u00e9 \u00e0 rutura do contentor.<\/p>\n<p data-start=\"8012\" data-end=\"8278\"><strong data-start=\"8012\" data-end=\"8081\">Q5: Como posso garantir que os meus recipientes de vidro cumprem as normas da ind\u00fastria?<\/strong><br data-start=\"8081\" data-end=\"8084\" \/>A5: Atrav\u00e9s da realiza\u00e7\u00e3o de <strong data-start=\"8102\" data-end=\"8129\">Ensaios de resist\u00eancia \u00e0 carga m\u00e1xima<\/strong> e aderindo a <strong data-start=\"8146\" data-end=\"8158\">Norma ISO 8113<\/strong>, Com a ajuda de um sistema de gest\u00e3o de res\u00edduos, os fabricantes podem garantir que os seus contentores cumprem as normas de durabilidade necess\u00e1rias para um transporte e armazenamento seguros.<\/p>","protected":false},"excerpt":{"rendered":"<p>Top-Load Strength Test Method ISO 8113 Introduction The Top-Load Strength Test Method is essential for evaluating the durability and structural integrity of glass containers under external vertical pressure. This method is widely used across industries that rely on glass packaging, such as the beverage, pharmaceutical, and food industries. Ensuring that containers can withstand stacking and &hellip;<\/p>\n<p class=\"read-more\"> <a class=\"\" href=\"https:\/\/www.qualitester.com\/pt\/applications\/top-load-strength-test-method\/\"> <span class=\"screen-reader-text\">M\u00e9todo de ensaio de resist\u00eancia de carga superior<\/span> Ler mais \"<\/a><\/p>","protected":false},"author":7,"featured_media":0,"parent":6794,"menu_order":0,"comment_status":"closed","ping_status":"closed","template":"","meta":{"site-sidebar-layout":"default","site-content-layout":"default","ast-global-header-display":"","ast-main-header-display":"","ast-hfb-above-header-display":"","ast-hfb-below-header-display":"","ast-hfb-mobile-header-display":"","site-post-title":"disabled","ast-breadcrumbs-content":"","ast-featured-img":"","footer-sml-layout":"","theme-transparent-header-meta":"default","adv-header-id-meta":"","stick-header-meta":"","header-above-stick-meta":"","header-main-stick-meta":"","header-below-stick-meta":"","footnotes":""},"class_list":["post-7816","page","type-page","status-publish","hentry"],"_links":{"self":[{"href":"https:\/\/www.qualitester.com\/pt\/wp-json\/wp\/v2\/pages\/7816","targetHints":{"allow":["GET"]}}],"collection":[{"href":"https:\/\/www.qualitester.com\/pt\/wp-json\/wp\/v2\/pages"}],"about":[{"href":"https:\/\/www.qualitester.com\/pt\/wp-json\/wp\/v2\/types\/page"}],"author":[{"embeddable":true,"href":"https:\/\/www.qualitester.com\/pt\/wp-json\/wp\/v2\/users\/7"}],"replies":[{"embeddable":true,"href":"https:\/\/www.qualitester.com\/pt\/wp-json\/wp\/v2\/comments?post=7816"}],"version-history":[{"count":0,"href":"https:\/\/www.qualitester.com\/pt\/wp-json\/wp\/v2\/pages\/7816\/revisions"}],"up":[{"embeddable":true,"href":"https:\/\/www.qualitester.com\/pt\/wp-json\/wp\/v2\/pages\/6794"}],"wp:attachment":[{"href":"https:\/\/www.qualitester.com\/pt\/wp-json\/wp\/v2\/media?parent=7816"}],"curies":[{"name":"wp","href":"https:\/\/api.w.org\/{rel}","templated":true}]}}