{"id":7760,"date":"2025-12-26T16:03:38","date_gmt":"2025-12-26T08:03:38","guid":{"rendered":"https:\/\/www.qualitester.com\/?page_id=7760"},"modified":"2025-12-26T16:03:38","modified_gmt":"2025-12-26T08:03:38","slug":"vacuum-leak-detection-methods","status":"publish","type":"page","link":"https:\/\/www.qualitester.com\/pt\/applications\/vacuum-leak-detection-methods\/","title":{"rendered":"M\u00e9todos de dete\u00e7\u00e3o de fugas no v\u00e1cuo"},"content":{"rendered":"<h1 style=\"text-align: center;\" data-start=\"370\" data-end=\"882\">M\u00e9todos de dete\u00e7\u00e3o de fugas no v\u00e1cuo<\/h1>\n<h1 style=\"text-align: center;\" data-start=\"370\" data-end=\"882\">ASTM D6653<\/h1>\n<p data-start=\"829\" data-end=\"1250\">Os m\u00e9todos de dete\u00e7\u00e3o de fugas no v\u00e1cuo s\u00e3o cruciais para avaliar a integridade dos sistemas de embalagem. Estes m\u00e9todos ajudam a garantir que os produtos, especialmente os sens\u00edveis a altera\u00e7\u00f5es ambientais, mant\u00eam a sua qualidade durante o transporte e o armazenamento. Uma das normas normalmente utilizadas para a dete\u00e7\u00e3o de fugas no v\u00e1cuo \u00e9 <strong data-start=\"852\" data-end=\"866\">ASTM D6653<\/strong>, que fornece orienta\u00e7\u00f5es para <strong data-start=\"898\" data-end=\"943\">ensaios de integridade de embalagens a grande altitude<\/strong>. Neste artigo, iremos explorar o funcionamento dos m\u00e9todos de teste de v\u00e1cuo, a sua import\u00e2ncia na embalagem e como <strong data-start=\"1050\" data-end=\"1071\">ensaios de estanquidade no v\u00e1cuo<\/strong> s\u00e3o efectuadas em conformidade com <a href=\"https:\/\/www.qualitester.com\/pt\/applications\/vacuum-leak-test-for-bottles\/\" target=\"_blank\" rel=\"noopener\"><strong data-start=\"1105\" data-end=\"1119\">ASTM D6653<\/strong><\/a>.<\/p>\n<hr \/>\n<h2>O que \u00e9 a ASTM D6653?<\/h2>\n<p data-start=\"1147\" data-end=\"1470\"><strong data-start=\"1147\" data-end=\"1161\">ASTM D6653<\/strong> contornos <strong data-start=\"1171\" data-end=\"1275\">m\u00e9todos de ensaio para determinar os efeitos da altitude elevada nos sistemas de embalagem utilizando um m\u00e9todo de v\u00e1cuo<\/strong>. Esta norma \u00e9 utilizada para<\/p>\n<p><a href=\"https:\/\/www.qualitester.com\/pt\/applications\/vacuum-leak-test-for-bottles\/\" target=\"_blank\" rel=\"noopener\"><img fetchpriority=\"high\" decoding=\"async\" class=\"size-medium wp-image-7764 alignright\" src=\"https:\/\/www.qualitester.com\/wp-content\/uploads\/2025\/12\/Vacuum-Leak-Detection-Methods-ASTM-D6653-300x300.webp\" alt=\"M\u00e9todos de dete\u00e7\u00e3o de fugas no v\u00e1cuo - ASTM D6653\" width=\"300\" height=\"300\" srcset=\"https:\/\/www.qualitester.com\/wp-content\/uploads\/2025\/12\/Vacuum-Leak-Detection-Methods-ASTM-D6653-300x300.webp 300w, https:\/\/www.qualitester.com\/wp-content\/uploads\/2025\/12\/Vacuum-Leak-Detection-Methods-ASTM-D6653-150x150.webp 150w, https:\/\/www.qualitester.com\/wp-content\/uploads\/2025\/12\/Vacuum-Leak-Detection-Methods-ASTM-D6653-12x12.webp 12w, https:\/\/www.qualitester.com\/wp-content\/uploads\/2025\/12\/Vacuum-Leak-Detection-Methods-ASTM-D6653-100x100.webp 100w, https:\/\/www.qualitester.com\/wp-content\/uploads\/2025\/12\/Vacuum-Leak-Detection-Methods-ASTM-D6653.webp 600w\" sizes=\"(max-width: 300px) 100vw, 300px\" \/><\/a><\/p>\n<p data-start=\"1147\" data-end=\"1470\">\u00a0simular os efeitos das condi\u00e7\u00f5es de altitude elevada que as embalagens podem enfrentar durante o transporte, tais como o transporte atrav\u00e9s de avi\u00f5es de alimenta\u00e7\u00e3o sobre passagens de alta montanha.<\/p>\n<p data-start=\"1472\" data-end=\"1800\">O teste consiste em submeter os materiais de embalagem e os produtos a um diferencial de press\u00e3o que imita as condi\u00e7\u00f5es de altitude elevada que podem ocorrer durante o transporte. Este teste garante que os sistemas de embalagem suportar\u00e3o as altera\u00e7\u00f5es de press\u00e3o atmosf\u00e9rica que ocorrem em altitudes mais elevadas, evitando danos, fugas ou contamina\u00e7\u00e3o.<\/p>\n<hr \/>\n<h2 data-start=\"1401\" data-end=\"1548\">Teste de estanquidade ao v\u00e1cuo: Porque \u00e9 que \u00e9 importante<\/h2>\n<p data-start=\"1840\" data-end=\"2180\">UM <strong data-start=\"1842\" data-end=\"1862\">ensaio de estanquidade ao v\u00e1cuo<\/strong> \u00e9 essencial para avaliar a estanquidade dos sistemas de embalagem. Ajuda a detetar quaisquer fugas ou pontos fracos no material de embalagem que possam comprometer a qualidade do produto. Estes testes s\u00e3o particularmente \u00fateis em ind\u00fastrias em que a integridade da embalagem \u00e9 vital, como a ind\u00fastria alimentar, farmac\u00eautica e de dispositivos m\u00e9dicos.<\/p>\n<p data-start=\"2182\" data-end=\"2504\">Quando os sistemas de embalagem s\u00e3o submetidos a testes de v\u00e1cuo, qualquer fuga pode ser identificada e medida, garantindo que a embalagem ter\u00e1 o desempenho exigido durante o transporte e o armazenamento. O <strong data-start=\"2366\" data-end=\"2399\">m\u00e9todos de dete\u00e7\u00e3o de fugas de v\u00e1cuo<\/strong> utilizado em <strong data-start=\"2408\" data-end=\"2422\">ASTM D6653<\/strong> pode identificar mesmo pequenas fugas que podem levar a uma degrada\u00e7\u00e3o significativa do produto.<\/p>\n<hr \/>\n<h3>Teste de Integridade de Embalagens a Grande Altitude: Uma aplica\u00e7\u00e3o chave da ASTM D6653<\/h3>\n<p data-start=\"3590\" data-end=\"3712\"><strong data-start=\"2584\" data-end=\"2627\">Ensaios de integridade de embalagens a grande altitude<\/strong> \u00e9 essencial para os produtos que s\u00e3o transportados por via a\u00e9rea ou para \u00e1reas em altitudes elevadas. Uma vez que os sistemas de embalagem podem ser expostos a diferenciais de press\u00e3o que podem comprometer a sua veda\u00e7\u00e3o, <strong data-start=\"2809\" data-end=\"2827\">ensaio de v\u00e1cuo<\/strong> pode simular estas condi\u00e7\u00f5es. Este m\u00e9todo de ensaio ajuda a determinar a capacidade de resist\u00eancia da embalagem \u00e0s altera\u00e7\u00f5es de press\u00e3o, o que \u00e9 especialmente importante para as ind\u00fastrias em que pode ocorrer contamina\u00e7\u00e3o ou deteriora\u00e7\u00e3o se a embalagem estiver comprometida.<\/p>\n<hr \/>\n<h2 data-start=\"3068\" data-end=\"3163\">Como efetuar um teste de dete\u00e7\u00e3o de fugas no v\u00e1cuo?<\/h2>\n<p data-start=\"3124\" data-end=\"3430\"><strong data-start=\"3124\" data-end=\"3161\">Passo 1: Preparar o provete de ensaio<\/strong><br data-start=\"3161\" data-end=\"3164\" \/>O provete de ensaio, normalmente um produto completo embalado ou os seus componentes, \u00e9 colocado num <strong data-start=\"3255\" data-end=\"3273\">c\u00e2mara de v\u00e1cuo<\/strong>. O sistema de embalagem \u00e9 cuidadosamente examinado antes do ensaio para garantir que todos os componentes relevantes, tais como a embalagem prim\u00e1ria e secund\u00e1ria, est\u00e3o intactos.<\/p>\n<p data-start=\"3432\" data-end=\"3708\"><strong data-start=\"3432\" data-end=\"3465\">Passo 2: Aplicar press\u00e3o de v\u00e1cuo<\/strong><br data-start=\"3465\" data-end=\"3468\" \/>Assim que o esp\u00e9cime estiver dentro da c\u00e2mara, a fonte de v\u00e1cuo \u00e9 activada. O medidor de v\u00e1cuo ajuda a garantir que a press\u00e3o \u00e9 reduzida a uma taxa aproximada, normalmente cerca de 1.000 p\u00e9s por 30-60 segundos, at\u00e9 que a press\u00e3o alvo seja atingida.<\/p>\n<p data-start=\"3710\" data-end=\"4027\"><strong data-start=\"3710\" data-end=\"3743\">Passo 3: Manter a press\u00e3o<\/strong><br data-start=\"3743\" data-end=\"3746\" \/>Para o <strong data-start=\"3754\" data-end=\"3784\">ensaio de dete\u00e7\u00e3o de fugas de v\u00e1cuo<\/strong>, A c\u00e2mara \u00e9 mantida \u00e0 press\u00e3o necess\u00e1ria durante um determinado per\u00edodo de tempo. No caso de <strong data-start=\"3882\" data-end=\"3896\">ASTM D6653<\/strong>, A press\u00e3o \u00e9 mantida durante 60 minutos. Esta dura\u00e7\u00e3o assegura a identifica\u00e7\u00e3o de eventuais fugas no sistema de embalagem.<\/p>\n<p data-start=\"4029\" data-end=\"4345\"><strong data-start=\"4029\" data-end=\"4067\">Passo 4: Libertar o v\u00e1cuo e inspecionar<\/strong><br data-start=\"4067\" data-end=\"4070\" \/>Ap\u00f3s a dura\u00e7\u00e3o do ensaio, o v\u00e1cuo \u00e9 libertado a uma velocidade controlada e a amostra \u00e9 retirada da c\u00e2mara. A embalagem \u00e9 ent\u00e3o inspeccionada para detetar qualquer deforma\u00e7\u00e3o, fuga ou falha da embalagem. O estado da embalagem \u00e9 documentado e qualquer dano \u00e9 registado.<\/p>\n<p data-start=\"4347\" data-end=\"4683\"><strong data-start=\"4347\" data-end=\"4373\">Etapa 5: Registar os resultados<\/strong><br data-start=\"4373\" data-end=\"4376\" \/>Finalmente, os resultados do teste de dete\u00e7\u00e3o de fugas no v\u00e1cuo s\u00e3o registados, incluindo quaisquer falhas ou deforma\u00e7\u00f5es observadas. Estes resultados fornecem informa\u00e7\u00f5es valiosas para avaliar a capacidade da embalagem para suportar condi\u00e7\u00f5es de altitude elevada e podem ajudar a orientar quaisquer melhorias necess\u00e1rias na conce\u00e7\u00e3o da embalagem.<\/p>\n<hr \/>\n<h2>Teste de v\u00e1cuo de sistemas de embalagem: Um processo vital<\/h2>\n<p data-start=\"4797\" data-end=\"5091\">O ensaio de v\u00e1cuo dos sistemas de embalagem garante que os produtos permanecem seguros e sem danos durante o transporte, especialmente em ambientes dif\u00edceis como as grandes altitudes. <strong data-start=\"4905\" data-end=\"4919\">ASTM D6653<\/strong> \u00e9 uma das normas essenciais para testar embalagens nessas condi\u00e7\u00f5es. Ao efetuar <strong data-start=\"5013\" data-end=\"5046\">m\u00e9todos de dete\u00e7\u00e3o de fugas de v\u00e1cuo<\/strong> Em conformidade com esta norma, as empresas podem melhorar a integridade do produto, reduzir o risco de falha da embalagem e manter a confian\u00e7a dos consumidores.<\/p>\n<hr \/>\n<h2 data-start=\"4558\" data-end=\"4833\">Conclus\u00e3o<\/h2>\n<p data-start=\"6541\" data-end=\"6706\">O <strong data-start=\"5210\" data-end=\"5243\">m\u00e9todos de dete\u00e7\u00e3o de fugas de v\u00e1cuo<\/strong> descrito em <strong data-start=\"5257\" data-end=\"5271\">ASTM D6653<\/strong> s\u00e3o ferramentas vitais para testar a integridade dos sistemas de embalagem em condi\u00e7\u00f5es de altitude elevada. Estes testes ajudam a evitar falhas na embalagem que poderiam levar a danos ou contamina\u00e7\u00e3o do produto. Quer esteja a testar a <strong data-start=\"5491\" data-end=\"5511\">integridade do v\u00e1cuo<\/strong>, realizando uma <strong data-start=\"5526\" data-end=\"5551\">dete\u00e7\u00e3o de fugas de v\u00e1cuo<\/strong> ou garantir a fiabilidade da embalagem, seguir as diretrizes ASTM D6653 pode ajudar a garantir que o seu sistema de embalagem cumpre os mais elevados padr\u00f5es de desempenho.<\/p>\n<hr \/>\n<h2 data-start=\"6541\" data-end=\"6706\">Perguntas frequentes<\/h2>\n<p>&nbsp;<\/p>\n<p data-start=\"113\" data-end=\"164\"><strong data-start=\"117\" data-end=\"164\">Q1: O que \u00e9 um m\u00e9todo de dete\u00e7\u00e3o de fugas de v\u00e1cuo?<\/strong><\/p>\n<p data-start=\"166\" data-end=\"349\"><strong data-start=\"166\" data-end=\"173\">A1:<\/strong><br data-start=\"173\" data-end=\"176\" \/>Trata-se de um teste para identificar fugas nas embalagens atrav\u00e9s da cria\u00e7\u00e3o de v\u00e1cuo no interior da embalagem. Ajuda a garantir que a embalagem pode suportar altera\u00e7\u00f5es de press\u00e3o durante o transporte ou armazenamento.<\/p>\n<hr data-start=\"351\" data-end=\"354\" \/>\n<p data-start=\"356\" data-end=\"417\"><strong data-start=\"360\" data-end=\"417\">Q2: Como \u00e9 que a norma ASTM D6653 se aplica aos ensaios de estanquidade por v\u00e1cuo?<\/strong><\/p>\n<p data-start=\"419\" data-end=\"631\"><strong data-start=\"419\" data-end=\"426\">A2:<\/strong><br data-start=\"426\" data-end=\"429\" \/><strong data-start=\"429\" data-end=\"443\">ASTM D6653<\/strong> testa o efeito das altera\u00e7\u00f5es de press\u00e3o a grande altitude nos sistemas de embalagem, simulando condi\u00e7\u00f5es como as do transporte a\u00e9reo. Ajuda a verificar a integridade da embalagem utilizando m\u00e9todos de dete\u00e7\u00e3o de fugas no v\u00e1cuo.<\/p>\n<hr data-start=\"633\" data-end=\"636\" \/>\n<p data-start=\"638\" data-end=\"695\"><strong data-start=\"642\" data-end=\"695\">Q3: Qual \u00e9 o procedimento para o ensaio de estanquidade no v\u00e1cuo?<\/strong><\/p>\n<p data-start=\"697\" data-end=\"846\"><strong data-start=\"697\" data-end=\"704\">A3:<\/strong><br data-start=\"704\" data-end=\"707\" \/>Colocar a amostra de ensaio numa c\u00e2mara de v\u00e1cuo, aplicar a press\u00e3o de v\u00e1cuo, mant\u00ea-la durante um determinado per\u00edodo de tempo e, em seguida, libert\u00e1-la e inspecionar se existem danos ou fugas.<\/p>\n<hr data-start=\"848\" data-end=\"851\" \/>\n<p data-start=\"853\" data-end=\"931\"><strong data-start=\"857\" data-end=\"931\">Q4: Em que \u00e9 que os ensaios a grande altitude diferem dos ensaios de v\u00e1cuo normais?<\/strong><\/p>\n<p data-start=\"933\" data-end=\"1100\"><strong data-start=\"933\" data-end=\"940\">A4:<\/strong><br data-start=\"940\" data-end=\"943\" \/>Os testes a grande altitude simulam altera\u00e7\u00f5es de press\u00e3o a altitudes como 19.000 p\u00e9s, ao contr\u00e1rio dos testes de v\u00e1cuo normais que n\u00e3o reproduzem essas condi\u00e7\u00f5es extremas.<\/p>\n<hr data-start=\"1102\" data-end=\"1105\" \/>\n<p data-start=\"1107\" data-end=\"1161\"><strong data-start=\"1111\" data-end=\"1161\">Q5: Que materiais s\u00e3o testados com a norma ASTM D6653?<\/strong><\/p>\n<p data-start=\"1163\" data-end=\"1342\"><strong data-start=\"1163\" data-end=\"1170\">A5:<\/strong><br data-start=\"1170\" data-end=\"1173\" \/>Materiais como <strong data-start=\"1188\" data-end=\"1197\">VLDPE<\/strong>, <strong data-start=\"1199\" data-end=\"1208\">PEBDL<\/strong>, <strong data-start=\"1210\" data-end=\"1217\">PVC<\/strong>, e <strong data-start=\"1223\" data-end=\"1231\">PEAD<\/strong> utilizados em embalagens, nomeadamente para produtos alimentares e farmac\u00eauticos, s\u00e3o testados quanto \u00e0 toler\u00e2ncia \u00e0 press\u00e3o a grande altitude.<\/p>\n<hr data-start=\"1344\" data-end=\"1347\" \/>\n<p data-start=\"1349\" data-end=\"1414\"><strong data-start=\"1353\" data-end=\"1414\">Q6: Que sinais de avaria surgem durante o ensaio de estanquidade ao v\u00e1cuo?<\/strong><\/p>\n<p data-start=\"1416\" data-end=\"1551\"><strong data-start=\"1416\" data-end=\"1423\">A6:<\/strong><br data-start=\"1423\" data-end=\"1426\" \/>Os sinais de falha incluem deforma\u00e7\u00f5es vis\u00edveis, fugas ou contamina\u00e7\u00e3o do produto devido ao facto de a embalagem n\u00e3o aguentar a press\u00e3o.<\/p>\n<p>&nbsp;<\/p>","protected":false},"excerpt":{"rendered":"<p>Vacuum Leak Detection Methods ASTM D6653 Vacuum leak detection methods are crucial for assessing the integrity of packaging systems. These methods help ensure that products, especially those sensitive to environmental changes, maintain their quality during transit and storage. One of the commonly used standards for vacuum leak detection is ASTM D6653, which provides guidelines for &hellip;<\/p>\n<p class=\"read-more\"> <a class=\"\" href=\"https:\/\/www.qualitester.com\/pt\/applications\/vacuum-leak-detection-methods\/\"> <span class=\"screen-reader-text\">M\u00e9todos de dete\u00e7\u00e3o de fugas no v\u00e1cuo<\/span> Ler mais \"<\/a><\/p>","protected":false},"author":7,"featured_media":0,"parent":6794,"menu_order":0,"comment_status":"closed","ping_status":"closed","template":"","meta":{"site-sidebar-layout":"default","site-content-layout":"default","ast-global-header-display":"","ast-main-header-display":"","ast-hfb-above-header-display":"","ast-hfb-below-header-display":"","ast-hfb-mobile-header-display":"","site-post-title":"disabled","ast-breadcrumbs-content":"","ast-featured-img":"","footer-sml-layout":"","theme-transparent-header-meta":"default","adv-header-id-meta":"","stick-header-meta":"","header-above-stick-meta":"","header-main-stick-meta":"","header-below-stick-meta":"","footnotes":""},"class_list":["post-7760","page","type-page","status-publish","hentry"],"_links":{"self":[{"href":"https:\/\/www.qualitester.com\/pt\/wp-json\/wp\/v2\/pages\/7760","targetHints":{"allow":["GET"]}}],"collection":[{"href":"https:\/\/www.qualitester.com\/pt\/wp-json\/wp\/v2\/pages"}],"about":[{"href":"https:\/\/www.qualitester.com\/pt\/wp-json\/wp\/v2\/types\/page"}],"author":[{"embeddable":true,"href":"https:\/\/www.qualitester.com\/pt\/wp-json\/wp\/v2\/users\/7"}],"replies":[{"embeddable":true,"href":"https:\/\/www.qualitester.com\/pt\/wp-json\/wp\/v2\/comments?post=7760"}],"version-history":[{"count":0,"href":"https:\/\/www.qualitester.com\/pt\/wp-json\/wp\/v2\/pages\/7760\/revisions"}],"up":[{"embeddable":true,"href":"https:\/\/www.qualitester.com\/pt\/wp-json\/wp\/v2\/pages\/6794"}],"wp:attachment":[{"href":"https:\/\/www.qualitester.com\/pt\/wp-json\/wp\/v2\/media?parent=7760"}],"curies":[{"name":"wp","href":"https:\/\/api.w.org\/{rel}","templated":true}]}}