{"id":7619,"date":"2025-12-17T13:33:28","date_gmt":"2025-12-17T05:33:28","guid":{"rendered":"https:\/\/www.qualitester.com\/?page_id=7619"},"modified":"2025-12-17T16:16:41","modified_gmt":"2025-12-17T08:16:41","slug":"astm-d5587-method-for-tearing-strength-of-fabric-testing","status":"publish","type":"page","link":"https:\/\/www.qualitester.com\/pt\/applications\/astm-d5587-method-for-tearing-strength-of-fabric-testing\/","title":{"rendered":"Ensaio de resist\u00eancia ao rasgamento de tecidos ASTM D5587"},"content":{"rendered":"<h1 style=\"text-align: center;\">Ensaio de resist\u00eancia ao rasgamento de tecidos<br \/>\n<small>ASTM D5587<\/small><\/h1>\n<h1 style=\"text-align: center;\"><img fetchpriority=\"high\" decoding=\"async\" class=\"wp-image-7631 alignleft\" src=\"https:\/\/www.qualitester.com\/wp-content\/uploads\/2025\/12\/ASTM-D5587-Tearing-Strength-of-Fabric-Testing-300x227.webp\" alt=\"Ensaio de resist\u00eancia ao rasgamento de tecidos ASTM D5587\" width=\"333\" height=\"252\" srcset=\"https:\/\/www.qualitester.com\/wp-content\/uploads\/2025\/12\/ASTM-D5587-Tearing-Strength-of-Fabric-Testing-300x227.webp 300w, https:\/\/www.qualitester.com\/wp-content\/uploads\/2025\/12\/ASTM-D5587-Tearing-Strength-of-Fabric-Testing-16x12.webp 16w, https:\/\/www.qualitester.com\/wp-content\/uploads\/2025\/12\/ASTM-D5587-Tearing-Strength-of-Fabric-Testing.webp 528w\" sizes=\"(max-width: 333px) 100vw, 333px\" \/><\/h1>\n<p>&nbsp;<\/p>\n<p>A resist\u00eancia ao rasgamento do tecido \u00e9 uma propriedade mec\u00e2nica cr\u00edtica que reflecte a forma como os t\u00eaxteis resistem \u00e0 propaga\u00e7\u00e3o de um rasg\u00e3o existente sob carga. A norma ASTM D5587, amplamente conhecida como o teste de resist\u00eancia ao rasgamento trapezoidal, fornece um m\u00e9todo padronizado e repet\u00edvel para avaliar este desempenho. Ao compreender os princ\u00edpios, procedimentos e aplica\u00e7\u00f5es deste m\u00e9todo, os profissionais da qualidade podem garantir um desempenho consistente dos tecidos e testes de aceita\u00e7\u00e3o fi\u00e1veis em todas as ind\u00fastrias.<\/p>\n<hr \/>\n<h2>Compreender a resist\u00eancia ao rasgamento do tecido<\/h2>\n<p data-start=\"948\" data-end=\"1331\">A resist\u00eancia ao rasgamento do tecido descreve a for\u00e7a necess\u00e1ria para <strong data-start=\"1007\" data-end=\"1053\">continuar um rasg\u00e3o depois de o ter iniciado<\/strong>, O tecido \u00e9 mais f\u00e1cil de ser utilizado do que a for\u00e7a necess\u00e1ria para o arranque. No mundo real, os tecidos falham frequentemente devido a pequenos cortes, entalhes ou defeitos introduzidos durante o fabrico ou manuseamento. A medi\u00e7\u00e3o da resist\u00eancia ao rasgamento do tecido oferece, por conseguinte, informa\u00e7\u00f5es valiosas sobre a durabilidade, a seguran\u00e7a e a vida \u00fatil.<\/p>\n<p data-start=\"1333\" data-end=\"1659\">A norma ASTM D5587 centra-se no comportamento de propaga\u00e7\u00e3o do rasgo sob carga de tra\u00e7\u00e3o controlada. O m\u00e9todo aplica tens\u00e3o de tra\u00e7\u00e3o ao longo de um percurso definido, de modo a que o rasgo se desloque de forma constante ao longo da largura da amostra. Esta abordagem torna o teste especialmente \u00fatil para comparar <strong data-start=\"1592\" data-end=\"1658\">diferentes constru\u00e7\u00f5es de tecidos, acabamentos ou direc\u00e7\u00f5es de tecidos<\/strong>.<\/p>\n<hr \/>\n<h2 data-start=\"1335\" data-end=\"1933\">Teste de resist\u00eancia ao rasgamento trapezoidal ASTM D5587 e princ\u00edpios de rasgamento trapezoidal CRE<\/h2>\n<p data-start=\"1750\" data-end=\"2043\">O <strong data-start=\"1754\" data-end=\"1799\">ASTM D5587 <a href=\"https:\/\/www.qualitester.com\/pt\/produto\/tst-01-universal-testing-machine\/\">ensaio de resist\u00eancia ao rasgamento trapezoidal<\/a><\/strong> baseia-se numa abordagem de ensaio de tra\u00e7\u00e3o com taxa de extens\u00e3o constante (CRE), frequentemente designada por <strong data-start=\"1892\" data-end=\"1916\">Rutura trapezoidal CRE<\/strong> testes. Uma m\u00e1quina CRE mant\u00e9m uma taxa de extens\u00e3o uniforme, o que melhora a consist\u00eancia dos dados e a comparabilidade entre laborat\u00f3rios.<\/p>\n<p data-start=\"2045\" data-end=\"2351\">Este m\u00e9todo \u00e9 adequado para uma vasta gama de t\u00eaxteis, incluindo tecidos, malhas, tecidos revestidos ou tratados com resina, materiais com pregas, estruturas em camadas, tecidos com pelo e t\u00eaxteis t\u00e9cnicos, tais como tecidos para sacos de ar. Os esp\u00e9cimes podem ser testados em condi\u00e7\u00f5es secas ou h\u00famidas, dependendo dos requisitos da aplica\u00e7\u00e3o.<\/p>\n<p data-start=\"2353\" data-end=\"2608\">\u00c9 importante salientar que o teste pressup\u00f5e que o rasgo \u00e9 pr\u00e9-cortado. Consequentemente, a resist\u00eancia ao rasgamento do tecido medida pela ASTM D5587 n\u00e3o <strong data-start=\"2472\" data-end=\"2479\">n\u00e3o<\/strong> representam a for\u00e7a de inicia\u00e7\u00e3o do rasgamento, mas sim a resist\u00eancia \u00e0 propaga\u00e7\u00e3o do rasgamento, o que se alinha de perto com muitos cen\u00e1rios de utiliza\u00e7\u00e3o final.<\/p>\n<hr \/>\n<h2 data-start=\"2615\" data-end=\"2664\">Resumo do procedimento de ensaio baseado na norma ASTM D5587<\/h2>\n<p data-start=\"2665\" data-end=\"2757\">Para ajudar os laborat\u00f3rios a aplicar corretamente o m\u00e9todo, as etapas principais podem ser resumidas da seguinte forma:<\/p>\n<ol data-start=\"2759\" data-end=\"3745\">\n<li data-start=\"2759\" data-end=\"2930\">\n<p data-start=\"2762\" data-end=\"2930\"><strong data-start=\"2762\" data-end=\"2787\">Condicionamento de esp\u00e9cimes<\/strong><br data-start=\"2787\" data-end=\"2790\" \/>Condicionar os esp\u00e9cimes numa atmosfera normalizada de ensaio de t\u00eaxteis, normalmente <strong data-start=\"2865\" data-end=\"2901\">21 \u00b0C e 65 % de humidade relativa<\/strong>, Salvo indica\u00e7\u00e3o em contr\u00e1rio.<\/p>\n<\/li>\n<li data-start=\"2932\" data-end=\"3095\">\n<p data-start=\"2935\" data-end=\"3095\"><strong data-start=\"2935\" data-end=\"2959\">Prepara\u00e7\u00e3o de Amostras<\/strong><br data-start=\"2959\" data-end=\"2962\" \/>Marcar um trap\u00e9zio is\u00f3sceles numa amostra de tecido retangular. Introduzir uma fenda no centro da base curta para iniciar o rasg\u00e3o.<\/p>\n<\/li>\n<li data-start=\"3097\" data-end=\"3289\">\n<p data-start=\"3100\" data-end=\"3289\"><strong data-start=\"3100\" data-end=\"3126\">Fixa\u00e7\u00e3o e alinhamento<\/strong><br data-start=\"3126\" data-end=\"3129\" \/>Fixar os lados n\u00e3o paralelos do trap\u00e9zio nas pegas de um aparelho de teste de tra\u00e7\u00e3o CRE. O alinhamento correto assegura que o rasgo se propaga uniformemente atrav\u00e9s do esp\u00e9cime.<\/p>\n<\/li>\n<li data-start=\"3291\" data-end=\"3500\">\n<p data-start=\"3294\" data-end=\"3500\"><strong data-start=\"3294\" data-end=\"3328\">Propaga\u00e7\u00e3o e registo de rasg\u00f5es<\/strong><br data-start=\"3328\" data-end=\"3331\" \/>Iniciar o ensaio com uma velocidade de extens\u00e3o controlada. \u00c0 medida que a cruzeta se move, o rasgo avan\u00e7a e a for\u00e7a flutua. O sistema regista estes valores de for\u00e7a continuamente.<\/p>\n<\/li>\n<li data-start=\"3502\" data-end=\"3745\">\n<p data-start=\"3505\" data-end=\"3745\"><strong data-start=\"3505\" data-end=\"3535\">Conclus\u00e3o e replica\u00e7\u00e3o<\/strong><br data-start=\"3535\" data-end=\"3538\" \/>Parar o teste quando o rasgo atingir o comprimento especificado ou quando o provete se separar completamente. Repetir o procedimento para v\u00e1rios provetes em cada dire\u00e7\u00e3o principal do tecido para garantir a fiabilidade estat\u00edstica.<\/p>\n<\/li>\n<\/ol>\n<p data-start=\"3747\" data-end=\"3897\">Durante todo o procedimento, o controlo consistente da velocidade e a medi\u00e7\u00e3o precisa da for\u00e7a desempenham um papel decisivo nos resultados fi\u00e1veis da resist\u00eancia ao rasgamento do tecido.<\/p>\n<hr \/>\n<h2 data-start=\"5352\" data-end=\"5415\">Considera\u00e7\u00f5es sobre o equipamento e o papel dos aparelhos de teste de tra\u00e7\u00e3o CRE<\/h2>\n<p style=\"text-align: left;\">Os resultados exactos do teste de resist\u00eancia ao rasgamento trapezoidal dependem muito do desempenho do sistema de teste de tra\u00e7\u00e3o. Um aparelho de teste de tra\u00e7\u00e3o CRE est\u00e1vel assegura uma extens\u00e3o suave, um controlo preciso do deslocamento e uma medi\u00e7\u00e3o fi\u00e1vel da for\u00e7a durante todo o processo de rasgamento.<\/p>\n<p style=\"text-align: left;\" data-start=\"5678\" data-end=\"6204\">O <strong data-start=\"5682\" data-end=\"5726\"><a href=\"https:\/\/www.celtec.cn\" rel=\"nofollow noopener\" target=\"_blank\">Instrumentos de C\u00e9lula<\/a> <a href=\"https:\/\/www.qualitester.com\/pt\/produto\/tst-01-tensile-tester\/\">Testador de tra\u00e7\u00e3o (TST-01)<\/a><\/strong> suporta os testes ASTM D5587, fornecendo taxas de extens\u00e3o controladas, visualiza\u00e7\u00e3o clara da for\u00e7a-deslocamento e solu\u00e7\u00f5es de preens\u00e3o adapt\u00e1veis para amostras t\u00eaxteis. A sua flexibilidade permite que os laborat\u00f3rios realizem n\u00e3o s\u00f3 testes de resist\u00eancia ao rasgamento de tecidos, mas tamb\u00e9m uma vasta gama de avalia\u00e7\u00f5es de tra\u00e7\u00e3o e descama\u00e7\u00e3o em t\u00eaxteis, materiais de embalagem e componentes m\u00e9dicos. Esta versatilidade alinha-se bem com os laborat\u00f3rios que procuram valor a longo prazo e capacidade de teste padronizada.<\/p>\n<figure id=\"attachment_7632\" aria-describedby=\"caption-attachment-7632\" style=\"width: 239px\" class=\"wp-caption aligncenter\"><a href=\"https:\/\/www.qualitester.com\/pt\/produto\/tst-01-tensile-tester\/\"><img decoding=\"async\" class=\"wp-image-7632 size-medium\" src=\"https:\/\/www.qualitester.com\/wp-content\/uploads\/2025\/12\/Tensile-Tester-TST-01-239x300.webp\" alt=\"Ensaio de resist\u00eancia ao rasgamento de tecidos ASTM D5587\" width=\"239\" height=\"300\" srcset=\"https:\/\/www.qualitester.com\/wp-content\/uploads\/2025\/12\/Tensile-Tester-TST-01-239x300.webp 239w, https:\/\/www.qualitester.com\/wp-content\/uploads\/2025\/12\/Tensile-Tester-TST-01-10x12.webp 10w, https:\/\/www.qualitester.com\/wp-content\/uploads\/2025\/12\/Tensile-Tester-TST-01.webp 318w\" sizes=\"(max-width: 239px) 100vw, 239px\" \/><\/a><figcaption id=\"caption-attachment-7632\" class=\"wp-caption-text\">Testador de tra\u00e7\u00e3o TST-01<\/figcaption><\/figure>\n<hr \/>\n<h2 data-start=\"5284\" data-end=\"5304\">Considera\u00e7\u00f5es finais<\/h2>\n<p>A norma ASTM D5587 fornece uma estrutura robusta para avaliar a resist\u00eancia ao rasgamento de tecidos utilizando o teste de resist\u00eancia ao rasgamento trapezoidal. Seguindo procedimentos normalizados, selecionando equipamento de teste CRE adequado e compreendendo o significado do comportamento de propaga\u00e7\u00e3o do rasgo, os laborat\u00f3rios podem gerar dados significativos que apoiam a garantia de qualidade e o desenvolvimento de produtos. Para os profissionais do sector t\u00eaxtil, o dom\u00ednio deste m\u00e9todo refor\u00e7a tanto a compet\u00eancia t\u00e9cnica como a credibilidade no mercado.<\/p>\n<hr \/>\n<h2>Perguntas frequentes<\/h2>\n<p data-start=\"39\" data-end=\"393\"><strong data-start=\"39\" data-end=\"109\">1. Qual \u00e9 o principal objetivo do teste de resist\u00eancia ao rasgamento trapezoidal?<\/strong><br data-start=\"109\" data-end=\"112\" \/>O teste de resist\u00eancia ao rasgamento trapezoidal mede a <strong data-start=\"160\" data-end=\"223\">resist\u00eancia ao rasgamento do tecido depois de o rasgamento j\u00e1 ter come\u00e7ado<\/strong>. Avalia a capacidade de um tecido resistir \u00e0 propaga\u00e7\u00e3o de rasg\u00f5es sob carga de tra\u00e7\u00e3o, o que reflecte de perto as condi\u00e7\u00f5es reais de utiliza\u00e7\u00e3o, onde podem j\u00e1 existir pequenos cortes ou defeitos.<\/p>\n<p data-start=\"395\" data-end=\"755\"><strong data-start=\"395\" data-end=\"460\">2. Porque \u00e9 que a norma ASTM D5587 exige uma m\u00e1quina de ensaios de tra\u00e7\u00e3o CRE?<\/strong><br data-start=\"460\" data-end=\"463\" \/>A norma ASTM D5587 especifica um <strong data-start=\"486\" data-end=\"546\">m\u00e1quina de ensaio de tra\u00e7\u00e3o a taxa de extens\u00e3o constante (CRE)<\/strong> porque proporciona um movimento est\u00e1vel e uniforme da cruzeta e uma medi\u00e7\u00e3o exacta da for\u00e7a. Esta consist\u00eancia melhora a repetibilidade e a comparabilidade dos resultados dos testes de resist\u00eancia ao rasgamento trapezoidal entre laborat\u00f3rios.<\/p>\n<p data-start=\"757\" data-end=\"1137\"><strong data-start=\"757\" data-end=\"818\">3. Que tipos de tecidos podem ser testados utilizando a norma ASTM D5587?<\/strong><br data-start=\"818\" data-end=\"821\" \/>A norma aplica-se a uma vasta gama de t\u00eaxteis, incluindo <strong data-start=\"881\" data-end=\"999\">tecidos, tecidos de malha, tecidos com pregas e p\u00ealos, estruturas em camadas e materiais revestidos ou tratados com resina<\/strong>. Tanto os tecidos n\u00e3o tratados como os tecidos acabados podem ser avaliados, tornando o m\u00e9todo adequado para muitas aplica\u00e7\u00f5es t\u00eaxteis industriais e t\u00e9cnicas.<\/p>\n<p data-start=\"1139\" data-end=\"1470\"><strong data-start=\"1139\" data-end=\"1208\">4. Como devem ser comunicados os resultados do ensaio de resist\u00eancia ao rasgamento trapezoidal?<\/strong><br data-start=\"1208\" data-end=\"1211\" \/>A norma ASTM D5587 permite que os resultados sejam comunicados como <strong data-start=\"1266\" data-end=\"1295\">for\u00e7a de rutura de pico \u00fanico<\/strong> ou o <strong data-start=\"1303\" data-end=\"1346\">m\u00e9dia das cinco for\u00e7as de pico mais elevadas<\/strong> observados durante os ensaios. O m\u00e9todo de comunica\u00e7\u00e3o escolhido deve ser previamente acordado e utilizado de forma consistente para efeitos de compara\u00e7\u00e3o.<\/p>\n<p data-start=\"1472\" data-end=\"1862\" data-is-last-node=\"\" data-is-only-node=\"\"><strong data-start=\"1472\" data-end=\"1542\">5. Quais os factores que mais influenciam a resist\u00eancia ao rasgamento dos resultados dos tecidos?<\/strong><br data-start=\"1542\" data-end=\"1545\" \/>Os principais factores incluem <strong data-start=\"1565\" data-end=\"1672\">estrutura do tecido, tipo e densidade do fio, tratamentos de acabamento, prepara\u00e7\u00e3o da amostra e alinhamento do ensaio<\/strong>. O acondicionamento adequado, a marca\u00e7\u00e3o exacta da amostra e a utiliza\u00e7\u00e3o de um aparelho de teste de tra\u00e7\u00e3o CRE fi\u00e1vel - como o TST-01 da Cell Instruments - ajudam a garantir dados fi\u00e1veis do teste de resist\u00eancia ao rasgamento trapezoidal.<\/p>","protected":false},"excerpt":{"rendered":"<p>Teste de resist\u00eancia ao rasgamento de tecidos ASTM D5587 A resist\u00eancia ao rasgamento de tecidos \u00e9 uma propriedade mec\u00e2nica cr\u00edtica que reflecte a forma como os t\u00eaxteis resistem \u00e0 propaga\u00e7\u00e3o de um rasg\u00e3o existente sob carga. A norma ASTM D5587, amplamente conhecida como o teste de resist\u00eancia ao rasgamento trapezoidal, fornece um m\u00e9todo padronizado e repet\u00edvel para avaliar este desempenho. Ao compreender os princ\u00edpios, procedimentos, ...<\/p>\n<p class=\"read-more\"> <a class=\"\" href=\"https:\/\/www.qualitester.com\/pt\/applications\/astm-d5587-method-for-tearing-strength-of-fabric-testing\/\"> <span class=\"screen-reader-text\">Ensaio de resist\u00eancia ao rasgamento de tecidos ASTM D5587<\/span> Ler mais \"<\/a><\/p>","protected":false},"author":8,"featured_media":0,"parent":6794,"menu_order":0,"comment_status":"closed","ping_status":"closed","template":"","meta":{"site-sidebar-layout":"default","site-content-layout":"default","ast-global-header-display":"","ast-main-header-display":"","ast-hfb-above-header-display":"","ast-hfb-below-header-display":"","ast-hfb-mobile-header-display":"","site-post-title":"","ast-breadcrumbs-content":"","ast-featured-img":"","footer-sml-layout":"","theme-transparent-header-meta":"default","adv-header-id-meta":"","stick-header-meta":"","header-above-stick-meta":"","header-main-stick-meta":"","header-below-stick-meta":"","footnotes":""},"class_list":["post-7619","page","type-page","status-publish","hentry"],"_links":{"self":[{"href":"https:\/\/www.qualitester.com\/pt\/wp-json\/wp\/v2\/pages\/7619","targetHints":{"allow":["GET"]}}],"collection":[{"href":"https:\/\/www.qualitester.com\/pt\/wp-json\/wp\/v2\/pages"}],"about":[{"href":"https:\/\/www.qualitester.com\/pt\/wp-json\/wp\/v2\/types\/page"}],"author":[{"embeddable":true,"href":"https:\/\/www.qualitester.com\/pt\/wp-json\/wp\/v2\/users\/8"}],"replies":[{"embeddable":true,"href":"https:\/\/www.qualitester.com\/pt\/wp-json\/wp\/v2\/comments?post=7619"}],"version-history":[{"count":0,"href":"https:\/\/www.qualitester.com\/pt\/wp-json\/wp\/v2\/pages\/7619\/revisions"}],"up":[{"embeddable":true,"href":"https:\/\/www.qualitester.com\/pt\/wp-json\/wp\/v2\/pages\/6794"}],"wp:attachment":[{"href":"https:\/\/www.qualitester.com\/pt\/wp-json\/wp\/v2\/media?parent=7619"}],"curies":[{"name":"wp","href":"https:\/\/api.w.org\/{rel}","templated":true}]}}