{"id":7567,"date":"2025-11-13T09:51:57","date_gmt":"2025-11-13T01:51:57","guid":{"rendered":"https:\/\/www.qualitester.com\/?page_id=7567"},"modified":"2025-11-13T10:08:10","modified_gmt":"2025-11-13T02:08:10","slug":"iso-7864","status":"publish","type":"page","link":"https:\/\/www.qualitester.com\/pt\/standards\/iso-7864\/","title":{"rendered":"Norma ISO 7864"},"content":{"rendered":"<h1 style=\"text-align: center;\">Norma ISO 7864<br \/>\n<small>Teste de agulhas hipod\u00e9rmicas est\u00e9reis<br \/>\nFor\u00e7a de penetra\u00e7\u00e3o e arrastamento e for\u00e7a de liga\u00e7\u00e3o da agulha<\/small><\/h1>\n<p data-start=\"437\" data-end=\"871\"><strong data-start=\"456\" data-end=\"468\">Norma ISO 7864<\/strong> define o <em data-start=\"481\" data-end=\"558\">requisitos e m\u00e9todos de ensaio para agulhas hipod\u00e9rmicas est\u00e9reis de utiliza\u00e7\u00e3o \u00fanica<\/em>. Esta norma internacional garante que as agulhas m\u00e9dicas utilizadas para inje\u00e7\u00e3o ou retirada de fluidos cumprem requisitos rigorosos de seguran\u00e7a, nitidez e desempenho.<\/p>\n<p data-start=\"873\" data-end=\"1157\">Em <a href=\"https:\/\/www.qualitester.com\/pt\/\" target=\"_blank\" rel=\"noopener\"><strong data-start=\"876\" data-end=\"906\">Cell Instruments Co., Ltd.<\/strong><\/a>, Na nossa empresa, fornecemos solu\u00e7\u00f5es avan\u00e7adas para testar as propriedades mec\u00e2nicas e a funcionalidade de agulhas e seringas m\u00e9dicas em conformidade com a norma ISO 7864. Os nossos instrumentos s\u00e3o amplamente utilizados no controlo de qualidade de dispositivos m\u00e9dicos, investiga\u00e7\u00e3o e testes de conformidade.<\/p>\n<hr data-start=\"1159\" data-end=\"1162\" \/>\n<h2 data-start=\"1164\" data-end=\"1211\">Compreender a ISO 7864 e a sua import\u00e2ncia<\/h2>\n<p data-start=\"1212\" data-end=\"1513\"><strong data-start=\"1212\" data-end=\"1224\">Norma ISO 7864<\/strong> estabelece especifica\u00e7\u00f5es uniformes para garantir a <em data-start=\"1274\" data-end=\"1321\">esterilidade, integridade e resist\u00eancia mec\u00e2nica<\/em> de agulhas hipod\u00e9rmicas. Estas normas s\u00e3o fundamentais para manter a seguran\u00e7a dos doentes, minimizando a dor de inser\u00e7\u00e3o, evitando a quebra e assegurando uma liga\u00e7\u00e3o correta entre a agulha e o cubo.<\/p>\n<p data-start=\"1515\" data-end=\"1794\">A norma define procedimentos pormenorizados para v\u00e1rios <strong data-start=\"1569\" data-end=\"1598\">testes com agulhas hipod\u00e9rmicas<\/strong> par\u00e2metros, tais como <em data-start=\"1619\" data-end=\"1671\">afia\u00e7\u00e3o da agulha, penetrabilidade, for\u00e7a de liga\u00e7\u00e3o,<\/em> e <em data-start=\"1676\" data-end=\"1699\">precis\u00e3o dimensional.<\/em> Cada um destes testes ajuda a avaliar a efic\u00e1cia do desempenho de uma agulha durante a utiliza\u00e7\u00e3o cl\u00ednica.<\/p>\n<hr data-start=\"1796\" data-end=\"1799\" \/>\n<h2 data-start=\"1801\" data-end=\"1835\">Principais m\u00e9todos de ensaio ISO 7864<\/h2>\n<h3 data-start=\"1837\" data-end=\"1905\">Anexo D - Ensaio de afia\u00e7\u00e3o e ensaio de penetrabilidade de agulhas hipod\u00e9rmicas<\/h3>\n<p data-start=\"1906\" data-end=\"2148\">Um dos factores de desempenho mais importantes na <strong data-start=\"1955\" data-end=\"1984\">testes com agulhas hipod\u00e9rmicas<\/strong> \u00e9 a sua nitidez. <strong data-start=\"2003\" data-end=\"2042\">Teste de afia\u00e7\u00e3o de agulhas hipod\u00e9rmicas<\/strong> avalia o <em data-start=\"2057\" data-end=\"2091\">for\u00e7a de penetra\u00e7\u00e3o e for\u00e7a de arrastamento<\/em> durante a inser\u00e7\u00e3o da agulha num substrato padronizado.<\/p>\n<p data-start=\"2150\" data-end=\"2376\">De acordo com o anexo D da norma ISO 7864, o <strong data-start=\"2185\" data-end=\"2217\">ensaio de penetrabilidade da agulha<\/strong> \u00e9 efectuada atrav\u00e9s da inser\u00e7\u00e3o da agulha num substrato (frequentemente l\u00e1tex ou pel\u00edcula de poliuretano) a uma velocidade constante de <strong data-start=\"2330\" data-end=\"2344\">100 mm\/min<\/strong>. S\u00e3o medidos dois par\u00e2metros:<\/p>\n<ul>\n<li data-start=\"2379\" data-end=\"2461\"><strong data-start=\"2379\" data-end=\"2405\">For\u00e7a de penetra\u00e7\u00e3o de pico<\/strong> - a for\u00e7a m\u00e1xima necess\u00e1ria para perfurar o substrato.<\/li>\n<li data-start=\"2464\" data-end=\"2559\"><strong data-start=\"2464\" data-end=\"2478\">For\u00e7a de arrasto<\/strong> - a resist\u00eancia m\u00e9dia de fric\u00e7\u00e3o \u00e0 medida que a agulha se desloca atrav\u00e9s do substrato.<\/li>\n<\/ul>\n<p data-start=\"2561\" data-end=\"2705\">Estes valores s\u00e3o tra\u00e7ados numa curva for\u00e7a-deslocamento, representando tanto a pun\u00e7\u00e3o inicial como as for\u00e7as de fric\u00e7\u00e3o que actuam sobre a agulha.<\/p>\n<p data-start=\"2707\" data-end=\"2943\">Para efetuar este teste com precis\u00e3o, <strong data-start=\"2740\" data-end=\"2794\">Instrumentos de C\u00e9lula <a href=\"https:\/\/www.qualitester.com\/pt\/produto\/iso-7864-needle-penetration-force-measurement-instrument\/\" target=\"_blank\" rel=\"noopener\">Testador de for\u00e7a de arrasto e penetra\u00e7\u00e3o de agulha NPD-01<\/a><\/strong>\u00a0oferece uma medi\u00e7\u00e3o de alta precis\u00e3o das for\u00e7as de penetra\u00e7\u00e3o e arrastamento, permitindo aos utilizadores avaliar o desempenho da agulha em conformidade com a norma ISO 7864 Anexo D.<\/p>\n<h3 data-start=\"2950\" data-end=\"2985\">Anexo E - Ensaio de resist\u00eancia da liga\u00e7\u00e3o por agulha<\/h3>\n<p data-start=\"2986\" data-end=\"3264\">Outra parte fundamental do <strong data-start=\"3011\" data-end=\"3031\">ensaios iso 7864<\/strong> est\u00e1 a avaliar a liga\u00e7\u00e3o mec\u00e2nica entre o <em data-start=\"3084\" data-end=\"3097\">tubo da agulha<\/em> e <em data-start=\"3102\" data-end=\"3114\">cubo da agulha<\/em>. O <strong data-start=\"3120\" data-end=\"3152\">ensaio de resist\u00eancia da colagem de agulhas<\/strong> (Anexo E) garante que a agulha pode suportar as for\u00e7as de tra\u00e7\u00e3o encontradas durante a utiliza\u00e7\u00e3o sem se soltar.<\/p>\n<p data-start=\"3266\" data-end=\"3537\">Neste ensaio, a agulha \u00e9 montada verticalmente numa m\u00e1quina de ensaios de tra\u00e7\u00e3o. A c\u00e9lula de carga \u00e9 colocada a zero e a amostra \u00e9 puxada a uma velocidade de <strong data-start=\"3412\" data-end=\"3425\">50 mm\/min<\/strong> at\u00e9 que o cubo se separe ou a agulha se parta. A <strong data-start=\"3476\" data-end=\"3502\">for\u00e7a m\u00e1xima registada<\/strong> representa a for\u00e7a de liga\u00e7\u00e3o.<\/p>\n<p data-start=\"3539\" data-end=\"3831\">Para resultados fi\u00e1veis e repet\u00edveis, <strong data-start=\"3576\" data-end=\"3635\">Testador de resist\u00eancia de liga\u00e7\u00e3o por agulha NBS-01 da Cell Instruments<\/strong> fornece uma medi\u00e7\u00e3o exacta da for\u00e7a e uma elevada precis\u00e3o de amostragem. Este instrumento foi concebido especificamente para avaliar a for\u00e7a de liga\u00e7\u00e3o de acordo com a norma ISO 7864 e normas relacionadas, como a ISO 9626.<\/p>\n<hr data-start=\"3833\" data-end=\"3836\" \/>\n<h2 data-start=\"3838\" data-end=\"3897\">Funcionalidade da seringa e ensaio de seringas hipod\u00e9rmicas<\/h2>\n<p data-start=\"3898\" data-end=\"4189\">Embora a ISO 7864 se concentre nas agulhas, \u00e9 frequentemente utilizada juntamente com <a href=\"https:\/\/www.qualitester.com\/pt\/standards\/iso-7886-1\/\" target=\"_blank\" rel=\"noopener\"><strong data-start=\"3960\" data-end=\"3972\">Norma ISO 7886-1<\/strong><\/a>, que abrange <em data-start=\"3987\" data-end=\"4023\">seringas hipod\u00e9rmicas de uso \u00fanico<\/em>. <strong data-start=\"4025\" data-end=\"4058\">Teste de funcionalidade da seringa<\/strong> examina a facilidade de opera\u00e7\u00e3o, a for\u00e7a do \u00eambolo e a preven\u00e7\u00e3o de fugas - assegurando que o sistema de inje\u00e7\u00e3o completo funciona de forma fi\u00e1vel.<\/p>\n<p data-start=\"4191\" data-end=\"4379\">Quando combinado com <strong data-start=\"4210\" data-end=\"4240\">teste de seringas hipod\u00e9rmicas<\/strong>, O teste ISO 7864 fornece uma avalia\u00e7\u00e3o completa do <em data-start=\"4293\" data-end=\"4318\">conjunto agulha-seringa<\/em>, confirmando que ambos os componentes funcionam perfeitamente em conjunto.<\/p>\n<hr data-start=\"5026\" data-end=\"5029\" \/>\n<h2 data-start=\"5031\" data-end=\"5085\">Por que escolher a Cell Instruments para testes ISO 7864<\/h2>\n<p><img fetchpriority=\"high\" decoding=\"async\" class=\"size-medium wp-image-7570 alignleft\" src=\"https:\/\/www.qualitester.com\/wp-content\/uploads\/2025\/11\/ISO-7864-Sterile-Hypodermic-Needle-Penetration-and-Drag-Force-Needle-Bonding-Strength-300x300.webp\" alt=\"For\u00e7a de penetra\u00e7\u00e3o e arrastamento da agulha hipod\u00e9rmica est\u00e9ril ISO 7864 e for\u00e7a de liga\u00e7\u00e3o da agulha\" width=\"300\" height=\"300\" srcset=\"https:\/\/www.qualitester.com\/wp-content\/uploads\/2025\/11\/ISO-7864-Sterile-Hypodermic-Needle-Penetration-and-Drag-Force-Needle-Bonding-Strength-300x300.webp 300w, https:\/\/www.qualitester.com\/wp-content\/uploads\/2025\/11\/ISO-7864-Sterile-Hypodermic-Needle-Penetration-and-Drag-Force-Needle-Bonding-Strength-150x150.webp 150w, https:\/\/www.qualitester.com\/wp-content\/uploads\/2025\/11\/ISO-7864-Sterile-Hypodermic-Needle-Penetration-and-Drag-Force-Needle-Bonding-Strength-12x12.webp 12w, https:\/\/www.qualitester.com\/wp-content\/uploads\/2025\/11\/ISO-7864-Sterile-Hypodermic-Needle-Penetration-and-Drag-Force-Needle-Bonding-Strength-100x100.webp 100w, https:\/\/www.qualitester.com\/wp-content\/uploads\/2025\/11\/ISO-7864-Sterile-Hypodermic-Needle-Penetration-and-Drag-Force-Needle-Bonding-Strength.webp 600w\" sizes=\"(max-width: 300px) 100vw, 300px\" \/><\/p>\n<p data-start=\"5086\" data-end=\"5276\">Com anos de experi\u00eancia em ensaios de materiais e dispositivos m\u00e9dicos, <strong data-start=\"5150\" data-end=\"5170\">Instrumentos de C\u00e9lula<\/strong> fornece solu\u00e7\u00f5es avan\u00e7adas e automatizadas que cumprem as normas internacionais, como a ISO 7864 e a ISO 9626.<\/p>\n<p data-start=\"5278\" data-end=\"5375\">O nosso <strong data-start=\"2740\" data-end=\"2794\">Testador de for\u00e7a de arrasto e penetra\u00e7\u00e3o de agulha NPD-01<\/strong>\u00a0e <strong data-start=\"5323\" data-end=\"5364\">NBS-01 Testador de for\u00e7a de liga\u00e7\u00e3o de agulha<\/strong> entregar:<\/p>\n<ul>\n<li data-start=\"5378\" data-end=\"5427\">C\u00e9lulas de carga de alta precis\u00e3o para medi\u00e7\u00e3o de for\u00e7a.<\/li>\n<li data-start=\"5430\" data-end=\"5480\">Velocidades de teste e profundidades de penetra\u00e7\u00e3o program\u00e1veis.<\/li>\n<li data-start=\"5483\" data-end=\"5523\">Registo e an\u00e1lise automatizados de dados.<\/li>\n<li data-start=\"5526\" data-end=\"5585\">Interfaces de f\u00e1cil utiliza\u00e7\u00e3o para fluxos de trabalho de teste eficientes.<\/li>\n<\/ul>\n<p data-start=\"5587\" data-end=\"5771\">Estes sistemas s\u00e3o ideais para <strong data-start=\"5615\" data-end=\"5692\">fabricantes de agulhas hipod\u00e9rmicas, produtores de seringas, laborat\u00f3rios m\u00e9dicos,<\/strong> e <strong data-start=\"5697\" data-end=\"5725\">ag\u00eancias de controlo de qualidade<\/strong> procura capacidades de ensaio em conformidade com a norma ISO.<\/p>\n<hr data-start=\"5773\" data-end=\"5776\" \/>\n<p data-start=\"5795\" data-end=\"6108\"><a href=\"https:\/\/www.iso.org\/standard\/60481.html\" target=\"_blank\" rel=\"noopener nofollow\"><strong data-start=\"5795\" data-end=\"5807\">Norma ISO 7864<\/strong><\/a> desempenha um papel vital para garantir a <em data-start=\"5843\" data-end=\"5881\">seguran\u00e7a, desempenho e fiabilidade<\/em> de agulhas hipod\u00e9rmicas est\u00e9reis. Atrav\u00e9s de <strong data-start=\"5934\" data-end=\"6021\">testes de afia\u00e7\u00e3o de agulhas, avalia\u00e7\u00f5es de penetrabilidade e avalia\u00e7\u00f5es da for\u00e7a de liga\u00e7\u00e3o<\/strong>, Se os fabricantes tiverem uma boa reputa\u00e7\u00e3o, podem fornecer produtos que satisfa\u00e7am as expectativas regulamentares e dos utilizadores.<\/p>\n<p data-start=\"6110\" data-end=\"6383\">Utilizando instrumentos de teste avan\u00e7ados como <strong data-start=\"6153\" data-end=\"6163\">NPD-01<\/strong> e <strong data-start=\"6168\" data-end=\"6178\">NBS-01<\/strong> de <strong data-start=\"6184\" data-end=\"6204\">Instrumentos de C\u00e9lula<\/strong>, Os laborat\u00f3rios podem obter resultados precisos e repet\u00edveis, totalmente alinhados com os requisitos da norma ISO 7864, melhorando tanto <em data-start=\"6315\" data-end=\"6334\">garantia de qualidade<\/em> e <em data-start=\"6339\" data-end=\"6355\">confian\u00e7a do cliente<\/em> em cada agulha produzida.<\/p>","protected":false},"excerpt":{"rendered":"<p>ISO 7864 Teste de Agulhas Hipod\u00e9rmicas Est\u00e9reis For\u00e7a de Penetra\u00e7\u00e3o e Arrastamento e For\u00e7a de Liga\u00e7\u00e3o da Agulha A ISO 7864 define os requisitos e m\u00e9todos de teste para agulhas hipod\u00e9rmicas est\u00e9reis de utiliza\u00e7\u00e3o \u00fanica. Esta norma internacional garante que as agulhas m\u00e9dicas utilizadas para inje\u00e7\u00e3o ou retirada de fluidos cumprem os rigorosos requisitos de seguran\u00e7a, nitidez e desempenho. Na Cell Instruments Co., Ltd., n\u00f3s ...<\/p>\n<p class=\"read-more\"> <a class=\"\" href=\"https:\/\/www.qualitester.com\/pt\/standards\/iso-7864\/\"> <span class=\"screen-reader-text\">Norma ISO 7864<\/span> Ler mais \"<\/a><\/p>","protected":false},"author":4,"featured_media":0,"parent":4948,"menu_order":0,"comment_status":"closed","ping_status":"closed","template":"","meta":{"site-sidebar-layout":"default","site-content-layout":"default","ast-global-header-display":"","ast-main-header-display":"","ast-hfb-above-header-display":"","ast-hfb-below-header-display":"","ast-hfb-mobile-header-display":"","site-post-title":"disabled","ast-breadcrumbs-content":"","ast-featured-img":"disabled","footer-sml-layout":"","theme-transparent-header-meta":"default","adv-header-id-meta":"","stick-header-meta":"","header-above-stick-meta":"","header-main-stick-meta":"","header-below-stick-meta":"","footnotes":""},"class_list":["post-7567","page","type-page","status-publish","hentry"],"_links":{"self":[{"href":"https:\/\/www.qualitester.com\/pt\/wp-json\/wp\/v2\/pages\/7567","targetHints":{"allow":["GET"]}}],"collection":[{"href":"https:\/\/www.qualitester.com\/pt\/wp-json\/wp\/v2\/pages"}],"about":[{"href":"https:\/\/www.qualitester.com\/pt\/wp-json\/wp\/v2\/types\/page"}],"author":[{"embeddable":true,"href":"https:\/\/www.qualitester.com\/pt\/wp-json\/wp\/v2\/users\/4"}],"replies":[{"embeddable":true,"href":"https:\/\/www.qualitester.com\/pt\/wp-json\/wp\/v2\/comments?post=7567"}],"version-history":[{"count":0,"href":"https:\/\/www.qualitester.com\/pt\/wp-json\/wp\/v2\/pages\/7567\/revisions"}],"up":[{"embeddable":true,"href":"https:\/\/www.qualitester.com\/pt\/wp-json\/wp\/v2\/pages\/4948"}],"wp:attachment":[{"href":"https:\/\/www.qualitester.com\/pt\/wp-json\/wp\/v2\/media?parent=7567"}],"curies":[{"name":"wp","href":"https:\/\/api.w.org\/{rel}","templated":true}]}}