{"id":7494,"date":"2025-09-24T15:12:02","date_gmt":"2025-09-24T07:12:02","guid":{"rendered":"https:\/\/www.qualitester.com\/?page_id=7494"},"modified":"2025-09-24T15:12:14","modified_gmt":"2025-09-24T07:12:14","slug":"valley-beater-lab","status":"publish","type":"page","link":"https:\/\/www.qualitester.com\/pt\/applications\/valley-beater-lab\/","title":{"rendered":"Batedor Valley: Testes de polpa de precis\u00e3o para laborat\u00f3rios de excel\u00eancia"},"content":{"rendered":"<h2>Batedor Lab Valley: Refina\u00e7\u00e3o controlada para uma an\u00e1lise exacta da polpa<\/h2>\n<p data-start=\"377\" data-end=\"942\"><img fetchpriority=\"high\" decoding=\"async\" class=\"size-medium wp-image-7498 alignleft\" src=\"https:\/\/www.qualitester.com\/wp-content\/uploads\/2025\/09\/4f47cdfc331b187fb689d99e85b4b4b0_\u526f\u672c_\u526f\u672c-300x272.webp\" alt=\"Batedor de vale\" width=\"300\" height=\"272\" srcset=\"https:\/\/www.qualitester.com\/wp-content\/uploads\/2025\/09\/4f47cdfc331b187fb689d99e85b4b4b0_\u526f\u672c_\u526f\u672c-300x272.webp 300w, https:\/\/www.qualitester.com\/wp-content\/uploads\/2025\/09\/4f47cdfc331b187fb689d99e85b4b4b0_\u526f\u672c_\u526f\u672c-13x12.webp 13w, https:\/\/www.qualitester.com\/wp-content\/uploads\/2025\/09\/4f47cdfc331b187fb689d99e85b4b4b0_\u526f\u672c_\u526f\u672c-600x545.webp 600w, https:\/\/www.qualitester.com\/wp-content\/uploads\/2025\/09\/4f47cdfc331b187fb689d99e85b4b4b0_\u526f\u672c_\u526f\u672c.webp 651w\" sizes=\"(max-width: 300px) 100vw, 300px\" \/>No mundo da produ\u00e7\u00e3o e investiga\u00e7\u00e3o do papel, a <strong data-start=\"428\" data-end=\"445\">Batedor de vale<\/strong> destaca-se como um instrumento essencial para o teste de pasta de papel. Concebido para fornecer resultados precisos e reprodut\u00edveis, o batedor Valley permite aos laborat\u00f3rios e ao pessoal de controlo de qualidade simular processos de refina\u00e7\u00e3o industrial numa escala mais pequena e controlada. Este tratamento mec\u00e2nico controlado da pasta \u00e9 essencial para compreender o comportamento da fibra, a forma\u00e7\u00e3o da folha e a qualidade geral do papel, particularmente quando se cumprem normas reconhecidas internacionalmente, tais como <strong data-start=\"910\" data-end=\"924\">TAPPI-T200<\/strong> e <strong data-start=\"929\" data-end=\"941\">ISO 5264<\/strong>.<\/p>\n<p data-start=\"944\" data-end=\"1433\">O <strong data-start=\"948\" data-end=\"969\">batedor de vale de laborat\u00f3rio<\/strong> foi especialmente concebido para refinar a pasta com uma a\u00e7\u00e3o mec\u00e2nica consistente. Ao contr\u00e1rio dos refinadores industriais, aplica for\u00e7as controladas de compress\u00e3o e cisalhamento num ambiente laboratorial, tornando poss\u00edvel medir as propriedades da pasta sem a variabilidade introduzida pelos sistemas de produ\u00e7\u00e3o em grande escala. Ao avaliar a pasta a esta escala, os investigadores podem prever o desempenho do material durante a produ\u00e7\u00e3o comercial de papel, assegurando uma maior efici\u00eancia e a redu\u00e7\u00e3o de res\u00edduos.<\/p>\n<hr \/>\n<h2 data-start=\"944\" data-end=\"1433\">Princ\u00edpio de funcionamento e refinamento das fibras<\/h2>\n<p data-start=\"1484\" data-end=\"1661\">O batedor Valley funciona atrav\u00e9s da aplica\u00e7\u00e3o de ac\u00e7\u00f5es mec\u00e2nicas repetidas \u00e0s fibras de pasta, comprimindo-as e cortando-as entre um rolo rotativo e uma placa de base estacion\u00e1ria. Este processo:<\/p>\n<ul data-start=\"1663\" data-end=\"1846\">\n<li data-start=\"1663\" data-end=\"1709\">\n<p data-start=\"1665\" data-end=\"1709\">Aumenta a flexibilidade e a fibrilha\u00e7\u00e3o das fibras.<\/p>\n<\/li>\n<li data-start=\"1710\" data-end=\"1767\">\n<p data-start=\"1712\" data-end=\"1767\">Aumenta as superf\u00edcies de liga\u00e7\u00e3o para melhorar a resist\u00eancia da folha.<\/p>\n<\/li>\n<li data-start=\"1768\" data-end=\"1846\">\n<p data-start=\"1770\" data-end=\"1846\">Produz uma pasta uniforme adequada para testes laboratoriais e garantia de qualidade.<\/p>\n<\/li>\n<\/ul>\n<p data-start=\"1848\" data-end=\"2171\">Durante a refina\u00e7\u00e3o, a espessura da parede da fibra diminui e a \u00e1rea da superf\u00edcie aumenta, afectando diretamente a forma\u00e7\u00e3o do papel, a resist\u00eancia \u00e0 tra\u00e7\u00e3o e a porosidade. A refina\u00e7\u00e3o controlada em laborat\u00f3rio garante uma avalia\u00e7\u00e3o exacta destes par\u00e2metros cr\u00edticos, ajudando os profissionais a tomar decis\u00f5es informadas sobre o tratamento da pasta e a formula\u00e7\u00e3o do papel.<\/p>\n<hr \/>\n<h2 data-start=\"1848\" data-end=\"2171\">Conformidade com as normas: <a href=\"https:\/\/imisrise.tappi.org\/TAPPI\/Products\/01\/T\/0104T200.aspx\" target=\"_blank\" rel=\"noopener nofollow\">TAPPI-T200<\/a> e <a href=\"https:\/\/www.iso.org\/standard\/53432.html\" target=\"_blank\" rel=\"noopener nofollow\">ISO 5264<\/a><\/h2>\n<p>Utilizar o <strong data-start=\"2234\" data-end=\"2251\">Batedor de vale<\/strong> em conformidade com <strong data-start=\"2271\" data-end=\"2285\">TAPPI-T200<\/strong> e <strong data-start=\"2290\" data-end=\"2302\">ISO 5264<\/strong> assegura que os testes laboratoriais s\u00e3o normalizados e compar\u00e1veis a n\u00edvel internacional. A TAPPI-T200 especifica o batimento laboratorial da pasta, definindo m\u00e9todos para preparar e avaliar a consist\u00eancia da pasta, enquanto a ISO 5264 fornece orienta\u00e7\u00f5es sobre os procedimentos de teste para a refina\u00e7\u00e3o de pasta em pequena escala. A ades\u00e3o a estas normas garante resultados fi\u00e1veis e reproduz\u00edveis para a avalia\u00e7\u00e3o da pasta e apoia os protocolos de controlo de qualidade em v\u00e1rias ind\u00fastrias.<\/p>\n<hr \/>\n<h2>Aplica\u00e7\u00f5es em todos os setores<\/h2>\n<p data-start=\"2766\" data-end=\"2819\">O batedor Valley \u00e9 amplamente utilizado em v\u00e1rios sectores:<\/p>\n<ul data-start=\"2821\" data-end=\"3347\">\n<li data-start=\"2821\" data-end=\"2962\">\n<p data-start=\"2823\" data-end=\"2962\"><strong data-start=\"2823\" data-end=\"2846\">Papel e embalagens<\/strong>: Otimiza\u00e7\u00e3o das condi\u00e7\u00f5es de refina\u00e7\u00e3o para uma qualidade de papel consistente em materiais de embalagem, len\u00e7os de papel e pap\u00e9is especiais.<\/p>\n<\/li>\n<li data-start=\"2963\" data-end=\"3098\">\n<p data-start=\"2965\" data-end=\"3098\"><strong data-start=\"2965\" data-end=\"2990\">Institui\u00e7\u00f5es de investiga\u00e7\u00e3o<\/strong>: Estudo das propriedades das fibras e simula\u00e7\u00e3o da refina\u00e7\u00e3o industrial para avaliar novas fontes ou formula\u00e7\u00f5es de pasta.<\/p>\n<\/li>\n<li data-start=\"3099\" data-end=\"3213\">\n<p data-start=\"3101\" data-end=\"3213\"><strong data-start=\"3101\" data-end=\"3133\">Laborat\u00f3rios de controlo de qualidade<\/strong>: Testes de rotina da pasta, an\u00e1lise de refina\u00e7\u00e3o e verifica\u00e7\u00e3o da conformidade com as normas.<\/p>\n<\/li>\n<li data-start=\"3214\" data-end=\"3347\">\n<p data-start=\"3216\" data-end=\"3347\"><strong data-start=\"3216\" data-end=\"3246\">Produ\u00e7\u00e3o de pap\u00e9is especiais<\/strong>: Tratamento de fibras de precis\u00e3o para pap\u00e9is de filtro, pap\u00e9is t\u00e9cnicos e outros produtos de alto desempenho.<\/p>\n<\/li>\n<\/ul>\n<p data-start=\"3349\" data-end=\"3538\">Ao utilizar o batedor Valley, os laborat\u00f3rios podem garantir que a pasta se comporta de forma previs\u00edvel no processamento a jusante, conduzindo a produtos de papel de maior qualidade e a uma menor variabilidade de produ\u00e7\u00e3o.<\/p>\n<hr \/>\n<h2 data-start=\"3540\" data-end=\"3585\"><strong data-start=\"3540\" data-end=\"3585\">Vantagens dos ensaios de pasta \u00e0 escala laboratorial<\/strong><\/h2>\n<ul>\n<li data-start=\"3587\" data-end=\"3691\">\n<p data-start=\"3589\" data-end=\"3691\"><strong data-start=\"3589\" data-end=\"3621\">Utiliza\u00e7\u00e3o optimizada de mat\u00e9rias-primas<\/strong>: A refina\u00e7\u00e3o controlada maximiza a utiliza\u00e7\u00e3o da fibra e minimiza o desperd\u00edcio.<\/p>\n<\/li>\n<li data-start=\"3692\" data-end=\"3791\">\n<p data-start=\"3694\" data-end=\"3791\"><strong data-start=\"3694\" data-end=\"3725\">Avalia\u00e7\u00e3o fi\u00e1vel da qualidade<\/strong>: Os resultados reproduz\u00edveis reflectem o desempenho do fabrico de papel no mundo real.<\/p>\n<\/li>\n<li data-start=\"3792\" data-end=\"3894\">\n<p data-start=\"3794\" data-end=\"3894\"><strong data-start=\"3794\" data-end=\"3818\">Otimiza\u00e7\u00e3o de processos<\/strong>: Os primeiros testes no laborat\u00f3rio reduzem as tentativas e erros na produ\u00e7\u00e3o em grande escala.<\/p>\n<\/li>\n<li data-start=\"3895\" data-end=\"4034\">\n<p data-start=\"3897\" data-end=\"4034\"><strong data-start=\"3897\" data-end=\"3925\">Efici\u00eancia de custos e tempo<\/strong>: O refinamento em laborat\u00f3rio ajuda a identificar as condi\u00e7\u00f5es ideais, poupando recursos e reduzindo o tempo de paragem da produ\u00e7\u00e3o.<\/p>\n<\/li>\n<\/ul>\n<hr \/>\n<h2 data-start=\"4036\" data-end=\"4082\"><strong data-start=\"4036\" data-end=\"4082\">Porqu\u00ea escolher a Cell Instruments <a href=\"https:\/\/www.qualitester.com\/pt\/?s=Valley+Beater\">Batedor de vale<\/a>?<\/strong><\/h2>\n<p>A Cell Instruments fornece um <strong data-start=\"4112\" data-end=\"4144\">batedor Valley de alta precis\u00e3o<\/strong> Concebido para testes laboratoriais consistentes. Com uma constru\u00e7\u00e3o robusta, facilidade de opera\u00e7\u00e3o e conformidade com as normas TAPPI e ISO, garante resultados fi\u00e1veis e reproduz\u00edveis para a avalia\u00e7\u00e3o da pasta. A nossa equipa oferece apoio global, incluindo instala\u00e7\u00e3o, forma\u00e7\u00e3o e assist\u00eancia t\u00e9cnica cont\u00ednua, ajudando os laborat\u00f3rios a manter padr\u00f5es de alta qualidade e a melhorar os resultados da investiga\u00e7\u00e3o e da produ\u00e7\u00e3o.<\/p>\n<hr \/>\n<h2 data-start=\"4084\" data-end=\"4532\">Conclus\u00e3o<\/h2>\n<p>Para qualquer profissional que trabalhe com pasta de papel, o <strong data-start=\"4600\" data-end=\"4617\">Batedor de vale<\/strong> \u00e9 uma ferramenta indispens\u00e1vel. Seguindo as normas TAPPI-T200 e ISO 5264, os laborat\u00f3rios podem obter um refinamento preciso das fibras, uma qualidade consistente da pasta de papel e uma previs\u00e3o fi\u00e1vel para o fabrico industrial de papel. Quer se trate de investiga\u00e7\u00e3o, controlo de qualidade ou produ\u00e7\u00e3o de papel especial, o batedor Valley Beater de laborat\u00f3rio \u00e9 um investimento cr\u00edtico em precis\u00e3o, efici\u00eancia e reprodutibilidade.<\/p>\n<hr \/>\n<h2 data-start=\"208\" data-end=\"449\">Perguntas frequentes<\/h2>\n<p data-start=\"208\" data-end=\"449\"><strong data-start=\"208\" data-end=\"240\">P1: O que \u00e9 um batedor de vales?<\/strong><br data-start=\"240\" data-end=\"243\" \/>O batedor Valley \u00e9 um instrumento de laborat\u00f3rio de precis\u00e3o, concebido para refinar as fibras de pasta de papel. Simula o batimento industrial da pasta de papel numa escala mais pequena, assegurando propriedades de fibra reproduz\u00edveis e testes laboratoriais precisos.<\/p>\n<p data-start=\"451\" data-end=\"763\"><strong data-start=\"451\" data-end=\"529\">P2: Qual \u00e9 a diferen\u00e7a entre um batedor Valley e um batedor Hollander?<\/strong><br data-start=\"529\" data-end=\"532\" \/>O batedor Hollander \u00e9 um modelo industrial tradicional, enquanto o batedor Valley \u00e9 normalizado para utiliza\u00e7\u00e3o em laborat\u00f3rio. Permite uma refina\u00e7\u00e3o controlada de acordo com as normas TAPPI-T200 e ISO 5264 para investiga\u00e7\u00e3o e controlo de qualidade.<\/p>\n<p data-start=\"765\" data-end=\"949\"><strong data-start=\"765\" data-end=\"816\">Q3: Um batedor Lab Valley pode testar pasta reciclada?<\/strong><br data-start=\"816\" data-end=\"819\" \/>Sim. Pode refinar polpas virgens, recicladas ou mistas, ajudando a avaliar as propriedades das fibras e a sua adequa\u00e7\u00e3o a v\u00e1rios produtos de papel.<\/p>\n<p data-start=\"951\" data-end=\"1158\"><strong data-start=\"951\" data-end=\"1001\">Q4: Qual \u00e9 a quantidade de pasta necess\u00e1ria para um \u00fanico teste?<\/strong><br data-start=\"1001\" data-end=\"1004\" \/>Normalmente, um teste Valley Beater requer cerca de 360 gramas de pasta seca no forno, mas este valor pode variar consoante a norma de teste ou os requisitos experimentais.<\/p>\n<p data-start=\"1160\" data-end=\"1386\"><strong data-start=\"1160\" data-end=\"1202\">Q5: Como posso fazer a manuten\u00e7\u00e3o de um batedor Valley?<\/strong><br data-start=\"1202\" data-end=\"1205\" \/>A limpeza e inspe\u00e7\u00e3o regulares das l\u00e2minas e da c\u00e2mara de refina\u00e7\u00e3o s\u00e3o suficientes. A Cell Instruments tamb\u00e9m fornece apoio t\u00e9cnico e orienta\u00e7\u00e3o de manuten\u00e7\u00e3o para um desempenho \u00f3timo.<\/p>\n<p data-start=\"1388\" data-end=\"1635\"><strong data-start=\"1388\" data-end=\"1435\">Q6: Porque \u00e9 que a refina\u00e7\u00e3o da pasta de papel \u00e9 importante nos laborat\u00f3rios?<\/strong><br data-start=\"1435\" data-end=\"1438\" \/>A refina\u00e7\u00e3o adequada afecta a liga\u00e7\u00e3o das fibras, a resist\u00eancia do papel, a porosidade e a forma\u00e7\u00e3o da folha. Os testes \u00e0 escala laboratorial garantem uma qualidade consistente, reduzem o desperd\u00edcio e apoiam a otimiza\u00e7\u00e3o da investiga\u00e7\u00e3o e da produ\u00e7\u00e3o.<\/p>\n<p data-start=\"1637\" data-end=\"1860\"><strong data-start=\"1637\" data-end=\"1714\">Q7: Os resultados do Valley Beater est\u00e3o em conformidade com as normas internacionais?<\/strong><br data-start=\"1714\" data-end=\"1717\" \/>Sim. O batedor Valley est\u00e1 totalmente em conformidade com as normas TAPPI-T200 e ISO 5264, garantindo resultados reprodut\u00edveis e reconhecidos internacionalmente.<\/p>","protected":false},"excerpt":{"rendered":"<p>Batedor Valley de laborat\u00f3rio: Refina\u00e7\u00e3o controlada para uma an\u00e1lise exacta da polpa No mundo da produ\u00e7\u00e3o e investiga\u00e7\u00e3o de papel, o batedor Valley destaca-se como um instrumento essencial para o teste da polpa. Concebido para fornecer resultados precisos e reproduz\u00edveis, o batedor Valley permite aos laborat\u00f3rios e ao pessoal de controlo de qualidade simular processos de refina\u00e7\u00e3o industrial numa escala mais pequena e controlada. ...<\/p>\n<p class=\"read-more\"> <a class=\"\" href=\"https:\/\/www.qualitester.com\/pt\/applications\/valley-beater-lab\/\"> <span class=\"screen-reader-text\">Batedor Valley: Testes de polpa de precis\u00e3o para laborat\u00f3rios de excel\u00eancia<\/span> Ler mais \"<\/a><\/p>","protected":false},"author":3,"featured_media":0,"parent":6794,"menu_order":0,"comment_status":"closed","ping_status":"closed","template":"","meta":{"site-sidebar-layout":"default","site-content-layout":"default","ast-global-header-display":"","ast-main-header-display":"","ast-hfb-above-header-display":"","ast-hfb-below-header-display":"","ast-hfb-mobile-header-display":"","site-post-title":"","ast-breadcrumbs-content":"","ast-featured-img":"","footer-sml-layout":"","theme-transparent-header-meta":"default","adv-header-id-meta":"","stick-header-meta":"","header-above-stick-meta":"","header-main-stick-meta":"","header-below-stick-meta":"","footnotes":""},"class_list":["post-7494","page","type-page","status-publish","hentry"],"_links":{"self":[{"href":"https:\/\/www.qualitester.com\/pt\/wp-json\/wp\/v2\/pages\/7494","targetHints":{"allow":["GET"]}}],"collection":[{"href":"https:\/\/www.qualitester.com\/pt\/wp-json\/wp\/v2\/pages"}],"about":[{"href":"https:\/\/www.qualitester.com\/pt\/wp-json\/wp\/v2\/types\/page"}],"author":[{"embeddable":true,"href":"https:\/\/www.qualitester.com\/pt\/wp-json\/wp\/v2\/users\/3"}],"replies":[{"embeddable":true,"href":"https:\/\/www.qualitester.com\/pt\/wp-json\/wp\/v2\/comments?post=7494"}],"version-history":[{"count":0,"href":"https:\/\/www.qualitester.com\/pt\/wp-json\/wp\/v2\/pages\/7494\/revisions"}],"up":[{"embeddable":true,"href":"https:\/\/www.qualitester.com\/pt\/wp-json\/wp\/v2\/pages\/6794"}],"wp:attachment":[{"href":"https:\/\/www.qualitester.com\/pt\/wp-json\/wp\/v2\/media?parent=7494"}],"curies":[{"name":"wp","href":"https:\/\/api.w.org\/{rel}","templated":true}]}}