{"id":7482,"date":"2025-09-19T15:31:19","date_gmt":"2025-09-19T07:31:19","guid":{"rendered":"https:\/\/www.qualitester.com\/?page_id=7482"},"modified":"2025-09-19T15:32:31","modified_gmt":"2025-09-19T07:32:31","slug":"tappi-t830","status":"publish","type":"page","link":"https:\/\/www.qualitester.com\/pt\/standards\/tappi-t830\/","title":{"rendered":"TAPPI T830"},"content":{"rendered":"<h1 style=\"text-align: center;\" data-start=\"362\" data-end=\"770\">TAPPI T830<br \/>\n<small>Teste de fric\u00e7\u00e3o da tinta e resist\u00eancia \u00e0 fric\u00e7\u00e3o e fric\u00e7\u00e3o de Sutherland<\/small><\/h1>\n<p data-start=\"362\" data-end=\"770\">A qualidade da impress\u00e3o \u00e9 um fator cr\u00edtico para as embalagens, o cart\u00e3o canelado e o cart\u00e3o para contentores. Um dos m\u00e9todos mais importantes para avaliar a durabilidade das superf\u00edcies impressas \u00e9 <strong data-start=\"535\" data-end=\"549\">TAPPI T830<\/strong>, a norma <strong data-start=\"568\" data-end=\"584\">teste de fric\u00e7\u00e3o da tinta<\/strong> amplamente utilizado em todos os sectores. Este m\u00e9todo fornece informa\u00e7\u00f5es consistentes sobre a resist\u00eancia das tintas e revestimentos \u00e0 abras\u00e3o, manchas e transfer\u00eancias durante o manuseamento, expedi\u00e7\u00e3o e utiliza\u00e7\u00e3o final.<\/p>\n<h2 data-start=\"772\" data-end=\"796\">O que \u00e9 a TAPPI T830?<\/h2>\n<p data-start=\"798\" data-end=\"1051\"><strong data-start=\"798\" data-end=\"812\">TAPPI T830<\/strong> \u00e9 um m\u00e9todo de ensaio estabelecido pela Technical Association of the Pulp and Paper Industry (TAPPI). Este m\u00e9todo mede a <strong data-start=\"927\" data-end=\"945\">resist\u00eancia \u00e0 fric\u00e7\u00e3o<\/strong> de superf\u00edcies impressas atrav\u00e9s da simula\u00e7\u00e3o de raspagem ou fric\u00e7\u00e3o em condi\u00e7\u00f5es controladas. O ensaio aplica-se a:<\/p>\n<ul>\n<li data-start=\"1055\" data-end=\"1072\">Cart\u00e3o de contentor<\/li>\n<li data-start=\"1075\" data-end=\"1093\">Cart\u00e3o canelado<\/li>\n<li data-start=\"1096\" data-end=\"1127\">Cart\u00e3o revestido ou n\u00e3o revestido<\/li>\n<li data-start=\"1130\" data-end=\"1156\">Outros substratos impressos<\/li>\n<\/ul>\n<p data-start=\"1158\" data-end=\"1424\">O m\u00e9todo avalia o desempenho em <strong data-start=\"1197\" data-end=\"1208\">massa seca<\/strong>, <strong data-start=\"1210\" data-end=\"1221\">fric\u00e7\u00e3o h\u00famida<\/strong>, <strong data-start=\"1223\" data-end=\"1245\">sangria h\u00famida\/transfer\u00eancia<\/strong>, <strong data-start=\"1247\" data-end=\"1260\">esfrega\u00e7o h\u00famido<\/strong>, e <strong data-start=\"1266\" data-end=\"1284\">fric\u00e7\u00e3o funcional<\/strong> condi\u00e7\u00f5es. Este \u00e2mbito abrangente torna-o uma refer\u00eancia de confian\u00e7a para os transformadores de embalagens, fabricantes de tintas e equipas de controlo de qualidade.<\/p>\n<h2 data-start=\"1426\" data-end=\"1464\">Teste de esfrega\u00e7o de tinta e seu significado<\/h2>\n<p data-start=\"1466\" data-end=\"1712\">O <strong data-start=\"1470\" data-end=\"1486\">teste de fric\u00e7\u00e3o da tinta<\/strong> \u00e9 essencial porque as embalagens impressas sofrem fric\u00e7\u00e3o em quase todas as fases - empilhamento, expedi\u00e7\u00e3o, armazenamento e manuseamento no retalho. Sem resist\u00eancia suficiente \u00e0 fric\u00e7\u00e3o, a impress\u00e3o pode perder a sua nitidez, legibilidade ou efeito de marca.<\/p>\n<p data-start=\"1714\" data-end=\"1769\">De acordo com a norma TAPPI T830, os ensaios de fric\u00e7\u00e3o ajudam as empresas:<\/p>\n<ul>\n<li data-start=\"1773\" data-end=\"1842\">Avaliar o <strong data-start=\"1784\" data-end=\"1811\">durabilidade das pel\u00edculas de tinta<\/strong> em condi\u00e7\u00f5es secas e h\u00famidas<\/li>\n<li data-start=\"1845\" data-end=\"1901\">Comparar o <strong data-start=\"1857\" data-end=\"1878\">for\u00e7a de ades\u00e3o<\/strong> de tintas e revestimentos<\/li>\n<li data-start=\"1904\" data-end=\"1975\">Detetar problemas como <strong data-start=\"1928\" data-end=\"1973\">sangramento de tinta, manchas ou transfer\u00eancia de cor<\/strong><\/li>\n<li data-start=\"1978\" data-end=\"2043\">Validar a conformidade com as normas de qualidade do cliente ou do sector<\/li>\n<\/ul>\n<p data-start=\"2045\" data-end=\"2176\">Ao aplicar cursos e cargas controlados, a TAPPI T830 garante que os resultados s\u00e3o reproduz\u00edveis e compar\u00e1veis em todas as s\u00e9ries de produ\u00e7\u00e3o.<\/p>\n<h2 data-start=\"2178\" data-end=\"2213\">Procedimentos de ensaio de resist\u00eancia \u00e0 fric\u00e7\u00e3o<\/h2>\n<p data-start=\"2215\" data-end=\"2342\">O procedimento TAPPI T830 define diversas varia\u00e7\u00f5es de ensaios de fric\u00e7\u00e3o, permitindo aos fabricantes simular as condi\u00e7\u00f5es do mundo real:<\/p>\n<h3 data-start=\"2344\" data-end=\"2362\">1. Teste de fric\u00e7\u00e3o a seco<\/h3>\n<p data-start=\"2363\" data-end=\"2520\">Uma amostra impressa \u00e9 esfregada contra um substrato n\u00e3o impresso com um peso e um n\u00famero de pancadas especificados. A transfer\u00eancia vis\u00edvel de tinta ou a abras\u00e3o assinalam uma falha.<\/p>\n<h3 data-start=\"2522\" data-end=\"2540\">2. Teste de fric\u00e7\u00e3o h\u00famida<\/h3>\n<p data-start=\"2541\" data-end=\"2694\">S\u00e3o aplicadas got\u00edculas de \u00e1gua na superf\u00edcie impressa antes de a esfregar. Isto simula a exposi\u00e7\u00e3o \u00e0 humidade e, normalmente, revela as falhas em 25 passagens.<\/p>\n<h3 data-start=\"2696\" data-end=\"2723\">3. Sangria h\u00famida ou transfer\u00eancia<\/h3>\n<p data-start=\"2724\" data-end=\"2864\">Um mata-borr\u00e3o ou pano h\u00famido \u00e9 pressionado contra a superf\u00edcie pintada durante um determinado per\u00edodo de tempo. Depois de retirado, o mata-borr\u00e3o \u00e9 inspeccionado para verificar se houve transfer\u00eancia de tinta.<\/p>\n<h3 data-start=\"2866\" data-end=\"2886\">4. Teste de esfrega\u00e7o h\u00famido<\/h3>\n<p data-start=\"2887\" data-end=\"2993\">Ap\u00f3s o procedimento de sangria h\u00famida, o mata-borr\u00e3o \u00e9 esfregado uma vez sobre a amostra pintada para verificar se h\u00e1 manchas.<\/p>\n<h3 data-start=\"2995\" data-end=\"3020\">5. Prova de esfrega\u00e7o funcional<\/h3>\n<p data-start=\"3021\" data-end=\"3210\">Testes especializados que utilizam subst\u00e2ncias como \u00f3leos, pastas ou outros l\u00edquidos para imitar condi\u00e7\u00f5es espec\u00edficas do produto. Por exemplo, fric\u00e7\u00f5es de pasta de dentes para embalagens de cart\u00e3o ou fric\u00e7\u00f5es de \u00f3leo para r\u00f3tulos de alimentos.<\/p>\n<p data-start=\"3212\" data-end=\"3312\">Estes m\u00e9todos, em conjunto, fornecem uma vis\u00e3o completa da durabilidade da impress\u00e3o sob diferentes factores de tens\u00e3o.<\/p>\n<h2 data-start=\"3314\" data-end=\"3365\">Ensaio de fric\u00e7\u00e3o de Sutherland e outros m\u00e9todos de ensaio de fric\u00e7\u00e3o<\/h2>\n<p data-start=\"3367\" data-end=\"3730\">O procedimento TAPPI T830 \u00e9 frequentemente associado ao <strong data-start=\"3421\" data-end=\"3444\">Teste de fric\u00e7\u00e3o de Sutherland<\/strong>um m\u00e9todo amplamente reconhecido na ind\u00fastria. Ambas as abordagens se concentram na determina\u00e7\u00e3o da resist\u00eancia \u00e0 fric\u00e7\u00e3o, mas podem diferir na configura\u00e7\u00e3o do equipamento e nas condi\u00e7\u00f5es detalhadas. Existem outros testes de fric\u00e7\u00e3o, como o BS 3110, mas o TAPPI T830 continua a ser uma das normas mais amplamente referenciadas na ind\u00fastria de embalagens.<\/p>\n<div class=\"ast-oembed-container\" style=\"height: 100%;\"><iframe title=\"Testador de fric\u00e7\u00e3o por abras\u00e3o de tinta ASTM D5264 Testador de fric\u00e7\u00e3o de dupla esta\u00e7\u00e3o com movimento de arco para material impresso\" width=\"500\" height=\"281\" src=\"https:\/\/www.youtube.com\/embed\/zZLs_3PL-Zk?feature=oembed\" frameborder=\"0\" allow=\"accelerometer; autoplay; clipboard-write; encrypted-media; gyroscope; picture-in-picture; web-share\" referrerpolicy=\"strict-origin-when-cross-origin\" allowfullscreen><\/iframe><\/div>\n<p data-start=\"3732\" data-end=\"3853\">A utiliza\u00e7\u00e3o de um teste em conformidade com a TAPPI garante que os resultados s\u00e3o cred\u00edveis, reproduz\u00edveis e aceites em todas as cadeias de abastecimento globais.<\/p>\n<h2 data-start=\"3855\" data-end=\"3909\">Benef\u00edcios da TAPPI T830 para impress\u00e3o e embalagem<\/h2>\n<p data-start=\"3911\" data-end=\"3964\">A implementa\u00e7\u00e3o da TAPPI T830 traz m\u00faltiplas vantagens:<\/p>\n<ul>\n<li data-start=\"3968\" data-end=\"4055\"><strong data-start=\"3968\" data-end=\"3998\">Melhoria da garantia de qualidade<\/strong> - assegura um desempenho consistente de tintas e revestimentos.<\/li>\n<li data-start=\"4058\" data-end=\"4136\"><strong data-start=\"4058\" data-end=\"4080\">Redu\u00e7\u00e3o das queixas<\/strong> - evita defeitos de impress\u00e3o durante o transporte ou armazenamento.<\/li>\n<li data-start=\"4139\" data-end=\"4231\"><strong data-start=\"4139\" data-end=\"4172\">Desenvolvimento eficiente de produtos<\/strong> - ajuda os fornecedores de tintas e revestimentos a avaliar o desempenho.<\/li>\n<li data-start=\"4234\" data-end=\"4332\"><strong data-start=\"4234\" data-end=\"4259\">Conformidade regulamentar<\/strong> - est\u00e1 em conformidade com os requisitos de teste TAPPI\/ANSI reconhecidos internacionalmente.<\/li>\n<\/ul>\n<p data-start=\"4334\" data-end=\"4449\">Para as empresas que procuram uma avalia\u00e7\u00e3o fi\u00e1vel da durabilidade da impress\u00e3o, a norma TAPPI T830 fornece uma estrutura fi\u00e1vel para a ind\u00fastria.<\/p>\n<h2 data-start=\"4451\" data-end=\"4502\">Instrumento recomendado: Cell Instruments RT-01<\/h2>\n<p data-start=\"4504\" data-end=\"4699\">Para obter resultados exactos e repet\u00edveis, \u00e9 essencial utilizar um aparelho de teste de elevado desempenho. O testador da Cell Instruments <strong data-start=\"4612\" data-end=\"4632\">RT-01 <a href=\"https:\/\/www.qualitester.com\/pt\/produto\/rt-01-rub-tester-2\/\">Testador de fric\u00e7\u00e3o<\/a><\/strong> foi concebido para cumprir integralmente a norma TAPPI T830 e m\u00e9todos relacionados.<\/p>\n<p data-start=\"4701\" data-end=\"4724\">As principais carater\u00edsticas incluem:<\/p>\n<ul>\n<li data-start=\"4728\" data-end=\"4793\"><strong data-start=\"4728\" data-end=\"4774\">Controle PLC e opera\u00e7\u00e3o de tela sens\u00edvel ao toque HMI<\/strong> para facilitar a utiliza\u00e7\u00e3o.<\/li>\n<li data-start=\"4796\" data-end=\"4895\"><strong data-start=\"4796\" data-end=\"4823\">Modos de teste vers\u00e1teis<\/strong>: fric\u00e7\u00e3o a seco, fric\u00e7\u00e3o h\u00famida, sangria\/transfer\u00eancia h\u00famida, esfrega\u00e7o h\u00famido e fric\u00e7\u00e3o funcional.<\/li>\n<li data-start=\"4898\" data-end=\"4978\"><strong data-start=\"4898\" data-end=\"4943\">Velocidade de teste e defini\u00e7\u00f5es de curso ajust\u00e1veis<\/strong> para cumprir as especifica\u00e7\u00f5es do cliente.<\/li>\n<li data-start=\"4981\" data-end=\"5058\"><strong data-start=\"4981\" data-end=\"5003\">Esta\u00e7\u00f5es de teste duplas<\/strong> com controlo preciso do c\u00edrculo de fric\u00e7\u00e3o para obter dados consistentes.<\/li>\n<\/ul>\n<p data-start=\"5060\" data-end=\"5211\">Com estas carater\u00edsticas, o RT-01 fornece aos transformadores de embalagens, fabricantes de tintas e laborat\u00f3rios de controlo de qualidade uma solu\u00e7\u00e3o fi\u00e1vel para testes de resist\u00eancia \u00e0 fric\u00e7\u00e3o.<\/p>\n<p data-start=\"5230\" data-end=\"5723\">O <strong data-start=\"5234\" data-end=\"5261\"><a href=\"https:\/\/www.tappi.org\/product_pull\/09\/dec\/__05\/ink-rub-test-of-container-board-and-corrugated-board-test-method-t-830-om-11\/\" target=\"_blank\" rel=\"noopener nofollow\">TAPPI T830<\/a> teste de fric\u00e7\u00e3o da tinta<\/strong> \u00e9 um m\u00e9todo vital para garantir que as superf\u00edcies impressas resistem \u00e0 fric\u00e7\u00e3o, \u00e0 humidade e ao manuseamento. Ao aplicar procedimentos de teste estruturados - desde a fric\u00e7\u00e3o a seco at\u00e9 \u00e0 fric\u00e7\u00e3o funcional - este m\u00e9todo fornece dados mensur\u00e1veis e fi\u00e1veis para o controlo de qualidade. Quando combinado com instrumentos avan\u00e7ados como o <strong data-start=\"5555\" data-end=\"5597\">Testador de fric\u00e7\u00e3o RT-01 da Cell Instruments<\/strong>Com o nosso sistema de gest\u00e3o de embalagens, as empresas podem garantir com confian\u00e7a que as suas embalagens cumprem as expectativas de durabilidade e mant\u00eam uma forte apresenta\u00e7\u00e3o da marca.<\/p>","protected":false},"excerpt":{"rendered":"<p>TAPPI T830 Ink Rub Test&amp;Rub Resistance &amp; Sutherland Rub A qualidade da impress\u00e3o \u00e9 um fator cr\u00edtico para embalagens, cart\u00e3o canelado e cart\u00e3o para contentores. Um dos m\u00e9todos mais importantes para avaliar a durabilidade das superf\u00edcies impressas \u00e9 o TAPPI T830, o teste padronizado de fric\u00e7\u00e3o de tinta amplamente utilizado em todos os sectores. Este m\u00e9todo fornece informa\u00e7\u00f5es consistentes sobre o grau de ...<\/p>\n<p class=\"read-more\"> <a class=\"\" href=\"https:\/\/www.qualitester.com\/pt\/standards\/tappi-t830\/\"> <span class=\"screen-reader-text\">TAPPI T830<\/span> Ler mais \"<\/a><\/p>","protected":false},"author":4,"featured_media":7484,"parent":4948,"menu_order":0,"comment_status":"closed","ping_status":"closed","template":"","meta":{"site-sidebar-layout":"default","site-content-layout":"default","ast-global-header-display":"","ast-main-header-display":"","ast-hfb-above-header-display":"","ast-hfb-below-header-display":"","ast-hfb-mobile-header-display":"","site-post-title":"disabled","ast-breadcrumbs-content":"","ast-featured-img":"disabled","footer-sml-layout":"","theme-transparent-header-meta":"default","adv-header-id-meta":"","stick-header-meta":"","header-above-stick-meta":"","header-main-stick-meta":"","header-below-stick-meta":"","footnotes":""},"class_list":["post-7482","page","type-page","status-publish","has-post-thumbnail","hentry"],"_links":{"self":[{"href":"https:\/\/www.qualitester.com\/pt\/wp-json\/wp\/v2\/pages\/7482","targetHints":{"allow":["GET"]}}],"collection":[{"href":"https:\/\/www.qualitester.com\/pt\/wp-json\/wp\/v2\/pages"}],"about":[{"href":"https:\/\/www.qualitester.com\/pt\/wp-json\/wp\/v2\/types\/page"}],"author":[{"embeddable":true,"href":"https:\/\/www.qualitester.com\/pt\/wp-json\/wp\/v2\/users\/4"}],"replies":[{"embeddable":true,"href":"https:\/\/www.qualitester.com\/pt\/wp-json\/wp\/v2\/comments?post=7482"}],"version-history":[{"count":0,"href":"https:\/\/www.qualitester.com\/pt\/wp-json\/wp\/v2\/pages\/7482\/revisions"}],"up":[{"embeddable":true,"href":"https:\/\/www.qualitester.com\/pt\/wp-json\/wp\/v2\/pages\/4948"}],"wp:featuredmedia":[{"embeddable":true,"href":"https:\/\/www.qualitester.com\/pt\/wp-json\/wp\/v2\/media\/7484"}],"wp:attachment":[{"href":"https:\/\/www.qualitester.com\/pt\/wp-json\/wp\/v2\/media?parent=7482"}],"curies":[{"name":"wp","href":"https:\/\/api.w.org\/{rel}","templated":true}]}}