{"id":7449,"date":"2025-09-12T16:26:16","date_gmt":"2025-09-12T08:26:16","guid":{"rendered":"https:\/\/www.qualitester.com\/?page_id=7449"},"modified":"2025-09-12T16:28:00","modified_gmt":"2025-09-12T08:28:00","slug":"loop-tack-tester","status":"publish","type":"page","link":"https:\/\/www.qualitester.com\/pt\/applications\/loop-tack-tester\/","title":{"rendered":"Testador de ader\u00eancia de la\u00e7o para teste de desempenho de adesivo ASTM D6195"},"content":{"rendered":"<p><a href=\"https:\/\/www.qualitester.com\/pt\/?s=LTT\"><img fetchpriority=\"high\" decoding=\"async\" class=\"wp-image-7452 alignleft\" src=\"https:\/\/www.qualitester.com\/wp-content\/uploads\/2025\/09\/LTT-01-Loop-Tack-Tester--277x300.webp\" alt=\"Testador de ader\u00eancia de loop\" width=\"245\" height=\"265\" srcset=\"https:\/\/www.qualitester.com\/wp-content\/uploads\/2025\/09\/LTT-01-Loop-Tack-Tester--277x300.webp 277w, https:\/\/www.qualitester.com\/wp-content\/uploads\/2025\/09\/LTT-01-Loop-Tack-Tester--11x12.webp 11w, https:\/\/www.qualitester.com\/wp-content\/uploads\/2025\/09\/LTT-01-Loop-Tack-Tester-.webp 600w\" sizes=\"(max-width: 245px) 100vw, 245px\" \/><\/a>Os adesivos sens\u00edveis \u00e0 press\u00e3o (PSA) s\u00e3o amplamente utilizados em embalagens, dispositivos m\u00e9dicos, eletr\u00f3nica e bens de consumo. A sua capacidade de <strong data-start=\"481\" data-end=\"512\">liga\u00e7\u00e3o instant\u00e2nea e fi\u00e1vel<\/strong> \u00e9 fundamental para o desempenho do produto e a satisfa\u00e7\u00e3o do cliente. Para avaliar esta propriedade, um <strong data-start=\"604\" data-end=\"624\">Testador de ader\u00eancia de loop<\/strong> fornece medi\u00e7\u00f5es padronizadas e repet\u00edveis da for\u00e7a de liga\u00e7\u00e3o inicial, ou <em data-start=\"705\" data-end=\"711\">tacha<\/em>. A seguir <strong data-start=\"723\" data-end=\"737\">ASTM D6195<\/strong>A partir do momento em que os testes s\u00e3o realizados, estes asseguram resultados precisos e compar\u00e1veis, orientando o desenvolvimento de produtos e o controlo de qualidade.<\/p>\n<hr \/>\n<h2>equipamento de teste de ader\u00eancia de la\u00e7o adesivo e sua import\u00e2ncia<\/h2>\n<p data-start=\"914\" data-end=\"1160\"><strong data-start=\"914\" data-end=\"951\">Equipamento de teste de ader\u00eancia de la\u00e7os adesivos<\/strong> foi concebido para medir a capacidade de liga\u00e7\u00e3o de \"primeiro contacto\" de produtos PSA, tais como fitas, etiquetas e autocolantes. Este teste \u00e9 particularmente importante para as ind\u00fastrias em que <strong data-start=\"1122\" data-end=\"1144\">ades\u00e3o imediata<\/strong> \u00e9 essencial:<\/p>\n<ul data-start=\"1162\" data-end=\"1409\">\n<li data-start=\"1162\" data-end=\"1236\">\n<p data-start=\"1164\" data-end=\"1236\"><strong data-start=\"1164\" data-end=\"1194\">Linhas de embalagem de alta velocidade<\/strong>, onde as etiquetas devem ser coladas sem demora.<\/p>\n<\/li>\n<li data-start=\"1237\" data-end=\"1315\">\n<p data-start=\"1239\" data-end=\"1315\"><strong data-start=\"1239\" data-end=\"1269\">Fitas m\u00e9dicas e ligaduras<\/strong>A pele \u00e9 um produto que requer uma ades\u00e3o r\u00e1pida e segura \u00e0 pele.<\/p>\n<\/li>\n<li data-start=\"1316\" data-end=\"1409\">\n<p data-start=\"1318\" data-end=\"1409\"><strong data-start=\"1318\" data-end=\"1341\">Montagem eletr\u00f3nica<\/strong>Quando as pel\u00edculas de prote\u00e7\u00e3o ou as camadas adesivas devem aderir imediatamente.<\/p>\n<\/li>\n<\/ul>\n<p data-start=\"1411\" data-end=\"1445\">A norma ASTM D6195 descreve dois m\u00e9todos:<\/p>\n<ul data-start=\"1446\" data-end=\"1698\">\n<li data-start=\"1446\" data-end=\"1533\">\n<p data-start=\"1448\" data-end=\"1533\"><strong data-start=\"1448\" data-end=\"1460\">M\u00e9todo A<\/strong>: Utilizar um aparelho de teste de tra\u00e7\u00e3o com uma tira de fita adesiva de 7 polegadas (175 mm).<\/p>\n<\/li>\n<li data-start=\"1534\" data-end=\"1698\">\n<p data-start=\"1536\" data-end=\"1698\"><strong data-start=\"1536\" data-end=\"1548\">M\u00e9todo B<\/strong>: Utilizar um <strong data-start=\"1568\" data-end=\"1588\">Testador de ader\u00eancia de loop<\/strong>O objetivo deste estudo \u00e9 medir a for\u00e7a de pico necess\u00e1ria para destacar um la\u00e7o de fita de uma superf\u00edcie de a\u00e7o inoxid\u00e1vel de 25\u00d725 mm.<\/p>\n<\/li>\n<\/ul>\n<p data-start=\"1700\" data-end=\"1841\">Ambos os m\u00e9todos garantem uma avalia\u00e7\u00e3o normalizada, fornecendo <strong data-start=\"1755\" data-end=\"1776\">dados quantitativos<\/strong> que seja compar\u00e1vel entre laborat\u00f3rios, produtos e lotes.<\/p>\n<hr \/>\n<h2 data-start=\"1700\" data-end=\"1841\">Como um <a href=\"https:\/\/www.qualitester.com\/pt\/?s=LTT\">Testador de ader\u00eancia de loop<\/a> Obras<\/h2>\n<p data-start=\"1883\" data-end=\"1953\">O processo de teste de um <strong data-start=\"1908\" data-end=\"1928\">Testador de ader\u00eancia de loop<\/strong> \u00e9 simples mas preciso:<\/p>\n<ol data-start=\"1955\" data-end=\"2221\">\n<li data-start=\"1955\" data-end=\"2028\">\n<p data-start=\"1958\" data-end=\"2028\">Uma tira de fita adesiva \u00e9 formada num la\u00e7o, com o lado adesivo para fora.<\/p>\n<\/li>\n<li data-start=\"2029\" data-end=\"2118\">\n<p data-start=\"2032\" data-end=\"2118\">O la\u00e7o \u00e9 aplicado suavemente numa placa de a\u00e7o inoxid\u00e1vel sob <strong data-start=\"2092\" data-end=\"2115\">apenas o seu pr\u00f3prio peso<\/strong>.<\/p>\n<\/li>\n<li data-start=\"2119\" data-end=\"2221\">\n<p data-start=\"2122\" data-end=\"2221\">O aparelho de teste afasta o la\u00e7o enquanto regista o <strong data-start=\"2173\" data-end=\"2199\">for\u00e7a m\u00e1xima necess\u00e1ria<\/strong> para retirar a fita.<\/p>\n<\/li>\n<\/ol>\n<p data-start=\"2223\" data-end=\"2461\">O valor medido <strong data-start=\"2236\" data-end=\"2250\">for\u00e7a m\u00e1xima<\/strong> indica a ader\u00eancia inicial da cola. Este m\u00e9todo simula condi\u00e7\u00f5es do mundo real em que as colas t\u00eam de aderir rapidamente com uma press\u00e3o m\u00ednima, como em <strong data-start=\"2404\" data-end=\"2458\">aplica\u00e7\u00f5es de etiquetagem, selagem ou pel\u00edcula protetora<\/strong>.<\/p>\n<hr \/>\n<h2 data-start=\"2223\" data-end=\"2461\">Aplica\u00e7\u00f5es alargadas a v\u00e1rios sectores<\/h2>\n<p data-start=\"2514\" data-end=\"2596\">O <strong data-start=\"2518\" data-end=\"2538\">Testador de ader\u00eancia de loop<\/strong> tem aplica\u00e7\u00f5es muito variadas para al\u00e9m dos testes b\u00e1sicos de PSA:<\/p>\n<ul data-start=\"2598\" data-end=\"3261\">\n<li data-start=\"2598\" data-end=\"2732\">\n<p data-start=\"2600\" data-end=\"2732\"><strong data-start=\"2600\" data-end=\"2622\">Ind\u00fastria de embalagens<\/strong>: Garante que as etiquetas, fitas de selagem e pel\u00edculas de prote\u00e7\u00e3o aderem de forma fi\u00e1vel a caixas de cart\u00e3o, garrafas ou pel\u00edculas flex\u00edveis.<\/p>\n<\/li>\n<li data-start=\"2733\" data-end=\"2864\">\n<p data-start=\"2735\" data-end=\"2864\"><strong data-start=\"2735\" data-end=\"2754\">Dispositivos m\u00e9dicos<\/strong>: Avalia o desempenho de ligaduras, fitas m\u00e9dicas e adesivos quanto \u00e0 ades\u00e3o imediata e \u00e0 seguran\u00e7a do doente.<\/p>\n<\/li>\n<li data-start=\"2865\" data-end=\"2996\">\n<p data-start=\"2867\" data-end=\"2996\"><strong data-start=\"2867\" data-end=\"2897\">Eletr\u00f3nica e autom\u00f3vel<\/strong>: Confirma que os adesivos para pel\u00edculas de prote\u00e7\u00e3o, pe\u00e7as de montagem ou camadas de isolamento aderem imediatamente.<\/p>\n<\/li>\n<li data-start=\"2997\" data-end=\"3120\">\n<p data-start=\"2999\" data-end=\"3120\"><strong data-start=\"2999\" data-end=\"3030\">Bens de consumo e t\u00eaxteis<\/strong>: Testa etiquetas, autocolantes e acess\u00f3rios \u00e0 base de adesivos quanto \u00e0 sua durabilidade e desempenho.<\/p>\n<\/li>\n<li data-start=\"3121\" data-end=\"3261\">\n<p data-start=\"3123\" data-end=\"3261\"><strong data-start=\"3123\" data-end=\"3160\">Produtos qu\u00edmicos e farmac\u00eauticos di\u00e1rios<\/strong>: Avalia os r\u00f3tulos das embalagens para garantir que mant\u00eam a ader\u00eancia em condi\u00e7\u00f5es de armazenamento e manuseamento.<\/p>\n<\/li>\n<\/ul>\n<p data-start=\"3263\" data-end=\"3429\">Ao efetuar <strong data-start=\"3277\" data-end=\"3298\">ensaio de ader\u00eancia do la\u00e7o<\/strong>Os fabricantes reduzem o risco de falhas de adesivos, melhoram a garantia de qualidade e melhoram a <strong data-start=\"3391\" data-end=\"3426\">satisfa\u00e7\u00e3o e confian\u00e7a do cliente<\/strong>.<\/p>\n<hr \/>\n<h2 data-start=\"3263\" data-end=\"3429\">Vantagens do verificador de la\u00e7os da Cell Instruments<\/h2>\n<p data-start=\"3490\" data-end=\"3592\">A Cell Instruments oferece <strong data-start=\"3514\" data-end=\"3545\">verificadores de precis\u00e3o de la\u00e7os<\/strong> concebido para uma avalia\u00e7\u00e3o fi\u00e1vel de adesivos:<\/p>\n<ul data-start=\"3594\" data-end=\"4110\">\n<li data-start=\"3594\" data-end=\"3675\">\n<p data-start=\"3596\" data-end=\"3675\"><strong data-start=\"3596\" data-end=\"3621\">Conformidade com a norma ASTM D6195<\/strong>: Assegura que os resultados dos testes cumprem as normas internacionais.<\/p>\n<\/li>\n<li data-start=\"3676\" data-end=\"3788\">\n<p data-start=\"3678\" data-end=\"3788\"><strong data-start=\"3678\" data-end=\"3713\">Elevada precis\u00e3o e repetibilidade<\/strong>: Sensores digitais e condi\u00e7\u00f5es de teste controladas minimizam o erro humano.<\/p>\n<\/li>\n<li data-start=\"3789\" data-end=\"3894\">\n<p data-start=\"3791\" data-end=\"3894\"><strong data-start=\"3791\" data-end=\"3818\">Interface amig\u00e1vel ao usu\u00e1rio<\/strong>: Simplifica a opera\u00e7\u00e3o, tornando os testes de rotina mais r\u00e1pidos e consistentes.<\/p>\n<\/li>\n<li data-start=\"3895\" data-end=\"4003\">\n<p data-start=\"3897\" data-end=\"4003\"><strong data-start=\"3897\" data-end=\"3921\">Op\u00e7\u00f5es personaliz\u00e1veis<\/strong>: Ajust\u00e1vel a diferentes tipos de fita, materiais de suporte e condi\u00e7\u00f5es de teste.<\/p>\n<\/li>\n<li data-start=\"4004\" data-end=\"4110\">\n<p data-start=\"4006\" data-end=\"4110\"><strong data-start=\"4006\" data-end=\"4037\">Registo e an\u00e1lise de dados<\/strong>: Captura leituras de for\u00e7a de pico para uma documenta\u00e7\u00e3o de qualidade abrangente.<\/p>\n<\/li>\n<\/ul>\n<p data-start=\"4112\" data-end=\"4293\">Estas vantagens tornam o <strong data-start=\"4138\" data-end=\"4175\">Testador de la\u00e7os da Cell Instruments<\/strong> ideal para <strong data-start=\"4186\" data-end=\"4245\">laborat\u00f3rios, equipas de I&amp;D e controlo de qualidade da produ\u00e7\u00e3o<\/strong>, proporcionando confian\u00e7a na avalia\u00e7\u00e3o dos adesivos.<\/p>\n<hr \/>\n<h2 data-start=\"4112\" data-end=\"4293\">Pr\u00e1ticas recomendadas para o teste de ader\u00eancia do la\u00e7o<\/h2>\n<p data-start=\"4343\" data-end=\"4387\">Para garantir resultados exactos e significativos:<\/p>\n<ol data-start=\"4389\" data-end=\"4844\">\n<li data-start=\"4389\" data-end=\"4473\">\n<p data-start=\"4392\" data-end=\"4473\"><strong data-start=\"4392\" data-end=\"4418\">Condicionar o adesivo<\/strong> \u00e0 temperatura e humidade normais antes do ensaio.<\/p>\n<\/li>\n<li data-start=\"4474\" data-end=\"4571\">\n<p data-start=\"4477\" data-end=\"4571\"><strong data-start=\"4477\" data-end=\"4516\">Limpar o substrato de a\u00e7o inoxid\u00e1vel<\/strong> para remover poeiras ou gorduras que possam afetar a ader\u00eancia.<\/p>\n<\/li>\n<li data-start=\"4572\" data-end=\"4675\">\n<p data-start=\"4575\" data-end=\"4675\"><strong data-start=\"4575\" data-end=\"4609\">Utilizar dimens\u00f5es de la\u00e7o consistentes<\/strong> (por exemplo, \u00e1rea de contacto de 25\u00d725 mm) e manter um peso uniforme da fita.<\/p>\n<\/li>\n<li data-start=\"4676\" data-end=\"4755\">\n<p style=\"text-align: left;\" data-start=\"4679\" data-end=\"4755\"><strong data-start=\"4679\" data-end=\"4710\">Seguir <a href=\"https:\/\/store.astm.org\/d6195-03r19.html\" target=\"_blank\" rel=\"noopener nofollow\">ASTM D6195<\/a> protocolos<\/strong> para obter resultados repet\u00edveis e compar\u00e1veis.<\/p>\n<\/li>\n<li data-start=\"4756\" data-end=\"4844\">\n<p data-start=\"4759\" data-end=\"4844\"><strong data-start=\"4759\" data-end=\"4788\">Documentar todas as medi\u00e7\u00f5es<\/strong> para acompanhar as tend\u00eancias de desempenho e as melhorias dos produtos.<\/p>\n<\/li>\n<\/ol>\n<p data-start=\"4846\" data-end=\"5009\">Ao seguir estas pr\u00e1ticas, os fabricantes podem <strong data-start=\"4894\" data-end=\"4928\">otimizar as formula\u00e7\u00f5es de adesivos<\/strong>resolver problemas de liga\u00e7\u00e3o e validar novos produtos antes do lan\u00e7amento no mercado.<\/p>\n<hr \/>\n<h2 data-start=\"5016\" data-end=\"5031\">Conclus\u00e3o<\/h2>\n<p data-start=\"5033\" data-end=\"5393\">O <strong data-start=\"5037\" data-end=\"5057\">Testador de ader\u00eancia de loop<\/strong> \u00e9 um instrumento essencial para avaliar a <strong data-start=\"5093\" data-end=\"5122\">for\u00e7a de ades\u00e3o inicial<\/strong> de adesivos sens\u00edveis \u00e0 press\u00e3o em conformidade com <strong data-start=\"5174\" data-end=\"5188\">ASTM D6195<\/strong>. Os seus m\u00e9todos de ensaio normalizados, especialmente quando se utilizam <strong data-start=\"5246\" data-end=\"5283\">equipamento de ensaio de ader\u00eancia de la\u00e7os adesivos<\/strong>O sistema de gest\u00e3o da qualidade, que \u00e9 um sistema de gest\u00e3o da qualidade, ajuda os fabricantes a manter uma qualidade consistente, a reduzir as falhas dos produtos e a garantir a satisfa\u00e7\u00e3o dos clientes.<\/p>\n<p data-start=\"5395\" data-end=\"5752\">Para as empresas que procuram <strong data-start=\"5417\" data-end=\"5481\">solu\u00e7\u00f5es de teste de adesivos fi\u00e1veis, precisas e conformes<\/strong>, o <strong data-start=\"5487\" data-end=\"5524\"><a href=\"https:\/\/www.qualitester.com\/pt\/\">Instrumentos de C\u00e9lula<\/a> Testador de ader\u00eancia de loop<\/strong> oferece precis\u00e3o, durabilidade e flexibilidade numa vasta gama de ind\u00fastrias. O investimento em equipamento de teste de ader\u00eancia de la\u00e7os de alta qualidade garante <strong data-start=\"5668\" data-end=\"5749\">melhor desempenho do produto, utiliza\u00e7\u00e3o mais segura e competitividade do mercado a longo prazo<\/strong>.<\/p>","protected":false},"excerpt":{"rendered":"<p>Pressure-sensitive adhesives (PSAs) are widely used in packaging, medical devices, electronics, and consumer goods. Their ability to bond instantly and reliably is critical to product performance and customer satisfaction. To evaluate this property, a Loop Tack Tester provides standardized, repeatable measurements of the initial bonding force, or tack. Following ASTM D6195, this testing ensures accurate &hellip;<\/p>\n<p class=\"read-more\"> <a class=\"\" href=\"https:\/\/www.qualitester.com\/pt\/applications\/loop-tack-tester\/\"> <span class=\"screen-reader-text\">Testador de ader\u00eancia de la\u00e7o para teste de desempenho de adesivo ASTM D6195<\/span> Ler mais \"<\/a><\/p>","protected":false},"author":3,"featured_media":0,"parent":6794,"menu_order":0,"comment_status":"closed","ping_status":"closed","template":"","meta":{"site-sidebar-layout":"default","site-content-layout":"default","ast-global-header-display":"","ast-main-header-display":"","ast-hfb-above-header-display":"","ast-hfb-below-header-display":"","ast-hfb-mobile-header-display":"","site-post-title":"","ast-breadcrumbs-content":"","ast-featured-img":"","footer-sml-layout":"","theme-transparent-header-meta":"default","adv-header-id-meta":"","stick-header-meta":"","header-above-stick-meta":"","header-main-stick-meta":"","header-below-stick-meta":"","footnotes":""},"class_list":["post-7449","page","type-page","status-publish","hentry"],"_links":{"self":[{"href":"https:\/\/www.qualitester.com\/pt\/wp-json\/wp\/v2\/pages\/7449","targetHints":{"allow":["GET"]}}],"collection":[{"href":"https:\/\/www.qualitester.com\/pt\/wp-json\/wp\/v2\/pages"}],"about":[{"href":"https:\/\/www.qualitester.com\/pt\/wp-json\/wp\/v2\/types\/page"}],"author":[{"embeddable":true,"href":"https:\/\/www.qualitester.com\/pt\/wp-json\/wp\/v2\/users\/3"}],"replies":[{"embeddable":true,"href":"https:\/\/www.qualitester.com\/pt\/wp-json\/wp\/v2\/comments?post=7449"}],"version-history":[{"count":0,"href":"https:\/\/www.qualitester.com\/pt\/wp-json\/wp\/v2\/pages\/7449\/revisions"}],"up":[{"embeddable":true,"href":"https:\/\/www.qualitester.com\/pt\/wp-json\/wp\/v2\/pages\/6794"}],"wp:attachment":[{"href":"https:\/\/www.qualitester.com\/pt\/wp-json\/wp\/v2\/media?parent=7449"}],"curies":[{"name":"wp","href":"https:\/\/api.w.org\/{rel}","templated":true}]}}