{"id":7439,"date":"2025-09-11T17:11:29","date_gmt":"2025-09-11T09:11:29","guid":{"rendered":"https:\/\/www.qualitester.com\/?page_id=7439"},"modified":"2025-09-11T17:14:02","modified_gmt":"2025-09-11T09:14:02","slug":"glide-force-and-break-loose-force","status":"publish","type":"page","link":"https:\/\/www.qualitester.com\/pt\/applications\/glide-force-and-break-loose-force\/","title":{"rendered":"Teste de for\u00e7a de deslizamento e de for\u00e7a de rutura em seringas"},"content":{"rendered":"<p><img fetchpriority=\"high\" decoding=\"async\" class=\"wp-image-7443 alignleft\" src=\"https:\/\/www.qualitester.com\/wp-content\/uploads\/2025\/09\/glide-force-and-break-loose-force-300x300.webp\" alt=\"for\u00e7a de deslizamento e for\u00e7a de rutura\" width=\"231\" height=\"231\" srcset=\"https:\/\/www.qualitester.com\/wp-content\/uploads\/2025\/09\/glide-force-and-break-loose-force-300x300.webp 300w, https:\/\/www.qualitester.com\/wp-content\/uploads\/2025\/09\/glide-force-and-break-loose-force-1024x1024.webp 1024w, https:\/\/www.qualitester.com\/wp-content\/uploads\/2025\/09\/glide-force-and-break-loose-force-150x150.webp 150w, https:\/\/www.qualitester.com\/wp-content\/uploads\/2025\/09\/glide-force-and-break-loose-force-768x768.webp 768w, https:\/\/www.qualitester.com\/wp-content\/uploads\/2025\/09\/glide-force-and-break-loose-force-12x12.webp 12w, https:\/\/www.qualitester.com\/wp-content\/uploads\/2025\/09\/glide-force-and-break-loose-force-600x600.webp 600w, https:\/\/www.qualitester.com\/wp-content\/uploads\/2025\/09\/glide-force-and-break-loose-force-100x100.webp 100w, https:\/\/www.qualitester.com\/wp-content\/uploads\/2025\/09\/glide-force-and-break-loose-force.webp 1200w\" sizes=\"(max-width: 231px) 100vw, 231px\" \/>Medi\u00e7\u00e3o exacta de <strong data-start=\"368\" data-end=\"405\">for\u00e7a de deslizamento e for\u00e7a de rutura<\/strong> \u00e9 essencial para avaliar o desempenho da seringa e garantir a seguran\u00e7a do doente. Estes par\u00e2metros determinam a facilidade e a consist\u00eancia do movimento do \u00eambolo durante a inje\u00e7\u00e3o, afectando diretamente a facilidade de utiliza\u00e7\u00e3o, a precis\u00e3o da dose e a conformidade com as normas internacionais, tais como <a href=\"https:\/\/www.uspnf.com\/sites\/default\/files\/usp_pdf\/EN\/USPNF\/usp-nf-notices\/gc-382-pre-post-20190531.pdf\" target=\"_blank\" rel=\"noopener nofollow\"><strong data-start=\"670\" data-end=\"681\">USP 382<\/strong><\/a> e <a href=\"https:\/\/www.iso.org\/standard\/82222.html\" target=\"_blank\" rel=\"noopener nofollow\"><strong data-start=\"686\" data-end=\"701\">ISO 11040-4<\/strong><\/a>. Ao compreender estas for\u00e7as, os fabricantes e o pessoal do controlo de qualidade podem garantir que as seringas cumprem os requisitos regulamentares e funcionam de forma fi\u00e1vel em ambientes cl\u00ednicos.<\/p>\n<hr \/>\n<h2>Teste de for\u00e7a de movimento do \u00eambolo: Import\u00e2ncia e normas<\/h2>\n<p data-start=\"938\" data-end=\"1098\">O <strong data-start=\"942\" data-end=\"973\">ensaio de for\u00e7a de movimento do \u00eambolo<\/strong> mede a resist\u00eancia encontrada quando o \u00eambolo de uma seringa se desloca no interior do corpo da seringa. Este teste inclui dois componentes principais:<\/p>\n<ul data-start=\"1100\" data-end=\"1333\">\n<li data-start=\"1100\" data-end=\"1221\">\n<p data-start=\"1102\" data-end=\"1221\"><strong data-start=\"1102\" data-end=\"1123\">For\u00e7a de rutura<\/strong>: A for\u00e7a inicial necess\u00e1ria para vencer o atrito est\u00e1tico entre a rolha do \u00eambolo e o tambor.<\/p>\n<\/li>\n<li data-start=\"1222\" data-end=\"1333\">\n<p data-start=\"1224\" data-end=\"1333\"><strong data-start=\"1224\" data-end=\"1239\">For\u00e7a de deslizamento<\/strong>: A for\u00e7a constante necess\u00e1ria para deslocar o \u00eambolo ao longo do curso ap\u00f3s o movimento inicial.<\/p>\n<\/li>\n<\/ul>\n<p data-start=\"1335\" data-end=\"1933\"><strong data-start=\"1335\" data-end=\"1346\">USP 382<\/strong> define os testes de adequa\u00e7\u00e3o do \u00eambolo, centrando-se nas for\u00e7as de rutura e de deslizamento para avaliar a funcionalidade do \u00eambolo na utiliza\u00e7\u00e3o no mundo real. <strong data-start=\"1492\" data-end=\"1507\">ISO 11040-4<\/strong> estabelece requisitos semelhantes para as seringas pr\u00e9-cheias, dando \u00eanfase \u00e0 administra\u00e7\u00e3o segura, fi\u00e1vel e consistente de medicamentos. Ambas as normas real\u00e7am a necessidade de uma velocidade de teste adequada, normalmente <strong data-start=\"1685\" data-end=\"1699\">100 mm\/min<\/strong>, com flexibilidade baseada no desenho da seringa ou na aplica\u00e7\u00e3o. Para captar com precis\u00e3o as for\u00e7as de pico, as taxas de amostragem at\u00e9 <strong data-start=\"1814\" data-end=\"1824\">500 Hz<\/strong> s\u00e3o recomendados, especialmente para detetar varia\u00e7\u00f5es subtis na lubrifica\u00e7\u00e3o ou na intera\u00e7\u00e3o entre o \u00eambolo e o tambor.<\/p>\n<hr \/>\n<h2 data-start=\"1335\" data-end=\"1933\">Factores que afectam a for\u00e7a de deslizamento e a for\u00e7a de rutura<\/h2>\n<p data-start=\"1993\" data-end=\"2048\">V\u00e1rios factores influenciam a for\u00e7a de movimento do \u00eambolo:<\/p>\n<ul data-start=\"2050\" data-end=\"2463\">\n<li data-start=\"2050\" data-end=\"2153\">\n<p data-start=\"2052\" data-end=\"2153\"><strong data-start=\"2052\" data-end=\"2075\">Qualidade da lubrifica\u00e7\u00e3o<\/strong>: O \u00f3leo de silicone ou outros lubrificantes afectam as for\u00e7as de rutura e de deslizamento.<\/p>\n<\/li>\n<li data-start=\"2154\" data-end=\"2250\">\n<p data-start=\"2156\" data-end=\"2250\"><strong data-start=\"2156\" data-end=\"2199\">Material e dimens\u00f5es da rolha de \u00eambolo<\/strong>: As varia\u00e7\u00f5es podem alterar as carater\u00edsticas de fric\u00e7\u00e3o.<\/p>\n<\/li>\n<li data-start=\"2251\" data-end=\"2344\">\n<p data-start=\"2253\" data-end=\"2344\"><strong data-start=\"2253\" data-end=\"2291\">Geometria e acabamento do corpo da seringa<\/strong>: Precis\u00e3o e suavidade do movimento de impacto do \u00eambolo.<\/p>\n<\/li>\n<li data-start=\"2345\" data-end=\"2463\">\n<p data-start=\"2347\" data-end=\"2463\"><strong data-start=\"2347\" data-end=\"2393\">Esteriliza\u00e7\u00e3o e condi\u00e7\u00f5es ambientais<\/strong>: O calor, a humidade e os processos de esteriliza\u00e7\u00e3o podem alterar o desempenho.<\/p>\n<\/li>\n<\/ul>\n<p data-start=\"2465\" data-end=\"2606\">O controlo destas vari\u00e1veis assegura a consist\u00eancia e a conformidade regulamentar, reduzindo o risco de desconforto para o utilizador, erros de dosagem ou fugas.<\/p>\n<hr \/>\n<h2 data-start=\"2465\" data-end=\"2606\">Procedimento de ensaio recomendado<\/h2>\n<p data-start=\"2644\" data-end=\"2715\">De acordo com a USP 382 e a ISO 11040-4, um procedimento de ensaio t\u00edpico inclui:<\/p>\n<ol data-start=\"2717\" data-end=\"3393\">\n<li data-start=\"2717\" data-end=\"2824\">\n<p data-start=\"2720\" data-end=\"2824\"><strong data-start=\"2720\" data-end=\"2744\">Montar a seringa<\/strong> com rolha de \u00eambolo e haste, utilizando a inser\u00e7\u00e3o do tubo de ventila\u00e7\u00e3o ou a rolha de v\u00e1cuo.<\/p>\n<\/li>\n<li data-start=\"2825\" data-end=\"2884\">\n<p data-start=\"2828\" data-end=\"2884\"><strong data-start=\"2828\" data-end=\"2858\">Remover os fechos de prote\u00e7\u00e3o<\/strong> tais como protectores de agulhas.<\/p>\n<\/li>\n<li data-start=\"2885\" data-end=\"2991\">\n<p data-start=\"2888\" data-end=\"2991\"><strong data-start=\"2888\" data-end=\"2909\">Colocar a seringa<\/strong> num adaptador de tamanho adequado dentro de uma m\u00e1quina de ensaios de tra\u00e7\u00e3o\/compress\u00e3o.<\/p>\n<\/li>\n<li data-start=\"2992\" data-end=\"3081\">\n<p data-start=\"2995\" data-end=\"3081\"><strong data-start=\"2995\" data-end=\"3017\">Definir a velocidade de teste<\/strong> para os 100 mm\/min recomendados ou conforme acordado com o cliente.<\/p>\n<\/li>\n<li data-start=\"3082\" data-end=\"3162\">\n<p data-start=\"3085\" data-end=\"3162\"><strong data-start=\"3085\" data-end=\"3114\">Medir a for\u00e7a de liberta\u00e7\u00e3o<\/strong> no ponto em que o \u00eambolo come\u00e7a a mover-se.<\/p>\n<\/li>\n<li data-start=\"3163\" data-end=\"3280\">\n<p data-start=\"3166\" data-end=\"3280\"><strong data-start=\"3166\" data-end=\"3187\">Continuar o teste<\/strong> para registar a for\u00e7a de deslizamento ao longo do curso at\u00e9 o \u00eambolo atingir o ombro do cilindro.<\/p>\n<\/li>\n<li data-start=\"3281\" data-end=\"3393\">\n<p data-start=\"3284\" data-end=\"3393\"><strong data-start=\"3284\" data-end=\"3304\">Resultados do documento<\/strong>, incluindo for\u00e7as m\u00e1ximas e m\u00e9dias, n\u00famero de amostras e quaisquer desvios observados.<\/p>\n<\/li>\n<\/ol>\n<p data-start=\"3395\" data-end=\"3530\">Testes precisos e repet\u00edveis fornecem informa\u00e7\u00f5es sobre o design da seringa, a efic\u00e1cia da lubrifica\u00e7\u00e3o e a adequa\u00e7\u00e3o funcional geral.<\/p>\n<hr \/>\n<h2 data-start=\"3395\" data-end=\"3530\">Recomenda\u00e7\u00e3o de equipamento<\/h2>\n<p data-start=\"3563\" data-end=\"3688\">Para testes precisos e eficientes, o <strong data-start=\"3602\" data-end=\"3652\">Cell Instruments MST-01 Testador de seringas m\u00e9dicas<\/strong> \u00e9 altamente recomendado. Oferece:<\/p>\n<ul data-start=\"3690\" data-end=\"3941\">\n<li data-start=\"3690\" data-end=\"3760\">\n<p data-start=\"3692\" data-end=\"3760\">Amostragem de alta velocidade at\u00e9 500 Hz para uma dete\u00e7\u00e3o precisa da for\u00e7a de pico<\/p>\n<\/li>\n<li data-start=\"3761\" data-end=\"3829\">\n<p data-start=\"3763\" data-end=\"3829\">Velocidades de teste ajust\u00e1veis para conformidade com as normas USP e ISO<\/p>\n<\/li>\n<li data-start=\"3830\" data-end=\"3878\">\n<p data-start=\"3832\" data-end=\"3878\">Adaptadores para v\u00e1rios tamanhos e tipos de seringas<\/p>\n<\/li>\n<li data-start=\"3879\" data-end=\"3941\">\n<p data-start=\"3881\" data-end=\"3941\">Relat\u00f3rios automatizados e rastreabilidade para garantia de qualidade<\/p>\n<\/li>\n<\/ul>\n<p data-start=\"3943\" data-end=\"4079\">A integra\u00e7\u00e3o do MST-01 nos processos de produ\u00e7\u00e3o ou de controlo de qualidade garante testes fi\u00e1veis, consistentes e conformes ao desempenho do \u00eambolo da seringa.<\/p>\n<hr \/>\n<h2 data-start=\"3943\" data-end=\"4079\">Conclus\u00e3o<\/h2>\n<p>Controlo <strong data-start=\"4109\" data-end=\"4146\">for\u00e7a de deslizamento e for\u00e7a de rutura<\/strong> \u00e9 crucial para a usabilidade da seringa, seguran\u00e7a do paciente e conformidade regulamentar. Seguindo as normas USP 382 e ISO 11040-4 e utilizando equipamento preciso como o MST-01, os fabricantes podem otimizar o desempenho do \u00eambolo, reduzir a variabilidade e fornecer seringas fi\u00e1veis e de alta qualidade ao mercado.<\/p>\n<hr \/>\n<h2>Perguntas frequentes<\/h2>\n<p data-start=\"90\" data-end=\"421\"><strong data-start=\"90\" data-end=\"140\">1. O que \u00e9 a for\u00e7a de deslizamento e a for\u00e7a de rotura?<\/strong><br data-start=\"140\" data-end=\"143\" \/>A for\u00e7a de deslizamento refere-se \u00e0 resist\u00eancia cont\u00ednua encontrada pelo \u00eambolo da seringa depois de come\u00e7ar a mover-se, enquanto a for\u00e7a de rutura \u00e9 a for\u00e7a inicial necess\u00e1ria para ultrapassar a fric\u00e7\u00e3o est\u00e1tica no in\u00edcio do movimento do \u00eambolo. Ambas as for\u00e7as afectam a facilidade de utiliza\u00e7\u00e3o da seringa e a precis\u00e3o da dose.<\/p>\n<p data-start=\"423\" data-end=\"739\"><strong data-start=\"423\" data-end=\"477\">2. Porque \u00e9 que \u00e9 necess\u00e1rio um ensaio de for\u00e7a de movimento do \u00eambolo?<\/strong><br data-start=\"477\" data-end=\"480\" \/>O teste de for\u00e7a de movimento do \u00eambolo avalia a resist\u00eancia do \u00eambolo no interior da seringa, incluindo as for\u00e7as de rutura e de deslizamento. Garante que as seringas s\u00e3o seguras, fi\u00e1veis e est\u00e3o em conformidade com <strong data-start=\"676\" data-end=\"687\">USP 382<\/strong> e <strong data-start=\"692\" data-end=\"707\">ISO 11040-4<\/strong> normas para utiliza\u00e7\u00e3o no mundo real.<\/p>\n<p data-start=\"741\" data-end=\"1067\"><strong data-start=\"741\" data-end=\"821\">3. Que equipamento \u00e9 necess\u00e1rio para testar a for\u00e7a de deslizamento e a for\u00e7a de rotura?<\/strong><br data-start=\"821\" data-end=\"824\" \/>Equipamentos de alta precis\u00e3o, como o <strong data-start=\"862\" data-end=\"912\">Instrumentos de C\u00e9lula <a href=\"https:\/\/www.qualitester.com\/pt\/?s=MST-01\" target=\"_blank\" rel=\"noopener\">Testador de seringa m\u00e9dica MST-01<\/a><\/strong>, \u00e9 recomendado. Oferece velocidades de ensaio ajust\u00e1veis, taxas de amostragem elevadas e adaptadores de seringa vers\u00e1teis para garantir medi\u00e7\u00f5es exactas e repet\u00edveis.<\/p>\n<p data-start=\"1069\" data-end=\"1367\"><strong data-start=\"1069\" data-end=\"1127\">4. Qual o impacto dos resultados dos testes no controlo da qualidade das seringas?<\/strong><br data-start=\"1127\" data-end=\"1130\" \/>Os resultados ajudam a verificar a efic\u00e1cia da lubrifica\u00e7\u00e3o, a conce\u00e7\u00e3o do \u00eambolo, a geometria da seringa e a consist\u00eancia do fabrico. Os testes adequados reduzem os erros de dosagem, as fugas ou o desconforto do utilizador, garantindo que o produto cumpre as normas de seguran\u00e7a e qualidade.<\/p>\n<p data-start=\"1369\" data-end=\"1663\"><strong data-start=\"1369\" data-end=\"1428\">5. Como devem ser selecionadas a velocidade de ensaio e a taxa de amostragem?<\/strong><br data-start=\"1428\" data-end=\"1431\" \/>Uma velocidade de teste t\u00edpica \u00e9 <strong data-start=\"1455\" data-end=\"1469\">100 mm\/min<\/strong>, ajust\u00e1vel de acordo com o desenho da seringa. Uma taxa de amostragem de <strong data-start=\"1530\" data-end=\"1540\">500 Hz<\/strong> \u00e9 recomendado para captar com precis\u00e3o as for\u00e7as de pico e avaliar diferen\u00e7as subtis na lubrifica\u00e7\u00e3o e no desempenho do \u00eambolo.<\/p>","protected":false},"excerpt":{"rendered":"<p>A medi\u00e7\u00e3o exacta da for\u00e7a de deslizamento e da for\u00e7a de quebra \u00e9 essencial para avaliar o desempenho da seringa e garantir a seguran\u00e7a do doente. Estes par\u00e2metros determinam a facilidade e a consist\u00eancia do movimento do \u00eambolo durante a inje\u00e7\u00e3o, afectando diretamente a facilidade de utiliza\u00e7\u00e3o, a precis\u00e3o da dose e a conformidade com as normas internacionais, como a USP 382 e a ISO 11040-4. Ao compreender estas for\u00e7as, os fabricantes e a qualidade ...<\/p>\n<p class=\"read-more\"> <a class=\"\" href=\"https:\/\/www.qualitester.com\/pt\/applications\/glide-force-and-break-loose-force\/\"> <span class=\"screen-reader-text\">Teste de for\u00e7a de deslizamento e de for\u00e7a de rutura em seringas<\/span> Ler mais \"<\/a><\/p>","protected":false},"author":3,"featured_media":0,"parent":6794,"menu_order":0,"comment_status":"closed","ping_status":"closed","template":"","meta":{"site-sidebar-layout":"default","site-content-layout":"default","ast-global-header-display":"","ast-main-header-display":"","ast-hfb-above-header-display":"","ast-hfb-below-header-display":"","ast-hfb-mobile-header-display":"","site-post-title":"","ast-breadcrumbs-content":"","ast-featured-img":"","footer-sml-layout":"","theme-transparent-header-meta":"default","adv-header-id-meta":"","stick-header-meta":"","header-above-stick-meta":"","header-main-stick-meta":"","header-below-stick-meta":"","footnotes":""},"class_list":["post-7439","page","type-page","status-publish","hentry"],"_links":{"self":[{"href":"https:\/\/www.qualitester.com\/pt\/wp-json\/wp\/v2\/pages\/7439","targetHints":{"allow":["GET"]}}],"collection":[{"href":"https:\/\/www.qualitester.com\/pt\/wp-json\/wp\/v2\/pages"}],"about":[{"href":"https:\/\/www.qualitester.com\/pt\/wp-json\/wp\/v2\/types\/page"}],"author":[{"embeddable":true,"href":"https:\/\/www.qualitester.com\/pt\/wp-json\/wp\/v2\/users\/3"}],"replies":[{"embeddable":true,"href":"https:\/\/www.qualitester.com\/pt\/wp-json\/wp\/v2\/comments?post=7439"}],"version-history":[{"count":0,"href":"https:\/\/www.qualitester.com\/pt\/wp-json\/wp\/v2\/pages\/7439\/revisions"}],"up":[{"embeddable":true,"href":"https:\/\/www.qualitester.com\/pt\/wp-json\/wp\/v2\/pages\/6794"}],"wp:attachment":[{"href":"https:\/\/www.qualitester.com\/pt\/wp-json\/wp\/v2\/media?parent=7439"}],"curies":[{"name":"wp","href":"https:\/\/api.w.org\/{rel}","templated":true}]}}