{"id":7309,"date":"2025-07-30T15:17:37","date_gmt":"2025-07-30T07:17:37","guid":{"rendered":"https:\/\/www.qualitester.com\/?page_id=7309"},"modified":"2025-08-01T09:29:14","modified_gmt":"2025-08-01T01:29:14","slug":"elmendorf-tear-test","status":"publish","type":"page","link":"https:\/\/www.qualitester.com\/pt\/applications\/elmendorf-tear-test\/","title":{"rendered":"Teste de rasgo Elmendorf: Um m\u00e9todo fi\u00e1vel para avaliar a resist\u00eancia ao rasgamento em materiais flex\u00edveis"},"content":{"rendered":"<h1 style=\"text-align: center;\" data-start=\"303\" data-end=\"371\">Teste de rasgamento Elmendorf<\/h1>\n<p data-start=\"373\" data-end=\"824\">O <strong data-start=\"377\" data-end=\"400\">Teste de lacrimejamento Elmendorf<\/strong> \u00e9 um m\u00e9todo amplamente adotado para avaliar a <strong data-start=\"447\" data-end=\"464\">resist\u00eancia ao rasgamento<\/strong> de pel\u00edculas de pl\u00e1stico, papel e outros materiais de folha fina. Desempenha um papel fundamental na avalia\u00e7\u00e3o da durabilidade e resist\u00eancia mec\u00e2nica de materiais flex\u00edveis utilizados em embalagens, aplica\u00e7\u00f5es m\u00e9dicas, t\u00eaxteis e industriais. Este teste, normalizado sob <a href=\"https:\/\/www.qualitester.com\/pt\/standards\/astm-d1922\/\" target=\"_blank\" rel=\"noopener\"><strong data-start=\"723\" data-end=\"737\">Norma ASTM D1922<\/strong><\/a>, O sistema de gest\u00e3o da qualidade, que fornece dados valiosos para a sele\u00e7\u00e3o de materiais, garantia de qualidade e conce\u00e7\u00e3o de produtos.<\/p>\n<h2 data-start=\"826\" data-end=\"875\">Introdu\u00e7\u00e3o<\/h2>\n<p data-start=\"877\" data-end=\"1232\"><strong data-start=\"877\" data-end=\"894\">Resist\u00eancia ao rasgamento<\/strong> mede a capacidade de um material para resistir \u00e0 propaga\u00e7\u00e3o de um rasg\u00e3o depois de este ter come\u00e7ado. Esta propriedade \u00e9 especialmente crucial em aplica\u00e7\u00f5es de embalagem onde a integridade sob tens\u00e3o - como durante o transporte ou manuseamento - \u00e9 vital. Um material fraco pode rasgar-se facilmente, comprometendo tanto a funcionalidade como a seguran\u00e7a do produto que protege.<\/p>\n<p data-start=\"1278\" data-end=\"1709\">O <strong data-start=\"1282\" data-end=\"1296\">Norma ASTM D1922<\/strong> A norma descreve o procedimento para determinar a resist\u00eancia ao rasgamento utilizando um p\u00eandulo <strong data-start=\"1384\" data-end=\"1399\">testador de l\u00e1grimas<\/strong>-comumente designado por <strong data-start=\"1428\" data-end=\"1451\">M\u00e9todo Elmendorf<\/strong>. Foi concebido para simular condi\u00e7\u00f5es reais de rasgamento, medindo a for\u00e7a necess\u00e1ria para continuar a rasgar uma fenda pr\u00e9-cortada numa amostra de material. O resultado reflecte a energia absorvida durante a propaga\u00e7\u00e3o do rasgo, que se correlaciona diretamente com a resist\u00eancia do material.<\/p>\n<h3 data-start=\"1711\" data-end=\"1742\">Carater\u00edsticas principais :<\/h3>\n<ul data-start=\"1744\" data-end=\"2142\">\n<li data-start=\"1744\" data-end=\"1814\">\n<p data-start=\"1746\" data-end=\"1814\"><strong data-start=\"1746\" data-end=\"1759\">Tipo de teste<\/strong>: Propaga\u00e7\u00e3o da resist\u00eancia ao rasgamento pelo m\u00e9todo do p\u00eandulo<\/p>\n<\/li>\n<li data-start=\"1815\" data-end=\"1874\">\n<p data-start=\"1817\" data-end=\"1874\"><strong data-start=\"1817\" data-end=\"1826\">Unidades<\/strong>: Medida em milinewtons (mN) ou gramas-for\u00e7a<\/p>\n<\/li>\n<li data-start=\"1875\" data-end=\"1953\">\n<p data-start=\"1877\" data-end=\"1953\"><strong data-start=\"1877\" data-end=\"1890\">Esp\u00e9cimes<\/strong>: Pel\u00edculas ou folhas com espessura \u2264 0,25 mm, com uma pr\u00e9-fenda de 20 mm<\/p>\n<\/li>\n<li data-start=\"1954\" data-end=\"2048\">\n<p data-start=\"1956\" data-end=\"2048\"><strong data-start=\"1956\" data-end=\"1969\">Dire\u00e7\u00e3o<\/strong>: As direc\u00e7\u00f5es transversal e m\u00e1quina s\u00e3o testadas para materiais anisotr\u00f3picos<\/p>\n<\/li>\n<li data-start=\"2049\" data-end=\"2142\">\n<p data-start=\"2051\" data-end=\"2142\"><strong data-start=\"2051\" data-end=\"2066\">Aplicativo<\/strong>: Utilizado principalmente para pel\u00edculas de pl\u00e1stico, papel, t\u00eaxteis e embalagens laminadas<\/p>\n<\/li>\n<\/ul>\n<h2 data-start=\"2144\" data-end=\"2180\">Como funciona o teste de rasgamento Elmendorf<\/h2>\n<p data-start=\"2182\" data-end=\"2511\">O teste envolve a fixa\u00e7\u00e3o de uma amostra pr\u00e9-fendida entre duas garras - uma fixa e a outra ligada a um p\u00eandulo oscilante. Uma vez libertado, o p\u00eandulo rasga o material restante e a energia gasta \u00e9 medida. A for\u00e7a resultante d\u00e1 uma ideia da <strong data-start=\"2446\" data-end=\"2463\">\u00a0resist\u00eancia ao rasgamento<\/strong> e a consist\u00eancia do material em todas as amostras.<\/p>\n<h3 data-start=\"2513\" data-end=\"2538\">Processo passo-a-passo:<\/h3>\n<ol data-start=\"2540\" data-end=\"2981\">\n<li data-start=\"2540\" data-end=\"2643\">\n<p data-start=\"2543\" data-end=\"2643\"><strong data-start=\"2543\" data-end=\"2567\">Prepara\u00e7\u00e3o de Amostras<\/strong> - Cortar amostras padronizadas utilizando um molde e pr\u00e9-fend\u00ea-las com uma profundidade de 20 mm.<\/p>\n<\/li>\n<li data-start=\"2644\" data-end=\"2726\">\n<p data-start=\"2647\" data-end=\"2726\"><strong data-start=\"2647\" data-end=\"2663\">Condicionamento<\/strong> - Manter a temperatura e a humidade normais antes do ensaio.<\/p>\n<\/li>\n<li data-start=\"2727\" data-end=\"2790\">\n<p data-start=\"2730\" data-end=\"2790\"><strong data-start=\"2730\" data-end=\"2742\">Montagem<\/strong> - Fixar o provete no aparelho de ensaio.<\/p>\n<\/li>\n<li data-start=\"2791\" data-end=\"2878\">\n<p data-start=\"2794\" data-end=\"2878\"><strong data-start=\"2794\" data-end=\"2812\">Execu\u00e7\u00e3o de testes<\/strong> - Soltar o p\u00eandulo e deixar que este rasgue a amostra.<\/p>\n<\/li>\n<li data-start=\"2879\" data-end=\"2981\">\n<p data-start=\"2882\" data-end=\"2981\"><strong data-start=\"2882\" data-end=\"2902\">Registo de resultados<\/strong> - A energia necess\u00e1ria \u00e9 apresentada e registada automaticamente pelo sistema.<\/p>\n<div class=\"ast-oembed-container\" style=\"height: 100%;\"><iframe title=\"Como realizar o teste de rasgo Elmendort em amostra de filme pl\u00e1stico\" width=\"500\" height=\"281\" src=\"https:\/\/www.youtube.com\/embed\/oo5j21g_thM?feature=oembed\" frameborder=\"0\" allow=\"accelerometer; autoplay; clipboard-write; encrypted-media; gyroscope; picture-in-picture; web-share\" referrerpolicy=\"strict-origin-when-cross-origin\" allowfullscreen><\/iframe><\/div>\n<\/li>\n<\/ol>\n<h2 data-start=\"2983\" data-end=\"3021\">Equipamento<\/h2>\n<p data-start=\"3023\" data-end=\"3252\">Para obter resultados exactos e consistentes, \u00e9 necess\u00e1rio um <strong data-start=\"3071\" data-end=\"3086\">\u00a0testador<\/strong> \u00e9 essencial. O <strong data-start=\"3105\" data-end=\"3144\">Instrumentos de C\u00e9lula <a href=\"https:\/\/www.celtec.cn\/productinfo\/1973783.html\" target=\"_blank\" rel=\"noopener nofollow\">SLD-01 <\/a><\/strong>\u00e9 uma op\u00e7\u00e3o de elevado desempenho concebida para <strong data-start=\"3189\" data-end=\"3215\">Ensaio de rutura Elmendorf<\/strong> em conformidade com a norma ASTM.<\/p>\n<p><img fetchpriority=\"high\" decoding=\"async\" class=\"wp-image-7313 alignright\" src=\"https:\/\/www.qualitester.com\/wp-content\/uploads\/2025\/07\/tear-tester-1_11zon-300x300.webp\" alt=\"teste de l\u00e1grimas de elmendorf\" width=\"270\" height=\"270\" srcset=\"https:\/\/www.qualitester.com\/wp-content\/uploads\/2025\/07\/tear-tester-1_11zon-300x300.webp 300w, https:\/\/www.qualitester.com\/wp-content\/uploads\/2025\/07\/tear-tester-1_11zon-1024x1024.webp 1024w, https:\/\/www.qualitester.com\/wp-content\/uploads\/2025\/07\/tear-tester-1_11zon-150x150.webp 150w, https:\/\/www.qualitester.com\/wp-content\/uploads\/2025\/07\/tear-tester-1_11zon-768x768.webp 768w, https:\/\/www.qualitester.com\/wp-content\/uploads\/2025\/07\/tear-tester-1_11zon-1536x1536.webp 1536w, https:\/\/www.qualitester.com\/wp-content\/uploads\/2025\/07\/tear-tester-1_11zon-12x12.webp 12w, https:\/\/www.qualitester.com\/wp-content\/uploads\/2025\/07\/tear-tester-1_11zon-600x600.webp 600w, https:\/\/www.qualitester.com\/wp-content\/uploads\/2025\/07\/tear-tester-1_11zon-100x100.webp 100w, https:\/\/www.qualitester.com\/wp-content\/uploads\/2025\/07\/tear-tester-1_11zon.webp 1840w\" sizes=\"(max-width: 270px) 100vw, 270px\" \/><\/p>\n<ul data-start=\"3294\" data-end=\"3645\">\n<li data-start=\"3294\" data-end=\"3340\">\n<p data-start=\"3296\" data-end=\"3340\"><strong data-start=\"3296\" data-end=\"3340\">Em conformidade com as normas ASTM D1922 e ISO 6383-2<\/strong><\/p>\n<\/li>\n<li data-start=\"3341\" data-end=\"3404\">\n<p data-start=\"3343\" data-end=\"3404\"><strong data-start=\"3343\" data-end=\"3378\">Controlo PLC e ecr\u00e3 t\u00e1til HMI<\/strong> para um funcionamento intuitivo<\/p>\n<\/li>\n<li data-start=\"3405\" data-end=\"3485\">\n<p data-start=\"3407\" data-end=\"3485\"><strong data-start=\"3407\" data-end=\"3460\">Desbloqueio autom\u00e1tico do p\u00eandulo e fixa\u00e7\u00e3o pneum\u00e1tica<\/strong> para resultados repet\u00edveis<\/p>\n<\/li>\n<li data-start=\"3486\" data-end=\"3565\">\n<p data-start=\"3488\" data-end=\"3565\"><strong data-start=\"3488\" data-end=\"3512\">Estat\u00edsticas autom\u00e1ticas de dados<\/strong> com relat\u00f3rios em tempo real e microimpressora opcional<\/p>\n<\/li>\n<li data-start=\"3566\" data-end=\"3645\">\n<p data-start=\"3568\" data-end=\"3645\"><strong data-start=\"3568\" data-end=\"3588\">Ampla gama de testes<\/strong> adequado para papel, pel\u00edcula, folha de alum\u00ednio e materiais n\u00e3o tecidos<\/p>\n<\/li>\n<\/ul>\n<p data-start=\"3647\" data-end=\"3793\">Este aparelho de teste de rutura \u00e9 particularmente \u00fatil para profissionais de controlo de qualidade em laborat\u00f3rios de embalagem, impress\u00e3o, produ\u00e7\u00e3o de pel\u00edculas e investiga\u00e7\u00e3o de materiais.<\/p>\n<h2 data-start=\"3795\" data-end=\"3828\">Aplica\u00e7\u00f5es<\/h2>\n<p data-start=\"3830\" data-end=\"3982\">O <strong data-start=\"3834\" data-end=\"3857\">M\u00e9todo Elmendorf <\/strong>\u00e9 indispens\u00e1vel para avaliar a adequa\u00e7\u00e3o dos materiais em sectores em que a resist\u00eancia ao rasgamento tem impacto no desempenho e na seguran\u00e7a:<\/p>\n<ul data-start=\"3984\" data-end=\"4366\">\n<li data-start=\"3984\" data-end=\"4081\">\n<p data-start=\"3986\" data-end=\"4081\"><strong data-start=\"3986\" data-end=\"4008\">Embalagens flex\u00edveis<\/strong> - Garante que as pel\u00edculas de pl\u00e1stico n\u00e3o se rompem durante o transporte ou a selagem<\/p>\n<\/li>\n<li data-start=\"4082\" data-end=\"4180\">\n<p data-start=\"4084\" data-end=\"4180\"><strong data-start=\"4084\" data-end=\"4115\">M\u00e9dico e farmac\u00eautico<\/strong> - Valida a resist\u00eancia da pel\u00edcula em embalagens blister, bolsas e inv\u00f3lucros<\/p>\n<\/li>\n<li data-start=\"4181\" data-end=\"4274\">\n<p data-start=\"4183\" data-end=\"4274\"><strong data-start=\"4183\" data-end=\"4218\">Ind\u00fastrias t\u00eaxteis e de n\u00e3o-tecidos<\/strong> - Mede a durabilidade dos tecidos e produtos de higiene<\/p>\n<\/li>\n<li data-start=\"4275\" data-end=\"4366\">\n<p data-start=\"4277\" data-end=\"4366\"><strong data-start=\"4277\" data-end=\"4299\">Papel e impress\u00e3o<\/strong> - Determina a resist\u00eancia ao rasgamento do papel revestido e laminado<\/p>\n<\/li>\n<\/ul>\n<h2 data-start=\"4368\" data-end=\"4396\">\u00a0Sugest\u00f5es de testes exactos<\/h2>\n<p data-start=\"4398\" data-end=\"4495\">Para manter a exatid\u00e3o e a reprodutibilidade das suas<strong>teste<\/strong>, Considere o seguinte:<\/p>\n<ul data-start=\"4497\" data-end=\"4822\">\n<li data-start=\"4497\" data-end=\"4560\">\n<p data-start=\"4499\" data-end=\"4560\">Utilizar esp\u00e9cimes de espessura consistente e isentos de defeitos<\/p>\n<\/li>\n<li data-start=\"4561\" data-end=\"4617\">\n<p data-start=\"4563\" data-end=\"4617\">Assegurar que os rolamentos do p\u00eandulo est\u00e3o limpos e sem fric\u00e7\u00e3o<\/p>\n<\/li>\n<li data-start=\"4618\" data-end=\"4679\">\n<p data-start=\"4620\" data-end=\"4679\">Efetuar calibra\u00e7\u00f5es regulares utilizando pesos de controlo certificados<\/p>\n<\/li>\n<li data-start=\"4680\" data-end=\"4737\">\n<p data-start=\"4682\" data-end=\"4737\">Seguir as diretrizes ASTM para o condicionamento ambiental<\/p>\n<\/li>\n<li data-start=\"4738\" data-end=\"4822\">\n<p data-start=\"4740\" data-end=\"4822\">Amostras de ensaio nas direc\u00e7\u00f5es da m\u00e1quina e transversal para materiais anisotr\u00f3picos<\/p>\n<\/li>\n<\/ul>\n<h2 data-start=\"4824\" data-end=\"4873\">Conclus\u00e3o<\/h2>\n<p data-start=\"4875\" data-end=\"5123\">O <strong data-start=\"4879\" data-end=\"4902\">Teste de lacrimejamento Elmendorf<\/strong> oferece uma forma simples mas poderosa de quantificar o <strong data-start=\"4952\" data-end=\"4969\">resist\u00eancia ao rasgamento<\/strong> de materiais finos sob tens\u00e3o din\u00e2mica. Ao aderir a <strong data-start=\"5025\" data-end=\"5039\">Norma ASTM D1922<\/strong>, Os fabricantes e investigadores podem avaliar o desempenho dos materiais com confian\u00e7a.<\/p>\n<p data-start=\"5125\" data-end=\"5325\">Para quem procura um equipamento fi\u00e1vel e compat\u00edvel, o <strong data-start=\"5181\" data-end=\"5203\">Testador de rasgo SLD-01<\/strong> de <strong data-start=\"5209\" data-end=\"5229\">Instrumentos de C\u00e9lula<\/strong> fornece resultados precisos e repet\u00edveis que apoiam as necessidades de I&amp;D, produ\u00e7\u00e3o e garantia de qualidade.<\/p>","protected":false},"excerpt":{"rendered":"<p>Teste de rasgo Elmendorf O teste de rasgo Elmendorf \u00e9 um m\u00e9todo amplamente adotado para avaliar a resist\u00eancia ao rasgo de pel\u00edculas de pl\u00e1stico, papel e outros materiais de folha fina. Desempenha um papel fundamental na avalia\u00e7\u00e3o da durabilidade e da resist\u00eancia mec\u00e2nica de materiais flex\u00edveis utilizados em embalagens, aplica\u00e7\u00f5es m\u00e9dicas, t\u00eaxteis e industriais. Este teste, normalizado pela norma ASTM D1922, ...<\/p>\n<p class=\"read-more\"> <a class=\"\" href=\"https:\/\/www.qualitester.com\/pt\/applications\/elmendorf-tear-test\/\"> <span class=\"screen-reader-text\">Teste de rasgo Elmendorf: Um m\u00e9todo fi\u00e1vel para avaliar a resist\u00eancia ao rasgamento em materiais flex\u00edveis<\/span> Ler mais \"<\/a><\/p>","protected":false},"author":3,"featured_media":0,"parent":6794,"menu_order":0,"comment_status":"closed","ping_status":"closed","template":"","meta":{"site-sidebar-layout":"default","site-content-layout":"default","ast-global-header-display":"","ast-main-header-display":"","ast-hfb-above-header-display":"","ast-hfb-below-header-display":"","ast-hfb-mobile-header-display":"","site-post-title":"","ast-breadcrumbs-content":"","ast-featured-img":"","footer-sml-layout":"","theme-transparent-header-meta":"default","adv-header-id-meta":"","stick-header-meta":"","header-above-stick-meta":"","header-main-stick-meta":"","header-below-stick-meta":"","footnotes":""},"class_list":["post-7309","page","type-page","status-publish","hentry"],"_links":{"self":[{"href":"https:\/\/www.qualitester.com\/pt\/wp-json\/wp\/v2\/pages\/7309","targetHints":{"allow":["GET"]}}],"collection":[{"href":"https:\/\/www.qualitester.com\/pt\/wp-json\/wp\/v2\/pages"}],"about":[{"href":"https:\/\/www.qualitester.com\/pt\/wp-json\/wp\/v2\/types\/page"}],"author":[{"embeddable":true,"href":"https:\/\/www.qualitester.com\/pt\/wp-json\/wp\/v2\/users\/3"}],"replies":[{"embeddable":true,"href":"https:\/\/www.qualitester.com\/pt\/wp-json\/wp\/v2\/comments?post=7309"}],"version-history":[{"count":0,"href":"https:\/\/www.qualitester.com\/pt\/wp-json\/wp\/v2\/pages\/7309\/revisions"}],"up":[{"embeddable":true,"href":"https:\/\/www.qualitester.com\/pt\/wp-json\/wp\/v2\/pages\/6794"}],"wp:attachment":[{"href":"https:\/\/www.qualitester.com\/pt\/wp-json\/wp\/v2\/media?parent=7309"}],"curies":[{"name":"wp","href":"https:\/\/api.w.org\/{rel}","templated":true}]}}