{"id":6928,"date":"2025-07-15T16:28:36","date_gmt":"2025-07-15T08:28:36","guid":{"rendered":"https:\/\/www.qualitester.com\/?page_id=6928"},"modified":"2025-07-23T13:53:20","modified_gmt":"2025-07-23T05:53:20","slug":"astm-d6195-2","status":"publish","type":"page","link":"https:\/\/www.qualitester.com\/pt\/standards\/astm-d6195-2\/","title":{"rendered":"ASTM D6195"},"content":{"rendered":"<h1 style=\"text-align: center;\" data-start=\"381\" data-end=\"855\">ASTM D6195<br \/>\nM\u00e9todo de ensaio de ader\u00eancia do la\u00e7o<\/h1>\n<p data-start=\"542\" data-end=\"1040\">Para os fabricantes de colas sens\u00edveis \u00e0 press\u00e3o (PSA), conseguir uma forte ader\u00eancia inicial \u00e9 fundamental - especialmente em embalagens de alta velocidade, fitas m\u00e9dicas, etiquetas e pel\u00edculas industriais. O <a href=\"https:\/\/www.qualitester.com\/pt\/standards\/astm-d6195\/\" target=\"_blank\" rel=\"noopener\"><strong data-start=\"727\" data-end=\"741\">ASTM D6195<\/strong> <\/a>oferece uma abordagem normalizada para avaliar este comportamento de \u201cader\u00eancia r\u00e1pida\u201d. Especificamente concebido para quantificar o grau de ader\u00eancia de um adesivo sob uma press\u00e3o m\u00ednima e um curto tempo de contacto, o teste de ader\u00eancia em loop descrito na norma ASTM D6195 \u00e9 essencial para o desenvolvimento de produtos e para o controlo de qualidade.<\/p>\n<p data-start=\"1042\" data-end=\"1352\">Utilizar um <strong data-start=\"1060\" data-end=\"1080\">teste de ader\u00eancia de la\u00e7os<\/strong>-como o LTT-01 da<a href=\"https:\/\/www.celtec.cn\" target=\"_blank\" rel=\"noopener nofollow\"> Instrumentos de C\u00e9lula<\/a>-garante a exatid\u00e3o, a repetibilidade e a conformidade com as normas internacionais. Neste artigo, explicamos a norma ASTM D6195, detalhamos o procedimento de teste e exploramos a raz\u00e3o pela qual a ader\u00eancia do la\u00e7o \u00e9 importante na avalia\u00e7\u00e3o do desempenho da cola.<\/p>\n<h2 data-start=\"1095\" data-end=\"1451\">M\u00e9todo de ensaio de ader\u00eancia do la\u00e7o e teste de ader\u00eancia do la\u00e7o na norma ASTM D6195<\/h2>\n<p data-start=\"1421\" data-end=\"1651\">O <strong data-start=\"1425\" data-end=\"1450\">m\u00e9todo de ensaio de ader\u00eancia em anel<\/strong>, A for\u00e7a de pico, definida na norma ASTM D6195, mede a for\u00e7a de pico necess\u00e1ria para separar um la\u00e7o de fita adesiva de uma superf\u00edcie normalizada, ap\u00f3s um contacto moment\u00e2neo. Existem dois m\u00e9todos oficiais segundo esta norma:<\/p>\n<ul data-start=\"1653\" data-end=\"1846\">\n<li data-start=\"1653\" data-end=\"1740\">\n<p data-start=\"1655\" data-end=\"1740\"><strong data-start=\"1655\" data-end=\"1667\">M\u00e9todo A<\/strong>: Efectuado num aparelho de ensaio de tra\u00e7\u00e3o universal com uma fita adesiva de 7 polegadas<\/p>\n<\/li>\n<li data-start=\"1741\" data-end=\"1846\">\n<p data-start=\"1743\" data-end=\"1846\"><strong data-start=\"1743\" data-end=\"1755\">M\u00e9todo B<\/strong>: Utiliza um <strong data-start=\"1774\" data-end=\"1794\">teste de ader\u00eancia de la\u00e7os<\/strong> com uma tira de 5 polegadas para aplica\u00e7\u00f5es de controlo de qualidade simplificadas<\/p>\n<\/li>\n<\/ul>\n<p data-start=\"1848\" data-end=\"2142\">Em ambos os casos, a amostra adesiva \u00e9 formada por um la\u00e7o e colocada em contacto com um <strong data-start=\"1937\" data-end=\"1967\">painel de teste em a\u00e7o inoxid\u00e1vel<\/strong>. O <strong data-start=\"1973\" data-end=\"2007\">for\u00e7a m\u00e1xima necess\u00e1ria para descascar<\/strong> o la\u00e7o adesivo da superf\u00edcie \u00e9 registado como o <em data-start=\"2062\" data-end=\"2079\">valor do remate do la\u00e7o<\/em>-um indicador direto da for\u00e7a de liga\u00e7\u00e3o inicial do adesivo.<\/p>\n<h2 data-start=\"2075\" data-end=\"2354\">Guia passo-a-passo para o ensaio de ader\u00eancia de la\u00e7os ASTM D6195<\/h2>\n<p data-start=\"2205\" data-end=\"2327\">Para garantir resultados consistentes e fi\u00e1veis da ader\u00eancia do la\u00e7o, \u00e9 crucial seguir o procedimento padr\u00e3o descrito na norma ASTM D6195:<\/p>\n<p><strong data-start=\"2329\" data-end=\"2354\">1. Prepara\u00e7\u00e3o da amostra<\/strong><\/p>\n<ul>\n<li data-start=\"2357\" data-end=\"2431\">\n<p data-start=\"2359\" data-end=\"2431\">Corte tr\u00eas tiras de adesivo, cada uma com <strong data-start=\"2401\" data-end=\"2419\">25 mm \u00d7 125 mm<\/strong> (1\u2033 \u00d7 5\u2033)<\/p>\n<\/li>\n<li data-start=\"2432\" data-end=\"2537\">\n<p data-start=\"2434\" data-end=\"2537\">Se o adesivo n\u00e3o tiver suporte (por exemplo, fitas de transfer\u00eancia), laminar em pel\u00edcula PET de 2 mil\u00edmetros antes de cortar<\/p>\n<\/li>\n<li data-start=\"2538\" data-end=\"2619\">\n<p data-start=\"2540\" data-end=\"2619\">Condicionar todas as amostras a <strong data-start=\"2565\" data-end=\"2578\">23 \u00b1 2 \u00b0C<\/strong> e <strong data-start=\"2583\" data-end=\"2597\">50 \u00b1 5% RH<\/strong> durante pelo menos 24 horas<\/p>\n<\/li>\n<\/ul>\n<figure id=\"attachment_6978\" aria-describedby=\"caption-attachment-6978\" style=\"width: 298px\" class=\"wp-caption alignright\"><a href=\"http:\/\/https:\/\/www.celtec.cn\" rel=\"nofollow\"><img fetchpriority=\"high\" decoding=\"async\" class=\"wp-image-6978\" src=\"https:\/\/www.qualitester.com\/wp-content\/uploads\/2025\/07\/3.Loop-Tack-Tester-01-q_11zon-300x300.webp\" alt=\"O Loop Tack Tester corresponde \u00e0 norma ASTM D6195\" width=\"298\" height=\"298\" srcset=\"https:\/\/www.qualitester.com\/wp-content\/uploads\/2025\/07\/3.Loop-Tack-Tester-01-q_11zon-300x300.webp 300w, https:\/\/www.qualitester.com\/wp-content\/uploads\/2025\/07\/3.Loop-Tack-Tester-01-q_11zon-1024x1024.webp 1024w, https:\/\/www.qualitester.com\/wp-content\/uploads\/2025\/07\/3.Loop-Tack-Tester-01-q_11zon-150x150.webp 150w, https:\/\/www.qualitester.com\/wp-content\/uploads\/2025\/07\/3.Loop-Tack-Tester-01-q_11zon-768x768.webp 768w, https:\/\/www.qualitester.com\/wp-content\/uploads\/2025\/07\/3.Loop-Tack-Tester-01-q_11zon-12x12.webp 12w, https:\/\/www.qualitester.com\/wp-content\/uploads\/2025\/07\/3.Loop-Tack-Tester-01-q_11zon-600x600.webp 600w, https:\/\/www.qualitester.com\/wp-content\/uploads\/2025\/07\/3.Loop-Tack-Tester-01-q_11zon-100x100.webp 100w, https:\/\/www.qualitester.com\/wp-content\/uploads\/2025\/07\/3.Loop-Tack-Tester-01-q_11zon.webp 1080w\" sizes=\"(max-width: 298px) 100vw, 298px\" \/><\/a><figcaption id=\"caption-attachment-6978\" class=\"wp-caption-text\">O Loop Tack Tester corresponde \u00e0 norma ASTM D6195<\/figcaption><\/figure>\n<p data-start=\"2540\" data-end=\"2619\"><strong data-start=\"2621\" data-end=\"2644\">2. Limpeza da superf\u00edcie<\/strong><\/p>\n<ul>\n<li data-start=\"2647\" data-end=\"2722\">\n<p data-start=\"2649\" data-end=\"2722\">Limpar o painel de ensaio em a\u00e7o inoxid\u00e1vel utilizando <strong data-start=\"2692\" data-end=\"2703\">acetona<\/strong> ou <strong data-start=\"2707\" data-end=\"2720\">n-heptano<\/strong><\/p>\n<\/li>\n<li data-start=\"2723\" data-end=\"2800\">\n<p data-start=\"2725\" data-end=\"2800\">Utiliza\u00e7\u00e3o <strong data-start=\"2729\" data-end=\"2748\">toalhetes sem pelo<\/strong> e verificar a limpeza utilizando um <strong data-start=\"2780\" data-end=\"2800\">ensaio de rutura de \u00e1gua<\/strong><\/p>\n<\/li>\n<\/ul>\n<p><strong data-start=\"2802\" data-end=\"2823\">3. Forma\u00e7\u00e3o de la\u00e7os<\/strong><\/p>\n<ul>\n<li data-start=\"2826\" data-end=\"2902\">\n<p data-start=\"2828\" data-end=\"2902\">Dobre suavemente cada tira sobre si mesma para formar uma <strong data-start=\"2876\" data-end=\"2900\">la\u00e7o em forma de l\u00e1grima<\/strong><\/p>\n<\/li>\n<li data-start=\"2903\" data-end=\"2991\">\n<p data-start=\"2905\" data-end=\"2991\">Utiliza\u00e7\u00e3o <strong data-start=\"2909\" data-end=\"2932\">Fita adesiva de 1 polegada<\/strong> para fixar as extremidades sem contaminar a zona de colagem<\/p>\n<\/li>\n<\/ul>\n<p><strong data-start=\"2993\" data-end=\"3014\">4. Execu\u00e7\u00e3o do teste<\/strong><\/p>\n<ul>\n<li data-start=\"3017\" data-end=\"3095\">\n<p data-start=\"3019\" data-end=\"3095\">Introduzir as extremidades com fita adesiva na <strong data-start=\"3050\" data-end=\"3065\">bra\u00e7adeira superior<\/strong> do <strong data-start=\"3073\" data-end=\"3093\">teste de ader\u00eancia de la\u00e7os<\/strong><\/p>\n<\/li>\n<li data-start=\"3096\" data-end=\"3168\">\n<p data-start=\"3098\" data-end=\"3168\">Baixe o la\u00e7o sobre uma superf\u00edcie de ensaio em a\u00e7o de 1 pol\u00b2 a uma velocidade controlada<\/p>\n<\/li>\n<li data-start=\"3169\" data-end=\"3244\">\n<p data-start=\"3171\" data-end=\"3244\">Inverter a dire\u00e7\u00e3o e <strong data-start=\"3193\" data-end=\"3218\">registar a for\u00e7a de pico<\/strong> necess\u00e1rio para retirar o la\u00e7o<\/p>\n<\/li>\n<\/ul>\n<p><strong data-start=\"3246\" data-end=\"3281\">5. Recolha e an\u00e1lise de dados<\/strong><\/p>\n<ul data-start=\"3284\" data-end=\"3482\">\n<li data-start=\"3284\" data-end=\"3349\">\n<p data-start=\"3286\" data-end=\"3349\">Capturar o <strong data-start=\"3298\" data-end=\"3326\">for\u00e7a m\u00e1xima de separa\u00e7\u00e3o<\/strong> em newtons ou libras<\/p>\n<\/li>\n<li data-start=\"3350\" data-end=\"3424\">\n<p data-start=\"3352\" data-end=\"3424\">Registar o <strong data-start=\"3363\" data-end=\"3379\">modo de falha<\/strong> (ades\u00e3o, coes\u00e3o ou transfer\u00eancia adesiva)<\/p>\n<\/li>\n<li data-start=\"3425\" data-end=\"3482\">\n<p data-start=\"3427\" data-end=\"3482\">Repetir para todas as amostras para garantir a confian\u00e7a estat\u00edstica<\/p>\n<\/li>\n<\/ul>\n<div class=\"ast-oembed-container\" style=\"height: 100%;\"><iframe title=\"Ensaio de ader\u00eancia em la\u00e7o de acordo com ASTM D6195, PSTC-16, FINAT n.o 9.\" width=\"500\" height=\"281\" src=\"https:\/\/www.youtube.com\/embed\/L1HbDnq-LxQ?feature=oembed\" frameborder=\"0\" allow=\"accelerometer; autoplay; clipboard-write; encrypted-media; gyroscope; picture-in-picture; web-share\" referrerpolicy=\"strict-origin-when-cross-origin\" allowfullscreen><\/iframe><\/div>\n<h2 data-start=\"3720\" data-end=\"3976\">Aplica\u00e7\u00f5es e import\u00e2ncia da ASTM D6195 em todos os sectores<\/h2>\n<p data-start=\"3554\" data-end=\"3646\">O <strong data-start=\"3558\" data-end=\"3572\">ASTM D6195<\/strong> O ensaio de ader\u00eancia em anel \u00e9 amplamente adotado em sectores que dependem do desempenho do PSA:<\/p>\n<ul data-start=\"3648\" data-end=\"3987\">\n<li data-start=\"3648\" data-end=\"3715\">\n<p data-start=\"3650\" data-end=\"3715\"><strong data-start=\"3650\" data-end=\"3663\">Embalagem<\/strong>: Verifica a ader\u00eancia r\u00e1pida das fitas de selagem e de agrupamento<\/p>\n<\/li>\n<li data-start=\"3716\" data-end=\"3811\">\n<p data-start=\"3718\" data-end=\"3811\"><strong data-start=\"3718\" data-end=\"3729\">M\u00e9dico<\/strong>: Confirma uma liga\u00e7\u00e3o suave mas imediata em pensos para feridas e adesivos para el\u00e9ctrodos<\/p>\n<\/li>\n<li data-start=\"3812\" data-end=\"3897\">\n<p data-start=\"3814\" data-end=\"3897\"><strong data-start=\"3814\" data-end=\"3829\">Eletr\u00f4nica<\/strong>: Assegura uma ader\u00eancia segura em etiquetas, membranas ou liga\u00e7\u00f5es tempor\u00e1rias<\/p>\n<\/li>\n<li data-start=\"3898\" data-end=\"3987\">\n<p data-start=\"3900\" data-end=\"3987\"><strong data-start=\"3900\" data-end=\"3923\">T\u00eaxtil e vestu\u00e1rio<\/strong>: Avalia etiquetas amov\u00edveis ou carater\u00edsticas de design sens\u00edveis \u00e0 press\u00e3o<\/p>\n<\/li>\n<\/ul>\n<p data-start=\"3989\" data-end=\"4180\">Ao medir o <em data-start=\"4006\" data-end=\"4017\">prego de la\u00e7o<\/em>, Com a ajuda de um sistema de gest\u00e3o de qualidade, os fabricantes podem comparar formula\u00e7\u00f5es, ajustar pesos de revestimento e otimizar tratamentos de superf\u00edcie - resultando em produtos adesivos mais fi\u00e1veis e de elevado desempenho.<\/p>\n<h2 data-start=\"4238\" data-end=\"4279\">Melhorar a precis\u00e3o dos testes com o testador de la\u00e7os da Cell Instruments<\/h2>\n<p data-start=\"4259\" data-end=\"4452\">Para laborat\u00f3rios e ambientes de produ\u00e7\u00e3o, usar um <strong data-start=\"4305\" data-end=\"4335\">teste de ader\u00eancia de la\u00e7o dedicado<\/strong>-como o <strong data-start=\"4348\" data-end=\"4380\">LTT-01 de<a href=\"https:\/\/www.celtec.cn\" rel=\"nofollow noopener\" target=\"_blank\"> Instrumentos de C\u00e9lula<\/a><\/strong>-garante o pleno cumprimento de <strong data-start=\"4410\" data-end=\"4433\">ASTM D6195 M\u00e9todo B<\/strong>. As carater\u00edsticas incluem:<\/p>\n<ul data-start=\"4454\" data-end=\"4772\">\n<li data-start=\"4454\" data-end=\"4511\">\n<p data-start=\"4456\" data-end=\"4511\"><strong data-start=\"4456\" data-end=\"4485\">Medi\u00e7\u00e3o digital da for\u00e7a<\/strong> com uma resolu\u00e7\u00e3o de 0,001 N<\/p>\n<\/li>\n<li data-start=\"4512\" data-end=\"4564\">\n<p data-start=\"4514\" data-end=\"4564\"><strong data-start=\"4514\" data-end=\"4544\">Controlo de velocidade program\u00e1vel<\/strong> de 1-500 mm\/min<\/p>\n<\/li>\n<li data-start=\"4565\" data-end=\"4630\">\n<p data-start=\"4567\" data-end=\"4630\"><strong data-start=\"4567\" data-end=\"4605\">Chapa de a\u00e7o inoxid\u00e1vel normalizada<\/strong> para um contacto constante<\/p>\n<\/li>\n<li data-start=\"4631\" data-end=\"4704\">\n<p data-start=\"4633\" data-end=\"4704\"><strong data-start=\"4633\" data-end=\"4675\">Interface de ecr\u00e3 t\u00e1til e microimpressora<\/strong> para recolha de dados em tempo real<\/p>\n<\/li>\n<li data-start=\"4705\" data-end=\"4772\">\n<p data-start=\"4707\" data-end=\"4772\"><strong data-start=\"4707\" data-end=\"4740\">Integra\u00e7\u00e3o de software opcional<\/strong> para an\u00e1lise e arquivo de testes<\/p>\n<\/li>\n<\/ul>\n<p data-start=\"4774\" data-end=\"4983\">O LTT-01 \u00e9 especialmente adequado para fabricantes que trabalham com <strong data-start=\"4839\" data-end=\"4868\">etiquetas sens\u00edveis \u00e0 press\u00e3o<\/strong>, <strong data-start=\"4870\" data-end=\"4887\">fitas m\u00e9dicas<\/strong>, e <strong data-start=\"4893\" data-end=\"4924\">pel\u00edculas de prote\u00e7\u00e3o industrial<\/strong>, em que o desempenho da ader\u00eancia do la\u00e7o determina a usabilidade do produto.<\/p>\n<h3 data-start=\"4617\" data-end=\"4644\">Conclus\u00e3o<\/h3>\n<p data-start=\"5006\" data-end=\"5291\">O <a href=\"https:\/\/www.qualitester.com\/pt\/standards\/astm-d6195\/\" target=\"_blank\" rel=\"noopener\"><strong data-start=\"5010\" data-end=\"5024\">ASTM D6195<\/strong><\/a> oferece um m\u00e9todo preciso e repet\u00edvel para avaliar a <strong data-start=\"5086\" data-end=\"5114\">desempenho inicial de ader\u00eancia<\/strong> de adesivos sens\u00edveis \u00e0 press\u00e3o. Quer sejam utilizadas em embalagens de alta velocidade, ambientes cl\u00ednicos ou eletr\u00f3nica, <strong data-start=\"5225\" data-end=\"5246\">ensaio de ader\u00eancia do la\u00e7o<\/strong> garante que as colas satisfazem as exig\u00eancias da aplica\u00e7\u00e3o.<\/p>\n<p data-start=\"5293\" data-end=\"5594\">Utilizar um profissional<a href=\"https:\/\/www.qualitester.com\/pt\/produto\/sale-tape-loop-tack-testing-machine\/\" target=\"_blank\" rel=\"noopener\"> <strong data-start=\"5318\" data-end=\"5338\">teste de ader\u00eancia de la\u00e7os<\/strong><\/a> O LTT-01 da Like Cell Instruments assegura a conformidade, a consist\u00eancia e os dados acion\u00e1veis para a otimiza\u00e7\u00e3o do produto e o controlo da qualidade. Para as empresas que levam a s\u00e9rio a fiabilidade dos adesivos, a integra\u00e7\u00e3o da norma ASTM D6195 no processo de controlo de qualidade \u00e9 um investimento inteligente e escal\u00e1vel.<\/p>","protected":false},"excerpt":{"rendered":"<p>M\u00e9todo de teste de ader\u00eancia de la\u00e7o ASTM D6195 Para os fabricantes de adesivos sens\u00edveis \u00e0 press\u00e3o (PSAs), \u00e9 fundamental obter uma forte ader\u00eancia inicial - especialmente em embalagens de alta velocidade, fitas m\u00e9dicas, etiquetas e pel\u00edculas industriais. O m\u00e9todo de teste ASTM D6195 oferece uma abordagem padronizada para avaliar este comportamento de \u201cader\u00eancia r\u00e1pida\u201d. Especificamente concebido para quantificar o grau de ader\u00eancia de um adesivo sob uma press\u00e3o m\u00ednima e ...<\/p>\n<p class=\"read-more\"> <a class=\"\" href=\"https:\/\/www.qualitester.com\/pt\/standards\/astm-d6195-2\/\"> <span class=\"screen-reader-text\">ASTM D6195<\/span> Ler mais \"<\/a><\/p>","protected":false},"author":3,"featured_media":0,"parent":4948,"menu_order":0,"comment_status":"closed","ping_status":"closed","template":"","meta":{"site-sidebar-layout":"default","site-content-layout":"default","ast-global-header-display":"","ast-main-header-display":"","ast-hfb-above-header-display":"","ast-hfb-below-header-display":"","ast-hfb-mobile-header-display":"","site-post-title":"","ast-breadcrumbs-content":"","ast-featured-img":"","footer-sml-layout":"","theme-transparent-header-meta":"default","adv-header-id-meta":"","stick-header-meta":"","header-above-stick-meta":"","header-main-stick-meta":"","header-below-stick-meta":"","footnotes":""},"class_list":["post-6928","page","type-page","status-publish","hentry"],"_links":{"self":[{"href":"https:\/\/www.qualitester.com\/pt\/wp-json\/wp\/v2\/pages\/6928","targetHints":{"allow":["GET"]}}],"collection":[{"href":"https:\/\/www.qualitester.com\/pt\/wp-json\/wp\/v2\/pages"}],"about":[{"href":"https:\/\/www.qualitester.com\/pt\/wp-json\/wp\/v2\/types\/page"}],"author":[{"embeddable":true,"href":"https:\/\/www.qualitester.com\/pt\/wp-json\/wp\/v2\/users\/3"}],"replies":[{"embeddable":true,"href":"https:\/\/www.qualitester.com\/pt\/wp-json\/wp\/v2\/comments?post=6928"}],"version-history":[{"count":0,"href":"https:\/\/www.qualitester.com\/pt\/wp-json\/wp\/v2\/pages\/6928\/revisions"}],"up":[{"embeddable":true,"href":"https:\/\/www.qualitester.com\/pt\/wp-json\/wp\/v2\/pages\/4948"}],"wp:attachment":[{"href":"https:\/\/www.qualitester.com\/pt\/wp-json\/wp\/v2\/media?parent=6928"}],"curies":[{"name":"wp","href":"https:\/\/api.w.org\/{rel}","templated":true}]}}