{"id":6648,"date":"2025-05-09T11:42:03","date_gmt":"2025-05-09T03:42:03","guid":{"rendered":"https:\/\/www.qualitester.com\/?page_id=6648"},"modified":"2025-11-13T09:38:29","modified_gmt":"2025-11-13T01:38:29","slug":"iso-7886-1","status":"publish","type":"page","link":"https:\/\/www.qualitester.com\/pt\/standards\/iso-7886-1\/","title":{"rendered":"Norma ISO 7886-1"},"content":{"rendered":"<h1 style=\"text-align: center;\" data-start=\"370\" data-end=\"882\"><small>Norma ISO 7886-1<\/small><\/h1>\n<h1 style=\"text-align: center;\" data-start=\"370\" data-end=\"882\"><small>Teste da seringa hipod\u00e9rmica<\/small><\/h1>\n<p class=\"\" data-start=\"370\" data-end=\"882\">O <strong data-start=\"349\" data-end=\"363\">Norma ISO 7886-1<\/strong> A norma define os requisitos de desempenho e seguran\u00e7a para <em data-start=\"425\" data-end=\"446\">seringas hipod\u00e9rmicas<\/em> destinados a uma \u00fanica utiliza\u00e7\u00e3o, salientando aspectos como <em data-start=\"497\" data-end=\"514\">resist\u00eancia a fugas<\/em>, <em data-start=\"516\" data-end=\"528\">espa\u00e7o morto<\/em>, e <em data-start=\"534\" data-end=\"547\">for\u00e7a de deslizamento<\/em>. Os fabricantes e as equipas de garantia de qualidade t\u00eam de compreender os procedimentos de teste descritos na norma ISO 7886-1 para garantir a conformidade do produto e a seguran\u00e7a dos doentes.<\/p>\n<p class=\"\" data-start=\"1369\" data-end=\"1391\">A norma ISO 7886-1 aplica-se a:<\/p>\n<ul data-start=\"1393\" data-end=\"1559\">\n<li class=\"\" data-start=\"1393\" data-end=\"1438\">\n<p class=\"\" data-start=\"1395\" data-end=\"1438\">Seringas esterilizadas de material pl\u00e1stico.<\/p>\n<\/li>\n<li class=\"\" data-start=\"1439\" data-end=\"1523\">\n<p class=\"\" data-start=\"1441\" data-end=\"1523\">Seringas utilizadas com agulhas hipod\u00e9rmicas para inje\u00e7\u00e3o subcut\u00e2nea ou intramuscular.<\/p>\n<\/li>\n<li class=\"\" data-start=\"1524\" data-end=\"1559\">\n<p class=\"\" data-start=\"1526\" data-end=\"1559\">Seringas destinadas a uma \u00fanica utiliza\u00e7\u00e3o.<\/p>\n<\/li>\n<\/ul>\n<p class=\"\" data-start=\"1561\" data-end=\"1706\">Esta norma n\u00e3o <strong data-start=\"1580\" data-end=\"1593\">n\u00e3o se aplica<\/strong> a seringas para insulina (abrangidas pela norma ISO 8537), para uso dent\u00e1rio (abrangidas pela norma ISO 7885) ou seringas para bombas de infus\u00e3o.<\/p>\n<hr class=\"\" data-start=\"884\" data-end=\"887\" \/>\n<h2 class=\"\" data-start=\"912\" data-end=\"952\">Ensaios ISO 7886 e o seu significado<\/h2>\n<p class=\"\" data-start=\"954\" data-end=\"1117\"><strong data-start=\"954\" data-end=\"968\">Norma ISO 7886-1<\/strong> centra-se nos requisitos de desempenho e nos m\u00e9todos de ensaio para <em data-start=\"1026\" data-end=\"1047\">seringas hipod\u00e9rmicas<\/em>, nomeadamente os utilizados com ou sem agulhas. Estes testes garantem:<\/p>\n<h3 class=\"\" data-start=\"1861\" data-end=\"1895\">1. <strong data-start=\"1868\" data-end=\"1895\">Conce\u00e7\u00e3o e constru\u00e7\u00e3o<\/strong><\/h3>\n<ul data-start=\"1896\" data-end=\"2054\">\n<li class=\"\" data-start=\"1896\" data-end=\"1951\">\n<p class=\"\" data-start=\"1898\" data-end=\"1951\">Barril transparente para inspe\u00e7\u00e3o visual do conte\u00fado.<\/p>\n<\/li>\n<li class=\"\" data-start=\"1952\" data-end=\"1997\">\n<p class=\"\" data-start=\"1954\" data-end=\"1997\">Escala graduada impressa com tinta permanente.<\/p>\n<\/li>\n<li class=\"\" data-start=\"1998\" data-end=\"2054\">\n<p class=\"\" data-start=\"2000\" data-end=\"2054\">Encaixe seguro do \u00eambolo para evitar fugas ou desloca\u00e7\u00f5es.<\/p>\n<\/li>\n<\/ul>\n<h3 class=\"\" data-start=\"2056\" data-end=\"2082\">2. <strong data-start=\"2063\" data-end=\"2082\">Precis\u00e3o do volume<\/strong><\/h3>\n<ul data-start=\"2083\" data-end=\"2260\">\n<li class=\"\" data-start=\"2083\" data-end=\"2192\">\n<p class=\"\" data-start=\"2085\" data-end=\"2192\">O volume efetivamente fornecido deve corresponder ao volume nominal marcado no tambor, dentro das toler\u00e2ncias especificadas.<\/p>\n<\/li>\n<li class=\"\" data-start=\"2193\" data-end=\"2260\">\n<p class=\"\" data-start=\"2195\" data-end=\"2260\">A exatid\u00e3o \u00e9 testada a 10%, 50% e 100% da capacidade nominal.<\/p>\n<\/li>\n<\/ul>\n<h3 class=\"\" data-start=\"2262\" data-end=\"2286\">3. <strong data-start=\"2269\" data-end=\"2286\">Ensaios de fugas<\/strong><\/h3>\n<ul data-start=\"2287\" data-end=\"2457\">\n<li class=\"\" data-start=\"2287\" data-end=\"2384\">\n<p class=\"\" data-start=\"2289\" data-end=\"2384\"><strong data-start=\"2289\" data-end=\"2304\">Fuga de ar<\/strong> e <strong data-start=\"2309\" data-end=\"2327\">fuga de l\u00edquidos<\/strong> s\u00e3o testados em condi\u00e7\u00f5es definidas de press\u00e3o e volume.<\/p>\n<\/li>\n<li class=\"\" data-start=\"2385\" data-end=\"2457\">\n<p class=\"\" data-start=\"2387\" data-end=\"2457\">N\u00e3o devem ocorrer fugas vis\u00edveis do tambor ou entre componentes.<\/p>\n<\/li>\n<\/ul>\n<h3 class=\"\" data-start=\"2459\" data-end=\"2480\">4. <strong data-start=\"2466\" data-end=\"2480\">Espa\u00e7o morto<\/strong><\/h3>\n<ul data-start=\"2481\" data-end=\"2614\">\n<li class=\"\" data-start=\"2481\" data-end=\"2614\">\n<p class=\"\" data-start=\"2483\" data-end=\"2614\">O volume restante na seringa ap\u00f3s a depress\u00e3o completa do \u00eambolo n\u00e3o deve exceder o m\u00e1ximo especificado (normalmente \u2264 0,07 mL).<\/p>\n<\/li>\n<\/ul>\n<h3 class=\"\" data-start=\"2616\" data-end=\"2643\">5. <strong data-start=\"2623\" data-end=\"2643\">Fun\u00e7\u00e3o do \u00eambolo<\/strong><\/h3>\n<ul data-start=\"2644\" data-end=\"2782\">\n<li class=\"\" data-start=\"2644\" data-end=\"2708\">\n<p class=\"\" data-start=\"2646\" data-end=\"2708\">O \u00eambolo deve mover-se suavemente sem se colar ou escorregar.<\/p>\n<\/li>\n<li class=\"\" data-start=\"2709\" data-end=\"2782\">\n<p class=\"\" data-start=\"2711\" data-end=\"2782\">N\u00e3o deve haver fugas ou separa\u00e7\u00f5es sob press\u00e3o normal de funcionamento.<\/p>\n<\/li>\n<\/ul>\n<h3 class=\"\" data-start=\"2784\" data-end=\"2827\">6. <strong data-start=\"2791\" data-end=\"2827\">For\u00e7a de rutura e for\u00e7a de separa\u00e7\u00e3o<\/strong><\/h3>\n<ul data-start=\"2828\" data-end=\"2945\">\n<li class=\"\" data-start=\"2828\" data-end=\"2945\">\n<p class=\"\" data-start=\"2830\" data-end=\"2945\">A for\u00e7a m\u00e1xima necess\u00e1ria para partir o \u00eambolo ou separar os componentes n\u00e3o deve ser inferior aos limiares de seguran\u00e7a.<\/p>\n<\/li>\n<\/ul>\n<h3 class=\"\" data-start=\"2947\" data-end=\"2974\">7. <strong data-start=\"2954\" data-end=\"2974\">Biocompatibilidade<\/strong><\/h3>\n<ul data-start=\"2975\" data-end=\"3080\">\n<li class=\"\" data-start=\"2975\" data-end=\"3080\">\n<p class=\"\" data-start=\"2977\" data-end=\"3080\">Os materiais em contacto com o medicamento ou o local de inje\u00e7\u00e3o devem ser aprovados nos testes de biocompatibilidade da s\u00e9rie ISO 10993.<\/p>\n<\/li>\n<\/ul>\n<p class=\"\" data-start=\"1313\" data-end=\"1462\">Cada teste ajuda a determinar se uma seringa \u00e9 segura, fi\u00e1vel e consistente em termos de desempenho.<\/p>\n<hr class=\"\" data-start=\"1766\" data-end=\"1769\" \/>\n<h2 class=\"\" data-start=\"1568\" data-end=\"1616\">M\u00e9todos de ensaio de seringas hipod\u00e9rmicas na norma ISO 7886-1<\/h2>\n<h3 class=\"\" data-start=\"1618\" data-end=\"1673\">1. Ensaio de estanquidade da seringa hipod\u00e9rmica sob v\u00e1cuo (anexo B)<img fetchpriority=\"high\" decoding=\"async\" class=\"wp-image-6651 alignright\" src=\"https:\/\/www.qualitester.com\/wp-content\/uploads\/2025\/05\/ISO-7886-1-Annex-B.webp\" alt=\"ISO 7886-1 Anexo B\" width=\"398\" height=\"327\" srcset=\"https:\/\/www.qualitester.com\/wp-content\/uploads\/2025\/05\/ISO-7886-1-Annex-B.webp 694w, https:\/\/www.qualitester.com\/wp-content\/uploads\/2025\/05\/ISO-7886-1-Annex-B-300x246.webp 300w, https:\/\/www.qualitester.com\/wp-content\/uploads\/2025\/05\/ISO-7886-1-Annex-B-15x12.webp 15w, https:\/\/www.qualitester.com\/wp-content\/uploads\/2025\/05\/ISO-7886-1-Annex-B-600x493.webp 600w\" sizes=\"(max-width: 398px) 100vw, 398px\" \/><\/h3>\n<p class=\"\" data-start=\"1675\" data-end=\"1866\">A fuga para al\u00e9m da tampa do \u00eambolo sob press\u00e3o negativa deve ser testada para evitar a contamina\u00e7\u00e3o ou a entrada de ar. Este <strong data-start=\"1793\" data-end=\"1825\">teste de estanquidade da seringa hipod\u00e9rmica<\/strong> \u00e9 essencial para a verifica\u00e7\u00e3o da estanquidade ao ar.<\/p>\n<ul data-start=\"1868\" data-end=\"2062\">\n<li class=\"\" data-start=\"1868\" data-end=\"1979\">\n<p class=\"\" data-start=\"1870\" data-end=\"1979\"><strong data-start=\"1870\" data-end=\"1881\">M\u00e9todo:<\/strong> Encher a seringa com \u00e1gua (pelo menos 25% de capacidade), fixar o \u00eambolo e aplicar v\u00e1cuo de -88 kPa.<\/p>\n<\/li>\n<li class=\"\" data-start=\"1980\" data-end=\"2062\">\n<p class=\"\" data-start=\"1982\" data-end=\"2062\"><strong data-start=\"1982\" data-end=\"1998\">Observa\u00e7\u00e3o:<\/strong> Verificar se existem fugas de ar ou se a rolha do \u00eambolo se soltou.<\/p>\n<\/li>\n<\/ul>\n<p class=\"\" data-start=\"2064\" data-end=\"2229\"><strong data-start=\"2064\" data-end=\"2090\">Equipamento recomendado:<\/strong><br data-start=\"2090\" data-end=\"2093\" \/>Instrumentos de C\u00e9lula <strong data-start=\"2111\" data-end=\"2141\">SLT-02 <a href=\"https:\/\/www.qualitester.com\/pt\/produto\/syringe-air-leakage-tester-iso-7886-1\/\">Testador de fugas de seringa<\/a><\/strong> oferece um controlo preciso do v\u00e1cuo e leituras automatizadas, garantindo a conformidade com o Anexo B.<\/p>\n<hr class=\"\" data-start=\"2231\" data-end=\"2234\" \/>\n<h3 class=\"\" data-start=\"2236\" data-end=\"2303\">2. Ensaio de estanquidade de l\u00edquido em seringa hipod\u00e9rmica sob compress\u00e3o (anexo D)<\/h3>\n<p class=\"\" data-start=\"2305\" data-end=\"2418\">O <strong data-start=\"2309\" data-end=\"2348\">ensaio de fugas de l\u00edquidos em seringas hipod\u00e9rmicas<\/strong> examina a integridade da seringa sob tens\u00e3o mec\u00e2nica axial e lateral.<\/p>\n<ul data-start=\"2420\" data-end=\"2647\">\n<li class=\"\" data-start=\"2420\" data-end=\"2565\">\n<p class=\"\" data-start=\"2422\" data-end=\"2565\"><strong data-start=\"2422\" data-end=\"2433\">M\u00e9todo:<\/strong> Depois de selar o bocal, \u00e9 aplicada uma for\u00e7a lateral para deflectir o \u00eambolo, seguida de compress\u00e3o axial para simular o funcionamento do utilizador.<\/p>\n<\/li>\n<li class=\"\" data-start=\"2566\" data-end=\"2647\">\n<p class=\"\" data-start=\"2568\" data-end=\"2647\"><strong data-start=\"2568\" data-end=\"2584\">Observa\u00e7\u00e3o:<\/strong> Verificar a exist\u00eancia de fugas de fluido a press\u00f5es de 200 kPa e 300 kPa.<\/p>\n<\/li>\n<\/ul>\n<p class=\"\" data-start=\"2649\" data-end=\"2835\"><strong data-start=\"2649\" data-end=\"2675\">Equipamento recomendado:<\/strong><br data-start=\"2675\" data-end=\"2678\" \/>Utiliza\u00e7\u00e3o <strong data-start=\"2682\" data-end=\"2728\">SPPT-01 <a href=\"https:\/\/www.qualitester.com\/pt\/produto\/syringe-liquid-leakage-tester\/\">Verificador da estanquidade da press\u00e3o positiva da seringa<\/a><\/strong>\u00a0da Cell Instruments para aplicar for\u00e7as mec\u00e2nicas controladas e monitorizar qualquer falha na integridade do vedante.<\/p>\n<hr class=\"\" data-start=\"2837\" data-end=\"2840\" \/>\n<h3 data-start=\"2842\" data-end=\"2907\">3. Teste do espa\u00e7o morto da seringa: Minimiza\u00e7\u00e3o dos res\u00edduos de medicamentos (Anexo C)<\/h3>\n<p class=\"\" data-start=\"2909\" data-end=\"3067\">O espa\u00e7o morto refere-se ao volume de fluido que permanece na seringa ap\u00f3s a expuls\u00e3o completa. Um espa\u00e7o morto elevado pode levar ao desperd\u00edcio de medicamento e a uma dosagem incorrecta.<\/p>\n<ul data-start=\"3069\" data-end=\"3238\">\n<li class=\"\" data-start=\"3069\" data-end=\"3162\">\n<p class=\"\" data-start=\"3071\" data-end=\"3162\"><strong data-start=\"3071\" data-end=\"3082\">M\u00e9todo:<\/strong> Pesar a seringa vazia e depois pes\u00e1-la depois de a encher e esvaziar de \u00e1gua.<\/p>\n<\/li>\n<li class=\"\" data-start=\"3163\" data-end=\"3238\">\n<p class=\"\" data-start=\"3165\" data-end=\"3238\"><strong data-start=\"3165\" data-end=\"3181\">C\u00e1lculo:<\/strong> A diferen\u00e7a de peso indica <strong data-start=\"3217\" data-end=\"3231\">espa\u00e7o morto<\/strong> em ml.<\/p>\n<\/li>\n<\/ul>\n<hr class=\"\" data-start=\"3437\" data-end=\"3440\" \/>\n<h3 data-start=\"3442\" data-end=\"3490\">4. Ensaio da for\u00e7a de deslizamento do \u00eambolo da seringa (Anexo E)<img decoding=\"async\" class=\"wp-image-6652 alignright\" src=\"https:\/\/www.qualitester.com\/wp-content\/uploads\/2025\/05\/ISO-7886-1-Annex-E.webp\" alt=\"ISO 7886-1 Anexo E\" width=\"272\" height=\"358\" srcset=\"https:\/\/www.qualitester.com\/wp-content\/uploads\/2025\/05\/ISO-7886-1-Annex-E.webp 546w, https:\/\/www.qualitester.com\/wp-content\/uploads\/2025\/05\/ISO-7886-1-Annex-E-228x300.webp 228w, https:\/\/www.qualitester.com\/wp-content\/uploads\/2025\/05\/ISO-7886-1-Annex-E-9x12.webp 9w\" sizes=\"(max-width: 272px) 100vw, 272px\" \/><\/h3>\n<p class=\"\" data-start=\"3492\" data-end=\"3683\">O movimento suave do pist\u00e3o \u00e9 fundamental para o conforto do utilizador e o controlo preciso da dosagem. O <strong data-start=\"3576\" data-end=\"3596\">ensaio de for\u00e7a de deslizamento<\/strong> mede a for\u00e7a necess\u00e1ria para acionar o pist\u00e3o de forma consistente ao longo de todo o curso.<\/p>\n<ul data-start=\"3685\" data-end=\"3873\">\n<li class=\"\" data-start=\"3685\" data-end=\"3798\">\n<p class=\"\" data-start=\"3687\" data-end=\"3798\"><strong data-start=\"3687\" data-end=\"3698\">M\u00e9todo:<\/strong> Uma m\u00e1quina de ensaios mec\u00e2nicos pressiona o \u00eambolo a um ritmo fixo, registando a resist\u00eancia em tempo real.<\/p>\n<\/li>\n<li class=\"\" data-start=\"3799\" data-end=\"3873\">\n<p class=\"\" data-start=\"3801\" data-end=\"3873\"><strong data-start=\"3801\" data-end=\"3813\">Objetivo:<\/strong> Verifica a usabilidade e a consist\u00eancia da seringa em todos os lotes.<\/p>\n<\/li>\n<\/ul>\n<p class=\"\" data-start=\"3875\" data-end=\"4084\"><strong data-start=\"3875\" data-end=\"3901\">Equipamento recomendado:<\/strong><br data-start=\"3901\" data-end=\"3904\" \/><strong data-start=\"3904\" data-end=\"3958\">Cell Instruments MST-01 <a href=\"https:\/\/www.qualitester.com\/pt\/produto\/sale-syringe-plunger-glide-force-tester\/\">Testador de seringa m\u00e9dica<\/a><\/strong>\u00a0\u00e9 ideal para <strong data-start=\"3972\" data-end=\"3992\">ensaio de for\u00e7a de deslizamento<\/strong> aplica\u00e7\u00f5es. Regista perfis de for\u00e7a e est\u00e1 em conformidade com os requisitos de precis\u00e3o da norma ISO 7886-1.<\/p>\n<hr class=\"\" data-start=\"4086\" data-end=\"4089\" \/>\n<h2 class=\"\" data-start=\"4091\" data-end=\"4143\">Por que escolher a Cell Instruments para testes ISO 7886?<\/h2>\n<p class=\"\" data-start=\"4145\" data-end=\"4312\">A Cell Instruments oferece um conjunto completo de solu\u00e7\u00f5es de teste de seringas para ajudar os fabricantes a cumprir e exceder <strong data-start=\"4253\" data-end=\"4267\">Norma ISO 7886-1<\/strong> requisitos. O nosso equipamento foi concebido para:<\/p>\n<ul data-start=\"4313\" data-end=\"4476\">\n<li class=\"\" data-start=\"4313\" data-end=\"4344\">\n<p class=\"\" data-start=\"4315\" data-end=\"4344\">Elevada precis\u00e3o e automatiza\u00e7\u00e3o<\/p>\n<\/li>\n<li class=\"\" data-start=\"4345\" data-end=\"4386\">\n<p class=\"\" data-start=\"4347\" data-end=\"4386\">Conformidade com as normas internacionais<\/p>\n<\/li>\n<li class=\"\" data-start=\"4387\" data-end=\"4422\">\n<p class=\"\" data-start=\"4389\" data-end=\"4422\">F\u00e1cil opera\u00e7\u00e3o e registo de dados<\/p>\n<\/li>\n<li class=\"\" data-start=\"4423\" data-end=\"4476\">\n<p class=\"\" data-start=\"4425\" data-end=\"4476\">Personaliza\u00e7\u00e3o flex\u00edvel para atender a configura\u00e7\u00f5es de teste espec\u00edficas<\/p>\n<\/li>\n<\/ul>\n<p class=\"\" data-start=\"4478\" data-end=\"4682\">Quer esteja a validar a conce\u00e7\u00e3o de um produto ou a gerir testes de lan\u00e7amento de lotes, <strong data-start=\"4554\" data-end=\"4564\">SLT-01<\/strong>, <strong data-start=\"4566\" data-end=\"4577\">SPPT-01<\/strong>, e <strong data-start=\"4583\" data-end=\"4593\">MST-01<\/strong> fornecem resultados fi\u00e1veis e repet\u00edveis adaptados \u00e0s necessidades da ind\u00fastria de dispositivos m\u00e9dicos.<\/p>\n<hr class=\"\" data-start=\"4684\" data-end=\"4687\" \/>\n<p class=\"\" data-start=\"4704\" data-end=\"5183\">Conformidade com <a href=\"https:\/\/www.iso.org\/standard\/64790.html\" target=\"_blank\" rel=\"noopener nofollow\"><strong data-start=\"4730\" data-end=\"4744\">Norma ISO 7886-1<\/strong><\/a> n\u00e3o \u00e9 apenas um obst\u00e1culo regulamentar - \u00e9 um compromisso com a qualidade e a seguran\u00e7a dos doentes. Ao compreender e implementar testes essenciais como o <strong data-start=\"4885\" data-end=\"4912\">teste da seringa hipod\u00e9rmica<\/strong>, <strong data-start=\"4914\" data-end=\"4927\">teste de vazamento<\/strong>, <strong data-start=\"4929\" data-end=\"4956\">ensaio do espa\u00e7o morto da seringa<\/strong>, e <strong data-start=\"4962\" data-end=\"4982\">ensaio de for\u00e7a de deslizamento<\/strong>, Com a tecnologia Cell Instruments, os fabricantes podem lan\u00e7ar produtos no mercado com confian\u00e7a. Equipe o seu laborat\u00f3rio com os testadores avan\u00e7ados da Cell Instruments para agilizar os testes e garantir a precis\u00e3o em todas as fases da produ\u00e7\u00e3o de seringas.<\/p>\n<p class=\"\" data-start=\"5185\" data-end=\"5296\"><strong data-start=\"5185\" data-end=\"5296\">Para consultas t\u00e9cnicas, sele\u00e7\u00e3o de instrumentos ou solu\u00e7\u00f5es personalizadas, contacte a Cell Instruments hoje mesmo.<\/strong><\/p>","protected":false},"excerpt":{"rendered":"<p>Teste de seringas hipod\u00e9rmicas ISO 7886-1 A norma ISO 7886-1 define os requisitos de desempenho e seguran\u00e7a para seringas hipod\u00e9rmicas destinadas a uma \u00fanica utiliza\u00e7\u00e3o, real\u00e7ando aspectos como a resist\u00eancia a fugas, o espa\u00e7o morto e a for\u00e7a de deslizamento. Os fabricantes e as equipas de garantia de qualidade t\u00eam de compreender os procedimentos de teste descritos na norma ISO 7886-1 para garantir a conformidade do produto e a seguran\u00e7a dos doentes. ISO 7886-1 ...<\/p>\n<p class=\"read-more\"> <a class=\"\" href=\"https:\/\/www.qualitester.com\/pt\/standards\/iso-7886-1\/\"> <span class=\"screen-reader-text\">Norma ISO 7886-1<\/span> Ler mais \"<\/a><\/p>","protected":false},"author":4,"featured_media":0,"parent":4948,"menu_order":0,"comment_status":"closed","ping_status":"closed","template":"","meta":{"site-sidebar-layout":"default","site-content-layout":"default","ast-global-header-display":"","ast-main-header-display":"","ast-hfb-above-header-display":"","ast-hfb-below-header-display":"","ast-hfb-mobile-header-display":"","site-post-title":"disabled","ast-breadcrumbs-content":"","ast-featured-img":"disabled","footer-sml-layout":"","theme-transparent-header-meta":"default","adv-header-id-meta":"","stick-header-meta":"","header-above-stick-meta":"","header-main-stick-meta":"","header-below-stick-meta":"","footnotes":""},"class_list":["post-6648","page","type-page","status-publish","hentry"],"_links":{"self":[{"href":"https:\/\/www.qualitester.com\/pt\/wp-json\/wp\/v2\/pages\/6648","targetHints":{"allow":["GET"]}}],"collection":[{"href":"https:\/\/www.qualitester.com\/pt\/wp-json\/wp\/v2\/pages"}],"about":[{"href":"https:\/\/www.qualitester.com\/pt\/wp-json\/wp\/v2\/types\/page"}],"author":[{"embeddable":true,"href":"https:\/\/www.qualitester.com\/pt\/wp-json\/wp\/v2\/users\/4"}],"replies":[{"embeddable":true,"href":"https:\/\/www.qualitester.com\/pt\/wp-json\/wp\/v2\/comments?post=6648"}],"version-history":[{"count":0,"href":"https:\/\/www.qualitester.com\/pt\/wp-json\/wp\/v2\/pages\/6648\/revisions"}],"up":[{"embeddable":true,"href":"https:\/\/www.qualitester.com\/pt\/wp-json\/wp\/v2\/pages\/4948"}],"wp:attachment":[{"href":"https:\/\/www.qualitester.com\/pt\/wp-json\/wp\/v2\/media?parent=6648"}],"curies":[{"name":"wp","href":"https:\/\/api.w.org\/{rel}","templated":true}]}}