{"id":6644,"date":"2025-05-07T11:30:19","date_gmt":"2025-05-07T03:30:19","guid":{"rendered":"https:\/\/www.qualitester.com\/?post_type=product&#038;p=6644"},"modified":"2025-05-07T11:30:19","modified_gmt":"2025-05-07T03:30:19","slug":"medical-needle-tubing-stiffness-tester","status":"publish","type":"product","link":"https:\/\/www.qualitester.com\/pl\/produkt-2\/medical-needle-tubing-stiffness-tester\/","title":{"rendered":"Tester sztywno\u015bci rur TS-01"},"content":{"rendered":"<h2 data-start=\"393\" data-end=\"1063\">Wprowadzenie do testera sztywno\u015bci igie\u0142 medycznych<\/h2>\n<p class=\"\" data-start=\"393\" data-end=\"1063\">Zapewnienie integralno\u015bci mechanicznej igie\u0142 podsk\u00f3rnych ma kluczowe znaczenie w medycynie. Jedn\u0105 z podstawowych w\u0142a\u015bciwo\u015bci wp\u0142ywaj\u0105cych na wydajno\u015b\u0107, bezpiecze\u0144stwo i u\u017cyteczno\u015b\u0107 jest <em data-start=\"621\" data-end=\"639\">Sztywno\u015b\u0107 rurki<\/em>. The <strong data-start=\"645\" data-end=\"687\">medyczny tester sztywno\u015bci rurek ig\u0142owych<\/strong> zapewnia znormalizowan\u0105, precyzyjn\u0105 metod\u0119 oceny sztywno\u015bci rurek ze stali nierdzewnej stosowanych w produkcji igie\u0142. Wraz ze wzrostem globalnych standard\u00f3w medycznych, w szczeg\u00f3lno\u015bci zgodno\u015bci z <a href=\"https:\/\/www.qualitester.com\/pl\/standards\/iso-9626\/\"><strong data-start=\"880\" data-end=\"892\">ISO 9626<\/strong><\/a> oraz <strong data-start=\"897\" data-end=\"917\">ISO 9626 Za\u0142\u0105cznik B<\/strong>, Niezawodne rozwi\u0105zania testowe sta\u0142y si\u0119 niezb\u0119dne dla producent\u00f3w urz\u0105dze\u0144 medycznych, specjalist\u00f3w ds. kontroli jako\u015bci i instytucji badawczych.<\/p>\n<hr class=\"\" data-start=\"1065\" data-end=\"1068\" \/>\n<h2 data-start=\"1070\" data-end=\"1624\">Znaczenie sztywno\u015bci ig\u0142y w zastosowaniach medycznych<\/h2>\n<p class=\"\" data-start=\"1070\" data-end=\"1624\">Sztywno\u015b\u0107 bezpo\u015brednio wp\u0142ywa na ig\u0142\u0119 <strong data-start=\"1176\" data-end=\"1219\">zdolno\u015b\u0107 wk\u0142adania, integralno\u015b\u0107 strukturalna<\/strong>oraz <strong data-start=\"1225\" data-end=\"1241\">kontrola u\u017cytkownika<\/strong>. Zbyt mi\u0119kki przew\u00f3d ig\u0142y mo\u017ce si\u0119 wygi\u0105\u0107 lub z\u0142ama\u0107, ryzykuj\u0105c uraz pacjenta lub niew\u0142a\u015bciwe podanie leku. Z kolei zbyt sztywna ig\u0142a mo\u017ce p\u0119kn\u0105\u0107 lub spowodowa\u0107 niepotrzebny uraz podczas wprowadzania. Dlatego osi\u0105gni\u0119cie optymalnej r\u00f3wnowagi jest niezb\u0119dne. W tym celu nale\u017cy <strong data-start=\"1497\" data-end=\"1539\">medyczny tester sztywno\u015bci rurek ig\u0142owych<\/strong> odgrywa istotn\u0105 rol\u0119 w kwantyfikacji tej r\u00f3wnowagi i utrzymaniu standard\u00f3w produkcji.<\/p>\n<hr class=\"\" data-start=\"1626\" data-end=\"1629\" \/>\n<h2 data-start=\"1631\" data-end=\"1921\"><strong data-start=\"1631\" data-end=\"1697\">Testowanie ISO 9626 - <\/strong><strong data-start=\"1631\" data-end=\"1697\">ISO 9626 Za\u0142\u0105cznik B<\/strong><\/h2>\n<p class=\"\" data-start=\"1631\" data-end=\"1921\">Mi\u0119dzynarodowy standard <strong data-start=\"1727\" data-end=\"1744\">ISO 9626:2016<\/strong> okre\u015bla wymagania mechaniczne i wymiarowe dla rurek ze stali nierdzewnej przeznaczonych do igie\u0142 podsk\u00f3rnych. <strong data-start=\"1858\" data-end=\"1869\">Za\u0142\u0105cznik B<\/strong> zapewnia specyficzn\u0105 metod\u0119 pomiaru sztywno\u015bci:<\/p>\n<ul data-start=\"1923\" data-end=\"2213\">\n<li class=\"\" data-start=\"1923\" data-end=\"2014\">\n<p class=\"\" data-start=\"1925\" data-end=\"2014\">A <strong data-start=\"1927\" data-end=\"1955\">znana si\u0142a (do 60 N)<\/strong> jest przyk\u0142adana centralnie do rurki podpartej na obu ko\u0144cach.<\/p>\n<\/li>\n<li class=\"\" data-start=\"2015\" data-end=\"2085\">\n<p class=\"\" data-start=\"2017\" data-end=\"2085\">Wynikaj\u0105cy z tego <strong data-start=\"2031\" data-end=\"2045\">odchylenie<\/strong> jest mierzony za pomoc\u0105 <strong data-start=\"2063\" data-end=\"2084\">Precyzja 0,01 mm<\/strong>.<\/p>\n<\/li>\n<li class=\"\" data-start=\"2086\" data-end=\"2213\">\n<p class=\"\" data-start=\"2088\" data-end=\"2213\">Urz\u0105dzenie musi mie\u0107 kszta\u0142t t\u0119pego klina <strong data-start=\"2136\" data-end=\"2147\">t\u0142ok<\/strong>, nachylony pod k\u0105tem <strong data-start=\"2161\" data-end=\"2168\">60\u00b0<\/strong>, z <strong data-start=\"2177\" data-end=\"2212\">Powierzchnia cylindryczna o promieniu 1 mm<\/strong>.<\/p>\n<\/li>\n<\/ul>\n<p class=\"\" data-start=\"2215\" data-end=\"2371\">The <strong data-start=\"2219\" data-end=\"2267\">Tester sztywno\u015bci igie\u0142 medycznych TS-01<\/strong> zosta\u0142 zaprojektowany specjalnie w celu spe\u0142nienia tej metody testowania, zapewniaj\u0105c \u015bcis\u0142\u0105 zgodno\u015b\u0107 z normami ISO.<\/p>\n<hr class=\"\" data-start=\"2373\" data-end=\"2376\" \/>\n<h2 data-start=\"2378\" data-end=\"2515\"><strong data-start=\"2378\" data-end=\"2418\">Zasada testu i mechanizm dzia\u0142ania<\/strong><\/h2>\n<p class=\"\" data-start=\"2378\" data-end=\"2515\">The <strong data-start=\"2425\" data-end=\"2467\">medyczny tester sztywno\u015bci rurek ig\u0142owych<\/strong> dzia\u0142a na prostej, ale skutecznej zasadzie:<\/p>\n<p class=\"\" data-start=\"2517\" data-end=\"2702\"><em data-start=\"2517\" data-end=\"2702\">Precyzyjna si\u0142a jest przyk\u0142adana do punktu \u015brodkowego rurki, kt\u00f3ra jest symetrycznie podparta. Nast\u0119pnie urz\u0105dzenie rejestruje odchylenie pionowe, zapewniaj\u0105c ilo\u015bciowe dane dotycz\u0105ce sztywno\u015bci.<\/em><\/p>\n<p class=\"\" data-start=\"2704\" data-end=\"2753\">The <strong data-start=\"2708\" data-end=\"2723\">Model TS-01<\/strong> przez Cell Instruments:<\/p>\n<ul data-start=\"2754\" data-end=\"3112\">\n<li class=\"\" data-start=\"2754\" data-end=\"2864\">\n<p class=\"\" data-start=\"2756\" data-end=\"2864\">T\u0119py klin w kszta\u0142cie <strong data-start=\"2777\" data-end=\"2788\">t\u0142ok<\/strong> pod\u0142\u0105czony do <strong data-start=\"2804\" data-end=\"2817\">ogniwo obci\u0105\u017cnikowe<\/strong>, zapewniaj\u0105c wysok\u0105 dok\u0142adno\u015b\u0107 pomiaru (\u00b10,01 N).<\/p>\n<\/li>\n<li class=\"\" data-start=\"2865\" data-end=\"2930\">\n<p class=\"\" data-start=\"2867\" data-end=\"2930\">Ruchoma trawersa nap\u0119dzana przez <strong data-start=\"2900\" data-end=\"2929\">precyzyjna \u015bruba poci\u0105gowa kulowa<\/strong>.<\/p>\n<\/li>\n<li class=\"\" data-start=\"2931\" data-end=\"3018\">\n<p class=\"\" data-start=\"2933\" data-end=\"3018\">Uchwyt rurki (szalka), kt\u00f3ry dok\u0142adnie wyr\u00f3wnuje pr\u00f3bk\u0119 testow\u0105 pod t\u0142okiem si\u0142y.<\/p>\n<\/li>\n<li class=\"\" data-start=\"3019\" data-end=\"3112\">\n<p class=\"\" data-start=\"3021\" data-end=\"3112\">Zmienna <strong data-start=\"3030\" data-end=\"3044\">pr\u0119dko\u015b\u0107 testowa<\/strong> (1-500 mm\/min) w celu dostosowania do r\u00f3\u017cnych rozmiar\u00f3w rur i materia\u0142\u00f3w.<\/p>\n<\/li>\n<\/ul>\n<hr class=\"\" data-start=\"3114\" data-end=\"3117\" \/>\n<h2 data-start=\"3119\" data-end=\"3349\">Dlaczego warto wybra\u0107 tester sztywno\u015bci igie\u0142 medycznych TS-01?<\/h2>\n<p class=\"\" data-start=\"3119\" data-end=\"3349\">Jako producent precyzyjnych przyrz\u0105d\u00f3w testuj\u0105cych, <strong data-start=\"3237\" data-end=\"3257\">Cell Instruments<\/strong> zaprojektowany <strong data-start=\"3271\" data-end=\"3280\">TS-01<\/strong> specjalnie dla producent\u00f3w igie\u0142 medycznych. Kluczowe korzy\u015bci obejmuj\u0105:<\/p>\n<ul data-start=\"3351\" data-end=\"3682\">\n<li class=\"\" data-start=\"3351\" data-end=\"3408\">\n<p class=\"\" data-start=\"3353\" data-end=\"3408\"><strong data-start=\"3353\" data-end=\"3407\">Pe\u0142na zgodno\u015b\u0107 z normami ISO 9626 i ISO 9626 Za\u0142\u0105cznik B<\/strong>.<\/p>\n<\/li>\n<li class=\"\" data-start=\"3409\" data-end=\"3468\">\n<p class=\"\" data-start=\"3411\" data-end=\"3468\">Wysoka rozdzielczo\u015b\u0107 <strong data-start=\"3427\" data-end=\"3453\">pomiar ugi\u0119cia<\/strong> do 0,01 mm.<\/p>\n<\/li>\n<li class=\"\" data-start=\"3469\" data-end=\"3549\">\n<p class=\"\" data-start=\"3471\" data-end=\"3549\">Solidna konstrukcja z <strong data-start=\"3490\" data-end=\"3513\">ochrona przed przeci\u0105\u017ceniem<\/strong> oraz <strong data-start=\"3518\" data-end=\"3538\">automatyczny powr\u00f3t<\/strong> funkcje.<\/p>\n<\/li>\n<li class=\"\" data-start=\"3550\" data-end=\"3627\">\n<p class=\"\" data-start=\"3552\" data-end=\"3627\">Przyjazny dla u\u017cytkownika <strong data-start=\"3566\" data-end=\"3593\">7-calowy ekran dotykowy HMI<\/strong> do kontroli test\u00f3w i przegl\u0105du danych.<\/p>\n<\/li>\n<li class=\"\" data-start=\"3628\" data-end=\"3682\">\n<p class=\"\" data-start=\"3630\" data-end=\"3682\">Wbudowany <strong data-start=\"3639\" data-end=\"3655\">mikrodrukarka<\/strong> do natychmiastowego generowania raport\u00f3w.<\/p>\n<\/li>\n<\/ul>\n<p class=\"\" data-start=\"3684\" data-end=\"3857\">Funkcje te nie tylko usprawniaj\u0105 testowanie, ale tak\u017ce poprawiaj\u0105 <strong data-start=\"3748\" data-end=\"3794\">dok\u0142adno\u015b\u0107, powtarzalno\u015b\u0107 i dokumentacja<\/strong> wymagane do walidacji produkt\u00f3w medycznych i audyt\u00f3w regulacyjnych.<\/p>\n<hr class=\"\" data-start=\"3859\" data-end=\"3862\" \/>\n<h2 data-start=\"3864\" data-end=\"3996\">Zastosowania w produkcji i badaniach medycznych<\/h2>\n<p class=\"\" data-start=\"3864\" data-end=\"3996\">The <strong data-start=\"3929\" data-end=\"3971\">medyczny tester sztywno\u015bci rurek ig\u0142owych<\/strong> ma szerokie zastosowanie w:<\/p>\n<ul data-start=\"3997\" data-end=\"4271\">\n<li class=\"\" data-start=\"3997\" data-end=\"4038\">\n<p class=\"\" data-start=\"3999\" data-end=\"4038\">Produkcja igie\u0142 do podsk\u00f3rnych i d\u0142ugopis\u00f3w<\/p>\n<\/li>\n<li class=\"\" data-start=\"4039\" data-end=\"4097\">\n<p class=\"\" data-start=\"4041\" data-end=\"4097\">Dzia\u0142y kontroli jako\u015bci w produkcji urz\u0105dze\u0144 medycznych<\/p>\n<\/li>\n<li class=\"\" data-start=\"4098\" data-end=\"4166\">\n<p class=\"\" data-start=\"4100\" data-end=\"4166\">Laboratoria badawczo-rozwojowe pracuj\u0105ce nad innowacyjnymi konstrukcjami igie\u0142<\/p>\n<\/li>\n<li class=\"\" data-start=\"4167\" data-end=\"4218\">\n<p class=\"\" data-start=\"4169\" data-end=\"4218\">Regulacyjne agencje testuj\u0105ce i organy kontrolne<\/p>\n<\/li>\n<li class=\"\" data-start=\"4219\" data-end=\"4271\">\n<p class=\"\" data-start=\"4221\" data-end=\"4271\">Producenci OEM i prywatni dostawcy komponent\u00f3w medycznych<\/p>\n<\/li>\n<\/ul>\n<p class=\"\" data-start=\"4273\" data-end=\"4388\">Dostarcza krytycznych danych mechanicznych, kt\u00f3re zapewniaj\u0105, \u017ce ka\u017cda rurka ig\u0142owa dzia\u0142a niezawodnie w warunkach klinicznych.<\/p>\n<hr class=\"\" data-start=\"4390\" data-end=\"4393\" \/>\n<h2 data-start=\"4395\" data-end=\"4437\">Dane techniczne w skr\u00f3cie<\/h2>\n<div class=\"_tableContainer_16hzy_1\">\n<div class=\"_tableWrapper_16hzy_14 group flex w-fit flex-col-reverse\" tabindex=\"-1\">\n<table class=\"w-fit min-w-(--thread-content-width)\" data-start=\"4438\" data-end=\"4972\">\n<thead data-start=\"4438\" data-end=\"4503\">\n<tr data-start=\"4438\" data-end=\"4503\">\n<th data-start=\"4438\" data-end=\"4466\" data-col-size=\"sm\"><strong data-start=\"4440\" data-end=\"4453\">Parametr<\/strong><\/th>\n<th data-start=\"4466\" data-end=\"4503\" data-col-size=\"sm\"><strong data-start=\"4468\" data-end=\"4485\">Specyfikacja<\/strong><\/th>\n<\/tr>\n<\/thead>\n<tbody data-start=\"4570\" data-end=\"4972\">\n<tr data-start=\"4570\" data-end=\"4635\">\n<td data-start=\"4570\" data-end=\"4598\" data-col-size=\"sm\">Maksymalna si\u0142a testowa<\/td>\n<td data-col-size=\"sm\" data-start=\"4598\" data-end=\"4635\">60 N (z mo\u017cliwo\u015bci\u0105 dostosowania)<\/td>\n<\/tr>\n<tr data-start=\"4636\" data-end=\"4701\">\n<td data-start=\"4636\" data-end=\"4664\" data-col-size=\"sm\">Zakres pr\u0119dko\u015bci<\/td>\n<td data-col-size=\"sm\" data-start=\"4664\" data-end=\"4701\">1-500 mm\/min<\/td>\n<\/tr>\n<tr data-start=\"4702\" data-end=\"4767\">\n<td data-start=\"4702\" data-end=\"4730\" data-col-size=\"sm\">Dok\u0142adno\u015b\u0107 pomiaru<\/td>\n<td data-col-size=\"sm\" data-start=\"4730\" data-end=\"4767\">\u00b10,01 mm<\/td>\n<\/tr>\n<tr data-start=\"4768\" data-end=\"4833\">\n<td data-start=\"4768\" data-end=\"4796\" data-col-size=\"sm\">Zasilanie<\/td>\n<td data-col-size=\"sm\" data-start=\"4796\" data-end=\"4833\">110~220V<\/td>\n<\/tr>\n<tr data-start=\"4834\" data-end=\"4899\">\n<td data-start=\"4834\" data-end=\"4862\" data-col-size=\"sm\">Interfejs sterowania<\/td>\n<td data-col-size=\"sm\" data-start=\"4862\" data-end=\"4899\">Sterownik PLC z 7-calowym ekranem dotykowym HMI<\/td>\n<\/tr>\n<tr data-start=\"4900\" data-end=\"4972\">\n<td data-start=\"4900\" data-end=\"4928\" data-col-size=\"sm\">Do\u0142\u0105czone akcesoria<\/td>\n<td data-col-size=\"sm\" data-start=\"4928\" data-end=\"4972\">T\u0142ok, uchwyt rurki, przew\u00f3d zasilaj\u0105cy, bezpiecznik<\/td>\n<\/tr>\n<\/tbody>\n<\/table>\n<div class=\"sticky end-(--thread-content-margin) h-0 self-end select-none\">\n<div class=\"absolute end-0 flex items-end\"><span style=\"font-size: 16px;\">Testy sztywno\u015bci s\u0105 niezb\u0119dne do zagwarantowania <\/span><strong style=\"font-size: 16px;\" data-start=\"5044\" data-end=\"5090\">niezawodno\u015b\u0107 mechaniczna i bezpiecze\u0144stwo kliniczne<\/strong><span style=\"font-size: 16px;\"> igie\u0142 podsk\u00f3rnych. Przestrzegaj\u0105c <\/span><strong style=\"font-size: 16px;\" data-start=\"5132\" data-end=\"5152\"><a href=\"https:\/\/www.iso.org\/standard\/60480.html\" target=\"_blank\" rel=\"noopener nofollow\">ISO 9626<\/a> testowanie<\/strong><span style=\"font-size: 16px;\"> producenci mog\u0105 zapewni\u0107, \u017ce ich rury spe\u0142niaj\u0105 globalne standardy wydajno\u015bci. Protok\u00f3\u0142 <\/span><strong style=\"font-size: 16px;\" data-start=\"5247\" data-end=\"5295\">Tester sztywno\u015bci igie\u0142 medycznych TS-01<\/strong><span style=\"font-size: 16px;\"> z <\/span><strong style=\"font-size: 16px;\" data-start=\"5301\" data-end=\"5321\">Cell Instruments<\/strong><span style=\"font-size: 16px;\"> oferuje profesjonalne, precyzyjne i \u0142atwe w obs\u0142udze rozwi\u0105zanie do pomiaru sztywno\u015bci. Niezale\u017cnie od tego, czy chodzi o zgodno\u015b\u0107, badania i rozw\u00f3j, czy zapewnienie jako\u015bci, TS-01 jest zaufanym wyborem do oceny rurek ig\u0142owych.<\/span><\/div>\n<\/div>\n<\/div>\n<\/div>\n<hr class=\"\" data-start=\"5520\" data-end=\"5523\" \/>\n<h2 data-start=\"5525\" data-end=\"5572\">FAQ: Medyczny tester sztywno\u015bci rurek ig\u0142owych<\/h2>\n<p class=\"\" data-start=\"5755\" data-end=\"5933\"><strong data-start=\"5755\" data-end=\"5829\">P1: Jakiego rodzaju ig\u0142y lub rurki mog\u0105 by\u0107 testowane za pomoc\u0105 tego urz\u0105dzenia?<\/strong><br data-start=\"5829\" data-end=\"5832\" \/>A1: Nadaje si\u0119 do przewod\u00f3w igie\u0142 ze stali nierdzewnej stosowanych w ig\u0142ach podsk\u00f3rnych, d\u0142ugopisowych lub do\u017cylnych.<\/p>\n<p class=\"\" data-start=\"6096\" data-end=\"6253\"><strong data-start=\"6096\" data-end=\"6138\">P2: Czy mog\u0119 testowa\u0107 r\u00f3\u017cne rozmiary rurek?<\/strong><br data-start=\"6138\" data-end=\"6141\" \/>A2: Tak, tester zawiera regulowane uchwyty i obs\u0142uguje r\u00f3\u017cne rozpi\u0119to\u015bci zgodnie ze specyfikacjami ISO Tabela 2.<\/p>","protected":false},"excerpt":{"rendered":"<p>Introduction to Medical Needle Tubing Stiffness Tester Ensuring the mechanical integrity of hypodermic needles is critical in the medical field. One essential property that influences performance, safety, and usability is tubing stiffness. The medical needle tubing stiffness tester provides a standardized, precise method to evaluate the stiffness of stainless steel tubing used in needle manufacturing. &hellip;<\/p>\n<p class=\"read-more\"> <a class=\"\" href=\"https:\/\/www.qualitester.com\/pl\/produkt-2\/medical-needle-tubing-stiffness-tester\/\"> <span class=\"screen-reader-text\">Tester sztywno\u015bci rur TS-01<\/span> Czytaj wi\u0119cej \"<\/a><\/p>","protected":false},"featured_media":6646,"comment_status":"closed","ping_status":"closed","template":"","meta":{"site-sidebar-layout":"default","site-content-layout":"default","ast-global-header-display":"","ast-main-header-display":"","ast-hfb-above-header-display":"","ast-hfb-below-header-display":"","ast-hfb-mobile-header-display":"","site-post-title":"","ast-breadcrumbs-content":"","ast-featured-img":"","footer-sml-layout":"","theme-transparent-header-meta":"default","adv-header-id-meta":"","stick-header-meta":"","header-above-stick-meta":"","header-main-stick-meta":"","header-below-stick-meta":""},"product_cat":[1180,845,934,149],"product_tag":[],"class_list":{"0":"post-6644","1":"product","2":"type-product","3":"status-publish","4":"has-post-thumbnail","6":"product_cat-iso-9626","7":"product_cat-customization","8":"product_cat-medical-packaging-tester","9":"product_cat-pharma-and-medical-testers","10":"desktop-align-left","11":"tablet-align-left","12":"mobile-align-left","14":"first","15":"instock","16":"shipping-taxable","17":"product-type-simple"},"_links":{"self":[{"href":"https:\/\/www.qualitester.com\/pl\/wp-json\/wp\/v2\/product\/6644","targetHints":{"allow":["GET"]}}],"collection":[{"href":"https:\/\/www.qualitester.com\/pl\/wp-json\/wp\/v2\/product"}],"about":[{"href":"https:\/\/www.qualitester.com\/pl\/wp-json\/wp\/v2\/types\/product"}],"replies":[{"embeddable":true,"href":"https:\/\/www.qualitester.com\/pl\/wp-json\/wp\/v2\/comments?post=6644"}],"version-history":[{"count":0,"href":"https:\/\/www.qualitester.com\/pl\/wp-json\/wp\/v2\/product\/6644\/revisions"}],"wp:featuredmedia":[{"embeddable":true,"href":"https:\/\/www.qualitester.com\/pl\/wp-json\/wp\/v2\/media\/6646"}],"wp:attachment":[{"href":"https:\/\/www.qualitester.com\/pl\/wp-json\/wp\/v2\/media?parent=6644"}],"wp:term":[{"taxonomy":"product_cat","embeddable":true,"href":"https:\/\/www.qualitester.com\/pl\/wp-json\/wp\/v2\/product_cat?post=6644"},{"taxonomy":"product_tag","embeddable":true,"href":"https:\/\/www.qualitester.com\/pl\/wp-json\/wp\/v2\/product_tag?post=6644"}],"curies":[{"name":"wp","href":"https:\/\/api.w.org\/{rel}","templated":true}]}}