{"id":5418,"date":"2024-11-19T11:08:52","date_gmt":"2024-11-19T03:08:52","guid":{"rendered":"https:\/\/www.qualitester.com\/?post_type=product&#038;p=5418"},"modified":"2024-12-05T15:47:38","modified_gmt":"2024-12-05T07:47:38","slug":"sale-melt-flow-index-tester","status":"publish","type":"product","link":"https:\/\/www.qualitester.com\/pl\/produkt-2\/sale-melt-flow-index-tester\/","title":{"rendered":"Tester wska\u017anika p\u0142yni\u0119cia"},"content":{"rendered":"<h2><strong>Wprowadzenie do testera wska\u017anika p\u0142yni\u0119cia<\/strong><\/h2>\n<p>The <strong>Tester wska\u017anika p\u0142yni\u0119cia<\/strong> to wysoce precyzyjne urz\u0105dzenie zaprojektowane do pomiaru charakterystyki p\u0142yni\u0119cia materia\u0142\u00f3w termoplastycznych w kontrolowanych warunkach. Okre\u015blaj\u0105c masowy wska\u017anik p\u0142yni\u0119cia (MFR) i obj\u0119to\u015bciowy wska\u017anik p\u0142yni\u0119cia (MVR), tester ten zapewnia cenny wgl\u0105d w przetwarzalno\u015b\u0107 polimer\u00f3w, co jest niezb\u0119dne do kontroli jako\u015bci, wyboru materia\u0142\u00f3w i optymalizacji produkcji. Niezale\u017cnie od tego, czy jest u\u017cywany w przemy\u015ble motoryzacyjnym, farmaceutycznym, opakowa\u0144 do \u017cywno\u015bci czy elektronicznym, tester wska\u017anika p\u0142yni\u0119cia zapewnia, \u017ce materia\u0142y spe\u0142niaj\u0105 okre\u015blone w\u0142a\u015bciwo\u015bci p\u0142yni\u0119cia w celu niezawodnego przetwarzania.<\/p>\n<h2><strong>Zastosowania testera wska\u017anika p\u0142yni\u0119cia<\/strong><\/h2>\n<p>Tester wska\u017anika p\u0142yni\u0119cia jest szeroko stosowany w bran\u017cach wymagaj\u0105cych precyzyjnego testowania materia\u0142\u00f3w polimerowych. Jest szczeg\u00f3lnie odpowiedni do testowania <strong>tworzywa konstrukcyjne<\/strong> o wysokiej temperaturze topnienia, takie jak <strong>poliarylosulfon, nylon, tworzywa fluorowe<\/strong>oraz <strong>polietylen<\/strong>, jak r\u00f3wnie\u017c tworzywa sztuczne o ni\u017cszych temperaturach topnienia, w tym <strong>polipropylen<\/strong>, <strong>ABS<\/strong>, <strong>polistyren<\/strong>oraz <strong>polioksymetylen<\/strong>. Dzi\u0119ki dok\u0142adnemu pomiarowi nat\u0119\u017cenia przep\u0142ywu tych materia\u0142\u00f3w, producenci mog\u0105 zapewni\u0107, \u017ce ich tworzywa sztuczne b\u0119d\u0105 zachowywa\u0107 si\u0119 przewidywalnie podczas przetwarzania i b\u0119d\u0105 zgodne ze specyfikacjami produktu.<\/p>\n<h3><strong>Bran\u017ce<\/strong>:<\/h3>\n<ul>\n<li><strong>Opakowanie<\/strong>: Zapewnia sp\u00f3jny przep\u0142yw materia\u0142\u00f3w dla folii opakowaniowych i pojemnik\u00f3w.<\/li>\n<li><strong>Motoryzacja<\/strong>: Weryfikuje niezawodno\u015b\u0107 tworzyw sztucznych stosowanych w komponentach pojazd\u00f3w.<\/li>\n<li><strong>Farmaceutyki<\/strong>: Potwierdza sp\u00f3jno\u015b\u0107 w produkcji system\u00f3w dostarczania lek\u00f3w.<\/li>\n<li><strong>Elektronika<\/strong>: Testuje charakterystyk\u0119 przep\u0142ywu materia\u0142\u00f3w stosowanych w komponentach elektronicznych.<\/li>\n<li><strong>Medyczny<\/strong>: Ocenia przetwarzalno\u015b\u0107 materia\u0142\u00f3w urz\u0105dze\u0144 medycznych.<\/li>\n<\/ul>\n<h2><strong>Zasada testu<\/strong><\/h2>\n<p>Tester wska\u017anika p\u0142yni\u0119cia okre\u015bla <strong>Szybko\u015b\u0107 przep\u0142ywu masy stopionej (MFR)<\/strong> oraz <strong>Szybko\u015b\u0107 przep\u0142ywu stopionego materia\u0142u (MVR)<\/strong> poprzez wyt\u0142aczanie stopionego materia\u0142u z podgrzewanego cylindra przez matryc\u0119 o okre\u015blonej d\u0142ugo\u015bci i \u015brednicy w zadanych warunkach temperatury i obci\u0105\u017cenia.<\/p>\n<ul>\n<li><strong>MFR (Procedura A)<\/strong>: Ta metoda oblicza szybko\u015b\u0107 wyt\u0142aczania poprzez pomiar masy wyt\u0142aczanego materia\u0142u w ustalonym okresie (zazwyczaj 10 minut) w gramach na 10 minut (g\/10 min).<\/li>\n<li><strong>MVR (Procedura B)<\/strong>: W tej metodzie przemieszczenie t\u0142oka jest mierzone w okre\u015blonym czasie lub na okre\u015blonym dystansie, co pozwala uzyska\u0107 szybko\u015b\u0107 wyciskania w centymetrach sze\u015bciennych na 10 minut (cm\u00b3\/10 min).<\/li>\n<\/ul>\n<p>MVR mo\u017cna przekonwertowa\u0107 na MFR lub odwrotnie, je\u015bli <strong>g\u0119sto\u015b\u0107 stopu<\/strong> materia\u0142u w temperaturze testowej jest znana.<\/p>\n<h2><strong>Normy ISO 1133 i ASTM D1238<\/strong><\/h2>\n<p>Tester wska\u017anika p\u0142yni\u0119cia jest zgodny z uznanymi mi\u0119dzynarodowymi normami <strong>ISO 1133<\/strong> oraz <strong>ASTM D1238<\/strong>, zapewniaj\u0105c dok\u0142adne i powtarzalne wyniki pomiar\u00f3w w\u0142a\u015bciwo\u015bci p\u0142yni\u0119cia tworzyw termoplastycznych.<\/p>\n<ul>\n<li><a href=\"https:\/\/www.iso.org\/standard\/83905.html\" target=\"_blank\" rel=\"noopener nofollow\"><strong>ISO 1133-1<\/strong><\/a> oraz <a href=\"https:\/\/www.iso.org\/standard\/44274.html\" target=\"_blank\" rel=\"noopener nofollow\"><strong>ISO 1133-2<\/strong><\/a> okre\u015blaj\u0105 metody testowania dla <strong>MFR<\/strong> oraz <strong>MVR<\/strong> determinacja.<\/li>\n<li><a href=\"https:\/\/www.astm.org\/d1238-10.html\" target=\"_blank\" rel=\"noopener nofollow\"><strong>ASTM D1238<\/strong><\/a> zawiera wytyczne dotycz\u0105ce pomiaru szybko\u015bci p\u0142yni\u0119cia materia\u0142\u00f3w termoplastycznych w kontrolowanych warunkach temperatury, obci\u0105\u017cenia i matrycy.<\/li>\n<\/ul>\n<p>Standardy te maj\u0105 kluczowe znaczenie dla zapewnienia sp\u00f3jno\u015bci mi\u0119dzy r\u00f3\u017cnymi laboratoriami, producentami i bran\u017cami.<\/p>\n<h2><strong>Metody testowe dla MFR i MVR<\/strong><\/h2>\n<ul>\n<li><strong>Metoda pomiaru masy (MFR)<\/strong>: Ten test wa\u017cy ekstrudat wyprodukowany w okre\u015blonym czasie i wykorzystuje te dane do obliczenia szybko\u015bci przep\u0142ywu stopionego materia\u0142u w gramach na 10 minut.<\/li>\n<li><strong>Metoda pomiaru przemieszczenia (MVR)<\/strong>: Mierzy ruch t\u0142oka i oblicza szybko\u015b\u0107 wyciskania w centymetrach sze\u015bciennych na 10 minut.<\/li>\n<\/ul>\n<p><strong>Kontrola obci\u0105\u017cenia i temperatury<\/strong> maj\u0105 kluczowe znaczenie dla zapewnienia sp\u00f3jnych wynik\u00f3w. Tester Melt Flow Index mo\u017ce obs\u0142ugiwa\u0107 wiele opcji obci\u0105\u017cenia, pocz\u0105wszy od <strong>0,325 kg<\/strong> do <strong>21,6 kg<\/strong> w zale\u017cno\u015bci od testowanego materia\u0142u, a temperatura jest precyzyjnie kontrolowana, aby spe\u0142ni\u0107 standardy testowania.<\/p>\n<h2><strong>Wska\u017anik przep\u0142ywu stopionego materia\u0142u (MFR) i wska\u017anik obj\u0119to\u015bciowo-przep\u0142ywowy stopionego materia\u0142u (MVR)<\/strong><\/h2>\n<ul>\n<li><strong>MFR (szybko\u015b\u0107 przep\u0142ywu masy stopionej)<\/strong>: MFR to szybko\u015b\u0107, z jak\u0105 materia\u0142 polimerowy jest wyt\u0142aczany przez matryc\u0119 w okre\u015blonych warunkach obci\u0105\u017cenia, temperatury i wymiar\u00f3w matrycy. MFR jest podawany w <strong>gram\u00f3w na 10 minut<\/strong> (g\/10 min) lub <strong>decygram\u00f3w na minut\u0119<\/strong> (dg\/min).<\/li>\n<li><strong>MVR (szybko\u015b\u0107 przep\u0142ywu stopionego materia\u0142u)<\/strong>: MVR mierzy obj\u0119to\u015b\u0107 wyt\u0142aczanego materia\u0142u na jednostk\u0119 czasu (centymetry sze\u015bcienne na 10 minut) i jest szczeg\u00f3lnie przydatny w przypadku materia\u0142\u00f3w, kt\u00f3re nie maj\u0105 sta\u0142ej g\u0119sto\u015bci stopu.<\/li>\n<\/ul>\n<p>Pomiary te s\u0105 niezb\u0119dne dla producent\u00f3w do okre\u015blenia, jak \u0142atwo mo\u017cna przetwarza\u0107 tworzywo sztuczne, co wp\u0142ywa na jego wykorzystanie w r\u00f3\u017cnych zastosowaniach, od formowania wtryskowego po wyt\u0142aczanie.<\/p>\n<h2><strong>Obci\u0105\u017cenie w testach MFR i MVR<\/strong><\/h2>\n<p>The <strong>obci\u0105\u017cenie<\/strong> w testach MFR i MVR odnosi si\u0119 do \u0142\u0105cznej si\u0142y wywieranej przez t\u0142ok i wszelkie dodane obci\u0105\u017cniki. Si\u0142a ta ma kluczowe znaczenie dla okre\u015blenia szybko\u015bci wyt\u0142aczania materia\u0142u w okre\u015blonych warunkach. Si\u0142a <strong>obci\u0105\u017cenia nominalne<\/strong> Zazwyczaj u\u017cywane do testowania s\u0105 <strong>0,325 kg, 1,200 kg, 2,160 kg, 3,800 kg, 5,000 kg, 10,000 kg<\/strong>oraz <strong>21.600 kg<\/strong>. Prawid\u0142owe obci\u0105\u017cenie jest wybierane na podstawie lepko\u015bci materia\u0142u i po\u017c\u0105danych warunk\u00f3w testu.<\/p>\n<h2><strong>Kluczowe cechy testera wska\u017anika szybko\u015bci p\u0142yni\u0119cia<\/strong><\/h2>\n<ul>\n<li><strong>Precyzyjna kontrola temperatury<\/strong>: Regulowane elementy grzejne zapewniaj\u0105 dok\u0142adn\u0105 i sta\u0142\u0105 kontrol\u0119 temperatury w celu niezawodnego testowania szerokiej gamy tworzyw termoplastycznych.<\/li>\n<li><strong>Elastyczne opcje obci\u0105\u017cenia<\/strong>: Do wyboru s\u0105 r\u00f3\u017cne masy nominalne dostosowane do r\u00f3\u017cnych materia\u0142\u00f3w i warunk\u00f3w testowych.<\/li>\n<li><strong>Przyjazny dla u\u017cytkownika interfejs<\/strong>: Proste elementy steruj\u0105ce sprawiaj\u0105, \u017ce tester Melt Flow Index jest \u0142atwy w obs\u0142udze, umo\u017cliwiaj\u0105c szybk\u0105 konfiguracj\u0119 i dok\u0142adne testowanie.<\/li>\n<li><strong>Rejestrowanie i raportowanie danych<\/strong>: Zapewnia dok\u0142adne warto\u015bci MFR i MVR, kt\u00f3re mog\u0105 by\u0107 rejestrowane i przechowywane w celu p\u00f3\u017aniejszej analizy lub zapewnienia jako\u015bci.<\/li>\n<\/ul>\n<h2><strong>Dlaczego warto wybra\u0107 tester wska\u017anika p\u0142yni\u0119cia Cell Instruments?<\/strong><\/h2>\n<p>Tester Melt Flow Index firmy Cell Instruments zosta\u0142 zaprojektowany tak, aby zapewni\u0107 najwy\u017cszy poziom dok\u0142adno\u015bci i sp\u00f3jno\u015bci pomiaru MFR i MVR zgodnie z normami ISO 1133 i ASTM D1238. Nasze testery zosta\u0142y zaprojektowane z my\u015bl\u0105 o trwa\u0142o\u015bci i \u0142atwo\u015bci u\u017cytkowania, charakteryzuj\u0105c si\u0119 solidn\u0105 konstrukcj\u0105 i intuicyjnymi elementami steruj\u0105cymi.<\/p>\n<h2><strong>Korzy\u015bci<\/strong>:<\/h2>\n<ul>\n<li><strong>Dok\u0142adne wyniki<\/strong>: Spe\u0142nia mi\u0119dzynarodowe standardy, zapewniaj\u0105c precyzyjne pomiary przep\u0142ywu.<\/li>\n<li><strong>Opcje konfigurowalne<\/strong>: Konfigurowalny dla szerokiej gamy polimer\u00f3w i wymaga\u0144 testowych.<\/li>\n<li><strong>Niezawodno\u015b\u0107<\/strong>: Zaprojektowany do ci\u0105g\u0142ego u\u017cytku w warunkach przemys\u0142owych i badawczych.<\/li>\n<li><strong>Zgodno\u015b\u0107 z normami bran\u017cowymi<\/strong>: Zgodny z <strong>ISO 1133<\/strong> oraz <strong>ASTM D1238<\/strong>, zapewniaj\u0105c niezawodne i powtarzalne testy.<\/li>\n<\/ul>\n<p>Tester wska\u017anika p\u0142yni\u0119cia jest niezb\u0119dnym narz\u0119dziem do oceny zachowania p\u0142yni\u0119cia tworzyw termoplastycznych, zapewniaj\u0105c, \u017ce materia\u0142y spe\u0142niaj\u0105 wymagania dotycz\u0105ce ich przetwarzania. Niezale\u017cnie od tego, czy chodzi o kontrol\u0119 jako\u015bci, badania materia\u0142owe czy optymalizacj\u0119 produkcji, tester ten zapewnia wiarygodne i dok\u0142adne wyniki, zgodne z nast\u0119puj\u0105cymi normami <strong>ISO 1133<\/strong> oraz <strong>ASTM D1238<\/strong> standardy. Dzi\u0119ki konfigurowalnym opcjom i przyjaznej dla u\u017cytkownika obs\u0142udze, tester Melt Flow Index firmy Cell Instruments jest idealnym wyborem dla ka\u017cdego laboratorium lub \u015brodowiska produkcyjnego.<\/p>","protected":false},"excerpt":{"rendered":"<p>The <strong>Tester wska\u017anika p\u0142yni\u0119cia<\/strong> to wysoce precyzyjne urz\u0105dzenie zaprojektowane do pomiaru charakterystyki p\u0142yni\u0119cia materia\u0142\u00f3w termoplastycznych w kontrolowanych warunkach. Okre\u015blaj\u0105c masowy wska\u017anik p\u0142yni\u0119cia (MFR) i obj\u0119to\u015bciowy wska\u017anik p\u0142yni\u0119cia (MVR), tester ten zapewnia cenny wgl\u0105d w przetwarzalno\u015b\u0107 polimer\u00f3w, co jest niezb\u0119dne do kontroli jako\u015bci, wyboru materia\u0142\u00f3w i optymalizacji produkcji. Niezale\u017cnie od tego, czy jest u\u017cywany w przemy\u015ble motoryzacyjnym, farmaceutycznym, opakowa\u0144 do \u017cywno\u015bci czy elektronicznym, tester wska\u017anika p\u0142yni\u0119cia zapewnia, \u017ce materia\u0142y spe\u0142niaj\u0105 okre\u015blone w\u0142a\u015bciwo\u015bci p\u0142yni\u0119cia w celu niezawodnego przetwarzania.<\/p>","protected":false},"featured_media":6307,"comment_status":"closed","ping_status":"closed","template":"","meta":{"site-sidebar-layout":"default","site-content-layout":"default","ast-global-header-display":"","ast-main-header-display":"","ast-hfb-above-header-display":"","ast-hfb-below-header-display":"","ast-hfb-mobile-header-display":"","site-post-title":"","ast-breadcrumbs-content":"","ast-featured-img":"","footer-sml-layout":"","theme-transparent-header-meta":"default","adv-header-id-meta":"","stick-header-meta":"","header-above-stick-meta":"","header-main-stick-meta":"","header-below-stick-meta":""},"product_cat":[1127,845,1126,1125,16,95],"product_tag":[],"class_list":{"0":"post-5418","1":"product","2":"type-product","3":"status-publish","4":"has-post-thumbnail","6":"product_cat-astm-d1238","7":"product_cat-customization","8":"product_cat-iso-1133-1","9":"product_cat-iso-1133-2","10":"product_cat-plastic-packaging-testers","11":"product_cat-products","12":"desktop-align-left","13":"tablet-align-left","14":"mobile-align-left","16":"first","17":"instock","18":"shipping-taxable","19":"product-type-simple"},"_links":{"self":[{"href":"https:\/\/www.qualitester.com\/pl\/wp-json\/wp\/v2\/product\/5418","targetHints":{"allow":["GET"]}}],"collection":[{"href":"https:\/\/www.qualitester.com\/pl\/wp-json\/wp\/v2\/product"}],"about":[{"href":"https:\/\/www.qualitester.com\/pl\/wp-json\/wp\/v2\/types\/product"}],"replies":[{"embeddable":true,"href":"https:\/\/www.qualitester.com\/pl\/wp-json\/wp\/v2\/comments?post=5418"}],"version-history":[{"count":0,"href":"https:\/\/www.qualitester.com\/pl\/wp-json\/wp\/v2\/product\/5418\/revisions"}],"wp:featuredmedia":[{"embeddable":true,"href":"https:\/\/www.qualitester.com\/pl\/wp-json\/wp\/v2\/media\/6307"}],"wp:attachment":[{"href":"https:\/\/www.qualitester.com\/pl\/wp-json\/wp\/v2\/media?parent=5418"}],"wp:term":[{"taxonomy":"product_cat","embeddable":true,"href":"https:\/\/www.qualitester.com\/pl\/wp-json\/wp\/v2\/product_cat?post=5418"},{"taxonomy":"product_tag","embeddable":true,"href":"https:\/\/www.qualitester.com\/pl\/wp-json\/wp\/v2\/product_tag?post=5418"}],"curies":[{"name":"wp","href":"https:\/\/api.w.org\/{rel}","templated":true}]}}