{"id":5394,"date":"2024-11-18T10:48:02","date_gmt":"2024-11-18T02:48:02","guid":{"rendered":"https:\/\/www.qualitester.com\/?post_type=product&#038;p=5394"},"modified":"2024-11-18T10:48:04","modified_gmt":"2024-11-18T02:48:04","slug":"sale-rolling-ball-tack-tester","status":"publish","type":"product","link":"https:\/\/www.qualitester.com\/pl\/produkt-2\/sale-rolling-ball-tack-tester\/","title":{"rendered":"Tester przyczepno\u015bci BTT Rolling Ball"},"content":{"rendered":"<h2><strong>Wprowadzenie do urz\u0105dzenia Rolling Ball Tack Tester<\/strong><\/h2>\n<p>The <strong>Rolling Ball Tack Tester<\/strong> jest niezb\u0119dnym narz\u0119dziem do oceny lepko\u015bci klej\u00f3w wra\u017cliwych na nacisk (PSA). Mierzy zdolno\u015b\u0107 kleju do szybkiego wi\u0105zania si\u0119 z powierzchni\u0105 za pomoc\u0105 prostej i powtarzalnej metody testowej. Ten tester jest szeroko stosowany w bran\u017cach takich jak opakowania, urz\u0105dzenia medyczne, elektronika i produkcja klej\u00f3w, gdzie sta\u0142a wydajno\u015b\u0107 kleju ma kluczowe znaczenie. Zaprojektowany do kontroli jako\u015bci, test przyczepno\u015bci z tocz\u0105c\u0105 si\u0119 kulk\u0105 zapewnia precyzyjne wykrywanie r\u00f3\u017cnic mi\u0119dzy partiami, dzi\u0119ki czemu jest niezb\u0119dny do utrzymania wysokich standard\u00f3w produktu.<\/p>\n<h2><strong>Kluczowe cechy urz\u0105dzenia Rolling Ball Tack Tester<\/strong><\/h2>\n<ul>\n<li><strong>Dok\u0142adne i powtarzalne wyniki:<\/strong> Zaprojektowany do u\u017cytku laboratoryjnego, oferuj\u0105cy niezawodne wykrywanie zmian przyczepno\u015bci.<\/li>\n<li><strong>Dwa solidne modele:<\/strong>\n<ul>\n<li><strong>BTT-01 Tough Type:<\/strong> Posiada nachylon\u0105 rynn\u0119 i d\u017awigni\u0119 zwalniaj\u0105c\u0105, kt\u00f3ra umo\u017cliwia przetoczenie stalowej kulki 7\/16 cala (11,1 mm) po kleju.<\/li>\n<li><strong>BTT-02 Typ nachylony:<\/strong> Wyposa\u017cony w regulowane p\u0142yty nachylone (20\u00b0, 30\u00b0 lub 40\u00b0) dla elastycznych konfiguracji testowych i zwi\u0119kszonej wszechstronno\u015bci.<\/li>\n<\/ul>\n<\/li>\n<li><strong>\u0141atwo\u015b\u0107 u\u017cytkowania:<\/strong> Do obs\u0142ugi wymagane jest minimalne szkolenie, co czyni go idealnym rozwi\u0105zaniem do szybkiej i ekonomicznej kontroli jako\u015bci.<\/li>\n<\/ul>\n<h3>G\u0142\u00f3wny parametr<\/h3>\n<h4>BTT-01<\/h4>\n<table>\n<tbody>\n<tr>\n<td width=\"167\">D\u0142ugo\u015b\u0107 koryta<\/td>\n<td width=\"167\">6,5 cala<\/td>\n<\/tr>\n<tr>\n<td width=\"167\">K\u0105t nachylenia<\/td>\n<td width=\"167\">21.3\u00b0<\/td>\n<\/tr>\n<tr>\n<td width=\"167\">Rolling Ball<\/td>\n<td width=\"167\">7\/16 cala (nr 14)<\/td>\n<\/tr>\n<tr>\n<td width=\"167\">Wymiar<\/td>\n<td width=\"167\">210*50*80mm LWH<\/td>\n<\/tr>\n<tr>\n<td width=\"167\">Waga<\/td>\n<td width=\"167\">0,5 kg<\/td>\n<\/tr>\n<\/tbody>\n<\/table>\n<h4>BTT-02<\/h4>\n<table>\n<tbody>\n<tr>\n<td width=\"167\">K\u0105t nachylenia<\/td>\n<td width=\"167\">0~60\u00b0<\/td>\n<\/tr>\n<tr>\n<td width=\"167\">Szeroko\u015b\u0107 obszaru testowego<\/td>\n<td width=\"167\">120 mm<\/td>\n<\/tr>\n<tr>\n<td width=\"167\">Rolling Ball<\/td>\n<td width=\"167\">1\/32~1 cal<\/td>\n<\/tr>\n<tr>\n<td width=\"167\">Wymiar<\/td>\n<td width=\"167\">320*140*180mm LWH<\/td>\n<\/tr>\n<tr>\n<td width=\"167\">Waga<\/td>\n<td width=\"167\">6 kg<\/td>\n<\/tr>\n<\/tbody>\n<\/table>\n<h2><strong>Zastosowania rolkowego testera kulkowego<\/strong><\/h2>\n<p>Tester jest szeroko stosowany w r\u00f3\u017cnych bran\u017cach, w tym:<\/p>\n<ul>\n<li><strong>Opakowanie:<\/strong> Zapewnia sp\u00f3jne przyleganie etykiet i plomb.<\/li>\n<li><strong>Produkcja klej\u00f3w:<\/strong> Potwierdza dzia\u0142anie samoprzylepnych ta\u015bm i folii samoprzylepnych.<\/li>\n<li><strong>Elektronika:<\/strong> Ocenia kleje do monta\u017cu urz\u0105dze\u0144.<\/li>\n<li><strong>Urz\u0105dzenia medyczne:<\/strong> Weryfikuje niezawodno\u015b\u0107 kleju dla bezpiecznego \u0142\u0105czenia.<\/li>\n<\/ul>\n<h2><strong>Odpowiednie normy dotycz\u0105ce test\u00f3w na rozci\u0105ganie kulki tocznej<\/strong><\/h2>\n<p>The <strong>Rolling Ball Tack Tester<\/strong> spe\u0142nia nast\u0119puj\u0105ce kluczowe standardy:<\/p>\n<ul>\n<li><strong><a href=\"https:\/\/pstc.org\/resources\/test-methods\/\" target=\"_blank\" rel=\"noopener nofollow\">PSTC-6<\/a>:<\/strong> Koncentruje si\u0119 na por\u00f3wnawczym pomiarze przyczepno\u015bci klej\u00f3w, zapewniaj\u0105c jasne wytyczne dotycz\u0105ce kontroli jako\u015bci.<\/li>\n<li><strong><a href=\"https:\/\/www.astm.org\/d3121-17.html\" target=\"_blank\" rel=\"noopener nofollow\">ASTM D3121<\/a>:<\/strong> Okre\u015bla metod\u0119 tocz\u0105cej si\u0119 kulki do okre\u015blania przyczepno\u015bci, zapewniaj\u0105c powtarzalno\u015b\u0107 i precyzj\u0119 w ocenie kleju.<\/li>\n<li><strong>JIS Z0237:<\/strong> Japo\u0144ski standard przemys\u0142owy dla test\u00f3w przyczepno\u015bci kleju, k\u0142ad\u0105cy nacisk na jednolito\u015b\u0107 i dok\u0142adno\u015b\u0107 wynik\u00f3w test\u00f3w.<br \/>\nStandardy te ustanawiaj\u0105 solidne ramy, dzi\u0119ki czemu tester jest zaufanym narz\u0119dziem do zapewniania jako\u015bci kleju na ca\u0142ym \u015bwiecie.<\/li>\n<\/ul>\n<h2><strong>Metodologia test\u00f3w<\/strong><\/h2>\n<ol>\n<li><strong>Przygotuj pr\u00f3bk\u0119 kleju:<\/strong> Przymocuj foli\u0119 samoprzylepn\u0105 lub pod\u0142o\u017ce do powierzchni testowej.<\/li>\n<li><strong>Ustaw k\u0105t nachylenia:<\/strong> Wyreguluj pochylon\u0105 p\u0142yt\u0119 do \u017c\u0105danego k\u0105ta (20\u00b0, 30\u00b0 lub 40\u00b0 dla BTT-02).<\/li>\n<li><strong>Uwolnij pi\u0142k\u0119:<\/strong> Umie\u015b\u0107 stalow\u0105 kulk\u0119 na szczycie pochylni i zwolnij j\u0105 za pomoc\u0105 d\u017awigni lub p\u0142yty.<\/li>\n<li><strong>Oceni\u0107 osi\u0105gi plecaka:<\/strong> Obserwuj odleg\u0142o\u015b\u0107 przebyt\u0105 przez kulk\u0119 przed zatrzymaniem, wskazuj\u0105c si\u0142\u0119 przylegania kleju.<\/li>\n<\/ol>\n<p>Ta prosta, ale skuteczna metoda zapewnia sp\u00f3jne i powtarzalne wyniki, dzi\u0119ki czemu idealnie nadaje si\u0119 do rutynowych kontroli jako\u015bci.<\/p>\n<h2><strong>Zalety urz\u0105dzenia Rolling Ball Tack Tester<\/strong><\/h2>\n<ul>\n<li><strong>Szybko\u015b\u0107 i op\u0142acalno\u015b\u0107:<\/strong> Szybka metoda, kt\u00f3ra wymaga minimalnych inwestycji w sprz\u0119t.<\/li>\n<li><strong>Niezawodna kontrola jako\u015bci:<\/strong> Skutecznie wykrywa niesp\u00f3jno\u015bci kleju, zapewniaj\u0105c jako\u015b\u0107 partii.<\/li>\n<li><strong>\u0141atwo\u015b\u0107 obs\u0142ugi:<\/strong> Prosty proces testowania odpowiedni dla operator\u00f3w na wszystkich poziomach do\u015bwiadczenia.<\/li>\n<li><strong>Zgodno\u015b\u0107 z normami:<\/strong> Spe\u0142nia globalne normy testowe, takie jak PSTC-6, ASTM D3121 i JIS Z0237.<\/li>\n<\/ul>\n<h2><strong>Dlaczego warto wybra\u0107 Cell Instruments do testowania przyczepno\u015bci kulek tocznych?<\/strong><\/h2>\n<p>Jako wiod\u0105cy producent przyrz\u0105d\u00f3w do testowania materia\u0142\u00f3w, Cell Instruments zapewnia najwy\u017cszej jako\u015bci rozwi\u0105zania dostosowane do Twoich potrzeb. Nasze <strong>BTT-01<\/strong> oraz <strong>BTT-02 Rolling Ball Tack Testers<\/strong> s\u0105 zaprojektowane tak, aby zapewnia\u0107 precyzyjne wyniki przy zachowaniu zgodno\u015bci z mi\u0119dzynarodowymi standardami. Dzi\u0119ki naszemu do\u015bwiadczeniu w dostosowywaniu i automatyzacji zapewniamy, \u017ce nasze produkty spe\u0142niaj\u0105 okre\u015blone wymagania testowe. Zaufaj nam, \u017ce pomo\u017cemy Ci utrzyma\u0107 wysokie standardy w zakresie wydajno\u015bci kleju i zapewnienia jako\u015bci.<\/p>\n<h2><strong>Cz\u0119sto zadawane pytania na temat test\u00f3w przyczepno\u015bci kulki tocznej<\/strong><\/h2>\n<ol>\n<li><strong>Czym jest \"lepko\u015b\u0107\" w bran\u017cy klej\u00f3w?<\/strong>\n<ul>\n<li>Przyczepno\u015b\u0107 odnosi si\u0119 do w\u0142a\u015bciwo\u015bci kleju do tworzenia wi\u0105zania o mierzalnej wytrzyma\u0142o\u015bci natychmiast po kontakcie z minimalnym naciskiem.<\/li>\n<\/ul>\n<\/li>\n<li><strong>Czym r\u00f3\u017cni si\u0119 test przyczepno\u015bci tocz\u0105cej si\u0119 kulki od innych test\u00f3w przyczepno\u015bci?<\/strong>\n<ul>\n<li>Jest to metoda por\u00f3wnawcza, kt\u00f3ra ocenia przyczepno\u015b\u0107 poprzez obserwacj\u0119, jak daleko tocz\u0105ca si\u0119 kulka porusza si\u0119 po kleju.<\/li>\n<\/ul>\n<\/li>\n<li><strong>Kt\u00f3re bran\u017ce odnosz\u0105 najwi\u0119ksze korzy\u015bci z tego testu?<\/strong>\n<ul>\n<li>Bran\u017ce takie jak opakowania, urz\u0105dzenia medyczne, produkcja klej\u00f3w i elektronika polegaj\u0105 na tym te\u015bcie do kontroli jako\u015bci.<\/li>\n<\/ul>\n<\/li>\n<li><strong>Jakie rodzaje klej\u00f3w mo\u017cna testowa\u0107?<\/strong>\n<ul>\n<li>Wi\u0119kszo\u015b\u0107 klej\u00f3w wra\u017cliwych na nacisk (PSA), w tym ta\u015bmy i folie, mo\u017cna oceni\u0107 za pomoc\u0105 tej metody.<\/li>\n<\/ul>\n<\/li>\n<li><strong>W jaki spos\u00f3b normy PSTC-6, ASTM D3121 i JIS Z0237 zapewniaj\u0105 dok\u0142adno\u015b\u0107 test\u00f3w?<\/strong>\n<ul>\n<li>Normy te zawieraj\u0105 \u015bcis\u0142e wytyczne dotycz\u0105ce konfiguracji, wykonania i interpretacji wynik\u00f3w test\u00f3w, zapewniaj\u0105c wiarygodne i powtarzalne pomiary.<\/li>\n<\/ul>\n<\/li>\n<\/ol>\n<div id=\"gtx-anchor\" style=\"position: absolute; visibility: hidden; left: 77.5156px; top: 1422.97px; width: 54.8594px; height: 19px;\"><\/div>\n<div class=\"jfk-bubble gtx-bubble\" style=\"visibility: visible; left: 90px; top: 1255px; opacity: 1;\" role=\"alertdialog\" aria-describedby=\"bubble-6\">\n<div id=\"bubble-6\" class=\"jfk-bubble-content-id\">\n<div id=\"gtx-host\" style=\"min-width: 200px; max-width: 400px;\"><\/div>\n<\/div>\n<div class=\"jfk-bubble-closebtn-id jfk-bubble-closebtn\" tabindex=\"0\" role=\"button\" aria-label=\"Zamknij\"><\/div>\n<div class=\"jfk-bubble-arrow-id jfk-bubble-arrow jfk-bubble-arrowdown\" style=\"left: 105.016px;\">\n<div class=\"jfk-bubble-arrowimplbefore\"><\/div>\n<div class=\"jfk-bubble-arrowimplafter\"><\/div>\n<\/div>\n<\/div>","protected":false},"excerpt":{"rendered":"<p>The <strong>Rolling Ball Tack Tester<\/strong> jest niezb\u0119dnym narz\u0119dziem do oceny lepko\u015bci klej\u00f3w wra\u017cliwych na nacisk (PSA). Mierzy zdolno\u015b\u0107 kleju do szybkiego wi\u0105zania si\u0119 z powierzchni\u0105 za pomoc\u0105 prostej i powtarzalnej metody testowej. Ten tester jest szeroko stosowany w bran\u017cach takich jak opakowania, urz\u0105dzenia medyczne, elektronika i produkcja klej\u00f3w, gdzie sta\u0142a wydajno\u015b\u0107 kleju ma kluczowe znaczenie. Zaprojektowany do kontroli jako\u015bci, test przyczepno\u015bci z tocz\u0105c\u0105 si\u0119 kulk\u0105 zapewnia precyzyjne wykrywanie r\u00f3\u017cnic mi\u0119dzy partiami, dzi\u0119ki czemu jest niezb\u0119dny do utrzymania wysokich standard\u00f3w produktu.<\/p>","protected":false},"featured_media":5395,"comment_status":"closed","ping_status":"closed","template":"","meta":{"site-sidebar-layout":"default","site-content-layout":"default","ast-global-header-display":"","ast-main-header-display":"","ast-hfb-above-header-display":"","ast-hfb-below-header-display":"","ast-hfb-mobile-header-display":"","site-post-title":"","ast-breadcrumbs-content":"","ast-featured-img":"","footer-sml-layout":"","theme-transparent-header-meta":"default","adv-header-id-meta":"","stick-header-meta":"","header-above-stick-meta":"","header-main-stick-meta":"","header-below-stick-meta":""},"product_cat":[1115,943,1114,673],"product_tag":[],"class_list":{"0":"post-5394","1":"product","2":"type-product","3":"status-publish","4":"has-post-thumbnail","6":"product_cat-astm-d3121","7":"product_cat-ball-tack-tester","8":"product_cat-pstc-6","9":"product_cat-adhesive-tester","10":"desktop-align-left","11":"tablet-align-left","12":"mobile-align-left","14":"first","15":"instock","16":"shipping-taxable","17":"product-type-simple"},"_links":{"self":[{"href":"https:\/\/www.qualitester.com\/pl\/wp-json\/wp\/v2\/product\/5394","targetHints":{"allow":["GET"]}}],"collection":[{"href":"https:\/\/www.qualitester.com\/pl\/wp-json\/wp\/v2\/product"}],"about":[{"href":"https:\/\/www.qualitester.com\/pl\/wp-json\/wp\/v2\/types\/product"}],"replies":[{"embeddable":true,"href":"https:\/\/www.qualitester.com\/pl\/wp-json\/wp\/v2\/comments?post=5394"}],"version-history":[{"count":0,"href":"https:\/\/www.qualitester.com\/pl\/wp-json\/wp\/v2\/product\/5394\/revisions"}],"wp:featuredmedia":[{"embeddable":true,"href":"https:\/\/www.qualitester.com\/pl\/wp-json\/wp\/v2\/media\/5395"}],"wp:attachment":[{"href":"https:\/\/www.qualitester.com\/pl\/wp-json\/wp\/v2\/media?parent=5394"}],"wp:term":[{"taxonomy":"product_cat","embeddable":true,"href":"https:\/\/www.qualitester.com\/pl\/wp-json\/wp\/v2\/product_cat?post=5394"},{"taxonomy":"product_tag","embeddable":true,"href":"https:\/\/www.qualitester.com\/pl\/wp-json\/wp\/v2\/product_tag?post=5394"}],"curies":[{"name":"wp","href":"https:\/\/api.w.org\/{rel}","templated":true}]}}