{"id":5382,"date":"2024-11-15T11:14:56","date_gmt":"2024-11-15T03:14:56","guid":{"rendered":"https:\/\/www.qualitester.com\/?post_type=product&#038;p=5382"},"modified":"2024-12-05T14:22:11","modified_gmt":"2024-12-05T06:22:11","slug":"sale-packaging-vibration-testing-machine","status":"publish","type":"product","link":"https:\/\/www.qualitester.com\/pl\/produkt-2\/sale-packaging-vibration-testing-machine\/","title":{"rendered":"Maszyna do testowania wibracji opakowa\u0144 VTM-01"},"content":{"rendered":"<h3>Wprowadzenie do maszyny do testowania wibracji opakowa\u0144<\/h3>\n<p>The <strong>Maszyna do testowania wibracji opakowa\u0144<\/strong> jest solidnym i niezb\u0119dnym narz\u0119dziem dla bran\u017c, kt\u00f3rym zale\u017cy na zapewnieniu trwa\u0142o\u015bci i niezawodno\u015bci opakowa\u0144 w rzeczywistych warunkach. Zaprojektowana do testowania kompletnych opakowa\u0144 transportowych lub wype\u0142nionych \u0142adunk\u00f3w jednostkowych, maszyna ta pomaga symulowa\u0107 napr\u0119\u017cenia, jakim poddawane s\u0105 opakowania podczas przenoszenia, wysy\u0142ki i przechowywania. Znajduj\u0105ca szerokie zastosowanie w sektorach takich jak opakowania, \u017cywno\u015b\u0107, farmaceutyki, elektronika i kontrola jako\u015bci, maszyna ta jest nieoceniona przy sprawdzaniu, czy opakowania zapewniaj\u0105 odpowiedni\u0105 ochron\u0119 ich zawarto\u015bci.<\/p>\n<h2>Kluczowe zastosowania maszyny do testowania wibracji opakowa\u0144<\/h2>\n<p>Nasza maszyna do testowania wibracji opakowa\u0144 zapewnia kontrolowane \u015brodowisko do oceny odporno\u015bci opakowa\u0144 na wibracje o niskiej cz\u0119stotliwo\u015bci. Jest to idealne rozwi\u0105zanie dla:<\/p>\n<ul>\n<li>Ocena integralno\u015bci strukturalnej opakowa\u0144 transportowych i zapewnienie skuteczno\u015bci ochrony.<\/li>\n<li>Testowanie nape\u0142nionych \u0142adunk\u00f3w jednostkowych w celu zapobiegania potencjalnym uszkodzeniom produktu podczas dystrybucji.<\/li>\n<li>Przeprowadzanie ocen trwa\u0142o\u015bci opakowa\u0144 stosowanych w r\u00f3\u017cnych bran\u017cach, zapewniaj\u0105cych ochron\u0119 zawarto\u015bci przed wstrz\u0105sami, wibracjami i nieostro\u017cnym obchodzeniem si\u0119.<\/li>\n<\/ul>\n<h2>Zasada dzia\u0142ania maszyny do testowania wibracji opakowa\u0144<\/h2>\n<p>Urz\u0105dzenie to dzia\u0142a poprzez zastosowanie wzbudzenia sinusoidalnego o sta\u0142ej niskiej cz\u0119stotliwo\u015bci. Pr\u00f3bki testowe s\u0105 umieszczane na stole wibracyjnym, gdzie w kontrolowanych warunkach s\u0105 poddawane si\u0142om wibracyjnym, kt\u00f3re na\u015bladuj\u0105 \u015brodowisko transportowe. Warunki takie jak parametry atmosferyczne, cz\u0119stotliwo\u015b\u0107 drga\u0144, czas trwania i metoda ograniczania s\u0105 ustalane z wyprzedzeniem w celu zapewnienia dok\u0142adno\u015bci. Dzi\u0119ki zautomatyzowanym, elektronicznym metodom pomiarowym, ta maszyna do test\u00f3w wibracyjnych usprawnia testowanie, zapewniaj\u0105c szybko\u015b\u0107 i precyzj\u0119, pomagaj\u0105c zmniejszy\u0107 b\u0142\u0119dy ludzkie i dostarczaj\u0105c powtarzalne wyniki.<\/p>\n<h2>Korzy\u015bci z u\u017cywania maszyny do testowania wibracji opakowa\u0144<\/h2>\n<ul>\n<li><strong>Wysoka precyzja<\/strong>: Zautomatyzowane i elektroniczne pomiary zwi\u0119kszaj\u0105 dok\u0142adno\u015b\u0107 i sp\u00f3jno\u015b\u0107 test\u00f3w, eliminuj\u0105c subiektywno\u015b\u0107.<\/li>\n<li><strong>\u0141atwo\u015b\u0107 u\u017cytkowania<\/strong>: Wystarczy umie\u015bci\u0107 pakiet na platformie, aby rozpocz\u0105\u0107 testowanie, dzi\u0119ki czemu jest on dost\u0119pny nawet dla operator\u00f3w z minimalnym przeszkoleniem.<\/li>\n<li><strong>Wydajne testowanie<\/strong>: Funkcja automatycznego powrotu urz\u0105dzenia umo\u017cliwia ci\u0105g\u0142e, usprawnione testowanie bez r\u0119cznego resetowania, oszcz\u0119dzaj\u0105c czas i prac\u0119.<\/li>\n<\/ul>\n<p>Ta maszyna jest krytycznym narz\u0119dziem dla firm d\u0105\u017c\u0105cych do niezawodnej kontroli jako\u015bci w pakowaniu i dystrybucji.<\/p>\n<h2>Zgodno\u015b\u0107 z g\u0142\u00f3wnymi standardami<\/h2>\n<h3>ASTM D999: Standard test\u00f3w wibracyjnych<\/h3>\n<p><a href=\"https:\/\/www.astm.org\/d0999-08r15.html\" target=\"_blank\" rel=\"noopener nofollow\">ASTM D999<\/a> to autorytatywna norma dotycz\u0105ca test\u00f3w wibracyjnych o niskiej cz\u0119stotliwo\u015bci, zaprojektowana specjalnie w celu oceny odporno\u015bci opakowa\u0144 na wibracje imituj\u0105ce warunki transportu. Norma ta okre\u015bla metody testowania w celu dok\u0142adnej oceny wydajno\u015bci opakowania, pomagaj\u0105c zapewni\u0107 bezpiecze\u0144stwo produktu i minimalizuj\u0105c uszkodzenia podczas transportu. Dzi\u0119ki zgodno\u015bci z <a href=\"https:\/\/www.qualitester.com\/pl\/kategoria-produktu\/astm\/astm-d999\/\" target=\"_blank\" rel=\"noopener\">ASTM D999<\/a>, Nasza maszyna oferuje niezawodne i znormalizowane testy wibracyjne zgodne z najlepszymi praktykami bran\u017cowymi.<\/p>\n<h3>ISO 2247: Wymagania dotycz\u0105ce pakowania i dystrybucji<\/h3>\n<p><a href=\"https:\/\/www.iso.org\/standard\/32412.html\" target=\"_blank\" rel=\"noopener nofollow\">ISO 2247<\/a> okre\u015bla wymagania dotycz\u0105ce test\u00f3w wibracyjnych niezb\u0119dnych dla opakowa\u0144 przeznaczonych do globalnej dystrybucji. Dzi\u0119ki zgodno\u015bci z norm\u0105 ISO 2247, maszyna do testowania wibracji opakowa\u0144 zapewnia, \u017ce opakowania spe\u0142niaj\u0105 oczekiwania w zakresie trwa\u0142o\u015bci i bezpiecze\u0144stwa okre\u015blone w mi\u0119dzynarodowych normach. Zgodno\u015b\u0107 z norm\u0105 ISO 2247 daje firmom dodatkow\u0105 pewno\u015b\u0107, \u017ce ich rozwi\u0105zania opakowaniowe s\u0105 zgodne z globalnymi wymaganiami transportowymi.<\/p>\n<h3>Specyfikacje techniczne maszyny do testowania wibracji opakowa\u0144<\/h3>\n<ul>\n<li><strong>Zakres cz\u0119stotliwo\u015bci<\/strong>: Zestaw pokrywaj\u0105cy typowe wymagania niskiej cz\u0119stotliwo\u015bci w symulacjach transportu.<\/li>\n<li><strong>Ud\u017awig<\/strong>: Zaprojektowany do obs\u0142ugi opakowa\u0144 o r\u00f3\u017cnych rozmiarach i wadze.<\/li>\n<li><strong>Wymiary sto\u0142u<\/strong>: Wystarczaj\u0105co du\u017cy, aby pomie\u015bci\u0107 r\u00f3\u017cne pr\u00f3bki testowe, oferuj\u0105c elastyczno\u015b\u0107 w r\u00f3\u017cnych typach produkt\u00f3w.<\/li>\n<li><strong>Tryby testowania<\/strong>: Obs\u0142uguje symulacje drga\u0144 o sta\u0142ej cz\u0119stotliwo\u015bci i powtarzaj\u0105cych si\u0119 wstrz\u0105s\u00f3w, aby spe\u0142ni\u0107 r\u00f3\u017cnorodne potrzeby testowe.<\/li>\n<\/ul>\n<h2>Jak maszyna do testowania wibracji opakowa\u0144 zapewnia bezpiecze\u0144stwo produkt\u00f3w<\/h2>\n<p>Korzystanie z maszyny do testowania wibracji opakowa\u0144 umo\u017cliwia producentom i spedytorom przewidywanie i ograniczanie ryzyka, na jakie mog\u0105 by\u0107 nara\u017cone produkty podczas transportu. Symuluj\u0105c rzeczywiste warunki, urz\u0105dzenie to pozwala na wczesn\u0105 identyfikacj\u0119 s\u0142abych punkt\u00f3w opakowania, zmniejszaj\u0105c liczb\u0119 zwrot\u00f3w produkt\u00f3w i poprawiaj\u0105c zadowolenie klient\u00f3w. Maszyna ta jest niezb\u0119dna dla dzia\u0142\u00f3w kontroli jako\u015bci koncentruj\u0105cych si\u0119 na stabilno\u015bci wysy\u0142ki i kompleksowej ochronie produktu.<\/p>\n<h2>Zgodno\u015b\u0107 z dodatkowymi normami (seria ISTA, GB 4857.7)<\/h2>\n<p>Opr\u00f3cz norm ASTM D999 i ISO 2247, nasza maszyna do badania wibracji opakowa\u0144 jest r\u00f3wnie\u017c zgodna z normami serii ISTA i GB 4857.7. Te dodatkowe normy sprawiaj\u0105, \u017ce maszyna jest kompatybilna z szeregiem mi\u0119dzynarodowych protoko\u0142\u00f3w testowych, co dodatkowo wzmacnia jej wszechstronno\u015b\u0107 i wiarygodno\u015b\u0107 w globalnym zapewnianiu jako\u015bci opakowa\u0144.<\/p>\n<p>Maszyna do testowania wibracji opakowa\u0144 to idealne rozwi\u0105zanie dla firm, dla kt\u00f3rych priorytetem jest jako\u015b\u0107, niezawodno\u015b\u0107 i zgodno\u015b\u0107 z mi\u0119dzynarodowymi normami. Korzystaj\u0105c z tej maszyny, firmy mog\u0105 usprawni\u0107 swoje procesy kontroli jako\u015bci dzi\u0119ki wysoce precyzyjnym, znormalizowanym testom wibracyjnym, kt\u00f3re s\u0105 zgodne z normami ASTM D999 i ISO 2247. Dzi\u0119ki przyjaznej dla u\u017cytkownika konstrukcji, zautomatyzowanej funkcjonalno\u015bci i solidnej wydajno\u015bci, nasza maszyna do test\u00f3w wibracyjnych jest cenn\u0105 inwestycj\u0105 w jako\u015b\u0107 produktu i zadowolenie klienta.<\/p>","protected":false},"excerpt":{"rendered":"<p>The <strong>Maszyna do testowania wibracji opakowa\u0144<\/strong> jest solidnym i niezb\u0119dnym narz\u0119dziem dla bran\u017c, kt\u00f3rym zale\u017cy na zapewnieniu trwa\u0142o\u015bci i niezawodno\u015bci opakowa\u0144 w rzeczywistych warunkach. Zaprojektowana do testowania kompletnych opakowa\u0144 transportowych lub wype\u0142nionych \u0142adunk\u00f3w jednostkowych, maszyna ta pomaga symulowa\u0107 napr\u0119\u017cenia, jakim poddawane s\u0105 opakowania podczas przenoszenia, wysy\u0142ki i przechowywania. Znajduj\u0105ca szerokie zastosowanie w sektorach takich jak opakowania, \u017cywno\u015b\u0107, farmaceutyki, elektronika i kontrola jako\u015bci, maszyna ta jest nieoceniona przy sprawdzaniu, czy opakowania zapewniaj\u0105 odpowiedni\u0105 ochron\u0119 ich zawarto\u015bci.<\/p>","protected":false},"featured_media":6256,"comment_status":"closed","ping_status":"closed","template":"","meta":{"site-sidebar-layout":"default","site-content-layout":"default","ast-global-header-display":"","ast-main-header-display":"","ast-hfb-above-header-display":"","ast-hfb-below-header-display":"","ast-hfb-mobile-header-display":"","site-post-title":"","ast-breadcrumbs-content":"","ast-featured-img":"","footer-sml-layout":"","theme-transparent-header-meta":"default","adv-header-id-meta":"","stick-header-meta":"","header-above-stick-meta":"","header-main-stick-meta":"","header-below-stick-meta":""},"product_cat":[845,1112,1161,17,95],"product_tag":[],"class_list":{"0":"post-5382","1":"product","2":"type-product","3":"status-publish","4":"has-post-thumbnail","6":"product_cat-customization","7":"product_cat-astm-d999","8":"product_cat-iso-2247","9":"product_cat-package-container-testers","10":"product_cat-products","11":"desktop-align-left","12":"tablet-align-left","13":"mobile-align-left","15":"first","16":"instock","17":"shipping-taxable","18":"product-type-simple"},"_links":{"self":[{"href":"https:\/\/www.qualitester.com\/pl\/wp-json\/wp\/v2\/product\/5382","targetHints":{"allow":["GET"]}}],"collection":[{"href":"https:\/\/www.qualitester.com\/pl\/wp-json\/wp\/v2\/product"}],"about":[{"href":"https:\/\/www.qualitester.com\/pl\/wp-json\/wp\/v2\/types\/product"}],"replies":[{"embeddable":true,"href":"https:\/\/www.qualitester.com\/pl\/wp-json\/wp\/v2\/comments?post=5382"}],"version-history":[{"count":0,"href":"https:\/\/www.qualitester.com\/pl\/wp-json\/wp\/v2\/product\/5382\/revisions"}],"wp:featuredmedia":[{"embeddable":true,"href":"https:\/\/www.qualitester.com\/pl\/wp-json\/wp\/v2\/media\/6256"}],"wp:attachment":[{"href":"https:\/\/www.qualitester.com\/pl\/wp-json\/wp\/v2\/media?parent=5382"}],"wp:term":[{"taxonomy":"product_cat","embeddable":true,"href":"https:\/\/www.qualitester.com\/pl\/wp-json\/wp\/v2\/product_cat?post=5382"},{"taxonomy":"product_tag","embeddable":true,"href":"https:\/\/www.qualitester.com\/pl\/wp-json\/wp\/v2\/product_tag?post=5382"}],"curies":[{"name":"wp","href":"https:\/\/api.w.org\/{rel}","templated":true}]}}