{"id":5348,"date":"2024-11-14T11:21:52","date_gmt":"2024-11-14T03:21:52","guid":{"rendered":"https:\/\/www.qualitester.com\/?post_type=product&#038;p=5348"},"modified":"2024-12-05T15:24:30","modified_gmt":"2024-12-05T07:24:30","slug":"sale-crush-resistance-tester","status":"publish","type":"product","link":"https:\/\/www.qualitester.com\/pl\/produkt-2\/sale-crush-resistance-tester\/","title":{"rendered":"Tester zgniatania YSD-01"},"content":{"rendered":"<h2>Przegl\u0105d testera odporno\u015bci na zgniatanie<\/h2>\n<p>Tester odporno\u015bci na zgniatanie (YSD-01) to wysoce precyzyjny przyrz\u0105d testowy przeznaczony do oceny odporno\u015bci na zgniatanie materia\u0142\u00f3w opakowaniowych, w szczeg\u00f3lno\u015bci p\u0142yt pil\u015bniowych i papieru falistego. Tester ten jest niezb\u0119dny w bran\u017cach, kt\u00f3re polegaj\u0105 na trwa\u0142ych i odpornych opakowaniach w celu ochrony produkt\u00f3w podczas przechowywania i transportu. Dzi\u0119ki dok\u0142adnemu pomiarowi si\u0142 \u015bciskaj\u0105cych w p\u0142aszczy\u017anie, kt\u00f3re mog\u0105 wytrzyma\u0107 materia\u0142y, YSD-01 zapewnia, \u017ce opakowanie spe\u0142nia wymagane standardy wydajno\u015bci, zmniejszaj\u0105c ryzyko uszkodzenia produktu podczas transportu.<\/p>\n<h2>Kluczowe zastosowania testera odporno\u015bci na zgniatanie<\/h2>\n<ul>\n<li>Przemys\u0142 opakowaniowy i wysy\u0142kowy: Ten tester jest nieoceniony w ocenie p\u0142yt pil\u015bniowych i pojemnik\u00f3w z tektury falistej stosowanych w sektorze opakowa\u0144. Oceniaj\u0105c odporno\u015b\u0107 tych materia\u0142\u00f3w na zgniatanie, producenci mog\u0105 zoptymalizowa\u0107 projekt opakowania, aby wytrzyma\u0107 r\u00f3\u017cne si\u0142y \u015bciskaj\u0105ce wyst\u0119puj\u0105ce podczas przenoszenia, uk\u0142adania w stosy i wysy\u0142ki.<\/li>\n<li>Bran\u017ce korzystaj\u0105ce z test\u00f3w odporno\u015bci na zgniatanie: Tester odporno\u015bci na zgniatanie wspiera kontrol\u0119 jako\u015bci w wielu bran\u017cach, w tym w przemy\u015ble spo\u017cywczym, farmaceutycznym, elektronicznym, chemicznym i innych. Pomagaj\u0105c zapewni\u0107 trwa\u0142o\u015b\u0107 opakowania, pomaga zachowa\u0107 integralno\u015b\u0107 produktu od produkcji do ko\u0144cowego zastosowania.<\/li>\n<\/ul>\n<h2>Rodzaje i metody test\u00f3w odporno\u015bci na zgniatanie<\/h2>\n<p>YSD-01 jest wszechstronny i wyposa\u017cony do wykonywania szeregu test\u00f3w odporno\u015bci na zgniatanie. Ka\u017cdy test ocenia okre\u015blone w\u0142a\u015bciwo\u015bci materia\u0142\u00f3w opakowaniowych, aby zapewni\u0107, \u017ce spe\u0142niaj\u0105 one rygorystyczne wymagania bran\u017cy.<\/p>\n<ul>\n<li>Test zgniatania kraw\u0119dziowego (ECT): Ten test ocenia wytrzyma\u0142o\u015b\u0107 na \u015bciskanie przy kraw\u0119dzi prostopad\u0142ej do osi rowk\u00f3w w p\u0142ycie pil\u015bniowej. ECT jest krytyczn\u0105 miar\u0105 oceny wytrzyma\u0142o\u015bci uk\u0142adania w stosy materia\u0142\u00f3w opakowaniowych z tektury falistej.<\/li>\n<li>Test zgniatania pier\u015bcieniowego (RCT): RCT okre\u015bla wytrzyma\u0142o\u015b\u0107 papieru i tektury na \u015bciskanie wzd\u0142u\u017c kraw\u0119dzi lub odporno\u015b\u0107 na zgniatanie pier\u015bcieniowe. Test ten zapewnia wgl\u0105d w integralno\u015b\u0107 strukturaln\u0105 materia\u0142u i odporno\u015b\u0107 na si\u0142y zgniataj\u0105ce.<\/li>\n<li>Test przyczepno\u015bci ko\u0142k\u00f3w (PAT): U\u017cywany do pomiaru si\u0142y potrzebnej do oddzielenia tektury falistej mi\u0119dzy ko\u0144c\u00f3wkami rowk\u00f3w a ok\u0142adzinami z tektury falistej, PAT ma kluczowe znaczenie dla zapewnienia si\u0142y wi\u0105zania w warstwach tektury falistej.<\/li>\n<li>Test zgniatania p\u0142askiego (FCT): Ten test mierzy p\u0142ask\u0105 odporno\u015b\u0107 na zgniatanie jednop\u0142aszczyznowej i jedno\u015bciennej tektury falistej. FCT jest niezb\u0119dny do zrozumienia, jak dobrze materia\u0142 mo\u017ce wytrzyma\u0107 si\u0142y \u015bciskaj\u0105ce przy\u0142o\u017cone do jego powierzchni.<\/li>\n<li>Test no\u015bnika falistego (CMT): Test CMT ocenia p\u0142ask\u0105 odporno\u015b\u0107 na zgniatanie pofa\u0142dowanego no\u015bnika po laboratoryjnym pofa\u0142dowaniu, pomagaj\u0105c zapewni\u0107 trwa\u0142o\u015b\u0107 no\u015bnika w rzeczywistych zastosowaniach.<\/li>\n<li>Test zgniatania Concora (CCT): Test ten mierzy maksymaln\u0105 si\u0142\u0119 \u015bciskaj\u0105c\u0105 przy kraw\u0119dzi, jak\u0105 mo\u017ce wytrzyma\u0107 laboratoryjnie karbowana pr\u00f3bka testowa przed uszkodzeniem, co ma kluczowe znaczenie dla oceny wytrzyma\u0142o\u015bci no\u015bnej pod\u0142o\u017ca falistego.<\/li>\n<\/ul>\n<h2>Odpowiednie normy dotycz\u0105ce test\u00f3w odporno\u015bci na zgniatanie<\/h2>\n<p>Tester odporno\u015bci na zgniatanie jest zgodny z kilkoma standardami bran\u017cowymi, kt\u00f3re zapewniaj\u0105 sp\u00f3jne, dok\u0142adne i wiarygodne wyniki test\u00f3w:<\/p>\n<ul>\n<li>Normy RCT: GB\/T 2679.8, <a href=\"https:\/\/www.iso.org\/standard\/51263.html\" target=\"_blank\" rel=\"noopener nofollow\">ISO 12192<\/a>TAPPI T822 - Normy te ustanawiaj\u0105 protoko\u0142y pomiaru odporno\u015bci pier\u015bcieni na zgniatanie.<\/li>\n<li>Normy ECT: GB\/T 6546, <a href=\"https:\/\/www.iso.org\/standard\/80310.html\" target=\"_blank\" rel=\"noopener nofollow\">ISO 3037<\/a>TAPPI T811, T838, T839 - Zapewnia dok\u0142adno\u015b\u0107 test\u00f3w odporno\u015bci na zgniatanie kraw\u0119dziowe w zastosowaniach opakowaniowych.<\/li>\n<li>Normy PAT: GB\/T 6548, TAPPI T821, JIS Z 0402 - Definiuje metody testowe do pomiaru przyczepno\u015bci mi\u0119dzy ko\u0144c\u00f3wkami flet\u00f3w a tektur\u0105 podk\u0142adow\u0105 w materia\u0142ach falistych.<\/li>\n<li>Normy FCT: GB\/T 22874, ISO 3035, TAPPI T825 - reguluje procedury testowania odporno\u015bci na zgniatanie p\u0142askie tektury falistej.<\/li>\n<li>Normy CMT: ISO 7263-1, TAPPI T809, QB\/T 1061, GB 2679.6 - Zawiera znormalizowane wytyczne dotycz\u0105ce oceny odporno\u015bci na zgniatanie p\u0142askiego no\u015bnika z tektury falistej.<\/li>\n<li>Normy CCT: ISO 16945, TAPPI T843 - Ustanawia punkt odniesienia dla oceny si\u0142y \u015bciskania na kraw\u0119dziach w laboratoryjnych karbowanych pr\u00f3bkach testowych.<\/li>\n<\/ul>\n<p>Normy te wspieraj\u0105 zapewnienie jako\u015bci poprzez walidacj\u0119 wydajno\u015bci testera w r\u00f3\u017cnych pomiarach odporno\u015bci na zgniatanie, zapewniaj\u0105c, \u017ce materia\u0142y spe\u0142niaj\u0105 wysokie standardy bran\u017cowe w zakresie trwa\u0142o\u015bci i wytrzyma\u0142o\u015bci.<\/p>\n<h2>Specyfikacje techniczne testera odporno\u015bci na zgniatanie (YSD-01)<\/h2>\n<table>\n<tbody>\n<tr>\n<td style=\"text-align: center;\" width=\"167\">Zakres testu<\/td>\n<td style=\"text-align: center;\" width=\"167\">5~3000N<\/td>\n<\/tr>\n<tr>\n<td style=\"text-align: center;\" width=\"167\">Dok\u0142adno\u015b\u0107<\/td>\n<td style=\"text-align: center;\" width=\"167\">\u2264\u00b11%<\/td>\n<\/tr>\n<tr>\n<td style=\"text-align: center;\" width=\"167\">Rozdzielczo\u015b\u0107<\/td>\n<td style=\"text-align: center;\" width=\"167\">0.01N<\/td>\n<\/tr>\n<tr>\n<td style=\"text-align: center;\" width=\"167\">R\u00f3wnoleg\u0142o\u015b\u0107 p\u0142yt<\/td>\n<td style=\"text-align: center;\" width=\"167\">\u22640,05 mm<\/td>\n<\/tr>\n<tr>\n<td style=\"text-align: center;\" width=\"167\">Pr\u0119dko\u015b\u0107 testu<\/td>\n<td style=\"text-align: center;\" width=\"167\">12,5\u00b11 mm\/min<\/td>\n<\/tr>\n<tr>\n<td style=\"text-align: center;\" width=\"167\">\u015arednica p\u0142yty dociskowej<\/td>\n<td style=\"text-align: center;\" width=\"167\">125 mm<\/td>\n<\/tr>\n<tr>\n<td style=\"text-align: center;\" width=\"167\">Udar<\/td>\n<td style=\"text-align: center;\" width=\"167\">80 mm<\/td>\n<\/tr>\n<tr>\n<td style=\"text-align: center;\" width=\"167\">Tryb testowy<\/td>\n<td style=\"text-align: center;\" width=\"167\">RCT, ECT, FCT, PAT, CMT, CCT<\/td>\n<\/tr>\n<tr>\n<td style=\"text-align: center;\" width=\"167\">HMI<\/td>\n<td style=\"text-align: center;\" width=\"167\">7-calowy ekran dotykowy<\/td>\n<\/tr>\n<tr>\n<td style=\"text-align: center;\" width=\"167\">Wydruk<\/td>\n<td style=\"text-align: center;\" width=\"167\">Zintegrowana drukarka termiczna<\/td>\n<\/tr>\n<tr>\n<td style=\"text-align: center;\" width=\"167\">Wymiary<\/td>\n<td style=\"text-align: center;\" width=\"167\">400*360*550mm<\/td>\n<\/tr>\n<tr>\n<td style=\"text-align: center;\" width=\"167\">Waga<\/td>\n<td style=\"text-align: center;\" width=\"167\">Oko\u0142o 45 kg<\/td>\n<\/tr>\n<\/tbody>\n<\/table>\n<h2>Zalety testera odporno\u015bci na zgniatanie<\/h2>\n<ul>\n<li>Precyzja i niezawodno\u015b\u0107: Zaprojektowany z my\u015bl\u0105 o dok\u0142adno\u015bci, YSD-01 oferuje precyzyjny pomiar z minimalnym b\u0142\u0119dem, dzi\u0119ki czemu idealnie nadaje si\u0119 do wymagaj\u0105cych \u015brodowisk kontroli jako\u015bci.<\/li>\n<li>Wszechstronno\u015b\u0107 r\u00f3\u017cnych metod testowania: Dzi\u0119ki mo\u017cliwo\u015bci przeprowadzania r\u00f3\u017cnych test\u00f3w zgniatania, tester umo\u017cliwia firmom przeprowadzanie kompleksowych ocen wytrzyma\u0142o\u015bci i wydajno\u015bci materia\u0142u w ramach jednego urz\u0105dzenia.<\/li>\n<li>Przyjazna dla u\u017cytkownika obs\u0142uga: 7-calowy ekran dotykowy i wbudowana drukarka termiczna upraszczaj\u0105 procesy testowania, umo\u017cliwiaj\u0105c u\u017cytkownikom szybkie konfigurowanie, wykonywanie i dokumentowanie wynik\u00f3w.<\/li>\n<\/ul>\n<p>Tester odporno\u015bci na zgniatanie (YSD-01) jest niezb\u0119dnym przyrz\u0105dem dla bran\u017c koncentruj\u0105cych si\u0119 na utrzymaniu wysokich standard\u00f3w jako\u015bci opakowa\u0144. Wszechstronne mo\u017cliwo\u015bci testowania, zgodno\u015b\u0107 z normami bran\u017cowymi i wysoka precyzja wynik\u00f3w sprawiaj\u0105, \u017ce jest to cenne narz\u0119dzie dla firm, kt\u00f3re musz\u0105 zapewni\u0107 bezpiecze\u0144stwo produkt\u00f3w i integralno\u015b\u0107 opakowa\u0144 w ca\u0142ym \u0142a\u0144cuchu dostaw.<\/p>","protected":false},"excerpt":{"rendered":"<p>The <strong>Tester odporno\u015bci na zgniatanie (YSD-01)<\/strong> to wysoce precyzyjne urz\u0105dzenie testuj\u0105ce przeznaczone do oceny odporno\u015bci na zgniatanie materia\u0142\u00f3w opakowaniowych, w szczeg\u00f3lno\u015bci p\u0142yt pil\u015bniowych i papieru falistego. Ten tester jest niezb\u0119dny w bran\u017cach, kt\u00f3re polegaj\u0105 na trwa\u0142ych i odpornych opakowaniach do ochrony produkt\u00f3w podczas przechowywania i transportu. Dzi\u0119ki dok\u0142adnemu pomiarowi si\u0142 \u015bciskaj\u0105cych w p\u0142aszczy\u017anie, kt\u00f3re mog\u0105 wytrzyma\u0107 materia\u0142y, YSD-01 zapewnia, \u017ce opakowanie spe\u0142nia wymagane standardy wydajno\u015bci, zmniejszaj\u0105c ryzyko uszkodzenia produktu podczas transportu.<\/p>","protected":false},"featured_media":6293,"comment_status":"closed","ping_status":"closed","template":"","meta":{"site-sidebar-layout":"default","site-content-layout":"default","ast-global-header-display":"","ast-main-header-display":"","ast-hfb-above-header-display":"","ast-hfb-below-header-display":"","ast-hfb-mobile-header-display":"","site-post-title":"","ast-breadcrumbs-content":"","ast-featured-img":"","footer-sml-layout":"","theme-transparent-header-meta":"default","adv-header-id-meta":"","stick-header-meta":"","header-above-stick-meta":"","header-main-stick-meta":"","header-below-stick-meta":""},"product_cat":[845,953,956,955,1100,1107,1110,1102,954,957,958,952,959,1104,1109,1103,1106,1101,1108,1105,1111,44,95],"product_tag":[],"class_list":{"0":"post-5348","1":"product","2":"type-product","3":"status-publish","4":"has-post-thumbnail","6":"product_cat-customization","7":"product_cat-bursting-tester","8":"product_cat-cobb-tester","9":"product_cat-crush-tester","10":"product_cat-iso-12192","11":"product_cat-iso-3035","12":"product_cat-iso16945","13":"product_cat-iso3037","14":"product_cat-paper-tear-tester","15":"product_cat-plybond-tester","16":"product_cat-puncture-tester","17":"product_cat-rub-tester","18":"product_cat-stiffness-tester","19":"product_cat-tappi-t-838","20":"product_cat-tappi-t809","21":"product_cat-tappi-t811","22":"product_cat-tappi-t821","23":"product_cat-tappi-t822","24":"product_cat-tappi-t825","25":"product_cat-tappi-t839","26":"product_cat-tappi-t843","27":"product_cat-paper-and-board-testers","28":"product_cat-products","29":"desktop-align-left","30":"tablet-align-left","31":"mobile-align-left","33":"first","34":"instock","35":"shipping-taxable","36":"product-type-simple"},"_links":{"self":[{"href":"https:\/\/www.qualitester.com\/pl\/wp-json\/wp\/v2\/product\/5348","targetHints":{"allow":["GET"]}}],"collection":[{"href":"https:\/\/www.qualitester.com\/pl\/wp-json\/wp\/v2\/product"}],"about":[{"href":"https:\/\/www.qualitester.com\/pl\/wp-json\/wp\/v2\/types\/product"}],"replies":[{"embeddable":true,"href":"https:\/\/www.qualitester.com\/pl\/wp-json\/wp\/v2\/comments?post=5348"}],"version-history":[{"count":0,"href":"https:\/\/www.qualitester.com\/pl\/wp-json\/wp\/v2\/product\/5348\/revisions"}],"wp:featuredmedia":[{"embeddable":true,"href":"https:\/\/www.qualitester.com\/pl\/wp-json\/wp\/v2\/media\/6293"}],"wp:attachment":[{"href":"https:\/\/www.qualitester.com\/pl\/wp-json\/wp\/v2\/media?parent=5348"}],"wp:term":[{"taxonomy":"product_cat","embeddable":true,"href":"https:\/\/www.qualitester.com\/pl\/wp-json\/wp\/v2\/product_cat?post=5348"},{"taxonomy":"product_tag","embeddable":true,"href":"https:\/\/www.qualitester.com\/pl\/wp-json\/wp\/v2\/product_tag?post=5348"}],"curies":[{"name":"wp","href":"https:\/\/api.w.org\/{rel}","templated":true}]}}