{"id":5345,"date":"2024-11-14T11:12:56","date_gmt":"2024-11-14T03:12:56","guid":{"rendered":"https:\/\/www.qualitester.com\/?post_type=product&#038;p=5345"},"modified":"2024-12-05T15:21:34","modified_gmt":"2024-12-05T07:21:34","slug":"sale-taber-stiffness-tester-for-paper","status":"publish","type":"product","link":"https:\/\/www.qualitester.com\/pl\/produkt-2\/sale-taber-stiffness-tester-for-paper\/","title":{"rendered":"WTD-02 Tester sztywno\u015bci Tabera"},"content":{"rendered":"<p>The <strong>Tester sztywno\u015bci Taber<\/strong> jest niezb\u0119dnym narz\u0119dziem zaprojektowanym do oceny odporno\u015bci na zginanie papieru, tektury i innych materia\u0142\u00f3w o wysokiej gramaturze. Dzi\u0119ki zastosowaniom w r\u00f3\u017cnych bran\u017cach, takich jak opakowania, urz\u0105dzenia medyczne, elektronika i kontrola jako\u015bci, przyrz\u0105d ten pomaga producentom zapewni\u0107 trwa\u0142o\u015b\u0107 produktu i integralno\u015b\u0107 strukturaln\u0105. Tester sztywno\u015bci Taber zapewnia dok\u0142adne, wiarygodne pomiary, dzi\u0119ki czemu idealnie nadaje si\u0119 do proces\u00f3w zapewniania jako\u015bci, w kt\u00f3rych precyzyjne dane dotycz\u0105ce sztywno\u015bci maj\u0105 kluczowe znaczenie.<\/p>\n<h2>Zastosowania testera sztywno\u015bci Tabera<\/h2>\n<p>Tester sztywno\u015bci Taber jest szeroko stosowany do pomiaru sztywno\u015bci materia\u0142\u00f3w wymagaj\u0105cych du\u017cej odporno\u015bci na zginanie, takich jak materia\u0142y opakowaniowe, etykiety i warstwy konstrukcyjne w elektronice i urz\u0105dzeniach medycznych. Dzi\u0119ki mo\u017cliwo\u015bci dok\u0142adnej oceny wytrzyma\u0142o\u015bci materia\u0142\u00f3w na zginanie, pomaga on bran\u017com w zapewnieniu zgodno\u015bci ze standardami wydajno\u015bci, trwa\u0142o\u015bci produktu i sp\u00f3jno\u015bci jako\u015bci opakowa\u0144.<\/p>\n<h2>Zasada testowania i proces pomiaru<\/h2>\n<p>The <strong>Tester sztywno\u015bci Taber<\/strong> Dzia\u0142a poprzez zaciskanie pr\u00f3bki testowej i zginanie jej pod okre\u015blonym k\u0105tem w celu pomiaru wynikowego momentu zginaj\u0105cego. Moment zginaj\u0105cy, wyra\u017cony w miliniutonometrach (mN-m), bezpo\u015brednio odzwierciedla sztywno\u015b\u0107 materia\u0142u. W przypadku materia\u0142\u00f3w og\u00f3lnych, k\u0105t 15\u00b0 jest standardem, podczas gdy k\u0105t 7,5\u00b0 jest dost\u0119pny dla wra\u017cliwych materia\u0142\u00f3w podatnych na trwa\u0142e odkszta\u0142cenia przy wi\u0119kszych k\u0105tach. Konstrukcja testera sztywno\u015bci Taber zapewnia precyzyjn\u0105 d\u0142ugo\u015b\u0107 i pr\u0119dko\u015b\u0107 gi\u0119cia, gwarantuj\u0105c sp\u00f3jne wyniki kontroli jako\u015bci i bada\u0144.<\/p>\n<h2>Kluczowe normy zgodne z testami sztywno\u015bci Taber<\/h2>\n<p>The <strong>Tester sztywno\u015bci Taber<\/strong> spe\u0142nia wiele standard\u00f3w bran\u017cowych, zapewniaj\u0105c wszechstronno\u015b\u0107 i niezawodno\u015b\u0107 w r\u00f3\u017cnych \u015brodowiskach testowych:<\/p>\n<ul>\n<li><a href=\"https:\/\/www.astm.org\/d5342-97r07.html\" target=\"_blank\" rel=\"noopener nofollow\"><strong>ASTM D5342<\/strong><\/a>: Norma ta jest szeroko stosowana do pomiaru sztywno\u015bci papieru i tektury, oferuj\u0105c cenny wgl\u0105d w odporno\u015b\u0107 materia\u0142u na zginanie i przydatno\u015b\u0107 do pakowania.<\/li>\n<li><a href=\"https:\/\/www.astm.org\/d5650-97r02.html\" target=\"_blank\" rel=\"noopener nofollow\"><strong>ASTM D5650<\/strong><\/a>: Okre\u015bla wymagania dotycz\u0105ce testowania sztywno\u015bci produkt\u00f3w papierowych o wysokiej gramaturze, powszechnie stosowanych w opakowaniach przemys\u0142owych i towarach konsumpcyjnych.<\/li>\n<li><a href=\"https:\/\/www.astm.org\/d3301-00.html\" target=\"_blank\" rel=\"noopener nofollow\"><strong>ASTM D3301<\/strong><\/a>: Definiuje metody pomiaru odporno\u015bci na zginanie w r\u00f3\u017cnych gatunkach papieru, pomagaj\u0105c producentom w osi\u0105gni\u0119ciu sp\u00f3jno\u015bci jako\u015bci.<\/li>\n<li><strong>BS ISO 2493.2 &amp; ISO 2493.2<\/strong>: Normy te maj\u0105 zastosowanie do pomiaru sztywno\u015bci zginania w skali globalnej, zapewniaj\u0105c punkt odniesienia dla mi\u0119dzynarodowej jako\u015bci.<\/li>\n<li><strong>JIS P8125.2<\/strong>: Norma ta, stosowana w przemy\u015ble japo\u0144skim, zawiera szczeg\u00f3\u0142owe wytyczne dotycz\u0105ce testowania sztywno\u015bci produkt\u00f3w na bazie papieru.<\/li>\n<li><strong>TAPPI T489<\/strong>: P\u00f3\u0142nocnoameryka\u0144ski standard cz\u0119sto wykorzystywany w przemy\u015ble tekturowym, szczeg\u00f3lnie w bran\u017cy opakowa\u0144.<\/li>\n<li><strong>TAPPI T566<\/strong>: Norma ta okre\u015bla metody testowania elastyczno\u015bci i sztywno\u015bci materia\u0142\u00f3w o wysokiej gramaturze, zapewniaj\u0105c trwa\u0142o\u015b\u0107 w zastosowaniach opakowaniowych.<\/li>\n<\/ul>\n<h2>G\u0142\u00f3wne specyfikacje techniczne<\/h2>\n<table>\n<tbody>\n<tr>\n<td style=\"text-align: center;\" width=\"117\">Zakres testowy<\/td>\n<td style=\"text-align: center;\" width=\"196\">1~500 mN.m (w 7 zakresach)<\/td>\n<\/tr>\n<tr>\n<td style=\"text-align: center;\" width=\"117\">B\u0142\u0105d wskazania<\/td>\n<td style=\"text-align: center;\" width=\"196\">\u00b12%<\/td>\n<\/tr>\n<tr>\n<td style=\"text-align: center;\" width=\"117\">D\u0142ugo\u015b\u0107 gi\u0119cia<\/td>\n<td style=\"text-align: center;\" width=\"196\">50mm\u00b10.1mm<\/td>\n<\/tr>\n<tr>\n<td style=\"text-align: center;\" width=\"117\">Szybko\u015b\u0107 testowania<\/td>\n<td style=\"text-align: center;\" width=\"196\">\uff08200\u00b0\u00b120\u00b0\uff09\/min<\/td>\n<\/tr>\n<tr>\n<td style=\"text-align: center;\" width=\"117\">k\u0105t gi\u0119cia<\/td>\n<td style=\"text-align: center;\" width=\"196\">15\u00b0\u00b10,3\u00b0 i 7,5\u00b0\u00b10,3\u00b0<\/td>\n<\/tr>\n<tr>\n<td style=\"text-align: center;\" width=\"117\">\u00a0Wielko\u015b\u0107 pr\u00f3by<\/td>\n<td style=\"text-align: center;\" width=\"196\">38*70 mm<\/td>\n<\/tr>\n<tr>\n<td style=\"text-align: center;\" width=\"117\">Wymiar<\/td>\n<td style=\"text-align: center;\" width=\"196\">220*230*350mm<\/td>\n<\/tr>\n<tr>\n<td style=\"text-align: center;\" width=\"117\">Waga netto<\/td>\n<td style=\"text-align: center;\" width=\"196\">15 kg<\/td>\n<\/tr>\n<tr>\n<td style=\"text-align: center;\" width=\"117\">Moc<\/td>\n<td style=\"text-align: center;\" width=\"196\">AC 220V 50Hz<\/td>\n<\/tr>\n<\/tbody>\n<\/table>\n<h2>Zalety korzystania z testera sztywno\u015bci Taber<\/h2>\n<ol>\n<li><strong>Wysoka dok\u0142adno\u015b\u0107<\/strong>: Z marginesem b\u0142\u0119du wynosz\u0105cym zaledwie \u00b12%, tester sztywno\u015bci Taber zapewnia niezawodne i precyzyjne pomiary do kontroli jako\u015bci.<\/li>\n<li><strong>Zgodno\u015b\u0107 z normami<\/strong>: Spe\u0142niaj\u0105c normy ASTM, ISO, JIS i TAPPI, spe\u0142nia szeroki zakres potrzeb regulacyjnych, dzi\u0119ki czemu mo\u017cna go dostosowa\u0107 do r\u00f3\u017cnych bran\u017c.<\/li>\n<li><strong>Konstrukcja przyjazna dla u\u017cytkownika<\/strong>: Regulowane k\u0105ty gi\u0119cia i kompaktowy rozmiar u\u0142atwiaj\u0105 integracj\u0119 w warunkach laboratoryjnych i produkcyjnych.<\/li>\n<\/ol>\n<h2>Jak tester sztywno\u015bci Taber usprawnia kontrol\u0119 jako\u015bci<\/h2>\n<p>Mierz\u0105c odporno\u015b\u0107 na zginanie materia\u0142\u00f3w opakowaniowych i innych produkt\u00f3w o wysokiej gramaturze, tester sztywno\u015bci Taber pomaga producentom zapewni\u0107, \u017ce ich produkty spe\u0142niaj\u0105 standardy bran\u017cowe w zakresie trwa\u0142o\u015bci i integralno\u015bci strukturalnej. Przyrz\u0105d ten odgrywa kluczow\u0105 rol\u0119 w kontroli jako\u015bci w przemy\u015ble opakowaniowym, spo\u017cywczym, medycznym i d\u00f3br konsumpcyjnych, umo\u017cliwiaj\u0105c firmom utrzymanie jako\u015bci i wydajno\u015bci produkt\u00f3w.<\/p>\n<h2>Najcz\u0119\u015bciej zadawane pytania<\/h2>\n<p><strong>P1: Jakie materia\u0142y mo\u017cna testowa\u0107 za pomoc\u0105 testera sztywno\u015bci Taber?<\/strong><br \/>\n<em>Tester sztywno\u015bci Taber jest przeznaczony do wysokogramaturowego papieru, tektury i podobnych materia\u0142\u00f3w u\u017cywanych w opakowaniach i zastosowaniach konstrukcyjnych.<\/em><\/p>\n<p><strong>P2: W jaki spos\u00f3b odporno\u015b\u0107 na zginanie jest wyra\u017cana w wynikach test\u00f3w?<\/strong><br \/>\n<em>Wytrzyma\u0142o\u015b\u0107 na zginanie jest rejestrowana jako moment zginaj\u0105cy, kt\u00f3ry jest mierzony w miliniutonometrach (mN-m).<\/em><\/p>\n<p><strong>P3: Jaka jest r\u00f3\u017cnica mi\u0119dzy k\u0105tami gi\u0119cia 15\u00b0 i 7,5\u00b0?<\/strong><br \/>\n<em>K\u0105t 15\u00b0 jest standardowy dla wi\u0119kszo\u015bci materia\u0142\u00f3w, podczas gdy k\u0105t 7,5\u00b0 jest u\u017cywany dla materia\u0142\u00f3w, kt\u00f3re mog\u0105 odkszta\u0142ca\u0107 si\u0119 przy zginaniu pod wi\u0119kszym k\u0105tem.<\/em><\/p>\n<p><strong>P4: Z jakimi normami zgodny jest ten tester?<\/strong><br \/>\n<em>Tester sztywno\u015bci Taber jest zgodny z normami ASTM D5342, ASTM D5650, ASTM D3301, BS ISO 2493.2, ISO 2493.2, JIS P8125.2, TAPPI T489 i TAPPI T566.<\/em><\/p>\n<p><strong>P5: W jakich bran\u017cach powszechnie stosuje si\u0119 tester sztywno\u015bci Taber?<\/strong><br \/>\n<em>Bran\u017ce takie jak opakowaniowa, farmaceutyczna, spo\u017cywcza, elektroniczna i kontroli jako\u015bci cz\u0119sto wykorzystuj\u0105 tester sztywno\u015bci Taber w celu zapewnienia integralno\u015bci produktu.<\/em><\/p>","protected":false},"excerpt":{"rendered":"<p>The <strong>Tester sztywno\u015bci Taber<\/strong> jest niezb\u0119dnym narz\u0119dziem zaprojektowanym do oceny odporno\u015bci na zginanie papieru, tektury i innych materia\u0142\u00f3w o wysokiej gramaturze. Dzi\u0119ki zastosowaniom w r\u00f3\u017cnych bran\u017cach, takich jak opakowania, urz\u0105dzenia medyczne, elektronika i kontrola jako\u015bci, przyrz\u0105d ten pomaga producentom zapewni\u0107 trwa\u0142o\u015b\u0107 produktu i integralno\u015b\u0107 strukturaln\u0105. Tester sztywno\u015bci Taber zapewnia dok\u0142adne, wiarygodne pomiary, dzi\u0119ki czemu idealnie nadaje si\u0119 do proces\u00f3w zapewniania jako\u015bci, w kt\u00f3rych precyzyjne dane dotycz\u0105ce sztywno\u015bci maj\u0105 kluczowe znaczenie.<\/p>","protected":false},"featured_media":6292,"comment_status":"closed","ping_status":"closed","template":"","meta":{"site-sidebar-layout":"default","site-content-layout":"default","ast-global-header-display":"","ast-main-header-display":"","ast-hfb-above-header-display":"","ast-hfb-below-header-display":"","ast-hfb-mobile-header-display":"","site-post-title":"","ast-breadcrumbs-content":"","ast-featured-img":"","footer-sml-layout":"","theme-transparent-header-meta":"default","adv-header-id-meta":"","stick-header-meta":"","header-above-stick-meta":"","header-main-stick-meta":"","header-below-stick-meta":""},"product_cat":[1096,1094,1095,845,1097,1171,1098,1099,44,95],"product_tag":[],"class_list":{"0":"post-5345","1":"product","2":"type-product","3":"status-publish","4":"has-post-thumbnail","6":"product_cat-astm-d3301","7":"product_cat-astm-d5342","8":"product_cat-astm-d5650","9":"product_cat-customization","10":"product_cat-iso-2493-2","11":"product_cat-jis-p8125-2","12":"product_cat-tappi-t489","13":"product_cat-tappi-t566","14":"product_cat-paper-and-board-testers","15":"product_cat-products","16":"desktop-align-left","17":"tablet-align-left","18":"mobile-align-left","20":"first","21":"instock","22":"shipping-taxable","23":"product-type-simple"},"_links":{"self":[{"href":"https:\/\/www.qualitester.com\/pl\/wp-json\/wp\/v2\/product\/5345","targetHints":{"allow":["GET"]}}],"collection":[{"href":"https:\/\/www.qualitester.com\/pl\/wp-json\/wp\/v2\/product"}],"about":[{"href":"https:\/\/www.qualitester.com\/pl\/wp-json\/wp\/v2\/types\/product"}],"replies":[{"embeddable":true,"href":"https:\/\/www.qualitester.com\/pl\/wp-json\/wp\/v2\/comments?post=5345"}],"version-history":[{"count":0,"href":"https:\/\/www.qualitester.com\/pl\/wp-json\/wp\/v2\/product\/5345\/revisions"}],"wp:featuredmedia":[{"embeddable":true,"href":"https:\/\/www.qualitester.com\/pl\/wp-json\/wp\/v2\/media\/6292"}],"wp:attachment":[{"href":"https:\/\/www.qualitester.com\/pl\/wp-json\/wp\/v2\/media?parent=5345"}],"wp:term":[{"taxonomy":"product_cat","embeddable":true,"href":"https:\/\/www.qualitester.com\/pl\/wp-json\/wp\/v2\/product_cat?post=5345"},{"taxonomy":"product_tag","embeddable":true,"href":"https:\/\/www.qualitester.com\/pl\/wp-json\/wp\/v2\/product_tag?post=5345"}],"curies":[{"name":"wp","href":"https:\/\/api.w.org\/{rel}","templated":true}]}}