{"id":5335,"date":"2024-11-13T11:57:32","date_gmt":"2024-11-13T03:57:32","guid":{"rendered":"https:\/\/www.qualitester.com\/?post_type=product&#038;p=5335"},"modified":"2024-12-05T15:11:48","modified_gmt":"2024-12-05T07:11:48","slug":"sale-paper-vertical-tensile-tester","status":"publish","type":"product","link":"https:\/\/www.qualitester.com\/pl\/produkt-2\/sale-paper-vertical-tensile-tester\/","title":{"rendered":"Pionowy tester rozci\u0105gania TST-V"},"content":{"rendered":"<h2><strong>Wprowadzenie do pionowych pr\u00f3b rozci\u0105gania papieru<\/strong><\/h2>\n<p>The <strong>Pionowy tester rozci\u0105gania papieru<\/strong> (TST-V) to wysoce wyspecjalizowany przyrz\u0105d testowy przeznaczony do oceny w\u0142a\u015bciwo\u015bci mechanicznych materia\u0142\u00f3w papierowych, w tym tektury, bibu\u0142y i innych produkt\u00f3w na bazie papieru. Odgrywa kluczow\u0105 rol\u0119 w przemy\u015ble papierniczym i opakowaniowym, mierz\u0105c kluczowe w\u0142a\u015bciwo\u015bci, takie jak wytrzyma\u0142o\u015b\u0107 na rozci\u0105ganie, wyd\u0142u\u017cenie przy maksymalnej sile, poch\u0142anianie energii rozci\u0105gania i sztywno\u015b\u0107 na rozci\u0105ganie. Okre\u015blaj\u0105c te w\u0142a\u015bciwo\u015bci, producenci mog\u0105 zapewni\u0107, \u017ce ich produkty spe\u0142niaj\u0105 rygorystyczne normy wydajno\u015bci i jako\u015bci, zw\u0142aszcza w zastosowaniach opakowaniowych, medycznych i spo\u017cywczych.<\/p>\n<h2><strong>Zasada dzia\u0142ania pionowego testera rozci\u0105gania papieru<\/strong><\/h2>\n<p>TST-V dzia\u0142a poprzez rozci\u0105ganie pr\u00f3bki testowej ze sta\u0142\u0105 szybko\u015bci\u0105 wyd\u0142u\u017cania, a\u017c do jej zerwania. Podczas tego procesu urz\u0105dzenie stale mierzy i rejestruje si\u0142\u0119 rozci\u0105gaj\u0105c\u0105 w stosunku do wyd\u0142u\u017cenia pr\u00f3bki. Na podstawie tych danych <strong>wytrzyma\u0142o\u015b\u0107 na rozci\u0105ganie<\/strong>, <strong>wyd\u0142u\u017cenie przy maksymalnej sile<\/strong>oraz <strong>poch\u0142anianie energii rozci\u0105gania<\/strong> mo\u017cna obliczy\u0107. Warto\u015bci te s\u0105 niezb\u0119dne do oceny wydajno\u015bci materia\u0142u w rzeczywistych zastosowaniach, takich jak trwa\u0142o\u015b\u0107 opakowania, rozci\u0105gliwo\u015b\u0107 i og\u00f3lna wytrzyma\u0142o\u015b\u0107.<\/p>\n<hr \/>\n<h2><strong>Norma ISO 1924 i jej znaczenie dla testowania papieru<\/strong><\/h2>\n<h3><strong>Przegl\u0105d norm ISO 1924<\/strong><\/h3>\n<p>ISO 1924 to zestaw uznanych na ca\u0142ym \u015bwiecie norm, kt\u00f3re zawieraj\u0105 wytyczne dotycz\u0105ce testowania w\u0142a\u015bciwo\u015bci rozci\u0105gaj\u0105cych papieru i tektury. Przestrzeganie tych norm zapewnia sp\u00f3jne i wiarygodne wyniki, co ma kluczowe znaczenie dla utrzymania kontroli jako\u015bci w produkcji papieru. Norma ISO 1924 obejmuje nast\u0119puj\u0105ce kluczowe cz\u0119\u015bci:<\/p>\n<ul>\n<li><a href=\"https:\/\/www.iso.org\/standard\/6616.html\" target=\"_blank\" rel=\"noopener nofollow\"><strong>ISO 1924-1<\/strong><\/a>: Og\u00f3lne zasady i definicje dotycz\u0105ce badania wytrzyma\u0142o\u015bci papieru na rozci\u0105ganie.<\/li>\n<li><a href=\"https:\/\/www.iso.org\/standard\/41397.html\" target=\"_blank\" rel=\"noopener nofollow\"><strong>ISO 1924-2<\/strong><\/a>: Metody okre\u015blania wytrzyma\u0142o\u015bci na rozci\u0105ganie i wyd\u0142u\u017cenia papieru.<\/li>\n<li><a href=\"https:\/\/www.iso.org\/standard\/32206.html\" rel=\"nofollow noopener\" target=\"_blank\"><strong>ISO 1924-3<\/strong><\/a>: Wytyczne dotycz\u0105ce obliczania wska\u017anika rozci\u0105gania i wska\u017anika poch\u0142aniania energii.<\/li>\n<\/ul>\n<p>Standardy te s\u0105 niezb\u0119dne dla producent\u00f3w, aby zapewni\u0107, \u017ce ich produkty papierowe spe\u0142niaj\u0105 bran\u017cowe standardy jako\u015bci i wydajno\u015bci. Post\u0119puj\u0105c zgodnie z tymi wytycznymi, wyniki test\u00f3w staj\u0105 si\u0119 globalnie znormalizowane, umo\u017cliwiaj\u0105c firmom produkcj\u0119 materia\u0142\u00f3w, kt\u00f3re s\u0105 sp\u00f3jne pod wzgl\u0119dem jako\u015bci i trwa\u0142o\u015bci.<\/p>\n<h3><strong>Zgodno\u015b\u0107 modelu TST-V z norm\u0105 ISO 1924<\/strong><\/h3>\n<p>The <strong>Tester pionowego rozci\u0105gania papieru TST-V<\/strong> jest w pe\u0142ni zgodny z <strong>ISO 1924<\/strong> i zapewnia dok\u0142adne, powtarzalne pomiary zgodnie z mi\u0119dzynarodowymi protoko\u0142ami testowymi. To sprawia, \u017ce jest to idealny wyb\u00f3r dla firm z bran\u017cy papierniczej i opakowaniowej, kt\u00f3re musz\u0105 spe\u0142nia\u0107 globalne standardy jako\u015bci. Niezale\u017cnie od tego, czy testujesz wytrzyma\u0142o\u015b\u0107 na rozci\u0105ganie, wyd\u0142u\u017cenie przy zerwaniu czy absorpcj\u0119 energii, TST-V zapewnia zgodno\u015b\u0107 wynik\u00f3w z normami ISO dotycz\u0105cymi testowania papieru.<\/p>\n<hr \/>\n<h2><strong>Kluczowe cechy pionowego testera rozci\u0105gania papieru TST-V<\/strong><\/h2>\n<ul>\n<li><strong>Mo\u017cliwo\u015bci precyzyjnego testowania<\/strong>: TST-V jest wyposa\u017cony w <strong>Precyzyjny kulkowy mechanizm \u015brubowy<\/strong>zapewniaj\u0105c, \u017ce pr\u0119dko\u015b\u0107 wyd\u0142u\u017cania i przemieszczenie s\u0105 kontrolowane z du\u017c\u0105 dok\u0142adno\u015bci\u0105.<\/li>\n<li><strong>Obs\u0142uga przyjazna dla u\u017cytkownika<\/strong>: Urz\u0105dzenie posiada <strong>7-calowy ekran dotykowy HMI<\/strong>oferuj\u0105c intuicyjny i \u0142atwy w u\u017cyciu interfejs zapewniaj\u0105cy bezproblemow\u0105 obs\u0142ug\u0119, nawet dla u\u017cytkownik\u00f3w z minimalnym do\u015bwiadczeniem.<\/li>\n<li><strong>Regulowana pr\u0119dko\u015b\u0107 testu<\/strong>: Pr\u0119dko\u015b\u0107 testu jest wysoce regulowana, w zakresie od <strong>1 mm\/min do 500 mm\/min<\/strong>umo\u017cliwiaj\u0105c dostosowanie procesu testowania do w\u0142a\u015bciwo\u015bci materia\u0142u.<\/li>\n<li><strong>Wszechstronna kompatybilno\u015b\u0107 z urz\u0105dzeniami<\/strong>: TST-V jest kompatybilny z szerok\u0105 gam\u0105 uchwyt\u00f3w, umo\u017cliwiaj\u0105c obs\u0142ug\u0119 r\u00f3\u017cnych pr\u00f3bek papieru, od cienkiej bibu\u0142y po grubszy karton.<\/li>\n<li><strong>Wysoka stabilno\u015b\u0107<\/strong>: System dzia\u0142a z <strong>Sterowanie PLC<\/strong>zapewniaj\u0105c stabiln\u0105, niezawodn\u0105 wydajno\u015b\u0107 i minimalizuj\u0105c b\u0142\u0119dy podczas testowania.<\/li>\n<li><strong>Funkcje automatyczne<\/strong>: Tester jest wyposa\u017cony w urz\u0105dzenie ograniczaj\u0105ce i funkcj\u0119 automatycznego powrotu, zwi\u0119kszaj\u0105c zar\u00f3wno bezpiecze\u0144stwo, jak i wygod\u0119 podczas testowania.<\/li>\n<li><strong>Akcesoria opcjonalne<\/strong>: Dodatkowe akcesoria, takie jak mikrodrukarka i port RS232 z profesjonalnym oprogramowaniem (opcjonalnie) zapewniaj\u0105 dodatkow\u0105 elastyczno\u015b\u0107 w zakresie analizy danych i raportowania.<\/li>\n<\/ul>\n<hr \/>\n<h2><strong>Zastosowania pionowego testera rozci\u0105gania papieru<\/strong><\/h2>\n<p>The <strong>Tester pionowego rozci\u0105gania papieru TST-V<\/strong> jest idealny do stosowania w bran\u017cach, w kt\u00f3rych w\u0142a\u015bciwo\u015bci papieru maj\u0105 kluczowe znaczenie dla wydajno\u015bci produkt\u00f3w. Jego zastosowania obejmuj\u0105:<\/p>\n<ul>\n<li><strong>Przemys\u0142 opakowa\u0144<\/strong>: Niezb\u0119dny do testowania trwa\u0142o\u015bci i wytrzyma\u0142o\u015bci materia\u0142\u00f3w opakowaniowych w celu zapewnienia, \u017ce s\u0105 one w stanie wytrzyma\u0107 napr\u0119\u017cenia podczas transportu i obs\u0142ugi.<\/li>\n<li><strong>Produkcja bibu\u0142y<\/strong>: S\u0142u\u017cy do testowania wytrzyma\u0142o\u015bci na rozci\u0105ganie i elastyczno\u015bci produkt\u00f3w tkankowych, kt\u00f3re s\u0105 niezb\u0119dne do zapewnienia jako\u015bci i satysfakcji u\u017cytkownika.<\/li>\n<li><strong>Produkcja tektury<\/strong>: Pomaga oceni\u0107 wytrzyma\u0142o\u015b\u0107 i wyd\u0142u\u017cenie tektury, kt\u00f3ra jest u\u017cywana do produkcji opakowa\u0144 i pojemnik\u00f3w.<\/li>\n<li><strong>Badania i rozw\u00f3j<\/strong>: Idealny dla dzia\u0142\u00f3w badawczo-rozwojowych, kt\u00f3re chc\u0105 opracowa\u0107 nowe produkty papiernicze lub poprawi\u0107 wydajno\u015b\u0107 istniej\u0105cych materia\u0142\u00f3w.<\/li>\n<\/ul>\n<hr \/>\n<h2><strong>Specyfikacja techniczna<\/strong><\/h2>\n<table>\n<tbody>\n<tr>\n<td style=\"text-align: center;\" colspan=\"2\" rowspan=\"1\" width=\"381\"><strong>Pionowy tester rozci\u0105gania TST-V<\/strong><\/td>\n<\/tr>\n<tr>\n<td style=\"text-align: center;\" width=\"209\">Zakres pomiarowy<\/td>\n<td style=\"text-align: center;\" width=\"172\">500N lub zgodnie z wymaganiami<\/td>\n<\/tr>\n<tr>\n<td style=\"text-align: center;\" width=\"209\">Zakres wyd\u0142u\u017cenia<\/td>\n<td style=\"text-align: center;\" width=\"172\">800 mm<\/td>\n<\/tr>\n<tr>\n<td style=\"text-align: center;\" width=\"209\">Pr\u0119dko\u015b\u0107 rozci\u0105gania<\/td>\n<td style=\"text-align: center;\" width=\"172\">1~500 mm\/min<\/td>\n<\/tr>\n<tr>\n<td style=\"text-align: center;\" width=\"209\">Dok\u0142adno\u015b\u0107 pr\u0119dko\u015bci testu<\/td>\n<td style=\"text-align: center;\" width=\"172\">\u00b10,1 mm\/min<\/td>\n<\/tr>\n<tr>\n<td style=\"text-align: center;\" width=\"209\">Dok\u0142adno\u015b\u0107 si\u0142y<\/td>\n<td style=\"text-align: center;\" width=\"172\">0.5% F.S.<\/td>\n<\/tr>\n<tr>\n<td style=\"text-align: center;\" width=\"209\">Dok\u0142adno\u015b\u0107 si\u0142y<\/td>\n<td style=\"text-align: center;\" width=\"172\">\u00b10,1% (20~100%FS)<\/td>\n<\/tr>\n<tr>\n<td style=\"text-align: center;\" width=\"209\">Rozdzielczo\u015b\u0107 deformacji<\/td>\n<td style=\"text-align: center;\" width=\"172\">\u22640,01 mm<\/td>\n<\/tr>\n<tr>\n<td style=\"text-align: center;\" width=\"209\">Mocowanie pr\u00f3bki<\/td>\n<td style=\"text-align: center;\" width=\"172\">Podr\u0119cznik<\/td>\n<\/tr>\n<tr>\n<td style=\"text-align: center;\" width=\"209\">Wielko\u015b\u0107 pr\u00f3by<\/td>\n<td style=\"text-align: center;\" width=\"172\">1-25 mm<\/td>\n<\/tr>\n<tr>\n<td style=\"text-align: center;\" width=\"209\">Interfejs cz\u0142owiek-maszyna<\/td>\n<td style=\"text-align: center;\" width=\"172\">7-calowy ekran dotykowy<\/td>\n<\/tr>\n<tr>\n<td style=\"text-align: center;\" width=\"209\">Moc<\/td>\n<td style=\"text-align: center;\" width=\"172\">AC 110~220V 50\/60Hz<\/td>\n<\/tr>\n<tr>\n<td style=\"text-align: center;\" colspan=\"2\" rowspan=\"1\" width=\"381\"><strong>Przecinak do pr\u00f3bek (opcjonalny)<\/strong><\/td>\n<\/tr>\n<tr>\n<td style=\"text-align: center;\" width=\"209\">Wielko\u015b\u0107 pr\u00f3by<\/td>\n<td style=\"text-align: center;\" width=\"172\">15*300mm<\/td>\n<\/tr>\n<tr>\n<td style=\"text-align: center;\" width=\"209\">Grubo\u015b\u0107 pr\u00f3bki<\/td>\n<td style=\"text-align: center;\" width=\"172\">0,1~1 mm<\/td>\n<\/tr>\n<tr>\n<td style=\"text-align: center;\" width=\"209\">R\u00f3wnoleg\u0142o\u015b\u0107 stron<\/td>\n<td style=\"text-align: center;\" width=\"172\">\uff1c0,03 mm<\/td>\n<\/tr>\n<\/tbody>\n<\/table>\n<hr \/>\n<h2><strong>Zgodno\u015b\u0107 z g\u0142\u00f3wnymi standardami<\/strong><\/h2>\n<p>The <strong>Tester pionowego rozci\u0105gania papieru TST-V<\/strong> przestrzega szeregu mi\u0119dzynarodowych standard\u00f3w, zapewniaj\u0105c zgodno\u015b\u0107 z normami bran\u017cowymi i zwi\u0119kszaj\u0105c wiarygodno\u015b\u0107 wynik\u00f3w test\u00f3w. Obejmuj\u0105 one:<\/p>\n<ul>\n<li><strong>ISO 1924-1<\/strong>, <strong>ISO 1924-2<\/strong>, <strong>ISO 1924-3<\/strong> (do pr\u00f3b rozci\u0105gania papieru i tektury)<\/li>\n<li><strong>ISO 12625-4<\/strong>, <strong>ISO 12625-5<\/strong> (do testowania bibu\u0142y)<\/li>\n<li><strong>TAPPI T494<\/strong> (ameryka\u0144ski standard testowania papieru)<\/li>\n<li><strong>GB\/T 12914<\/strong>, <strong>GB\/T 24328<\/strong> (r\u00f3\u017cne cz\u0119\u015bci) (chi\u0144skie normy dotycz\u0105ce testowania papieru)<\/li>\n<\/ul>\n<hr \/>\n<h2><strong>Dlaczego warto wybra\u0107 pionowy tester rozci\u0105gania papieru TST-V?<\/strong><\/h2>\n<ul>\n<li><strong>Dok\u0142adno\u015b\u0107 i niezawodno\u015b\u0107<\/strong>: TST-V zapewnia bardzo dok\u0142adne pomiary w\u0142a\u015bciwo\u015bci rozci\u0105gaj\u0105cych, niezb\u0119dne do kontroli jako\u015bci i rozwoju produktu.<\/li>\n<li><strong>Zgodno\u015b\u0107 z norm\u0105 ISO 1924<\/strong>: Jest w pe\u0142ni zgodny z <strong>ISO 1924<\/strong>zapewniaj\u0105c, \u017ce testy spe\u0142niaj\u0105 globalne standardy bran\u017cowe w zakresie testowania papieru.<\/li>\n<li><strong>Przyjazny dla u\u017cytkownika interfejs<\/strong>: Intuicyjny 7-calowy ekran dotykowy u\u0142atwia obs\u0142ug\u0119 i zarz\u0105dzanie testami.<\/li>\n<li><strong>Mo\u017cliwo\u015b\u0107 dostosowania i wszechstronno\u015b\u0107<\/strong>: Dzi\u0119ki regulowanym pr\u0119dko\u015bciom testowania, r\u00f3\u017cnorodnym uchwytom do pr\u00f3bek i dodatkowym opcjom gromadzenia danych, TST-V jest wystarczaj\u0105co wszechstronny, aby obs\u0142ugiwa\u0107 szereg produkt\u00f3w papierniczych.<\/li>\n<\/ul>\n<hr \/>\n<h2><strong>Najcz\u0119\u015bciej zadawane pytania: Pionowy tester rozci\u0105gania papieru<\/strong><\/h2>\n<ol>\n<li><strong>Jaki jest g\u0142\u00f3wny cel pionowego testera rozci\u0105gania papieru?<\/strong><br \/>\nTST-V mierzy wytrzyma\u0142o\u015b\u0107 na rozci\u0105ganie, wyd\u0142u\u017cenie przy maksymalnej sile i poch\u0142anianie energii papieru, tektury i produkt\u00f3w z bibu\u0142y w celu oceny ich w\u0142a\u015bciwo\u015bci mechanicznych.<\/li>\n<li><strong>W jaki spos\u00f3b norma ISO 1924 odnosi si\u0119 do testowania papieru?<\/strong><br \/>\nNorma ISO 1924 ustanawia mi\u0119dzynarodowe standardy testowania w\u0142a\u015bciwo\u015bci rozci\u0105gaj\u0105cych papieru i tektury, zapewniaj\u0105c, \u017ce wyniki s\u0105 sp\u00f3jne, wiarygodne i por\u00f3wnywalne w r\u00f3\u017cnych bran\u017cach.<\/li>\n<li><strong>Jakie rodzaje materia\u0142\u00f3w mo\u017cna testowa\u0107 za pomoc\u0105 TST-V?<\/strong><br \/>\nTST-V jest w stanie testowa\u0107 r\u00f3\u017cne materia\u0142y papierowe, w tym tektur\u0119, bibu\u0142\u0119 i inne produkty na bazie papieru, pod k\u0105tem ich wytrzyma\u0142o\u015bci na rozci\u0105ganie i elastyczno\u015bci.<\/li>\n<li><strong>Jakie s\u0105 kluczowe cechy modelu TST-V?<\/strong><br \/>\nTST-V jest wyposa\u017cony w sterowanie PLC, 7-calowy ekran dotykowy, precyzyjny mechanizm \u015bruby poci\u0105gowej, regulowane pr\u0119dko\u015bci testowania i kompatybilno\u015b\u0107 z r\u00f3\u017cnymi urz\u0105dzeniami.<\/li>\n<li><strong>Jakie standardy spe\u0142nia TST-V?<\/strong><br \/>\nTST-V jest zgodny z <strong>ISO 1924<\/strong>, <strong>ISO 12625<\/strong>, <strong>TAPPI T494<\/strong>i inne mi\u0119dzynarodowe normy dotycz\u0105ce testowania papieru.<\/li>\n<\/ol>","protected":false},"excerpt":{"rendered":"<p>The <strong>Pionowy tester rozci\u0105gania papieru<\/strong> (TST-V) to wysoce wyspecjalizowany przyrz\u0105d testowy przeznaczony do oceny w\u0142a\u015bciwo\u015bci mechanicznych materia\u0142\u00f3w papierowych, w tym tektury, bibu\u0142y i innych produkt\u00f3w na bazie papieru. Odgrywa kluczow\u0105 rol\u0119 w przemy\u015ble papierniczym i opakowaniowym, mierz\u0105c kluczowe w\u0142a\u015bciwo\u015bci, takie jak wytrzyma\u0142o\u015b\u0107 na rozci\u0105ganie, wyd\u0142u\u017cenie przy maksymalnej sile, poch\u0142anianie energii rozci\u0105gania i sztywno\u015b\u0107 na rozci\u0105ganie. Okre\u015blaj\u0105c te w\u0142a\u015bciwo\u015bci, producenci mog\u0105 zapewni\u0107, \u017ce ich produkty spe\u0142niaj\u0105 rygorystyczne normy wydajno\u015bci i jako\u015bci, zw\u0142aszcza w zastosowaniach opakowaniowych, medycznych i spo\u017cywczych.<\/p>","protected":false},"featured_media":6283,"comment_status":"closed","ping_status":"closed","template":"","meta":{"site-sidebar-layout":"default","site-content-layout":"default","ast-global-header-display":"","ast-main-header-display":"","ast-hfb-above-header-display":"","ast-hfb-below-header-display":"","ast-hfb-mobile-header-display":"","site-post-title":"","ast-breadcrumbs-content":"","ast-featured-img":"","footer-sml-layout":"","theme-transparent-header-meta":"default","adv-header-id-meta":"","stick-header-meta":"","header-above-stick-meta":"","header-main-stick-meta":"","header-below-stick-meta":""},"product_cat":[845,953,956,955,1166,1167,1090,1163,1164,1165,954,957,958,952,959,1168,679,44,95],"product_tag":[],"class_list":{"0":"post-5335","1":"product","2":"type-product","3":"status-publish","4":"has-post-thumbnail","6":"product_cat-customization","7":"product_cat-bursting-tester","8":"product_cat-cobb-tester","9":"product_cat-crush-tester","10":"product_cat-iso-12625-4","11":"product_cat-iso-12625-5","12":"product_cat-iso-1924","13":"product_cat-iso-1924-1","14":"product_cat-iso-1924-2","15":"product_cat-iso-1924-3","16":"product_cat-paper-tear-tester","17":"product_cat-plybond-tester","18":"product_cat-puncture-tester","19":"product_cat-rub-tester","20":"product_cat-stiffness-tester","21":"product_cat-tappi-t494","22":"product_cat-tensile-tester","23":"product_cat-paper-and-board-testers","24":"product_cat-products","25":"desktop-align-left","26":"tablet-align-left","27":"mobile-align-left","29":"first","30":"instock","31":"shipping-taxable","32":"product-type-simple"},"_links":{"self":[{"href":"https:\/\/www.qualitester.com\/pl\/wp-json\/wp\/v2\/product\/5335","targetHints":{"allow":["GET"]}}],"collection":[{"href":"https:\/\/www.qualitester.com\/pl\/wp-json\/wp\/v2\/product"}],"about":[{"href":"https:\/\/www.qualitester.com\/pl\/wp-json\/wp\/v2\/types\/product"}],"replies":[{"embeddable":true,"href":"https:\/\/www.qualitester.com\/pl\/wp-json\/wp\/v2\/comments?post=5335"}],"version-history":[{"count":0,"href":"https:\/\/www.qualitester.com\/pl\/wp-json\/wp\/v2\/product\/5335\/revisions"}],"wp:featuredmedia":[{"embeddable":true,"href":"https:\/\/www.qualitester.com\/pl\/wp-json\/wp\/v2\/media\/6283"}],"wp:attachment":[{"href":"https:\/\/www.qualitester.com\/pl\/wp-json\/wp\/v2\/media?parent=5335"}],"wp:term":[{"taxonomy":"product_cat","embeddable":true,"href":"https:\/\/www.qualitester.com\/pl\/wp-json\/wp\/v2\/product_cat?post=5335"},{"taxonomy":"product_tag","embeddable":true,"href":"https:\/\/www.qualitester.com\/pl\/wp-json\/wp\/v2\/product_tag?post=5335"}],"curies":[{"name":"wp","href":"https:\/\/api.w.org\/{rel}","templated":true}]}}