{"id":5329,"date":"2024-11-13T11:44:25","date_gmt":"2024-11-13T03:44:25","guid":{"rendered":"https:\/\/www.qualitester.com\/?post_type=product&#038;p=5329"},"modified":"2024-12-05T11:27:13","modified_gmt":"2024-12-05T03:27:13","slug":"sale-paper-air-permeance-tester","status":"publish","type":"product","link":"https:\/\/www.qualitester.com\/pl\/produkt-2\/sale-paper-air-permeance-tester\/","title":{"rendered":"Tester przepuszczalno\u015bci powietrza TQD-01"},"content":{"rendered":"<h2><strong>Wprowadzenie do papierowego testera przepuszczalno\u015bci powietrza<\/strong><\/h2>\n<p>The <strong>Papierowy tester przepuszczalno\u015bci powietrza<\/strong> jest niezb\u0119dnym narz\u0119dziem do okre\u015blania przepuszczalno\u015bci powietrza materia\u0142\u00f3w papierowych i kartonowych, co czyni go kluczowym dla bran\u017c takich jak pakowanie, produkcja papieru i tekstyli\u00f3w. Tester ten wykorzystuje metod\u0119 Schoppera do pomiaru przep\u0142ywu powietrza przez materia\u0142y, zapewniaj\u0105c dok\u0142adne i wiarygodne wyniki dla papier\u00f3w i tektur o warto\u015bciach przepuszczalno\u015bci powietrza w zakresie od 1\u00d710^-2 do 1\u00d710\u00b2 \u00b5m\/(Pa-s). Metoda <strong>papierowy tester przepuszczalno\u015bci powietrza<\/strong> zosta\u0142 zaprojektowany tak, aby spe\u0142nia\u0142 mi\u0119dzynarodowe standardy testowania, zapewniaj\u0105c, \u017ce materia\u0142y spe\u0142niaj\u0105 okre\u015blone wymagania dotycz\u0105ce przepuszczalno\u015bci powietrza, co ma kluczowe znaczenie dla ich wydajno\u015bci w opakowaniach, filtracji i innych zastosowaniach.<\/p>\n<p>Tester jest idealny do u\u017cytku z r\u00f3\u017cnymi rodzajami papieru, w tym papierem do kopiowania, papierem do work\u00f3w cementowych, przemys\u0142owym papierem filtracyjnym i workami papierowymi. Nie nadaje si\u0119 jednak do materia\u0142\u00f3w o szorstkiej powierzchni, takich jak papier krepowany lub falisty, kt\u00f3rych nie mo\u017cna bezpiecznie zacisn\u0105\u0107, aby zapobiec wyciekom.<\/p>\n<h2><strong>Kluczowe cechy<\/strong><\/h2>\n<ul>\n<li><strong>Precyzyjny pomiar<\/strong>: Dok\u0142adnie mierzy przepuszczalno\u015b\u0107 powietrza przez papier i tektur\u0119.<\/li>\n<li><strong>Metoda Schoppera<\/strong>: Wykorzystuje znormalizowan\u0105 metod\u0119 Schoppera w celu uzyskania sp\u00f3jnych, powtarzalnych wynik\u00f3w.<\/li>\n<li><strong>Szeroka kompatybilno\u015b\u0107 materia\u0142owa<\/strong>: Nadaje si\u0119 do testowania szerokiej gamy rodzaj\u00f3w papieru, w tym przemys\u0142owego papieru filtracyjnego, work\u00f3w cementowych i papieru do kopiowania.<\/li>\n<li><strong>Zgodno\u015b\u0107 z normami<\/strong>: Spe\u0142nia wiele mi\u0119dzynarodowych i bran\u017cowych norm dotycz\u0105cych test\u00f3w przepuszczalno\u015bci powietrza.<\/li>\n<li><strong>\u0141atwo\u015b\u0107 u\u017cytkowania<\/strong>: Prosta i intuicyjna obs\u0142uga umo\u017cliwiaj\u0105ca szybkie testowanie i gromadzenie danych.<\/li>\n<\/ul>\n<h2><strong>Jak dzia\u0142a papierowy tester przepuszczalno\u015bci powietrza?<\/strong><\/h2>\n<p>The <strong>papierowy tester przepuszczalno\u015bci powietrza<\/strong> dzia\u0142a poprzez zaci\u015bni\u0119cie pr\u00f3bki papieru lub tektury mi\u0119dzy dwiema hermetycznymi okr\u0105g\u0142ymi uszczelkami. Jedna strona pr\u00f3bki jest wystawiona na dzia\u0142anie ci\u015bnienia atmosferycznego, podczas gdy niewielka, kontrolowana r\u00f3\u017cnica ci\u015bnie\u0144 jest utrzymywana w ca\u0142ym obszarze testowym. Nast\u0119pnie tester mierzy przep\u0142yw powietrza przez pr\u00f3bk\u0119 w tych warunkach, obliczaj\u0105c przepuszczalno\u015b\u0107 powietrza na podstawie szybko\u015bci przep\u0142ywu powietrza i r\u00f3\u017cnicy ci\u015bnie\u0144.<\/p>\n<h3><strong>Metoda badania<\/strong><\/h3>\n<ol>\n<li><strong>Przygotowanie pr\u00f3bki<\/strong>: Papierowa pr\u00f3bka jest bezpiecznie zaci\u015bni\u0119ta mi\u0119dzy dwiema uszczelkami, aby unikn\u0105\u0107 wyciek\u00f3w.<\/li>\n<li><strong>Kontrola ci\u015bnienia<\/strong>: Niewielka, ale sta\u0142a r\u00f3\u017cnica ci\u015bnie\u0144 jest przyk\u0142adana do pr\u00f3bki w celu symulacji rzeczywistych warunk\u00f3w.<\/li>\n<li><strong>Pomiar<\/strong>: Tester mierzy obj\u0119to\u015b\u0107 powietrza przep\u0142ywaj\u0105cego przez pr\u00f3bk\u0119 papieru w okre\u015blonym czasie, obliczaj\u0105c przepuszczalno\u015b\u0107 powietrza w mikrometrach na paskal sekund\u0119 (\u00b5m\/(Pa-s)).<\/li>\n<\/ol>\n<p>Ta metoda zapewnia, \u017ce wyniki s\u0105 wiarygodne i reprezentatywne dla rzeczywistej przepuszczalno\u015bci powietrza papieru, dzi\u0119ki czemu <strong>papierowy tester przepuszczalno\u015bci powietrza<\/strong> niezb\u0119dne narz\u0119dzie do oceny wydajno\u015bci materia\u0142u.<\/p>\n<h2><strong>Obowi\u0105zuj\u0105ce normy dla papierowego testera przepuszczalno\u015bci powietrza<\/strong><\/h2>\n<p>The <strong>papierowy tester przepuszczalno\u015bci powietrza<\/strong> przestrzega kilku kluczowych standard\u00f3w mi\u0119dzynarodowych i bran\u017cowych, zapewniaj\u0105c, \u017ce proces testowania jest zar\u00f3wno dok\u0142adny, jak i zgodny z najlepszymi globalnymi praktykami:<\/p>\n<ul>\n<li><a href=\"https:\/\/www.iso.org\/standard\/11719.html\" target=\"_blank\" rel=\"noopener nofollow\"><strong>ISO 5636-2<\/strong><\/a>: Norma dotycz\u0105ca pomiaru przepuszczalno\u015bci powietrza w papierze i tekturze metod\u0105 Schoppera.<\/li>\n<li><a href=\"https:\/\/www.iso.org\/standard\/52431.html\" target=\"_blank\" rel=\"noopener nofollow\"><strong>ISO 5636-3<\/strong><\/a>: Okre\u015bla metody pomiaru przepuszczalno\u015bci powietrza w r\u00f3\u017cnych materia\u0142ach papierowych i tekturowych.<\/li>\n<li><a href=\"https:\/\/www.iso.org\/standard\/53062.html\" target=\"_blank\" rel=\"noopener nofollow\"><strong>ISO 5636-5<\/strong><\/a>: Dodatkowe wytyczne dotycz\u0105ce testowania przepuszczalno\u015bci powietrza w r\u00f3\u017cnych warunkach \u015brodowiskowych.<\/li>\n<li><strong>GB\/T 458<\/strong>: Chi\u0144ska norma krajowa dotycz\u0105ca okre\u015blania przepuszczalno\u015bci powietrza w papierze i tekturze.<\/li>\n<li><strong>QB\/1667<\/strong>: Norma bran\u017cowa dotycz\u0105ca badania przepuszczalno\u015bci powietrza w materia\u0142ach opakowaniowych.<\/li>\n<\/ul>\n<h3><strong>Znaczenie zgodno\u015bci z normami<\/strong><\/h3>\n<p>Dzi\u0119ki zgodno\u015bci z tymi standardami <strong>papierowy tester przepuszczalno\u015bci powietrza<\/strong> zapewnia, \u017ce wyniki s\u0105 sp\u00f3jne i uznawane na ca\u0142ym \u015bwiecie. Ma to kluczowe znaczenie dla bran\u017c, w kt\u00f3rych zgodno\u015b\u0107 z przepisami i kontrola jako\u015bci maj\u0105 kluczowe znaczenie, takich jak materia\u0142y opakowaniowe stosowane w sektorze spo\u017cywczym i farmaceutycznym.<\/p>\n<h2><strong>G\u0142\u00f3wne parametry<\/strong><\/h2>\n<table>\n<tbody>\n<tr>\n<td style=\"text-align: center;\" width=\"224\">Zakres testu<\/td>\n<td style=\"text-align: center;\" width=\"267\">1 ~ 1000\uff09 ml\/min lub 0 ~ 17um\/(Pa.s)<\/td>\n<\/tr>\n<tr>\n<td style=\"text-align: center;\" width=\"224\">Obszar testowy<\/td>\n<td style=\"text-align: center;\" width=\"267\">10\u00b10,2 cm\u00b2<\/td>\n<\/tr>\n<tr>\n<td style=\"text-align: center;\" width=\"224\">R\u00f3\u017cnica ci\u015bnie\u0144 w obszarze testowym<\/td>\n<td style=\"text-align: center;\" width=\"267\">1\u00b10.01kpa<\/td>\n<\/tr>\n<tr>\n<td style=\"text-align: center;\" colspan=\"1\" rowspan=\"2\" width=\"224\">Dok\u0142adno\u015b\u0107<\/td>\n<td style=\"text-align: center;\" width=\"267\">&lt;100 ml b\u0142\u0105d obj\u0119to\u015bci 1 ml<\/td>\n<\/tr>\n<tr>\n<td style=\"text-align: center;\" width=\"267\">&gt;100 ml b\u0142\u0105d obj\u0119to\u015bci 5 ml<\/td>\n<\/tr>\n<tr>\n<td style=\"text-align: center;\" width=\"224\">\u015arednica wewn\u0119trzna pier\u015bcienia zaciskowego<\/td>\n<td style=\"text-align: center;\" width=\"267\">35,68\u00b10,05 mm<\/td>\n<\/tr>\n<tr>\n<td style=\"text-align: center;\" width=\"224\">\u015arodkowa wsp\u00f3\u0142osiowo\u015b\u0107 pier\u015bcieni zaciskowych<\/td>\n<td style=\"text-align: center;\" width=\"267\">&lt;0,05 mm<\/td>\n<\/tr>\n<tr>\n<td style=\"text-align: center;\" width=\"224\">Wymiary<\/td>\n<td style=\"text-align: center;\" width=\"267\">400*300*1200mm<\/td>\n<\/tr>\n<\/tbody>\n<\/table>\n<h2><strong>Zastosowania papierowego testera przepuszczalno\u015bci powietrza<\/strong><\/h2>\n<p>The <strong>papierowy tester przepuszczalno\u015bci powietrza<\/strong> ma szeroki zakres zastosowa\u0144 w r\u00f3\u017cnych bran\u017cach, kt\u00f3re wymagaj\u0105 precyzyjnego pomiaru przepuszczalno\u015bci powietrza w produktach na bazie papieru:<\/p>\n<ul>\n<li><strong>Opakowanie<\/strong>: Do testowania materia\u0142\u00f3w takich jak worki papierowe, worki cementowe i przemys\u0142owy papier filtracyjny, zapewniaj\u0105c ich przydatno\u015b\u0107 do zastosowa\u0144 opakowaniowych.<\/li>\n<li><strong>Tekstylia<\/strong>: Pomiar przepuszczalno\u015bci powietrza w materia\u0142ach papierowych u\u017cywanych w zastosowaniach tekstylnych, takich jak filtry papierowe.<\/li>\n<li><strong>\u017bywno\u015b\u0107 i farmaceutyki<\/strong>: Zapewnienie odpowiedniej przepuszczalno\u015bci powietrza dla papierowych materia\u0142\u00f3w opakowaniowych stosowanych w przemy\u015ble spo\u017cywczym i farmaceutycznym w celu zagwarantowania ochrony i jako\u015bci produktu.<\/li>\n<li><strong>Kontrola jako\u015bci<\/strong>: Zapewnienie, \u017ce wszystkie produkty papierowe spe\u0142niaj\u0105 okre\u015blone normy przepuszczalno\u015bci powietrza dla ich zamierzonych zastosowa\u0144.<\/li>\n<\/ul>\n<h2><strong>Zalety papierowego testera przepuszczalno\u015bci powietrza<\/strong><\/h2>\n<ul>\n<li><strong>Precyzja i dok\u0142adno\u015b\u0107<\/strong>: The <strong>papierowy tester przepuszczalno\u015bci powietrza<\/strong> zapewnia wiarygodne, powtarzalne wyniki, pomagaj\u0105c producentom zapewni\u0107 jako\u015b\u0107 i zgodno\u015b\u0107 produkt\u00f3w.<\/li>\n<li><strong>Szeroki zakres zastosowa\u0144<\/strong>: Mo\u017ce by\u0107 u\u017cywany do testowania r\u00f3\u017cnych rodzaj\u00f3w papieru, od przemys\u0142owych papier\u00f3w filtracyjnych po materia\u0142y opakowaniowe.<\/li>\n<li><strong>Zgodno\u015b\u0107 z normami<\/strong>: Spe\u0142nia mi\u0119dzynarodowe standardy testowania przepuszczalno\u015bci powietrza, zapewniaj\u0105c sp\u00f3jno\u015b\u0107 i niezawodno\u015b\u0107.<\/li>\n<li><strong>\u0141atwa obs\u0142uga<\/strong>: Prosty i przyjazny dla u\u017cytkownika interfejs do szybkiego i wydajnego testowania w ka\u017cdym laboratorium lub \u015brodowisku produkcyjnym.<\/li>\n<\/ul>\n<p>The <strong>Papierowy tester przepuszczalno\u015bci powietrza<\/strong> jest niezb\u0119dnym narz\u0119dziem dla producent\u00f3w, laboratori\u00f3w kontroli jako\u015bci i instytucji badawczych, kt\u00f3re musz\u0105 mierzy\u0107 przepuszczalno\u015b\u0107 powietrza materia\u0142\u00f3w papierowych i tekturowych. Dzi\u0119ki zastosowaniu metody Schoppera zapewnia dok\u0142adne i sp\u00f3jne wyniki, kt\u00f3re spe\u0142niaj\u0105 mi\u0119dzynarodowe standardy testowania. Niezale\u017cnie od tego, czy zajmujesz si\u0119 opakowaniami, tekstyliami, \u017cywno\u015bci\u0105 czy farmaceutykami, miernik <strong>papierowy tester przepuszczalno\u015bci powietrza<\/strong> oferuje niezb\u0119dne dane dotycz\u0105ce wydajno\u015bci, aby zagwarantowa\u0107 jako\u015b\u0107 i niezawodno\u015b\u0107 produkt\u00f3w na bazie papieru.<\/p>\n<p>Dzi\u0119ki \u0142atwo\u015bci obs\u0142ugi, wszechstronno\u015bci i precyzji, tester ten jest cennym dodatkiem do ka\u017cdego laboratorium lub procesu kontroli jako\u015bci, zapewniaj\u0105c, \u017ce materia\u0142y dzia\u0142aj\u0105 zgodnie z oczekiwaniami w rzeczywistych warunkach.<\/p>","protected":false},"excerpt":{"rendered":"<p>The <strong>Papierowy tester przepuszczalno\u015bci powietrza<\/strong> jest niezb\u0119dnym narz\u0119dziem do okre\u015blania przepuszczalno\u015bci powietrza materia\u0142\u00f3w papierowych i kartonowych, co czyni go kluczowym dla bran\u017c takich jak pakowanie, produkcja papieru i tekstyli\u00f3w. Tester ten wykorzystuje metod\u0119 Schoppera do pomiaru przep\u0142ywu powietrza przez materia\u0142y, zapewniaj\u0105c dok\u0142adne i wiarygodne wyniki dla papier\u00f3w i tektur o warto\u015bciach przepuszczalno\u015bci powietrza w zakresie od 1\u00d710^-2 do 1\u00d710\u00b2 \u00b5m\/(Pa-s). Metoda <strong>papierowy tester przepuszczalno\u015bci powietrza<\/strong> zosta\u0142 zaprojektowany tak, aby spe\u0142nia\u0142 mi\u0119dzynarodowe standardy testowania, zapewniaj\u0105c, \u017ce materia\u0142y spe\u0142niaj\u0105 okre\u015blone wymagania dotycz\u0105ce przepuszczalno\u015bci powietrza, co ma kluczowe znaczenie dla ich wydajno\u015bci w opakowaniach, filtracji i innych zastosowaniach.<\/p>","protected":false},"featured_media":6203,"comment_status":"closed","ping_status":"closed","template":"","meta":{"site-sidebar-layout":"default","site-content-layout":"default","ast-global-header-display":"","ast-main-header-display":"","ast-hfb-above-header-display":"","ast-hfb-below-header-display":"","ast-hfb-mobile-header-display":"","site-post-title":"","ast-breadcrumbs-content":"","ast-featured-img":"","footer-sml-layout":"","theme-transparent-header-meta":"default","adv-header-id-meta":"","stick-header-meta":"","header-above-stick-meta":"","header-main-stick-meta":"","header-below-stick-meta":""},"product_cat":[845,953,956,955,1155,1156,1157,954,957,958,952,959,962,685,44,95],"product_tag":[],"class_list":{"0":"post-5329","1":"product","2":"type-product","3":"status-publish","4":"has-post-thumbnail","6":"product_cat-customization","7":"product_cat-bursting-tester","8":"product_cat-cobb-tester","9":"product_cat-crush-tester","10":"product_cat-iso-5636-2","11":"product_cat-iso-5636-3","12":"product_cat-iso-5636-5","13":"product_cat-paper-tear-tester","14":"product_cat-plybond-tester","15":"product_cat-puncture-tester","16":"product_cat-rub-tester","17":"product_cat-stiffness-tester","18":"product_cat-thickness-gauges","19":"product_cat-thickness-tester","20":"product_cat-paper-and-board-testers","21":"product_cat-products","22":"desktop-align-left","23":"tablet-align-left","24":"mobile-align-left","26":"first","27":"instock","28":"shipping-taxable","29":"product-type-simple"},"_links":{"self":[{"href":"https:\/\/www.qualitester.com\/pl\/wp-json\/wp\/v2\/product\/5329","targetHints":{"allow":["GET"]}}],"collection":[{"href":"https:\/\/www.qualitester.com\/pl\/wp-json\/wp\/v2\/product"}],"about":[{"href":"https:\/\/www.qualitester.com\/pl\/wp-json\/wp\/v2\/types\/product"}],"replies":[{"embeddable":true,"href":"https:\/\/www.qualitester.com\/pl\/wp-json\/wp\/v2\/comments?post=5329"}],"version-history":[{"count":0,"href":"https:\/\/www.qualitester.com\/pl\/wp-json\/wp\/v2\/product\/5329\/revisions"}],"wp:featuredmedia":[{"embeddable":true,"href":"https:\/\/www.qualitester.com\/pl\/wp-json\/wp\/v2\/media\/6203"}],"wp:attachment":[{"href":"https:\/\/www.qualitester.com\/pl\/wp-json\/wp\/v2\/media?parent=5329"}],"wp:term":[{"taxonomy":"product_cat","embeddable":true,"href":"https:\/\/www.qualitester.com\/pl\/wp-json\/wp\/v2\/product_cat?post=5329"},{"taxonomy":"product_tag","embeddable":true,"href":"https:\/\/www.qualitester.com\/pl\/wp-json\/wp\/v2\/product_tag?post=5329"}],"curies":[{"name":"wp","href":"https:\/\/api.w.org\/{rel}","templated":true}]}}