{"id":5316,"date":"2024-11-13T09:40:57","date_gmt":"2024-11-13T01:40:57","guid":{"rendered":"https:\/\/www.qualitester.com\/?post_type=product&#038;p=5316"},"modified":"2024-12-05T09:36:55","modified_gmt":"2024-12-05T01:36:55","slug":"sale-90-degree-peel-tester","status":"publish","type":"product","link":"https:\/\/www.qualitester.com\/pl\/produkt-2\/sale-90-degree-peel-tester\/","title":{"rendered":"Tester odrywania MPL-01 90 stopni"},"content":{"rendered":"<h2><strong>Wprowadzenie do 90-stopniowego peel-testera<\/strong><\/h2>\n<p>90 Degree Peel Tester to specjalistyczny przyrz\u0105d zaprojektowany do precyzyjnego pomiaru si\u0142y przyczepno\u015bci r\u00f3\u017cnych materia\u0142\u00f3w przy odrywaniu pod k\u0105tem 90 stopni. Ta metoda testowania ma kluczowe znaczenie dla zapewnienia niezawodno\u015bci i trwa\u0142o\u015bci kleju w r\u00f3\u017cnych produktach, od obwod\u00f3w z folii miedzianej na p\u0142ytkach drukowanych po ta\u015bmy, folie aluminiowe i inne materia\u0142y klej\u0105ce. Testuj\u0105c si\u0142\u0119 wymagan\u0105 do oderwania pr\u00f3bki pod k\u0105tem pionowym, 90 Degree Peel Tester zapewnia dok\u0142adne, powtarzalne wyniki niezb\u0119dne do zapewnienia jako\u015bci, rozwoju produktu i zgodno\u015bci z normami bran\u017cowymi.<\/p>\n<h2><strong>Zastosowania 90-stopniowego testera odrywania<\/strong><\/h2>\n<p>Ten tester odrywania jest szeroko stosowany do pomiaru si\u0142y przyczepno\u015bci w wielu zastosowaniach, w tym:<\/p>\n<ul>\n<li><strong>Elektronika<\/strong>: Testowanie przyczepno\u015bci folii miedzianej na p\u0142ytkach drukowanych (PCB), zapewniaj\u0105ce niezawodno\u015b\u0107 obwodu.<\/li>\n<li><strong>Opakowanie<\/strong>: Weryfikacja wytrzyma\u0142o\u015bci na odrywanie folii aluminiowych i cynowych, co ma kluczowe znaczenie dla integralno\u015bci produktu w opakowaniu.<\/li>\n<li><strong>Kleje i ta\u015bmy<\/strong>: Ocena si\u0142y wi\u0105zania ta\u015bm i klej\u00f3w na r\u00f3\u017cnych pod\u0142o\u017cach, zapewniaj\u0105ca wydajno\u015b\u0107 w r\u00f3\u017cnych warunkach.<\/li>\n<\/ul>\n<p>Mo\u017cliwo\u015bci te sprawiaj\u0105, \u017ce 90-stopniowy tester zdzierania jest cennym zasobem dla agencji kontroli jako\u015bci, laboratori\u00f3w badawczo-rozwojowych i \u015brodowisk produkcyjnych skoncentrowanych na elektronice, opakowaniach, klejach i nie tylko.<\/p>\n<h2><strong>Kluczowe cechy i parametry<\/strong><\/h2>\n<p>90-stopniowy tester zdzierania zosta\u0142 zaprojektowany z my\u015bl\u0105 o precyzji i wszechstronno\u015bci:<\/p>\n<ul>\n<li><strong>Skuteczny udar<\/strong>: 150 mm, co pozwala na dostosowanie do szerokiego zakresu rozmiar\u00f3w pr\u00f3bek.<\/li>\n<li><strong>Maksymalne obci\u0105\u017cenie<\/strong>: 500N, wspomagaj\u0105c testowanie materia\u0142\u00f3w o wysokiej wytrzyma\u0142o\u015bci.<\/li>\n<li><strong>Kompaktowe wymiary (d\u0142.\/wys.)<\/strong>: 350\u00d7210\u00d7450 mm, optymalizuj\u0105c przestrze\u0144 laboratoryjn\u0105.<\/li>\n<li><strong>Waga netto<\/strong>: 19 kg, zapewniaj\u0105c stabilno\u015b\u0107 podczas test\u00f3w.<\/li>\n<li><strong>Efektywny obszar testowy<\/strong>: 105\u00d7100 mm, z mo\u017cliwo\u015bci\u0105 rozszerzenia do 105\u00d7152 mm, odpowiedni do r\u00f3\u017cnych konfiguracji pr\u00f3bek.<\/li>\n<\/ul>\n<h2><strong>Przegl\u0105d metody testu odrywania pod k\u0105tem 90 stopni<\/strong><\/h2>\n<p>Test odrywania pod k\u0105tem 90 stopni jest standardow\u0105 metod\u0105 stosowan\u0105 do oceny si\u0142y klejenia mi\u0119dzy dwoma klejonymi materia\u0142ami. Procedura obejmuje:<\/p>\n<ol>\n<li><strong>Konfiguracja<\/strong>: Mocowanie pr\u00f3bki na stanowisku testowym z obszarem przylepnym ustawionym do pionowego odrywania.<\/li>\n<li><strong>Wykonanie<\/strong>: Pr\u00f3bka jest odrywana pod sta\u0142ym k\u0105tem 90 stopni, co zapewnia r\u00f3wnomierne przy\u0142o\u017cenie si\u0142y na ca\u0142ej linii wi\u0105zania.<\/li>\n<li><strong>Pomiar<\/strong>: Tester oblicza si\u0142\u0119 przyczepno\u015bci potrzebn\u0105 do rozdzielenia materia\u0142\u00f3w, zapewniaj\u0105c wiarygodne dane dotycz\u0105ce integralno\u015bci po\u0142\u0105czenia.<\/li>\n<\/ol>\n<p>Metoda ta zapewnia precyzyjny pomiar odporno\u015bci na zdzieranie i jest stosowana zar\u00f3wno do kontroli jako\u015bci produktu, jak i bada\u0144 nad wydajno\u015bci\u0105 kleju w kontrolowanych warunkach.<\/p>\n<h2><strong>Zalety korzystania z 90-stopniowego testera peelingu<\/strong><\/h2>\n<p>Tester 90 Degree Peel Tester zapewnia liczne korzy\u015bci w testowaniu produkt\u00f3w:<\/p>\n<ul>\n<li><strong>Dok\u0142adne i powtarzalne wyniki<\/strong>: Zaprojektowany do niezawodnych pomiar\u00f3w odporno\u015bci na odrywanie, dzi\u0119ki czemu idealnie nadaje si\u0119 zar\u00f3wno do kontroli jako\u015bci, jak i bada\u0144 i rozwoju.<\/li>\n<li><strong>Wszechstronne zastosowania<\/strong>: Nadaje si\u0119 do testowania szerokiej gamy materia\u0142\u00f3w klej\u0105cych w wielu bran\u017cach.<\/li>\n<li><strong>Konstrukcja przyjazna dla u\u017cytkownika<\/strong>: Upraszcza konfiguracj\u0119 i wykonanie, umo\u017cliwiaj\u0105c wydajne testowanie bez uszczerbku dla precyzji.<\/li>\n<\/ul>\n<p>Tester odklejania 90 stopni jest niezb\u0119dnym narz\u0119dziem dla ka\u017cdej bran\u017cy, kt\u00f3ra polega na precyzyjnych pomiarach kleju. Jego zdolno\u015b\u0107 do dostarczania znormalizowanych, wiarygodnych danych sprawia, \u017ce idealnie nadaje si\u0119 do zapewnienia jako\u015bci produktu i zgodno\u015bci z normami bran\u017cowymi. Od elektroniki i opakowa\u0144 po kleje i agencje kontroli jako\u015bci, tester ten jest inwestycj\u0105 w sp\u00f3jn\u0105 kontrol\u0119 jako\u015bci i integralno\u015b\u0107 produktu.<\/p>\n<h2><strong>Sekcja FAQ<\/strong><\/h2>\n<ol>\n<li><strong>Co to jest test odrywania pod k\u0105tem 90 stopni?<\/strong><br \/>\nTest odrywania pod k\u0105tem 90 stopni mierzy si\u0142\u0119 przyczepno\u015bci materia\u0142\u00f3w poprzez odrywanie ich pod k\u0105tem 90 stopni, co zapewnia dok\u0142adne i powtarzalne wyniki.<\/li>\n<li><strong>Jakie materia\u0142y mo\u017cna testowa\u0107 za pomoc\u0105 tego urz\u0105dzenia?<\/strong><br \/>\nTen tester nadaje si\u0119 do folii miedzianych, folii aluminiowych, ta\u015bm i innych produkt\u00f3w samoprzylepnych stosowanych w r\u00f3\u017cnych ga\u0142\u0119ziach przemys\u0142u.<\/li>\n<li><strong>Dlaczego k\u0105t 90 stopni jest wa\u017cny w testach peelingu?<\/strong><br \/>\nK\u0105t 90 stopni zapewnia kontrolowane, sp\u00f3jne przy\u0142o\u017cenie si\u0142y, co skutkuje wiarygodnymi pomiarami si\u0142y, kt\u00f3re mo\u017cna por\u00f3wna\u0107 w r\u00f3\u017cnych testach.<\/li>\n<li><strong>Jakie s\u0105 maksymalne limity obci\u0105\u017cenia tego testera?<\/strong><br \/>\nTester obs\u0142uguje obci\u0105\u017cenia do 500 N, dzi\u0119ki czemu jest wszechstronny do testowania szeregu materia\u0142\u00f3w o wysokiej wytrzyma\u0142o\u015bci.<\/li>\n<li><strong>Jakie bran\u017ce korzystaj\u0105 z 90-stopniowego testera zdzierania?<\/strong><br \/>\nTester odrywania 90 stopni jest powszechnie stosowany w elektronice, opakowaniach, klejach i kontroli jako\u015bci w sektorach produkcyjnych, kt\u00f3re wymagaj\u0105 precyzyjnych pomiar\u00f3w si\u0142y klejenia.<\/li>\n<\/ol>\n<div id=\"gtx-anchor\" style=\"position: absolute; visibility: hidden; left: 448.391px; top: 128.922px; width: 54.75px; height: 19px;\"><\/div>\n<div class=\"jfk-bubble gtx-bubble\" style=\"visibility: visible; left: -192px; top: 158px; opacity: 1;\" role=\"alertdialog\" aria-describedby=\"bubble-2\">\n<div id=\"bubble-2\" class=\"jfk-bubble-content-id\">\n<div id=\"gtx-host\" style=\"min-width: 200px; max-width: 400px;\"><\/div>\n<\/div>\n<div class=\"jfk-bubble-closebtn-id jfk-bubble-closebtn\" tabindex=\"0\" role=\"button\" aria-label=\"Zamknij\"><\/div>\n<div class=\"jfk-bubble-arrow-id jfk-bubble-arrow jfk-bubble-arrowup\" style=\"left: 475.891px;\">\n<div class=\"jfk-bubble-arrowimplbefore\"><\/div>\n<div class=\"jfk-bubble-arrowimplafter\"><\/div>\n<\/div>\n<\/div>","protected":false},"excerpt":{"rendered":"<p>90 Degree Peel Tester to specjalistyczny przyrz\u0105d zaprojektowany do precyzyjnego pomiaru si\u0142y przyczepno\u015bci r\u00f3\u017cnych materia\u0142\u00f3w przy odrywaniu pod k\u0105tem 90 stopni. Ta metoda testowania ma kluczowe znaczenie dla zapewnienia niezawodno\u015bci i trwa\u0142o\u015bci kleju w r\u00f3\u017cnych produktach, od obwod\u00f3w z folii miedzianej na p\u0142ytkach drukowanych po ta\u015bmy, folie aluminiowe i inne materia\u0142y klej\u0105ce. Testuj\u0105c si\u0142\u0119 wymagan\u0105 do oderwania pr\u00f3bki pod k\u0105tem pionowym, 90 Degree Peel Tester zapewnia dok\u0142adne, powtarzalne wyniki niezb\u0119dne do zapewnienia jako\u015bci, rozwoju produktu i zgodno\u015bci z normami bran\u017cowymi.<\/p>","protected":false},"featured_media":6159,"comment_status":"closed","ping_status":"closed","template":"","meta":{"site-sidebar-layout":"default","site-content-layout":"default","ast-global-header-display":"","ast-main-header-display":"","ast-hfb-above-header-display":"","ast-hfb-below-header-display":"","ast-hfb-mobile-header-display":"","site-post-title":"","ast-breadcrumbs-content":"","ast-featured-img":"","footer-sml-layout":"","theme-transparent-header-meta":"default","adv-header-id-meta":"","stick-header-meta":"","header-above-stick-meta":"","header-main-stick-meta":"","header-below-stick-meta":""},"product_cat":[845,944,953,956,955,954,957,958,952,959,681,16,95],"product_tag":[],"class_list":{"0":"post-5316","1":"product","2":"type-product","3":"status-publish","4":"has-post-thumbnail","6":"product_cat-customization","7":"product_cat-90-peeling-tester","8":"product_cat-bursting-tester","9":"product_cat-cobb-tester","10":"product_cat-crush-tester","11":"product_cat-paper-tear-tester","12":"product_cat-plybond-tester","13":"product_cat-puncture-tester","14":"product_cat-rub-tester","15":"product_cat-stiffness-tester","16":"product_cat-peel-tester","17":"product_cat-plastic-packaging-testers","18":"product_cat-products","19":"desktop-align-left","20":"tablet-align-left","21":"mobile-align-left","23":"first","24":"instock","25":"shipping-taxable","26":"product-type-simple"},"_links":{"self":[{"href":"https:\/\/www.qualitester.com\/pl\/wp-json\/wp\/v2\/product\/5316","targetHints":{"allow":["GET"]}}],"collection":[{"href":"https:\/\/www.qualitester.com\/pl\/wp-json\/wp\/v2\/product"}],"about":[{"href":"https:\/\/www.qualitester.com\/pl\/wp-json\/wp\/v2\/types\/product"}],"replies":[{"embeddable":true,"href":"https:\/\/www.qualitester.com\/pl\/wp-json\/wp\/v2\/comments?post=5316"}],"version-history":[{"count":0,"href":"https:\/\/www.qualitester.com\/pl\/wp-json\/wp\/v2\/product\/5316\/revisions"}],"wp:featuredmedia":[{"embeddable":true,"href":"https:\/\/www.qualitester.com\/pl\/wp-json\/wp\/v2\/media\/6159"}],"wp:attachment":[{"href":"https:\/\/www.qualitester.com\/pl\/wp-json\/wp\/v2\/media?parent=5316"}],"wp:term":[{"taxonomy":"product_cat","embeddable":true,"href":"https:\/\/www.qualitester.com\/pl\/wp-json\/wp\/v2\/product_cat?post=5316"},{"taxonomy":"product_tag","embeddable":true,"href":"https:\/\/www.qualitester.com\/pl\/wp-json\/wp\/v2\/product_tag?post=5316"}],"curies":[{"name":"wp","href":"https:\/\/api.w.org\/{rel}","templated":true}]}}