{"id":5304,"date":"2024-11-12T17:08:48","date_gmt":"2024-11-12T09:08:48","guid":{"rendered":"https:\/\/www.qualitester.com\/?post_type=product&#038;p=5304"},"modified":"2024-12-05T11:20:36","modified_gmt":"2024-12-05T03:20:36","slug":"sale-bekk-smoothness-tester-iso-5627","status":"publish","type":"product","link":"https:\/\/www.qualitester.com\/pl\/produkt-2\/sale-bekk-smoothness-tester-iso-5627\/","title":{"rendered":"Tester g\u0142adko\u015bci ST-01"},"content":{"rendered":"<h2><strong>Wprowadzenie do testera g\u0142adko\u015bci Bekk<\/strong><\/h2>\n<p>Tester g\u0142adko\u015bci Bekk to wysoce precyzyjne urz\u0105dzenie zaprojektowane specjalnie do pomiaru g\u0142adko\u015bci powierzchni papieru i tektury przy u\u017cyciu renomowanej metody Bekk. Ten zaawansowany przyrz\u0105d dostarcza istotnych danych na temat p\u0142asko\u015bci i r\u00f3wno\u015bci powierzchni papieru, kluczowych cech wp\u0142ywaj\u0105cych na jako\u015b\u0107 w zastosowaniach takich jak drukowanie, pakowanie i wytwarzanie produkt\u00f3w. Dzi\u0119ki testerowi g\u0142adko\u015bci Bekk firmy Cell Instruments bran\u017ce mog\u0105 zapewni\u0107, \u017ce ich materia\u0142y spe\u0142niaj\u0105 wysokie standardy g\u0142adko\u015bci, poprawiaj\u0105c jako\u015b\u0107 i sp\u00f3jno\u015b\u0107 produktu ko\u0144cowego.<\/p>\n<h2><strong>Zrozumienie g\u0142adko\u015bci papieru i tektury<\/strong><\/h2>\n<p>G\u0142adko\u015b\u0107 jest krytycznym parametrem jako\u015bci, kt\u00f3ry mierzy r\u00f3wno\u015b\u0107 powierzchni papieru lub tektury. Jest ona okre\u015blana ilo\u015bciowo jako czas wymagany do przej\u015bcia powietrza mi\u0119dzy powierzchni\u0105 pr\u00f3bki testowej a pier\u015bcieniem pier\u015bcieniowym w warunkach kontrolowanego ci\u015bnienia, mierzony w sekundach (s). Wy\u017csze warto\u015bci g\u0142adko\u015bci, wskazywane przez d\u0142u\u017csze czasy przep\u0142ywu powietrza, oznaczaj\u0105 bardziej p\u0142ask\u0105 powierzchni\u0119, co zazwyczaj przek\u0142ada si\u0119 na lepsz\u0105 jako\u015b\u0107 druku, lepsze przyleganie atramentu i atrakcyjne wizualnie wyko\u0144czenie produktu. Zapewniaj\u0105c wysok\u0105 g\u0142adko\u015b\u0107 powierzchni, producenci mog\u0105 spe\u0142ni\u0107 rygorystyczne standardy jako\u015bci opakowa\u0144 i druku.<\/p>\n<h2><strong>Podstawowa zasada dzia\u0142ania testera g\u0142adko\u015bci Bekk<\/strong><\/h2>\n<p>Tester g\u0142adko\u015bci Bekk dzia\u0142a w oparciu o podstawow\u0105 zasad\u0119 metody Bekk, kt\u00f3ra wykorzystuje precyzyjne pomiary przemieszczenia powietrza do pomiaru g\u0142adko\u015bci powierzchni. Podczas testu pr\u00f3bka jest umieszczana na szklanej p\u0142ytce pod kontrolowanym ci\u015bnieniem. Wytwarzana jest cz\u0119\u015bciowa pr\u00f3\u017cnia, pozwalaj\u0105ca powietrzu atmosferycznemu przemieszcza\u0107 si\u0119 po powierzchni pr\u00f3bki. Mierzony jest czas wymagany do osi\u0105gni\u0119cia okre\u015blonej zmiany poziomu pr\u00f3\u017cni, przy czym d\u0142u\u017csze czasy wskazuj\u0105 na g\u0142adsze powierzchnie. Metoda ta zapewnia wiarygodne, powtarzalne wyniki o krytycznym znaczeniu dla zapewnienia jako\u015bci w zastosowaniach zwi\u0105zanych z papierem i tektur\u0105.<\/p>\n<h2><strong>Zgodno\u015b\u0107 z norm\u0105 ISO 5627 - Testowanie g\u0142adko\u015bci papieru i tektury<\/strong><\/h2>\n<p>Tester g\u0142adko\u015bci Bekk jest w pe\u0142ni zgodny z normami <strong><a href=\"https:\/\/www.iso.org\/standard\/20129.html\" target=\"_blank\" rel=\"noopener nofollow\">ISO 5627<\/a>:1995<\/strong>, uznany mi\u0119dzynarodowy standard okre\u015blania g\u0142adko\u015bci papieru i tektury przy u\u017cyciu metody Bekk. <a href=\"https:\/\/www.qualitester.com\/pl\/kategoria-produktu\/iso\/iso-5627\/\" target=\"_blank\" rel=\"noopener\">ISO 5627<\/a> Norma ISO 5627 okre\u015bla rygorystyczne warunki testowania, w tym okre\u015blone r\u00f3\u017cnice ci\u015bnie\u0144, ci\u015bnienie kontaktowe i czas trwania pomiaru, z kt\u00f3rych wszystkie spe\u0142nia tester g\u0142adko\u015bci Bekk. Zgodno\u015b\u0107 z norm\u0105 ISO 5627 zapewnia sp\u00f3jne, dok\u0142adne testy g\u0142adko\u015bci, kt\u00f3re spe\u0142niaj\u0105 globalne standardy jako\u015bci, umo\u017cliwiaj\u0105c producentom przestrzeganie mi\u0119dzynarodowych standard\u00f3w i dostarczanie wiarygodnych wynik\u00f3w.<\/p>\n<h2><strong>Cechy i zalety testera g\u0142adko\u015bci Bekk<\/strong><\/h2>\n<ul>\n<li><strong>Wysoka dok\u0142adno\u015b\u0107 i niezawodno\u015b\u0107<\/strong><br \/>\nTester g\u0142adko\u015bci Bekk wykorzystuje silnik krokowy i precyzyjny czujnik obci\u0105\u017cenia, zapewniaj\u0105c p\u0142ynne i r\u00f3wnomierne stosowanie ci\u015bnienia bez uszkadzania pr\u00f3bek. W przeciwie\u0144stwie do niekt\u00f3rych tester\u00f3w g\u0142adko\u015bci, kt\u00f3re wykorzystuj\u0105 obci\u0105\u017cniki lub mechanizmy spr\u0119\u017cynowe, konstrukcja ta zapobiega uderzeniom pr\u00f3bki i niedok\u0142adno\u015bciom ci\u015bnienia, utrzymuj\u0105c wysok\u0105 dok\u0142adno\u015b\u0107 testowania wynosz\u0105c\u0105 100 \u00b1 0,5 kPa.<\/li>\n<li><strong>\u0141atwo\u015b\u0107 u\u017cytkowania<\/strong><br \/>\nFunkcja testowania jednym przyciskiem eliminuje potrzeb\u0119 r\u0119cznych ustawie\u0144, dzi\u0119ki czemu jest przyjazna dla operator\u00f3w na ka\u017cdym poziomie umiej\u0119tno\u015bci. Intuicyjny 7-calowy ekran dotykowy wy\u015bwietla dane w czasie rzeczywistym, umo\u017cliwiaj\u0105c wydajn\u0105 nawigacj\u0119 i monitorowanie test\u00f3w.<\/li>\n<li><strong>Zaawansowane wykrywanie i kontrola przep\u0142ywu powietrza<\/strong><br \/>\nWyposa\u017cony w precyzyjne wykrywanie przep\u0142ywu powietrza, przyrz\u0105d automatycznie identyfikuje wymagany zakres w oparciu o w\u0142a\u015bciwo\u015bci pr\u00f3bki i odpowiednio dostosowuje pr\u0119dko\u015b\u0107 przep\u0142ywu powietrza. Funkcja ta zapewnia optymaln\u0105 kontrol\u0119 odpowietrzania i wiarygodne wyniki, nawet w przypadku r\u00f3\u017cnych typ\u00f3w pr\u00f3bek.<\/li>\n<li><strong>Bezobs\u0142ugowe dzia\u0142anie<\/strong><br \/>\nTester zawiera importowan\u0105, bezolejow\u0105 pomp\u0119 pr\u00f3\u017cniow\u0105 zaprojektowan\u0105 tak, aby dzia\u0142a\u0142a bezobs\u0142ugowo przez ca\u0142y okres u\u017cytkowania, zwi\u0119kszaj\u0105c niezawodno\u015b\u0107 i wygod\u0119 procesu testowania.<\/li>\n<li><strong>Wbudowana drukarka termiczna<\/strong><br \/>\nWbudowana drukarka termiczna umo\u017cliwia szybkie drukowanie wynik\u00f3w test\u00f3w, usprawniaj\u0105c przep\u0142yw pracy i dokumentacj\u0119 laboratoryjn\u0105.<\/li>\n<\/ul>\n<h2><strong>Zgodno\u015b\u0107 z innymi normami<\/strong><\/h2>\n<p>Opr\u00f3cz normy ISO 5627, tester g\u0142adko\u015bci Bekk jest zgodny z kilkoma kluczowymi normami, dzi\u0119ki czemu jest wszechstronny i nadaje si\u0119 do zastosowa\u0144 globalnych:<\/p>\n<ul>\n<li><strong>GB\/T 456-2002<\/strong> - Okre\u015bla metod\u0119 Bekk do okre\u015blania g\u0142adko\u015bci papieru i tektury, szeroko stosowan\u0105 na rynku chi\u0144skim.<\/li>\n<li><strong>QB\/T1665<\/strong> - Ta chi\u0144ska norma krajowa reguluje testowanie g\u0142adko\u015bci papieru i tektury, z metodami \u015bci\u015ble dopasowanymi do metody Bekk.<\/li>\n<li><strong>TAPPI T479<\/strong> - Metoda g\u0142adko\u015bci Bekk zdefiniowana przez TAPPI, powszechnie stosowana na rynkach Ameryki P\u00f3\u0142nocnej do dok\u0142adnego testowania g\u0142adko\u015bci materia\u0142\u00f3w papierowych.<\/li>\n<\/ul>\n<h2><strong>Zastosowania testera g\u0142adko\u015bci Bekk<\/strong><\/h2>\n<p>Tester g\u0142adko\u015bci Bekk jest nieoceniony w wielu bran\u017cach, w kt\u00f3rych jako\u015b\u0107 materia\u0142u i wydajno\u015b\u0107 s\u0105 najwa\u017cniejsze:<\/p>\n<ul>\n<li><strong>Opakowanie<\/strong> - G\u0142adkie powierzchnie zapewniaj\u0105 doskona\u0142e wyko\u0144czenie i trwa\u0142o\u015b\u0107 opakowania.<\/li>\n<li><strong>Drukowanie<\/strong> - Wysokie warto\u015bci g\u0142adko\u015bci s\u0105 niezb\u0119dne do uzyskania wyra\u017anych, \u017cywych wydruk\u00f3w.<\/li>\n<li><strong>Agencje kontroli jako\u015bci<\/strong> - Testy zgodno\u015bci zapewniaj\u0105, \u017ce materia\u0142y spe\u0142niaj\u0105 normy prawne i konsumenckie.<\/li>\n<li><strong>Produkcja papieru i tektury<\/strong> - Pomiary g\u0142adko\u015bci zapewniaj\u0105 sta\u0142\u0105 jako\u015b\u0107 produktu we wszystkich seriach produkcyjnych.<\/li>\n<li><strong>Badania i rozw\u00f3j<\/strong> - Testowanie nowych formu\u0142 materia\u0142\u00f3w pod k\u0105tem jako\u015bci powierzchni i funkcjonalno\u015bci.<\/li>\n<\/ul>\n<h2><strong>Specyfikacje techniczne testera g\u0142adko\u015bci Bekk<\/strong><\/h2>\n<ul>\n<li><strong>Zakres pomiaru<\/strong>: Precyzyjne odczyty g\u0142adko\u015bci w okre\u015blonych warunkach ci\u015bnienia i podci\u015bnienia.<\/li>\n<li><strong>Kontrola ci\u015bnienia<\/strong>: Zaawansowane sterowanie 100 \u00b1 0,5 kPa z integracj\u0105 silnika krokowego i czujnika obci\u0105\u017cenia.<\/li>\n<li><strong>Wy\u015bwietlacz<\/strong>: Du\u017cy 7-calowy kolorowy ekran dotykowy zapewniaj\u0105cy \u0142atw\u0105 obs\u0142ug\u0119 i widoczno\u015b\u0107 danych.<\/li>\n<li><strong>Drukarka<\/strong>: Wbudowana mikrodrukarka termiczna do natychmiastowego drukowania wynik\u00f3w.<\/li>\n<li><strong>Pompa pr\u00f3\u017cniowa<\/strong>: Bezolejowa, bezobs\u0142ugowa pompa pr\u00f3\u017cniowa zapewniaj\u0105ca sta\u0142\u0105 i niezawodn\u0105 wydajno\u015b\u0107 test\u00f3w.<\/li>\n<\/ul>\n<h2><strong>Cz\u0119sto zadawane pytania (FAQ)<\/strong><\/h2>\n<ol>\n<li><strong>Jakie rodzaje materia\u0142\u00f3w mo\u017cna testowa\u0107 za pomoc\u0105 testera g\u0142adko\u015bci Bekk?<\/strong><br \/>\nTester g\u0142adko\u015bci Bekk jest przeznaczony do materia\u0142\u00f3w papierowych i kartonowych, odpowiednich do zastosowa\u0144 w pakowaniu, drukowaniu i testowaniu jako\u015bci produkt\u00f3w.<\/li>\n<li><strong>Czym metoda Bekk r\u00f3\u017cni si\u0119 od innych metod testowania g\u0142adko\u015bci?<\/strong><br \/>\nMetoda Bekk mierzy g\u0142adko\u015b\u0107 na podstawie czasu przep\u0142ywu powietrza pod okre\u015blonym ci\u015bnieniem, zapewniaj\u0105c bardzo czu\u0142\u0105 i dok\u0142adn\u0105 ocen\u0119 g\u0142adko\u015bci drobnych powierzchni.<\/li>\n<li><strong>Jakie s\u0105 g\u0142\u00f3wne zalety zgodno\u015bci z norm\u0105 ISO 5627?<\/strong><br \/>\nZgodno\u015b\u0107 z norm\u0105 ISO 5627 gwarantuje, \u017ce test g\u0142adko\u015bci spe\u0142nia mi\u0119dzynarodowe standardy, zapewniaj\u0105c wiarygodne i sp\u00f3jne wyniki w celu zapewnienia jako\u015bci.<\/li>\n<li><strong>Jak zinterpretowa\u0107 wyniki testu pod wzgl\u0119dem p\u0142ynno\u015bci?<\/strong><br \/>\nD\u0142u\u017cszy czas testu oznacza wy\u017csz\u0105 g\u0142adko\u015b\u0107. Wy\u017csza g\u0142adko\u015b\u0107 generalnie koreluje z lepsz\u0105 jako\u015bci\u0105 druku i jednolito\u015bci\u0105 powierzchni.<\/li>\n<li><strong>Jaka konserwacja jest wymagana dla testera g\u0142adko\u015bci Bekk?<\/strong><br \/>\nTester g\u0142adko\u015bci Bekk wymaga minimalnej konserwacji dzi\u0119ki bezolejowej pompie pr\u00f3\u017cniowej, kt\u00f3ra zosta\u0142a zaprojektowana do d\u0142ugotrwa\u0142ej, bezobs\u0142ugowej pracy.<\/li>\n<\/ol>","protected":false},"excerpt":{"rendered":"<p>Introduction to the Bekk Smoothness Tester The Bekk Smoothness Tester is a high-precision device specifically designed to measure the surface smoothness of paper and board materials using the renowned Bekk Method. This sophisticated instrument provides vital data on the flatness and evenness of paper surfaces, key characteristics influencing quality in applications like printing, packaging, and &hellip;<\/p>\n<p class=\"read-more\"> <a class=\"\" href=\"https:\/\/www.qualitester.com\/pl\/produkt-2\/sale-bekk-smoothness-tester-iso-5627\/\"> <span class=\"screen-reader-text\">Tester g\u0142adko\u015bci ST-01<\/span> Czytaj wi\u0119cej \"<\/a><\/p>","protected":false},"featured_media":6199,"comment_status":"closed","ping_status":"closed","template":"","meta":{"site-sidebar-layout":"default","site-content-layout":"default","ast-global-header-display":"","ast-main-header-display":"","ast-hfb-above-header-display":"","ast-hfb-below-header-display":"","ast-hfb-mobile-header-display":"","site-post-title":"","ast-breadcrumbs-content":"","ast-featured-img":"","footer-sml-layout":"","theme-transparent-header-meta":"default","adv-header-id-meta":"","stick-header-meta":"","header-above-stick-meta":"","header-main-stick-meta":"","header-below-stick-meta":""},"product_cat":[845,1138,961,44,95],"product_tag":[],"class_list":{"0":"post-5304","1":"product","2":"type-product","3":"status-publish","4":"has-post-thumbnail","6":"product_cat-customization","7":"product_cat-iso-5627","8":"product_cat-smoothness-tester","9":"product_cat-paper-and-board-testers","10":"product_cat-products","11":"desktop-align-left","12":"tablet-align-left","13":"mobile-align-left","15":"first","16":"instock","17":"shipping-taxable","18":"product-type-simple"},"_links":{"self":[{"href":"https:\/\/www.qualitester.com\/pl\/wp-json\/wp\/v2\/product\/5304","targetHints":{"allow":["GET"]}}],"collection":[{"href":"https:\/\/www.qualitester.com\/pl\/wp-json\/wp\/v2\/product"}],"about":[{"href":"https:\/\/www.qualitester.com\/pl\/wp-json\/wp\/v2\/types\/product"}],"replies":[{"embeddable":true,"href":"https:\/\/www.qualitester.com\/pl\/wp-json\/wp\/v2\/comments?post=5304"}],"version-history":[{"count":0,"href":"https:\/\/www.qualitester.com\/pl\/wp-json\/wp\/v2\/product\/5304\/revisions"}],"wp:featuredmedia":[{"embeddable":true,"href":"https:\/\/www.qualitester.com\/pl\/wp-json\/wp\/v2\/media\/6199"}],"wp:attachment":[{"href":"https:\/\/www.qualitester.com\/pl\/wp-json\/wp\/v2\/media?parent=5304"}],"wp:term":[{"taxonomy":"product_cat","embeddable":true,"href":"https:\/\/www.qualitester.com\/pl\/wp-json\/wp\/v2\/product_cat?post=5304"},{"taxonomy":"product_tag","embeddable":true,"href":"https:\/\/www.qualitester.com\/pl\/wp-json\/wp\/v2\/product_tag?post=5304"}],"curies":[{"name":"wp","href":"https:\/\/api.w.org\/{rel}","templated":true}]}}