{"id":5301,"date":"2024-11-12T16:58:37","date_gmt":"2024-11-12T08:58:37","guid":{"rendered":"https:\/\/www.qualitester.com\/?post_type=product&#038;p=5301"},"modified":"2024-12-05T11:16:30","modified_gmt":"2024-12-05T03:16:30","slug":"sale-paper-tearing-tester-manufacturer","status":"publish","type":"product","link":"https:\/\/www.qualitester.com\/pl\/produkt-2\/sale-paper-tearing-tester-manufacturer\/","title":{"rendered":"Tester odporno\u015bci na rozerwanie SLD-02"},"content":{"rendered":"<h2><strong>Wprowadzenie do testera rozrywania papieru<\/strong><\/h2>\n<p>The <strong>Tester odrywania papieru SLD-02<\/strong> firmy Cell Instruments zosta\u0142 zaprojektowany w celu zapewnienia precyzyjnych, niezawodnych pomiar\u00f3w wytrzyma\u0142o\u015bci na rozdarcie w szerokim zakresie materia\u0142\u00f3w, w tym papieru, tektury, tekstyli\u00f3w, sk\u00f3ry i folii z tworzyw sztucznych. Zbudowany z zaawansowanych funkcji i zgodny z wiod\u0105cymi standardami bran\u017cowymi, w tym <strong>ASTM D689<\/strong>, Ten tester jest niezb\u0119dny w bran\u017cach, w kt\u00f3rych priorytetem jest kontrola jako\u015bci, od opakowa\u0144 i druku po urz\u0105dzenia medyczne i towary konsumpcyjne. Dzi\u0119ki temu narz\u0119dziu mo\u017cesz upewni\u0107 si\u0119, \u017ce Twoje materia\u0142y spe\u0142niaj\u0105 rygorystyczne wymagania dotycz\u0105ce odporno\u015bci na rozdarcie, pomagaj\u0105c utrzyma\u0107 trwa\u0142o\u015b\u0107 i jako\u015b\u0107 produktu.<\/p>\n<h2><strong>Kluczowe cechy testera odrywania papieru SLD-02<\/strong><\/h2>\n<ul>\n<li><strong>Szerokie zastosowanie<\/strong>: SLD-02 Paper Tearing Tester wykracza poza testowanie papieru i tektury, oferuj\u0105c testowanie wytrzyma\u0142o\u015bci na rozdarcie materia\u0142\u00f3w arkuszowych, takich jak tekstylia, sk\u00f3ra, folie z tworzyw sztucznych, a nawet folie metalowe, co czyni go idealnym do r\u00f3\u017cnych zastosowa\u0144 kontroli jako\u015bci.<\/li>\n<li><strong>Innowacyjny projekt<\/strong>: Zaprojektowany z my\u015bl\u0105 o dok\u0142adno\u015bci, SLD-02 zawiera mechanizm wahad\u0142owy i pneumatyczny system mocowania, aby zapewni\u0107 sp\u00f3jne, powtarzalne wyniki.<\/li>\n<li><strong>Specyfikacja techniczna<\/strong>: Urz\u0105dzenie posiada szereg funkcji, kt\u00f3re zwi\u0119kszaj\u0105 jego niezawodno\u015b\u0107 i \u0142atwo\u015b\u0107 obs\u0142ugi:\n<ul>\n<li><strong>Szeroko\u015b\u0107 szcz\u0119k<\/strong>74,8 mm, odpowiedni dla pr\u00f3bek o wymiarach 63 \u00d7 76 mm lub 63 \u00d7 50 mm.<\/li>\n<li><strong>Automatyczny reset<\/strong>: Po ka\u017cdym te\u015bcie wahad\u0142o automatycznie resetuje si\u0119, upraszczaj\u0105c proces testowania.<\/li>\n<li><strong>Przyjazny dla u\u017cytkownika interfejs<\/strong>: 5-calowy kolorowy ekran dotykowy oferuje prosty, intuicyjny interfejs zapewniaj\u0105cy p\u0142ynn\u0105 obs\u0142ug\u0119.<\/li>\n<li><strong>Pneumatyczne mocowanie pr\u00f3bek<\/strong>: Redukuje b\u0142\u0119dy ludzkie, zapewniaj\u0105c sp\u00f3jne pozycjonowanie pr\u00f3bki.<\/li>\n<li><strong>Wiele mo\u017cliwo\u015bci wahad\u0142a<\/strong>: R\u00f3\u017cne pojemno\u015bci pozwalaj\u0105 na szereg zastosowa\u0144 testowych, dostosowuj\u0105c si\u0119 do r\u00f3\u017cnych typ\u00f3w materia\u0142\u00f3w i wytrzyma\u0142o\u015bci.<\/li>\n<li><strong>Filtr powietrza\/Regulator<\/strong>: Utrzymuje integralno\u015b\u0107 komponent\u00f3w i wyd\u0142u\u017ca \u017cywotno\u015b\u0107 testera poprzez filtrowanie zanieczyszcze\u0144 powietrza.<\/li>\n<\/ul>\n<\/li>\n<\/ul>\n<h2><strong>Jak dzia\u0142a tester rozrywania papieru<\/strong><\/h2>\n<ul>\n<li><strong>Proces testowy<\/strong>: Tester odrywania papieru SLD-02 dzia\u0142a z precyzyjnym mechanizmem, kt\u00f3ry zapewnia znormalizowane testy odrywania:\n<ol>\n<li>N\u00f3\u017c tn\u0105cy tworzy szczelin\u0119 o d\u0142ugo\u015bci 43 mm od kraw\u0119dzi pr\u00f3bki.<\/li>\n<li>Mechanizm wahad\u0142a, po zwolnieniu, wykorzystuje grawitacj\u0119 do propagacji szczeliny, rozrywaj\u0105c pr\u00f3bk\u0119 na pozosta\u0142ej d\u0142ugo\u015bci.<\/li>\n<li>Energia utracona podczas tego procesu jest mierzona i wykorzystywana do obliczenia \u015bredniej si\u0142y rozrywania pr\u00f3bki, daj\u0105c wiarygodn\u0105 warto\u015b\u0107 odporno\u015bci na rozdarcie.<\/li>\n<\/ol>\n<\/li>\n<\/ul>\n<h2><strong>Zgodno\u015b\u0107 z g\u0142\u00f3wnymi normami (w tym ASTM D689)<\/strong><\/h2>\n<ul>\n<li><strong>Przegl\u0105d standard\u00f3w<\/strong>: SLD-02 Tester rozdarcia jest zgodny z szeregiem mi\u0119dzynarodowych norm, dzi\u0119ki czemu spe\u0142nia rygorystyczne wymagania testowe:\n<ul>\n<li><a href=\"https:\/\/www.astm.org\/d1922-15r20.html\" target=\"_blank\" rel=\"noopener nofollow\"><strong>ASTM D1922<\/strong><\/a>: Testowanie odporno\u015bci tworzyw sztucznych na rozdarcie.<\/li>\n<li><a href=\"https:\/\/www.astm.org\/d1424-09r19.html\" target=\"_blank\" rel=\"noopener nofollow\"><strong>ASTM D1424<\/strong><\/a>: Norma dotycz\u0105ca pomiaru odporno\u015bci tekstyli\u00f3w na rozdarcie.<\/li>\n<li><a href=\"https:\/\/www.astm.org\/d0689-17.html\" target=\"_blank\" rel=\"noopener nofollow\"><strong>ASTM D689<\/strong><\/a>: Specjalna norma do pomiaru odporno\u015bci papieru i tektury na rozdarcie, niezb\u0119dna do kontroli jako\u015bci opakowa\u0144.<\/li>\n<li><strong>ISO 6383 I ISO 1974<\/strong>: Mi\u0119dzynarodowe standardy wytrzyma\u0142o\u015bci na rozerwanie.<\/li>\n<li><strong>TAPPI T414<\/strong>: Standard testowania odporno\u015bci papieru na rozdarcie, szeroko stosowany w przemy\u015ble papierniczym.<\/li>\n<\/ul>\n<\/li>\n<li><strong>Koncentracja na normie ASTM D689<\/strong>: ASTM D689 to kluczowy standard pomiaru odporno\u015bci na rozdarcie materia\u0142\u00f3w papierowych i kartonowych, zapewniaj\u0105cy, \u017ce produkty takie jak opakowania spe\u0142niaj\u0105 wymagania jako\u015bciowe. Norma ta okre\u015bla konkretne metody badania wytrzyma\u0142o\u015bci na rozdarcie, zwi\u0119kszaj\u0105c dok\u0142adno\u015b\u0107 i niezawodno\u015b\u0107, szczeg\u00f3lnie w zastosowaniach zwi\u0105zanych z kontrol\u0105 jako\u015bci. Dzi\u0119ki zgodno\u015bci z norm\u0105 ASTM D689, SLD-02 zapewnia wyniki, kt\u00f3rym mo\u017cna zaufa\u0107, u\u0142atwiaj\u0105c zachowanie zgodno\u015bci z normami bran\u017cowymi.<\/li>\n<\/ul>\n<h2><strong>Parametry techniczne testera odrywania papieru<\/strong><\/h2>\n<table>\n<tbody>\n<tr>\n<td style=\"text-align: center;\" width=\"167\">Zakres testu (mN)<\/td>\n<td style=\"text-align: center;\" width=\"167\">10~8000,8000~16000<\/td>\n<\/tr>\n<tr>\n<td style=\"text-align: center;\" width=\"167\">\u0179r\u00f3d\u0142o gazu<\/td>\n<td style=\"text-align: center;\" width=\"167\">0,6 MPa<\/td>\n<\/tr>\n<tr>\n<td style=\"text-align: center;\" width=\"167\">Odrywaj\u0105ce rami\u0119<\/td>\n<td style=\"text-align: center;\" width=\"167\">104\u00b11mm<\/td>\n<\/tr>\n<tr>\n<td style=\"text-align: center;\" width=\"167\">K\u0105t pocz\u0105tkowy rozrywania<\/td>\n<td style=\"text-align: center;\" width=\"167\">27.5 \u00b10.5\u00b0<\/td>\n<\/tr>\n<tr>\n<td style=\"text-align: center;\" width=\"167\">Dok\u0142adno\u015b\u0107<\/td>\n<td style=\"text-align: center;\" width=\"167\">0,01 mN<\/td>\n<\/tr>\n<tr>\n<td style=\"text-align: center;\" width=\"167\">Szczelina tn\u0105ca<\/td>\n<td style=\"text-align: center;\" width=\"167\">20 mm<\/td>\n<\/tr>\n<tr>\n<td style=\"text-align: center;\" width=\"167\">Powierzchnia zacisku<\/td>\n<td style=\"text-align: center;\" width=\"167\">\u226525*15mm<\/td>\n<\/tr>\n<tr>\n<td style=\"text-align: center;\" width=\"167\">Wielko\u015b\u0107 pr\u00f3by<\/td>\n<td style=\"text-align: center;\" width=\"167\">63*50mm<\/td>\n<\/tr>\n<tr>\n<td style=\"text-align: center;\" width=\"167\">Grubo\u015b\u0107 zacisku<\/td>\n<td style=\"text-align: center;\" width=\"167\">2,8\u00b10,3 mm<\/td>\n<\/tr>\n<tr>\n<td style=\"text-align: center;\" width=\"167\">Moc<\/td>\n<td style=\"text-align: center;\" width=\"167\">220 V 50 Hz<\/td>\n<\/tr>\n<\/tbody>\n<\/table>\n<h2><strong>Zalety testera odrywania papieru SLD-02<\/strong><\/h2>\n<ul>\n<li><strong>Zwi\u0119kszona niezawodno\u015b\u0107<\/strong>: Pneumatyczny system mocowania minimalizuje b\u0142\u0119dy wynikaj\u0105ce z r\u0119cznej obs\u0142ugi, prowadz\u0105c do sp\u00f3jnych, dok\u0142adnych wynik\u00f3w.<\/li>\n<li><strong>Konstrukcja przyjazna dla u\u017cytkownika<\/strong>: 5-calowy ekran dotykowy upraszcza obs\u0142ug\u0119, zapewniaj\u0105c intuicyjn\u0105 obs\u0142ug\u0119, kt\u00f3ra wspiera wydajne testowanie.<\/li>\n<li><strong>Elastyczne opcje testowania<\/strong>: R\u00f3\u017cne pojemno\u015bci wahad\u0142a umo\u017cliwiaj\u0105 testowanie r\u00f3\u017cnych materia\u0142\u00f3w, od lekkich papier\u00f3w po wytrzyma\u0142e tkaniny i folie.<\/li>\n<li><strong>Trwa\u0142o\u015b\u0107 i konserwacja<\/strong>: Zintegrowany filtr powietrza i regulator wyd\u0142u\u017caj\u0105 \u017cywotno\u015b\u0107 komponent\u00f3w pneumatycznych, zmniejszaj\u0105c przestoje i koszty konserwacji.<\/li>\n<\/ul>\n<h2><strong>Zastosowania testera rozdarcia papieru<\/strong><\/h2>\n<p>Tester odrywania papieru SLD-02 jest przeznaczony dla r\u00f3\u017cnych bran\u017c, w kt\u00f3rych wytrzyma\u0142o\u015b\u0107 na odrywanie jest krytycznym czynnikiem jako\u015bci:<\/p>\n<ul>\n<li><strong>Opakowanie<\/strong>: Zapewnia, \u017ce papierowe i kartonowe materia\u0142y opakowaniowe s\u0105 wystarczaj\u0105co wytrzyma\u0142e do transportu i obs\u0142ugi.<\/li>\n<li><strong>Medycyna i farmaceutyka<\/strong>: Wspieranie wysokich standard\u00f3w w zakresie materia\u0142\u00f3w opakowaniowych w celu zapewnienia integralno\u015bci produktu.<\/li>\n<li><strong>Tekstylia i tworzywa sztuczne<\/strong>: Weryfikuje wytrzyma\u0142o\u015b\u0107 na rozdarcie tekstyli\u00f3w, sk\u00f3ry i folii z tworzyw sztucznych, utrzymuj\u0105c standardy jako\u015bci w procesach produkcyjnych.<\/li>\n<li><strong>Agencje kontroli jako\u015bci<\/strong>: Zapewnia dok\u0142adne pomiary rozdar\u0107, pomagaj\u0105c organizacjom w przestrzeganiu norm regulacyjnych dotycz\u0105cych wytrzyma\u0142o\u015bci i niezawodno\u015bci materia\u0142\u00f3w.<\/li>\n<\/ul>\n<h2><strong>Najcz\u0119\u015bciej zadawane pytania dotycz\u0105ce testu rozrywania papieru i normy ASTM D689<\/strong><\/h2>\n<ol>\n<li><strong>Co to jest norma ASTM D689 i dlaczego jest ona wa\u017cna dla test\u00f3w na rozdarcie?<\/strong><br \/>\n<a href=\"https:\/\/www.qualitester.com\/pl\/kategoria-produktu\/astm\/astm-d689\/\">ASTM D689<\/a> to norma, kt\u00f3ra definiuje metody testowania do pomiaru odporno\u015bci papieru i tektury na rozdarcie. Zapewnia ona, \u017ce wyniki test\u00f3w s\u0105 sp\u00f3jne i wiarygodne, co ma zasadnicze znaczenie dla kontroli jako\u015bci w bran\u017cach, kt\u00f3re polegaj\u0105 na opakowaniach odpornych na rozdarcie.<\/li>\n<li><strong>W jaki spos\u00f3b pneumatyczny system mocowania poprawia dok\u0142adno\u015b\u0107 test\u00f3w?<\/strong><br \/>\nZabezpieczaj\u0105c pr\u00f3bki pneumatycznie, SLD-02 zmniejsza zmienno\u015b\u0107 obs\u0142ugi przez cz\u0142owieka, zapewniaj\u0105c stabilne mocowanie, kt\u00f3re zapobiega po\u015blizgowi, zapewniaj\u0105c sp\u00f3jne, dok\u0142adne wyniki test\u00f3w.<\/li>\n<li><strong>Czy do testu SLD-02 mo\u017cna u\u017cy\u0107 innych materia\u0142\u00f3w ni\u017c papier?<\/strong><br \/>\nTak, SLD-02 jest wystarczaj\u0105co wszechstronny, aby testowa\u0107 r\u00f3\u017cne materia\u0142y arkuszowe, w tym tekstylia, sk\u00f3r\u0119 i folie z tworzyw sztucznych, dostosowuj\u0105c si\u0119 do szerokiego zakresu potrzeb kontroli jako\u015bci.<\/li>\n<li><strong>Jakie znaczenie ma wielokrotna pojemno\u015b\u0107 wahad\u0142a?<\/strong><br \/>\nR\u00f3\u017cne pojemno\u015bci wahad\u0142a umo\u017cliwiaj\u0105 SLD-02 obs\u0142ug\u0119 materia\u0142\u00f3w o r\u00f3\u017cnej odporno\u015bci na rozdarcie, oferuj\u0105c elastyczno\u015b\u0107 w testowaniu zar\u00f3wno lekkich, jak i ci\u0119\u017ckich materia\u0142\u00f3w.<\/li>\n<li><strong>W jaki spos\u00f3b SLD-02 spe\u0142nia inne standardy poza ASTM D689?<\/strong><br \/>\nOpr\u00f3cz normy ASTM D689, spe\u0142nia on wymagania normy ASTM D1922 dla tworzyw sztucznych, ASTM D1424 dla tekstyli\u00f3w, normy ISO i TAPPI T414, zapewniaj\u0105c przydatno\u015b\u0107 do mi\u0119dzynarodowych zastosowa\u0144 kontroli jako\u015bci.<\/li>\n<\/ol>","protected":false},"excerpt":{"rendered":"<p>The <strong>Tester odrywania papieru SLD-02<\/strong> firmy Cell Instruments zosta\u0142 zaprojektowany w celu zapewnienia precyzyjnych, niezawodnych pomiar\u00f3w wytrzyma\u0142o\u015bci na rozdarcie w szerokim zakresie materia\u0142\u00f3w, w tym papieru, tektury, tekstyli\u00f3w, sk\u00f3ry i folii z tworzyw sztucznych. Zbudowany z zaawansowanych funkcji i zgodny z wiod\u0105cymi standardami bran\u017cowymi, w tym <strong>ASTM D689<\/strong>, Ten tester jest niezb\u0119dny w bran\u017cach, w kt\u00f3rych priorytetem jest kontrola jako\u015bci, od opakowa\u0144 i druku po urz\u0105dzenia medyczne i towary konsumpcyjne. Dzi\u0119ki temu narz\u0119dziu mo\u017cesz upewni\u0107 si\u0119, \u017ce Twoje materia\u0142y spe\u0142niaj\u0105 rygorystyczne wymagania dotycz\u0105ce odporno\u015bci na rozdarcie, pomagaj\u0105c utrzyma\u0107 trwa\u0142o\u015b\u0107 i jako\u015b\u0107 produktu.<\/p>","protected":false},"featured_media":6197,"comment_status":"closed","ping_status":"closed","template":"","meta":{"site-sidebar-layout":"default","site-content-layout":"default","ast-global-header-display":"","ast-main-header-display":"","ast-hfb-above-header-display":"","ast-hfb-below-header-display":"","ast-hfb-mobile-header-display":"","site-post-title":"","ast-breadcrumbs-content":"","ast-featured-img":"","footer-sml-layout":"","theme-transparent-header-meta":"default","adv-header-id-meta":"","stick-header-meta":"","header-above-stick-meta":"","header-main-stick-meta":"","header-below-stick-meta":""},"product_cat":[845,953,956,955,954,957,958,952,959,1154,680,44,16,119,121,137,159,165,95],"product_tag":[],"class_list":{"0":"post-5301","1":"product","2":"type-product","3":"status-publish","4":"has-post-thumbnail","6":"product_cat-customization","7":"product_cat-bursting-tester","8":"product_cat-cobb-tester","9":"product_cat-crush-tester","10":"product_cat-paper-tear-tester","11":"product_cat-plybond-tester","12":"product_cat-puncture-tester","13":"product_cat-rub-tester","14":"product_cat-stiffness-tester","15":"product_cat-tappi-t414","16":"product_cat-tear-tester","17":"product_cat-paper-and-board-testers","18":"product_cat-plastic-packaging-testers","19":"product_cat-astm-d1424","20":"product_cat-astm-d1922","21":"product_cat-astm-d689","22":"product_cat-iso-1974","23":"product_cat-iso-6383","24":"product_cat-products","25":"desktop-align-left","26":"tablet-align-left","27":"mobile-align-left","29":"first","30":"instock","31":"shipping-taxable","32":"product-type-simple"},"_links":{"self":[{"href":"https:\/\/www.qualitester.com\/pl\/wp-json\/wp\/v2\/product\/5301","targetHints":{"allow":["GET"]}}],"collection":[{"href":"https:\/\/www.qualitester.com\/pl\/wp-json\/wp\/v2\/product"}],"about":[{"href":"https:\/\/www.qualitester.com\/pl\/wp-json\/wp\/v2\/types\/product"}],"replies":[{"embeddable":true,"href":"https:\/\/www.qualitester.com\/pl\/wp-json\/wp\/v2\/comments?post=5301"}],"version-history":[{"count":0,"href":"https:\/\/www.qualitester.com\/pl\/wp-json\/wp\/v2\/product\/5301\/revisions"}],"wp:featuredmedia":[{"embeddable":true,"href":"https:\/\/www.qualitester.com\/pl\/wp-json\/wp\/v2\/media\/6197"}],"wp:attachment":[{"href":"https:\/\/www.qualitester.com\/pl\/wp-json\/wp\/v2\/media?parent=5301"}],"wp:term":[{"taxonomy":"product_cat","embeddable":true,"href":"https:\/\/www.qualitester.com\/pl\/wp-json\/wp\/v2\/product_cat?post=5301"},{"taxonomy":"product_tag","embeddable":true,"href":"https:\/\/www.qualitester.com\/pl\/wp-json\/wp\/v2\/product_tag?post=5301"}],"curies":[{"name":"wp","href":"https:\/\/api.w.org\/{rel}","templated":true}]}}