{"id":5283,"date":"2024-11-08T10:12:37","date_gmt":"2024-11-08T02:12:37","guid":{"rendered":"https:\/\/www.qualitester.com\/?post_type=product&#038;p=5283"},"modified":"2024-12-05T10:40:19","modified_gmt":"2024-12-05T02:40:19","slug":"sale-paper-dirt-tester-iso-5350-pulps","status":"publish","type":"product","link":"https:\/\/www.qualitester.com\/pl\/produkt-2\/sale-paper-dirt-tester-iso-5350-pulps\/","title":{"rendered":"PDT-01 Papierowy tester zabrudze\u0144"},"content":{"rendered":"<h2><strong>Wprowadzenie do papierowego testera zabrudze\u0144<\/strong><\/h2>\n<p>The <strong>PDT-01 Papierowy tester zabrudze\u0144<\/strong> jest niezb\u0119dnym przyrz\u0105dem do pomiaru zawarto\u015bci zanieczyszcze\u0144 w papierze i tekturze. Zaprojektowany zgodnie z rygorystycznymi standardami jako\u015bci, w tym <strong>ISO 5350<\/strong>, Ten tester zapewnia dok\u0142adne wykrywanie zanieczyszcze\u0144 w celu zapewnienia wysokiej jako\u015bci druku i materia\u0142\u00f3w opakowaniowych. Identyfikuj\u0105c zanieczyszczenia, kt\u00f3re mog\u0105 pogorszy\u0107 wygl\u0105d i wydajno\u015b\u0107 produkt\u00f3w papierowych, PDT-01 poprawia kontrol\u0119 jako\u015bci w bran\u017cach, w kt\u00f3rych prezentacja jest najwa\u017cniejsza.<\/p>\n<h2><strong>Znaczenie testowania zanieczyszcze\u0144 w papierze i tekturze<\/strong><\/h2>\n<p>Brud i inne zanieczyszczenia w papierze mog\u0105 znacz\u0105co wp\u0142ywa\u0107 na jako\u015b\u0107 produktu, zw\u0142aszcza w bran\u017cach, kt\u00f3re polegaj\u0105 na wyra\u017anym, precyzyjnym druku. Obecno\u015b\u0107 czarnych, \u017c\u00f3\u0142tych lub br\u0105zowych plamek mo\u017ce obni\u017cy\u0107 warto\u015b\u0107 estetyczn\u0105 i funkcjonaln\u0105 papieru, wp\u0142ywaj\u0105c na wszystko, od opakowa\u0144 produkt\u00f3w po materia\u0142y drukowane. W przypadku zastosowa\u0144 obejmuj\u0105cych papier powlekany, tektur\u0119 i tablice, zw\u0142aszcza w druku kolorowym, utrzymanie niskiego poziomu zabrudzenia jest niezb\u0119dne dla uzyskania \u017cywych, wyra\u017anych wynik\u00f3w. Tester zabrudzenia papieru PDT-01 jest kluczowym narz\u0119dziem do wykrywania i ilo\u015bciowego okre\u015blania tych zanieczyszcze\u0144, umo\u017cliwiaj\u0105c producentom utrzymanie najwy\u017cszych standard\u00f3w jako\u015bci.<\/p>\n<h2><strong>Przegl\u0105d <a href=\"https:\/\/www.iso.org\/standard\/39716.html\" target=\"_blank\" rel=\"noopener nofollow\">ISO 5350<\/a> i powi\u0105zane normy<\/strong><\/h2>\n<p><a href=\"https:\/\/www.qualitester.com\/pl\/kategoria-produktu\/iso\/iso-5350\/\" target=\"_blank\" rel=\"noopener\">ISO 5350<\/a> to mi\u0119dzynarodowa norma okre\u015blaj\u0105ca metody okre\u015blania poziomu zanieczyszcze\u0144 w masie celulozowej, papierze i tekturze. Post\u0119puj\u0105c zgodnie z wytycznymi ISO 5350, producenci mog\u0105 zapewni\u0107 sp\u00f3jne i wiarygodne pomiary zanieczyszcze\u0144, wspieraj\u0105c produkcj\u0119 wysokiej jako\u015bci i zadowolenie klient\u00f3w. Dodatkowe normy dotycz\u0105ce pomiaru zanieczyszcze\u0144 w papierze obejmuj\u0105:<\/p>\n<ul>\n<li><strong>TAPPI\/ANSI T437<\/strong>: Definiuje ameryka\u0144skie metody wizualnego oznaczania zanieczyszcze\u0144 w papierze i tekturze.<\/li>\n<li><strong>TAPPI T213<\/strong>: Koncentruje si\u0119 na metodach liczenia zanieczyszcze\u0144 specjalnie dla papieru niepowlekanego, przyczyniaj\u0105c si\u0119 do wysokiej jako\u015bci druku.<\/li>\n<li><strong>GB\/T 1541<\/strong>: Chi\u0144ski standard oceny poziomu zanieczyszcze\u0144 w papierze i tekturze, zapewniaj\u0105cy punkty odniesienia dla produkcji krajowej.<\/li>\n<\/ul>\n<p>Dzi\u0119ki zgodno\u015bci z tymi normami, tester zabrudzenia papieru PDT-01 zapewnia zgodno\u015b\u0107 i niezawodno\u015b\u0107 na rynkach \u015bwiatowych.<\/p>\n<h2><strong>Cechy i specyfikacja papierowego testera zabrudze\u0144 PDT-01<\/strong><\/h2>\n<p><strong>O\u015bwietlenie<\/strong>: Wyposa\u017cony w lamp\u0119 fluorescencyjn\u0105 AC 220V, 20W, zapewniaj\u0105c\u0105 jasne i r\u00f3wnomierne o\u015bwietlenie w celu wyra\u017anej identyfikacji cz\u0105stek brudu.<\/p>\n<ul>\n<li><strong>K\u0105t o\u015bwietlenia<\/strong>: Ustaw pod k\u0105tem 60\u00b0, aby utrzyma\u0107 r\u00f3wnomierny rozk\u0142ad \u015bwiat\u0142a na pr\u00f3bce.<\/li>\n<li><strong>Obszar roboczy<\/strong>: Przestronny obszar testowy o powierzchni 0,0625 m\u00b2, w pe\u0142ni obrotowy o 360\u00b0, umo\u017cliwiaj\u0105cy u\u017cytkownikom dok\u0142adn\u0105 kontrol\u0119 ka\u017cdej sekcji pr\u00f3bki.<\/li>\n<li><strong>Standardowy zakres obrazu zabrudzenia<\/strong>: Zdolny do pomiaru cz\u0105stek brudu w zakresie od 0,05 do 5,0 mm\u00b2, zapewniaj\u0105c precyzyjne wykrywanie r\u00f3\u017cnych rodzaj\u00f3w i rozmiar\u00f3w zanieczyszcze\u0144.<\/li>\n<li><strong>Zasilanie<\/strong>: Dzia\u0142a na napi\u0119ciu AC 220 V, 50 Hz, kompatybilny ze standardowymi systemami zasilania, co u\u0142atwia u\u017cytkowanie w warunkach laboratoryjnych i przemys\u0142owych.<\/li>\n<\/ul>\n<p>Te cechy sprawiaj\u0105, \u017ce PDT-01 jest wydajnym i dok\u0142adnym rozwi\u0105zaniem do testowania i zapewniania jako\u015bci.<\/p>\n<h2><strong>Obszary zastosowa\u0144<\/strong><\/h2>\n<p>Tester zabrudzenia papieru PDT-01 znajduje zastosowanie w wielu bran\u017cach, w tym:<\/p>\n<ul>\n<li><strong>Opakowanie<\/strong>: Weryfikuje jako\u015b\u0107 papieru w pude\u0142kach, opakowaniach i innych rozwi\u0105zaniach opakowaniowych.<\/li>\n<li><strong>Drukowanie<\/strong>: Zapewnia wysok\u0105 jako\u015b\u0107 wydruk\u00f3w, sprawdzaj\u0105c czysto\u015b\u0107 papieru i minimalizuj\u0105c niedoskona\u0142o\u015bci.<\/li>\n<li><strong>Agencje kontroli jako\u015bci<\/strong>: Pomaga w utrzymaniu zgodno\u015bci ze standardami bran\u017cowymi, zapewniaj\u0105c sta\u0142\u0105 jako\u015b\u0107 papieru i tektury.<\/li>\n<\/ul>\n<h2><strong>Metodologia testowania dla urz\u0105dzenia Paper Dirt Tester<\/strong><\/h2>\n<p>Proces testowania zabrudze\u0144 papieru jest prosty, ale kompleksowy. Metodologia testowania obejmuje:<\/p>\n<ul>\n<li>Przygotowanie pr\u00f3bki papieru lub tektury do test\u00f3w.<\/li>\n<li>Umieszczenie pr\u00f3bki w obszarze roboczym testera, kt\u00f3ry jest w pe\u0142ni obrotowy dla pe\u0142nej widoczno\u015bci.<\/li>\n<li>O\u015bwietlenie pr\u00f3bki pod k\u0105tem 60\u00b0 \u015bwiat\u0142em fluorescencyjnym i wizualna kontrola pod k\u0105tem zanieczyszcze\u0144.<\/li>\n<li>Por\u00f3wnywanie wszelkich zaobserwowanych cz\u0105stek brudu ze standardowymi obrazami brudu zgodnie z <strong>ISO 5350<\/strong> wytyczne.<\/li>\n<\/ul>\n<p>Post\u0119puj\u0105c zgodnie z t\u0105 procedur\u0105, PDT-01 umo\u017cliwia precyzyjny pomiar i kategoryzacj\u0119 cz\u0105stek brudu.<\/p>\n<h2><strong>Zalety korzystania z papierowego testera zabrudze\u0144 PDT-01<\/strong><\/h2>\n<ul>\n<li><strong>Wysoka dok\u0142adno\u015b\u0107<\/strong>: Wykrywa nawet najmniejsze cz\u0105steczki brudu, zapewniaj\u0105c precyzyjny pomiar i lepsz\u0105 jako\u015b\u0107 druku.<\/li>\n<li><strong>Standardowa zgodno\u015b\u0107<\/strong>: Przestrzega <strong>ISO 5350<\/strong> i innymi mi\u0119dzynarodowymi standardami, wspieraj\u0105c globalne wymagania rynkowe i zapewniaj\u0105c wysok\u0105 jako\u015b\u0107 produkcji.<\/li>\n<li><strong>Konstrukcja przyjazna dla u\u017cytkownika<\/strong>: Zaprojektowany do cz\u0119stych test\u00f3w, z wytrzyma\u0142\u0105 konstrukcj\u0105 i intuicyjnym interfejsem, kt\u00f3ry upraszcza proces pomiaru zanieczyszcze\u0144.<\/li>\n<\/ul>\n<h2><strong>Dlaczego zgodno\u015b\u0107 z norm\u0105 ISO 5350 ma znaczenie<\/strong><\/h2>\n<p><a href=\"https:\/\/www.iso.org\/standard\/39716.html\" target=\"_blank\" rel=\"noopener nofollow\">ISO 5350<\/a> jest kluczowa dla ka\u017cdego producenta d\u0105\u017c\u0105cego do wytwarzania wysokiej jako\u015bci produkt\u00f3w z papieru i tektury. Norma ta zapewnia sp\u00f3jne metody testowania, daj\u0105c producentom niezawodny spos\u00f3b pomiaru zawarto\u015bci zanieczyszcze\u0144. Zgodno\u015b\u0107 z norm\u0105 ISO 5350 i powi\u0105zanymi standardami zwi\u0119ksza r\u00f3wnie\u017c zaufanie klient\u00f3w, poniewa\u017c produkty spe\u0142niaj\u0105ce te standardy s\u0105 znane z najwy\u017cszej jako\u015bci i niezawodno\u015bci.<\/p>\n<h2><strong>Najcz\u0119\u015bciej zadawane pytania<\/strong><\/h2>\n<ul>\n<li><strong>P1: Jakie zanieczyszczenia mo\u017ce wykry\u0107 tester zabrudzenia papieru?<\/strong><br \/>\nPDT-01 mo\u017ce wykrywa\u0107 cz\u0105steczki brudu i zanieczyszczenia, takie jak czarne, \u017c\u00f3\u0142te i br\u0105zowe plamki, kt\u00f3re wyra\u017anie odr\u00f3\u017cniaj\u0105 si\u0119 od koloru papieru.<\/li>\n<li><strong>P2: Dlaczego pomiar zanieczyszcze\u0144 jest wa\u017cny w przemy\u015ble papierniczym?<\/strong><br \/>\nPomiar zanieczyszcze\u0144 jest niezb\u0119dny do zapewnienia wysokiej jako\u015bci wynik\u00f3w drukowania, poniewa\u017c zanieczyszczenia mog\u0105 pogorszy\u0107 wizualn\u0105 i funkcjonaln\u0105 jako\u015b\u0107 drukowanych materia\u0142\u00f3w.<\/li>\n<li><strong>P3: W jaki spos\u00f3b norma ISO 5350 wp\u0142ywa na standardy testowania zanieczyszcze\u0144?<\/strong><br \/>\nNorma ISO 5350 wyznacza globalne standardy pomiaru zanieczyszcze\u0144, zapewniaj\u0105c sp\u00f3jno\u015b\u0107 i niezawodno\u015b\u0107 metod testowania produkt\u00f3w z masy celulozowej, papieru i tektury.<\/li>\n<li><strong>P4: Czy test PDT-01 mo\u017ce zabrudzi\u0107 zar\u00f3wno papier powlekany, jak i niepowlekany?<\/strong><br \/>\nTak, PDT-01 nadaje si\u0119 zar\u00f3wno do papieru powlekanego, jak i niepowlekanego, oferuj\u0105c elastyczno\u015b\u0107 w zakresie r\u00f3\u017cnych rodzaj\u00f3w papieru i tektury.<\/li>\n<li><strong>P5: Jakie s\u0105 wymagania dotycz\u0105ce o\u015bwietlenia dla papierowego testera zabrudze\u0144 PDT-01?<\/strong><br \/>\nPDT-01 jest wyposa\u017cony w lamp\u0119 fluorescencyjn\u0105 o mocy 20 W, zapewniaj\u0105c\u0105 r\u00f3wnomierne o\u015bwietlenie pod k\u0105tem 60\u00b0 w celu dok\u0142adnego wykrywania.<\/li>\n<\/ul>\n<div id=\"gtx-anchor\" style=\"position: absolute; visibility: hidden; left: 414.703px; top: 128.922px; width: 75.7188px; height: 19px;\"><\/div>\n<div class=\"jfk-bubble gtx-bubble\" style=\"visibility: visible; left: -215px; top: 158px; opacity: 1;\" role=\"alertdialog\" aria-describedby=\"bubble-4\">\n<div id=\"bubble-4\" class=\"jfk-bubble-content-id\">\n<div id=\"gtx-host\" style=\"min-width: 200px; max-width: 400px;\"><\/div>\n<\/div>\n<div class=\"jfk-bubble-closebtn-id jfk-bubble-closebtn\" tabindex=\"0\" role=\"button\" aria-label=\"Zamknij\"><\/div>\n<div class=\"jfk-bubble-arrow-id jfk-bubble-arrow jfk-bubble-arrowup\" style=\"left: 452.703px;\">\n<div class=\"jfk-bubble-arrowimplbefore\"><\/div>\n<div class=\"jfk-bubble-arrowimplafter\"><\/div>\n<\/div>\n<\/div>","protected":false},"excerpt":{"rendered":"<p>The <strong>PDT-01 Papierowy tester zabrudze\u0144<\/strong> jest niezb\u0119dnym przyrz\u0105dem do pomiaru zawarto\u015bci zanieczyszcze\u0144 w papierze i tekturze. Zaprojektowany zgodnie z rygorystycznymi standardami jako\u015bci, w tym <strong>ISO 5350<\/strong>, Ten tester zapewnia dok\u0142adne wykrywanie zanieczyszcze\u0144 w celu zapewnienia wysokiej jako\u015bci druku i materia\u0142\u00f3w opakowaniowych. Identyfikuj\u0105c zanieczyszczenia, kt\u00f3re mog\u0105 pogorszy\u0107 wygl\u0105d i wydajno\u015b\u0107 produkt\u00f3w papierowych, PDT-01 poprawia kontrol\u0119 jako\u015bci w bran\u017cach, w kt\u00f3rych prezentacja jest najwa\u017cniejsza.<\/p>","protected":false},"featured_media":6189,"comment_status":"closed","ping_status":"closed","template":"","meta":{"site-sidebar-layout":"default","site-content-layout":"default","ast-global-header-display":"","ast-main-header-display":"","ast-hfb-above-header-display":"","ast-hfb-below-header-display":"","ast-hfb-mobile-header-display":"","site-post-title":"","ast-breadcrumbs-content":"","ast-featured-img":"","footer-sml-layout":"","theme-transparent-header-meta":"default","adv-header-id-meta":"","stick-header-meta":"","header-above-stick-meta":"","header-main-stick-meta":"","header-below-stick-meta":""},"product_cat":[845,953,956,955,1148,954,957,958,952,959,1150,1149,95],"product_tag":[],"class_list":{"0":"post-5283","1":"product","2":"type-product","3":"status-publish","4":"has-post-thumbnail","6":"product_cat-customization","7":"product_cat-bursting-tester","8":"product_cat-cobb-tester","9":"product_cat-crush-tester","10":"product_cat-iso-5350","11":"product_cat-paper-tear-tester","12":"product_cat-plybond-tester","13":"product_cat-puncture-tester","14":"product_cat-rub-tester","15":"product_cat-stiffness-tester","16":"product_cat-tappi-t213","17":"product_cat-tappi-t437","18":"product_cat-products","19":"desktop-align-left","20":"tablet-align-left","21":"mobile-align-left","23":"first","24":"instock","25":"shipping-taxable","26":"product-type-simple"},"_links":{"self":[{"href":"https:\/\/www.qualitester.com\/pl\/wp-json\/wp\/v2\/product\/5283","targetHints":{"allow":["GET"]}}],"collection":[{"href":"https:\/\/www.qualitester.com\/pl\/wp-json\/wp\/v2\/product"}],"about":[{"href":"https:\/\/www.qualitester.com\/pl\/wp-json\/wp\/v2\/types\/product"}],"replies":[{"embeddable":true,"href":"https:\/\/www.qualitester.com\/pl\/wp-json\/wp\/v2\/comments?post=5283"}],"version-history":[{"count":0,"href":"https:\/\/www.qualitester.com\/pl\/wp-json\/wp\/v2\/product\/5283\/revisions"}],"wp:featuredmedia":[{"embeddable":true,"href":"https:\/\/www.qualitester.com\/pl\/wp-json\/wp\/v2\/media\/6189"}],"wp:attachment":[{"href":"https:\/\/www.qualitester.com\/pl\/wp-json\/wp\/v2\/media?parent=5283"}],"wp:term":[{"taxonomy":"product_cat","embeddable":true,"href":"https:\/\/www.qualitester.com\/pl\/wp-json\/wp\/v2\/product_cat?post=5283"},{"taxonomy":"product_tag","embeddable":true,"href":"https:\/\/www.qualitester.com\/pl\/wp-json\/wp\/v2\/product_tag?post=5283"}],"curies":[{"name":"wp","href":"https:\/\/api.w.org\/{rel}","templated":true}]}}