{"id":5281,"date":"2024-11-08T10:06:22","date_gmt":"2024-11-08T02:06:22","guid":{"rendered":"https:\/\/www.qualitester.com\/?post_type=product&#038;p=5281"},"modified":"2024-12-05T10:26:34","modified_gmt":"2024-12-05T02:26:34","slug":"sale-paper-board-thickness-tester","status":"publish","type":"product","link":"https:\/\/www.qualitester.com\/pl\/produkt-2\/sale-paper-board-thickness-tester\/","title":{"rendered":"PBT-01 Tester grubo\u015bci tektury"},"content":{"rendered":"<h2><strong>Tester grubo\u015bci tektury Wprowadzenie<\/strong><\/h2>\n<p>The <strong>PBT-01 Tester grubo\u015bci tektury<\/strong> to zaawansowany, precyzyjny przyrz\u0105d zaprojektowany specjalnie do pomiaru grubo\u015bci pojedynczych arkuszy tektury falistej. Urz\u0105dzenie to odgrywa istotn\u0105 rol\u0119 w kontroli jako\u015bci materia\u0142\u00f3w opakowaniowych, poniewa\u017c dok\u0142adne pomiary grubo\u015bci s\u0105 niezb\u0119dne do okre\u015blenia trwa\u0142o\u015bci i wytrzyma\u0142o\u015bci p\u0142yt pil\u015bniowych stosowanych w produkcji skrzy\u0144 i innych rozwi\u0105za\u0144 opakowaniowych. Odpowiedni dla wszystkich rodzaj\u00f3w tektury falistej, PBT-01 zapewnia, \u017ce materia\u0142y opakowaniowe spe\u0142niaj\u0105 rygorystyczne standardy jako\u015bci w zakresie ochrony i niezawodno\u015bci.<\/p>\n<h2><strong>Znaczenie dok\u0142adnego pomiaru grubo\u015bci w opakowaniach<\/strong><\/h2>\n<p>Dok\u0142adny pomiar grubo\u015bci ma kluczowe znaczenie w przemy\u015ble opakowaniowym, gdzie sp\u00f3jno\u015b\u0107 grubo\u015bci tektury wp\u0142ywa na w\u0142a\u015bciwo\u015bci ochronne i integralno\u015b\u0107 strukturaln\u0105 produktu ko\u0144cowego. Pomiar <strong>Tester grubo\u015bci tektury PBT-01<\/strong> pomaga producentom i specjalistom ds. kontroli jako\u015bci zweryfikowa\u0107, czy ka\u017cdy arkusz spe\u0142nia precyzyjne wymagania dotycz\u0105ce grubo\u015bci, optymalizuj\u0105c wydajno\u015b\u0107 materia\u0142u i pomagaj\u0105c utrzyma\u0107 jako\u015b\u0107 produktu podczas transportu. Niezawodny pomiar grubo\u015bci zapobiega marnotrawstwu materia\u0142u, wzmacnia stabilno\u015b\u0107 opakowania i utrzymuje zgodno\u015b\u0107 z przepisami dotycz\u0105cymi jako\u015bci opakowa\u0144.<\/p>\n<h2><strong>Zasada testowania i metodologia testera grubo\u015bci tektury<\/strong><\/h2>\n<ul>\n<li><strong>Zasada pomiaru grubo\u015bci<\/strong> PBT-01 mierzy grubo\u015b\u0107 tektury falistej poprzez umieszczenie pr\u00f3bki tektury mi\u0119dzy dwiema r\u00f3wnoleg\u0142ymi, okr\u0105g\u0142ymi powierzchniami dociskowymi pod okre\u015blonym obci\u0105\u017ceniem statycznym. Ten wysoce precyzyjny test wywiera niezb\u0119dny nacisk, aby uchwyci\u0107 grubo\u015b\u0107 tektury z niezr\u00f3wnan\u0105 dok\u0142adno\u015bci\u0105.<\/li>\n<li><strong>Metoda badania grubo\u015bci przemieszczenia<\/strong> Wykorzystuj\u0105c metod\u0119 badania grubo\u015bci z przemieszczeniem, PBT-01 wykorzystuje jedn\u0105 sta\u0142\u0105 powierzchni\u0119 (kowade\u0142ko) i ruchom\u0105 powierzchni\u0119, kt\u00f3ra wywiera r\u00f3wnomierny nacisk podczas pomiaru grubo\u015bci. Ruchoma powierzchnia wywiera sta\u0142y nacisk 20 kPa \u00b1 0,5 kPa, zapewniaj\u0105c dok\u0142adno\u015b\u0107 i powtarzalno\u015b\u0107 wynik\u00f3w. Przyrz\u0105d jest w stanie mierzy\u0107 grubo\u015bci w zakresie od 0 do 20 mm, z rozdzielczo\u015bci\u0105 0,001 mm, co czyni go niezawodnym wyborem zar\u00f3wno dla standardowych, jak i specjalistycznych potrzeb testowych.<\/li>\n<\/ul>\n<h2><strong>Struktura urz\u0105dzenia i specyfikacje techniczne<\/strong><\/h2>\n<ul>\n<li><strong>Powierzchnie nacisku i obszar styku<\/strong> Dwie okr\u0105g\u0142e powierzchnie dociskowe PBT-01 zosta\u0142y zaprojektowane z my\u015bl\u0105 o optymalnej dok\u0142adno\u015bci. Kowade\u0142ko jest nieruchome, podczas gdy druga powierzchnia porusza si\u0119 prostopadle, aby r\u00f3wnomiernie wywiera\u0107 nacisk z pr\u0119dko\u015bci\u0105 od 2 mm\/s do 3 mm\/s. Okr\u0105g\u0142e powierzchnie dociskowe maj\u0105 \u015brednic\u0119 35,7 mm \u00b1 0,3 mm, a ich powierzchnia styku wynosi 1000 mm\u00b2 \u00b1 20 mm\u00b2. Taka konfiguracja zapewnia r\u00f3wnomierny rozk\u0142ad ci\u015bnienia testowego, zapewniaj\u0105c precyzyjne odczyty grubo\u015bci.<\/li>\n<li><strong>W\u0142a\u015bciwo\u015bci techniczne<\/strong> Tester grubo\u015bci kartonu PBT-01 posiada istotne cechy techniczne:<br \/>\n<table>\n<tbody>\n<tr>\n<td width=\"220\">Zakres testu<\/td>\n<td width=\"110\">0\uff5e20 mm<\/td>\n<\/tr>\n<tr>\n<td width=\"220\">Rozdzielczo\u015b\u0107<\/td>\n<td width=\"110\">0,001 mm<\/td>\n<\/tr>\n<tr>\n<td width=\"220\">Obszar kontaktu<\/td>\n<td width=\"110\">1000\u00b120 mm\u00b2<\/td>\n<\/tr>\n<tr>\n<td width=\"220\">Ci\u015bnienie kontaktowe<\/td>\n<td width=\"110\">20\u00b12kPa<\/td>\n<\/tr>\n<tr>\n<td width=\"220\">Pomiar r\u00f3wnoleg\u0142o\u015bci powierzchni<\/td>\n<td width=\"110\">\u22640,035 mm<\/td>\n<\/tr>\n<tr>\n<td width=\"220\">B\u0142\u0105d wy\u015bwietlacza<\/td>\n<td width=\"110\">\u00b10.05\uff05<\/td>\n<\/tr>\n<\/tbody>\n<\/table>\n<\/li>\n<\/ul>\n<h2><strong>Zgodno\u015b\u0107 z normami bran\u017cowymi<\/strong><\/h2>\n<p>Tester grubo\u015bci tektury PBT-01 zosta\u0142 zaprojektowany zgodnie z normami bran\u017cowymi dotycz\u0105cymi testowania tektury falistej i materia\u0142\u00f3w opakowaniowych, zapewniaj\u0105c, \u017ce spe\u0142nia wymagania dok\u0142adno\u015bci technicznej okre\u015blone w tych wytycznych. Przestrzeganie tych norm ma zasadnicze znaczenie dla wiarygodnych i sp\u00f3jnych pomiar\u00f3w w profesjonalnych zastosowaniach opakowaniowych, wzmacniaj\u0105c rol\u0119 testera w zapewnianiu kontroli jako\u015bci i zgodno\u015bci w r\u00f3\u017cnych bran\u017cach.<\/p>\n<h2><strong>Zalety testera grubo\u015bci tektury PBT-01<\/strong><\/h2>\n<p>PBT-01 oferuje unikalne zalety, kt\u00f3re wyr\u00f3\u017cniaj\u0105 go w dziedzinie testowania materia\u0142\u00f3w:<\/p>\n<ul>\n<li><strong>Wysoka precyzja:<\/strong> Dzi\u0119ki rozdzielczo\u015bci 0,001 mm, PBT-01 gwarantuje wysok\u0105 precyzj\u0119 pomiar\u00f3w dla niezawodnej kontroli jako\u015bci.<\/li>\n<li><strong>Wszechstronne zastosowania:<\/strong> Nadaje si\u0119 do wszystkich rodzaj\u00f3w tektury falistej, dzi\u0119ki czemu jest wszechstronnym wyborem dla r\u00f3\u017cnych rodzaj\u00f3w opakowa\u0144.<\/li>\n<li><strong>Konstrukcja przyjazna dla u\u017cytkownika:<\/strong> Funkcje takie jak funkcja resetowania ZERO i proste sterowanie zasilaniem zwi\u0119kszaj\u0105 \u0142atwo\u015b\u0107 u\u017cytkowania.<\/li>\n<li><strong>Ulepszona kontrola jako\u015bci:<\/strong> Zapewnia sp\u00f3jny pomiar grubo\u015bci w celu zwi\u0119kszenia trwa\u0142o\u015bci opakowania i oszcz\u0119dno\u015bci materia\u0142u.<\/li>\n<\/ul>\n<h2><strong>Zastosowania w r\u00f3\u017cnych bran\u017cach<\/strong><\/h2>\n<p>Tester grubo\u015bci tektury PBT-01 ma szerokie zastosowanie w r\u00f3\u017cnych bran\u017cach, w tym w przemy\u015ble opakowaniowym, spo\u017cywczym, farmaceutycznym i agencjach kontroli jako\u015bci. Dzi\u0119ki precyzyjnym i sp\u00f3jnym pomiarom miernik grubo\u015bci PBT-01 umo\u017cliwia firmom utrzymanie \u015bcis\u0142ej kontroli jako\u015bci materia\u0142\u00f3w opakowaniowych, wspieraj\u0105c rozw\u00f3j trwa\u0142ych i niezawodnych rozwi\u0105za\u0144 opakowaniowych we wszystkich sektorach.<\/p>\n<h2><strong>Cz\u0119sto zadawane pytania (FAQ)<\/strong><\/h2>\n<ol>\n<li><strong>Czym jest tektura falista?<\/strong>\n<ul>\n<li>Tektura falista sk\u0142ada si\u0119 z jednego lub kilku arkuszy karbowanego papieru przyklejonych do p\u0142askiego arkusza tektury lub pomi\u0119dzy kilkoma arkuszami. Jest to popularny materia\u0142 w opakowaniach ze wzgl\u0119du na swoj\u0105 wytrzyma\u0142o\u015b\u0107 i w\u0142a\u015bciwo\u015bci poch\u0142aniaj\u0105ce wstrz\u0105sy.<\/li>\n<\/ul>\n<\/li>\n<li><strong>Co nale\u017cy rozumie\u0107 przez \u201cgrubo\u015b\u0107 pojedynczego arkusza tektury falistej\u201d?<\/strong>\n<ul>\n<li>Grubo\u015b\u0107 pojedynczego arkusza odnosi si\u0119 do odleg\u0142o\u015bci mi\u0119dzy jedn\u0105 powierzchni\u0105 arkusza falistej p\u0142yty pil\u015bniowej a przeciwleg\u0142\u0105 powierzchni\u0105, mierzonej pod okre\u015blonym przy\u0142o\u017conym obci\u0105\u017ceniem statycznym.<\/li>\n<\/ul>\n<\/li>\n<li><strong>Jak dok\u0142adny jest pomiar grubo\u015bci za pomoc\u0105 PBT-01?<\/strong>\n<ul>\n<li>PBT-01 zapewnia wysok\u0105 precyzj\u0119 z rozdzielczo\u015bci\u0105 0,001 mm i dok\u0142adno\u015bci\u0105 \u00b10,05%, co czyni go niezawodnym wyborem do sp\u00f3jnych i powtarzalnych pomiar\u00f3w.<\/li>\n<\/ul>\n<\/li>\n<li><strong>Dlaczego ci\u015bnienie kontaktowe jest wa\u017cne w testach grubo\u015bci?<\/strong>\n<ul>\n<li>Stosowanie sta\u0142ego nacisku podczas testowania zapewnia, \u017ce pomiar dok\u0142adnie odzwierciedla grubo\u015b\u0107 p\u0142yty bez waha\u0144 kompresji, zapewniaj\u0105c w ten spos\u00f3b powtarzalne i wiarygodne wyniki.<\/li>\n<\/ul>\n<\/li>\n<li><strong>Jakie bran\u017ce korzystaj\u0105 z testera grubo\u015bci PBT-01?<\/strong>\n<ul>\n<li>PBT-01 jest niezb\u0119dny w przemy\u015ble opakowaniowym, spo\u017cywczym, farmaceutycznym i innych bran\u017cach, w kt\u00f3rych jako\u015b\u0107 materia\u0142\u00f3w i niezawodno\u015b\u0107 opakowania maj\u0105 kluczowe znaczenie dla ochrony i bezpiecze\u0144stwa produktu.<\/li>\n<\/ul>\n<\/li>\n<\/ol>","protected":false},"excerpt":{"rendered":"<p>The <strong>PBT-01 Tester grubo\u015bci tektury<\/strong> to zaawansowany, precyzyjny przyrz\u0105d zaprojektowany specjalnie do pomiaru grubo\u015bci pojedynczych arkuszy tektury falistej. Urz\u0105dzenie to odgrywa istotn\u0105 rol\u0119 w kontroli jako\u015bci materia\u0142\u00f3w opakowaniowych, poniewa\u017c dok\u0142adne pomiary grubo\u015bci s\u0105 niezb\u0119dne do okre\u015blenia trwa\u0142o\u015bci i wytrzyma\u0142o\u015bci p\u0142yt pil\u015bniowych stosowanych w produkcji skrzy\u0144 i innych rozwi\u0105za\u0144 opakowaniowych. Odpowiedni dla wszystkich rodzaj\u00f3w tektury falistej, PBT-01 zapewnia, \u017ce materia\u0142y opakowaniowe spe\u0142niaj\u0105 rygorystyczne standardy jako\u015bci w zakresie ochrony i niezawodno\u015bci.<\/p>","protected":false},"featured_media":6184,"comment_status":"closed","ping_status":"closed","template":"","meta":{"site-sidebar-layout":"default","site-content-layout":"default","ast-global-header-display":"","ast-main-header-display":"","ast-hfb-above-header-display":"","ast-hfb-below-header-display":"","ast-hfb-mobile-header-display":"","site-post-title":"","ast-breadcrumbs-content":"","ast-featured-img":"","footer-sml-layout":"","theme-transparent-header-meta":"default","adv-header-id-meta":"","stick-header-meta":"","header-above-stick-meta":"","header-main-stick-meta":"","header-below-stick-meta":""},"product_cat":[685,845,1149,962,44,160,95],"product_tag":[],"class_list":{"0":"post-5281","1":"product","2":"type-product","3":"status-publish","4":"has-post-thumbnail","6":"product_cat-thickness-tester","7":"product_cat-customization","8":"product_cat-tappi-t437","9":"product_cat-thickness-gauges","10":"product_cat-paper-and-board-testers","11":"product_cat-iso-3034","12":"product_cat-products","13":"desktop-align-left","14":"tablet-align-left","15":"mobile-align-left","17":"first","18":"instock","19":"shipping-taxable","20":"product-type-simple"},"_links":{"self":[{"href":"https:\/\/www.qualitester.com\/pl\/wp-json\/wp\/v2\/product\/5281","targetHints":{"allow":["GET"]}}],"collection":[{"href":"https:\/\/www.qualitester.com\/pl\/wp-json\/wp\/v2\/product"}],"about":[{"href":"https:\/\/www.qualitester.com\/pl\/wp-json\/wp\/v2\/types\/product"}],"replies":[{"embeddable":true,"href":"https:\/\/www.qualitester.com\/pl\/wp-json\/wp\/v2\/comments?post=5281"}],"version-history":[{"count":0,"href":"https:\/\/www.qualitester.com\/pl\/wp-json\/wp\/v2\/product\/5281\/revisions"}],"wp:featuredmedia":[{"embeddable":true,"href":"https:\/\/www.qualitester.com\/pl\/wp-json\/wp\/v2\/media\/6184"}],"wp:attachment":[{"href":"https:\/\/www.qualitester.com\/pl\/wp-json\/wp\/v2\/media?parent=5281"}],"wp:term":[{"taxonomy":"product_cat","embeddable":true,"href":"https:\/\/www.qualitester.com\/pl\/wp-json\/wp\/v2\/product_cat?post=5281"},{"taxonomy":"product_tag","embeddable":true,"href":"https:\/\/www.qualitester.com\/pl\/wp-json\/wp\/v2\/product_tag?post=5281"}],"curies":[{"name":"wp","href":"https:\/\/api.w.org\/{rel}","templated":true}]}}