{"id":5269,"date":"2024-11-07T10:50:14","date_gmt":"2024-11-07T02:50:14","guid":{"rendered":"https:\/\/www.qualitester.com\/?post_type=product&#038;p=5269"},"modified":"2024-12-05T10:07:17","modified_gmt":"2024-12-05T02:07:17","slug":"sale-cobb-tester-paper-water-absorption","status":"publish","type":"product","link":"https:\/\/www.qualitester.com\/pl\/produkt-2\/sale-cobb-tester-paper-water-absorption\/","title":{"rendered":"Tester COBB-01"},"content":{"rendered":"<h2><strong>Wprowadzenie do testera COBB<\/strong><\/h2>\n<p>Tester COBB-01 COBB to precyzyjny przyrz\u0105d przeznaczony do pomiaru zdolno\u015bci absorpcji wody przez papier i tektur\u0119 przy u\u017cyciu powszechnie uznanej metody Cobba. Jest on niezb\u0119dny do okre\u015blania wodoodporno\u015bci materia\u0142\u00f3w stosowanych w opakowaniach i druku, zapewniaj\u0105c wiarygodne pomiary pomagaj\u0105ce zapewni\u0107 jako\u015b\u0107 produktu. Tester COBB-01 najlepiej nadaje si\u0119 do wymiarowania papieru i testowania absorpcji wody na powierzchniach kartonowych, cho\u0107 nie jest zalecany do testowania papieru niewymiarowego lub o niskiej gramaturze poni\u017cej 50 g\/m\u00b2.<\/p>\n<h2><strong>Dlaczego testy absorpcji wody s\u0105 wa\u017cne dla papieru i materia\u0142\u00f3w opakowaniowych?<\/strong><\/h2>\n<p>Absorpcja wody jest krytycznym czynnikiem decyduj\u0105cym o wydajno\u015bci papieru i tektury, szczeg\u00f3lnie w przypadku opakowa\u0144 i druku. Wysoka absorpcja wody mo\u017ce mie\u0107 wp\u0142yw na trwa\u0142o\u015b\u0107, drukowno\u015b\u0107 i integralno\u015b\u0107 strukturaln\u0105 materia\u0142\u00f3w nara\u017conych na dzia\u0142anie wilgoci. Oceniaj\u0105c odporno\u015b\u0107 na wod\u0119, producenci mog\u0105 podejmowa\u0107 \u015bwiadome decyzje dotycz\u0105ce przydatno\u015bci materia\u0142\u00f3w do ich zamierzonego zastosowania, zmniejszaj\u0105c liczb\u0119 awarii produkt\u00f3w i zwi\u0119kszaj\u0105c zadowolenie klient\u00f3w. Tester COBB-01 COBB pomaga spe\u0142ni\u0107 te wymagania, zapewniaj\u0105c dok\u0142adne, powtarzalne pomiary absorpcji wody.<\/p>\n<h2><strong>Zrozumienie warto\u015bci COBB<\/strong><\/h2>\n<p>Warto\u015b\u0107 COBB okre\u015bla ilo\u015b\u0107 wody wch\u0142oni\u0119tej przez okre\u015blony obszar papieru lub kartonu w standardowych warunkach, wyra\u017con\u0105 w gramach na metr kwadratowy (g\/m\u00b2). Pomiar ten jest niezb\u0119dny do oceny stopnia zaklejenia (wodoodporno\u015bci) papieru, umo\u017cliwiaj\u0105c skuteczn\u0105 kontrol\u0119 jako\u015bci. Korzystaj\u0105c z testera COBB-01 COBB, producenci mog\u0105 zapewni\u0107, \u017ce ich materia\u0142y spe\u0142niaj\u0105 wymagane specyfikacje absorpcji wody, zwi\u0119kszaj\u0105c niezawodno\u015b\u0107 i wydajno\u015b\u0107 produktu.<\/p>\n<h2><strong>Normy testowe dla test\u00f3w absorpcji wody<\/strong><\/h2>\n<h3><strong><a href=\"https:\/\/www.iso.org\/standard\/61486.html\" target=\"_blank\" rel=\"noopener nofollow\">ISO 535<\/a> oraz <a href=\"https:\/\/www.tappi.org\/content\/tag\/sarg\/t441.pdf\" target=\"_blank\" rel=\"noopener nofollow\">TAPPI T441<\/a> Zgodno\u015b\u0107<\/strong><\/h3>\n<p>Tester COBB-01 jest zgodny z mi\u0119dzynarodowymi standardami <strong>ISO 535<\/strong> oraz <strong>TAPPI T441<\/strong>zapewniaj\u0105c dok\u0142adne i sp\u00f3jne pomiary w r\u00f3\u017cnych scenariuszach testowych.<\/p>\n<ul>\n<li><a href=\"https:\/\/www.qualitester.com\/pl\/kategoria-produktu\/iso\/iso-535\/\" target=\"_blank\" rel=\"noopener\"><strong>ISO 535<\/strong><\/a>: Niniejszy standard definiuje procedur\u0119 testowania absorpcji wody przez papier i materia\u0142y tekturowe, ustanawiaj\u0105c punkt odniesienia dla dok\u0142adnych wynik\u00f3w warto\u015bci Cobb. Okre\u015bla parametry testu, przygotowanie pr\u00f3bki i warunki \u015brodowiskowe w celu zapewnienia powtarzalnych i wiarygodnych pomiar\u00f3w.<\/li>\n<li><a href=\"https:\/\/www.qualitester.com\/pl\/kategoria-produktu\/tappi\/tappi-t441\/\" target=\"_blank\" rel=\"noopener\"><strong>TAPPI T441<\/strong><\/a>: Standard ten, szeroko stosowany w przemy\u015ble papierniczym i opakowaniowym, uzupe\u0142nia norm\u0119 ISO 535, okre\u015blaj\u0105c szczeg\u00f3\u0142owo metod\u0119 testowania absorpcji wody przez papier i tektur\u0119. TAPPI T441 okre\u015bla procedury, kt\u00f3re zapewniaj\u0105 wiarygodne, por\u00f3wnywalne wyniki, dzi\u0119ki czemu idealnie nadaje si\u0119 do kontroli jako\u015bci w zastosowaniach zwi\u0105zanych z pakowaniem i drukowaniem.<\/li>\n<\/ul>\n<h2><strong>Tester COBB-01: Kluczowe cechy i korzy\u015bci<\/strong><\/h2>\n<ul>\n<li><strong>Konstrukcja ze stali nierdzewnej<\/strong>: Wykonany z wysokiej jako\u015bci stali nierdzewnej, tester COBB-01 COBB jest trwa\u0142y i odporny na korozj\u0119, zapewniaj\u0105c d\u0142ugoterminow\u0105 niezawodno\u015b\u0107 i sta\u0142\u0105 wydajno\u015b\u0107 w ka\u017cdym \u015brodowisku testowym.<\/li>\n<li><strong>Metalowa rolka o standardowym kszta\u0142cie<\/strong>: Tester zawiera metalow\u0105 rolk\u0119 zaprojektowan\u0105 zgodnie ze standardami bran\u017cowymi, zapewniaj\u0105c\u0105 r\u00f3wnomierny nacisk na powierzchni\u0119 pr\u00f3bki, aby zapewni\u0107 dok\u0142adne, powtarzalne wyniki.<\/li>\n<li><strong>Przecinak do pr\u00f3bek COBB (opcja)<\/strong>: Aby u\u0142atwi\u0107 precyzyjne i sp\u00f3jne przygotowanie pr\u00f3bki, dost\u0119pny jest opcjonalny obcinacz pr\u00f3bek COBB. To akcesorium poprawia dok\u0142adno\u015b\u0107 pr\u00f3bek, pomagaj\u0105c w sp\u00f3jno\u015bci i wiarygodno\u015bci wynik\u00f3w test\u00f3w.<\/li>\n<\/ul>\n<h2><strong>Specyfikacje techniczne i metody testowania<\/strong><\/h2>\n<p>Tester COBB-01 COBB zapewnia dok\u0142adne, sp\u00f3jne pomiary zgodnie z metod\u0105 Cobb. Test obejmuje nast\u0119puj\u0105ce kroki:<\/p>\n<ol>\n<li><strong>Przyk\u0142adowe rozmieszczenie<\/strong>: Umie\u015b\u0107 papierow\u0105 lub kartonow\u0105 pr\u00f3bk\u0119 na platformie testera.<\/li>\n<li><strong>Zastosowanie wody<\/strong>: Na\u0142o\u017cenie okre\u015blonej ilo\u015bci wody na pr\u00f3bk\u0119 w kontrolowanych warunkach.<\/li>\n<li><strong>Czas absorpcji<\/strong>: Pozostawi\u0107 pr\u00f3bk\u0119 do wch\u0142oni\u0119cia wody przez okre\u015blony czas (zgodnie z wytycznymi ISO 535 lub TAPPI T441).<\/li>\n<li><strong>Usuwanie i pomiar wody<\/strong>: U\u017cyj standardowego wa\u0142ka, aby usun\u0105\u0107 nadmiar wody, a nast\u0119pnie zmierz wch\u0142oni\u0119t\u0105 wod\u0119, reprezentowan\u0105 przez warto\u015b\u0107 COBB (g\/m\u00b2).<\/li>\n<\/ol>\n<p>Proces ten zapewnia, \u017ce producenci otrzymuj\u0105 wiarygodne pomiary, kt\u00f3re s\u0105 zgodne z mi\u0119dzynarodowymi standardami, umo\u017cliwiaj\u0105c skuteczn\u0105 kontrol\u0119 jako\u015bci.<\/p>\n<h2><strong>Zastosowania testera COBB w r\u00f3\u017cnych bran\u017cach<\/strong><\/h2>\n<p>Tester COBB-01 COBB jest szeroko stosowany w r\u00f3\u017cnych bran\u017cach, w kt\u00f3rych jako\u015b\u0107 papieru i tektury ma kluczowe znaczenie, w tym:<\/p>\n<ul>\n<li><strong>Opakowanie<\/strong>: Zapewnia odporne na wilgo\u0107 materia\u0142y do pakowania produkt\u00f3w, w szczeg\u00f3lno\u015bci \u017cywno\u015bci, farmaceutyk\u00f3w i innych wra\u017cliwych produkt\u00f3w.<\/li>\n<li><strong>Drukowanie i publikowanie<\/strong>: Weryfikuje ch\u0142onno\u015b\u0107 papieru w celu utrzymania jako\u015bci druku i przyczepno\u015bci atramentu.<\/li>\n<li><strong>Agencje kontroli jako\u015bci<\/strong>: Umo\u017cliwia precyzyjne testowanie absorpcji wody w celu spe\u0142nienia standard\u00f3w bran\u017cowych i zapewnienia weryfikacji zgodno\u015bci.<\/li>\n<\/ul>\n<h2><strong>Cz\u0119sto zadawane pytania (FAQ)<\/strong><\/h2>\n<ol>\n<li><strong>Czym jest metoda COBB badania absorpcji wody?<\/strong><br \/>\nMetoda COBB mierzy absorpcj\u0119 wody przez papier i tektur\u0119 poprzez okre\u015blenie ilo\u015bci wody wch\u0142oni\u0119tej w okre\u015blonym czasie w kontrolowanych warunkach.<\/li>\n<li><strong>W jaki spos\u00f3b tester COBB-01 jest zgodny z normami ISO 535 i TAPPI T441?<\/strong><br \/>\nTester zosta\u0142 zaprojektowany tak, aby spe\u0142nia\u0107 wymagania proceduralne okre\u015blone w normach ISO 535 i TAPPI T441, zapewniaj\u0105c znormalizowane i wiarygodne pomiary absorpcji wody.<\/li>\n<li><strong>Co to jest warto\u015b\u0107 COBB i dlaczego jest wa\u017cna?<\/strong><br \/>\nWarto\u015b\u0107 COBB reprezentuje mas\u0119 wody wch\u0142oni\u0119tej przez powierzchni\u0119 papieru lub tektury na jednostk\u0119 powierzchni, co ma zasadnicze znaczenie dla oceny wodoodporno\u015bci materia\u0142\u00f3w stosowanych w opakowaniach i druku.<\/li>\n<li><strong>Jakie rodzaje papieru i tektury mo\u017cna testowa\u0107 za pomoc\u0105 urz\u0105dzenia COBB-01?<\/strong><br \/>\nCOBB-01 nadaje si\u0119 do wymiarowania powierzchni papieru i kartonu, ale nie jest zalecany do papieru o niskiej gramaturze, niewymiarowego lub wyt\u0142aczanego z licznymi otworami.<\/li>\n<li><strong>W jaki spos\u00f3b metalowa rolka wp\u0142ywa na dok\u0142adno\u015b\u0107 test\u00f3w?<\/strong><br \/>\nRolka zapewnia r\u00f3wnomierny nacisk podczas usuwania wody, poprawiaj\u0105c dok\u0142adno\u015b\u0107 i sp\u00f3jno\u015b\u0107 wynik\u00f3w poprzez r\u00f3wnomierne usuwanie nadmiaru wody z pr\u00f3bki.<\/li>\n<\/ol>","protected":false},"excerpt":{"rendered":"<p>Tester COBB-01 COBB to precyzyjny przyrz\u0105d przeznaczony do pomiaru zdolno\u015bci absorpcji wody przez papier i tektur\u0119 przy u\u017cyciu powszechnie uznanej metody Cobba. Jest niezb\u0119dny do okre\u015blania wodoodporno\u015bci materia\u0142\u00f3w stosowanych w opakowaniach i aplikacjach drukarskich, zapewniaj\u0105c wiarygodne pomiary, kt\u00f3re pomagaj\u0105 zapewni\u0107 jako\u015b\u0107 produktu.<\/p>","protected":false},"featured_media":6176,"comment_status":"closed","ping_status":"closed","template":"","meta":{"site-sidebar-layout":"default","site-content-layout":"default","ast-global-header-display":"","ast-main-header-display":"","ast-hfb-above-header-display":"","ast-hfb-below-header-display":"","ast-hfb-mobile-header-display":"","site-post-title":"","ast-breadcrumbs-content":"","ast-featured-img":"","footer-sml-layout":"","theme-transparent-header-meta":"default","adv-header-id-meta":"","stick-header-meta":"","header-above-stick-meta":"","header-main-stick-meta":"","header-below-stick-meta":""},"product_cat":[845,953,956,955,1079,954,957,958,952,959,1147,95],"product_tag":[],"class_list":{"0":"post-5269","1":"product","2":"type-product","3":"status-publish","4":"has-post-thumbnail","6":"product_cat-customization","7":"product_cat-bursting-tester","8":"product_cat-cobb-tester","9":"product_cat-crush-tester","10":"product_cat-iso-535","11":"product_cat-paper-tear-tester","12":"product_cat-plybond-tester","13":"product_cat-puncture-tester","14":"product_cat-rub-tester","15":"product_cat-stiffness-tester","16":"product_cat-tappi-t441","17":"product_cat-products","18":"desktop-align-left","19":"tablet-align-left","20":"mobile-align-left","22":"first","23":"instock","24":"shipping-taxable","25":"product-type-simple"},"_links":{"self":[{"href":"https:\/\/www.qualitester.com\/pl\/wp-json\/wp\/v2\/product\/5269","targetHints":{"allow":["GET"]}}],"collection":[{"href":"https:\/\/www.qualitester.com\/pl\/wp-json\/wp\/v2\/product"}],"about":[{"href":"https:\/\/www.qualitester.com\/pl\/wp-json\/wp\/v2\/types\/product"}],"replies":[{"embeddable":true,"href":"https:\/\/www.qualitester.com\/pl\/wp-json\/wp\/v2\/comments?post=5269"}],"version-history":[{"count":0,"href":"https:\/\/www.qualitester.com\/pl\/wp-json\/wp\/v2\/product\/5269\/revisions"}],"wp:featuredmedia":[{"embeddable":true,"href":"https:\/\/www.qualitester.com\/pl\/wp-json\/wp\/v2\/media\/6176"}],"wp:attachment":[{"href":"https:\/\/www.qualitester.com\/pl\/wp-json\/wp\/v2\/media?parent=5269"}],"wp:term":[{"taxonomy":"product_cat","embeddable":true,"href":"https:\/\/www.qualitester.com\/pl\/wp-json\/wp\/v2\/product_cat?post=5269"},{"taxonomy":"product_tag","embeddable":true,"href":"https:\/\/www.qualitester.com\/pl\/wp-json\/wp\/v2\/product_tag?post=5269"}],"curies":[{"name":"wp","href":"https:\/\/api.w.org\/{rel}","templated":true}]}}