{"id":5247,"date":"2024-11-06T13:22:00","date_gmt":"2024-11-06T05:22:00","guid":{"rendered":"https:\/\/www.qualitester.com\/?post_type=product&#038;p=5247"},"modified":"2024-12-05T15:33:06","modified_gmt":"2024-12-05T07:33:06","slug":"sale-tape-holding-power-tester","status":"publish","type":"product","link":"https:\/\/www.qualitester.com\/pl\/produkt-2\/sale-tape-holding-power-tester\/","title":{"rendered":"LAT-01 Tester trwa\u0142ej przyczepno\u015bci"},"content":{"rendered":"<h2><strong>Wprowadzenie do testera si\u0142y trzymania ta\u015bmy<\/strong><\/h2>\n<p>The <strong>Tester mocy trzymania ta\u015bmy<\/strong> to niezb\u0119dny przyrz\u0105d testowy przeznaczony do pomiaru si\u0142y przyczepno\u015bci ta\u015bm samoprzylepnych i etykiet w warunkach sta\u0142ego obci\u0105\u017cenia. Ocenia zdolno\u015b\u0107 ta\u015bm samoprzylepnych do przeciwstawiania si\u0119 po\u015blizgowi i utrzymywania wi\u0105zania pod wp\u0142ywem napr\u0119\u017ce\u0144, co czyni go kluczowym narz\u0119dziem dla bran\u017c, kt\u00f3re polegaj\u0105 na wydajno\u015bci ta\u015bm samoprzylepnych, takich jak opakowania, medycyna, farmaceutyka i inne.<\/p>\n<p>Ten tester zapewnia niezawodne \u015brodki do oceny d\u0142ugoterminowej stabilno\u015bci i trwa\u0142o\u015bci ta\u015bm, zapewniaj\u0105c, \u017ce spe\u0142niaj\u0105 one wymagane standardy dla r\u00f3\u017cnych zastosowa\u0144. S\u0142u\u017cy do okre\u015blania, jak dobrze ta\u015bmy przylegaj\u0105 do powierzchni, nawet w trudnych warunkach, oferuj\u0105c istotny wgl\u0105d w ich wydajno\u015b\u0107 w czasie.<\/p>\n<h2><strong>Zastosowanie testera mocy trzymania ta\u015bmy<\/strong><\/h2>\n<p>The <strong>Tester mocy trzymania ta\u015bmy<\/strong> jest powszechnie stosowany w nast\u0119puj\u0105cych bran\u017cach:<\/p>\n<ul>\n<li><strong>Opakowanie:<\/strong> Zapewnia, \u017ce ta\u015bmy stosowane w materia\u0142ach opakowaniowych zachowuj\u0105 swoje w\u0142a\u015bciwo\u015bci klej\u0105ce podczas transportu i przechowywania.<\/li>\n<li><strong>Medycyna i farmacja:<\/strong> Weryfikuje si\u0142\u0119 klejenia ta\u015bm medycznych, banda\u017cy i opakowa\u0144 farmaceutycznych.<\/li>\n<li><strong>Kleje:<\/strong> Niezb\u0119dny do testowania wydajno\u015bci klej\u00f3w samoprzylepnych stosowanych w etykietach, ta\u015bmach i innych produktach na bazie kleju.<\/li>\n<li><strong>Tekstylia:<\/strong> Pomaga oceni\u0107 przyczepno\u015b\u0107 ta\u015bm tekstylnych i etykiet w warunkach napr\u0119\u017ce\u0144.<\/li>\n<li><strong>Agencje kontroli jako\u015bci:<\/strong> Dostarcza obiektywnych danych na temat wydajno\u015bci ta\u015bmy, pomagaj\u0105c w kontroli jako\u015bci producentom i dostawcom.<\/li>\n<\/ul>\n<p>Jest on u\u017cywany g\u0142\u00f3wnie do testowania <strong>si\u0142a trzymania<\/strong> ta\u015bm i etykiet samoprzylepnych, aby zapewni\u0107, \u017ce spe\u0142niaj\u0105 one niezb\u0119dne specyfikacje dla rzeczywistych zastosowa\u0144.<\/p>\n<h2><strong>Zasada testu<\/strong><\/h2>\n<p>The <strong>Tester mocy trzymania ta\u015bmy<\/strong> dzia\u0142a na zasadzie <strong>przyczepno\u015b\u0107 przy \u015bcinaniu pod sta\u0142ym obci\u0105\u017ceniem<\/strong>. Test obejmuje nast\u0119puj\u0105cy proces:<\/p>\n<ul>\n<li>Pasek ta\u015bmy jest nak\u0142adany na standardowy panel stalowy w kontrolowanych warunkach.<\/li>\n<li>Standardowa masa jest przymocowana do wolnego ko\u0144ca ta\u015bmy w celu przy\u0142o\u017cenia sta\u0142ego obci\u0105\u017cenia.<\/li>\n<li>Panel jest nast\u0119pnie ustawiany pionowo, a czas potrzebny do uszkodzenia ta\u015bmy (tj. ze\u015blizgni\u0119cia si\u0119 lub ca\u0142kowitego oderwania od powierzchni) jest rejestrowany.<\/li>\n<\/ul>\n<p>Test ten pomaga symulowa\u0107 rzeczywiste warunki, w kt\u00f3rych ta\u015bmy mog\u0105 by\u0107 poddawane si\u0142om, kt\u00f3re mog\u0105 prowadzi\u0107 do uszkodzenia kleju. Test <strong>Tester mocy trzymania ta\u015bmy<\/strong> jest w stanie testowa\u0107 r\u00f3\u017cne rodzaje ta\u015bm samoprzylepnych, w tym te u\u017cywane w zastosowaniach przemys\u0142owych, medycznych i konsumenckich.<\/p>\n<h2><strong>Metody testowe<\/strong><\/h2>\n<h3><strong>ASTM D3654<\/strong><\/h3>\n<p>The <strong>ASTM D3654<\/strong> jest jedn\u0105 z najbardziej uznanych metod testowania przyczepno\u015bci ta\u015bm samoprzylepnych na \u015bcinanie. Zgodnie z norm\u0105 ASTM D3654:<\/p>\n<ul>\n<li>Ta\u015bma jest nak\u0142adana na standardowy panel stalowy i poddawana dzia\u0142aniu sta\u0142ej masy pod okre\u015blonym k\u0105tem.<\/li>\n<li>Tester mierzy <strong>czas do awarii<\/strong> lub <strong>wielko\u015b\u0107 po\u015blizgu<\/strong> kt\u00f3ry wyst\u0119puje, gdy ta\u015bma jest poddawana sta\u0142emu napr\u0119\u017ceniu \u015bcinaj\u0105cemu.<\/li>\n<li>Metoda ta ocenia zdolno\u015b\u0107 kleju do przeciwstawiania si\u0119 po\u015blizgowi pod wp\u0142ywem napr\u0119\u017ce\u0144, zapewniaj\u0105c ilo\u015bciow\u0105 miar\u0119 wytrzyma\u0142o\u015bci kleju. <strong>si\u0142a trzymania<\/strong>.<\/li>\n<\/ul>\n<h3><strong>PSTC-107<\/strong><\/h3>\n<p>The <strong>PSTC-107<\/strong> to kolejny krytyczny standard bran\u017cowy do testowania si\u0142y trzymania ta\u015bm samoprzylepnych. Norma ta okre\u015bla spos\u00f3b pomiaru zdolno\u015bci ta\u015bm do wytrzymywania si\u0142 przy\u0142o\u017conych r\u00f3wnolegle do powierzchni klej\u0105cej, co na\u015bladuje warunki obserwowane podczas rzeczywistego u\u017cytkowania.<\/p>\n<ul>\n<li>Na przyk\u0142ad ASTM D3654, <strong>PSTC-107<\/strong> ocenia <strong>czas do awarii<\/strong> lub <strong>wielko\u015b\u0107 po\u015blizgu<\/strong> kt\u00f3ry wyst\u0119puje, gdy przy\u0142o\u017cona jest okre\u015blona masa.<\/li>\n<li>Zapewnia to, \u017ce ta\u015bmy stosowane w r\u00f3\u017cnych produktach zachowuj\u0105 swoje w\u0142a\u015bciwo\u015bci klej\u0105ce w warunkach sta\u0142ego obci\u0105\u017cenia przez d\u0142ugi czas.<\/li>\n<\/ul>\n<p>Oba <strong>ASTM D3654<\/strong> oraz <strong>PSTC-107<\/strong> s\u0105 podstawowymi standardami zapewniaj\u0105cymi wydajno\u015b\u0107 i niezawodno\u015b\u0107 klej\u00f3w samoprzylepnych.<\/p>\n<h2><strong>Korzy\u015bci<\/strong><\/h2>\n<ul>\n<li><strong>Precyzyjny pomiar<\/strong>: Dzi\u0119ki systemowi pomiaru czasu opartemu na mikrokontrolerze, tester mocy trzymania ta\u015bmy zapewnia dok\u0142adne i powtarzalne wyniki.<\/li>\n<li><strong>Opcje konfigurowalne<\/strong>: Tester mo\u017cna skonfigurowa\u0107 z wieloma stacjami testowymi, dzi\u0119ki czemu idealnie nadaje si\u0119 do wysokowydajnych test\u00f3w w \u015brodowiskach produkcyjnych na du\u017c\u0105 skal\u0119.<\/li>\n<li><strong>Wszechstronna kontrola temperatury<\/strong>: Tester mo\u017cna dostosowa\u0107 do pracy w r\u00f3\u017cnych warunkach temperaturowych, aby symulowa\u0107 rzeczywiste czynniki \u015brodowiskowe.<\/li>\n<li><strong>\u0141atwy w u\u017cyciu interfejs<\/strong>: Przyjazny dla u\u017cytkownika wy\u015bwietlacz LCD z funkcj\u0105 blokady czasowej umo\u017cliwia przejrzyste i proste monitorowanie wynik\u00f3w test\u00f3w.<\/li>\n<li><strong>Niezawodne wyniki<\/strong>: Tester zapewnia sp\u00f3jne dane dotycz\u0105ce si\u0142y klejenia ta\u015bm, pomagaj\u0105c producentom spe\u0142ni\u0107 wymagania dotycz\u0105ce zapewnienia jako\u015bci.<\/li>\n<\/ul>\n<h2><strong>Standardy<\/strong><\/h2>\n<p>The <strong>Tester mocy trzymania ta\u015bmy<\/strong> zosta\u0142 zaprojektowany zgodnie z nast\u0119puj\u0105cymi kluczowymi standardami bran\u017cowymi:<\/p>\n<ul>\n<li><a href=\"https:\/\/www.astm.org\/d3654_d3654m-06r19.html\" target=\"_blank\" rel=\"noopener nofollow\"><strong>ASTM D3654<\/strong><\/a>: Standardowa metoda badania przyczepno\u015bci na \u015bcinanie ta\u015bm samoprzylepnych.<\/li>\n<li><a href=\"https:\/\/pstc.org\/resources\/test-methods\/\" target=\"_blank\" rel=\"noopener nofollow\"><strong>PSTC-107<\/strong><\/a>: Standardowa metoda badania si\u0142y trzymania ta\u015bm samoprzylepnych przy sta\u0142ym napr\u0119\u017ceniu.<\/li>\n<li><strong>JIS Z0237<\/strong>: Japo\u0144ska norma przemys\u0142owa dotycz\u0105ca testowania ta\u015bm samoprzylepnych.<\/li>\n<li><strong>GT\/T 4851<\/strong>: Chi\u0144ski standard testowania ta\u015bm samoprzylepnych.<\/li>\n<\/ul>\n<p>Standardy te zapewniaj\u0105, \u017ce <strong>Tester mocy trzymania ta\u015bmy<\/strong> zapewnia dok\u0142adne i wiarygodne wyniki, kt\u00f3re spe\u0142niaj\u0105 globalne wymagania bran\u017cowe.<\/p>\n<h2><strong>G\u0142\u00f3wne parametry<\/strong><\/h2>\n<table>\n<tbody>\n<tr>\n<td style=\"text-align: center;\" width=\"105\">Modele<\/td>\n<td style=\"text-align: center;\" width=\"50\"><strong>LAT-5<\/strong><\/td>\n<td style=\"text-align: center;\" width=\"58\"><strong>LAT-10<\/strong><\/td>\n<td style=\"text-align: center;\" width=\"58\"><strong>LAT-20<\/strong><\/td>\n<td style=\"text-align: center;\" width=\"58\"><strong>LAT-30<\/strong><\/td>\n<td style=\"text-align: center;\" width=\"65\"><strong>LAT-5TC<\/strong><\/td>\n<td style=\"text-align: center;\" width=\"73\"><strong>LAT-10TC<\/strong><\/td>\n<\/tr>\n<tr>\n<td style=\"text-align: center;\" width=\"105\">Stacje testowe<\/td>\n<td style=\"text-align: center;\" width=\"50\">5<\/td>\n<td style=\"text-align: center;\" width=\"58\">10<\/td>\n<td style=\"text-align: center;\" width=\"58\">20<\/td>\n<td style=\"text-align: center;\" width=\"58\">30<\/td>\n<td style=\"text-align: center;\" width=\"65\">5<\/td>\n<td style=\"text-align: center;\" width=\"73\">10<\/td>\n<\/tr>\n<tr>\n<td style=\"text-align: center;\" width=\"105\">Temp. Zakres<\/td>\n<td style=\"text-align: center;\" colspan=\"4\" rowspan=\"1\" width=\"224\">NIE DOTYCZY<\/td>\n<td style=\"text-align: center;\" colspan=\"2\" rowspan=\"1\" width=\"138\">Otoczenie ~80 \u2103<\/td>\n<\/tr>\n<tr>\n<td style=\"text-align: center;\" width=\"105\">Czas testu<\/td>\n<td style=\"text-align: center;\" colspan=\"6\" rowspan=\"1\" width=\"362\">0~99H99M99S<\/td>\n<\/tr>\n<tr>\n<td style=\"text-align: center;\" width=\"105\">Masa testowa<\/td>\n<td style=\"text-align: center;\" colspan=\"6\" rowspan=\"1\" width=\"362\">1000\u00b15g<\/td>\n<\/tr>\n<tr>\n<td style=\"text-align: center;\" width=\"105\">Panel<\/td>\n<td style=\"text-align: center;\" colspan=\"6\" rowspan=\"1\" width=\"362\">60*40*1,5 LWD<\/td>\n<\/tr>\n<tr>\n<td style=\"text-align: center;\" width=\"105\">Moc<\/td>\n<td style=\"text-align: center;\" colspan=\"6\" rowspan=\"1\" width=\"362\">AC 220V 50Hz<\/td>\n<\/tr>\n<tr>\n<td style=\"text-align: center;\" colspan=\"7\" rowspan=\"1\" width=\"467\">Specyfikacja rolki<\/td>\n<\/tr>\n<tr>\n<td style=\"text-align: center;\" width=\"105\">Rolka<\/td>\n<td style=\"text-align: center;\" colspan=\"6\" rowspan=\"1\" width=\"362\">2000g\u00b150g<\/td>\n<\/tr>\n<tr>\n<td style=\"text-align: center;\" width=\"105\">\u015arednica<\/td>\n<td style=\"text-align: center;\" colspan=\"6\" rowspan=\"1\" width=\"362\">85\u00b12,5 mm<\/td>\n<\/tr>\n<tr>\n<td style=\"text-align: center;\" width=\"105\">Szeroko\u015b\u0107<\/td>\n<td style=\"text-align: center;\" colspan=\"6\" rowspan=\"1\" width=\"362\">45\u00b11,5 mm<\/td>\n<\/tr>\n<tr>\n<td style=\"text-align: center;\" width=\"105\">Guma<\/td>\n<td style=\"text-align: center;\" colspan=\"6\" rowspan=\"1\" width=\"362\">Grubo\u015b\u0107 6 mm, twardo\u015b\u0107 Shore'a 80\u00b15\u00b0<\/td>\n<\/tr>\n<\/tbody>\n<\/table>\n<p style=\"text-align: left;\">The <strong>Tester mocy trzymania ta\u015bmy<\/strong> jest niezb\u0119dnym narz\u0119dziem dla ka\u017cdej bran\u017cy, kt\u00f3ra polega na wydajno\u015bci klej\u00f3w samoprzylepnych. Oferuj\u0105c precyzyjne testy zgodne z globalnymi standardami, takimi jak <strong>ASTM D3654<\/strong> oraz <strong>PSTC-107<\/strong>, zapewnia, \u017ce ta\u015bmy i etykiety spe\u0142niaj\u0105 wymagane kryteria wydajno\u015bci. Niezale\u017cnie od tego, czy chodzi o opakowania, zastosowania medyczne, farmaceutyczne czy klejenie, tester ten pomaga producentom zapewni\u0107 trwa\u0142o\u015b\u0107, niezawodno\u015b\u0107 i jako\u015b\u0107 ich produkt\u00f3w samoprzylepnych.<\/p>\n<div id=\"gtx-anchor\" style=\"position: absolute; visibility: hidden; left: 294.078px; top: 69.5156px; width: 22.3906px; height: 19px;\"><\/div>\n<div class=\"jfk-bubble gtx-bubble\" style=\"visibility: visible; left: -362px; top: 99px; opacity: 1;\" role=\"alertdialog\" aria-describedby=\"bubble-2\">\n<div id=\"bubble-2\" class=\"jfk-bubble-content-id\">\n<div id=\"gtx-host\" style=\"min-width: 200px; max-width: 400px;\"><\/div>\n<\/div>\n<div class=\"jfk-bubble-closebtn-id jfk-bubble-closebtn\" tabindex=\"0\" role=\"button\" aria-label=\"Zamknij\"><\/div>\n<div class=\"jfk-bubble-arrow-id jfk-bubble-arrow jfk-bubble-arrowup\" style=\"left: 305.078px;\">\n<div class=\"jfk-bubble-arrowimplbefore\"><\/div>\n<div class=\"jfk-bubble-arrowimplafter\"><\/div>\n<\/div>\n<\/div>","protected":false},"excerpt":{"rendered":"<p>The <strong>Tester mocy trzymania ta\u015bmy<\/strong> to niezb\u0119dny przyrz\u0105d testowy przeznaczony do pomiaru si\u0142y przyczepno\u015bci ta\u015bm samoprzylepnych i etykiet w warunkach sta\u0142ego obci\u0105\u017cenia. Ocenia zdolno\u015b\u0107 ta\u015bm samoprzylepnych do przeciwstawiania si\u0119 po\u015blizgowi i utrzymywania wi\u0105zania pod wp\u0142ywem napr\u0119\u017ce\u0144, co czyni go kluczowym narz\u0119dziem dla bran\u017c, kt\u00f3re polegaj\u0105 na wydajno\u015bci ta\u015bm samoprzylepnych, takich jak opakowania, medycyna, farmaceutyka i inne.<\/p>","protected":false},"featured_media":6298,"comment_status":"closed","ping_status":"closed","template":"","meta":{"site-sidebar-layout":"default","site-content-layout":"default","ast-global-header-display":"","ast-main-header-display":"","ast-hfb-above-header-display":"","ast-hfb-below-header-display":"","ast-hfb-mobile-header-display":"","site-post-title":"","ast-breadcrumbs-content":"","ast-featured-img":"","footer-sml-layout":"","theme-transparent-header-meta":"default","adv-header-id-meta":"","stick-header-meta":"","header-above-stick-meta":"","header-main-stick-meta":"","header-below-stick-meta":""},"product_cat":[845,1172,949,673,130,95],"product_tag":[],"class_list":{"0":"post-5247","1":"product","2":"type-product","3":"status-publish","4":"has-post-thumbnail","6":"product_cat-customization","7":"product_cat-jis-z0237","8":"product_cat-pstc-107","9":"product_cat-adhesive-tester","10":"product_cat-astm-d3654","11":"product_cat-products","12":"desktop-align-left","13":"tablet-align-left","14":"mobile-align-left","16":"first","17":"instock","18":"shipping-taxable","19":"product-type-simple"},"_links":{"self":[{"href":"https:\/\/www.qualitester.com\/pl\/wp-json\/wp\/v2\/product\/5247","targetHints":{"allow":["GET"]}}],"collection":[{"href":"https:\/\/www.qualitester.com\/pl\/wp-json\/wp\/v2\/product"}],"about":[{"href":"https:\/\/www.qualitester.com\/pl\/wp-json\/wp\/v2\/types\/product"}],"replies":[{"embeddable":true,"href":"https:\/\/www.qualitester.com\/pl\/wp-json\/wp\/v2\/comments?post=5247"}],"version-history":[{"count":0,"href":"https:\/\/www.qualitester.com\/pl\/wp-json\/wp\/v2\/product\/5247\/revisions"}],"wp:featuredmedia":[{"embeddable":true,"href":"https:\/\/www.qualitester.com\/pl\/wp-json\/wp\/v2\/media\/6298"}],"wp:attachment":[{"href":"https:\/\/www.qualitester.com\/pl\/wp-json\/wp\/v2\/media?parent=5247"}],"wp:term":[{"taxonomy":"product_cat","embeddable":true,"href":"https:\/\/www.qualitester.com\/pl\/wp-json\/wp\/v2\/product_cat?post=5247"},{"taxonomy":"product_tag","embeddable":true,"href":"https:\/\/www.qualitester.com\/pl\/wp-json\/wp\/v2\/product_tag?post=5247"}],"curies":[{"name":"wp","href":"https:\/\/api.w.org\/{rel}","templated":true}]}}