{"id":5240,"date":"2024-11-06T11:49:22","date_gmt":"2024-11-06T03:49:22","guid":{"rendered":"https:\/\/www.qualitester.com\/?post_type=product&#038;p=5240"},"modified":"2024-12-05T09:48:42","modified_gmt":"2024-12-05T01:48:42","slug":"sale-freeness-degree-tester-for-paper-pulp","status":"publish","type":"product","link":"https:\/\/www.qualitester.com\/pl\/produkt-2\/sale-freeness-degree-tester-for-paper-pulp\/","title":{"rendered":"Tester pobicia i beztroski DJD"},"content":{"rendered":"<h2><strong>Wprowadzenie do testera pobijania i stopnia zielono\u015bci dla masy papierniczej<\/strong><\/h2>\n<p>The <em>Tester bicia i stopnia zielono\u015bci dla masy papierniczej<\/em> to wysoce wyspecjalizowany przyrz\u0105d zaprojektowany do oceny odwadnialno\u015bci zawiesin masy celulozowej w wodzie, zapewniaj\u0105cy krytyczny wgl\u0105d w fizyczne w\u0142a\u015bciwo\u015bci w\u0142\u00f3kien masy celulozowej. Tester mierzy liczb\u0119 Schoppera-Rieglera (SR), kluczowy parametr wykorzystywany do oceny w\u0142a\u015bciwo\u015bci drena\u017cowych masy celulozowej. Test ten bezpo\u015brednio koreluje ze stanem powierzchni w\u0142\u00f3kien, p\u0119cznieniem i stopniem obr\u00f3bki mechanicznej masy celulozowej, oferuj\u0105c producentom, badaczom i laboratoriom kontroli jako\u015bci niezb\u0119dne informacje do optymalizacji procesu produkcji papieru. Tester Beating and Freeness Degree Tester jest szeroko stosowany w bran\u017cach zwi\u0105zanych z produkcj\u0105 papieru, zapewnieniem jako\u015bci i badaniami masy celulozowej.<\/p>\n<h2><strong>Czym jest test Schoppera-Rieglera (SR)?<\/strong><\/h2>\n<p>Test Schoppera-Rieglera s\u0142u\u017cy do okre\u015blenia szybko\u015bci odwadniania rozcie\u0144czonej zawiesiny masy celulozowej, mierzonej liczb\u0105 Schoppera-Rieglera (SR). Test ten ocenia zdolno\u015b\u0107 odwadniania masy celulozowej, co ma kluczowe znaczenie dla zrozumienia w\u0142a\u015bciwo\u015bci w\u0142\u00f3kien, takich jak powierzchnia i p\u0119cznienie. Na w\u0142a\u015bciwo\u015bci te ma wp\u0142yw poziom obr\u00f3bki mechanicznej, jakiej poddana zosta\u0142a masa celulozowa podczas produkcji. Liczba SR jest cennym wska\u017anikiem do oceny jako\u015bci masy papierniczej i jest niezb\u0119dna do zapewnienia sp\u00f3jno\u015bci w procesie produkcji papieru.<\/p>\n<h2>G\u0142\u00f3wny parametr<\/h2>\n<table>\n<tbody>\n<tr>\n<td colspan=\"2\" rowspan=\"1\" width=\"748\"><strong>DJD-01<\/strong><\/td>\n<\/tr>\n<tr>\n<td width=\"269\">Zakres pomiarowy<\/td>\n<td width=\"479\">1~100 SR<\/td>\n<\/tr>\n<tr>\n<td width=\"269\">Warto\u015b\u0107 podzia\u0142u cylindra pomiarowego<\/td>\n<td width=\"479\">1 SR<\/td>\n<\/tr>\n<tr>\n<td width=\"269\">Czas opr\u00f3\u017cniania kryzy<\/td>\n<td width=\"479\">149\u00b11s<\/td>\n<\/tr>\n<tr>\n<td width=\"269\">Obj\u0119to\u015b\u0107 resztkowa<\/td>\n<td width=\"479\">(7,5~8,0)ml<\/td>\n<\/tr>\n<tr>\n<td width=\"269\">Pr\u0119dko\u015b\u0107 podnoszenia sto\u017cka uszczelniaj\u0105cego<\/td>\n<td width=\"479\">100\u00b110 mm\/s<\/td>\n<\/tr>\n<tr>\n<td width=\"269\">Wymiar<\/td>\n<td width=\"479\">450*250*1200mm<\/td>\n<\/tr>\n<tr>\n<td colspan=\"2\" rowspan=\"1\" width=\"748\"><strong>DJD-02<\/strong><\/td>\n<\/tr>\n<tr>\n<td width=\"269\">Zakres pomiarowy<\/td>\n<td width=\"479\">1~100 SR<\/td>\n<\/tr>\n<tr>\n<td width=\"269\">Dzia\u0142anie<\/td>\n<td width=\"479\">Automatyczne zwolnienie<\/td>\n<\/tr>\n<tr>\n<td width=\"269\">Regulacja uszczelnienia<\/td>\n<td width=\"479\">Automatyczne uszczelnianie<\/td>\n<\/tr>\n<tr>\n<td width=\"269\">Regulacja kryzy bocznej<\/td>\n<td width=\"479\">Wyposa\u017cony w przycisk regulacji, losowe ustawienie g\u0142o\u015bno\u015bci resztkowej<\/td>\n<\/tr>\n<tr>\n<td width=\"269\">Czas opr\u00f3\u017cniania kryzy<\/td>\n<td width=\"479\">149\u00b11s<\/td>\n<\/tr>\n<tr>\n<td width=\"269\">Obj\u0119to\u015b\u0107 resztkowa<\/td>\n<td width=\"479\">(7,5~8,0)ml<\/td>\n<\/tr>\n<tr>\n<td width=\"269\">Pr\u0119dko\u015b\u0107 podnoszenia sto\u017cka uszczelniaj\u0105cego<\/td>\n<td width=\"479\">100\u00b110 mm\/s<\/td>\n<\/tr>\n<tr>\n<td width=\"269\">Wymiar<\/td>\n<td width=\"479\">410*360*760mm<\/td>\n<\/tr>\n<tr>\n<td colspan=\"2\" rowspan=\"1\" width=\"748\"><strong>DJD-03<\/strong><\/td>\n<\/tr>\n<tr>\n<td width=\"269\">Zakres pomiarowy<\/td>\n<td width=\"479\">1~100 SR<\/td>\n<\/tr>\n<tr>\n<td width=\"269\">Wy\u015bwietlacz<\/td>\n<td width=\"479\">Cyfrowa analiza krzywej drena\u017cu<\/td>\n<\/tr>\n<tr>\n<td width=\"269\">Rozdzielczo\u015b\u0107<\/td>\n<td width=\"479\">0.1 SR<\/td>\n<\/tr>\n<tr>\n<td width=\"269\">Dzia\u0142anie<\/td>\n<td width=\"479\">Automatyczne zwolnienie<\/td>\n<\/tr>\n<tr>\n<td width=\"269\">Regulacja uszczelnienia<\/td>\n<td width=\"479\">Automatyczne uszczelnianie<\/td>\n<\/tr>\n<tr>\n<td width=\"269\">Regulacja kryzy bocznej<\/td>\n<td width=\"479\">Wyposa\u017cony w przycisk regulacji, losowe ustawienie g\u0142o\u015bno\u015bci resztkowej<\/td>\n<\/tr>\n<tr>\n<td width=\"269\">Czas opr\u00f3\u017cniania kryzy<\/td>\n<td width=\"479\">149\u00b11s<\/td>\n<\/tr>\n<tr>\n<td width=\"269\">Obj\u0119to\u015b\u0107 resztkowa<\/td>\n<td width=\"479\">(7,5~8,0)ml<\/td>\n<\/tr>\n<tr>\n<td width=\"269\">Pr\u0119dko\u015b\u0107 podnoszenia sto\u017cka uszczelniaj\u0105cego<\/td>\n<td width=\"479\">100\u00b110 mm\/s<\/td>\n<\/tr>\n<tr>\n<td width=\"269\">Wymiar<\/td>\n<td width=\"479\">410*360*760mm<\/td>\n<\/tr>\n<\/tbody>\n<\/table>\n<h2><strong>Metodologia testu: Jak dzia\u0142a tester pobicia i stopnia beztroski?<\/strong><\/h2>\n<h3><strong>Proces testowy i konfiguracja sprz\u0119tu<\/strong><\/h3>\n<ol>\n<li><strong>Przygotowanie zawiesiny miazgi:<\/strong> Wst\u0119pnie okre\u015blona ilo\u015b\u0107 pulpy jest mieszana z wod\u0105 w celu utworzenia zawiesiny pulpy. Zawiesina powinna by\u0107 jednorodna, aby zapewni\u0107 dok\u0142adne i wiarygodne wyniki podczas test\u00f3w.<\/li>\n<li><strong>Proces filtracji:<\/strong> Zawiesina pulpy jest nast\u0119pnie odwadniana przez mat\u0119 w\u0142\u00f3knist\u0105 uformowan\u0105 na drucianym sicie wewn\u0105trz testera. Szybko\u015b\u0107, z jak\u0105 woda jest filtrowana, jest kontrolowana w celu uchwycenia czasu odwadniania, kt\u00f3ry bezpo\u015brednio odpowiada zachowaniu odwadniania pulpy.<\/li>\n<li><strong>Pomiar roz\u0142adowania:<\/strong> Gdy woda przep\u0142ywa przez sito druciane, zbiera si\u0119 w lejku pod\u0142\u0105czonym do cylindra pomiarowego. Ilo\u015b\u0107 wyp\u0142ywaj\u0105cej wody jest dok\u0142adnie mierzona i rejestrowana w mililitrach, a wyniki s\u0105 nast\u0119pnie przekszta\u0142cane w liczby Schoppera-Rieglera, wskazuj\u0105ce szybko\u015b\u0107 odwadniania miazgi.<\/li>\n<li><strong>Interpretacja wynik\u00f3w:<\/strong> Liczba Schoppera-Rieglera odzwierciedla zdolno\u015b\u0107 odwadniania masy celulozowej, co z kolei pomaga oceni\u0107 poziom obr\u00f3bki mechanicznej, jakiej zosta\u0142a poddana masa celulozowa. Wy\u017csza liczba SR oznacza og\u00f3lnie lepszy drena\u017c, co sugeruje, \u017ce masa celulozowa zosta\u0142a poddana dok\u0142adniejszej obr\u00f3bce. Ma to kluczowe znaczenie dla dostosowania w\u0142a\u015bciwo\u015bci masy celulozowej podczas produkcji.<\/li>\n<\/ol>\n<h2><strong>Normy i zgodno\u015b\u0107 z testami stopnia pobicia i bezczelno\u015bci<\/strong><\/h2>\n<h3><strong><a href=\"https:\/\/www.iso.org\/standard\/20129.html\" target=\"_blank\" rel=\"noopener nofollow\">ISO 5627<\/a>: Mi\u0119dzynarodowy standard testowania masy celulozowej<\/strong><\/h3>\n<p>The <em>Tester bicia i stopnia zielono\u015bci dla masy papierniczej<\/em> jest zgodny z <a href=\"https:\/\/www.qualitester.com\/pl\/kategoria-produktu\/iso\/iso-5627\/\" target=\"_blank\" rel=\"noopener\">ISO 5627<\/a> kt\u00f3ra okre\u015bla metody okre\u015blania bezzapachowo\u015bci masy papierniczej, zapewniaj\u0105c znormalizowane podej\u015bcie do oceny charakterystyki odwadniania masy papierniczej. Ten mi\u0119dzynarodowy standard zapewnia sp\u00f3jno\u015b\u0107 i dok\u0142adno\u015b\u0107 test\u00f3w, umo\u017cliwiaj\u0105c laboratoriom i producentom uzyskiwanie wiarygodnych wynik\u00f3w w produkcji papieru.<\/p>\n<h3><strong>Inne istotne normy<\/strong><\/h3>\n<ul>\n<li><strong>GB\/T 3332:<\/strong> Ten chi\u0144ski standard zawiera podobne wytyczne do ISO 5627 dotycz\u0105ce oceny bezzapachowo\u015bci masy celulozowej i zapewnia zgodno\u015b\u0107 z krajowymi wymogami kontroli jako\u015bci w przemy\u015ble celulozowo-papierniczym.<\/li>\n<li><strong>QB\/T 1054:<\/strong> Norma ta okre\u015bla konkretne metody testowania masy celulozowej w Chinach, co zapewnia sp\u00f3jno\u015b\u0107 oceny jako\u015bci masy celulozowej dla przemys\u0142u papierniczego.<\/li>\n<\/ul>\n<h2><strong>Korzy\u015bci p\u0142yn\u0105ce z zastosowania testera stopnia ubijania i zielono\u015bci dla masy papierniczej<\/strong><\/h2>\n<p>The <em>Tester bicia i stopnia zielono\u015bci dla masy papierniczej<\/em> to wysokowydajne, \u0142atwe w obs\u0142udze urz\u0105dzenie o kilku kluczowych zaletach:<\/p>\n<ul>\n<li><strong>Konstrukcja odporna na korozj\u0119:<\/strong> Wykonany z trwa\u0142ych materia\u0142\u00f3w odpornych na korozj\u0119, zapewnia d\u0142ugotrwa\u0142e dzia\u0142anie w \u015brodowiskach testowych.<\/li>\n<li><strong>Niskie koszty utrzymania:<\/strong> Dzi\u0119ki prostej konstrukcji, tester wymaga minimalnej konserwacji, redukuj\u0105c przestoje i koszty operacyjne.<\/li>\n<li><strong>Konstrukcja ze stali nierdzewnej:<\/strong> Wykonany z wysokiej jako\u015bci stali nierdzewnej tester jest wytrzyma\u0142y i odporny na zu\u017cycie, oferuj\u0105c niezawodne dzia\u0142anie przez d\u0142ugi czas.<\/li>\n<li><strong>Przyjazny dla u\u017cytkownika:<\/strong> Przyrz\u0105d zosta\u0142 zaprojektowany tak, aby by\u0142 intuicyjny i \u0142atwy w obs\u0142udze, umo\u017cliwiaj\u0105c szybk\u0105 konfiguracj\u0119 i dok\u0142adne wyniki test\u00f3w przy minimalnym wymaganym szkoleniu.<\/li>\n<li><strong>Dok\u0142adne wyniki:<\/strong> Zapewnia precyzyjne liczby Schoppera-Rieglera, zapewniaj\u0105c dok\u0142adno\u015b\u0107 i sp\u00f3jno\u015b\u0107 test\u00f3w masy papierniczej, co jest niezb\u0119dne do kontroli jako\u015bci w produkcji papieru.<\/li>\n<\/ul>\n<h2><strong>Rola maszyn do testowania papieru w ocenie masy papierniczej<\/strong><\/h2>\n<h3><strong>Przegl\u0105d maszyn do testowania papieru<\/strong><\/h3>\n<p>Maszyny do testowania papieru, w tym tester stopnia spulchnienia i bezzapachowo\u015bci, odgrywaj\u0105 istotn\u0105 rol\u0119 w przemy\u015ble celulozowo-papierniczym. Maszyny te mierz\u0105 krytyczne w\u0142a\u015bciwo\u015bci masy celulozowej, takie jak szybko\u015b\u0107 odwadniania, wytrzyma\u0142o\u015b\u0107 i charakterystyka w\u0142\u00f3kien, pomagaj\u0105c producentom zapewni\u0107, \u017ce ich masa celulozowa spe\u0142nia standardy jako\u015bci. Urz\u0105dzenie <em>Tester bicia i stopnia bezczelno\u015bci<\/em> koncentruje si\u0119 w szczeg\u00f3lno\u015bci na ocenie zdolno\u015bci odwadniania masy papierniczej, dostarczaj\u0105c cennych danych do optymalizacji proces\u00f3w produkcji papieru.<\/p>\n<h3><strong>Obszary zastosowa\u0144 dla tester\u00f3w pobicia i stopnia Freeness<\/strong><\/h3>\n<ul>\n<li><strong>Produkcja papieru:<\/strong> Tester zapewnia, \u017ce masa celulozowa spe\u0142nia okre\u015blone wymagania dotycz\u0105ce odwadniania i w\u0142a\u015bciwo\u015bci w\u0142\u00f3kien niezb\u0119dne do produkcji wysokiej jako\u015bci produkt\u00f3w papierniczych.<\/li>\n<li><strong>Kontrola jako\u015bci:<\/strong> Jest to niezb\u0119dne narz\u0119dzie dla zespo\u0142\u00f3w zapewnienia jako\u015bci do monitorowania konsystencji pulpy i oceny skuteczno\u015bci obr\u00f3bki mechanicznej stosowanej podczas produkcji.<\/li>\n<li><strong>Badania i rozw\u00f3j:<\/strong> Tester wspiera badania i rozw\u00f3j, oferuj\u0105c wgl\u0105d w to, jak r\u00f3\u017cne procesy mechaniczne wp\u0142ywaj\u0105 na w\u0142a\u015bciwo\u015bci masy celulozowej i drena\u017c.<\/li>\n<\/ul>\n<h3><strong>Najcz\u0119\u015bciej zadawane pytania: Tester bicia i stopnia zielono\u015bci dla masy papierniczej<\/strong><\/h3>\n<ol>\n<li><strong>Co to jest liczba Schoppera-Rieglera i jaki jest jej zwi\u0105zek z jako\u015bci\u0105 masy papierniczej?<\/strong>\n<ul>\n<li>Liczba Schoppera-Rieglera mierzy szybko\u015b\u0107 drena\u017cu masy celulozowej, kt\u00f3ra odzwierciedla powierzchni\u0119 i p\u0119cznienie w\u0142\u00f3kien. Wy\u017csza liczba SR wskazuje na lepsz\u0105 jako\u015b\u0107 masy celulozowej o bardziej efektywnych w\u0142a\u015bciwo\u015bciach drena\u017cowych.<\/li>\n<\/ul>\n<\/li>\n<li><strong>Jak przygotowa\u0107 pr\u00f3bk\u0119 miazgi do testu?<\/strong>\n<ul>\n<li>Wst\u0119pnie okre\u015blona ilo\u015b\u0107 pulpy jest zawieszana w wodzie, zapewniaj\u0105c jednorodno\u015b\u0107 zawiesiny przed testowaniem w celu uzyskania sp\u00f3jnych wynik\u00f3w.<\/li>\n<\/ul>\n<\/li>\n<li><strong>Jakie standardy s\u0105 stosowane w testach Beating i Freeness?<\/strong>\n<ul>\n<li>Podstawow\u0105 norm\u0105 jest ISO 5627, wraz z normami krajowymi, takimi jak GB\/T 3332 i QB\/T 1054, zapewniaj\u0105cymi sp\u00f3jno\u015b\u0107 mi\u0119dzynarodowych i krajowych protoko\u0142\u00f3w kontroli jako\u015bci.<\/li>\n<\/ul>\n<\/li>\n<li><strong>W jaki spos\u00f3b Tester Stopnia Bicia i Freeness pomaga w produkcji papieru?<\/strong>\n<ul>\n<li>Pomaga oceni\u0107 charakterystyk\u0119 odwadniania masy celulozowej, co ma kluczowe znaczenie dla okre\u015blenia jako\u015bci i przetwarzania masy celulozowej do produkcji papieru.<\/li>\n<\/ul>\n<\/li>\n<li><strong>Jaka konserwacja jest wymagana w przypadku testera stopnia pobicia i beztroski?<\/strong>\n<ul>\n<li>Tester wymaga minimalnej konserwacji. Zaleca si\u0119 regularne czyszczenie komory i komponent\u00f3w, aby zapobiec gromadzeniu si\u0119 pozosta\u0142o\u015bci pulpy, zapewniaj\u0105c dok\u0142adne i sp\u00f3jne wyniki.<\/li>\n<\/ul>\n<\/li>\n<\/ol>\n<p>The <em>Tester bicia i stopnia zielono\u015bci dla masy papierniczej<\/em> jest niezb\u0119dnym narz\u0119dziem do oceny jako\u015bci i w\u0142a\u015bciwo\u015bci masy papierniczej podczas produkcji papieru. Dzi\u0119ki dok\u0142adnemu pomiarowi zdolno\u015bci odwadniania masy papierniczej za pomoc\u0105 testu Schoppera-Rieglera, przyrz\u0105d ten pomaga producentom papieru zoptymalizowa\u0107 procesy produkcyjne, zapewni\u0107 sp\u00f3jno\u015b\u0107 produktu i utrzyma\u0107 wysokie standardy kontroli jako\u015bci. Niezale\u017cnie od tego, czy pracujesz w papierni, o\u015brodku badawczym czy laboratorium kontroli jako\u015bci, tester ten zosta\u0142 zaprojektowany w celu zapewnienia wiarygodnych wynik\u00f3w oceny masy papierniczej.<\/p>\n<div class=\"jfk-bubble gtx-bubble\" style=\"visibility: visible; left: 161px; top: 1713px; opacity: 1;\" role=\"alertdialog\" aria-describedby=\"bubble-5\">\n<div id=\"bubble-5\" class=\"jfk-bubble-content-id\">\n<div id=\"gtx-host\" style=\"min-width: 200px; max-width: 400px;\"><\/div>\n<\/div>\n<div class=\"jfk-bubble-closebtn-id jfk-bubble-closebtn\" tabindex=\"0\" role=\"button\" aria-label=\"Zamknij\"><\/div>\n<div class=\"jfk-bubble-arrow-id jfk-bubble-arrow jfk-bubble-arrowdown\" style=\"left: 176.422px;\">\n<div class=\"jfk-bubble-arrowimplbefore\"><\/div>\n<div class=\"jfk-bubble-arrowimplafter\"><\/div>\n<\/div>\n<\/div>","protected":false},"excerpt":{"rendered":"<p>The <em>Tester bicia i stopnia zielono\u015bci dla masy papierniczej<\/em> jest niezb\u0119dnym narz\u0119dziem do oceny jako\u015bci i w\u0142a\u015bciwo\u015bci masy papierniczej podczas produkcji papieru. Dzi\u0119ki dok\u0142adnemu pomiarowi zdolno\u015bci odwadniania masy papierniczej za pomoc\u0105 testu Schoppera-Rieglera, przyrz\u0105d ten pomaga producentom papieru zoptymalizowa\u0107 procesy produkcyjne, zapewni\u0107 sp\u00f3jno\u015b\u0107 produktu i utrzyma\u0107 wysokie standardy kontroli jako\u015bci. Niezale\u017cnie od tego, czy pracujesz w papierni, o\u015brodku badawczym czy laboratorium kontroli jako\u015bci, tester ten zosta\u0142 zaprojektowany w celu zapewnienia wiarygodnych wynik\u00f3w oceny masy papierniczej.<\/p>","protected":false},"featured_media":6164,"comment_status":"closed","ping_status":"closed","template":"","meta":{"site-sidebar-layout":"default","site-content-layout":"default","ast-global-header-display":"","ast-main-header-display":"","ast-hfb-above-header-display":"","ast-hfb-below-header-display":"","ast-hfb-mobile-header-display":"","site-post-title":"","ast-breadcrumbs-content":"","ast-featured-img":"","footer-sml-layout":"","theme-transparent-header-meta":"default","adv-header-id-meta":"","stick-header-meta":"","header-above-stick-meta":"","header-main-stick-meta":"","header-below-stick-meta":""},"product_cat":[845,956,955,1139,1138,959,44,95],"product_tag":[],"class_list":{"0":"post-5240","1":"product","2":"type-product","3":"status-publish","4":"has-post-thumbnail","6":"product_cat-customization","7":"product_cat-cobb-tester","8":"product_cat-crush-tester","9":"product_cat-gb-t-3332","10":"product_cat-iso-5627","11":"product_cat-stiffness-tester","12":"product_cat-paper-and-board-testers","13":"product_cat-products","14":"desktop-align-left","15":"tablet-align-left","16":"mobile-align-left","18":"first","19":"instock","20":"shipping-taxable","21":"product-type-simple"},"_links":{"self":[{"href":"https:\/\/www.qualitester.com\/pl\/wp-json\/wp\/v2\/product\/5240","targetHints":{"allow":["GET"]}}],"collection":[{"href":"https:\/\/www.qualitester.com\/pl\/wp-json\/wp\/v2\/product"}],"about":[{"href":"https:\/\/www.qualitester.com\/pl\/wp-json\/wp\/v2\/types\/product"}],"replies":[{"embeddable":true,"href":"https:\/\/www.qualitester.com\/pl\/wp-json\/wp\/v2\/comments?post=5240"}],"version-history":[{"count":0,"href":"https:\/\/www.qualitester.com\/pl\/wp-json\/wp\/v2\/product\/5240\/revisions"}],"wp:featuredmedia":[{"embeddable":true,"href":"https:\/\/www.qualitester.com\/pl\/wp-json\/wp\/v2\/media\/6164"}],"wp:attachment":[{"href":"https:\/\/www.qualitester.com\/pl\/wp-json\/wp\/v2\/media?parent=5240"}],"wp:term":[{"taxonomy":"product_cat","embeddable":true,"href":"https:\/\/www.qualitester.com\/pl\/wp-json\/wp\/v2\/product_cat?post=5240"},{"taxonomy":"product_tag","embeddable":true,"href":"https:\/\/www.qualitester.com\/pl\/wp-json\/wp\/v2\/product_tag?post=5240"}],"curies":[{"name":"wp","href":"https:\/\/api.w.org\/{rel}","templated":true}]}}