{"id":5197,"date":"2024-11-05T11:16:04","date_gmt":"2024-11-05T03:16:04","guid":{"rendered":"https:\/\/www.qualitester.com\/?post_type=product&#038;p=5197"},"modified":"2024-12-05T14:15:40","modified_gmt":"2024-12-05T06:15:40","slug":"sale-container-top-load-testing-machine-astm-d2659","status":"publish","type":"product","link":"https:\/\/www.qualitester.com\/pl\/produkt-2\/sale-container-top-load-testing-machine-astm-d2659\/","title":{"rendered":"Tester g\u00f3rnego obci\u0105\u017cenia TLT-01"},"content":{"rendered":"<p><strong>Maszyna do testowania g\u00f3rnego obci\u0105\u017cenia kontenera<\/strong> to zaawansowane rozwi\u0105zanie zaprojektowane do oceny integralno\u015bci strukturalnej i wytrzyma\u0142o\u015bci na \u015bciskanie r\u00f3\u017cnych pojemnik\u00f3w opakowaniowych. Dzi\u0119ki dok\u0142adnemu pomiarowi no\u015bno\u015bci pojemnik\u00f3w, takich jak butelki, s\u0142oiki, kartony i pude\u0142ka, urz\u0105dzenie to pomaga producentom zapewni\u0107, \u017ce ich produkty wytrzymaj\u0105 obci\u0105\u017cenia zwi\u0105zane z uk\u0142adaniem w stosy, wysy\u0142k\u0105 i przechowywaniem bez deformacji lub zapadania si\u0119. Dzi\u0119ki tej maszynie Cell Instruments oferuje najwy\u017cszej klasy rozwi\u0105zanie dla bran\u017c takich jak spo\u017cywcza, farmaceutyczna i d\u00f3br konsumpcyjnych, gdzie trwa\u0142o\u015b\u0107 opakowania ma kluczowe znaczenie dla bezpiecze\u0144stwa i jako\u015bci produktu.<\/p>\n<h2><strong>Znaczenie test\u00f3w g\u00f3rnego obci\u0105\u017cenia w opakowaniach<\/strong><\/h2>\n<p>W nowoczesnych opakowaniach zapewnienie wytrzyma\u0142o\u015bci i niezawodno\u015bci pojemnik\u00f3w ma kluczowe znaczenie. Testy pod obci\u0105\u017ceniem g\u00f3rnym weryfikuj\u0105, czy pojemniki mog\u0105 wytrzyma\u0107 si\u0142y \u015bciskaj\u0105ce wyst\u0119puj\u0105ce podczas uk\u0142adania w stosy i transportu, chroni\u0105c znajduj\u0105cy si\u0119 w nich produkt i zapobiegaj\u0105c kosztownym uszkodzeniom, zwrotom i wymianom. Ponadto testy te pomagaj\u0105 producentom w optymalizacji projektu opakowania i wykorzystania materia\u0142\u00f3w, promuj\u0105c op\u0142acalno\u015b\u0107 i zr\u00f3wnowa\u017cony rozw\u00f3j przy jednoczesnym zachowaniu jako\u015bci i reputacji marki.<\/p>\n<h2><strong>Norma ASTM D2659<\/strong><\/h2>\n<p><strong>ASTM D2659<\/strong> jest kluczowym standardem oceny wytrzyma\u0142o\u015bci na \u015bciskanie sztywnych pojemnik\u00f3w z tworzyw sztucznych. Zapewnia znormalizowane metody oceny, jak dobrze te pojemniki wytrzymuj\u0105 obci\u0105\u017cenia odg\u00f3rne, co jest istotn\u0105 miar\u0105 zapewniaj\u0105c\u0105 integralno\u015b\u0107 strukturaln\u0105 i wydajno\u015b\u0107.<\/p>\n<ul>\n<li><strong>ASTM D2659 Metody testowania:<\/strong> Zgodnie z wytycznymi ASTM D2659, test obci\u0105\u017cenia g\u00f3rnego polega na przy\u0142o\u017ceniu kontrolowanej si\u0142y \u015bciskaj\u0105cej do g\u00f3rnej cz\u0119\u015bci pojemnika, zwi\u0119kszaj\u0105c j\u0105 stopniowo a\u017c do wyst\u0105pienia deformacji lub uszkodzenia. Metoda ta zapewnia krytyczne dane dotycz\u0105ce maksymalnej tolerancji obci\u0105\u017cenia, pomagaj\u0105c zapewni\u0107, \u017ce pojemniki spe\u0142niaj\u0105 bran\u017cowe standardy bezpiecze\u0144stwa i wydajno\u015bci.<\/li>\n<li><strong>Korzy\u015bci w zakresie zgodno\u015bci:<\/strong> Zgodno\u015b\u0107 z norm\u0105 ASTM D2659 zwi\u0119ksza niezawodno\u015b\u0107 i zgodno\u015b\u0107 z przepisami, daj\u0105c producentom i konsumentom pewno\u015b\u0107 co do trwa\u0142o\u015bci opakowania.<\/li>\n<\/ul>\n<h2><strong>Kluczowe cechy techniczne maszyny do testowania g\u00f3rnego obci\u0105\u017cenia kontenera<\/strong><\/h2>\n<p>Zaprojektowana z my\u015bl\u0105 o dok\u0142adno\u015bci, wygodzie i mo\u017cliwo\u015bciach adaptacji, maszyna do testowania obci\u0105\u017cenia od g\u00f3ry kontenera jest wyposa\u017cona w zaawansowane funkcje spe\u0142niaj\u0105ce r\u00f3\u017cnorodne wymagania testowe.<\/p>\n<ul>\n<li><strong>Zaawansowane sterowanie i wy\u015bwietlanie:<\/strong>\n<ul>\n<li>Maszyna wyposa\u017cona jest w 7-calowy ekran dotykowy HMI zapewniaj\u0105cy p\u0142ynn\u0105 interakcj\u0119 z u\u017cytkownikiem i \u0142atwo\u015b\u0107 obs\u0142ugi.<\/li>\n<li>Urz\u0105dzenie dzia\u0142a w oparciu o system sterowania PLC, kt\u00f3ry zapewnia stabilno\u015b\u0107 i wydajno\u015b\u0107 na poziomie przemys\u0142owym.<\/li>\n<\/ul>\n<\/li>\n<li><strong>Precyzja i elastyczno\u015b\u0107:<\/strong>\n<ul>\n<li>Dzi\u0119ki precyzyjnej \u015brubie poci\u0105gowej z kulk\u0105 maszyna zapewnia dok\u0142adn\u0105 kontrol\u0119 nad pr\u0119dko\u015bci\u0105 i przemieszczeniem, zapewniaj\u0105c niezawodne i powtarzalne wyniki.<\/li>\n<li>Regulowana pr\u0119dko\u015b\u0107 testu pozwala u\u017cytkownikom dostosowa\u0107 warunki testowania do konkretnych materia\u0142\u00f3w i standard\u00f3w.<\/li>\n<li>Wiele kompatybilnych kszta\u0142t\u00f3w i rozmiar\u00f3w p\u0142yt dociskowych zapewnia elastyczno\u015b\u0107 w przypadku r\u00f3\u017cnych typ\u00f3w i wymiar\u00f3w pojemnik\u00f3w.<\/li>\n<\/ul>\n<\/li>\n<li><strong>Funkcje bezpiecze\u0144stwa i wygody:<\/strong>\n<ul>\n<li>Wbudowane zabezpieczenie przed przeci\u0105\u017ceniem i funkcje automatycznego powrotu zapewniaj\u0105 bezpiecze\u0144stwo pracy i \u0142atwo\u015b\u0107 u\u017cytkowania.<\/li>\n<li>Opcjonalna mikrodrukarka i port wyj\u015bciowy danych RS232 umo\u017cliwiaj\u0105 wydajne rejestrowanie i raportowanie danych, a profesjonalne oprogramowanie umo\u017cliwia kompleksow\u0105 analiz\u0119 danych.<\/li>\n<\/ul>\n<\/li>\n<\/ul>\n<h2><strong>Unikalne programy testowe do kompleksowej analizy<\/strong><\/h2>\n<p>Maszyna do testowania g\u00f3rnego obci\u0105\u017cenia kontenera jest wyposa\u017cona w specjalistyczne programy testowe, z kt\u00f3rych ka\u017cdy zosta\u0142 zaprojektowany z my\u015bl\u0105 o r\u00f3\u017cnych wymaganiach analitycznych:<\/p>\n<ul>\n<li><strong>Test obci\u0105\u017cenia szczytowego:<\/strong> Mierzy maksymaln\u0105 si\u0142\u0119 \u015bciskaj\u0105c\u0105, jak\u0105 mo\u017ce wytrzyma\u0107 pojemnik.<\/li>\n<li><strong>Testowanie obci\u0105\u017cenia o sta\u0142ym odkszta\u0142ceniu:<\/strong> Ocenia no\u015bno\u015b\u0107, gdy pojemnik osi\u0105gnie okre\u015blony poziom odkszta\u0142cenia.<\/li>\n<li><strong>Test sta\u0142ego obci\u0105\u017cenia:<\/strong> Mierzy stopie\u0144 odkszta\u0142cenia pojemnika pod sta\u0142ym obci\u0105\u017ceniem.<\/li>\n<li><strong>Pojedyncze i cykliczne testy \u015bciskania:<\/strong> Umo\u017cliwia pojedyncz\u0105 analiz\u0119 \u015bciskania lub powtarzane cykle \u015bciskania w celu dog\u0142\u0119bnego testowania spr\u0119\u017cysto\u015bci strukturalnej.<\/li>\n<\/ul>\n<h2><strong>Specyfikacja techniczna<\/strong><\/h2>\n<table>\n<tbody>\n<tr>\n<td width=\"248\">Zakres testu<\/td>\n<td width=\"374\">0-1000N (lub zgodnie z wymaganiami)<\/td>\n<\/tr>\n<tr>\n<td width=\"248\">Wysoko\u015b\u0107 pr\u00f3bki<\/td>\n<td width=\"374\">700 mm<\/td>\n<\/tr>\n<tr>\n<td width=\"248\">\u015arednica pr\u00f3bki<\/td>\n<td width=\"374\">120 mm maks.<\/td>\n<\/tr>\n<tr>\n<td width=\"248\">Pr\u0119dko\u015b\u0107 testu<\/td>\n<td width=\"374\">1~500 mm\/min<\/td>\n<\/tr>\n<tr>\n<td width=\"248\">Dok\u0142adno\u015b\u0107 przemieszczenia<\/td>\n<td width=\"374\">0,01 mm<\/td>\n<\/tr>\n<tr>\n<td width=\"248\">Dok\u0142adno\u015b\u0107 si\u0142y<\/td>\n<td width=\"374\">0.5% Pe\u0142na skala<\/td>\n<\/tr>\n<tr>\n<td width=\"248\">Kontrola<\/td>\n<td width=\"374\">Ekran PLC i HMI<\/td>\n<\/tr>\n<tr>\n<td width=\"248\">Wyj\u015bcie danych<\/td>\n<td width=\"374\">ekran, mikrodrukarka (opcjonalnie), RS232 (opcjonalnie)<\/td>\n<\/tr>\n<tr>\n<td width=\"248\">Moc<\/td>\n<td width=\"374\">110~ 220V, 50\/60Hz<\/td>\n<\/tr>\n<\/tbody>\n<\/table>\n<h2><strong>Zgodno\u015b\u0107 z dodatkowymi standardami<\/strong><\/h2>\n<p>Opr\u00f3cz normy ASTM D2659, maszyna do testowania obci\u0105\u017ce\u0144 g\u00f3rnych kontener\u00f3w obs\u0142uguje testy zgodne z kilkoma innymi normami, aby spe\u0142ni\u0107 r\u00f3\u017cnorodne potrzeby bran\u017cowe:<\/p>\n<ul>\n<li><strong><a href=\"https:\/\/www.astm.org\/d4577-19.html\" target=\"_blank\" rel=\"noopener nofollow\">ASTM D4577<\/a>:<\/strong> Wytyczne dotycz\u0105ce oceny wytrzyma\u0142o\u015bci na \u015bciskanie pojemnik\u00f3w opakowaniowych.<\/li>\n<li><strong><a href=\"https:\/\/www.astm.org\/d0642-20.html\" target=\"_blank\" rel=\"noopener nofollow\">ASTM D642<\/a>:<\/strong> Metody oceny odporno\u015bci materia\u0142\u00f3w opakowaniowych na \u015bciskanie.<\/li>\n<li><strong><a href=\"https:\/\/www.iso.org\/standard\/35617.html\" target=\"_blank\" rel=\"noopener nofollow\">ISO 8113<\/a>:<\/strong> Okre\u015bla test wytrzyma\u0142o\u015bci na \u015bciskanie przy obci\u0105\u017ceniu g\u00f3rnym dla kontener\u00f3w sztywnych.<\/li>\n<li><strong><a href=\"https:\/\/www.astm.org\/d4169-22.html\" target=\"_blank\" rel=\"noopener nofollow\">ASTM D4169<\/a>:<\/strong> Zapewnia procedury testowania wydajno\u015bci kontener\u00f3w transportowych i system\u00f3w pakowania.<\/li>\n<\/ul>\n<h2><strong>Cz\u0119sto zadawane pytania (FAQ)<\/strong><\/h2>\n<ol>\n<li><strong>Jakie rodzaje pojemnik\u00f3w mo\u017cna testowa\u0107 za pomoc\u0105 tego urz\u0105dzenia?<\/strong><br \/>\nMaszyna mo\u017ce testowa\u0107 r\u00f3\u017cne pojemniki, takie jak butelki, s\u0142oiki, kartony i pude\u0142ka wykonane z tworzywa sztucznego, szk\u0142a lub innych sztywnych materia\u0142\u00f3w, o \u015brednicy do 120 mm i wysoko\u015bci do 700 mm.<\/li>\n<li><strong>W jaki spos\u00f3b to urz\u0105dzenie zapewnia zgodno\u015b\u0107 z norm\u0105 ASTM D2659?<\/strong><br \/>\nMaszyna zosta\u0142a zaprojektowana zgodnie z metodami testowania ASTM D2659, stosuj\u0105c kontrolowane, przyrostowe si\u0142y \u015bciskaj\u0105ce i rejestruj\u0105c maksymaln\u0105 no\u015bno\u015b\u0107 i odkszta\u0142cenie, zapewniaj\u0105c dok\u0142adno\u015b\u0107 w spe\u0142nianiu normy.<\/li>\n<li><strong>Czy mo\u017cna dostosowa\u0107 parametry testowania?<\/strong><br \/>\nTak, parametry testowania, w tym pr\u0119dko\u015b\u0107 testowania i wysoko\u015b\u0107 pr\u00f3bki, mo\u017cna dostosowa\u0107 do r\u00f3\u017cnych rozmiar\u00f3w pojemnik\u00f3w i wymaga\u0144 testowych.<\/li>\n<li><strong>Czy mo\u017cliwa jest integracja tego urz\u0105dzenia z oprogramowaniem do zarz\u0105dzania danymi?<\/strong><br \/>\nTak, urz\u0105dzenie oferuje port danych RS232 do bezproblemowej integracji z systemami oprogramowania, zwi\u0119kszaj\u0105c mo\u017cliwo\u015bci rejestracji i analizy danych.<\/li>\n<li><strong>Jak cz\u0119sto nale\u017cy kalibrowa\u0107 urz\u0105dzenie?<\/strong><br \/>\nZaleca si\u0119 regularn\u0105 kalibracj\u0119 w zale\u017cno\u015bci od cz\u0119stotliwo\u015bci u\u017cytkowania, zazwyczaj raz w roku, w celu utrzymania optymalnej dok\u0142adno\u015bci i zgodno\u015bci.<\/li>\n<\/ol>\n<p>Cell Instruments <strong>Maszyna do testowania g\u00f3rnego obci\u0105\u017cenia kontenera<\/strong> zosta\u0142 zaprojektowany tak, aby zapewni\u0107 precyzj\u0119, niezawodno\u015b\u0107 i elastyczno\u015b\u0107 w celu spe\u0142nienia szerokiego zakresu potrzeb testowych. Dzi\u0119ki opcjom dostosowywania, \u0142atwo dostosowuje si\u0119 do unikalnych wymaga\u0144 klienta, w tym specjalnych potrzeb testowych i transformacji automatyzacji. U\u017cytkownicy korzystaj\u0105 z porad ekspert\u00f3w w zakresie konfiguracji, zgodno\u015bci z normami ASTM i interpretacji danych, zapewniaj\u0105c skuteczn\u0105 integracj\u0119 z procesami zapewniania jako\u015bci.<\/p>","protected":false},"excerpt":{"rendered":"<p><strong>Maszyna do testowania g\u00f3rnego obci\u0105\u017cenia kontenera<\/strong> to zaawansowane rozwi\u0105zanie zaprojektowane do oceny integralno\u015bci strukturalnej i wytrzyma\u0142o\u015bci na \u015bciskanie r\u00f3\u017cnych pojemnik\u00f3w opakowaniowych. Dzi\u0119ki dok\u0142adnemu pomiarowi no\u015bno\u015bci pojemnik\u00f3w, takich jak butelki, s\u0142oiki, kartony i pude\u0142ka, urz\u0105dzenie to pomaga producentom zapewni\u0107, \u017ce ich produkty wytrzymaj\u0105 obci\u0105\u017cenia zwi\u0105zane z uk\u0142adaniem w stosy, wysy\u0142k\u0105 i przechowywaniem bez deformacji lub zapadania si\u0119. Dzi\u0119ki tej maszynie Cell Instruments oferuje najwy\u017cszej klasy rozwi\u0105zanie dla bran\u017c takich jak spo\u017cywcza, farmaceutyczna i d\u00f3br konsumpcyjnych, gdzie trwa\u0142o\u015b\u0107 opakowania ma kluczowe znaczenie dla bezpiecze\u0144stwa i jako\u015bci produktu.<\/p>","protected":false},"featured_media":6248,"comment_status":"closed","ping_status":"closed","template":"","meta":{"site-sidebar-layout":"default","site-content-layout":"default","ast-global-header-display":"","ast-main-header-display":"","ast-hfb-above-header-display":"","ast-hfb-below-header-display":"","ast-hfb-mobile-header-display":"","site-post-title":"","ast-breadcrumbs-content":"","ast-featured-img":"","footer-sml-layout":"","theme-transparent-header-meta":"default","adv-header-id-meta":"","stick-header-meta":"","header-above-stick-meta":"","header-main-stick-meta":"","header-below-stick-meta":""},"product_cat":[845,1071,1069,1072,1068,1073,1113,95],"product_tag":[],"class_list":{"0":"post-5197","1":"product","2":"type-product","3":"status-publish","4":"has-post-thumbnail","6":"product_cat-customization","7":"product_cat-astm-d2659","8":"product_cat-astm-d4169","9":"product_cat-astm-d4577","10":"product_cat-astm-d642","11":"product_cat-iso-8113","12":"product_cat-top-load-tester","13":"product_cat-products","14":"desktop-align-left","15":"tablet-align-left","16":"mobile-align-left","18":"first","19":"instock","20":"shipping-taxable","21":"product-type-simple"},"_links":{"self":[{"href":"https:\/\/www.qualitester.com\/pl\/wp-json\/wp\/v2\/product\/5197","targetHints":{"allow":["GET"]}}],"collection":[{"href":"https:\/\/www.qualitester.com\/pl\/wp-json\/wp\/v2\/product"}],"about":[{"href":"https:\/\/www.qualitester.com\/pl\/wp-json\/wp\/v2\/types\/product"}],"replies":[{"embeddable":true,"href":"https:\/\/www.qualitester.com\/pl\/wp-json\/wp\/v2\/comments?post=5197"}],"version-history":[{"count":0,"href":"https:\/\/www.qualitester.com\/pl\/wp-json\/wp\/v2\/product\/5197\/revisions"}],"wp:featuredmedia":[{"embeddable":true,"href":"https:\/\/www.qualitester.com\/pl\/wp-json\/wp\/v2\/media\/6248"}],"wp:attachment":[{"href":"https:\/\/www.qualitester.com\/pl\/wp-json\/wp\/v2\/media?parent=5197"}],"wp:term":[{"taxonomy":"product_cat","embeddable":true,"href":"https:\/\/www.qualitester.com\/pl\/wp-json\/wp\/v2\/product_cat?post=5197"},{"taxonomy":"product_tag","embeddable":true,"href":"https:\/\/www.qualitester.com\/pl\/wp-json\/wp\/v2\/product_tag?post=5197"}],"curies":[{"name":"wp","href":"https:\/\/api.w.org\/{rel}","templated":true}]}}