{"id":5178,"date":"2024-11-01T14:35:21","date_gmt":"2024-11-01T06:35:21","guid":{"rendered":"https:\/\/www.qualitester.com\/?post_type=product&#038;p=5178"},"modified":"2024-12-05T14:40:28","modified_gmt":"2024-12-05T06:40:28","slug":"cof-s1-mop-push-force-tester","status":"publish","type":"product","link":"https:\/\/www.qualitester.com\/pl\/produkt-2\/cof-s1-mop-push-force-tester\/","title":{"rendered":"Tester wsp\u00f3\u0142czynnika tarcia COF-S1 Mop"},"content":{"rendered":"<h2>Wprowadzenie<\/h2>\n<p>Tester si\u0142y nacisku mopa jest niezb\u0119dnym narz\u0119dziem dla producent\u00f3w \u015brodk\u00f3w czyszcz\u0105cych, zaprojektowanym specjalnie do oceny si\u0142y nacisku i charakterystyki tarcia r\u00f3\u017cnych materia\u0142\u00f3w, z kt\u00f3rych wykonane s\u0105 mopy. Oceniaj\u0105c te parametry, tester zapewnia, \u017ce mopy zachowuj\u0105 swoj\u0105 wydajno\u015b\u0107 i trwa\u0142o\u015b\u0107 w czasie, dzi\u0119ki czemu s\u0105 skuteczne w zastosowaniach zwi\u0105zanych z czyszczeniem w domach, biurach i przemy\u015ble. W niniejszym opisie produktu om\u00f3wiono znaczenie testu si\u0142y nacisku mopa, zastosowane metody i korzy\u015bci, jakie zapewnia on producentom.<\/p>\n<h2>Kontekst<\/h2>\n<h3>Znaczenie test\u00f3w jako\u015bci mop\u00f3w<\/h3>\n<p>Bior\u0105c pod uwag\u0119 r\u00f3\u017cnorodno\u015b\u0107 zastosowa\u0144 materia\u0142\u00f3w, z kt\u00f3rych wykonane s\u0105 mopy, rygorystyczne testy jako\u015bci maj\u0105 kluczowe znaczenie. Mopy s\u0105 cz\u0119sto u\u017cywane do czyszczenia powierzchni kuchennych, okien i mebli, co wymaga wysokiej ch\u0142onno\u015bci i trwa\u0142o\u015bci. Testy jako\u015bci pomagaj\u0105 zapewni\u0107, \u017ce mopy zachowuj\u0105 swoj\u0105 skuteczno\u015b\u0107, zapewniaj\u0105c niezawodne rozwi\u0105zania czyszcz\u0105ce w r\u00f3\u017cnych \u015brodowiskach.<\/p>\n<h3>Czynniki wp\u0142ywaj\u0105ce na wydajno\u015b\u0107 mopa<\/h3>\n<p>Kluczowe czynniki wp\u0142ywaj\u0105ce na wydajno\u015b\u0107 mopa obejmuj\u0105 tarcie, ch\u0142onno\u015b\u0107 i og\u00f3ln\u0105 trwa\u0142o\u015b\u0107. Dobrze zaprojektowany mop powinien r\u00f3wnowa\u017cy\u0107 te cechy, aby zoptymalizowa\u0107 wydajno\u015b\u0107 czyszczenia. Nadmierne tarcie mo\u017ce prowadzi\u0107 do zwi\u0119kszonej pracoch\u0142onno\u015bci, podczas gdy niewystarczaj\u0105ce tarcie mo\u017ce ogranicza\u0107 skuteczno\u015b\u0107 czyszczenia.<\/p>\n<h3>Korzy\u015bci z testowania si\u0142y nacisku mopa<\/h3>\n<p>Wykorzystuj\u0105c test si\u0142y nacisku mopa, producenci mog\u0105 poprawi\u0107 wydajno\u015b\u0107 swoich produkt\u00f3w, zapewniaj\u0105c komfort u\u017cytkownika i skuteczno\u015b\u0107 czyszczenia. Test identyfikuje potencjalne problemy na wczesnym etapie procesu projektowania, umo\u017cliwiaj\u0105c dostosowanie, kt\u00f3re utrzymuje niezawodno\u015b\u0107 i funkcjonalno\u015b\u0107 mop\u00f3w.<\/p>\n<h2>Zastosowanie testera si\u0142y nacisku mopa<\/h2>\n<h3>Podstawowe zastosowania<\/h3>\n<p>Tester si\u0142y nacisku mopa jest specjalnie dostosowany do testowania r\u00f3\u017cnych materia\u0142\u00f3w czyszcz\u0105cych, w tym nak\u0142adek na mopy z mikrofibry i mop\u00f3w g\u0105bkowych z blokami piankowymi wykonanymi z celulozy, gumy lub tworzywa sztucznego. Zrozumienie charakterystyki tarcia tych materia\u0142\u00f3w ma kluczowe znaczenie dla optymalizacji ich wydajno\u015bci.<\/p>\n<h3>Wp\u0142yw tarcia na wydajno\u015b\u0107 czyszczenia<\/h3>\n<p>Wsp\u00f3\u0142czynnik tarcia (COF) odgrywa kluczow\u0105 rol\u0119 w okre\u015blaniu, jak skutecznie mop mo\u017ce czy\u015bci\u0107 powierzchnie. Nadmierne tarcie mo\u017ce sprawi\u0107, \u017ce proces mopowania b\u0119dzie pracoch\u0142onny, podczas gdy zbyt ma\u0142e tarcie mo\u017ce zmniejszy\u0107 wydajno\u015b\u0107 czyszczenia. Dlatego te\u017c znalezienie zr\u00f3wnowa\u017conego wsp\u00f3\u0142czynnika jest niezb\u0119dne dla uzyskania optymalnej wydajno\u015bci.<\/p>\n<h3>Bran\u017ce korzystaj\u0105ce z test\u00f3w si\u0142y nacisku<\/h3>\n<p>Kilka bran\u017c mo\u017ce skorzysta\u0107 z informacji dostarczanych przez tester si\u0142y nacisku mopa, w tym us\u0142ugi sprz\u0105tania, komercyjne firmy sprz\u0105taj\u0105ce i producenci \u015brodk\u00f3w czyszcz\u0105cych. Sektory te polegaj\u0105 na wysokiej jako\u015bci mopach do skutecznych rozwi\u0105za\u0144 czyszcz\u0105cych, co sprawia, \u017ce niezawodne testy s\u0105 niezb\u0119dne.<\/p>\n<h2>Kluczowe koncepcje testowania<\/h2>\n<h3>Test tarcia mopa<\/h3>\n<p>Test tarcia mopa jest kluczowym elementem urz\u0105dzenia Mop Push Force Tester, kt\u00f3ry ocenia wsp\u00f3\u0142czynnik tarcia (COF) materia\u0142\u00f3w, z kt\u00f3rych wykonany jest mop. Podczas test\u00f3w mierzone s\u0105 dwa rodzaje COF:<\/p>\n<ul>\n<li><strong>Statyczny COF (\u00b5s):<\/strong> Jest to si\u0142a wymagana do zainicjowania ruchu mi\u0119dzy dwiema powierzchniami.<\/li>\n<li><strong>Kinetyczny wsp\u00f3\u0142czynnik COF (\u00b5d):<\/strong> Wskazuje si\u0142\u0119 wymagan\u0105 do utrzymania ruchu, gdy mop jest w ruchu.<\/li>\n<\/ul>\n<h3>Formu\u0142a i pomiary<\/h3>\n<p>Wsp\u00f3\u0142czynnik tarcia oblicza si\u0119 za pomoc\u0105 wzoru: <span class=\"katex\"><span class=\"katex-mathml\">COF=Si\u0142a przesuwaj\u0105ca jedn\u0105 powierzchni\u0119 po drugiej Si\u0142a prostopad\u0142a do powierzchni\\text{COF} = \\frac{\\text{Si\u0142a przesuwaj\u0105ca jedn\u0105 powierzchni\u0119 po drugiej}}{\\text{Si\u0142a prostopad\u0142a do powierzchni}}<\/span><span class=\"katex-html\" aria-hidden=\"true\"><span class=\"base\"><span class=\"mord text\"><span class=\"mord\">COF<\/span><\/span><span class=\"mrel\">=<\/span><\/span><span class=\"base\"><span class=\"mord\"><span class=\"mfrac\"><span class=\"vlist-t vlist-t2\"><span class=\"vlist-r\"><span class=\"vlist\"><span class=\"sizing reset-size6 size3 mtight\"><span class=\"mord mtight\"><span class=\"mord text mtight\">Si\u0142a prostopad\u0142a do powierzchni<\/span><\/span><\/span><span class=\"sizing reset-size6 size3 mtight\"><span class=\"mord mtight\"><span class=\"mord text mtight\">Si\u0142a przesuwaj\u0105ca jedn\u0105 powierzchni\u0119 po drugiej<\/span><\/span><\/span><\/span><span class=\"vlist-s\">\u200b<\/span><\/span><\/span><\/span><\/span><\/span><\/span><\/span> Ten pomiar ilo\u015bciowy jest niezb\u0119dny do oceny wydajno\u015bci mopa.<\/p>\n<h2>Metodologia testu si\u0142y nacisku mopa<\/h2>\n<h3>Przygotowanie i umieszczenie pr\u00f3bki<\/h3>\n<p>Aby rozpocz\u0105\u0107 test, pr\u00f3bka \u015bciereczki do mopa jest bezpiecznie przymocowana do aluminiowej lub plastikowej ramy. Zesp\u00f3\u0142 ten jest nast\u0119pnie umieszczany pod okre\u015blonym ci\u0119\u017carem w celu przygotowania do testu.<\/p>\n<h3>Proces testowania<\/h3>\n<p>Test polega na ci\u0105gni\u0119ciu pr\u00f3bki i jej ramy z pr\u0119dko\u015bci\u0105 500 mm\/min na dystansie 500 mm. Rejestrowane s\u0105 zar\u00f3wno statyczne, jak i kinetyczne wsp\u00f3\u0142czynniki tarcia, dostarczaj\u0105c cennych danych na temat w\u0142a\u015bciwo\u015bci u\u017cytkowych materia\u0142u.<\/p>\n<h3>Warunki i ustawienia testowania<\/h3>\n<p>Mop Push Force Tester oferuje regulowane warunki testowania, umo\u017cliwiaj\u0105c producentom dostosowanie pr\u0119dko\u015bci i ci\u0119\u017caru stosowanego podczas test\u00f3w, zapewniaj\u0105c dok\u0142adne wyniki dostosowane do konkretnych wymaga\u0144 materia\u0142owych.<\/p>\n<h2>Kluczowe cechy techniczne<\/h2>\n<h3>Precyzja i kontrola<\/h3>\n<p>Mop Push Force Tester jest wyposa\u017cony w system sterowania PLC i ekran HMI do intuicyjnej obs\u0142ugi, umo\u017cliwiaj\u0105cy precyzyjn\u0105 kontrol\u0119 r\u00f3\u017cnych parametr\u00f3w testowych.<\/p>\n<h3>Regulowane parametry testowania<\/h3>\n<p>Kluczowe parametry mo\u017cna dostosowa\u0107 do konkretnych potrzeb materia\u0142\u00f3w, z kt\u00f3rych wykonany jest mop:<\/p>\n<ul>\n<li><strong>Zakres pr\u0119dko\u015bci:<\/strong> 1-1000 mm\/min (z dok\u0142adno\u015bci\u0105 0,1 mm\/min)<\/li>\n<li><strong>Zakres si\u0142y:<\/strong> Do 100N<\/li>\n<li><strong>Wymiary sanek:<\/strong> 100 x 100 mm<\/li>\n<li><strong>Masa sanek i pr\u00f3bki:<\/strong> Waga sanek 225 g \u00b1 1 g, a ca\u0142kowita waga pr\u00f3bki 520 g \u00b1 1 g.<\/li>\n<\/ul>\n<h3>Dok\u0142adno\u015b\u0107 danych<\/h3>\n<p>Czujnik o wysokiej rozdzielczo\u015bci (0,5%FS) gwarantuje wiarygodne wyniki test\u00f3w i powtarzalno\u015b\u0107, umo\u017cliwiaj\u0105c producentom osi\u0105gni\u0119cie sta\u0142ej kontroli jako\u015bci.<\/p>\n<h3>Funkcje specyficzne dla aplikacji<\/h3>\n<p>Tester si\u0142y nacisku mopa obs\u0142uguje r\u00f3wnie\u017c wiele tryb\u00f3w testowych (do 5 grup), u\u0142atwiaj\u0105c kompleksow\u0105 analiz\u0119 r\u00f3\u017cnych materia\u0142\u00f3w, z kt\u00f3rych wykonane s\u0105 mopy.<\/p>\n<h2>Zalety korzystania z testera si\u0142y nacisku mopa<\/h2>\n<h3>Ulepszona kontrola jako\u015bci<\/h3>\n<p>Zapewniaj\u0105c precyzyjne pomiary si\u0142y nacisku i tarcia, tester si\u0142y nacisku mopa zapewnia trwa\u0142o\u015b\u0107 produktu i komfort u\u017cytkownika. Testy te pozwalaj\u0105 producentom zidentyfikowa\u0107 potencjalne problemy, zanim produkty trafi\u0105 na rynek.<\/p>\n<h3>Wsparcie rozwoju produktu<\/h3>\n<p>Konfigurowalne ustawienia testera pomagaj\u0105 producentom w opracowywaniu nowych materia\u0142\u00f3w i konstrukcji mop\u00f3w, pomagaj\u0105c zwi\u0119kszy\u0107 wydajno\u015b\u0107 czyszczenia i zadowolenie u\u017cytkownik\u00f3w.<\/p>\n<h3>Ulepszenia oparte na danych<\/h3>\n<p>Dzi\u0119ki szczeg\u00f3\u0142owym danym ilo\u015bciowym z test\u00f3w, producenci mog\u0105 udoskonali\u0107 swoje projekty produkt\u00f3w, zapewniaj\u0105c, \u017ce spe\u0142niaj\u0105 one lub przekraczaj\u0105 standardy bran\u017cowe w zakresie jako\u015bci i wydajno\u015bci.<\/p>\n<h3>Najcz\u0119\u015bciej zadawane pytania<\/h3>\n<p><strong>Q1:<\/strong> Co to jest tester si\u0142y nacisku mopa?<br \/>\n<strong>A1:<\/strong> Tester si\u0142y nacisku mopa to przyrz\u0105d s\u0142u\u017c\u0105cy do oceny si\u0142y nacisku i charakterystyki tarcia materia\u0142\u00f3w, z kt\u00f3rych wykonane s\u0105 mopy, zapewniaj\u0105c ich skuteczno\u015b\u0107 i trwa\u0142o\u015b\u0107.<\/p>\n<p><strong>Q2:<\/strong> Jak wsp\u00f3\u0142czynnik tarcia wp\u0142ywa na wydajno\u015b\u0107 mopa?<br \/>\n<strong>A2:<\/strong> Wsp\u00f3\u0142czynnik tarcia wp\u0142ywa na to, jak \u0142atwo mop mo\u017ce porusza\u0107 si\u0119 po powierzchni; nadmierne tarcie utrudnia czyszczenie, podczas gdy zbyt ma\u0142e mo\u017ce zmniejszy\u0107 skuteczno\u015b\u0107.<\/p>\n<p><strong>Q3:<\/strong> Jakie materia\u0142y mo\u017cna testowa\u0107 za pomoc\u0105 testera si\u0142y nacisku mopa?<br \/>\n<strong>A3:<\/strong> Tester jest przeznaczony do testowania r\u00f3\u017cnych materia\u0142\u00f3w mop\u00f3w, w tym nak\u0142adek z mikrofibry i mop\u00f3w g\u0105bkowych z blokami piankowymi wykonanymi z celulozy, gumy lub tworzywa sztucznego.<\/p>\n<p><strong>Q4:<\/strong> Czy mog\u0119 dostosowa\u0107 parametry testu dla r\u00f3\u017cnych typ\u00f3w mop\u00f3w?<br \/>\n<strong>A4:<\/strong> Tak, tester si\u0142y nacisku mopa umo\u017cliwia regulacj\u0119 parametr\u00f3w, takich jak pr\u0119dko\u015b\u0107 i waga, aby dostosowa\u0107 si\u0119 do r\u00f3\u017cnych materia\u0142\u00f3w mopa i potrzeb testowych.<\/p>\n<p><strong>Q5:<\/strong> Jakie bran\u017ce korzystaj\u0105 z test\u00f3w si\u0142y nacisku i tarcia mopa?<br \/>\n<strong>A5:<\/strong> Bran\u017ce takie jak us\u0142ugi sprz\u0105tania, komercyjne firmy sprz\u0105taj\u0105ce i producenci \u015brodk\u00f3w czyszcz\u0105cych korzystaj\u0105 z informacji dostarczanych przez tester si\u0142y nacisku mopa w celu zapewnienia jako\u015bci i rozwoju produktu.<\/p>\n<p>Tester si\u0142y nacisku mopa jest niezb\u0119dnym narz\u0119dziem dla producent\u00f3w, kt\u00f3rych celem jest wytwarzanie wysokiej jako\u015bci, skutecznych i przyjaznych dla u\u017cytkownika mop\u00f3w. Poprzez dok\u0142adn\u0105 ocen\u0119 si\u0142y nacisku i charakterystyki tarcia, tester ten wspiera rozw\u00f3j mop\u00f3w, kt\u00f3re zapewniaj\u0105 optymaln\u0105 wydajno\u015b\u0107 czyszczenia, zapewniaj\u0105c niezawodno\u015b\u0107 w r\u00f3\u017cnych zastosowaniach.<\/p>","protected":false},"excerpt":{"rendered":"<p>Tester si\u0142y nacisku mopa jest niezb\u0119dnym narz\u0119dziem dla producent\u00f3w \u015brodk\u00f3w czyszcz\u0105cych, zaprojektowanym specjalnie do oceny si\u0142y nacisku i charakterystyki tarcia r\u00f3\u017cnych materia\u0142\u00f3w, z kt\u00f3rych wykonane s\u0105 mopy. Oceniaj\u0105c te parametry, tester zapewnia, \u017ce mopy zachowuj\u0105 swoj\u0105 wydajno\u015b\u0107 i trwa\u0142o\u015b\u0107 w czasie, dzi\u0119ki czemu s\u0105 skuteczne w zastosowaniach zwi\u0105zanych z czyszczeniem w domach, biurach i przemy\u015ble. W niniejszym opisie produktu om\u00f3wiono znaczenie testu si\u0142y nacisku mopa, zastosowane metody i korzy\u015bci, jakie zapewnia on producentom.<\/p>","protected":false},"featured_media":6267,"comment_status":"closed","ping_status":"closed","template":"","meta":{"site-sidebar-layout":"default","site-content-layout":"default","ast-global-header-display":"","ast-main-header-display":"","ast-hfb-above-header-display":"","ast-hfb-below-header-display":"","ast-hfb-mobile-header-display":"","site-post-title":"","ast-breadcrumbs-content":"","ast-featured-img":"","footer-sml-layout":"","theme-transparent-header-meta":"default","adv-header-id-meta":"","stick-header-meta":"","header-above-stick-meta":"","header-main-stick-meta":"","header-below-stick-meta":""},"product_cat":[683,845,938,95],"product_tag":[],"class_list":{"0":"post-5178","1":"product","2":"type-product","3":"status-publish","4":"has-post-thumbnail","6":"product_cat-coefficient-of-friction-tester","7":"product_cat-customization","8":"product_cat-textile-tester","9":"product_cat-products","10":"desktop-align-left","11":"tablet-align-left","12":"mobile-align-left","14":"first","15":"instock","16":"shipping-taxable","17":"product-type-simple"},"_links":{"self":[{"href":"https:\/\/www.qualitester.com\/pl\/wp-json\/wp\/v2\/product\/5178","targetHints":{"allow":["GET"]}}],"collection":[{"href":"https:\/\/www.qualitester.com\/pl\/wp-json\/wp\/v2\/product"}],"about":[{"href":"https:\/\/www.qualitester.com\/pl\/wp-json\/wp\/v2\/types\/product"}],"replies":[{"embeddable":true,"href":"https:\/\/www.qualitester.com\/pl\/wp-json\/wp\/v2\/comments?post=5178"}],"version-history":[{"count":0,"href":"https:\/\/www.qualitester.com\/pl\/wp-json\/wp\/v2\/product\/5178\/revisions"}],"wp:featuredmedia":[{"embeddable":true,"href":"https:\/\/www.qualitester.com\/pl\/wp-json\/wp\/v2\/media\/6267"}],"wp:attachment":[{"href":"https:\/\/www.qualitester.com\/pl\/wp-json\/wp\/v2\/media?parent=5178"}],"wp:term":[{"taxonomy":"product_cat","embeddable":true,"href":"https:\/\/www.qualitester.com\/pl\/wp-json\/wp\/v2\/product_cat?post=5178"},{"taxonomy":"product_tag","embeddable":true,"href":"https:\/\/www.qualitester.com\/pl\/wp-json\/wp\/v2\/product_tag?post=5178"}],"curies":[{"name":"wp","href":"https:\/\/api.w.org\/{rel}","templated":true}]}}