{"id":5176,"date":"2024-11-01T14:07:50","date_gmt":"2024-11-01T06:07:50","guid":{"rendered":"https:\/\/www.qualitester.com\/?post_type=product&#038;p=5176"},"modified":"2024-12-05T13:17:08","modified_gmt":"2024-12-05T05:17:08","slug":"sale-box-compression-tester-strenth","status":"publish","type":"product","link":"https:\/\/www.qualitester.com\/pl\/produkt-2\/sale-box-compression-tester-strenth\/","title":{"rendered":"BCT-01 Tester kompresji skrzynek"},"content":{"rendered":"<p>The <strong>Tester kompresji pude\u0142ek<\/strong> jest niezb\u0119dnym przyrz\u0105dem zaprojektowanym do oceny wytrzyma\u0142o\u015bci, trwa\u0142o\u015bci i odporno\u015bci materia\u0142\u00f3w opakowaniowych na zewn\u0119trzne si\u0142y \u015bciskaj\u0105ce. Ten zaawansowany tester odgrywa kluczow\u0105 rol\u0119 w bran\u017cach takich jak spo\u017cywcza, elektroniczna, farmaceutyczna i opakowaniowa, zapewniaj\u0105c odpowiedni\u0105 ochron\u0119 produkt\u00f3w podczas transportu i przechowywania. Wysoka precyzja, \u0142atwo\u015b\u0107 obs\u0142ugi i zgodno\u015b\u0107 z mi\u0119dzynarodowymi standardami sprawiaj\u0105, \u017ce jest to idealne rozwi\u0105zanie dla ka\u017cdej firmy, kt\u00f3ra ceni integralno\u015b\u0107 i niezawodno\u015b\u0107 swoich opakowa\u0144.<\/p>\n<p>Wyposa\u017cony w przyjazny dla u\u017cytkownika interfejs z ekranem dotykowym, mikrokomputerowy system przetwarzania i gromadzenie danych w czasie rzeczywistym, Box Compression Tester zapewnia precyzyjne wyniki dla szerokiej gamy materia\u0142\u00f3w, w tym tektury falistej, tworzyw sztucznych, metali i innych materia\u0142\u00f3w opakowaniowych. Tester zosta\u0142 zaprojektowany do rygorystycznej oceny, zapewniaj\u0105c szczeg\u00f3\u0142owy wgl\u0105d zar\u00f3wno w wytrzyma\u0142o\u015b\u0107 na \u015bciskanie, jak i w\u0142a\u015bciwo\u015bci ochronne opakowa\u0144 w warunkach uk\u0142adania w stosy.<\/p>\n<h2><strong>Zakres zastosowania testera \u015bciskania pude\u0142ek<\/strong><\/h2>\n<p>Box Compression Tester jest w stanie obs\u0142ugiwa\u0107 szerok\u0105 gam\u0119 materia\u0142\u00f3w powszechnie stosowanych w opakowaniach, od tektury falistej po tektur\u0119 lit\u0105, metal i tworzywa sztuczne. Ocenia zdolno\u015b\u0107 ka\u017cdego materia\u0142u do przeciwstawiania si\u0119 si\u0142om \u015bciskaj\u0105cym, umo\u017cliwiaj\u0105c producentom zrozumienie zar\u00f3wno wytrzyma\u0142o\u015bci samego opakowania, jak i poziomu ochrony, jaki zapewnia ono zawarto\u015bci wewn\u0105trz. Ta wszechstronno\u015b\u0107 jest nieoceniona w bran\u017cach, w kt\u00f3rych priorytetem jest bezpieczny i skuteczny transport towar\u00f3w.<\/p>\n<h2><strong>Kluczowe tryby testowe i mo\u017cliwo\u015bci<\/strong><\/h2>\n<ol>\n<li><strong>Test wytrzyma\u0142o\u015bci:<\/strong> Tryb ten ocenia ostateczn\u0105 wytrzyma\u0142o\u015b\u0107 na \u015bciskanie i odkszta\u0142cenie pude\u0142ka lub pojemnika poprzez zastosowanie stopniowego wzrostu ci\u015bnienia, a\u017c do zapadni\u0119cia si\u0119 lub odkszta\u0142cenia opakowania. Pomaga to producentom okre\u015bli\u0107 maksymalne obci\u0105\u017cenie, jakie mo\u017ce wytrzyma\u0107 opakowanie.<\/li>\n<li><strong>Test sta\u0142ej warto\u015bci:<\/strong> W tym trybie tester mierzy og\u00f3ln\u0105 wydajno\u015b\u0107 pude\u0142ka lub pojemnika poprzez zastosowanie ustalonego ci\u015bnienia i pomiar wszelkich wynikaj\u0105cych z tego odkszta\u0142ce\u0144. Jest to szczeg\u00f3lnie przydatne dla firm, kt\u00f3re musz\u0105 przestrzega\u0107 ustalonych wymaga\u0144 dotycz\u0105cych wytrzyma\u0142o\u015bci swoich opakowa\u0144.<\/li>\n<li><strong>Test uk\u0142adania:<\/strong> Tester symuluje \u015brodowisko uk\u0142adania w magazynie, przyk\u0142adaj\u0105c sta\u0142\u0105, d\u0142ugotrwa\u0142\u0105 si\u0142\u0119 \u015bciskaj\u0105c\u0105, aby oceni\u0107, jak dobrze opakowanie zachowuje si\u0119 w realistycznych warunkach przechowywania. Test ten jest idealny do zrozumienia stabilno\u015bci uk\u0142adania i przewidywania d\u0142ugoterminowej trwa\u0142o\u015bci opakowania w magazynie.<\/li>\n<\/ol>\n<h2><strong>Normy i zgodno\u015b\u0107<\/strong><\/h2>\n<p>Box Compression Tester jest zbudowany zgodnie z wiod\u0105cymi mi\u0119dzynarodowymi standardami, zapewniaj\u0105c, \u017ce testy s\u0105 przeprowadzane konsekwentnie i zgodnie z powszechnie uznanymi specyfikacjami bran\u017cowymi. Zgodno\u015b\u0107 z tymi normami u\u0142atwia producentom spe\u0142nianie wymog\u00f3w prawnych i wymaga\u0144 klient\u00f3w na wielu rynkach.<\/p>\n<ul>\n<li>\n<h3><strong>Normy ISO<\/strong><\/h3>\n<ul>\n<li><strong>ISO 2234<\/strong>: Definiuje metody test\u00f3w uk\u0142adania w stosy i \u015bciskania, niezb\u0119dne do oceny odporno\u015bci opakowania na d\u0142ugotrwa\u0142e obci\u0105\u017cenia.<\/li>\n<li><strong>ISO 12048<\/strong>: Przedstawia procedury testowania wytrzyma\u0142o\u015bci opakowania na uk\u0142adanie w stosy i odporno\u015bci na obci\u0105\u017cenie podczas przechowywania i transportu.<\/li>\n<li><strong>ISO 2874<\/strong>: Szczeg\u00f3\u0142owo opisuje metody badania wytrzyma\u0142o\u015bci na \u015bciskanie dla pojedynczych opakowa\u0144, umo\u017cliwiaj\u0105c dok\u0142adny pomiar wytrzyma\u0142o\u015bci na \u015bciskanie.<\/li>\n<li><strong>ISO 2872<\/strong>: Ocenia zdolno\u015b\u0107 opakowania do wytrzymywania si\u0142 \u015bciskaj\u0105cych w czasie, przewiduj\u0105c jego wydajno\u015b\u0107 w rzeczywistych scenariuszach.<\/li>\n<\/ul>\n<\/li>\n<li>\n<h3><strong>Normy ASTM<\/strong><\/h3>\n<ul>\n<li><strong>ASTM D642<\/strong>: Norma ta mierzy odporno\u015b\u0107 materia\u0142\u00f3w opakowaniowych na \u015bciskanie, zapewniaj\u0105c punkt odniesienia dla wydajno\u015bci opakowa\u0144 transportowych.<\/li>\n<li><strong>ASTM D4169<\/strong>: Prowadzi testy kompresji pojemnik\u00f3w w symulowanych \u015brodowiskach dystrybucji, aby zapewni\u0107, \u017ce wytrzymaj\u0105 one rzeczywiste warunki obs\u0142ugi.<\/li>\n<\/ul>\n<\/li>\n<li>\n<h3><strong>Inne istotne normy<\/strong><\/h3>\n<ul>\n<li><strong>TAPPI T804<\/strong>: Koncentruje si\u0119 na wytrzyma\u0142o\u015bci na \u015bciskanie pojemnik\u00f3w z tektury falistej, dzi\u0119ki czemu jest szczeg\u00f3lnie przydatny do oceny skrzynek transportowych.<\/li>\n<li><strong>JIS Z0212<\/strong>: Japo\u0144ska norma okre\u015blaj\u0105ca testy \u015bciskania opakowa\u0144, powszechnie uznawana w r\u00f3\u017cnych bran\u017cach ze wzgl\u0119du na rygorystyczne wymagania.<\/li>\n<\/ul>\n<\/li>\n<\/ul>\n<h2><strong>Korzy\u015bci techniczne wynikaj\u0105ce z zastosowania testera kompresji pude\u0142kowej<\/strong><\/h2>\n<p>Box Compression Tester integruje najnowsz\u0105 technologi\u0119, aby zmaksymalizowa\u0107 precyzj\u0119, wydajno\u015b\u0107 i \u0142atwo\u015b\u0107 u\u017cytkowania. Kluczowe korzy\u015bci obejmuj\u0105:<\/p>\n<ul>\n<li><strong>Zaawansowane funkcje technologiczne<\/strong>: Ekran dotykowy pozwala na prost\u0105 interakcj\u0119 z u\u017cytkownikiem, podczas gdy mikrokomputerowy system przetwarzania automatyzuje gromadzenie danych, obliczenia i inteligentn\u0105 ocen\u0119 wynik\u00f3w.<\/li>\n<li><strong>Ulepszona analiza danych<\/strong>: Wy\u015bwietlanie w czasie rzeczywistym si\u0142y \u015bciskaj\u0105cej, odkszta\u0142cenia i wizualizacji krzywej zwi\u0119ksza zrozumienie przez u\u017cytkownik\u00f3w zachowania materia\u0142u pod wp\u0142ywem napr\u0119\u017ce\u0144. Wbudowana mikrodrukarka pozwala na \u0142atwe prowadzenie dokumentacji i \u015bledzenie kontroli jako\u015bci.<\/li>\n<li><strong>Si\u0142a \u015bciskania Pojemno\u015b\u0107<\/strong>: Obs\u0142uguje szeroki zakres obci\u0105\u017ce\u0144, odpowiedni do testowania lekkich i ci\u0119\u017ckich materia\u0142\u00f3w opakowaniowych.<\/li>\n<li><strong>Wymiary obszaru testowego<\/strong>: Zapewnia du\u017co miejsca do testowania opakowa\u0144 o r\u00f3\u017cnych rozmiarach i kszta\u0142tach.<\/li>\n<li><strong>Uk\u0142ad nap\u0119dowy<\/strong>: Silnik synchroniczny i precyzyjny system \u015bruby poci\u0105gowej zapewniaj\u0105 p\u0142ynne, kontrolowane przy\u0142o\u017cenie si\u0142y w celu uzyskania precyzyjnych wynik\u00f3w test\u00f3w.<\/li>\n<\/ul>\n<h2><strong>G\u0142\u00f3wne parametry<\/strong><\/h2>\n<table>\n<tbody>\n<tr>\n<td width=\"153\">Pozycja<\/td>\n<td width=\"526\">Parametry<\/td>\n<td width=\"73\"><\/td>\n<\/tr>\n<tr>\n<td width=\"153\">Zakres testu<\/td>\n<td width=\"526\">0,25 kN, 0,5 kN, 1 kN, 2 kN, 5 kN itd.<\/td>\n<td width=\"73\"><\/td>\n<\/tr>\n<tr>\n<td width=\"153\">Rozdzielczo\u015b\u0107<\/td>\n<td width=\"526\">0.01N<\/td>\n<td width=\"73\"><\/td>\n<\/tr>\n<tr>\n<td width=\"153\">B\u0142\u0105d odkszta\u0142cenia<\/td>\n<td width=\"526\">\u2264\u00b11mm<\/td>\n<td width=\"73\"><\/td>\n<\/tr>\n<tr>\n<td width=\"153\">R\u00f3wnoleg\u0142o\u015b\u0107 p\u0142yt<\/td>\n<td width=\"526\">\u22641 mm<\/td>\n<td width=\"73\"><\/td>\n<\/tr>\n<tr>\n<td width=\"153\">B\u0142\u0105d ogniwa obci\u0105\u017cnikowego<\/td>\n<td width=\"526\">\u00b11%<\/td>\n<td width=\"73\"><\/td>\n<\/tr>\n<tr>\n<td width=\"153\">Pr\u0119dko\u015b\u0107 testu<\/td>\n<td width=\"526\">5~300 mm\/min<\/td>\n<td width=\"73\"><\/td>\n<\/tr>\n<tr>\n<td width=\"153\">Pr\u0119dko\u015b\u0107 powrotu<\/td>\n<td width=\"526\">100 mm\/min<\/td>\n<td width=\"73\"><\/td>\n<\/tr>\n<tr>\n<td width=\"153\">Pr\u0119dko\u015b\u0107 kompresji<\/td>\n<td width=\"526\">10\u00b13 mm\/min<\/td>\n<td width=\"73\"><\/td>\n<\/tr>\n<tr>\n<td width=\"153\">Pr\u0119dko\u015b\u0107 uk\u0142adania<\/td>\n<td width=\"526\">5\u00b11mm\/min<\/td>\n<td width=\"73\"><\/td>\n<\/tr>\n<tr>\n<td width=\"153\">Jednostki<\/td>\n<td width=\"526\">N\/Lbf \/kgf<\/td>\n<td width=\"73\"><\/td>\n<\/tr>\n<tr>\n<td width=\"153\">Analiza<\/td>\n<td width=\"526\">7-calowy ekran dotykowy z analiz\u0105 krzywej i zintegrowanym drukowaniem termicznym<\/td>\n<td width=\"73\"><\/td>\n<\/tr>\n<tr>\n<td width=\"153\">Wyj\u015bcie<\/td>\n<td width=\"526\">RS232 (opcjonalnie)<\/td>\n<td width=\"73\"><\/td>\n<\/tr>\n<tr>\n<td width=\"153\">Moc<\/td>\n<td width=\"526\">AC 220V 50Hz<\/td>\n<td width=\"73\"><\/td>\n<\/tr>\n<tr>\n<td width=\"153\">Model<\/td>\n<td width=\"526\">Przestrze\u0144 testowa (mm, d\u0142.\/szer.\/wys.)<\/td>\n<td width=\"73\">Obci\u0105\u017cenie (KN)<\/td>\n<\/tr>\n<tr>\n<td width=\"153\">BCT-1500<\/td>\n<td width=\"526\">1500*1500*1500<\/td>\n<td width=\"73\">50<\/td>\n<\/tr>\n<tr>\n<td width=\"153\"><\/td>\n<td width=\"526\">1500*1200*1500<\/td>\n<td width=\"73\"><\/td>\n<\/tr>\n<tr>\n<td width=\"153\">BCT-1200<\/td>\n<td width=\"526\">1200*1200*1200<\/td>\n<td width=\"73\">50<\/td>\n<\/tr>\n<tr>\n<td width=\"153\"><\/td>\n<td width=\"526\">1200*1000*1200<\/td>\n<td width=\"73\"><\/td>\n<\/tr>\n<tr>\n<td width=\"153\">BCT-1000<\/td>\n<td width=\"526\">1000*800*1000<\/td>\n<td width=\"73\">20<\/td>\n<\/tr>\n<tr>\n<td width=\"153\"><\/td>\n<td width=\"526\">1000*1000*1000<\/td>\n<td width=\"73\"><\/td>\n<\/tr>\n<tr>\n<td width=\"153\">BCT-800<\/td>\n<td width=\"526\">800*600*800<\/td>\n<td width=\"73\">20<\/td>\n<\/tr>\n<tr>\n<td width=\"153\"><\/td>\n<td width=\"526\">800*800*800<\/td>\n<td width=\"73\"><\/td>\n<\/tr>\n<tr>\n<td width=\"153\">BCT-600<\/td>\n<td width=\"526\">600*400*600<\/td>\n<td width=\"73\">10<\/td>\n<\/tr>\n<tr>\n<td width=\"153\"><\/td>\n<td width=\"526\">600*600*600<\/td>\n<td width=\"73\"><\/td>\n<\/tr>\n<tr>\n<td width=\"153\">BCT-500<\/td>\n<td width=\"526\">500*500*500<\/td>\n<td width=\"73\">5<\/td>\n<\/tr>\n<\/tbody>\n<\/table>\n<h2><strong>Znaczenie testu wytrzyma\u0142o\u015bci na \u015bciskanie karton\u00f3w w przemy\u015ble<\/strong><\/h2>\n<p>The <strong>Test wytrzyma\u0142o\u015bci kartonu na \u015bciskanie<\/strong> ma zasadnicze znaczenie dla zapewnienia, \u017ce opakowanie mo\u017ce wytrzyma\u0107 napr\u0119\u017cenia wyst\u0119puj\u0105ce podczas transportu i przechowywania. Identyfikuj\u0105c s\u0142abe punkty, zanim produkty dotr\u0105 do klient\u00f3w, test ten pomaga zapobiega\u0107 awariom opakowa\u0144, zmniejszaj\u0105c ryzyko uszkodzenia produktu, niezadowolenia klient\u00f3w i strat finansowych. Bran\u017ce takie jak farmaceutyczna, elektroniczna i spo\u017cywcza czerpi\u0105 znaczne korzy\u015bci ze zrozumienia i spe\u0142nienia norm wytrzyma\u0142o\u015bci na \u015bciskanie, szczeg\u00f3lnie w przypadku towar\u00f3w o wysokiej warto\u015bci lub \u0142atwo psuj\u0105cych si\u0119.<\/p>\n<p>Box Compression Tester oferuje wydajne rozwi\u0105zanie dla firm d\u0105\u017c\u0105cych do utrzymania wysokich standard\u00f3w wytrzyma\u0142o\u015bci i integralno\u015bci opakowa\u0144. Dzi\u0119ki zgodno\u015bci z normami ISO, ASTM, TAPPI i JIS, tester ten zapewnia dok\u0142adne, sp\u00f3jne wyniki dla r\u00f3\u017cnych materia\u0142\u00f3w opakowaniowych i zastosowa\u0144. Dzi\u0119ki zaawansowanym funkcjom i konstrukcji zorientowanej na u\u017cytkownika, Box Compression Tester jest nieocenionym narz\u0119dziem do zapewniania jako\u015bci opakowa\u0144, zwi\u0119kszania bezpiecze\u0144stwa produkt\u00f3w i wspierania wydajno\u015bci operacyjnej.<\/p>","protected":false},"excerpt":{"rendered":"<p>Odkryj Box Compression Tester, zaprojektowany do dok\u0142adnych test\u00f3w wytrzyma\u0142o\u015bci karton\u00f3w na \u015bciskanie, zapewniaj\u0105cy trwa\u0142o\u015b\u0107 opakowa\u0144 i zgodno\u015b\u0107 z mi\u0119dzynarodowymi normami.<\/p>","protected":false},"featured_media":6235,"comment_status":"closed","ping_status":"closed","template":"","meta":{"site-sidebar-layout":"default","site-content-layout":"default","ast-global-header-display":"","ast-main-header-display":"","ast-hfb-above-header-display":"","ast-hfb-below-header-display":"","ast-hfb-mobile-header-display":"","site-post-title":"","ast-breadcrumbs-content":"","ast-featured-img":"","footer-sml-layout":"","theme-transparent-header-meta":"default","adv-header-id-meta":"","stick-header-meta":"","header-above-stick-meta":"","header-main-stick-meta":"","header-below-stick-meta":""},"product_cat":[964,1069,1068,953,956,955,845,1065,1064,1067,1066,1159,965,954,957,958,952,959,1070,17,44,95],"product_tag":[],"class_list":{"0":"post-5176","1":"product","2":"type-product","3":"status-publish","4":"has-post-thumbnail","6":"product_cat-box-compression-tester","7":"product_cat-astm-d4169","8":"product_cat-astm-d642","9":"product_cat-bursting-tester","10":"product_cat-cobb-tester","11":"product_cat-crush-tester","12":"product_cat-customization","13":"product_cat-iso-12048","14":"product_cat-iso-2234","15":"product_cat-iso-2872","16":"product_cat-iso-2874","17":"product_cat-jis-z0212","18":"product_cat-package-compression-tester","19":"product_cat-paper-tear-tester","20":"product_cat-plybond-tester","21":"product_cat-puncture-tester","22":"product_cat-rub-tester","23":"product_cat-stiffness-tester","24":"product_cat-tappi-t804","25":"product_cat-package-container-testers","26":"product_cat-paper-and-board-testers","27":"product_cat-products","28":"desktop-align-left","29":"tablet-align-left","30":"mobile-align-left","32":"first","33":"instock","34":"shipping-taxable","35":"product-type-simple"},"_links":{"self":[{"href":"https:\/\/www.qualitester.com\/pl\/wp-json\/wp\/v2\/product\/5176","targetHints":{"allow":["GET"]}}],"collection":[{"href":"https:\/\/www.qualitester.com\/pl\/wp-json\/wp\/v2\/product"}],"about":[{"href":"https:\/\/www.qualitester.com\/pl\/wp-json\/wp\/v2\/types\/product"}],"replies":[{"embeddable":true,"href":"https:\/\/www.qualitester.com\/pl\/wp-json\/wp\/v2\/comments?post=5176"}],"version-history":[{"count":0,"href":"https:\/\/www.qualitester.com\/pl\/wp-json\/wp\/v2\/product\/5176\/revisions"}],"wp:featuredmedia":[{"embeddable":true,"href":"https:\/\/www.qualitester.com\/pl\/wp-json\/wp\/v2\/media\/6235"}],"wp:attachment":[{"href":"https:\/\/www.qualitester.com\/pl\/wp-json\/wp\/v2\/media?parent=5176"}],"wp:term":[{"taxonomy":"product_cat","embeddable":true,"href":"https:\/\/www.qualitester.com\/pl\/wp-json\/wp\/v2\/product_cat?post=5176"},{"taxonomy":"product_tag","embeddable":true,"href":"https:\/\/www.qualitester.com\/pl\/wp-json\/wp\/v2\/product_tag?post=5176"}],"curies":[{"name":"wp","href":"https:\/\/api.w.org\/{rel}","templated":true}]}}