{"id":5157,"date":"2024-10-31T12:00:37","date_gmt":"2024-10-31T04:00:37","guid":{"rendered":"https:\/\/www.qualitester.com\/?post_type=product&#038;p=5157"},"modified":"2024-12-04T16:23:34","modified_gmt":"2024-12-04T08:23:34","slug":"sale-film-shrinkage-tester-iso-14616","status":"publish","type":"product","link":"https:\/\/www.qualitester.com\/pl\/produkt-2\/sale-film-shrinkage-tester-iso-14616\/","title":{"rendered":"Tester skurczu folii FSR-01"},"content":{"rendered":"<h2>Wprowadzenie <strong>Tester skurczu folii<\/strong><\/h2>\n<p>The <strong>Tester skurczu folii<\/strong> jest niezb\u0119dnym instrumentem zaprojektowanym do pomiaru si\u0142 skurczu i <a href=\"https:\/\/www.qualitester.com\/pl\/produkt-2\/film-free-shrink-tester-fst-01\/\" target=\"_blank\" rel=\"noopener\">wsp\u00f3\u0142czynniki kurczliwo\u015bci folii termokurczliwych<\/a>. Folie te s\u0105 powszechnie stosowane w r\u00f3\u017cnych bran\u017cach, w tym opakowaniowej, spo\u017cywczej, medycznej i farmaceutycznej. Wytwarzane poprzez wyt\u0142aczanie i rozci\u0105ganie (ci\u0105gnienie na gor\u0105co), folie te utrzymuj\u0105 stan rozci\u0105gni\u0119cia a\u017c do ponownego podgrzania. Po wystawieniu na dzia\u0142anie okre\u015blonych temperatur, kt\u00f3re uwalniaj\u0105 pocz\u0105tkowe napr\u0119\u017cenia, folie kurcz\u0105 si\u0119 lub \u201ckurcz\u0105 si\u0119 z powrotem\u201d, co sprawia, \u017ce dok\u0142adny pomiar ma kluczowe znaczenie dla zapewnienia jako\u015bci.<\/p>\n<h2>Metody testowe<\/h2>\n<h3>Proces testowy<\/h3>\n<ol>\n<li><strong>Przygotowanie<\/strong>: Testowanie rozpoczyna si\u0119 od dobrze izolowanego pieca powietrznego, kt\u00f3ry jest podgrzewany do okre\u015blonej temperatury. Dwie pr\u00f3bki s\u0105 umieszczane oddzielnie na wyznaczonych stacjach testowych w celu oceny szybko\u015bci skurczu i si\u0142y skurczu\/rozkurczu.<\/li>\n<li><strong>Konfiguracja pomiaru<\/strong>: Sonda temperatury jest umieszczona tak, aby monitorowa\u0107 obszar pr\u00f3bki, zapewniaj\u0105c precyzyjne odczyty temperatury. Piec powietrzny automatycznie obni\u017ca si\u0119, aby pokry\u0107 obszar pr\u00f3bki, u\u0142atwiaj\u0105c dok\u0142adne testowanie.<\/li>\n<li><strong>Gromadzenie danych<\/strong>: Wraz ze wzrostem temperatury mierzona jest maksymalna si\u0142a skurczu, wskazuj\u0105ca moment osi\u0105gni\u0119cia temperatury skurczu. Proces rejestruje moment, w kt\u00f3rym si\u0142a ta zmniejsza si\u0119 o oko\u0142o 15% do 30%, podnosz\u0105c piec powietrzny i odnotowuj\u0105c up\u0142ywaj\u0105cy czas.<\/li>\n<li><strong>Ocena wsp\u00f3\u0142czynnika skurczu<\/strong>: Podczas fazy testowania oceniany jest wsp\u00f3\u0142czynnik skurczu, co zapewnia istotny wgl\u0105d w charakterystyk\u0119 dzia\u0142ania folii.<\/li>\n<\/ol>\n<h2>W\u0142a\u015bciwo\u015bci techniczne<\/h2>\n<ul>\n<li><strong>Sterowanie PLC i ekran dotykowy HMI<\/strong>: Ta funkcja zapewnia stabilno\u015b\u0107 na poziomie przemys\u0142owym, zapewniaj\u0105c jednocze\u015bnie przyjazny dla u\u017cytkownika interfejs u\u0142atwiaj\u0105cy obs\u0142ug\u0119.<\/li>\n<li><strong>Dobrze izolowany piekarnik powietrzny<\/strong>: Piec powietrzny jest doskonale izolowany i zdolny do automatycznego opuszczania i podnoszenia, co zwi\u0119ksza precyzj\u0119 testowania.<\/li>\n<li><strong>Bezkontaktowy pomiar wsp\u00f3\u0142czynnika kurczliwo\u015bci<\/strong>: Osi\u0105gni\u0119ta dzi\u0119ki metodzie bezkontaktowej, funkcja ta znacznie poprawia dok\u0142adno\u015b\u0107 i wiarygodno\u015b\u0107 wynik\u00f3w.<\/li>\n<li><strong>Wy\u015bwietlacz czasu rzeczywistego<\/strong>: Tester zapewnia wy\u015bwietlanie w czasie rzeczywistym kluczowych wska\u017anik\u00f3w, w tym si\u0142y kurczenia, si\u0142y kurczenia i wsp\u00f3\u0142czynnika skurczu, umo\u017cliwiaj\u0105c natychmiastow\u0105 analiz\u0119.<\/li>\n<li><strong>Eliminacja czynnik\u00f3w zak\u0142\u00f3caj\u0105cych<\/strong>: Skutecznie eliminuj\u0105c nieistotne czynniki zak\u0142\u00f3caj\u0105ce, takie jak tarcie i ch\u0142odne powietrze, system zapewnia dok\u0142adno\u015b\u0107 wynik\u00f3w test\u00f3w.<\/li>\n<li><strong>Stabilny system ogrzewania<\/strong>: Stabilny i dobrze wywa\u017cony system grzewczy utrzymuje sta\u0142e warunki testowe, niezb\u0119dne do wiarygodnych pomiar\u00f3w.<\/li>\n<li><strong>\u0141atwe \u0142adowanie pr\u00f3bek<\/strong>: Konstrukcja upraszcza \u0142adowanie pr\u00f3bek, usprawniaj\u0105c proces testowania i skracaj\u0105c czas konfiguracji.<\/li>\n<li><strong>Czujniki o wysokiej rozdzielczo\u015bci<\/strong>: Wyposa\u017cony w przetworniki si\u0142y i termometry o wysokiej rozdzielczo\u015bci, system gwarantuje precyzyjne pomiary podczas ca\u0142ego procesu testowania.<\/li>\n<li><strong>Opcje \u0142\u0105czno\u015bci i oprogramowania<\/strong>: Tester skurczu folii zawiera port RS232 do pod\u0142\u0105czenia danych i oferuje opcjonalne profesjonalne oprogramowanie do zaawansowanej analizy danych i mo\u017cliwo\u015bci raportowania.<\/li>\n<\/ul>\n<h2>Standardy<\/h2>\n<p>Tester kurczliwo\u015bci folii jest zgodny z kluczowymi standardami bran\u017cowymi, aby zapewni\u0107 niezawodne dzia\u0142anie:<\/p>\n<ul>\n<li><a href=\"https:\/\/www.iso.org\/standard\/24972.html\" target=\"_blank\" rel=\"noopener nofollow\"><strong>ISO 14616<\/strong><\/a>: Niniejsza norma koncentruje si\u0119 na metodach testowania maj\u0105cych zastosowanie do folii termokurczliwych, zapewniaj\u0105c ramy dla dok\u0142adnych pomiar\u00f3w.<\/li>\n<li><strong>DIN 53369<\/strong>: Dotyczy standard\u00f3w testowania materia\u0142\u00f3w istotnych dla folii termokurczliwych, zapewniaj\u0105c zgodno\u015b\u0107 z praktykami bran\u017cowymi.<\/li>\n<\/ul>\n<h2>G\u0142\u00f3wne parametry<\/h2>\n<table>\n<tbody>\n<tr>\n<td width=\"156\">Zakres si\u0142y<\/td>\n<td width=\"152\">5 N (lub zgodnie z wymaganiami)<\/td>\n<\/tr>\n<tr>\n<td width=\"156\">Dok\u0142adno\u015b\u0107<\/td>\n<td width=\"152\">\u00b10,5%<\/td>\n<\/tr>\n<tr>\n<td width=\"156\">Rozdzielczo\u015b\u0107<\/td>\n<td width=\"152\">0.001N<\/td>\n<\/tr>\n<tr>\n<td width=\"156\">Zakres przemieszczenia<\/td>\n<td width=\"152\">0,1 ~ 95 mm<\/td>\n<\/tr>\n<tr>\n<td width=\"156\">Dok\u0142adno\u015b\u0107<\/td>\n<td width=\"152\">\u00b10,1 mm<\/td>\n<\/tr>\n<tr>\n<td width=\"156\">Zakres temperatur<\/td>\n<td width=\"152\">Otoczenie ~ 210\u00b0C<\/td>\n<\/tr>\n<tr>\n<td width=\"156\">Dok\u0142adno\u015b\u0107<\/td>\n<td width=\"152\">\u00b10.5\u00b0C<\/td>\n<\/tr>\n<tr>\n<td width=\"156\">Liczba pr\u00f3bek<\/td>\n<td width=\"152\">2<\/td>\n<\/tr>\n<tr>\n<td width=\"156\">Wielko\u015b\u0107 pr\u00f3by<\/td>\n<td width=\"152\">110*15 mm, d\u0142.<\/td>\n<\/tr>\n<tr>\n<td width=\"156\">Zasilanie<\/td>\n<td width=\"152\">220V 50Hz<\/td>\n<\/tr>\n<\/tbody>\n<\/table>\n<p>The <strong>Tester skurczu folii<\/strong> jest kluczowym narz\u0119dziem zapewniaj\u0105cym jako\u015b\u0107 i niezawodno\u015b\u0107 folii termokurczliwych w r\u00f3\u017cnych zastosowaniach. Zapewniaj\u0105c dok\u0142adne pomiary si\u0142 i wsp\u00f3\u0142czynnik\u00f3w obkurczania, pomaga producentom w utrzymaniu wysokich standard\u00f3w i optymalizacji proces\u00f3w. Dla tych, kt\u00f3rzy s\u0105 zainteresowani ulepszeniem swoich \u015brodk\u00f3w kontroli jako\u015bci, zach\u0119camy do dalszych bada\u0144 lub poproszenia o demonstracj\u0119, aby zobaczy\u0107 mo\u017cliwo\u015bci tego niezb\u0119dnego instrumentu w akcji.<\/p>\n<h2>Powi\u0105zany produkt<\/h2>\n<blockquote class=\"wp-embedded-content\" data-secret=\"95pGvecun0\"><p><a href=\"https:\/\/www.qualitester.com\/pl\/produkt-2\/film-free-shrink-tester-fst-01\/\">Tester kurczliwo\u015bci bez folii FST-01<\/a><\/p><\/blockquote>\n<p><iframe class=\"wp-embedded-content\" sandbox=\"allow-scripts\" security=\"restricted\" style=\"position: absolute; visibility: hidden;\" title=\"\u300a FST-01 Film Free Shrink Tester \u300b\u2014Material Quality Tester\" src=\"https:\/\/www.qualitester.com\/product\/film-free-shrink-tester-fst-01\/embed\/#?secret=J7nnnghFFb#?secret=95pGvecun0\" data-secret=\"95pGvecun0\" width=\"500\" height=\"282\" frameborder=\"0\" marginwidth=\"0\" marginheight=\"0\" scrolling=\"no\"><\/iframe><\/p>","protected":false},"excerpt":{"rendered":"<p>The <strong>Tester skurczu folii<\/strong> jest kluczowym narz\u0119dziem zapewniaj\u0105cym jako\u015b\u0107 i niezawodno\u015b\u0107 folii termokurczliwych w r\u00f3\u017cnych zastosowaniach. Zapewniaj\u0105c dok\u0142adne pomiary si\u0142 i wsp\u00f3\u0142czynnik\u00f3w obkurczania, pomaga producentom w utrzymaniu wysokich standard\u00f3w i optymalizacji proces\u00f3w. Dla tych, kt\u00f3rzy s\u0105 zainteresowani ulepszeniem swoich \u015brodk\u00f3w kontroli jako\u015bci, zach\u0119camy do dalszych bada\u0144 lub poproszenia o demonstracj\u0119, aby zobaczy\u0107 mo\u017cliwo\u015bci tego niezb\u0119dnego instrumentu w akcji.<\/p>","protected":false},"featured_media":6141,"comment_status":"closed","ping_status":"closed","template":"","meta":{"site-sidebar-layout":"default","site-content-layout":"default","ast-global-header-display":"","ast-main-header-display":"","ast-hfb-above-header-display":"","ast-hfb-below-header-display":"","ast-hfb-mobile-header-display":"","site-post-title":"","ast-breadcrumbs-content":"","ast-featured-img":"","footer-sml-layout":"","theme-transparent-header-meta":"default","adv-header-id-meta":"","stick-header-meta":"","header-above-stick-meta":"","header-main-stick-meta":"","header-below-stick-meta":""},"product_cat":[953,956,955,845,1134,954,957,958,952,959,686,16,158,95],"product_tag":[],"class_list":{"0":"post-5157","1":"product","2":"type-product","3":"status-publish","4":"has-post-thumbnail","6":"product_cat-bursting-tester","7":"product_cat-cobb-tester","8":"product_cat-crush-tester","9":"product_cat-customization","10":"product_cat-din-53369","11":"product_cat-paper-tear-tester","12":"product_cat-plybond-tester","13":"product_cat-puncture-tester","14":"product_cat-rub-tester","15":"product_cat-stiffness-tester","16":"product_cat-shrink-tester","17":"product_cat-plastic-packaging-testers","18":"product_cat-iso-14616","19":"product_cat-products","20":"desktop-align-left","21":"tablet-align-left","22":"mobile-align-left","24":"first","25":"instock","26":"shipping-taxable","27":"product-type-simple"},"_links":{"self":[{"href":"https:\/\/www.qualitester.com\/pl\/wp-json\/wp\/v2\/product\/5157","targetHints":{"allow":["GET"]}}],"collection":[{"href":"https:\/\/www.qualitester.com\/pl\/wp-json\/wp\/v2\/product"}],"about":[{"href":"https:\/\/www.qualitester.com\/pl\/wp-json\/wp\/v2\/types\/product"}],"replies":[{"embeddable":true,"href":"https:\/\/www.qualitester.com\/pl\/wp-json\/wp\/v2\/comments?post=5157"}],"version-history":[{"count":0,"href":"https:\/\/www.qualitester.com\/pl\/wp-json\/wp\/v2\/product\/5157\/revisions"}],"wp:featuredmedia":[{"embeddable":true,"href":"https:\/\/www.qualitester.com\/pl\/wp-json\/wp\/v2\/media\/6141"}],"wp:attachment":[{"href":"https:\/\/www.qualitester.com\/pl\/wp-json\/wp\/v2\/media?parent=5157"}],"wp:term":[{"taxonomy":"product_cat","embeddable":true,"href":"https:\/\/www.qualitester.com\/pl\/wp-json\/wp\/v2\/product_cat?post=5157"},{"taxonomy":"product_tag","embeddable":true,"href":"https:\/\/www.qualitester.com\/pl\/wp-json\/wp\/v2\/product_tag?post=5157"}],"curies":[{"name":"wp","href":"https:\/\/api.w.org\/{rel}","templated":true}]}}