{"id":5134,"date":"2024-10-30T17:11:11","date_gmt":"2024-10-30T09:11:11","guid":{"rendered":"https:\/\/www.qualitester.com\/?post_type=product&#038;p=5134"},"modified":"2024-12-05T13:39:49","modified_gmt":"2024-12-05T05:39:49","slug":"sale-bag-compression-tester","status":"publish","type":"product","link":"https:\/\/www.qualitester.com\/pl\/produkt-2\/sale-bag-compression-tester\/","title":{"rendered":"Tester kompresji PCT-01"},"content":{"rendered":"<h2><strong>Wprowadzenie do testera kompresji work\u00f3w<\/strong><\/h2>\n<p>Tester kompresji work\u00f3w jest niezb\u0119dnym narz\u0119dziem do zapewnienia jako\u015bci materia\u0142\u00f3w opakowaniowych. Poniewa\u017c integralno\u015b\u0107 opakowania ma kluczowe znaczenie dla zapewnienia bezpiecze\u0144stwa i skuteczno\u015bci produktu, przyrz\u0105d ten odgrywa kluczow\u0105 rol\u0119 w r\u00f3\u017cnych bran\u017cach, w tym w przemy\u015ble spo\u017cywczym, farmaceutycznym, kosmetycznym i opakowa\u0144 medycznych. Zaprojektowany do oceny trwa\u0142o\u015bci i wydajno\u015bci r\u00f3\u017cnych materia\u0142\u00f3w opakowaniowych, tester kompresji work\u00f3w zapewnia, \u017ce produkty mog\u0105 wytrzyma\u0107 rygory transportu i przechowywania.<\/p>\n<h2><strong>Zastosowanie testera kompresji work\u00f3w<\/strong><\/h2>\n<p>Ten wszechstronny i precyzyjny przyrz\u0105d zosta\u0142 zaprojektowany do oceny odporno\u015bci na ci\u015bnienie szerokiej gamy materia\u0142\u00f3w opakowaniowych. Jest szczeg\u00f3lnie skuteczny w testowaniu opakowa\u0144 z folii kompozytowej, work\u00f3w infuzyjnych, plastikowych butelek infuzyjnych, work\u00f3w na krew, work\u00f3w na l\u00f3d i r\u00f3\u017cnych pojemnik\u00f3w. Symuluj\u0105c rzeczywiste warunki, tester kompresji work\u00f3w pomaga producentom zachowa\u0107 integralno\u015b\u0107 produktu i zgodno\u015b\u0107 z normami bran\u017cowymi, zmniejszaj\u0105c w ten spos\u00f3b ryzyko awarii opakowa\u0144, kt\u00f3re mog\u0105 prowadzi\u0107 do kosztownych wycofa\u0144 lub kwestii bezpiecze\u0144stwa.<\/p>\n<h2><strong>Zasada testu<\/strong><\/h2>\n<h3><strong>Umieszczenie<\/strong><\/h3>\n<p>Proces testowania rozpoczyna si\u0119 od bezpiecznego umieszczenia pr\u00f3bki materia\u0142u mi\u0119dzy g\u00f3rn\u0105 i doln\u0105 p\u0142yt\u0105 dociskow\u0105 testera. Zapewnia to dok\u0142adne i sp\u00f3jne wyniki podczas testu \u015bciskania.<\/p>\n<h3><strong>Kompresja<\/strong><\/h3>\n<p>Po umieszczeniu pr\u00f3bki na miejscu, g\u00f3rna p\u0142yta dociskowa jest aktywowana, aby przesun\u0105\u0107 si\u0119 w d\u00f3\u0142 wzgl\u0119dem materia\u0142u opakowaniowego. Dzia\u0142anie to symuluje zewn\u0119trzne naciski, kt\u00f3re opakowanie mo\u017ce napotka\u0107 podczas przenoszenia, wysy\u0142ki i przechowywania, umo\u017cliwiaj\u0105c realistyczn\u0105 ocen\u0119 wytrzyma\u0142o\u015bci materia\u0142u.<\/p>\n<h3><strong>Pomiar si\u0142y<\/strong><\/h3>\n<p>Podczas kompresji si\u0142a wywierana przez doln\u0105 p\u0142yt\u0119 dociskow\u0105 jest mierzona w czasie rzeczywistym. Dane te maj\u0105 kluczowe znaczenie dla oceny wydajno\u015bci rozerwania pr\u00f3bki i jej zdolno\u015bci do wytrzymania sta\u0142ego ci\u015bnienia. Spostrze\u017cenia uzyskane z tych pomiar\u00f3w informuj\u0105 producent\u00f3w o przydatno\u015bci r\u00f3\u017cnych materia\u0142\u00f3w i konstrukcji w warunkach napr\u0119\u017ce\u0144.<\/p>\n<h2><strong>Metody testowe<\/strong><\/h2>\n<h3><strong>Test kompresji opakowania<\/strong><\/h3>\n<p>Test kompresji opakowania jest integraln\u0105 cz\u0119\u015bci\u0105 ca\u0142ego protoko\u0142u testowego. Tester kompresji work\u00f3w oferuje dwa podstawowe tryby testowe: maksymaln\u0105 si\u0142\u0119 rozrywaj\u0105c\u0105 i sta\u0142\u0105 odporno\u015b\u0107 na ci\u015bnienie. Metody te dostarczaj\u0105 istotnych danych na temat tego, jak dobrze r\u00f3\u017cne materia\u0142y opakowaniowe mog\u0105 wytrzyma\u0107 si\u0142y zewn\u0119trzne, co ma kluczowe znaczenie dla zapewnienia bezpiecze\u0144stwa produktu i zgodno\u015bci z normami bran\u017cowymi.<\/p>\n<h3><strong>W\u0142a\u015bciwo\u015bci techniczne<\/strong><\/h3>\n<ol>\n<li><strong>Przyjazny dla u\u017cytkownika ekran dotykowy HMI<\/strong>: Upraszcza ustawianie parametr\u00f3w i testowanie w celu u\u0142atwienia obs\u0142ugi.<\/li>\n<li><strong>System sterowania PLC klasy przemys\u0142owej<\/strong>: Zapewnia niezawodn\u0105 i precyzyjn\u0105 kontrol\u0119 podczas test\u00f3w.<\/li>\n<li><strong>Dwa tryby testowe<\/strong>: Opcje maksymalnej si\u0142y rozrywaj\u0105cej i sta\u0142ej odporno\u015bci na ci\u015bnienie.<\/li>\n<li><strong>Automatyczna kompensacja sta\u0142ego ci\u015bnienia<\/strong>: Dynamicznie dostosowuje ci\u015bnienie, aby utrzyma\u0107 dok\u0142adno\u015b\u0107 testu.<\/li>\n<li><strong>Statystyki danych<\/strong>: Automatyczne gromadzenie i analiza danych w celu usprawnienia raportowania.<\/li>\n<li><strong>Urz\u0105dzenie do zbierania cieczy<\/strong>: Zapobiega zanieczyszczeniu podczas rozerwania pr\u00f3bki.<\/li>\n<li><strong>Konfigurowalne niestandardowe rozmiary test\u00f3w<\/strong>: Dostosowuje mo\u017cliwo\u015bci testowania do konkretnych potrzeb.<\/li>\n<li><strong>Opcjonalny port RS232 i oprogramowanie<\/strong>: Zapewnia zaawansowan\u0105 analiz\u0119 danych i opcje integracji.<\/li>\n<\/ol>\n<h3><strong>G\u0142\u00f3wne parametry<\/strong><\/h3>\n<table>\n<tbody>\n<tr>\n<td style=\"text-align: center;\" width=\"175\">Zakres pomiarowy<\/td>\n<td style=\"text-align: center;\" width=\"277\">2000N (inne opcjonalne)<\/td>\n<\/tr>\n<tr>\n<td style=\"text-align: center;\" width=\"175\">Dok\u0142adno\u015b\u0107 pomiaru<\/td>\n<td style=\"text-align: center;\" width=\"277\">0.5%<\/td>\n<\/tr>\n<tr>\n<td style=\"text-align: center;\" width=\"175\">Zakres czasu<\/td>\n<td style=\"text-align: center;\" width=\"277\">0~10000S<\/td>\n<\/tr>\n<tr>\n<td style=\"text-align: center;\" width=\"175\">Rozmiar p\u0142yty dociskowej<\/td>\n<td style=\"text-align: center;\" width=\"277\">250 mm * 300 mm (mo\u017cna dostosowa\u0107)<\/td>\n<\/tr>\n<tr>\n<td style=\"text-align: center;\" width=\"175\">Zasilanie<\/td>\n<td style=\"text-align: center;\" width=\"277\">220 V, 50 HZ<\/td>\n<\/tr>\n<tr>\n<td style=\"text-align: center;\" width=\"175\">Wymiar<\/td>\n<td style=\"text-align: center;\" width=\"277\">460mm*410mm*590mm<\/td>\n<\/tr>\n<\/tbody>\n<\/table>\n<h2><strong>Najcz\u0119\u015bciej zadawane pytania<\/strong><\/h2>\n<ol>\n<li><strong>Jakie rodzaje materia\u0142\u00f3w mog\u0105 by\u0107 oceniane przez tester kompresji work\u00f3w?<\/strong>\n<ul>\n<li>Tester mo\u017ce ocenia\u0107 r\u00f3\u017cne materia\u0142y, w tym folie kompozytowe, plastikowe torby i pojemniki stosowane w \u017cywno\u015bci, farmaceutykach i kosmetykach.<\/li>\n<\/ul>\n<\/li>\n<li><strong>Czym r\u00f3\u017cni si\u0119 test kompresji opakowania od innych test\u00f3w kompresji?<\/strong>\n<ul>\n<li>Test \u015bciskania opakowania w szczeg\u00f3lno\u015bci ocenia zdolno\u015b\u0107 opakowania do wytrzymywania si\u0142, kt\u00f3re mog\u0105 wyst\u0105pi\u0107 podczas transportu i przechowywania, koncentruj\u0105c si\u0119 na rzeczywistych zastosowaniach.<\/li>\n<\/ul>\n<\/li>\n<li><strong>Czy tester kompresji work\u00f3w mo\u017cna dostosowa\u0107 do konkretnych wymaga\u0144 testowych?<\/strong>\n<ul>\n<li>Tak, tester kompresji work\u00f3w mo\u017cna dostosowa\u0107 do niestandardowych rozmiar\u00f3w testowych i okre\u015blonych materia\u0142\u00f3w.<\/li>\n<\/ul>\n<\/li>\n<li><strong>Jak\u0105 maksymaln\u0105 si\u0142\u0119 mo\u017ce zmierzy\u0107 tester?<\/strong>\n<ul>\n<li>Standardowy zakres pomiarowy wynosi 2000 N, z dost\u0119pnymi opcjami dla wi\u0119kszych obci\u0105\u017ce\u0144.<\/li>\n<\/ul>\n<\/li>\n<li><strong>W jaki spos\u00f3b gromadzenie danych w czasie rzeczywistym poprawia dok\u0142adno\u015b\u0107 test\u00f3w?<\/strong>\n<ul>\n<li>Gromadzenie danych w czasie rzeczywistym pozwala na natychmiastow\u0105 analiz\u0119 wydajno\u015bci materia\u0142u pod obci\u0105\u017ceniem, zwi\u0119kszaj\u0105c dok\u0142adno\u015b\u0107 i wiarygodno\u015b\u0107 wynik\u00f3w test\u00f3w.<\/li>\n<\/ul>\n<\/li>\n<\/ol>\n<p>Tester kompresji work\u00f3w jest niezb\u0119dny do poprawy jako\u015bci opakowa\u0144 i zapewnienia, \u017ce produkty mog\u0105 wytrzyma\u0107 r\u00f3\u017cne naciski podczas transportu. Inwestuj\u0105c w ten najnowocze\u015bniejszy sprz\u0119t testuj\u0105cy, producenci mog\u0105 znacznie zmniejszy\u0107 ryzyko awarii opakowa\u0144, zabezpieczy\u0107 swoje produkty i utrzyma\u0107 swoj\u0105 reputacj\u0119 na rynku.<\/p>","protected":false},"excerpt":{"rendered":"<p>Tester kompresji work\u00f3w jest niezb\u0119dnym narz\u0119dziem do zapewnienia jako\u015bci materia\u0142\u00f3w opakowaniowych. Poniewa\u017c integralno\u015b\u0107 opakowania ma kluczowe znaczenie dla zapewnienia bezpiecze\u0144stwa i skuteczno\u015bci produktu, przyrz\u0105d ten odgrywa kluczow\u0105 rol\u0119 w r\u00f3\u017cnych bran\u017cach, w tym w przemy\u015ble spo\u017cywczym, farmaceutycznym, kosmetycznym i opakowa\u0144 medycznych. Zaprojektowany do oceny trwa\u0142o\u015bci i wydajno\u015bci r\u00f3\u017cnych materia\u0142\u00f3w opakowaniowych, tester kompresji work\u00f3w zapewnia, \u017ce produkty mog\u0105 wytrzyma\u0107 rygory transportu i przechowywania.<\/p>","protected":false},"featured_media":6245,"comment_status":"closed","ping_status":"closed","template":"","meta":{"site-sidebar-layout":"default","site-content-layout":"default","ast-global-header-display":"","ast-main-header-display":"","ast-hfb-above-header-display":"","ast-hfb-below-header-display":"","ast-hfb-mobile-header-display":"","site-post-title":"","ast-breadcrumbs-content":"","ast-featured-img":"","footer-sml-layout":"","theme-transparent-header-meta":"default","adv-header-id-meta":"","stick-header-meta":"","header-above-stick-meta":"","header-main-stick-meta":"","header-below-stick-meta":""},"product_cat":[1069,1068,953,956,955,845,1065,1064,1067,1066,1159,965,954,957,958,952,959,1070,17,149,16,160,161,162,163,164,165,166,167,168,169,170,171,172,173,95],"product_tag":[],"class_list":{"0":"post-5134","1":"product","2":"type-product","3":"status-publish","4":"has-post-thumbnail","6":"product_cat-astm-d4169","7":"product_cat-astm-d642","8":"product_cat-bursting-tester","9":"product_cat-cobb-tester","10":"product_cat-crush-tester","11":"product_cat-customization","12":"product_cat-iso-12048","13":"product_cat-iso-2234","14":"product_cat-iso-2872","15":"product_cat-iso-2874","16":"product_cat-jis-z0212","17":"product_cat-package-compression-tester","18":"product_cat-paper-tear-tester","19":"product_cat-plybond-tester","20":"product_cat-puncture-tester","21":"product_cat-rub-tester","22":"product_cat-stiffness-tester","23":"product_cat-tappi-t804","24":"product_cat-package-container-testers","25":"product_cat-pharma-and-medical-testers","26":"product_cat-plastic-packaging-testers","27":"product_cat-iso-3034","28":"product_cat-iso-37","29":"product_cat-iso-4593","30":"product_cat-iso-5084","31":"product_cat-iso-534","32":"product_cat-iso-6383","33":"product_cat-iso-6710","34":"product_cat-iso-719","35":"product_cat-iso-720","36":"product_cat-iso-7765-1","37":"product_cat-iso-8295","38":"product_cat-iso-8510-2","39":"product_cat-iso-9073-2","40":"product_cat-iso-9187","41":"product_cat-products","42":"desktop-align-left","43":"tablet-align-left","44":"mobile-align-left","46":"first","47":"instock","48":"shipping-taxable","49":"product-type-simple"},"_links":{"self":[{"href":"https:\/\/www.qualitester.com\/pl\/wp-json\/wp\/v2\/product\/5134","targetHints":{"allow":["GET"]}}],"collection":[{"href":"https:\/\/www.qualitester.com\/pl\/wp-json\/wp\/v2\/product"}],"about":[{"href":"https:\/\/www.qualitester.com\/pl\/wp-json\/wp\/v2\/types\/product"}],"replies":[{"embeddable":true,"href":"https:\/\/www.qualitester.com\/pl\/wp-json\/wp\/v2\/comments?post=5134"}],"version-history":[{"count":0,"href":"https:\/\/www.qualitester.com\/pl\/wp-json\/wp\/v2\/product\/5134\/revisions"}],"wp:featuredmedia":[{"embeddable":true,"href":"https:\/\/www.qualitester.com\/pl\/wp-json\/wp\/v2\/media\/6245"}],"wp:attachment":[{"href":"https:\/\/www.qualitester.com\/pl\/wp-json\/wp\/v2\/media?parent=5134"}],"wp:term":[{"taxonomy":"product_cat","embeddable":true,"href":"https:\/\/www.qualitester.com\/pl\/wp-json\/wp\/v2\/product_cat?post=5134"},{"taxonomy":"product_tag","embeddable":true,"href":"https:\/\/www.qualitester.com\/pl\/wp-json\/wp\/v2\/product_tag?post=5134"}],"curies":[{"name":"wp","href":"https:\/\/api.w.org\/{rel}","templated":true}]}}