{"id":5133,"date":"2024-10-30T17:09:27","date_gmt":"2024-10-30T09:09:27","guid":{"rendered":"https:\/\/www.qualitester.com\/?post_type=product&#038;p=5133"},"modified":"2024-12-06T09:53:47","modified_gmt":"2024-12-06T01:53:47","slug":"sale-medical-device-packaging-testing-machine","status":"publish","type":"product","link":"https:\/\/www.qualitester.com\/pl\/produkt-2\/sale-medical-device-packaging-testing-machine\/","title":{"rendered":"MPT-01 Tester opakowa\u0144 medycznych"},"content":{"rendered":"<h2><strong>Wprowadzenie<\/strong><\/h2>\n<p>The <strong>Maszyna do testowania opakowa\u0144 urz\u0105dze\u0144 medycznych<\/strong> jest niezb\u0119dnym narz\u0119dziem w przemy\u015ble medycznym i farmaceutycznym, zaprojektowanym do oceny w\u0142a\u015bciwo\u015bci mechanicznych materia\u0142\u00f3w opakowaniowych dla urz\u0105dze\u0144 medycznych i produkt\u00f3w farmaceutycznych. Maszyna ta odgrywa kluczow\u0105 rol\u0119 w zapewnieniu integralno\u015bci i bezpiecze\u0144stwa opakowa\u0144, pomagaj\u0105c producentom w przestrzeganiu rygorystycznych norm regulacyjnych.<\/p>\n<h2><strong>Zastosowania<\/strong><\/h2>\n<p>Ta wszechstronna maszyna jest w stanie przetestowa\u0107 szerok\u0105 gam\u0119 materia\u0142\u00f3w powszechnie stosowanych w opakowaniach medycznych, w tym polimery, torby, ampu\u0142ki, gumowe korki, strzykawki i ig\u0142y. Oceniaj\u0105c te materia\u0142y, maszyna do testowania opakowa\u0144 wyrob\u00f3w medycznych pomaga zagwarantowa\u0107, \u017ce opakowanie mo\u017ce wytrzyma\u0107 r\u00f3\u017cne warunki podczas transportu i przechowywania.<\/p>\n<h2><strong>Metody testowe<\/strong><\/h2>\n<p>Maszyna do testowania opakowa\u0144 urz\u0105dze\u0144 medycznych przeprowadza kilka kluczowych test\u00f3w w celu zapewnienia jako\u015bci materia\u0142\u00f3w opakowaniowych:<\/p>\n<ul>\n<li><strong>Testy na rozci\u0105ganie:<\/strong> Zmierz si\u0142\u0119 wymagan\u0105 do rozerwania materia\u0142\u00f3w.<\/li>\n<li><strong>Testy \u015bciskania:<\/strong> Ocena zdolno\u015bci opakowania do wytrzymania nacisku zewn\u0119trznego.<\/li>\n<li><strong>Testy \u0142ez:<\/strong> Ocena odporno\u015bci materia\u0142\u00f3w na rozdarcie.<\/li>\n<li><strong>Testy si\u0142y otwarcia:<\/strong> Okre\u015bli\u0107 si\u0142\u0119 potrzebn\u0105 do otwarcia zamkni\u0119tego opakowania.<\/li>\n<li><strong>Testy penetracyjne:<\/strong> Sprawd\u017a integralno\u015b\u0107 gumowych kork\u00f3w i uszczelek.<\/li>\n<li><strong>Testy wytrzyma\u0142o\u015bci na zerwanie:<\/strong> Oce\u0144 maksymalne obci\u0105\u017cenie, jakie materia\u0142 mo\u017ce wytrzyma\u0107 przed uszkodzeniem.<\/li>\n<li><strong>Testy ci\u0105gni\u0119cia:<\/strong> Pomiar wytrzyma\u0142o\u015bci po\u0142\u0105cze\u0144 w elementach opakowania.<\/li>\n<\/ul>\n<h2><strong>Wszechstronno\u015b\u0107<\/strong><\/h2>\n<p>To urz\u0105dzenie obs\u0142uguje r\u00f3\u017cne testy niezb\u0119dne do zapewnienia jako\u015bci opakowa\u0144 medycznych. Kluczowe testy obejmuj\u0105:<\/p>\n<ul>\n<li><strong>Test penetracji gumowych kork\u00f3w<\/strong> w butelkach z antybiotykami i ig\u0142ach podsk\u00f3rnych: Zapewnia, \u017ce zatyczki zachowuj\u0105 swoj\u0105 integralno\u015b\u0107 po przebiciu.<\/li>\n<li><strong>Test wytrzyma\u0142o\u015bci na z\u0142amanie<\/strong> butelek z ampu\u0142kami: Testuje odporno\u015b\u0107 butelek na st\u0142uczenie.<\/li>\n<li><strong>Test szczelno\u015bci<\/strong> opakowa\u0144 plastikowych pod ci\u015bnieniem zewn\u0119trznym: Weryfikuje integralno\u015b\u0107 uszczelnienia opakowania.<\/li>\n<li><strong>Test si\u0142y po\u0142\u0105czenia<\/strong> mi\u0119dzy ig\u0142ami podsk\u00f3rnymi a piastami\/nak\u0142adkami na ig\u0142y: Ocenia niezawodno\u015b\u0107 tych po\u0142\u0105cze\u0144.<\/li>\n<li><strong>Test sztywno\u015bci butelki:<\/strong> Mierzy sztywno\u015b\u0107 butelek, aby zapobiec ich deformacji.<\/li>\n<li><strong>Test przebicia wieczka butelki<\/strong> za pomoc\u0105 animowanego palca: Ocenia odporno\u015b\u0107 pokrywek na przebicie.<\/li>\n<li><strong>Test odporno\u015bci na po\u015blizg<\/strong> t\u0142ok\u00f3w: Testuje wydajno\u015b\u0107 ruchomych komponent\u00f3w w urz\u0105dzeniach medycznych.<\/li>\n<\/ul>\n<h2><strong>W\u0142a\u015bciwo\u015bci techniczne<\/strong><\/h2>\n<p>Maszyna do testowania opakowa\u0144 urz\u0105dze\u0144 medycznych jest wyposa\u017cona w zaawansowane funkcje techniczne w celu zwi\u0119kszenia jej wydajno\u015bci:<\/p>\n<ul>\n<li><strong>Programowalny sterownik logiczny (PLC):<\/strong> Zapewnia stabiln\u0105 i niezawodn\u0105 kontrol\u0119.<\/li>\n<li><strong>Ekran dotykowy interfejsu cz\u0142owiek-maszyna (HMI):<\/strong> Zapewnia przyjazn\u0105 dla u\u017cytkownika obs\u0142ug\u0119.<\/li>\n<li><strong>Precyzyjny kulowy mechanizm \u015bruby poci\u0105gowej:<\/strong> Gwarantuje dok\u0142adn\u0105 i sta\u0142\u0105 kontrol\u0119 pr\u0119dko\u015bci i przemieszczenia.<\/li>\n<li><strong>Konfigurowalne programy:<\/strong> Zaprojektowany, aby spe\u0142ni\u0107 okre\u015blone wymagania testowe.<\/li>\n<li><strong>Regulowana pr\u0119dko\u015b\u0107 testu:<\/strong> Umo\u017cliwia elastyczno\u015b\u0107 w warunkach testowania.<\/li>\n<li><strong>Wiele urz\u0105dze\u0144:<\/strong> Dost\u0119pne do test\u00f3w ci\u0105gni\u0119cia i \u015bciskania, dostosowane do okre\u015blonych materia\u0142\u00f3w.<\/li>\n<li><strong>Funkcje bezpiecze\u0144stwa:<\/strong> Zawiera zabezpieczenie przed przekroczeniem limitu i automatyczny powr\u00f3t do bezpiecznej pracy.<\/li>\n<\/ul>\n<h2><strong>G\u0142\u00f3wne parametry<\/strong><\/h2>\n<table>\n<tbody>\n<tr>\n<td style=\"text-align: center;\" width=\"175\">Zakres testu<\/td>\n<td style=\"text-align: center;\" width=\"277\">500N (lub zgodnie z wymaganiami)<\/td>\n<\/tr>\n<tr>\n<td style=\"text-align: center;\" width=\"175\">Udar<\/td>\n<td style=\"text-align: center;\" width=\"277\">200 mm (bez zacisku)<\/td>\n<\/tr>\n<tr>\n<td style=\"text-align: center;\" width=\"175\">Pr\u0119dko\u015b\u0107 testu<\/td>\n<td style=\"text-align: center;\" width=\"277\">1~500 mm\/min<\/td>\n<\/tr>\n<tr>\n<td style=\"text-align: center;\" width=\"175\">Dok\u0142adno\u015b\u0107 przemieszczenia<\/td>\n<td style=\"text-align: center;\" width=\"277\">0,01 mm<\/td>\n<\/tr>\n<tr>\n<td style=\"text-align: center;\" width=\"175\">Dok\u0142adno\u015b\u0107<\/td>\n<td style=\"text-align: center;\" width=\"277\">0.5% F.S.<\/td>\n<\/tr>\n<tr>\n<td style=\"text-align: center;\" width=\"175\">Kontrola<\/td>\n<td style=\"text-align: center;\" width=\"277\">PLC i interfejs cz\u0142owiek-maszyna<\/td>\n<\/tr>\n<tr>\n<td style=\"text-align: center;\" width=\"175\">Wyj\u015bcie<\/td>\n<td style=\"text-align: center;\" width=\"277\">Ekran, mikrodrukarka, RS232 (opcjonalnie)<\/td>\n<\/tr>\n<tr>\n<td style=\"text-align: center;\" width=\"175\">Moc<\/td>\n<td style=\"text-align: center;\" width=\"277\">110~220V<\/td>\n<\/tr>\n<\/tbody>\n<\/table>","protected":false},"excerpt":{"rendered":"<p>The <strong>Maszyna do testowania opakowa\u0144 urz\u0105dze\u0144 medycznych<\/strong> jest niezb\u0119dnym narz\u0119dziem w przemy\u015ble medycznym i farmaceutycznym, zaprojektowanym do oceny w\u0142a\u015bciwo\u015bci mechanicznych materia\u0142\u00f3w opakowaniowych dla urz\u0105dze\u0144 medycznych i produkt\u00f3w farmaceutycznych. Maszyna ta odgrywa kluczow\u0105 rol\u0119 w zapewnieniu integralno\u015bci i bezpiecze\u0144stwa opakowa\u0144, pomagaj\u0105c producentom w przestrzeganiu rygorystycznych norm regulacyjnych.<\/p>","protected":false},"featured_media":6319,"comment_status":"closed","ping_status":"closed","template":"","meta":{"site-sidebar-layout":"default","site-content-layout":"default","ast-global-header-display":"","ast-main-header-display":"","ast-hfb-above-header-display":"","ast-hfb-below-header-display":"","ast-hfb-mobile-header-display":"","site-post-title":"","ast-breadcrumbs-content":"","ast-featured-img":"","footer-sml-layout":"","theme-transparent-header-meta":"default","adv-header-id-meta":"","stick-header-meta":"","header-above-stick-meta":"","header-main-stick-meta":"","header-below-stick-meta":""},"product_cat":[95,933,845,679,149],"product_tag":[],"class_list":{"0":"post-5133","1":"product","2":"type-product","3":"status-publish","4":"has-post-thumbnail","6":"product_cat-products","7":"product_cat-ampoule-breaking-tester","8":"product_cat-customization","9":"product_cat-tensile-tester","10":"product_cat-pharma-and-medical-testers","11":"desktop-align-left","12":"tablet-align-left","13":"mobile-align-left","15":"first","16":"instock","17":"shipping-taxable","18":"product-type-simple"},"_links":{"self":[{"href":"https:\/\/www.qualitester.com\/pl\/wp-json\/wp\/v2\/product\/5133","targetHints":{"allow":["GET"]}}],"collection":[{"href":"https:\/\/www.qualitester.com\/pl\/wp-json\/wp\/v2\/product"}],"about":[{"href":"https:\/\/www.qualitester.com\/pl\/wp-json\/wp\/v2\/types\/product"}],"replies":[{"embeddable":true,"href":"https:\/\/www.qualitester.com\/pl\/wp-json\/wp\/v2\/comments?post=5133"}],"version-history":[{"count":0,"href":"https:\/\/www.qualitester.com\/pl\/wp-json\/wp\/v2\/product\/5133\/revisions"}],"wp:featuredmedia":[{"embeddable":true,"href":"https:\/\/www.qualitester.com\/pl\/wp-json\/wp\/v2\/media\/6319"}],"wp:attachment":[{"href":"https:\/\/www.qualitester.com\/pl\/wp-json\/wp\/v2\/media?parent=5133"}],"wp:term":[{"taxonomy":"product_cat","embeddable":true,"href":"https:\/\/www.qualitester.com\/pl\/wp-json\/wp\/v2\/product_cat?post=5133"},{"taxonomy":"product_tag","embeddable":true,"href":"https:\/\/www.qualitester.com\/pl\/wp-json\/wp\/v2\/product_tag?post=5133"}],"curies":[{"name":"wp","href":"https:\/\/api.w.org\/{rel}","templated":true}]}}