{"id":5132,"date":"2024-10-30T17:07:18","date_gmt":"2024-10-30T09:07:18","guid":{"rendered":"https:\/\/www.qualitester.com\/?post_type=product&#038;p=5132"},"modified":"2024-12-05T11:37:45","modified_gmt":"2024-12-05T03:37:45","slug":"sale-glass-grains-sampler-for-hydrolytic-resistance","status":"publish","type":"product","link":"https:\/\/www.qualitester.com\/pl\/produkt-2\/sale-glass-grains-sampler-for-hydrolytic-resistance\/","title":{"rendered":"Szklany pr\u00f3bnik ziarna GHR-01A"},"content":{"rendered":"<h2><strong>Wprowadzenie do pr\u00f3bnika ziaren szklanych GHR-01A do pomiaru odporno\u015bci hydrolitycznej<\/strong><\/h2>\n<p>The <strong>GHR-01A Pr\u00f3bnik ziaren szklanych dla odporno\u015bci hydrolitycznej<\/strong>\u00a0to zaawansowane urz\u0105dzenie zaprojektowane do oceny stabilno\u015bci chemicznej materia\u0142\u00f3w szklanych wzgl\u0119dem wody. Ten kluczowy test kontroli jako\u015bci jest niezb\u0119dny w przemy\u015ble farmaceutycznym, poniewa\u017c okre\u015bla, w jaki spos\u00f3b materia\u0142y opakowaniowe, takie jak szklane butelki i ampu\u0142ki, oddzia\u0142uj\u0105 z zawartymi w nich lekami, bezpo\u015brednio wp\u0142ywaj\u0105c na stabilno\u015b\u0107 i bezpiecze\u0144stwo tych produkt\u00f3w.<\/p>\n<h3><strong>Zrozumienie test\u00f3w odporno\u015bci hydrolitycznej<\/strong><\/h3>\n<p>Testy odporno\u015bci hydrolitycznej oceniaj\u0105 tendencj\u0119 materia\u0142\u00f3w szklanych do degradacji w kontakcie z wod\u0105. Degradacja ta mo\u017ce uwalnia\u0107 jony, kt\u00f3re mog\u0105 zagra\u017ca\u0107 skuteczno\u015bci farmaceutyk\u00f3w. Zapewnienie, \u017ce opakowania szklane wykazuj\u0105 wysok\u0105 odporno\u015b\u0107 hydrolityczn\u0105, ma zasadnicze znaczenie dla utrzymania integralno\u015bci produkt\u00f3w leczniczych i zapobiegania niepo\u017c\u0105danym reakcjom.<\/p>\n<h3><strong>Normy dotycz\u0105ce badania odporno\u015bci hydrolitycznej<\/strong><\/h3>\n<ul>\n<li><strong><a href=\"https:\/\/www.iso.org\/standard\/77843.html\" target=\"_blank\" rel=\"noopener nofollow\">ISO 719<\/a>: Szk\u0142o - Odporno\u015b\u0107 hydrolityczna ziaren szk\u0142a w temperaturze 98 \u2103<\/strong><br \/>\nNiniejsza norma okre\u015bla metod\u0119 badania i klasyfikacj\u0119 do oceny odporno\u015bci hydrolitycznej ziaren szk\u0142a w temperaturze 98 \u2103. Zawiera wytyczne dotycz\u0105ce sposobu przygotowania pr\u00f3bek i oceny ich odporno\u015bci na wod\u0119, co ma kluczowe znaczenie dla zapewnienia, \u017ce opakowania szklane zachowuj\u0105 swoj\u0105 integralno\u015b\u0107 w typowych warunkach przechowywania.<\/li>\n<li><strong><a href=\"https:\/\/www.iso.org\/standard\/77844.html\" target=\"_blank\" rel=\"noopener nofollow\">ISO 720<\/a>: Szk\u0142o - Odporno\u015b\u0107 hydrolityczna ziaren szk\u0142a w temperaturze 121 \u2103<\/strong><br \/>\nPodobny do <a href=\"https:\/\/www.qualitester.com\/pl\/kategoria-produktu\/iso\/iso-719\/\" target=\"_blank\" rel=\"noopener\">ISO 719<\/a>, Norma ta koncentruje si\u0119 na testowaniu ziaren szk\u0142a w podwy\u017cszonej temperaturze 121 \u2103. Oferuje rygorystyczn\u0105 metodologi\u0119 oceny dzia\u0142ania materia\u0142\u00f3w szklanych w bardziej ekstremalnych warunkach, co jest szczeg\u00f3lnie istotne w procesach sterylizacji.<\/li>\n<\/ul>\n<h3><strong>Metodologia test\u00f3w<\/strong><\/h3>\n<p>Proces testowania polega na umieszczeniu szklanej pr\u00f3bki w mo\u017adzierzu, gdzie zautomatyzowany t\u0142uczek opada, aby zmia\u017cd\u017cy\u0107 szk\u0142o na fragmenty. Nast\u0119pnie urz\u0105dzenie wibruje seri\u0119 sit, oddzielaj\u0105c zakwalifikowane pr\u00f3bki od odpad\u00f3w w postaci szklanych granulek. To zautomatyzowane podej\u015bcie zapewnia, \u017ce pr\u00f3bki s\u0105 przygotowywane dok\u0142adnie i wydajnie, zgodnie ze standardami okre\u015blonymi w normach ISO 719 i ISO 720.<\/p>\n<h2><strong>Cechy i zalety testera GHR-01A<\/strong><\/h2>\n<ol>\n<li><strong>Inteligentna automatyzacja<\/strong>: GHR-01A \u0142\u0105czy kruszenie i przesiewanie wibracyjne w jednym urz\u0105dzeniu, u\u0142atwiaj\u0105c p\u0142ynne przygotowanie pr\u00f3bek i zapewniaj\u0105c standardowe rozmiary pr\u00f3bek.<\/li>\n<li><strong>Przyjazny dla u\u017cytkownika interfejs<\/strong>: Operacje na ekranie HMI zapewniaj\u0105 prost\u0105 interakcj\u0119 cz\u0142owiek-maszyna, u\u0142atwiaj\u0105c operatorom zarz\u0105dzanie procesem testowania.<\/li>\n<li><strong>Funkcje bezpiecze\u0144stwa<\/strong>: Ograniczona obs\u0142uga r\u0119czna zwi\u0119ksza bezpiecze\u0144stwo personelu, a wbudowane urz\u0105dzenia zabezpieczaj\u0105ce chroni\u0105 przed rozpryskami szk\u0142a, zachowuj\u0105c integralno\u015b\u0107 testu.<\/li>\n<li><strong>Konstrukcja przyjazna dla \u015brodowiska<\/strong>: Urz\u0105dzenie obejmuje specjalistyczn\u0105 zbi\u00f3rk\u0119 odpad\u00f3w szklanych w celu zminimalizowania wp\u0142ywu na \u015brodowisko.<\/li>\n<li><strong>Precyzyjne testowanie<\/strong>: Zautomatyzowane przesiewanie poprawia dok\u0142adno\u015b\u0107, umo\u017cliwiaj\u0105c uzyskanie wiarygodnych wynik\u00f3w.<\/li>\n<li><strong>Funkcja wy\u0142\u0105cznika kra\u0144cowego<\/strong>: Dodatkowe \u015brodki bezpiecze\u0144stwa zapobiegaj\u0105 zagro\u017ceniom operacyjnym.<\/li>\n<li><strong>Zoptymalizowany projekt<\/strong>: Pionowy uk\u0142ad zmniejsza wp\u0142yw grawitacji na wi\u0119ksze pr\u00f3bki, zapewniaj\u0105c sp\u00f3jne wyniki test\u00f3w.<\/li>\n<\/ol>\n<h3><strong>G\u0142\u00f3wne parametry<\/strong><\/h3>\n<table>\n<tbody>\n<tr>\n<td style=\"text-align: center;\" width=\"202\">Wymiar zaprawy\/sztyftu<\/td>\n<td style=\"text-align: center;\" width=\"151\">\u03a650\/\u03a648 mm<\/td>\n<\/tr>\n<tr>\n<td style=\"text-align: center;\" width=\"202\">Sito A Przys\u0142ona<\/td>\n<td style=\"text-align: center;\" width=\"151\">425\u03bcm<\/td>\n<\/tr>\n<tr>\n<td style=\"text-align: center;\" width=\"202\">Sito B Przys\u0142ona<\/td>\n<td style=\"text-align: center;\" width=\"151\">300 \u03bcm<\/td>\n<\/tr>\n<tr>\n<td style=\"text-align: center;\" width=\"202\">Sito O Przys\u0142ona<\/td>\n<td style=\"text-align: center;\" width=\"151\">600\u03bcm\u03bcm<\/td>\n<\/tr>\n<tr>\n<td style=\"text-align: center;\" width=\"202\">Czas trwania wytrz\u0105sania sita<\/td>\n<td style=\"text-align: center;\" width=\"151\">5min<\/td>\n<\/tr>\n<tr>\n<td style=\"text-align: center;\" width=\"202\">Ci\u015bnienie gazu<\/td>\n<td style=\"text-align: center;\" width=\"151\">0,5 Mpa<\/td>\n<\/tr>\n<tr>\n<td style=\"text-align: center;\" width=\"202\">Rozmiar portu gazu<\/td>\n<td style=\"text-align: center;\" width=\"151\">\u04246 mm<\/td>\n<\/tr>\n<tr>\n<td style=\"text-align: center;\" width=\"202\">Moc<\/td>\n<td style=\"text-align: center;\" width=\"151\">AC 110~220V 50Hz<\/td>\n<\/tr>\n<\/tbody>\n<\/table>\n<h2><strong>Zastosowania testera GHR-01A<\/strong><\/h2>\n<p>GHR-01A jest niezb\u0119dny do szerokiego zakresu zastosowa\u0144, szczeg\u00f3lnie w przemy\u015ble farmaceutycznym i urz\u0105dze\u0144 medycznych. Jest idealny do przygotowywania pr\u00f3bek odporno\u015bci hydrolitycznej granulek szklanych stosowanych w r\u00f3\u017cnych produktach ze szk\u0142a medycznego, w tym butelek infuzyjnych, butelek iniekcyjnych, ampu\u0142ek i butelek na p\u0142yny doustne.<\/p>\n<p>Podsumowuj\u0105c <strong>GHR-01A Tester odporno\u015bci hydrolitycznej ziaren szk\u0142a<\/strong> to zaawansowane rozwi\u0105zanie zapewniaj\u0105ce jako\u015b\u0107 i bezpiecze\u0144stwo szklanych opakowa\u0144 medycznych. Dzi\u0119ki zgodno\u015bci z normami ISO, urz\u0105dzenie to zapewnia wiarygodne wyniki, kt\u00f3re maj\u0105 kluczowe znaczenie dla utrzymania integralno\u015bci produkt\u00f3w farmaceutycznych. Wybierz GHR-01A dla swoich potrzeb testowych, aby zapewni\u0107 najwy\u017csze standardy kontroli jako\u015bci.<\/p>\n<h2><strong>Najcz\u0119\u015bciej zadawane pytania<\/strong><\/h2>\n<ol>\n<li><strong>Czym jest odporno\u015b\u0107 hydrolityczna?<\/strong> Odporno\u015b\u0107 hydrolityczna odnosi si\u0119 do zdolno\u015bci materia\u0142\u00f3w szklanych do odporno\u015bci na degradacj\u0119 pod wp\u0142ywem wody, co ma kluczowe znaczenie dla utrzymania stabilno\u015bci farmaceutycznej.<\/li>\n<li><strong>Jak dzia\u0142a tester GHR-01A?<\/strong> Tester automatycznie kruszy szklane pr\u00f3bki i wibruje sita w celu oddzielenia zgodnych granulek od odpad\u00f3w, usprawniaj\u0105c proces testowania.<\/li>\n<li><strong>Jakie standardy spe\u0142nia GHR-01A?<\/strong> GHR-01A jest zgodny z normami ISO 719 i ISO 720 dotycz\u0105cymi testowania odporno\u015bci hydrolitycznej ziaren szk\u0142a.<\/li>\n<li><strong>Jakie rodzaje produkt\u00f3w mog\u0105 by\u0107 testowane?<\/strong> GHR-01A nadaje si\u0119 do testowania szk\u0142a u\u017cywanego w butelkach infuzyjnych, butelkach iniekcyjnych, ampu\u0142kach i pojemnikach na p\u0142yny doustne.<\/li>\n<li><strong>Czy proces testowania jest bezpieczny?<\/strong> Tak, GHR-01A zosta\u0142 zaprojektowany z wieloma funkcjami bezpiecze\u0144stwa w celu ochrony personelu i utrzymania integralno\u015bci testu.<\/li>\n<\/ol>","protected":false},"excerpt":{"rendered":"<p>The <strong>GHR-01A Pr\u00f3bnik ziaren szklanych dla odporno\u015bci hydrolitycznej<\/strong>\u00a0to zaawansowane urz\u0105dzenie zaprojektowane do oceny stabilno\u015bci chemicznej materia\u0142\u00f3w szklanych wzgl\u0119dem wody. Ten kluczowy test kontroli jako\u015bci jest niezb\u0119dny w przemy\u015ble farmaceutycznym, poniewa\u017c okre\u015bla, w jaki spos\u00f3b materia\u0142y opakowaniowe, takie jak szklane butelki i ampu\u0142ki, oddzia\u0142uj\u0105 z zawartymi w nich lekami, bezpo\u015brednio wp\u0142ywaj\u0105c na stabilno\u015b\u0107 i bezpiecze\u0144stwo tych produkt\u00f3w.<\/p>","protected":false},"featured_media":6209,"comment_status":"closed","ping_status":"closed","template":"","meta":{"site-sidebar-layout":"default","site-content-layout":"default","ast-global-header-display":"","ast-main-header-display":"","ast-hfb-above-header-display":"","ast-hfb-below-header-display":"","ast-hfb-mobile-header-display":"","site-post-title":"","ast-breadcrumbs-content":"","ast-featured-img":"","footer-sml-layout":"","theme-transparent-header-meta":"default","adv-header-id-meta":"","stick-header-meta":"","header-above-stick-meta":"","header-main-stick-meta":"","header-below-stick-meta":""},"product_cat":[845,149,167,168,95],"product_tag":[],"class_list":{"0":"post-5132","1":"product","2":"type-product","3":"status-publish","4":"has-post-thumbnail","6":"product_cat-customization","7":"product_cat-pharma-and-medical-testers","8":"product_cat-iso-719","9":"product_cat-iso-720","10":"product_cat-products","11":"desktop-align-left","12":"tablet-align-left","13":"mobile-align-left","15":"first","16":"instock","17":"shipping-taxable","18":"product-type-simple"},"_links":{"self":[{"href":"https:\/\/www.qualitester.com\/pl\/wp-json\/wp\/v2\/product\/5132","targetHints":{"allow":["GET"]}}],"collection":[{"href":"https:\/\/www.qualitester.com\/pl\/wp-json\/wp\/v2\/product"}],"about":[{"href":"https:\/\/www.qualitester.com\/pl\/wp-json\/wp\/v2\/types\/product"}],"replies":[{"embeddable":true,"href":"https:\/\/www.qualitester.com\/pl\/wp-json\/wp\/v2\/comments?post=5132"}],"version-history":[{"count":0,"href":"https:\/\/www.qualitester.com\/pl\/wp-json\/wp\/v2\/product\/5132\/revisions"}],"wp:featuredmedia":[{"embeddable":true,"href":"https:\/\/www.qualitester.com\/pl\/wp-json\/wp\/v2\/media\/6209"}],"wp:attachment":[{"href":"https:\/\/www.qualitester.com\/pl\/wp-json\/wp\/v2\/media?parent=5132"}],"wp:term":[{"taxonomy":"product_cat","embeddable":true,"href":"https:\/\/www.qualitester.com\/pl\/wp-json\/wp\/v2\/product_cat?post=5132"},{"taxonomy":"product_tag","embeddable":true,"href":"https:\/\/www.qualitester.com\/pl\/wp-json\/wp\/v2\/product_tag?post=5132"}],"curies":[{"name":"wp","href":"https:\/\/api.w.org\/{rel}","templated":true}]}}