{"id":5131,"date":"2024-10-30T17:07:00","date_gmt":"2024-10-30T09:07:00","guid":{"rendered":"https:\/\/www.qualitester.com\/?post_type=product&#038;p=5131"},"modified":"2026-04-22T12:02:56","modified_gmt":"2026-04-22T04:02:56","slug":"sale-yogurt-container-lid-film-peel-tester","status":"publish","type":"product","link":"https:\/\/www.qualitester.com\/pl\/produkt-2\/sale-yogurt-container-lid-film-peel-tester\/","title":{"rendered":"Tester obierania kubk\u00f3w i pojemnik\u00f3w CCPT-01"},"content":{"rendered":"<h2><strong>Wprowadzenie<\/strong><\/h2>\n<p>The <strong>Tester zdzierania folii z pokrywki pojemnika na jogurt<\/strong> jest niezb\u0119dnym przyrz\u0105dem do pomiaru wytrzyma\u0142o\u015bci mechanicznej wieczek pojemnik\u00f3w na jogurt. Tester ten zapewnia integralno\u015b\u0107 produktu i bezpiecze\u0144stwo konsument\u00f3w poprzez ocen\u0119 si\u0142 wymaganych do oderwania wieczka od pojemnika. W bran\u017cy, w kt\u00f3rej jako\u015b\u0107 opakowa\u0144 ma bezpo\u015bredni wp\u0142yw na zaufanie konsument\u00f3w, tester ten odgrywa kluczow\u0105 rol\u0119 w sektorze opakowa\u0144 do \u017cywno\u015bci.<\/p>\n<h2><strong>Przegl\u0105d standard\u00f3w<\/strong><\/h2>\n<h3><strong><a href=\"https:\/\/www.qualitester.com\/pl\/standards\/astm-f2824\/\" target=\"_blank\" rel=\"noopener\">ASTM F2824<\/a>: Standardowa metoda badania wytrzyma\u0142o\u015bci uszczelnienia mechanicznego<\/strong><\/h3>\n<p><a href=\"https:\/\/www.qualitester.com\/pl\/kategoria-produktu\/astm\/astm-f2824\/\" target=\"_blank\" rel=\"noopener\">ASTM F2824<\/a> to uznana norma, kt\u00f3ra okre\u015bla metodologi\u0119 oceny wytrzyma\u0142o\u015bci mechanicznej uszczelnienia okr\u0105g\u0142ych kubk\u00f3w i pojemnik\u00f3w miskowych wyposa\u017conych w elastyczne pokrywki zrywalne. Norma ta zawiera szczeg\u00f3\u0142owe instrukcje dotycz\u0105ce przeprowadzania test\u00f3w odrywania, podkre\u015blaj\u0105c znaczenie testowania w sta\u0142ych warunkach. Typowy k\u0105t odrywania dla tych test\u00f3w wynosi 45 stopni, jednak metoda dopuszcza inne k\u0105ty w celu dostosowania do r\u00f3\u017cnych wymaga\u0144 testowych.<\/p>\n<h3><strong>Inne istotne normy<\/strong><\/h3>\n<p>Opr\u00f3cz normy ASTM F2824, normy <strong>Tester zdzierania folii z pokrywki pojemnika na jogurt<\/strong> przestrzega normy ISO 17480, kt\u00f3ra dodatkowo kieruje testami wytrzyma\u0142o\u015bci mechanicznej uszczelnie\u0144 materia\u0142\u00f3w opakowaniowych. Normy te zapewniaj\u0105, \u017ce proces testowania jest zgodny z globalnymi \u015brodkami zapewnienia jako\u015bci.<\/p>\n<h2><strong>Zastosowanie<\/strong><\/h2>\n<p>The <strong>Tester zdzierania folii z pokrywki pojemnika na jogurt<\/strong> jest specjalnie zaprojektowany do pojemnik\u00f3w na jogurt, ale jest wystarczaj\u0105co wszechstronny, aby pomie\u015bci\u0107 r\u00f3\u017cne rodzaje opakowa\u0144, w tym gotowe posi\u0142ki, \u015bmietanki i inne produkty spo\u017cywcze w sztywnych lub p\u00f3\u0142sztywnych pojemnikach. Mo\u017cliwo\u015b\u0107 testowania r\u00f3\u017cnych kszta\u0142t\u00f3w pojemnik\u00f3w - okr\u0105g\u0142ych, owalnych i prostok\u0105tnych - zapewnia producentom utrzymanie wysokich standard\u00f3w jako\u015bci we wszystkich liniach produkt\u00f3w.<\/p>\n<h3><strong>Korzy\u015bci<\/strong><\/h3>\n<ol>\n<li><strong>Solidna konstrukcja<\/strong>\n<ul>\n<li>Wyposa\u017cony w wewn\u0119trzn\u0105 struktur\u0119 tr\u00f3jfilarow\u0105 i silnik krokowy, tester ten gwarantuje wyj\u0105tkow\u0105 stabilno\u015b\u0107 podczas test\u00f3w. Jego konstrukcja pozwala na szeroki zakres zastosowa\u0144, dzi\u0119ki czemu nadaje si\u0119 do r\u00f3\u017cnych kszta\u0142t\u00f3w i rozmiar\u00f3w pojemnik\u00f3w.<\/li>\n<\/ul>\n<\/li>\n<li><strong>Przyjazny dla u\u017cytkownika interfejs<\/strong>\n<ul>\n<li>Zintegrowany sterownik PLC (Programmable Logic Controller) i interfejs HMI (Human-Machine Interface) zapewniaj\u0105 kolorowy wy\u015bwietlacz do intuicyjnej obs\u0142ugi, upraszczaj\u0105c proces testowania dla u\u017cytkownik\u00f3w.<\/li>\n<\/ul>\n<\/li>\n<li><strong>Wszechstronne opcje testowania<\/strong>\n<ul>\n<li>Tester oferuje bezstopniow\u0105 regulacj\u0119 pr\u0119dko\u015bci, umo\u017cliwiaj\u0105c u\u017cytkownikom dostosowanie pr\u0119dko\u015bci testowania do ich potrzeb. Zar\u00f3wno r\u0119czne (click-to-move), jak i automatyczne opcje inicjowania testu zapewniaj\u0105 elastyczno\u015b\u0107 dzia\u0142ania.<\/li>\n<\/ul>\n<\/li>\n<li><strong>Funkcje bezpiecze\u0144stwa<\/strong>\n<ul>\n<li>Wyposa\u017cony w zabezpieczenie przed przeci\u0105\u017ceniem i skokiem, tester chroni zar\u00f3wno urz\u0105dzenie, jak i u\u017cytkownika. Obs\u0142uguje r\u00f3wnie\u017c testy o sta\u0142ej warto\u015bci, umo\u017cliwiaj\u0105c precyzyjn\u0105 kontrol\u0119 nad parametrami testowania, takimi jak pozycja skoku i czas utrzymywania.<\/li>\n<\/ul>\n<\/li>\n<li><strong>Zarz\u0105dzanie danymi<\/strong>\n<ul>\n<li>Wy\u015bwietlanie krzywej si\u0142y w czasie rzeczywistym zapewnia natychmiastow\u0105 informacj\u0119 zwrotn\u0105 na temat wynik\u00f3w testu, a automatyczne obliczenia maksymalnej, minimalnej i \u015bredniej si\u0142y zwi\u0119kszaj\u0105 dok\u0142adno\u015b\u0107 i u\u017cyteczno\u015b\u0107 danych. Opcjonalne oprogramowanie komputerowe pozwala na szczeg\u00f3\u0142ow\u0105 analiz\u0119 danych i raportowanie.<\/li>\n<\/ul>\n<\/li>\n<li><strong>Oprawy niestandardowe<\/strong>\n<ul>\n<li>Dost\u0119pno\u015b\u0107 niestandardowych uchwyt\u00f3w, w tym pr\u00f3\u017cniowego mechanizmu zaciskowego, zapewnia bezpieczne testowanie pokrywek pojemnik\u00f3w na jogurt, przyczyniaj\u0105c si\u0119 do uzyskania sp\u00f3jnych i wiarygodnych wynik\u00f3w.<\/li>\n<\/ul>\n<\/li>\n<\/ol>\n<h3><strong>Specyfikacje<\/strong><\/h3>\n<table>\n<tbody>\n<tr>\n<td style=\"text-align: center;\" width=\"123\">Zakres testu<\/td>\n<td style=\"text-align: center;\" width=\"201\">500N (lub zgodnie z wymaganiami)<\/td>\n<\/tr>\n<tr>\n<td style=\"text-align: center;\" width=\"123\">Udar<\/td>\n<td style=\"text-align: center;\" width=\"201\">260 mm<\/td>\n<\/tr>\n<tr>\n<td style=\"text-align: center;\" width=\"123\">Pr\u0119dko\u015b\u0107<\/td>\n<td style=\"text-align: center;\" width=\"201\">1 ~ 500 mm\/min<\/td>\n<\/tr>\n<tr>\n<td style=\"text-align: center;\" width=\"123\">Ci\u015bnienie gazu<\/td>\n<td style=\"text-align: center;\" width=\"201\">0,6 MPa<\/td>\n<\/tr>\n<tr>\n<td style=\"text-align: center;\" width=\"123\">Rozmiar portu gazu<\/td>\n<td style=\"text-align: center;\" width=\"201\">\u04246 mm<\/td>\n<\/tr>\n<tr>\n<td style=\"text-align: center;\" width=\"123\">Moc<\/td>\n<td style=\"text-align: center;\" width=\"201\">AC 110~220V 50\/60Hz<\/td>\n<\/tr>\n<\/tbody>\n<\/table>\n<p>The <strong>Tester zdzierania folii z pokrywki pojemnika na jogurt<\/strong> jest niezb\u0119dnym narz\u0119dziem dla producent\u00f3w zobowi\u0105zanych do zapewnienia jako\u015bci i bezpiecze\u0144stwa swoich opakowa\u0144 jogurt\u00f3w. Dzi\u0119ki zgodno\u015bci z ustalonymi standardami bran\u017cowymi, takimi jak ASTM F2824 i ISO 17480, tester ten wspiera rygorystyczne procesy zapewniania jako\u015bci, zwi\u0119kszaj\u0105c niezawodno\u015b\u0107 produktu i zaufanie konsument\u00f3w.<\/p>\n<h2><strong>Najcz\u0119\u015bciej zadawane pytania<\/strong><\/h2>\n<ol>\n<li><strong>Jakie rodzaje pojemnik\u00f3w mo\u017cna testowa\u0107 za pomoc\u0105 tego urz\u0105dzenia?<\/strong>\n<ul>\n<li>Tester nadaje si\u0119 do r\u00f3\u017cnych sztywnych i p\u00f3\u0142sztywnych pojemnik\u00f3w, w tym okr\u0105g\u0142ych, owalnych i prostok\u0105tnych.<\/li>\n<\/ul>\n<\/li>\n<li><strong>W jaki spos\u00f3b tester zapewnia dok\u0142adne pomiary?<\/strong>\n<ul>\n<li>Tester wykorzystuje precyzyjny silnik krokowy i stabiln\u0105 struktur\u0119 wewn\u0119trzn\u0105, zapewniaj\u0105c sp\u00f3jne wyniki podczas ka\u017cdego testu.<\/li>\n<\/ul>\n<\/li>\n<li><strong>Czy k\u0105t ci\u0105gni\u0119cia mo\u017cna dostosowa\u0107 do r\u00f3\u017cnych test\u00f3w?<\/strong>\n<ul>\n<li>Tak, podczas gdy standardowy k\u0105t testowania wynosi 45 stopni, tester umo\u017cliwia regulacj\u0119 w celu spe\u0142nienia okre\u015blonych wymaga\u0144 testowych.<\/li>\n<\/ul>\n<\/li>\n<li><strong>Jakie jest znaczenie normy ASTM F2824 w testach odporno\u015bci na odrywanie?<\/strong>\n<ul>\n<li><a href=\"https:\/\/www.astm.org\/f2824-10r20.html\" target=\"_blank\" rel=\"noopener nofollow\">ASTM F2824<\/a> provides a standardized method for assessing the mechanical seal strength of flexible peelable lids, ensuring reliable and consistent testing across the industry.<\/li>\n<\/ul>\n<\/li>\n<li><strong>Czy do\u0142\u0105czone jest oprogramowanie do analizy danych i jakie s\u0105 jego funkcje?<\/strong>\n<ul>\n<li>Opcjonalnie dost\u0119pne jest oprogramowanie komputerowe oferuj\u0105ce zaawansowane mo\u017cliwo\u015bci analizy danych, w tym szczeg\u00f3\u0142owe raportowanie i graficzne wy\u015bwietlanie wynik\u00f3w test\u00f3w.<\/li>\n<\/ul>\n<\/li>\n<\/ol>","protected":false},"excerpt":{"rendered":"<p>The <strong>Tester zdzierania folii z pokrywki pojemnika na jogurt<\/strong> jest niezb\u0119dnym przyrz\u0105dem do pomiaru wytrzyma\u0142o\u015bci mechanicznej wieczek pojemnik\u00f3w na jogurt. Tester ten zapewnia integralno\u015b\u0107 produktu i bezpiecze\u0144stwo konsument\u00f3w poprzez ocen\u0119 si\u0142 wymaganych do oderwania wieczka od pojemnika. W bran\u017cy, w kt\u00f3rej jako\u015b\u0107 opakowa\u0144 ma bezpo\u015bredni wp\u0142yw na zaufanie konsument\u00f3w, tester ten odgrywa kluczow\u0105 rol\u0119 w sektorze opakowa\u0144 do \u017cywno\u015bci.<\/p>","protected":false},"featured_media":6236,"comment_status":"closed","ping_status":"closed","template":"","meta":{"site-sidebar-layout":"default","site-content-layout":"default","ast-global-header-display":"","ast-main-header-display":"","ast-hfb-above-header-display":"","ast-hfb-below-header-display":"","ast-hfb-mobile-header-display":"","site-post-title":"","ast-breadcrumbs-content":"","ast-featured-img":"","footer-sml-layout":"","theme-transparent-header-meta":"default","adv-header-id-meta":"","stick-header-meta":"","header-above-stick-meta":"","header-main-stick-meta":"","header-below-stick-meta":""},"product_cat":[681,1160,953,956,955,845,954,957,958,952,959,17,16,95],"product_tag":[],"class_list":{"0":"post-5131","1":"product","2":"type-product","3":"status-publish","4":"has-post-thumbnail","6":"product_cat-peel-tester","7":"product_cat-astm-f2824","8":"product_cat-bursting-tester","9":"product_cat-cobb-tester","10":"product_cat-crush-tester","11":"product_cat-customization","12":"product_cat-paper-tear-tester","13":"product_cat-plybond-tester","14":"product_cat-puncture-tester","15":"product_cat-rub-tester","16":"product_cat-stiffness-tester","17":"product_cat-package-container-testers","18":"product_cat-plastic-packaging-testers","19":"product_cat-products","20":"desktop-align-left","21":"tablet-align-left","22":"mobile-align-left","24":"first","25":"instock","26":"shipping-taxable","27":"product-type-simple"},"_links":{"self":[{"href":"https:\/\/www.qualitester.com\/pl\/wp-json\/wp\/v2\/product\/5131","targetHints":{"allow":["GET"]}}],"collection":[{"href":"https:\/\/www.qualitester.com\/pl\/wp-json\/wp\/v2\/product"}],"about":[{"href":"https:\/\/www.qualitester.com\/pl\/wp-json\/wp\/v2\/types\/product"}],"replies":[{"embeddable":true,"href":"https:\/\/www.qualitester.com\/pl\/wp-json\/wp\/v2\/comments?post=5131"}],"version-history":[{"count":1,"href":"https:\/\/www.qualitester.com\/pl\/wp-json\/wp\/v2\/product\/5131\/revisions"}],"predecessor-version":[{"id":7934,"href":"https:\/\/www.qualitester.com\/pl\/wp-json\/wp\/v2\/product\/5131\/revisions\/7934"}],"wp:featuredmedia":[{"embeddable":true,"href":"https:\/\/www.qualitester.com\/pl\/wp-json\/wp\/v2\/media\/6236"}],"wp:attachment":[{"href":"https:\/\/www.qualitester.com\/pl\/wp-json\/wp\/v2\/media?parent=5131"}],"wp:term":[{"taxonomy":"product_cat","embeddable":true,"href":"https:\/\/www.qualitester.com\/pl\/wp-json\/wp\/v2\/product_cat?post=5131"},{"taxonomy":"product_tag","embeddable":true,"href":"https:\/\/www.qualitester.com\/pl\/wp-json\/wp\/v2\/product_tag?post=5131"}],"curies":[{"name":"wp","href":"https:\/\/api.w.org\/{rel}","templated":true}]}}