{"id":5119,"date":"2024-10-29T16:40:38","date_gmt":"2024-10-29T08:40:38","guid":{"rendered":"https:\/\/www.qualitester.com\/?post_type=product&#038;p=5119"},"modified":"2024-12-05T11:48:42","modified_gmt":"2024-12-05T03:48:42","slug":"sale-injection-vial-cap-open-force-tester","status":"publish","type":"product","link":"https:\/\/www.qualitester.com\/pl\/produkt-2\/sale-injection-vial-cap-open-force-tester\/","title":{"rendered":"LSG-01 Aluminiowo-plastikowy kombinowany tester si\u0142y otwarcia nasadki"},"content":{"rendered":"<h2>Wprowadzenie<\/h2>\n<p>The <strong>Tester si\u0142y otwarcia korka fiolki iniekcyjnej<\/strong> to specjalistyczny przyrz\u0105d zaprojektowany do oceny si\u0142y otwarcia wymaganej dla aluminiowo-plastikowych zakr\u0119tek stosowanych w opakowaniach farmaceutycznych. Zapewnienie integralno\u015bci i niezawodno\u015bci tych zamkni\u0119\u0107 ma kluczowe znaczenie dla utrzymania bezpiecze\u0144stwa i skuteczno\u015bci produktu. Tester ten odgrywa istotn\u0105 rol\u0119 w kontroli jako\u015bci, pomagaj\u0105c producentom spe\u0142nia\u0107 wymogi regulacyjne i zwi\u0119ksza\u0107 zaufanie konsument\u00f3w.<\/p>\n<h2>Zastosowanie<\/h2>\n<p>Aluminiowo-plastikowe zamkni\u0119cia kombinowane s\u0105 szeroko stosowane w przemy\u015ble opakowaniowym do zamykania butelek zawieraj\u0105cych farmaceutyki, napoje i kosmetyki. Zamkni\u0119cia te skutecznie \u0142\u0105cz\u0105 wytrzyma\u0142o\u015b\u0107 i w\u0142a\u015bciwo\u015bci barierowe aluminium z elastyczno\u015bci\u0105 i op\u0142acalno\u015bci\u0105 plastiku. Solidna konstrukcja zapewnia zabezpieczenie przed manipulacj\u0105 i pomaga zachowa\u0107 integralno\u015b\u0107 produktu, co czyni je idealnymi dla przemys\u0142u farmaceutycznego, gdzie bezpiecze\u0144stwo i niezawodno\u015b\u0107 s\u0105 najwa\u017cniejsze.<\/p>\n<h2>Sk\u0142ad aluminiowo-plastikowych nak\u0142adek \u0142\u0105czonych<\/h2>\n<ul>\n<li><strong>Komponent aluminiowy<\/strong>: Zewn\u0119trzna pow\u0142oka tych nasadek jest cz\u0119sto wykonana z aluminium, zapewniaj\u0105c solidne i \u0142atwe do sfa\u0142szowania zamkni\u0119cie z atrakcyjnym wyko\u0144czeniem. Jego wytrzyma\u0142o\u015b\u0107 zapewnia doskona\u0142\u0105 ochron\u0119 przed czynnikami \u015brodowiskowymi.<\/li>\n<li><strong>Komponent z tworzywa sztucznego<\/strong>: Tworzywo sztuczne, z kt\u00f3rego zwykle wykonana jest wewn\u0119trzna wk\u0142adka lub mechanizm zamykaj\u0105cy, zapewnia szczelne zamkni\u0119cie, jednocze\u015bnie umo\u017cliwiaj\u0105c \u0142atwe otwieranie. Takie po\u0142\u0105czenie materia\u0142\u00f3w maksymalizuje funkcjonalno\u015b\u0107 i wygod\u0119 u\u017cytkownika.<\/li>\n<\/ul>\n<h2>Metody i normy testowania<\/h2>\n<ul>\n<li><a href=\"https:\/\/www.iso.org\/standard\/82226.html\" target=\"_blank\" rel=\"noopener nofollow\"><strong>ISO 8872<\/strong><\/a>: Norma ta okre\u015bla metody testowania w celu okre\u015blenia si\u0142y odrywania zak\u0142adki, kt\u00f3ra ma kluczowe znaczenie dla zapewnienia \u0142atwo\u015bci u\u017cytkowania i funkcjonalno\u015bci.<\/li>\n<li><a href=\"https:\/\/www.qualitester.com\/pl\/kategoria-produktu\/iso\/iso-10985\/\" target=\"_blank\" rel=\"noopener\"><strong>ISO 10985<\/strong><\/a>: Okre\u015bla si\u0142\u0119 wymagan\u0105 do usuni\u0119cia plastikowych element\u00f3w, zapewniaj\u0105c, \u017ce nasadki s\u0105 zar\u00f3wno bezpieczne, jak i przyjazne dla u\u017cytkownika.<\/li>\n<li><strong>Seria ISO 8536<\/strong>: Obejmuje testy si\u0142y rozci\u0105gaj\u0105cej i wyd\u0142u\u017caj\u0105cej dla cz\u0119\u015bci aluminiowych, niezb\u0119dne do oceny w\u0142a\u015bciwo\u015bci mechanicznych materia\u0142\u00f3w zamykaj\u0105cych.<\/li>\n<li><strong>Inne istotne normy<\/strong>:\n<ul>\n<li><strong>ISO 7500-1<\/strong>: Og\u00f3lne wymagania dotycz\u0105ce maszyn testuj\u0105cych.<\/li>\n<li><strong>ISO 8362-6 i ISO 8362-7<\/strong>: Skoncentrowanie si\u0119 na specyfikacjach fiolek iniekcyjnych i zamkni\u0119\u0107, zapewniaj\u0105c kompatybilno\u015b\u0107 i wydajno\u015b\u0107.<\/li>\n<\/ul>\n<\/li>\n<\/ul>\n<h2>Testy si\u0142y na aluminiowo-plastikowych ko\u0142pakach kombinowanych<\/h2>\n<p>The <strong>Tester si\u0142y otwarcia korka fiolki iniekcyjnej<\/strong> mo\u017ce przeprowadzi\u0107 kilka krytycznych test\u00f3w, w tym<\/p>\n<ol>\n<li><strong>Si\u0142a odrywania karty<\/strong>: Ocenia si\u0142\u0119 wymagan\u0105 do usuni\u0119cia zak\u0142adki, zapewniaj\u0105c dost\u0119pno\u015b\u0107 dla u\u017cytkownika.<\/li>\n<li><strong>Si\u0142a wymagana do \u015bci\u0105gni\u0119cia plastikowych komponent\u00f3w<\/strong>: Mierzy integralno\u015b\u0107 plastikowych cz\u0119\u015bci nasadki.<\/li>\n<li><strong>Si\u0142a rozci\u0105gaj\u0105ca i wyd\u0142u\u017caj\u0105ca dla cz\u0119\u015bci aluminiowych<\/strong>: Ocenia wytrzyma\u0142o\u015b\u0107 i elastyczno\u015b\u0107 elementu aluminiowego, co ma kluczowe znaczenie dla zachowania integralno\u015bci uszczelnienia podczas przenoszenia.<\/li>\n<\/ol>\n<h2>Cechy techniczne testera si\u0142y otwarcia korka fiolki iniekcyjnej<\/h2>\n<ul>\n<li><strong>System sterowania PLC klasy przemys\u0142owej<\/strong>: Oferuje stabiln\u0105, dok\u0142adn\u0105 i \u0142atw\u0105 obs\u0142ug\u0119 dzi\u0119ki przyjaznemu dla u\u017cytkownika interfejsowi HMI.<\/li>\n<li><strong>Wszechstronne mo\u017cliwo\u015bci testowania<\/strong>: Kompatybilny z r\u00f3\u017cnymi akcesoriami do test\u00f3w rozci\u0105gania, \u015bciskania, si\u0142y zrywaj\u0105cej, twardo\u015bci, odrywania, otwierania, przebicia i push-pull.<\/li>\n<li><strong>Przetwarzanie danych w czasie rzeczywistym<\/strong>: Wy\u015bwietla wyniki testu w czasie rzeczywistym, u\u0142atwiaj\u0105c natychmiastow\u0105 analiz\u0119.<\/li>\n<li><strong>Mikrodrukarka do przechowywania wynik\u00f3w<\/strong>: Wyposa\u017cony w drukark\u0119 ig\u0142ow\u0105 zapewniaj\u0105c\u0105 d\u0142ugotrwa\u0142e przechowywanie wynik\u00f3w test\u00f3w.<\/li>\n<li><strong>Funkcje bezpiecze\u0144stwa<\/strong>: Zawiera pami\u0119\u0107 parametr\u00f3w wy\u0142\u0105czenia zasilania, ochron\u0119 przed przeci\u0105\u017ceniem, ochron\u0119 limit\u00f3w i automatyczny powr\u00f3t po zako\u0144czeniu test\u00f3w.<\/li>\n<li><strong>Interfejs komunikacyjny<\/strong>: Posiada interfejs RS232 i opcjonalne profesjonalne oprogramowanie do ulepszonego zarz\u0105dzania danymi.<\/li>\n<\/ul>\n<h2>Szerokie zastosowania<\/h2>\n<p>The <strong>Tester si\u0142y otwarcia korka fiolki iniekcyjnej<\/strong> nadaje si\u0119 do r\u00f3\u017cnych test\u00f3w przeprowadzanych w bran\u017cy opakowa\u0144 medycznych, zapewniaj\u0105c jako\u015b\u0107 i bezpiecze\u0144stwo materia\u0142\u00f3w i komponent\u00f3w opakowaniowych. Zastosowania obejmuj\u0105:<\/p>\n<ul>\n<li>Testy si\u0142y zrywaj\u0105cej butelk\u0119 z ampu\u0142k\u0105.<\/li>\n<li>Testy si\u0142y otwierania nakr\u0119tki butelki infuzyjnej i si\u0142y rozrywania zak\u0142adki.<\/li>\n<li>Testy wytrzyma\u0142o\u015bci zgrzewu, wytrzyma\u0142o\u015bci na rozci\u0105ganie, wytrzyma\u0142o\u015bci na odrywanie i wyd\u0142u\u017cenia folii aluminiowej, arkuszy PVC i folii kompozytowych.<\/li>\n<\/ul>\n<p>The <strong>Tester si\u0142y otwarcia korka fiolki iniekcyjnej<\/strong> ma zasadnicze znaczenie dla producent\u00f3w, kt\u00f3rzy chc\u0105 zagwarantowa\u0107 bezpiecze\u0144stwo i niezawodno\u015b\u0107 swoich aluminiowo-plastikowych za\u015blepek. Przestrzegaj\u0105c standard\u00f3w bran\u017cowych i przeprowadzaj\u0105c rygorystyczne testy, producenci mog\u0105 zapewni\u0107 integralno\u015b\u0107 produktu i zwi\u0119kszy\u0107 zaufanie konsument\u00f3w. Zainwestuj w tester si\u0142y otwarcia kapsla fiolki iniekcyjnej, aby usprawni\u0107 procesy zapewniania jako\u015bci.<\/p>\n<h2>Najcz\u0119\u015bciej zadawane pytania<\/h2>\n<ol>\n<li><strong>Do czego s\u0142u\u017cy tester si\u0142y otwarcia korka fiolki iniekcyjnej?<\/strong>\n<ul>\n<li>Mierzy on si\u0142\u0119 wymagan\u0105 do otwarcia aluminiowo-plastikowych nasadek, zapewniaj\u0105c \u0142atwo\u015b\u0107 u\u017cytkowania i integralno\u015b\u0107 produktu.<\/li>\n<\/ul>\n<\/li>\n<li><strong>Jakie normy spe\u0142nia ten tester?<\/strong>\n<ul>\n<li>Tester spe\u0142nia mi\u0119dzy innymi normy ISO 8872, ISO 10985 i ISO 8536, zapewniaj\u0105c rygorystyczne metody testowania.<\/li>\n<\/ul>\n<\/li>\n<li><strong>Czy tester mo\u017ce by\u0107 u\u017cywany do r\u00f3\u017cnych typ\u00f3w nasadek?<\/strong>\n<ul>\n<li>Tak, jest kompatybilny z r\u00f3\u017cnymi rodzajami nakr\u0119tek, w tym stosowanymi w farmaceutykach, napojach i kosmetykach.<\/li>\n<\/ul>\n<\/li>\n<li><strong>Jakie funkcje techniczne zwi\u0119kszaj\u0105 jego u\u017cyteczno\u015b\u0107?<\/strong>\n<ul>\n<li>Posiada system sterowania PLC, wy\u015bwietlanie danych w czasie rzeczywistym i mikrodrukark\u0119 do przechowywania wynik\u00f3w test\u00f3w.<\/li>\n<\/ul>\n<\/li>\n<li><strong>Czy tester nadaje si\u0119 zar\u00f3wno do \u015brodowisk badawczych, jak i produkcyjnych?<\/strong>\n<ul>\n<li>Zosta\u0142 zaprojektowany z my\u015bl\u0105 o wszechstronno\u015bci, dzi\u0119ki czemu nadaje si\u0119 zar\u00f3wno do test\u00f3w laboratoryjnych, jak i na linii produkcyjnej.<\/li>\n<\/ul>\n<\/li>\n<\/ol>","protected":false},"excerpt":{"rendered":"<p>Introduction The Injection Vial Cap Open Force Tester is a specialized instrument designed to evaluate the opening force required for aluminum-plastic combination caps used in pharmaceutical packaging. Ensuring the integrity and reliability of these closures is critical for maintaining product safety and efficacy. This tester plays a vital role in quality control, helping manufacturers meet &hellip;<\/p>\n<p class=\"read-more\"> <a class=\"\" href=\"https:\/\/www.qualitester.com\/pl\/produkt-2\/sale-injection-vial-cap-open-force-tester\/\"> <span class=\"screen-reader-text\">LSG-01 Aluminiowo-plastikowy kombinowany tester si\u0142y otwarcia nasadki<\/span> Czytaj wi\u0119cej \"<\/a><\/p>","protected":false},"featured_media":6213,"comment_status":"closed","ping_status":"closed","template":"","meta":{"site-sidebar-layout":"default","site-content-layout":"default","ast-global-header-display":"","ast-main-header-display":"","ast-hfb-above-header-display":"","ast-hfb-below-header-display":"","ast-hfb-mobile-header-display":"","site-post-title":"","ast-breadcrumbs-content":"","ast-featured-img":"","footer-sml-layout":"","theme-transparent-header-meta":"default","adv-header-id-meta":"","stick-header-meta":"","header-above-stick-meta":"","header-main-stick-meta":"","header-below-stick-meta":""},"product_cat":[934,845,1050,1049,1051,1052,1048,17,149,16,95],"product_tag":[],"class_list":{"0":"post-5119","1":"product","2":"type-product","3":"status-publish","4":"has-post-thumbnail","6":"product_cat-medical-packaging-tester","7":"product_cat-customization","8":"product_cat-iso-10985","9":"product_cat-iso-7500-1","10":"product_cat-iso-8362-6","11":"product_cat-iso-8362-7","12":"product_cat-iso-8872","13":"product_cat-package-container-testers","14":"product_cat-pharma-and-medical-testers","15":"product_cat-plastic-packaging-testers","16":"product_cat-products","17":"desktop-align-left","18":"tablet-align-left","19":"mobile-align-left","21":"first","22":"instock","23":"shipping-taxable","24":"product-type-simple"},"_links":{"self":[{"href":"https:\/\/www.qualitester.com\/pl\/wp-json\/wp\/v2\/product\/5119","targetHints":{"allow":["GET"]}}],"collection":[{"href":"https:\/\/www.qualitester.com\/pl\/wp-json\/wp\/v2\/product"}],"about":[{"href":"https:\/\/www.qualitester.com\/pl\/wp-json\/wp\/v2\/types\/product"}],"replies":[{"embeddable":true,"href":"https:\/\/www.qualitester.com\/pl\/wp-json\/wp\/v2\/comments?post=5119"}],"version-history":[{"count":0,"href":"https:\/\/www.qualitester.com\/pl\/wp-json\/wp\/v2\/product\/5119\/revisions"}],"wp:featuredmedia":[{"embeddable":true,"href":"https:\/\/www.qualitester.com\/pl\/wp-json\/wp\/v2\/media\/6213"}],"wp:attachment":[{"href":"https:\/\/www.qualitester.com\/pl\/wp-json\/wp\/v2\/media?parent=5119"}],"wp:term":[{"taxonomy":"product_cat","embeddable":true,"href":"https:\/\/www.qualitester.com\/pl\/wp-json\/wp\/v2\/product_cat?post=5119"},{"taxonomy":"product_tag","embeddable":true,"href":"https:\/\/www.qualitester.com\/pl\/wp-json\/wp\/v2\/product_tag?post=5119"}],"curies":[{"name":"wp","href":"https:\/\/api.w.org\/{rel}","templated":true}]}}