{"id":5110,"date":"2024-10-29T16:23:12","date_gmt":"2024-10-29T08:23:12","guid":{"rendered":"https:\/\/www.qualitester.com\/?post_type=product&#038;p=5110"},"modified":"2024-12-05T11:31:23","modified_gmt":"2024-12-05T03:31:23","slug":"sale-soft-gel-capsule-hardness-tester","status":"publish","type":"product","link":"https:\/\/www.qualitester.com\/pl\/produkt-2\/sale-soft-gel-capsule-hardness-tester\/","title":{"rendered":"Tester twardo\u015bci kapsu\u0142ek z mi\u0119kkim \u017celem CHT-01"},"content":{"rendered":"<h2><strong>Wprowadzenie do testera twardo\u015bci kapsu\u0142ek z mi\u0119kkim \u017celem<\/strong><\/h2>\n<p>W przemy\u015ble farmaceutycznym i nutraceutycznym kontrola jako\u015bci ma kluczowe znaczenie. Zapewnienie, \u017ce mi\u0119kkie kapsu\u0142ki \u017celowe zachowuj\u0105 swoj\u0105 integralno\u015b\u0107 strukturaln\u0105 podczas proces\u00f3w pakowania, przechowywania i dystrybucji ma kluczowe znaczenie. The <strong>Tester twardo\u015bci mi\u0119kkich kapsu\u0142ek \u017celowych<\/strong>, w szczeg\u00f3lno\u015bci <strong>Tester twardo\u015bci kapsu\u0142ek i softgeli CHT-01<\/strong>, to precyzyjny przyrz\u0105d przeznaczony do pomiaru twardo\u015bci, spr\u0119\u017cysto\u015bci i og\u00f3lnej wytrzyma\u0142o\u015bci kapsu\u0142ek. Oceniaj\u0105c kluczowe czynniki, takie jak twardo\u015b\u0107, odkszta\u0142cenie i wytrzyma\u0142o\u015b\u0107 uszczelnienia, tester ten pomaga producentom zagwarantowa\u0107, \u017ce ich produkty s\u0105 bezpieczne, skuteczne i wysokiej jako\u015bci.<\/p>\n<h2><strong>Dlaczego warto testowa\u0107 twardo\u015b\u0107 i j\u0119drno\u015b\u0107 mi\u0119kkich kapsu\u0142ek \u017celowych?<\/strong><\/h2>\n<p>Mi\u0119kkie kapsu\u0142ki \u017celowe s\u0105 szeroko stosowane do dostarczania witamin, minera\u0142\u00f3w i lek\u00f3w w stabilnej i ochronnej otoczce \u017celatynowej. W przypadku tych kapsu\u0142ek utrzymanie idealnego poziomu twardo\u015bci ma zasadnicze znaczenie - nie tylko dla ochrony aktywnych sk\u0142adnik\u00f3w wewn\u0105trz, ale tak\u017ce dla zapewnienia kontrolowanego uwalniania zawarto\u015bci po spo\u017cyciu. Testy twardo\u015bci pokazuj\u0105, jak kapsu\u0142ka b\u0119dzie dzia\u0142a\u0107 w r\u00f3\u017cnych warunkach, od pakowania i transportu po do\u015bwiadczenie konsumenta. Twardo\u015b\u0107 <strong>Tester twardo\u015bci mi\u0119kkich kapsu\u0142ek \u017celowych<\/strong> ma kluczowe znaczenie dla identyfikacji wszelkich s\u0142abych punkt\u00f3w w \u015bciankach kapsu\u0142ek lub uszczelnieniach, zapobiegaj\u0105c problemom, zanim trafi\u0105 one na rynek.<\/p>\n<h2><strong>Kluczowe cechy testera twardo\u015bci kapsu\u0142ek z mi\u0119kkim \u017celem<\/strong><\/h2>\n<ul>\n<li><strong>Mo\u017cliwo\u015bci testowania o wysokiej precyzji<\/strong><br \/>\nWyposa\u017cony w zaawansowan\u0105 technologi\u0119, tak\u0105 jak sterownik PLC, precyzyjna \u015bruba kulowa i silnik krokowy, tester ten zapewnia wiarygodne i dok\u0142adne wyniki, kt\u00f3re spe\u0142niaj\u0105 rygorystyczne standardy jako\u015bci.<\/li>\n<li><strong>Wszechstronne programy testowe<\/strong><br \/>\nOferowanie wielu standardowych program\u00f3w-<strong>Si\u0142a<\/strong> (przy\u0142o\u017cenie okre\u015blonej si\u0142y i pomiar odleg\u0142o\u015bci), <strong>Szczyt<\/strong> (pomiar maksymalnej si\u0142y p\u0119kni\u0119cia kapsu\u0142ki), oraz <strong>Odleg\u0142o\u015b\u0107<\/strong> (pomiar si\u0142y w sta\u0142ej odleg\u0142o\u015bci) - tester twardo\u015bci kapsu\u0142ek z mi\u0119kkim \u017celem umo\u017cliwia kompleksowe testowanie w celu zrozumienia ka\u017cdego aspektu integralno\u015bci kapsu\u0142ki.<\/li>\n<li><strong>Przyjazny dla u\u017cytkownika interfejs i sterowanie<\/strong><br \/>\n7-calowy ekran dotykowy HMI pozwala u\u017cytkownikom bez wysi\u0142ku konfigurowa\u0107 ustawienia, zarz\u0105dza\u0107 programami testowymi i wizualizowa\u0107 wyniki. Ta intuicyjna konstrukcja usprawnia przep\u0142yw pracy i u\u0142atwia szybkie dostosowanie w oparciu o wymagania testowe.<\/li>\n<li><strong>Zwi\u0119kszona wydajno\u015b\u0107 i funkcje bezpiecze\u0144stwa<\/strong><br \/>\nObrotowy st\u00f3\u0142, automatyczna statyka zbierania danych i ochrona przed przeci\u0105\u017ceniem zwi\u0119kszaj\u0105 wydajno\u015b\u0107 i bezpiecze\u0144stwo. Funkcje te usprawniaj\u0105 testowanie i chroni\u0105 urz\u0105dzenie przed nadmiernym u\u017cyciem, maksymalizuj\u0105c jego \u017cywotno\u015b\u0107 i niezawodno\u015b\u0107.<\/li>\n<\/ul>\n<h2><strong>Szczeg\u00f3\u0142owe metody badania twardo\u015bci i j\u0119drno\u015bci mi\u0119kkich kapsu\u0142ek \u017celowych<\/strong><\/h2>\n<ul>\n<li><strong>Test \u015bciskania<\/strong><br \/>\nW te\u015bcie \u015bciskania sonda cylindryczna o \u015brednicy 10 mm lub powierzchni 10 mm\u00b2 wywiera nacisk na kapsu\u0142k\u0119, a\u017c do wyst\u0105pienia deformacji lub p\u0119kni\u0119cia. Symuluje to fizyczne napr\u0119\u017cenia, z jakimi kapsu\u0142ka mo\u017ce mie\u0107 do czynienia w rzeczywistych warunkach, takich jak pakowanie i transport. Testuj\u0105c kompresj\u0119, producenci uzyskuj\u0105 wgl\u0105d w trwa\u0142o\u015b\u0107 i odporno\u015b\u0107 kapsu\u0142ki na uszkodzenia.<\/li>\n<li><strong>Testowanie j\u0119drno\u015bci i wytrzyma\u0142o\u015bci uszczelnienia<\/strong><br \/>\nTest j\u0119drno\u015bci ocenia, jak bardzo kapsu\u0142ka odkszta\u0142ca si\u0119 pod okre\u015blonym obci\u0105\u017ceniem \u015bciskaj\u0105cym, zapewniaj\u0105c wgl\u0105d w jej elastyczno\u015b\u0107 i spr\u0119\u017cysto\u015b\u0107. Dodatkowo, test wytrzyma\u0142o\u015bci uszczelnienia mierzy si\u0142\u0119 wymagan\u0105 do zerwania uszczelnienia kapsu\u0142ki, zapewniaj\u0105c, \u017ce nie p\u0119knie ona przedwcze\u015bnie i uwolni swoj\u0105 zawarto\u015b\u0107 tylko w zamierzonych warunkach.<\/li>\n<\/ul>\n<h2><strong>Specyfikacja techniczna i parametry<\/strong><\/h2>\n<table>\n<tbody>\n<tr>\n<td width=\"184\">Zakres testu<\/td>\n<td width=\"289\">0~200N (lub zgodnie z wymaganiami)<\/td>\n<\/tr>\n<tr>\n<td width=\"184\">Udar<\/td>\n<td width=\"289\">200 mm (bez zacisku)<\/td>\n<\/tr>\n<tr>\n<td width=\"184\">Pr\u0119dko\u015b\u0107<\/td>\n<td width=\"289\">1~300 mm\/min (lub zgodnie z wymaganiami)<\/td>\n<\/tr>\n<tr>\n<td width=\"184\">Dok\u0142adno\u015b\u0107 przemieszczenia<\/td>\n<td width=\"289\">0,01 mm<\/td>\n<\/tr>\n<tr>\n<td width=\"184\">Dok\u0142adno\u015b\u0107<\/td>\n<td width=\"289\">0.5% F.S.<\/td>\n<\/tr>\n<tr>\n<td width=\"184\">Wyj\u015bcie<\/td>\n<td width=\"289\">Ekran, mikrodrukarka, RS232 (opcjonalnie)<\/td>\n<\/tr>\n<tr>\n<td width=\"184\">Moc<\/td>\n<td width=\"289\">110~ 220V 50\/60Hz<\/td>\n<\/tr>\n<\/tbody>\n<\/table>\n<h2><strong>Zalety testera twardo\u015bci kapsu\u0142ek z mi\u0119kkim \u017celem<\/strong><\/h2>\n<ul>\n<li><strong>Kompleksowe testy zapewnienia jako\u015bci<\/strong><br \/>\nDzi\u0119ki mo\u017cliwo\u015bci przeprowadzania wielu test\u00f3w, tester ten umo\u017cliwia producentom ocen\u0119 kapsu\u0142ek pod k\u0105tem trwa\u0142o\u015bci, jednorodno\u015bci i wytrzyma\u0142o\u015bci strukturalnej. Skutkuje to popraw\u0105 jako\u015bci produktu i satysfakcji klienta.<\/li>\n<li><strong>Konfigurowalne opcje oprzyrz\u0105dowania do wszechstronnych test\u00f3w<\/strong><br \/>\nOferuj\u0105c r\u00f3\u017cne uchwyty i przyrz\u0105dy, tester dostosowuje si\u0119 do r\u00f3\u017cnych rozmiar\u00f3w i kszta\u0142t\u00f3w kapsu\u0142ek, dzi\u0119ki czemu jest wszechstronny w szerokim zakresie zastosowa\u0144 mi\u0119kkich \u017celi.<\/li>\n<li><strong>Zbudowany z my\u015bl\u0105 o d\u0142ugotrwa\u0142ej wytrzyma\u0142o\u015bci<\/strong><br \/>\nZbudowany z solidnych komponent\u00f3w i zaawansowanych mechanizm\u00f3w, tester jest zbudowany tak, aby zapewni\u0107 d\u0142ug\u0105 \u017cywotno\u015b\u0107, maksymalizuj\u0105c zwrot z inwestycji przy jednoczesnym ograniczeniu przestoj\u00f3w i konserwacji.<\/li>\n<\/ul>\n<h2><strong>Zastosowania testera twardo\u015bci kapsu\u0142ek z mi\u0119kkim \u017celem<\/strong><\/h2>\n<p>Przyrz\u0105d ten jest niezb\u0119dny w \u015brodowiskach produkcji farmaceutycznej i nutraceutycznej, gdzie mi\u0119kkie kapsu\u0142ki \u017celowe zawieraj\u0105ce witaminy, minera\u0142y i inne p\u0142ynne leki wymagaj\u0105 \u015bcis\u0142ej kontroli jako\u015bci. Tester twardo\u015bci mi\u0119kkich kapsu\u0142ek \u017celowych odgrywa kluczow\u0105 rol\u0119 w zapewnieniu jako\u015bci produkcji, pakowania i obs\u0142ugi, zapewniaj\u0105c, \u017ce kapsu\u0142ki zachowaj\u0105 swoj\u0105 integralno\u015b\u0107 i skuteczno\u015b\u0107, dop\u00f3ki nie dotr\u0105 do konsumenta.<\/p>\n<hr \/>\n<h2><strong>Sekcja FAQ<\/strong><\/h2>\n<ul>\n<li><strong>Q1<\/strong>: <em>Jakie rodzaje kapsu\u0142ek mo\u017cna testowa\u0107 za pomoc\u0105 tego urz\u0105dzenia?<\/em><br \/>\n<strong>A<\/strong>: Tester twardo\u015bci mi\u0119kkich kapsu\u0142ek \u017celowych jest idealny do testowania mi\u0119kkich kapsu\u0142ek \u017celowych stosowanych w farmaceutykach i nutraceutykach, w tym zawieraj\u0105cych witaminy i p\u0142ynne leki.<\/li>\n<li><strong>Q2<\/strong>: <em>Jakie jest znaczenie testu twardo\u015bci?<\/em><br \/>\n<strong>A<\/strong>: Test twardo\u015bci ocenia wytrzyma\u0142o\u015b\u0107 i elastyczno\u015b\u0107 \u015bcianki kapsu\u0142ki, pomagaj\u0105c zapewni\u0107, \u017ce kapsu\u0142ki nie p\u0119kn\u0105 podczas normalnej obs\u0142ugi, przechowywania lub pakowania.<\/li>\n<li><strong>Q3<\/strong>: <em>Czy ten tester mo\u017ce mierzy\u0107 elastyczno\u015b\u0107?<\/em><br \/>\n<strong>A<\/strong>: Tak, okre\u015bla on elastyczno\u015b\u0107 kapsu\u0142ki poprzez pomiar odkszta\u0142cenia \u015bcianki pod okre\u015blonym obci\u0105\u017ceniem \u015bciskaj\u0105cym, zapewniaj\u0105c, \u017ce kapsu\u0142ki s\u0105 elastyczne, a jednocze\u015bnie trwa\u0142e.<\/li>\n<li><strong>Q4<\/strong>: <em>Czy CHT-01 mo\u017cna dostosowa\u0107 do okre\u015blonych typ\u00f3w kapsu\u0142ek?<\/em><br \/>\n<strong>A<\/strong>: Tak, tester mo\u017cna dostosowa\u0107 za pomoc\u0105 r\u00f3\u017cnych uchwyt\u00f3w i przyrz\u0105d\u00f3w, aby pomie\u015bci\u0107 r\u00f3\u017cne kszta\u0142ty i rozmiary kapsu\u0142ek, dzi\u0119ki czemu nadaje si\u0119 do r\u00f3\u017cnych potrzeb testowych.<\/li>\n<li><strong>Q5<\/strong>: <em>Jakie opcje wyj\u015bciowe s\u0105 dost\u0119pne do rejestrowania danych?<\/em><br \/>\n<strong>A<\/strong>: Tester wy\u015bwietla dane na ekranie, umo\u017cliwia wydruk za pomoc\u0105 mikrodrukarki i oferuje opcjonaln\u0105 \u0142\u0105czno\u015b\u0107 RS232 do eksportu danych cyfrowych.<\/li>\n<\/ul>","protected":false},"excerpt":{"rendered":"<p>W przemy\u015ble farmaceutycznym i nutraceutycznym kontrola jako\u015bci ma kluczowe znaczenie. Zapewnienie, \u017ce mi\u0119kkie kapsu\u0142ki \u017celowe zachowuj\u0105 swoj\u0105 integralno\u015b\u0107 strukturaln\u0105 podczas proces\u00f3w pakowania, przechowywania i dystrybucji ma kluczowe znaczenie. The <strong>Tester twardo\u015bci mi\u0119kkich kapsu\u0142ek \u017celowych<\/strong>, w szczeg\u00f3lno\u015bci <strong>Tester twardo\u015bci kapsu\u0142ek i softgeli CHT-01<\/strong>, to precyzyjny przyrz\u0105d przeznaczony do pomiaru twardo\u015bci, spr\u0119\u017cysto\u015bci i og\u00f3lnej wytrzyma\u0142o\u015bci kapsu\u0142ek. Oceniaj\u0105c kluczowe czynniki, takie jak twardo\u015b\u0107, odkszta\u0142cenie i wytrzyma\u0142o\u015b\u0107 uszczelnienia, tester ten pomaga producentom zagwarantowa\u0107, \u017ce ich produkty s\u0105 bezpieczne, skuteczne i wysokiej jako\u015bci.<\/p>","protected":false},"featured_media":6205,"comment_status":"closed","ping_status":"closed","template":"","meta":{"site-sidebar-layout":"default","site-content-layout":"default","ast-global-header-display":"","ast-main-header-display":"","ast-hfb-above-header-display":"","ast-hfb-below-header-display":"","ast-hfb-mobile-header-display":"","site-post-title":"","ast-breadcrumbs-content":"","ast-featured-img":"","footer-sml-layout":"","theme-transparent-header-meta":"default","adv-header-id-meta":"","stick-header-meta":"","header-above-stick-meta":"","header-main-stick-meta":"","header-below-stick-meta":""},"product_cat":[845,953,956,955,1054,954,957,958,952,959,149,95],"product_tag":[],"class_list":{"0":"post-5110","1":"product","2":"type-product","3":"status-publish","4":"has-post-thumbnail","6":"product_cat-customization","7":"product_cat-bursting-tester","8":"product_cat-cobb-tester","9":"product_cat-crush-tester","10":"product_cat-hardness-tester","11":"product_cat-paper-tear-tester","12":"product_cat-plybond-tester","13":"product_cat-puncture-tester","14":"product_cat-rub-tester","15":"product_cat-stiffness-tester","16":"product_cat-pharma-and-medical-testers","17":"product_cat-products","18":"desktop-align-left","19":"tablet-align-left","20":"mobile-align-left","22":"first","23":"instock","24":"shipping-taxable","25":"product-type-simple"},"_links":{"self":[{"href":"https:\/\/www.qualitester.com\/pl\/wp-json\/wp\/v2\/product\/5110","targetHints":{"allow":["GET"]}}],"collection":[{"href":"https:\/\/www.qualitester.com\/pl\/wp-json\/wp\/v2\/product"}],"about":[{"href":"https:\/\/www.qualitester.com\/pl\/wp-json\/wp\/v2\/types\/product"}],"replies":[{"embeddable":true,"href":"https:\/\/www.qualitester.com\/pl\/wp-json\/wp\/v2\/comments?post=5110"}],"version-history":[{"count":0,"href":"https:\/\/www.qualitester.com\/pl\/wp-json\/wp\/v2\/product\/5110\/revisions"}],"wp:featuredmedia":[{"embeddable":true,"href":"https:\/\/www.qualitester.com\/pl\/wp-json\/wp\/v2\/media\/6205"}],"wp:attachment":[{"href":"https:\/\/www.qualitester.com\/pl\/wp-json\/wp\/v2\/media?parent=5110"}],"wp:term":[{"taxonomy":"product_cat","embeddable":true,"href":"https:\/\/www.qualitester.com\/pl\/wp-json\/wp\/v2\/product_cat?post=5110"},{"taxonomy":"product_tag","embeddable":true,"href":"https:\/\/www.qualitester.com\/pl\/wp-json\/wp\/v2\/product_tag?post=5110"}],"curies":[{"name":"wp","href":"https:\/\/api.w.org\/{rel}","templated":true}]}}