{"id":3478,"date":"2023-08-18T13:29:34","date_gmt":"2023-08-18T05:29:34","guid":{"rendered":"https:\/\/www.qualitester.com\/?post_type=product&#038;p=3478"},"modified":"2024-12-04T14:25:09","modified_gmt":"2024-12-04T06:25:09","slug":"vacuum-blood-collection-tube-vacutainer-working-principle","status":"publish","type":"product","link":"https:\/\/www.qualitester.com\/pl\/produkt-2\/vacuum-blood-collection-tube-vacutainer-working-principle\/","title":{"rendered":"Pr\u00f3\u017cniowa rurka do pobierania krwi\/Zasada dzia\u0142ania kautera"},"content":{"rendered":"<div data-elementor-type=\"wp-post\" data-elementor-id=\"3478\" class=\"elementor elementor-3478\" data-elementor-post-type=\"product\">\n\t\t\t\t<div class=\"elementor-element elementor-element-e8546d3 e-flex e-con-boxed e-con e-parent\" data-id=\"e8546d3\" data-element_type=\"container\">\n\t\t\t\t\t<div class=\"e-con-inner\">\n\t\t<div class=\"elementor-element elementor-element-d2e896b e-con-full e-flex e-con e-parent\" data-id=\"d2e896b\" data-element_type=\"container\">\n\t\t\t\t<div class=\"elementor-element elementor-element-9bf01e5 elementor-widget elementor-widget-image\" data-id=\"9bf01e5\" data-element_type=\"widget\" data-widget_type=\"image.default\">\n\t\t\t\t<div class=\"elementor-widget-container\">\n\t\t\t\t\t\t\t\t\t\t\t\t\t<img fetchpriority=\"high\" decoding=\"async\" width=\"750\" height=\"750\" src=\"https:\/\/www.qualitester.com\/wp-content\/uploads\/2023\/04\/Drawing-Volume-Tester-RDVT-01-1.jpg\" class=\"attachment-large size-large wp-image-1800\" alt=\"\" srcset=\"https:\/\/www.qualitester.com\/wp-content\/uploads\/2023\/04\/Drawing-Volume-Tester-RDVT-01-1.jpg 750w, https:\/\/www.qualitester.com\/wp-content\/uploads\/2023\/04\/Drawing-Volume-Tester-RDVT-01-1-300x300.jpg 300w, https:\/\/www.qualitester.com\/wp-content\/uploads\/2023\/04\/Drawing-Volume-Tester-RDVT-01-1-150x150.jpg 150w, https:\/\/www.qualitester.com\/wp-content\/uploads\/2023\/04\/Drawing-Volume-Tester-RDVT-01-1-600x600.jpg 600w, https:\/\/www.qualitester.com\/wp-content\/uploads\/2023\/04\/Drawing-Volume-Tester-RDVT-01-1-100x100.jpg 100w\" sizes=\"(max-width: 750px) 100vw, 750px\" \/>\t\t\t\t\t\t\t\t\t\t\t\t\t<\/div>\n\t\t\t\t<\/div>\n\t\t\t\t<\/div>\n\t\t<div class=\"elementor-element elementor-element-9d890d4 e-con-full e-flex e-con e-parent\" data-id=\"9d890d4\" data-element_type=\"container\">\n\t\t\t\t<div class=\"elementor-element elementor-element-bd00a62 elementor-widget elementor-widget-text-editor\" data-id=\"bd00a62\" data-element_type=\"widget\" data-widget_type=\"text-editor.default\">\n\t\t\t\t<div class=\"elementor-widget-container\">\n\t\t\t\t\t\t\t<h6><strong>Kontekst<\/strong><\/h6><p><em>Prob\u00f3wka do pobierania krwi typu vacutainer to sterylna szklana lub plastikowa prob\u00f3wka z kolorowym gumowym korkiem tworz\u0105cym uszczelnienie pr\u00f3\u017cniowe wewn\u0105trz prob\u00f3wki, u\u0142atwiaj\u0105ce pobranie okre\u015blonej obj\u0119to\u015bci p\u0142ynu. Prob\u00f3wki Vacutainer mog\u0105 zawiera\u0107 dodatki zaprojektowane w celu stabilizacji i zachowania pr\u00f3bki przed badaniem analitycznym.<\/em><\/p><p><em>Prob\u00f3wki s\u0105 dost\u0119pne z bezpiecznym korkiem, z r\u00f3\u017cnymi opcjami etykietowania i obj\u0119to\u015bciami pobierania. Kolor g\u00f3rnej cz\u0119\u015bci wskazuje dodatki znajduj\u0105ce si\u0119 w fiolce.<\/em><\/p><p>\u00a0<\/p>\t\t\t\t\t\t<\/div>\n\t\t\t\t<\/div>\n\t\t\t\t<\/div>\n\t\t\t\t\t<\/div>\n\t\t\t\t<\/div>\n\t\t<div class=\"elementor-element elementor-element-6fbbd3c e-flex e-con-boxed e-con e-parent\" data-id=\"6fbbd3c\" data-element_type=\"container\">\n\t\t\t\t\t<div class=\"e-con-inner\">\n\t\t<div class=\"elementor-element elementor-element-35ac726 e-con-full e-flex e-con e-parent\" data-id=\"35ac726\" data-element_type=\"container\">\n\t\t\t\t<div class=\"elementor-element elementor-element-86c1ab3 elementor-widget elementor-widget-image\" data-id=\"86c1ab3\" data-element_type=\"widget\" data-widget_type=\"image.default\">\n\t\t\t\t<div class=\"elementor-widget-container\">\n\t\t\t\t\t\t\t\t\t\t\t\t\t<img decoding=\"async\" width=\"750\" height=\"750\" src=\"https:\/\/www.qualitester.com\/wp-content\/uploads\/2023\/04\/RDVT-01-Drawing-Volume-Tester-1.jpg\" class=\"attachment-large size-large wp-image-1801\" alt=\"\" srcset=\"https:\/\/www.qualitester.com\/wp-content\/uploads\/2023\/04\/RDVT-01-Drawing-Volume-Tester-1.jpg 750w, https:\/\/www.qualitester.com\/wp-content\/uploads\/2023\/04\/RDVT-01-Drawing-Volume-Tester-1-300x300.jpg 300w, https:\/\/www.qualitester.com\/wp-content\/uploads\/2023\/04\/RDVT-01-Drawing-Volume-Tester-1-150x150.jpg 150w, https:\/\/www.qualitester.com\/wp-content\/uploads\/2023\/04\/RDVT-01-Drawing-Volume-Tester-1-600x600.jpg 600w, https:\/\/www.qualitester.com\/wp-content\/uploads\/2023\/04\/RDVT-01-Drawing-Volume-Tester-1-100x100.jpg 100w\" sizes=\"(max-width: 750px) 100vw, 750px\" \/>\t\t\t\t\t\t\t\t\t\t\t\t\t<\/div>\n\t\t\t\t<\/div>\n\t\t\t\t<\/div>\n\t\t<div class=\"elementor-element elementor-element-3b27eec e-con-full e-flex e-con e-parent\" data-id=\"3b27eec\" data-element_type=\"container\">\n\t\t\t\t<div class=\"elementor-element elementor-element-9167e29 elementor-widget elementor-widget-text-editor\" data-id=\"9167e29\" data-element_type=\"widget\" data-widget_type=\"text-editor.default\">\n\t\t\t\t<div class=\"elementor-widget-container\">\n\t\t\t\t\t\t\t<h6><strong>Opis<\/strong><\/h6><p><em>Ig\u0142y Vacutainer s\u0105 podw\u00f3jnie zako\u0144czone, a jedna ich strona jest pokryta cienk\u0105 gumow\u0105 pow\u0142ok\u0105 zapewniaj\u0105c\u0105 bezpiecze\u0144stwo. Po wkr\u0119ceniu ig\u0142y w p\u00f3\u0142przezroczysty plastikowy uchwyt ig\u0142y, gumowa ig\u0142a znajduje si\u0119 wewn\u0105trz uchwytu, a ods\u0142oni\u0119ta ig\u0142a zostanie wprowadzona do \u017cy\u0142y.<\/em><\/p><p><em>Po w\u0142o\u017ceniu prob\u00f3wki pr\u00f3\u017cniowej do uchwytu, jej gumowa nasadka zostaje przebita przez wewn\u0119trzn\u0105 ig\u0142\u0119, a podci\u015bnienie w prob\u00f3wce powoduje wci\u0105gni\u0119cie krwi przez ig\u0142\u0119 do prob\u00f3wki. Nape\u0142niona prob\u00f3wka jest nast\u0119pnie wyjmowana, a kolejna mo\u017ce zosta\u0107 w\u0142o\u017cona i nape\u0142niona w ten sam spos\u00f3b.<\/em><\/p><p><em>Ilo\u015b\u0107 powietrza usuni\u0119tego z rurki okre\u015bla, ile krwi wype\u0142ni rurk\u0119, zanim krew przestanie p\u0142yn\u0105\u0107.<\/em><\/p>\t\t\t\t\t\t<\/div>\n\t\t\t\t<\/div>\n\t\t\t\t<\/div>\n\t\t\t\t\t<\/div>\n\t\t\t\t<\/div>\n\t\t<div class=\"elementor-element elementor-element-079d546 e-flex e-con-boxed e-con e-parent\" data-id=\"079d546\" data-element_type=\"container\">\n\t\t\t\t\t<div class=\"e-con-inner\">\n\t\t<div class=\"elementor-element elementor-element-96d5674 e-con-full e-flex e-con e-parent\" data-id=\"96d5674\" data-element_type=\"container\">\n\t\t\t\t<div class=\"elementor-element elementor-element-0723ea6 elementor-widget elementor-widget-image\" data-id=\"0723ea6\" data-element_type=\"widget\" data-widget_type=\"image.default\">\n\t\t\t\t<div class=\"elementor-widget-container\">\n\t\t\t\t\t\t\t\t\t\t\t\t\t<img decoding=\"async\" width=\"750\" height=\"750\" src=\"https:\/\/www.qualitester.com\/wp-content\/uploads\/2023\/04\/RDVT-01-Drawing-Volume-Tester-1.jpg\" class=\"attachment-large size-large wp-image-1801\" alt=\"\" srcset=\"https:\/\/www.qualitester.com\/wp-content\/uploads\/2023\/04\/RDVT-01-Drawing-Volume-Tester-1.jpg 750w, https:\/\/www.qualitester.com\/wp-content\/uploads\/2023\/04\/RDVT-01-Drawing-Volume-Tester-1-300x300.jpg 300w, https:\/\/www.qualitester.com\/wp-content\/uploads\/2023\/04\/RDVT-01-Drawing-Volume-Tester-1-150x150.jpg 150w, https:\/\/www.qualitester.com\/wp-content\/uploads\/2023\/04\/RDVT-01-Drawing-Volume-Tester-1-600x600.jpg 600w, https:\/\/www.qualitester.com\/wp-content\/uploads\/2023\/04\/RDVT-01-Drawing-Volume-Tester-1-100x100.jpg 100w\" sizes=\"(max-width: 750px) 100vw, 750px\" \/>\t\t\t\t\t\t\t\t\t\t\t\t\t<\/div>\n\t\t\t\t<\/div>\n\t\t\t\t<\/div>\n\t\t<div class=\"elementor-element elementor-element-61dd7de e-con-full e-flex e-con e-parent\" data-id=\"61dd7de\" data-element_type=\"container\">\n\t\t\t\t<div class=\"elementor-element elementor-element-3dda4cd elementor-widget elementor-widget-text-editor\" data-id=\"3dda4cd\" data-element_type=\"widget\" data-widget_type=\"text-editor.default\">\n\t\t\t\t<div class=\"elementor-widget-container\">\n\t\t\t\t\t\t\t<p><strong>W\u0142a\u015bciwo\u015bci techniczne<\/strong><\/p><ul><li><em>Jest to jednostka sterowana przez PLC (stabilny poziom przemys\u0142owy) i obs\u0142ugiwana przez ekran dotykowy HMI.<\/em><\/li><li><em>Jest wygodny w u\u017cyciu, posiada wej\u015bcie cyfrowe, a system automatycznie utrzymuje sta\u0142e ci\u015bnienie zgodnie ze zmian\u0105 poziomu cieczy w zbiorniku, aby zagwarantowa\u0107 dok\u0142adno\u015b\u0107 testu.<\/em><\/li><li><em>Wbudowana pompa pr\u00f3\u017cniowa pozwala zaoszcz\u0119dzi\u0107 miejsce i dodatkowe koszty dla u\u017cytkownika.<\/em><\/li><\/ul><h6><strong>Dane<\/strong><\/h6><p><em>Stopie\u0144 pr\u00f3\u017cni 0~-40 KPa <\/em><br \/><em>\u00a0 \u00a0 \u00a0 \u00a0 \u00a0 \u00a0 \u00a0 \u00a0 \u00a0 \u00a0 \u00a0 \u00a0 \u00a0 \u00a0 \u00a0 \u00a0 \u00a0 \u00a0 \u00a0 \u00a0 \u00a0 \u00a0 \u00a0 \u00a0 \u00a0 (Podobnie jak na wysoko\u015bci 3600 m n.p.m.)<\/em><\/p><p><em>Sterowanie PLC i interfejs cz\u0142owiek-maszyna<\/em><\/p><p><em>Zasilanie 220 V, 50\/60 Hz<\/em><\/p>\t\t\t\t\t\t<\/div>\n\t\t\t\t<\/div>\n\t\t\t\t<\/div>\n\t\t\t\t\t<\/div>\n\t\t\t\t<\/div>\n\t\t<div class=\"elementor-element elementor-element-50ec8cb e-flex e-con-boxed e-con e-parent\" data-id=\"50ec8cb\" data-element_type=\"container\">\n\t\t\t\t\t<div class=\"e-con-inner\">\n\t\t\t\t<div class=\"elementor-element elementor-element-d7531f7 elementor-widget elementor-widget-wpforms\" data-id=\"d7531f7\" data-element_type=\"widget\" data-widget_type=\"wpforms.default\">\n\t\t\t\t<div class=\"elementor-widget-container\">\n\t\t\t<div class=\"wpforms-container\" id=\"wpforms-11\"><form id=\"wpforms-form-11\" class=\"wpforms-validate wpforms-form wpforms-ajax-form\" data-formid=\"11\" method=\"post\" enctype=\"multipart\/form-data\" action=\"\/pl\/wp-json\/wp\/v2\/product\/3478\" data-token=\"7c26fc00fd485ee9e5a7c61a93b70491\" data-trp-original-action=\"\/pl\/wp-json\/wp\/v2\/product\/3478\"><noscript class=\"wpforms-error-noscript\">Aby wype\u0142ni\u0107 ten formularz, w\u0142\u0105cz obs\u0142ug\u0119 JavaScript w przegl\u0105darce.<\/noscript><div class=\"wpforms-field-container\"><div id=\"wpforms-11-field_1-container\" class=\"wpforms-field wpforms-field-text\" data-field-id=\"1\"><label class=\"wpforms-field-label\" for=\"wpforms-11-field_1\">Nazwa <span class=\"wpforms-required-label\">*<\/span><\/label><input type=\"text\" id=\"wpforms-11-field_1\" class=\"wpforms-field-medium wpforms-field-required\" name=\"wpforms[fields][1]\" placeholder=\"Nazwa\" required><\/div><div id=\"wpforms-11-field_5-container\" class=\"wpforms-field wpforms-field-text\" data-field-id=\"5\"><label class=\"wpforms-field-label\" for=\"wpforms-11-field_5\">Firma<\/label><input type=\"text\" id=\"wpforms-11-field_5\" class=\"wpforms-field-medium\" name=\"wpforms[fields][5]\" ><\/div><div id=\"wpforms-11-field_4-container\" class=\"wpforms-field wpforms-field-number\" data-field-id=\"4\"><label class=\"wpforms-field-label\" for=\"wpforms-11-field_4\">Telefon<\/label><input type=\"number\" pattern=\"\\d*\" id=\"wpforms-11-field_4\" class=\"wpforms-field-medium\" name=\"wpforms[fields][4]\" placeholder=\"Telefon\" ><\/div><div id=\"wpforms-11-field_3-container\" class=\"wpforms-field wpforms-field-email\" data-field-id=\"3\"><label class=\"wpforms-field-label\" for=\"wpforms-11-field_3\">E-mail <span class=\"wpforms-required-label\">*<\/span><\/label><input type=\"email\" id=\"wpforms-11-field_3\" class=\"wpforms-field-medium wpforms-field-required\" name=\"wpforms[fields][3]\" placeholder=\"E-mail\" spellcheck=\"false\" required><\/div><div id=\"wpforms-11-field_2-container\" class=\"wpforms-field wpforms-field-textarea\" data-field-id=\"2\"><label class=\"wpforms-field-label\" for=\"wpforms-11-field_2\">Wiadomo\u015b\u0107<\/label><textarea id=\"wpforms-11-field_2\" class=\"wpforms-field-large\" name=\"wpforms[fields][2]\" ><\/textarea><\/div><\/div><!-- .wpforms-field-container --><input type=\"hidden\" name=\"wpforms[recaptcha]\" value=\"\"><div class=\"wpforms-submit-container\" ><input type=\"hidden\" name=\"wpforms[id]\" value=\"11\"><input type=\"hidden\" name=\"wpforms[author]\" value=\"4\"><button type=\"submit\" name=\"wpforms[submit]\" id=\"wpforms-submit-11\" class=\"wpforms-submit\" data-alt-text=\"Submitting\" data-submit-text=\"Submit\" aria-live=\"assertive\" value=\"wpforms-submit\">Prze\u015blij<\/button><img decoding=\"async\" src=\"https:\/\/www.qualitester.com\/wp-content\/plugins\/wpforms-lite\/assets\/images\/submit-spin.svg\" class=\"wpforms-submit-spinner\" style=\"display: none;\" width=\"26\" height=\"26\" alt=\"Wczytywanie\"><\/div><input type=\"hidden\" name=\"trp-form-language\" value=\"pl\"\/><\/form><\/div>  <!-- .wpforms-container -->\t\t<\/div>\n\t\t\t\t<\/div>\n\t\t\t\t\t<\/div>\n\t\t\t\t<\/div>\n\t\t\t\t<\/div>","protected":false},"excerpt":{"rendered":"<p>RDVT-01 mo\u017ce testowa\u0107 obj\u0119to\u015b\u0107 krwi, kt\u00f3ra mo\u017ce by\u0107 automatycznie zasysana przez pr\u00f3\u017cniowe naczynia krwiono\u015bne.<\/p>","protected":false},"featured_media":1801,"comment_status":"closed","ping_status":"closed","template":"","meta":{"site-sidebar-layout":"default","site-content-layout":"default","ast-global-header-display":"","ast-main-header-display":"","ast-hfb-above-header-display":"","ast-hfb-below-header-display":"","ast-hfb-mobile-header-display":"","site-post-title":"disabled","ast-breadcrumbs-content":"","ast-featured-img":"disabled","footer-sml-layout":"","theme-transparent-header-meta":"default","adv-header-id-meta":"","stick-header-meta":"","header-above-stick-meta":"","header-main-stick-meta":"","header-below-stick-meta":""},"product_cat":[934,936,149,16,95],"product_tag":[966,184,384],"class_list":{"0":"post-3478","1":"product","2":"type-product","3":"status-publish","4":"has-post-thumbnail","6":"product_cat-medical-packaging-tester","7":"product_cat-vacutainer-drawing-volume-tester","8":"product_cat-pharma-and-medical-testers","9":"product_cat-plastic-packaging-testers","10":"product_cat-products","11":"product_tag-drawing-volume-of-the-vacutainer","12":"product_tag-vacutainer-blood-collection-tube","13":"product_tag-vacuum-tube-suction-volume","14":"desktop-align-left","15":"tablet-align-left","16":"mobile-align-left","18":"first","19":"instock","20":"shipping-taxable","21":"product-type-simple"},"_links":{"self":[{"href":"https:\/\/www.qualitester.com\/pl\/wp-json\/wp\/v2\/product\/3478","targetHints":{"allow":["GET"]}}],"collection":[{"href":"https:\/\/www.qualitester.com\/pl\/wp-json\/wp\/v2\/product"}],"about":[{"href":"https:\/\/www.qualitester.com\/pl\/wp-json\/wp\/v2\/types\/product"}],"replies":[{"embeddable":true,"href":"https:\/\/www.qualitester.com\/pl\/wp-json\/wp\/v2\/comments?post=3478"}],"version-history":[{"count":0,"href":"https:\/\/www.qualitester.com\/pl\/wp-json\/wp\/v2\/product\/3478\/revisions"}],"wp:featuredmedia":[{"embeddable":true,"href":"https:\/\/www.qualitester.com\/pl\/wp-json\/wp\/v2\/media\/1801"}],"wp:attachment":[{"href":"https:\/\/www.qualitester.com\/pl\/wp-json\/wp\/v2\/media?parent=3478"}],"wp:term":[{"taxonomy":"product_cat","embeddable":true,"href":"https:\/\/www.qualitester.com\/pl\/wp-json\/wp\/v2\/product_cat?post=3478"},{"taxonomy":"product_tag","embeddable":true,"href":"https:\/\/www.qualitester.com\/pl\/wp-json\/wp\/v2\/product_tag?post=3478"}],"curies":[{"name":"wp","href":"https:\/\/api.w.org\/{rel}","templated":true}]}}