{"id":3281,"date":"2023-08-14T08:28:02","date_gmt":"2023-08-14T00:28:02","guid":{"rendered":"https:\/\/www.qualitester.com\/?post_type=product&#038;p=3281"},"modified":"2024-12-05T09:19:19","modified_gmt":"2024-12-05T01:19:19","slug":"heat-seal-material-film-hot-tack-property-test","status":"publish","type":"product","link":"https:\/\/www.qualitester.com\/pl\/produkt-2\/heat-seal-material-film-hot-tack-property-test\/","title":{"rendered":"Tester HTT-01 Hot Tack"},"content":{"rendered":"<h2><strong>Wprowadzenie do testu Hot Tack<\/strong><\/h2>\n<p>The <strong>Test przyczepno\u015bci na gor\u0105co<\/strong> to krytyczna metoda oceny, kt\u00f3ra mierzy wytrzyma\u0142o\u015b\u0107 zgrzew\u00f3w natychmiast po zgrzaniu i przed ostygni\u0119ciem zgrzewu. Test ten jest niezb\u0119dny w bran\u017cach, w kt\u00f3rych wymagane jest szybkie i niezawodne uszczelnienie, zw\u0142aszcza w <strong>pionowy system formuj\u0105co-filtruj\u0105co-uszczelniaj\u0105cy (VFFS)<\/strong> procesy. Mocna przylepno\u015b\u0107 na gor\u0105co zapewnia, \u017ce uszczelnienie pozostaje nienaruszone, gdy opakowanie jest wype\u0142nione produktami, zapobiegaj\u0105c wyciekom i utrzymuj\u0105c integralno\u015b\u0107 produktu.<\/p>\n<p>Testowanie przyczepno\u015bci na gor\u0105co jest szeroko stosowane w bran\u017cach takich jak pakowanie \u017cywno\u015bci, farmaceutyki, kleje i elektronika, gdzie wydajno\u015b\u0107 opakowania ma bezpo\u015bredni wp\u0142yw na bezpiecze\u0144stwo i jako\u015b\u0107 produktu.<\/p>\n<h2><strong>Przegl\u0105d test\u00f3w zgrzewania<\/strong><\/h2>\n<p><strong>Test uszczelnienia termicznego<\/strong> ocenia og\u00f3ln\u0105 wytrzyma\u0142o\u015b\u0107, trwa\u0142o\u015b\u0107 i elastyczno\u015b\u0107 materia\u0142\u00f3w termoplastycznych po uszczelnieniu. Zapewnia to, \u017ce uszczelnienia mog\u0105 wytrzyma\u0107 warunki obs\u0142ugi, przechowywania i transportu. Kluczowe czynniki wp\u0142ywaj\u0105ce na wydajno\u015b\u0107 zgrzewania obejmuj\u0105:<\/p>\n<ul>\n<li><strong>Temperatura uszczelnienia<\/strong><\/li>\n<li><strong>Ci\u015bnienie<\/strong><\/li>\n<li><strong>Czas przebywania<\/strong><\/li>\n<li><strong>Czas ch\u0142odzenia<\/strong><\/li>\n<\/ul>\n<p>Dok\u0142adna kontrola tych parametr\u00f3w ma kluczowe znaczenie dla uzyskania sp\u00f3jnych i niezawodnych zgrzew\u00f3w, dzi\u0119ki czemu testowanie zgrzew\u00f3w jest kamieniem w\u0119gielnym zapewnienia jako\u015bci w opakowaniach elastycznych.<\/p>\n<h2><strong><a href=\"https:\/\/www.astm.org\/f1921_f1921m-12r18.html\" rel=\"nofollow noopener\" target=\"_blank\">ASTM F1921<\/a> oraz <a href=\"https:\/\/www.astm.org\/f2029-16r21.html\" rel=\"nofollow noopener\" target=\"_blank\">ASTM F2029<\/a> Standardy<\/strong><\/h2>\n<ul>\n<li><a href=\"https:\/\/www.qualitester.com\/pl\/kategoria-produktu\/astm\/astm-f1921\/\"><strong>ASTM F1921<\/strong><\/a>:<br \/>\nNiniejsza norma okre\u015bla metody testowe do okre\u015blania <strong>wytrzyma\u0142o\u015b\u0107 uszczelnienia na gor\u0105co<\/strong> (hot tack) materia\u0142\u00f3w termoplastycznych. Zawiera wytyczne dotycz\u0105ce warunk\u00f3w uszczelniania, procedur testowych i pomiaru si\u0142y wymaganej do oddzielenia uszczelnie\u0144.<\/li>\n<li><a href=\"https:\/\/www.qualitester.com\/pl\/kategoria-produktu\/astm\/astm-f2029\/\"><strong>ASTM F2029<\/strong><\/a>:<br \/>\nNiniejszy standard opisuje <strong>praktyki wykonywania zgrzew\u00f3w<\/strong> i oceny ich wytrzyma\u0142o\u015bci. Zapewnia, \u017ce materia\u0142y zgrzewalne spe\u0142niaj\u0105 kryteria wydajno\u015bci poprzez okre\u015blenie parametr\u00f3w zgrzewania i testowania.<\/li>\n<\/ul>\n<p>Oba standardy maj\u0105 kluczowe znaczenie dla utrzymania kontroli jako\u015bci i zapewnienia zgodno\u015bci z przepisami bran\u017cowymi.<\/p>\n<h2><strong>HTT-01 Tester rozci\u0105gania i rozci\u0105gania na gor\u0105co<\/strong><\/h2>\n<p>The <strong>HTT-01 Tester rozci\u0105gania i rozci\u0105gania na gor\u0105co<\/strong> to wszechstronny instrument przeznaczony do oceny zar\u00f3wno <strong>hot tack<\/strong> i og\u00f3lnie <strong>wytrzyma\u0142o\u015b\u0107 uszczelnienia<\/strong> materia\u0142\u00f3w termoplastycznych. Zapewnia wiarygodne dane do zapewnienia jako\u015bci w zastosowaniach opakowaniowych i pomaga producentom zoptymalizowa\u0107 procesy uszczelniania.<\/p>\n<p><strong>Kluczowe aplikacje:<\/strong><\/p>\n<ul>\n<li>Testowanie przyczepno\u015bci na gor\u0105co dla opakowa\u0144 VFFS.<\/li>\n<li>Ocena wytrzyma\u0142o\u015bci zgrzewu dla elastycznych ta\u015bm.<\/li>\n<li>Testowanie wytrzyma\u0142o\u015bci na rozci\u0105ganie i odrywanie materia\u0142\u00f3w termoplastycznych.<\/li>\n<\/ul>\n<h2><strong>Zasada i proces testowania<\/strong><\/h2>\n<p>Test przylepno\u015bci na gor\u0105co polega na zgrzaniu paska pr\u00f3bki mi\u0119dzy dwiema rozgrzanymi szcz\u0119kami w kontrolowanych warunkach:<\/p>\n<ol>\n<li><strong>Parametry uszczelnienia<\/strong>: Temperatura, czas przebywania, ci\u015bnienie i czas ch\u0142odzenia s\u0105 ustawiane zgodnie ze specyfikacj\u0105 materia\u0142u.<\/li>\n<li><strong>Test separacji<\/strong>: Po uszczelnieniu pr\u00f3bka jest oddzielana z okre\u015blon\u0105 pr\u0119dko\u015bci\u0105 i mierzona jest si\u0142a wymagana do zerwania uszczelnienia.<\/li>\n<\/ol>\n<p>Wynikowa si\u0142a wskazuje <strong>wytrzyma\u0142o\u015b\u0107 na klejenie na gor\u0105co<\/strong>co ma kluczowe znaczenie dla zapewnienia wydajno\u015bci opakowania w rzeczywistych zastosowaniach.<\/p>\n<h2><strong>Kluczowe cechy techniczne HTT-01<\/strong><\/h2>\n<ul>\n<li><strong>Zaawansowane sterowanie i interfejs<\/strong>:<br \/>\nHTT-01 posiada <strong>System sterowany za pomoc\u0105 sterownika PLC<\/strong> z <strong>Ekran dotykowy HMI<\/strong> interfejs, zapewniaj\u0105cy stabilno\u015b\u0107 na poziomie przemys\u0142owym i przyjazn\u0105 dla u\u017cytkownika obs\u0142ug\u0119.<\/li>\n<li><strong>Wszechstronne mo\u017cliwo\u015bci testowania<\/strong>:<br \/>\nObs\u0142uguje <strong>Testy przyczepno\u015bci na gor\u0105co, rozci\u0105gania i odrywania<\/strong>dzi\u0119ki czemu jest to wielofunkcyjne rozwi\u0105zanie do r\u00f3\u017cnych zastosowa\u0144.<\/li>\n<li><strong>Precyzja temperatury<\/strong>:<br \/>\nTester u\u017cywa <strong>Regulator temperatury Delta P.I.D.<\/strong> oraz <strong>Czujnik PT100<\/strong> dla dok\u0142adnej kontroli temperatury, zapewniaj\u0105c powtarzalne wyniki.<\/li>\n<li><strong>Regulowane parametry<\/strong>:<br \/>\nU\u017cytkownicy mog\u0105 dostosowa\u0107 temperatur\u0119 zgrzewania, ci\u015bnienie i czas przebywania, z pr\u0119dko\u015bciami testowania od <strong>1 do 2000 mm\/min<\/strong>.<\/li>\n<li><strong>Bezpiecze\u0144stwo i zarz\u0105dzanie danymi<\/strong>:<br \/>\nHTT-01 posiada takie funkcje bezpiecze\u0144stwa jak <strong>Automatyczne zerowanie<\/strong>, <strong>ochrona przed przeci\u0105\u017ceniem<\/strong>oraz <strong>zabezpieczenie przed nadmiernym wychyleniem<\/strong>. Danymi mo\u017cna zarz\u0105dza\u0107 za po\u015brednictwem <strong>Port RS 232<\/strong> i opcjonalne profesjonalne oprogramowanie.<\/li>\n<\/ul>\n<h2><strong>G\u0142\u00f3wne specyfikacje techniczne<\/strong><\/h2>\n<table>\n<tbody>\n<tr>\n<td width=\"123\">Temperatura uszczelnienia.<\/td>\n<td width=\"251\">Otoczenie~250\u2103<\/td>\n<\/tr>\n<tr>\n<td width=\"123\">Dok\u0142adno\u015b\u0107 temperatury<\/td>\n<td width=\"251\">\u00b10.2\u2103<\/td>\n<\/tr>\n<tr>\n<td width=\"123\">Czas przebywania<\/td>\n<td width=\"251\">0,1~9999s (uszczelnienie termiczne)<\/td>\n<\/tr>\n<tr>\n<td width=\"123\">Czas przebywania<\/td>\n<td width=\"251\">0,1~9999s (Hot Tack)<\/td>\n<\/tr>\n<tr>\n<td width=\"123\">Ci\u015bnienie uszczelnienia<\/td>\n<td width=\"251\">0,15 MPa~0,7 MPa<\/td>\n<\/tr>\n<tr>\n<td width=\"123\">Szcz\u0119ki uszczelniaj\u0105ce<\/td>\n<td width=\"251\">50mmx10mm z pow\u0142ok\u0105 teflonow\u0105<\/td>\n<\/tr>\n<tr>\n<td width=\"123\">Ogrzewanie szcz\u0119k<\/td>\n<td width=\"251\">Podw\u00f3jne ogrzewanie<\/td>\n<\/tr>\n<tr>\n<td width=\"123\">Ogniwo obci\u0105\u017cnikowe<\/td>\n<td width=\"251\">200N (opcjonalnie: 30N50N100N itp.)<\/td>\n<\/tr>\n<tr>\n<td width=\"123\">Dok\u0142adno\u015b\u0107<\/td>\n<td width=\"251\">0,5 F.S.<\/td>\n<\/tr>\n<tr>\n<td width=\"123\">Rozdzielczo\u015b\u0107<\/td>\n<td width=\"251\">0.01N<\/td>\n<\/tr>\n<tr>\n<td width=\"123\">Moc<\/td>\n<td width=\"251\">220 V, 50 HZ<\/td>\n<\/tr>\n<\/tbody>\n<\/table>\n<h2><strong>Znaczenie test\u00f3w zgrzewania na gor\u0105co i zgrzewania na gor\u0105co<\/strong><\/h2>\n<ul>\n<li><strong>Zapewnienie jako\u015bci i bezpiecze\u0144stwa<\/strong>:<br \/>\nTesty zgrzewania na gor\u0105co i zgrzewania na gor\u0105co odgrywaj\u0105 istotn\u0105 rol\u0119 w utrzymaniu jako\u015bci i bezpiecze\u0144stwa pakowanych towar\u00f3w. Oceniaj\u0105c wytrzyma\u0142o\u015b\u0107 zgrzewu na r\u00f3\u017cnych etapach, producenci mog\u0105 zapobiega\u0107 wyciekom i awariom produkt\u00f3w.<\/li>\n<li><strong>Zgodno\u015b\u0107 z przepisami bran\u017cowymi<\/strong>:<br \/>\nPrzestrzeganie <strong>ASTM F1921<\/strong> oraz <strong>ASTM F2029<\/strong> zapewnia, \u017ce produkty spe\u0142niaj\u0105 standardy bran\u017cowe i oczekiwania klient\u00f3w.<\/li>\n<li><strong>Optymalizacja proces\u00f3w<\/strong>:<br \/>\nDane zebrane podczas test\u00f3w hot tack i zgrzewania pomagaj\u0105 zoptymalizowa\u0107 procesy pakowania, poprawiaj\u0105c wydajno\u015b\u0107 i zmniejszaj\u0105c ilo\u015b\u0107 odpad\u00f3w.<\/li>\n<\/ul>\n<p>The <strong>HTT-01 Tester rozci\u0105gania i rozci\u0105gania na gor\u0105co<\/strong> jest niezb\u0119dnym narz\u0119dziem do zapewnienia integralno\u015bci i niezawodno\u015bci zgrzew\u00f3w w opakowaniach elastycznych. Przestrzegaj\u0105c <strong>ASTM F1921<\/strong> oraz <strong>ASTM F2029<\/strong> Tester ten pomaga producentom osi\u0105gn\u0105\u0107 sta\u0142\u0105 jako\u015b\u0107 i spe\u0142ni\u0107 wymagania bran\u017cowe. Jego zaawansowane funkcje, precyzyjne sterowanie i wszechstronno\u015b\u0107 sprawiaj\u0105, \u017ce jest on cennym zasobem w zapewnianiu jako\u015bci opakowa\u0144.<\/p>\n<h2><strong>Najcz\u0119\u015bciej zadawane pytania<\/strong><\/h2>\n<ol>\n<li><strong>Co to jest test hot tack i dlaczego jest wa\u017cny?<\/strong><br \/>\nTest przylepno\u015bci na gor\u0105co mierzy wytrzyma\u0142o\u015b\u0107 zgrzewu natychmiast po zgrzaniu, co ma kluczowe znaczenie dla utrzymania integralno\u015bci opakowania w procesach o du\u017cej pr\u0119dko\u015bci.<\/li>\n<li><strong>Czym r\u00f3\u017cni si\u0119 test zgrzewania od testu przylepno\u015bci na gor\u0105co?<\/strong><br \/>\nTesty zgrzewania na gor\u0105co oceniaj\u0105 og\u00f3ln\u0105 wytrzyma\u0142o\u015b\u0107 uszczelnienia po sch\u0142odzeniu, podczas gdy testy przyczepno\u015bci na gor\u0105co oceniaj\u0105 wytrzyma\u0142o\u015b\u0107 uszczelnienia przed sch\u0142odzeniem.<\/li>\n<li><strong>Jakie bran\u017ce wykorzystuj\u0105 testy przylepno\u015bci na gor\u0105co i zgrzewania na gor\u0105co?<\/strong><br \/>\nBran\u017ce takie jak pakowanie \u017cywno\u015bci, farmaceutyki, kleje i elektronika polegaj\u0105 na tych testach w celu zapewnienia bezpiecze\u0144stwa i jako\u015bci produkt\u00f3w.<\/li>\n<li><strong>Czym s\u0105 normy ASTM F1921 i ASTM F2029?<\/strong><br \/>\nNorma ASTM F1921 okre\u015bla metody oceny wytrzyma\u0142o\u015bci na przywieranie na gor\u0105co, natomiast norma ASTM F2029 okre\u015bla praktyki wykonywania i oceny zgrzew\u00f3w.<\/li>\n<li><strong>Jakie s\u0105 najwa\u017cniejsze cechy urz\u0105dzenia HTT-01 Hot Tack Tester?<\/strong><br \/>\nHTT-01 oferuje zaawansowane sterowanie, wszechstronne mo\u017cliwo\u015bci testowania, precyzyjn\u0105 kontrol\u0119 temperatury i solidne funkcje bezpiecze\u0144stwa, dzi\u0119ki czemu idealnie nadaje si\u0119 do kompleksowych test\u00f3w zgrzewania.<\/li>\n<\/ol>","protected":false},"excerpt":{"rendered":"<p>The <strong>Test przyczepno\u015bci na gor\u0105co<\/strong> to krytyczna metoda oceny, kt\u00f3ra mierzy wytrzyma\u0142o\u015b\u0107 zgrzew\u00f3w natychmiast po zgrzaniu i przed ostygni\u0119ciem zgrzewu. Test ten jest niezb\u0119dny w bran\u017cach, w kt\u00f3rych wymagane jest szybkie i niezawodne uszczelnienie, zw\u0142aszcza w <strong>pionowy system formuj\u0105co-filtruj\u0105co-uszczelniaj\u0105cy (VFFS)<\/strong> procesy. Mocna przylepno\u015b\u0107 na gor\u0105co zapewnia, \u017ce uszczelnienie pozostaje nienaruszone, gdy opakowanie jest wype\u0142nione produktami, zapobiegaj\u0105c wyciekom i utrzymuj\u0105c integralno\u015b\u0107 produktu.<\/p>","protected":false},"featured_media":5966,"comment_status":"closed","ping_status":"closed","template":"","meta":{"site-sidebar-layout":"default","site-content-layout":"default","ast-global-header-display":"","ast-main-header-display":"","ast-hfb-above-header-display":"","ast-hfb-below-header-display":"","ast-hfb-mobile-header-display":"","site-post-title":"disabled","ast-breadcrumbs-content":"","ast-featured-img":"disabled","footer-sml-layout":"","theme-transparent-header-meta":"default","adv-header-id-meta":"","stick-header-meta":"","header-above-stick-meta":"","header-main-stick-meta":"","header-below-stick-meta":""},"product_cat":[953,956,955,845,954,957,958,952,959,677,678,149,16,141,142,95],"product_tag":[],"class_list":{"0":"post-3281","1":"product","2":"type-product","3":"status-publish","4":"has-post-thumbnail","6":"product_cat-bursting-tester","7":"product_cat-cobb-tester","8":"product_cat-crush-tester","9":"product_cat-customization","10":"product_cat-paper-tear-tester","11":"product_cat-plybond-tester","12":"product_cat-puncture-tester","13":"product_cat-rub-tester","14":"product_cat-stiffness-tester","15":"product_cat-heat-seal-tester","16":"product_cat-hot-tack-tester","17":"product_cat-pharma-and-medical-testers","18":"product_cat-plastic-packaging-testers","19":"product_cat-astm-f1921","20":"product_cat-astm-f2029","21":"product_cat-products","22":"desktop-align-left","23":"tablet-align-left","24":"mobile-align-left","26":"first","27":"instock","28":"shipping-taxable","29":"product-type-simple"},"_links":{"self":[{"href":"https:\/\/www.qualitester.com\/pl\/wp-json\/wp\/v2\/product\/3281","targetHints":{"allow":["GET"]}}],"collection":[{"href":"https:\/\/www.qualitester.com\/pl\/wp-json\/wp\/v2\/product"}],"about":[{"href":"https:\/\/www.qualitester.com\/pl\/wp-json\/wp\/v2\/types\/product"}],"replies":[{"embeddable":true,"href":"https:\/\/www.qualitester.com\/pl\/wp-json\/wp\/v2\/comments?post=3281"}],"version-history":[{"count":0,"href":"https:\/\/www.qualitester.com\/pl\/wp-json\/wp\/v2\/product\/3281\/revisions"}],"wp:featuredmedia":[{"embeddable":true,"href":"https:\/\/www.qualitester.com\/pl\/wp-json\/wp\/v2\/media\/5966"}],"wp:attachment":[{"href":"https:\/\/www.qualitester.com\/pl\/wp-json\/wp\/v2\/media?parent=3281"}],"wp:term":[{"taxonomy":"product_cat","embeddable":true,"href":"https:\/\/www.qualitester.com\/pl\/wp-json\/wp\/v2\/product_cat?post=3281"},{"taxonomy":"product_tag","embeddable":true,"href":"https:\/\/www.qualitester.com\/pl\/wp-json\/wp\/v2\/product_tag?post=3281"}],"curies":[{"name":"wp","href":"https:\/\/api.w.org\/{rel}","templated":true}]}}