{"id":3012,"date":"2023-07-31T16:39:52","date_gmt":"2023-07-31T08:39:52","guid":{"rendered":"https:\/\/www.qualitester.com\/?post_type=product&#038;p=3012"},"modified":"2025-01-07T17:06:31","modified_gmt":"2025-01-07T09:06:31","slug":"gelbo-flex-tester-astm-f392","status":"publish","type":"product","link":"https:\/\/www.qualitester.com\/pl\/produkt-2\/gelbo-flex-tester-astm-f392\/","title":{"rendered":"GFT Gelbo Flex Tester"},"content":{"rendered":"<p>The <strong>Gelbo Flex Tester<\/strong> jest niezb\u0119dnym narz\u0119dziem do oceny trwa\u0142o\u015bci elastycznych materia\u0142\u00f3w barierowych, takich jak folie, kompozyty i folie powlekaj\u0105ce. Urz\u0105dzenie to testuje zdolno\u015b\u0107 materia\u0142u do wytrzymywania powtarzaj\u0105cych si\u0119 napr\u0119\u017ce\u0144, co ma kluczowe znaczenie dla zapobiegania p\u0119kni\u0119ciom zgi\u0119ciowym i zapewnienia integralno\u015bci opakowania podczas dystrybucji. Odporno\u015b\u0107 na p\u0119kni\u0119cia gi\u0119tkie jest istotn\u0105 w\u0142a\u015bciwo\u015bci\u0105, poniewa\u017c minimalizuje ryzyko perforacji opakowania, zapewniaj\u0105c, \u017ce zawarto\u015b\u0107 pozostanie nienaruszona przez ca\u0142y cykl \u017cycia opakowania.<\/p>\n<h2>ASTM F392 - Wytrzyma\u0142o\u015b\u0107 na zginanie elastycznych materia\u0142\u00f3w barierowych<\/h2>\n<p><a href=\"https:\/\/www.astm.org\/f0392_f0392m-21.html\" target=\"_blank\" rel=\"noopener nofollow\"><strong>ASTM F392<\/strong><\/a> to standardowa specyfikacja, kt\u00f3ra przedstawia procedur\u0119 okre\u015blania <strong>Wytrzyma\u0142o\u015b\u0107 na zginanie<\/strong> elastycznych materia\u0142\u00f3w barierowych. Ta metoda testowa zosta\u0142a specjalnie zaprojektowana do oceny zdolno\u015bci materia\u0142\u00f3w, takich jak folie i pow\u0142oki, do wytrzymywania wielokrotnego zginania, skr\u0119cania i wyginania pod wp\u0142ywem napr\u0119\u017ce\u0144, symuluj\u0105c rzeczywiste warunki podczas transportu i przenoszenia. Test polega na poddaniu pr\u00f3bki serii ruch\u00f3w zginaj\u0105cych i okre\u015bleniu zdolno\u015bci materia\u0142u do wytrzymania tych napr\u0119\u017ce\u0144 bez powstawania dziur lub p\u0119kni\u0119\u0107.<\/p>\n<h2>Standardowa procedura kondycjonowania elastycznych materia\u0142\u00f3w barierowych za pomoc\u0105 test\u00f3w wytrzyma\u0142o\u015bci na zginanie<\/h2>\n<p>The <strong>Gelbo Flex Tester<\/strong> przestrzega procedur testowych okre\u015blonych w <strong>ASTM F392<\/strong> dla <strong>Testy wytrzyma\u0142o\u015bci na zginanie<\/strong>. Proces obejmuje monta\u017c pr\u00f3bki o wymiarach 200 mm na 280 mm na trzpieniach testowych. Pr\u00f3bka jest nast\u0119pnie poddawana zar\u00f3wno ruchom skr\u0119caj\u0105cym, jak i poziomym ruchom \u015bciskaj\u0105cym, zaprojektowanym w celu symulacji napr\u0119\u017ce\u0144, jakim poddawane s\u0105 materia\u0142y opakowaniowe podczas dystrybucji. W szczeg\u00f3lno\u015bci system inicjuje skr\u0119canie, kt\u00f3re obejmuje 440\u00b0 w ci\u0105gu pierwszych 90 mm skoku, a nast\u0119pnie poziome \u015bciskanie o d\u0142ugo\u015bci 65 mm.<\/p>\n<div class=\"ast-oembed-container\" style=\"height: 100%;\"><iframe title=\"Gelbo Flex Tester ASTM F392\" width=\"500\" height=\"281\" src=\"https:\/\/www.youtube.com\/embed\/n2u7WCjVRTk?feature=oembed\" frameborder=\"0\" allow=\"accelerometer; autoplay; clipboard-write; encrypted-media; gyroscope; picture-in-picture; web-share\" referrerpolicy=\"strict-origin-when-cross-origin\" allowfullscreen><\/iframe><\/div>\n<p>Test jest przeprowadzany z pr\u0119dko\u015bci\u0105 <strong>45 cykli na minut\u0119<\/strong> z pi\u0119cioma zaprogramowanymi trybami testowymi:<\/p>\n<ul>\n<li><strong>Tryb A<\/strong>: Pe\u0142ny flex przez 1 godzin\u0119 (2700 cykli)<\/li>\n<li><strong>Tryb B<\/strong>: Pe\u0142ny flex przez 20 minut (900 cykli)<\/li>\n<li><strong>Tryb C<\/strong>: Pe\u0142ny flex przez 6 minut (270 cykli)<\/li>\n<li><strong>Tryb D<\/strong>: Pe\u0142ny flex przez 20 cykli<\/li>\n<li><strong>Tryb E<\/strong>: Cz\u0119\u015bciowy flex przez 20 cykli<\/li>\n<\/ul>\n<p>Ten elastyczny proces testowania pozwala u\u017cytkownikom symulowa\u0107 r\u00f3\u017cne rzeczywiste scenariusze napr\u0119\u017ce\u0144, umo\u017cliwiaj\u0105c precyzyjn\u0105 ocen\u0119 odporno\u015bci na p\u0119kni\u0119cia elastyczne.<\/p>\n<h2>W\u0142a\u015bciwo\u015bci techniczne Gelbo Flex Tester<\/h2>\n<ul>\n<li><strong>Sterowanie PLC<\/strong>: Gelbo Flex Tester jest wyposa\u017cony w <strong>Sterowanie PLC<\/strong> do sp\u00f3jnego, zautomatyzowanego testowania.<\/li>\n<li><strong>Intuicyjny interfejs ekranu dotykowego HMI<\/strong>: Przyjazny dla u\u017cytkownika interfejs u\u0142atwia monitorowanie i kontrolowanie parametr\u00f3w testowania.<\/li>\n<li><strong>Pi\u0119\u0107 standardowych tryb\u00f3w testowych<\/strong>: System oferuje elastyczno\u015b\u0107 dzi\u0119ki pi\u0119ciu wst\u0119pnie zaprogramowanym trybom, umo\u017cliwiaj\u0105c u\u017cytkownikom wyb\u00f3r idealnych warunk\u00f3w testowych dla ich materia\u0142\u00f3w.<\/li>\n<li><strong>Wiele stacji testowych<\/strong>: Tester posiada od 3 do 4 stacji do jednoczesnego testowania, co zwi\u0119ksza wydajno\u015b\u0107 testowania du\u017cych ilo\u015bci materia\u0142\u00f3w.<\/li>\n<li><strong>Szybkie prze\u0142\u0105czanie tryb\u00f3w<\/strong>: \u0141atwe prze\u0142\u0105czanie mi\u0119dzy trybami d\u0142ugiego i kr\u00f3tkiego skoku, zapewniaj\u0105ce konfigurowalne warunki testowania.<\/li>\n<li><strong>Mikrodrukarka do wyprowadzania danych<\/strong>: Wbudowana mikrodrukarka umo\u017cliwia wygodne drukowanie wynik\u00f3w test\u00f3w, zapewniaj\u0105c dok\u0142adno\u015b\u0107 i identyfikowalno\u015b\u0107 danych.<\/li>\n<\/ul>\n<h2>Obszary zastosowa\u0144 elastycznego testera trwa\u0142o\u015bci<\/h2>\n<p>Tester wytrzyma\u0142o\u015bci Flex jest szeroko stosowany w bran\u017cach, w kt\u00f3rych materia\u0142y opakowaniowe s\u0105 poddawane powtarzalnym napr\u0119\u017ceniom podczas transportu i przenoszenia. Nale\u017c\u0105 do nich:<\/p>\n<ul>\n<li><strong>Opakowanie<\/strong>: <em><span style=\"text-decoration: underline;\"><strong>Elastyczne folie<\/strong><\/span><\/em> i laminaty stosowane w \u017cywno\u015bci, napojach, farmaceutykach i produktach medycznych.<\/li>\n<li><strong>Opakowania na urz\u0105dzenia medyczne<\/strong>: Zapewnienie trwa\u0142o\u015bci <em><span style=\"text-decoration: underline;\"><strong>materia\u0142y opakowaniowe<\/strong><\/span><\/em> u\u017cywany do sterylnych urz\u0105dze\u0144 medycznych.<\/li>\n<li><strong>Farmaceutyki<\/strong>: Testowanie <em><span style=\"text-decoration: underline;\"><strong>materia\u0142y barierowe<\/strong><\/span><\/em> kt\u00f3re chroni\u0105 wra\u017cliwe leki i produkty lecznicze.<\/li>\n<li><strong>\u017bywno\u015b\u0107 i napoje<\/strong>: <strong><em><span style=\"text-decoration: underline;\">Materia\u0142y opakowaniowe<\/span><\/em><\/strong> zaprojektowane w celu utrzymania \u015bwie\u017co\u015bci i integralno\u015bci produkt\u00f3w spo\u017cywczych.<\/li>\n<\/ul>\n<h2>G\u0142\u00f3wne parametry testera Gelbo Flex<\/h2>\n<table>\n<tbody>\n<tr>\n<td width=\"132\">Cz\u0119stotliwo\u015b\u0107 Flex<\/td>\n<td width=\"228\">45 \/minut\u0119<\/td>\n<\/tr>\n<tr>\n<td width=\"132\">K\u0105t gi\u0119cia<\/td>\n<td width=\"228\">440\u00b0 (90 mm) lub 400\u00b0 (80 mm)<\/td>\n<\/tr>\n<tr>\n<td width=\"132\">Pojemno\u015b\u0107<\/td>\n<td width=\"228\">3,5 N.m<\/td>\n<\/tr>\n<tr>\n<td width=\"132\">Skok poziomy<\/td>\n<td width=\"228\">155 mm lub 80 mm<\/td>\n<\/tr>\n<tr>\n<td width=\"132\">Stacje<\/td>\n<td width=\"228\">3\/4<\/td>\n<\/tr>\n<tr>\n<td width=\"132\">Wielko\u015b\u0107 pr\u00f3by<\/td>\n<td width=\"228\">280 mm x 200 mm<\/td>\n<\/tr>\n<tr>\n<td width=\"132\">Moc<\/td>\n<td width=\"228\">110~220V<\/td>\n<\/tr>\n<\/tbody>\n<\/table>\n<h2>Dostosowanie i specjalne wymagania testowe<\/h2>\n<p>Cell Instruments specjalizuje si\u0119 w dostosowywaniu sprz\u0119tu testuj\u0105cego do specyficznych potrzeb testowania materia\u0142\u00f3w. The <strong>Gelbo Flex Tester<\/strong> mo\u017cna dostosowa\u0107 do szerokiego zakresu elastycznych wymaga\u0144 dotycz\u0105cych testowania materia\u0142\u00f3w, oferuj\u0105c rozwi\u0105zania zar\u00f3wno dla standardowych, jak i unikalnych warunk\u00f3w testowych. (Takie jak procedury testowe i oprzyrz\u0105dowanie do pr\u00f3bek)<\/p>\n<h2>FAQ<\/h2>\n<ol>\n<li><strong>Jakie materia\u0142y mo\u017cna testowa\u0107 za pomoc\u0105 Gelbo Flex Tester?<\/strong><br \/>\nGelbo Flex Tester jest idealny do testowania elastycznych materia\u0142\u00f3w barierowych, takich jak folie, kompozyty i folie powlekaj\u0105ce stosowane w opakowaniach, urz\u0105dzeniach medycznych, produktach spo\u017cywczych i innych.<\/li>\n<li><strong>Co to jest <a href=\"https:\/\/www.qualitester.com\/pl\/kategoria-produktu\/astm\/astm-f392\/\">ASTM F392<\/a>, i dlaczego jest to wa\u017cne dla test\u00f3w?<\/strong><br \/>\nASTM F392 to standardowa specyfikacja do testowania wytrzyma\u0142o\u015bci elastycznych materia\u0142\u00f3w. Pomaga ona zapewni\u0107, \u017ce materia\u0142y opakowaniowe mog\u0105 wytrzyma\u0107 powtarzaj\u0105ce si\u0119 napr\u0119\u017cenia podczas dystrybucji, zmniejszaj\u0105c ryzyko perforacji lub uszkodzenia.<\/li>\n<li><strong>Czy Gelbo Flex Tester mo\u017cna dostosowa\u0107 do konkretnych potrzeb testowych?<\/strong><br \/>\nTak, Cell Instruments oferuje opcje dostosowywania, aby dostosowa\u0107 Gelbo Flex Tester do unikalnych wymaga\u0144 testowych w r\u00f3\u017cnych bran\u017cach.<\/li>\n<li><strong>W jaki spos\u00f3b Gelbo Flex Tester symuluje rzeczywiste obci\u0105\u017cenia opakowania?<\/strong><br \/>\nTester wykorzystuje kombinacj\u0119 ruch\u00f3w skr\u0119cania i \u015bciskania poziomego, aby odtworzy\u0107 powtarzaj\u0105ce si\u0119 napr\u0119\u017cenia, kt\u00f3rych materia\u0142y opakowaniowe do\u015bwiadczaj\u0105 podczas transportu i przenoszenia.<\/li>\n<\/ol>","protected":false},"excerpt":{"rendered":"<p>The <strong>Gelbo Flex Tester<\/strong> jest niezb\u0119dnym narz\u0119dziem do oceny trwa\u0142o\u015bci elastycznych materia\u0142\u00f3w barierowych, takich jak folie, kompozyty i folie powlekaj\u0105ce. Urz\u0105dzenie to testuje zdolno\u015b\u0107 materia\u0142u do wytrzymywania powtarzaj\u0105cych si\u0119 napr\u0119\u017ce\u0144, co ma kluczowe znaczenie dla zapobiegania p\u0119kni\u0119ciom zgi\u0119ciowym i zapewnienia integralno\u015bci opakowania podczas dystrybucji. Odporno\u015b\u0107 na p\u0119kni\u0119cia gi\u0119tkie jest istotn\u0105 w\u0142a\u015bciwo\u015bci\u0105, poniewa\u017c minimalizuje ryzyko perforacji opakowania, zapewniaj\u0105c, \u017ce zawarto\u015b\u0107 pozostanie nienaruszona przez ca\u0142y cykl \u017cycia opakowania.<\/p>","protected":false},"featured_media":5873,"comment_status":"closed","ping_status":"closed","template":"","meta":{"site-sidebar-layout":"default","site-content-layout":"default","ast-global-header-display":"","ast-main-header-display":"","ast-hfb-above-header-display":"","ast-hfb-below-header-display":"","ast-hfb-mobile-header-display":"","site-post-title":"disabled","ast-breadcrumbs-content":"","ast-featured-img":"disabled","footer-sml-layout":"","theme-transparent-header-meta":"default","adv-header-id-meta":"","stick-header-meta":"","header-above-stick-meta":"","header-main-stick-meta":"","header-below-stick-meta":""},"product_cat":[845,977,149,16,107,95],"product_tag":[1174,1175],"class_list":{"0":"post-3012","1":"product","2":"type-product","3":"status-publish","4":"has-post-thumbnail","6":"product_cat-customization","7":"product_cat-gelbo-flex-tester","8":"product_cat-pharma-and-medical-testers","9":"product_cat-plastic-packaging-testers","10":"product_cat-astm-f392","11":"product_cat-products","12":"product_tag-flex-durability-tester","13":"product_tag-gelbo-flex-tester","14":"desktop-align-left","15":"tablet-align-left","16":"mobile-align-left","18":"first","19":"instock","20":"shipping-taxable","21":"product-type-simple"},"_links":{"self":[{"href":"https:\/\/www.qualitester.com\/pl\/wp-json\/wp\/v2\/product\/3012","targetHints":{"allow":["GET"]}}],"collection":[{"href":"https:\/\/www.qualitester.com\/pl\/wp-json\/wp\/v2\/product"}],"about":[{"href":"https:\/\/www.qualitester.com\/pl\/wp-json\/wp\/v2\/types\/product"}],"replies":[{"embeddable":true,"href":"https:\/\/www.qualitester.com\/pl\/wp-json\/wp\/v2\/comments?post=3012"}],"version-history":[{"count":0,"href":"https:\/\/www.qualitester.com\/pl\/wp-json\/wp\/v2\/product\/3012\/revisions"}],"wp:featuredmedia":[{"embeddable":true,"href":"https:\/\/www.qualitester.com\/pl\/wp-json\/wp\/v2\/media\/5873"}],"wp:attachment":[{"href":"https:\/\/www.qualitester.com\/pl\/wp-json\/wp\/v2\/media?parent=3012"}],"wp:term":[{"taxonomy":"product_cat","embeddable":true,"href":"https:\/\/www.qualitester.com\/pl\/wp-json\/wp\/v2\/product_cat?post=3012"},{"taxonomy":"product_tag","embeddable":true,"href":"https:\/\/www.qualitester.com\/pl\/wp-json\/wp\/v2\/product_tag?post=3012"}],"curies":[{"name":"wp","href":"https:\/\/api.w.org\/{rel}","templated":true}]}}